{"id":6303,"date":"2018-10-23T19:05:28","date_gmt":"2018-10-23T17:05:28","guid":{"rendered":"https:\/\/hartico.ee\/?post_type=product&#038;p=6303"},"modified":"2023-10-19T09:44:54","modified_gmt":"2023-10-19T07:44:54","slug":"expresso-aluminium-sack-truck-28481121-adjustable-handle-click4-cilp","status":"publish","type":"product","link":"https:\/\/hartico.ee\/ru\/product\/expresso-aluminium-sack-truck-28481121-adjustable-handle-click4-cilp\/","title":{"rendered":"EXPRESSO Aluminium Sack Truck 28481121 with adjustable handle Click4-Clip"},"content":{"rendered":"<div id=\"gt-c\" class=\"g-section\">\n<div id=\"gt-form-c\">\n<form id=\"gt-form\" action=\"\/\" enctype=\"application\/x-www-form-urlencoded\" method=\"post\" name=\"text_form\">\n<div id=\"gt-text-all\">\n<div id=\"gt-main\">\n<div id=\"gt-text-c\">\n<div id=\"gt-text-top\">\n<div id=\"gt-res-c\" class=\"g-unit\">\n<div id=\"gt-res-p\">\n<div id=\"gt-res-data\">\n<div id=\"gt-res-wrap\">\n<div id=\"gt-res-content\">\n<div id=\"gt-c\" class=\"g-section\">\n<div id=\"gt-form-c\">\n<div id=\"gt-text-all\">\n<div id=\"gt-main\">\n<div id=\"gt-text-c\">\n<div id=\"gt-text-top\">\n<div id=\"gt-res-c\" class=\"g-unit\">\n<div id=\"gt-res-p\">\n<div id=\"gt-res-data\">\n<div id=\"gt-res-wrap\">\n<div id=\"gt-res-content\">\n<h4 dir=\"ltr\">Adjustable handle Clic4-cilp<\/h4>\n<h4 id=\"gt-res-dir-ctr\" class=\"trans-verified-button-small\" dir=\"ltr\"><span id=\"result_box\" lang=\"en\"><span title=\"Alu-Ellipsenrohr aus hochfester Spezial-Legierung \">Aluminum elliptical tube made of high-strength special alloy<br \/>\n<\/span><\/span><\/h4>\n<p class=\"trans-verified-button-small\" dir=\"ltr\"><span id=\"result_box\" lang=\"en\"><span title=\"Gestell aus Aluminium-Ellipsenrohr aus hochfester Spezial-Legierung f\u00fcr Top-Stabilit\u00e4t und Belastbarkeit;\">Frame made of aluminum elliptical tube made of high-strength special alloy for top stability and load capacity; <\/span><span title=\"im Hauptbelastungsbereich verst\u00e4rkt \u2013 50 % leichter als Stahl. \">reinforced in the main load range &#8212; 50% lighter than steel.<\/span><\/span><\/p>\n<h4 class=\"trans-verified-button-small\" dir=\"ltr\"><span id=\"result_box\" lang=\"en\"><span title=\"Sicherheitshandgriffe \">Safety handles<\/span><\/span><\/h4>\n<div class=\"trans-verified-button-small\" dir=\"ltr\"><span id=\"result_box\" lang=\"en\"><span title=\"Sicherheitshandgriffe sch\u00fctzen die H\u00e4nde beim Fahren durch enge G\u00e4nge und beim Rangieren zwischen Fahrzeugen.\">Safety handles protect hands when driving through narrow aisles and when maneuvering between vehicles. <\/span><span title=\"Die Griffe gehen ohne Zuhilfenahme von Klebern oder st\u00f6renden Schrauben eine dauerhaft feste Verbindung mit dem Griffrohr ein. \">The handles enter into a permanently fixed connection with the handle tube without the aid of adhesives or disruptive screws.<\/span><\/span><\/div>\n<h4 class=\"trans-verified-button-small\" dir=\"ltr\"><span id=\"result_box\" lang=\"en\"><span title=\"Glasfaserverst\u00e4rkte, gebogene Querverbindung \">Glass fiber reinforced, curved cross connection<\/span><\/span><\/h4>\n<div class=\"trans-verified-button-small\" dir=\"ltr\"><span id=\"result_box\" lang=\"en\"><span title=\"Hoher Sicherheitsstandard durch formschl\u00fcssige Verbindung zum Holm aus Spezial-Legierung.\">High safety standard due to positive connection to the spar made of special alloy. <\/span><span title=\"Die obere Querstrebe dient als Handgriff, z.B.\">The upper crossbar serves as a handle, e.g. <\/span><span title=\"f\u00fcr den Transport \u00fcber Treppen. \">for transport over stairs.<\/span><\/span><\/div>\n<h4 class=\"trans-verified-button-small\" dir=\"ltr\"><span id=\"result_box\" lang=\"en\"><span title=\"Rutschkufen \">Skids<\/span><\/span><\/h4>\n<div class=\"trans-verified-button-small\" dir=\"ltr\"><span id=\"result_box\" lang=\"en\"><span title=\"Die Rutschkufen erm\u00f6glichen einen praktischen und sicheren Transport von Kisten und K\u00e4sten \u00fcber Treppenstufen.\">The skids enable a practical and safe transport of boxes and boxes via steps. <\/span><span title=\"Die Profile der Kufen haben zum Schutz der Konstruktion eine integrierte, rote Verschlei\u00dfanzeige.\">The profiles of the skids have an integrated, red wear indicator to protect the construction. <\/span><span title=\"Sie lassen sich dank des Klammersystems blitzschnell austauschen. \">They can be exchanged with lightning speed thanks to the clamp system.<br \/>\n<\/span><\/span><\/div>\n<h4 class=\"trans-verified-button-small\" dir=\"ltr\"><span id=\"result_box\" lang=\"en\"><span title=\"Gebogene Achse \">Curved axis<br \/>\n<\/span><\/span><\/h4>\n<p class=\"trans-verified-button-small\" dir=\"ltr\"><span id=\"result_box\" lang=\"en\"><span title=\"Die gebogene Form der Achse erleichtert das Ankippen auch bei schwerer Beladung und verhindert ein Abrutschen des Fu\u00dfes.\">The curved shape of the axle facilitates tilting even with heavy loads and prevents the foot from slipping off. <\/span><span title=\"Die gebogene Achse ist serienm\u00e4\u00dfig bei allen R\u00e4dern mit einem Durchmesser von 260 mm montiert. \">The curved axle is fitted as standard on all wheels with a diameter of 260 mm.<br \/>\n<\/span><\/span><\/p>\n<h4 class=\"trans-verified-button-small\" dir=\"ltr\"><span id=\"result_box\" lang=\"en\"><span title=\"Die gebogene Achse ist serienm\u00e4\u00dfig bei allen R\u00e4dern mit einem Durchmesser von 260 mm montiert. \">W<\/span><span title=\"Radschutz \">heel guard<br \/>\n<\/span><\/span><\/h4>\n<div class=\"trans-verified-button-small\" dir=\"ltr\"><span id=\"result_box\" lang=\"en\"><span title=\"Der Radschutz aus EXLAN-Kunststoff vermeidet Besch\u00e4digungen und Verschmutzungen an empfindlichen Ladeg\u00fctern.\">The wheel guard made of EXLAN plastic avoids damage and dirt on sensitive loads.<\/span><\/span><\/div>\n<\/div>\n<\/div>\n<\/div>\n<\/div>\n<\/div>\n<\/div>\n<\/div>\n<\/div>\n<\/div>\n<\/div>\n<\/div>\n<\/div>\n<\/div>\n<\/div>\n<\/div>\n<\/div>\n<\/div>\n<\/div>\n<\/div>\n<\/div>\n<\/form>\n<\/div>\n<\/div>\n","protected":false},"excerpt":{"rendered":"<p><img loading=\"lazy\" decoding=\"async\" class=\"alignnone size-medium wp-image-6277\" src=\"https:\/\/hartico.ee\/wp-content\/uploads\/2018\/10\/284-811-21_frei_GriffeCollage-153x300.jpg\" alt=\"\" width=\"153\" height=\"300\" srcset=\"https:\/\/hartico.ee\/wp-content\/uploads\/2018\/10\/284-811-21_frei_GriffeCollage-153x300.jpg 153w, https:\/\/hartico.ee\/wp-content\/uploads\/2018\/10\/284-811-21_frei_GriffeCollage-300x590.jpg 300w, https:\/\/hartico.ee\/wp-content\/uploads\/2018\/10\/284-811-21_frei_GriffeCollage-356x700.jpg 356w, https:\/\/hartico.ee\/wp-content\/uploads\/2018\/10\/284-811-21_frei_GriffeCollage.jpg 361w\" sizes=\"auto, (max-width: 153px) 100vw, 153px\" \/><\/p>\n","protected":false},"featured_media":20853,"template":"","meta":{"_acf_changed":false,"inline_featured_image":false},"product_brand":[],"product_cat":[889],"product_tag":[932],"class_list":{"0":"post-6303","1":"product","2":"type-product","3":"status-publish","4":"has-post-thumbnail","6":"product_cat-rasprodazha-20-50-70","7":"product_tag-expresso-de-ru","9":"first","10":"instock","11":"sale","12":"taxable","13":"shipping-taxable","14":"purchasable","15":"product-type-simple"},"acf":[],"yoast_head":"<!-- This site is optimized with the Yoast SEO plugin v27.3 - https:\/\/yoast.com\/product\/yoast-seo-wordpress\/ -->\n<title>Expresso Aluminium Sack Truck 28481121 - Adjustable handle Click4-cilp<\/title>\n<meta name=\"description\" content=\"Expresso Aluminium Sack Truck 28481121 - Adjustable handle Click4-cilp Expresso frame made of aluminum elliptical tube made of high-strength...\" \/>\n<meta name=\"robots\" content=\"index, follow, max-snippet:-1, max-image-preview:large, max-video-preview:-1\" \/>\n<link rel=\"canonical\" href=\"https:\/\/hartico.ee\/ru\/product\/expresso-aluminium-sack-truck-28481121-adjustable-handle-click4-cilp\/\" \/>\n<meta property=\"og:locale\" content=\"ru_RU\" \/>\n<meta property=\"og:type\" content=\"article\" \/>\n<meta property=\"og:title\" content=\"Expresso Aluminium Sack Truck 28481121 - Adjustable handle Click4-cilp\" \/>\n<meta property=\"og:description\" content=\"Expresso Aluminium Sack Truck 28481121 - Adjustable handle Click4-cilp Expresso frame made of aluminum elliptical tube made of high-strength...\" \/>\n<meta property=\"og:url\" content=\"https:\/\/hartico.ee\/ru\/product\/expresso-aluminium-sack-truck-28481121-adjustable-handle-click4-cilp\/\" \/>\n<meta property=\"og:site_name\" content=\"Hartico\" \/>\n<meta property=\"article:publisher\" content=\"https:\/\/www.facebook.com\/SANOTransportgeraeteBaltics\/\" \/>\n<meta property=\"article:modified_time\" content=\"2023-10-19T07:44:54+00:00\" \/>\n<meta property=\"og:image\" content=\"https:\/\/hartico.ee\/wp-content\/uploads\/2018\/10\/Expresso-28481121-.jpg\" \/>\n\t<meta property=\"og:image:width\" content=\"481\" \/>\n\t<meta property=\"og:image:height\" content=\"506\" \/>\n\t<meta property=\"og:image:type\" content=\"image\/jpeg\" \/>\n<meta name=\"twitter:card\" content=\"summary_large_image\" \/>\n<meta name=\"twitter:label1\" content=\"\u041f\u0440\u0438\u043c\u0435\u0440\u043d\u043e\u0435 \u0432\u0440\u0435\u043c\u044f \u0434\u043b\u044f \u0447\u0442\u0435\u043d\u0438\u044f\" \/>\n\t<meta name=\"twitter:data1\" content=\"1 \u043c\u0438\u043d\u0443\u0442\u0430\" \/>\n<script type=\"application\/ld+json\" class=\"yoast-schema-graph\">{\"@context\":\"https:\\\/\\\/schema.org\",\"@graph\":[{\"@type\":\"WebPage\",\"@id\":\"https:\\\/\\\/hartico.ee\\\/ru\\\/product\\\/expresso-aluminium-sack-truck-28481121-adjustable-handle-click4-cilp\\\/\",\"url\":\"https:\\\/\\\/hartico.ee\\\/ru\\\/product\\\/expresso-aluminium-sack-truck-28481121-adjustable-handle-click4-cilp\\\/\",\"name\":\"Expresso Aluminium Sack Truck 28481121 - Adjustable handle Click4-cilp\",\"isPartOf\":{\"@id\":\"https:\\\/\\\/hartico.ee\\\/ru\\\/#website\"},\"primaryImageOfPage\":{\"@id\":\"https:\\\/\\\/hartico.ee\\\/ru\\\/product\\\/expresso-aluminium-sack-truck-28481121-adjustable-handle-click4-cilp\\\/#primaryimage\"},\"image\":{\"@id\":\"https:\\\/\\\/hartico.ee\\\/ru\\\/product\\\/expresso-aluminium-sack-truck-28481121-adjustable-handle-click4-cilp\\\/#primaryimage\"},\"thumbnailUrl\":\"https:\\\/\\\/hartico.ee\\\/wp-content\\\/uploads\\\/2018\\\/10\\\/Expresso-28481121-.jpg\",\"datePublished\":\"2018-10-23T17:05:28+00:00\",\"dateModified\":\"2023-10-19T07:44:54+00:00\",\"description\":\"Expresso Aluminium Sack Truck 28481121 - Adjustable handle Click4-cilp Expresso frame made of aluminum elliptical tube made of high-strength...\",\"breadcrumb\":{\"@id\":\"https:\\\/\\\/hartico.ee\\\/ru\\\/product\\\/expresso-aluminium-sack-truck-28481121-adjustable-handle-click4-cilp\\\/#breadcrumb\"},\"inLanguage\":\"ru-RU\",\"potentialAction\":[{\"@type\":\"ReadAction\",\"target\":[\"https:\\\/\\\/hartico.ee\\\/ru\\\/product\\\/expresso-aluminium-sack-truck-28481121-adjustable-handle-click4-cilp\\\/\"]}]},{\"@type\":\"ImageObject\",\"inLanguage\":\"ru-RU\",\"@id\":\"https:\\\/\\\/hartico.ee\\\/ru\\\/product\\\/expresso-aluminium-sack-truck-28481121-adjustable-handle-click4-cilp\\\/#primaryimage\",\"url\":\"https:\\\/\\\/hartico.ee\\\/wp-content\\\/uploads\\\/2018\\\/10\\\/Expresso-28481121-.jpg\",\"contentUrl\":\"https:\\\/\\\/hartico.ee\\\/wp-content\\\/uploads\\\/2018\\\/10\\\/Expresso-28481121-.jpg\",\"width\":481,\"height\":506},{\"@type\":\"BreadcrumbList\",\"@id\":\"https:\\\/\\\/hartico.ee\\\/ru\\\/product\\\/expresso-aluminium-sack-truck-28481121-adjustable-handle-click4-cilp\\\/#breadcrumb\",\"itemListElement\":[{\"@type\":\"ListItem\",\"position\":1,\"name\":\"Esileht\",\"item\":\"https:\\\/\\\/hartico.ee\\\/ru\\\/\"},{\"@type\":\"ListItem\",\"position\":2,\"name\":\"\u0422\u043e\u0432\u0430\u0440\u044b\",\"item\":\"https:\\\/\\\/hartico.ee\\\/ru\\\/shop\\\/\"},{\"@type\":\"ListItem\",\"position\":3,\"name\":\"EXPRESSO Aluminium Sack Truck 28481121 with adjustable handle Click4-Clip\"}]},{\"@type\":\"WebSite\",\"@id\":\"https:\\\/\\\/hartico.ee\\\/ru\\\/#website\",\"url\":\"https:\\\/\\\/hartico.ee\\\/ru\\\/\",\"name\":\"Hartico\",\"description\":\"Lifting and moving systems LIFTKAR, Xetto, Expresso\",\"publisher\":{\"@id\":\"https:\\\/\\\/hartico.ee\\\/ru\\\/#organization\"},\"potentialAction\":[{\"@type\":\"SearchAction\",\"target\":{\"@type\":\"EntryPoint\",\"urlTemplate\":\"https:\\\/\\\/hartico.ee\\\/ru\\\/?s={search_term_string}\"},\"query-input\":{\"@type\":\"PropertyValueSpecification\",\"valueRequired\":true,\"valueName\":\"search_term_string\"}}],\"inLanguage\":\"ru-RU\"},{\"@type\":\"Organization\",\"@id\":\"https:\\\/\\\/hartico.ee\\\/ru\\\/#organization\",\"name\":\"Hartico\",\"url\":\"https:\\\/\\\/hartico.ee\\\/ru\\\/\",\"logo\":{\"@type\":\"ImageObject\",\"inLanguage\":\"ru-RU\",\"@id\":\"https:\\\/\\\/hartico.ee\\\/ru\\\/#\\\/schema\\\/logo\\\/image\\\/\",\"url\":\"https:\\\/\\\/hartico.ee\\\/wp-content\\\/uploads\\\/2018\\\/11\\\/hartico_logo_with_slogan_onecolor.svg\",\"contentUrl\":\"https:\\\/\\\/hartico.ee\\\/wp-content\\\/uploads\\\/2018\\\/11\\\/hartico_logo_with_slogan_onecolor.svg\",\"width\":424,\"height\":157,\"caption\":\"Hartico\"},\"image\":{\"@id\":\"https:\\\/\\\/hartico.ee\\\/ru\\\/#\\\/schema\\\/logo\\\/image\\\/\"},\"sameAs\":[\"https:\\\/\\\/www.facebook.com\\\/SANOTransportgeraeteBaltics\\\/\"]}]}<\/script>\n<!-- \/ Yoast SEO plugin. -->","yoast_head_json":{"title":"Expresso Aluminium Sack Truck 28481121 - Adjustable handle Click4-cilp","description":"Expresso Aluminium Sack Truck 28481121 - Adjustable handle Click4-cilp Expresso frame made of aluminum elliptical tube made of high-strength...","robots":{"index":"index","follow":"follow","max-snippet":"max-snippet:-1","max-image-preview":"max-image-preview:large","max-video-preview":"max-video-preview:-1"},"canonical":"https:\/\/hartico.ee\/ru\/product\/expresso-aluminium-sack-truck-28481121-adjustable-handle-click4-cilp\/","og_locale":"ru_RU","og_type":"article","og_title":"Expresso Aluminium Sack Truck 28481121 - Adjustable handle Click4-cilp","og_description":"Expresso Aluminium Sack Truck 28481121 - Adjustable handle Click4-cilp Expresso frame made of aluminum elliptical tube made of high-strength...","og_url":"https:\/\/hartico.ee\/ru\/product\/expresso-aluminium-sack-truck-28481121-adjustable-handle-click4-cilp\/","og_site_name":"Hartico","article_publisher":"https:\/\/www.facebook.com\/SANOTransportgeraeteBaltics\/","article_modified_time":"2023-10-19T07:44:54+00:00","og_image":[{"width":481,"height":506,"url":"https:\/\/hartico.ee\/wp-content\/uploads\/2018\/10\/Expresso-28481121-.jpg","type":"image\/jpeg"}],"twitter_card":"summary_large_image","twitter_misc":{"\u041f\u0440\u0438\u043c\u0435\u0440\u043d\u043e\u0435 \u0432\u0440\u0435\u043c\u044f \u0434\u043b\u044f \u0447\u0442\u0435\u043d\u0438\u044f":"1 \u043c\u0438\u043d\u0443\u0442\u0430"},"schema":{"@context":"https:\/\/schema.org","@graph":[{"@type":"WebPage","@id":"https:\/\/hartico.ee\/ru\/product\/expresso-aluminium-sack-truck-28481121-adjustable-handle-click4-cilp\/","url":"https:\/\/hartico.ee\/ru\/product\/expresso-aluminium-sack-truck-28481121-adjustable-handle-click4-cilp\/","name":"Expresso Aluminium Sack Truck 28481121 - Adjustable handle Click4-cilp","isPartOf":{"@id":"https:\/\/hartico.ee\/ru\/#website"},"primaryImageOfPage":{"@id":"https:\/\/hartico.ee\/ru\/product\/expresso-aluminium-sack-truck-28481121-adjustable-handle-click4-cilp\/#primaryimage"},"image":{"@id":"https:\/\/hartico.ee\/ru\/product\/expresso-aluminium-sack-truck-28481121-adjustable-handle-click4-cilp\/#primaryimage"},"thumbnailUrl":"https:\/\/hartico.ee\/wp-content\/uploads\/2018\/10\/Expresso-28481121-.jpg","datePublished":"2018-10-23T17:05:28+00:00","dateModified":"2023-10-19T07:44:54+00:00","description":"Expresso Aluminium Sack Truck 28481121 - Adjustable handle Click4-cilp Expresso frame made of aluminum elliptical tube made of high-strength...","breadcrumb":{"@id":"https:\/\/hartico.ee\/ru\/product\/expresso-aluminium-sack-truck-28481121-adjustable-handle-click4-cilp\/#breadcrumb"},"inLanguage":"ru-RU","potentialAction":[{"@type":"ReadAction","target":["https:\/\/hartico.ee\/ru\/product\/expresso-aluminium-sack-truck-28481121-adjustable-handle-click4-cilp\/"]}]},{"@type":"ImageObject","inLanguage":"ru-RU","@id":"https:\/\/hartico.ee\/ru\/product\/expresso-aluminium-sack-truck-28481121-adjustable-handle-click4-cilp\/#primaryimage","url":"https:\/\/hartico.ee\/wp-content\/uploads\/2018\/10\/Expresso-28481121-.jpg","contentUrl":"https:\/\/hartico.ee\/wp-content\/uploads\/2018\/10\/Expresso-28481121-.jpg","width":481,"height":506},{"@type":"BreadcrumbList","@id":"https:\/\/hartico.ee\/ru\/product\/expresso-aluminium-sack-truck-28481121-adjustable-handle-click4-cilp\/#breadcrumb","itemListElement":[{"@type":"ListItem","position":1,"name":"Esileht","item":"https:\/\/hartico.ee\/ru\/"},{"@type":"ListItem","position":2,"name":"\u0422\u043e\u0432\u0430\u0440\u044b","item":"https:\/\/hartico.ee\/ru\/shop\/"},{"@type":"ListItem","position":3,"name":"EXPRESSO Aluminium Sack Truck 28481121 with adjustable handle Click4-Clip"}]},{"@type":"WebSite","@id":"https:\/\/hartico.ee\/ru\/#website","url":"https:\/\/hartico.ee\/ru\/","name":"Hartico","description":"Lifting and moving systems LIFTKAR, Xetto, Expresso","publisher":{"@id":"https:\/\/hartico.ee\/ru\/#organization"},"potentialAction":[{"@type":"SearchAction","target":{"@type":"EntryPoint","urlTemplate":"https:\/\/hartico.ee\/ru\/?s={search_term_string}"},"query-input":{"@type":"PropertyValueSpecification","valueRequired":true,"valueName":"search_term_string"}}],"inLanguage":"ru-RU"},{"@type":"Organization","@id":"https:\/\/hartico.ee\/ru\/#organization","name":"Hartico","url":"https:\/\/hartico.ee\/ru\/","logo":{"@type":"ImageObject","inLanguage":"ru-RU","@id":"https:\/\/hartico.ee\/ru\/#\/schema\/logo\/image\/","url":"https:\/\/hartico.ee\/wp-content\/uploads\/2018\/11\/hartico_logo_with_slogan_onecolor.svg","contentUrl":"https:\/\/hartico.ee\/wp-content\/uploads\/2018\/11\/hartico_logo_with_slogan_onecolor.svg","width":424,"height":157,"caption":"Hartico"},"image":{"@id":"https:\/\/hartico.ee\/ru\/#\/schema\/logo\/image\/"},"sameAs":["https:\/\/www.facebook.com\/SANOTransportgeraeteBaltics\/"]}]}},"_links":{"self":[{"href":"https:\/\/hartico.ee\/ru\/wp-json\/wp\/v2\/product\/6303","targetHints":{"allow":["GET"]}}],"collection":[{"href":"https:\/\/hartico.ee\/ru\/wp-json\/wp\/v2\/product"}],"about":[{"href":"https:\/\/hartico.ee\/ru\/wp-json\/wp\/v2\/types\/product"}],"wp:featuredmedia":[{"embeddable":true,"href":"https:\/\/hartico.ee\/ru\/wp-json\/wp\/v2\/media\/20853"}],"wp:attachment":[{"href":"https:\/\/hartico.ee\/ru\/wp-json\/wp\/v2\/media?parent=6303"}],"wp:term":[{"taxonomy":"product_brand","embeddable":true,"href":"https:\/\/hartico.ee\/ru\/wp-json\/wp\/v2\/product_brand?post=6303"},{"taxonomy":"product_cat","embeddable":true,"href":"https:\/\/hartico.ee\/ru\/wp-json\/wp\/v2\/product_cat?post=6303"},{"taxonomy":"product_tag","embeddable":true,"href":"https:\/\/hartico.ee\/ru\/wp-json\/wp\/v2\/product_tag?post=6303"}],"curies":[{"name":"wp","href":"https:\/\/api.w.org\/{rel}","templated":true}]}}