{"id":3785,"date":"2015-06-15T10:31:11","date_gmt":"2015-06-15T08:31:11","guid":{"rendered":"http:\/\/hartico.path.ee\/?post_type=product&#038;p=3785"},"modified":"2017-02-17T10:29:20","modified_gmt":"2017-02-17T08:29:20","slug":"podemnaja-rutshkaja-teleshka-unikar-1300","status":"publish","type":"product","link":"https:\/\/hartico.ee\/ru\/product\/podemnaja-rutshkaja-teleshka-unikar-1300\/","title":{"rendered":"\u041f\u043e\u0434\u044a\u0435\u043c\u043d\u0430\u044f \u0440\u0443\u0447\u043d\u0430\u044f \u0442\u0435\u043b\u0435\u0436\u043a\u0430 Unikar 1300"},"content":{"rendered":"<p>Lifting heights<\/p>\n<p>The Unikar lifting hand truck is supplied with a lifting height of 1300 mm. Additional lifting heights of 1100 mm up to max. 1600 mm are available on request (intervals of 100 mm).<\/p>\n<p>Options:<\/p>\n<ul>\n<li>easy to operate<\/li>\n<li>highly manoeuvrable<\/li>\n<li>tubular construction for maximum strength<\/li>\n<li>at reduced weight (only 25 kg)<\/li>\n<li>200 mm diameter rear wheels enable loads<\/li>\n<li>to be transported across uneven floors and small steps<\/li>\n<li>parking brake on both rear wheels<\/li>\n<li>low-noise winch with safety crank handle<\/li>\n<li>galvanised finish suitable for clean environments<\/li>\n<li>50 mm wide load strap instead of steel cable or chain<\/li>\n<li>for maintenance-free, clean operation<\/li>\n<\/ul>\n","protected":false},"excerpt":{"rendered":"<p>Lifting heights The Unikar lifting hand truck is supplied with a lifting height of 1300 mm. Additional lifting heights of 1100 mm up to max. 1600 mm are available on request (intervals of 100 mm). Options: easy to operate highly manoeuvrable tubular construction for maximum strength at reduced weight (only 25 kg) 200 mm diameter [&hellip;]<\/p>\n","protected":false},"featured_media":5463,"template":"","meta":{"_acf_changed":false,"inline_featured_image":false},"product_brand":[],"product_cat":[52],"product_tag":[368],"class_list":{"0":"post-3785","1":"product","2":"type-product","3":"status-publish","4":"has-post-thumbnail","6":"product_cat-podemnaja-rucnaja-telezka-unikar-150","7":"product_tag-laokaru-ru","9":"first","10":"instock","11":"taxable","12":"shipping-taxable","13":"product-type-simple"},"acf":[],"yoast_head":"<!-- This site is optimized with the Yoast SEO plugin v27.3 - https:\/\/yoast.com\/product\/yoast-seo-wordpress\/ -->\n<title>\u041f\u043e\u0434\u044a\u0435\u043c\u043d\u0430\u044f \u0440\u0443\u0447\u043d\u0430\u044f \u0442\u0435\u043b\u0435\u0436\u043a\u0430 Unikar 1300<\/title>\n<meta name=\"description\" content=\"unikar, sano, sano baltic, hartico, lift, kauba lift, k\u00e4ru, laok\u00e4ru, kaubak\u00e4ru, kauba k\u00e4ru, kauba toustuk, kauba t\u00f5stuk\" \/>\n<meta name=\"robots\" content=\"index, follow, max-snippet:-1, max-image-preview:large, max-video-preview:-1\" \/>\n<link rel=\"canonical\" href=\"https:\/\/hartico.ee\/ru\/product\/podemnaja-rutshkaja-teleshka-unikar-1300\/\" \/>\n<meta property=\"og:locale\" content=\"ru_RU\" \/>\n<meta property=\"og:type\" content=\"article\" \/>\n<meta property=\"og:title\" content=\"\u041f\u043e\u0434\u044a\u0435\u043c\u043d\u0430\u044f \u0440\u0443\u0447\u043d\u0430\u044f \u0442\u0435\u043b\u0435\u0436\u043a\u0430 Unikar 1300\" \/>\n<meta property=\"og:description\" content=\"unikar, sano, sano baltic, hartico, lift, kauba lift, k\u00e4ru, laok\u00e4ru, kaubak\u00e4ru, kauba k\u00e4ru, kauba toustuk, kauba t\u00f5stuk\" \/>\n<meta property=\"og:url\" content=\"https:\/\/hartico.ee\/ru\/product\/podemnaja-rutshkaja-teleshka-unikar-1300\/\" \/>\n<meta property=\"og:site_name\" content=\"Hartico\" \/>\n<meta property=\"article:publisher\" content=\"https:\/\/www.facebook.com\/SANOTransportgeraeteBaltics\/\" \/>\n<meta property=\"article:modified_time\" content=\"2017-02-17T08:29:20+00:00\" \/>\n<meta property=\"og:image\" content=\"https:\/\/hartico.ee\/wp-content\/uploads\/2015\/06\/p-3769-Unikar-3-unikari--1.png\" \/>\n\t<meta property=\"og:image:width\" content=\"602\" \/>\n\t<meta property=\"og:image:height\" content=\"426\" \/>\n\t<meta property=\"og:image:type\" content=\"image\/jpeg\" \/>\n<meta name=\"twitter:card\" content=\"summary_large_image\" \/>\n<script type=\"application\/ld+json\" class=\"yoast-schema-graph\">{\"@context\":\"https:\\\/\\\/schema.org\",\"@graph\":[{\"@type\":\"WebPage\",\"@id\":\"https:\\\/\\\/hartico.ee\\\/ru\\\/product\\\/podemnaja-rutshkaja-teleshka-unikar-1300\\\/\",\"url\":\"https:\\\/\\\/hartico.ee\\\/ru\\\/product\\\/podemnaja-rutshkaja-teleshka-unikar-1300\\\/\",\"name\":\"\u041f\u043e\u0434\u044a\u0435\u043c\u043d\u0430\u044f \u0440\u0443\u0447\u043d\u0430\u044f \u0442\u0435\u043b\u0435\u0436\u043a\u0430 Unikar 1300\",\"isPartOf\":{\"@id\":\"https:\\\/\\\/hartico.ee\\\/ru\\\/#website\"},\"primaryImageOfPage\":{\"@id\":\"https:\\\/\\\/hartico.ee\\\/ru\\\/product\\\/podemnaja-rutshkaja-teleshka-unikar-1300\\\/#primaryimage\"},\"image\":{\"@id\":\"https:\\\/\\\/hartico.ee\\\/ru\\\/product\\\/podemnaja-rutshkaja-teleshka-unikar-1300\\\/#primaryimage\"},\"thumbnailUrl\":\"https:\\\/\\\/hartico.ee\\\/wp-content\\\/uploads\\\/2015\\\/06\\\/p-3769-Unikar-3-unikari--1.png\",\"datePublished\":\"2015-06-15T08:31:11+00:00\",\"dateModified\":\"2017-02-17T08:29:20+00:00\",\"description\":\"unikar, sano, sano baltic, hartico, lift, kauba lift, k\u00e4ru, laok\u00e4ru, kaubak\u00e4ru, kauba k\u00e4ru, kauba toustuk, kauba t\u00f5stuk\",\"breadcrumb\":{\"@id\":\"https:\\\/\\\/hartico.ee\\\/ru\\\/product\\\/podemnaja-rutshkaja-teleshka-unikar-1300\\\/#breadcrumb\"},\"inLanguage\":\"ru-RU\",\"potentialAction\":[{\"@type\":\"ReadAction\",\"target\":[\"https:\\\/\\\/hartico.ee\\\/ru\\\/product\\\/podemnaja-rutshkaja-teleshka-unikar-1300\\\/\"]}]},{\"@type\":\"ImageObject\",\"inLanguage\":\"ru-RU\",\"@id\":\"https:\\\/\\\/hartico.ee\\\/ru\\\/product\\\/podemnaja-rutshkaja-teleshka-unikar-1300\\\/#primaryimage\",\"url\":\"https:\\\/\\\/hartico.ee\\\/wp-content\\\/uploads\\\/2015\\\/06\\\/p-3769-Unikar-3-unikari--1.png\",\"contentUrl\":\"https:\\\/\\\/hartico.ee\\\/wp-content\\\/uploads\\\/2015\\\/06\\\/p-3769-Unikar-3-unikari--1.png\",\"width\":602,\"height\":426,\"caption\":\"\u041f\u043e\u0434\u044a\u0435\u043c\u043d\u0430\u044f \u0440\u0443\u0447\u043d\u0430\u044f \u0442\u0435\u043b\u0435\u0436\u043a\u0430 Unikar 1300\"},{\"@type\":\"BreadcrumbList\",\"@id\":\"https:\\\/\\\/hartico.ee\\\/ru\\\/product\\\/podemnaja-rutshkaja-teleshka-unikar-1300\\\/#breadcrumb\",\"itemListElement\":[{\"@type\":\"ListItem\",\"position\":1,\"name\":\"Esileht\",\"item\":\"https:\\\/\\\/hartico.ee\\\/ru\\\/\"},{\"@type\":\"ListItem\",\"position\":2,\"name\":\"\u0422\u043e\u0432\u0430\u0440\u044b\",\"item\":\"https:\\\/\\\/hartico.ee\\\/ru\\\/shop\\\/\"},{\"@type\":\"ListItem\",\"position\":3,\"name\":\"\u041f\u043e\u0434\u044a\u0435\u043c\u043d\u0430\u044f \u0440\u0443\u0447\u043d\u0430\u044f \u0442\u0435\u043b\u0435\u0436\u043a\u0430 Unikar 1300\"}]},{\"@type\":\"WebSite\",\"@id\":\"https:\\\/\\\/hartico.ee\\\/ru\\\/#website\",\"url\":\"https:\\\/\\\/hartico.ee\\\/ru\\\/\",\"name\":\"Hartico\",\"description\":\"Lifting and moving systems LIFTKAR, Xetto, Expresso\",\"publisher\":{\"@id\":\"https:\\\/\\\/hartico.ee\\\/ru\\\/#organization\"},\"potentialAction\":[{\"@type\":\"SearchAction\",\"target\":{\"@type\":\"EntryPoint\",\"urlTemplate\":\"https:\\\/\\\/hartico.ee\\\/ru\\\/?s={search_term_string}\"},\"query-input\":{\"@type\":\"PropertyValueSpecification\",\"valueRequired\":true,\"valueName\":\"search_term_string\"}}],\"inLanguage\":\"ru-RU\"},{\"@type\":\"Organization\",\"@id\":\"https:\\\/\\\/hartico.ee\\\/ru\\\/#organization\",\"name\":\"Hartico\",\"url\":\"https:\\\/\\\/hartico.ee\\\/ru\\\/\",\"logo\":{\"@type\":\"ImageObject\",\"inLanguage\":\"ru-RU\",\"@id\":\"https:\\\/\\\/hartico.ee\\\/ru\\\/#\\\/schema\\\/logo\\\/image\\\/\",\"url\":\"https:\\\/\\\/hartico.ee\\\/wp-content\\\/uploads\\\/2018\\\/11\\\/hartico_logo_with_slogan_onecolor.svg\",\"contentUrl\":\"https:\\\/\\\/hartico.ee\\\/wp-content\\\/uploads\\\/2018\\\/11\\\/hartico_logo_with_slogan_onecolor.svg\",\"width\":424,\"height\":157,\"caption\":\"Hartico\"},\"image\":{\"@id\":\"https:\\\/\\\/hartico.ee\\\/ru\\\/#\\\/schema\\\/logo\\\/image\\\/\"},\"sameAs\":[\"https:\\\/\\\/www.facebook.com\\\/SANOTransportgeraeteBaltics\\\/\"]}]}<\/script>\n<!-- \/ Yoast SEO plugin. -->","yoast_head_json":{"title":"\u041f\u043e\u0434\u044a\u0435\u043c\u043d\u0430\u044f \u0440\u0443\u0447\u043d\u0430\u044f \u0442\u0435\u043b\u0435\u0436\u043a\u0430 Unikar 1300","description":"unikar, sano, sano baltic, hartico, lift, kauba lift, k\u00e4ru, laok\u00e4ru, kaubak\u00e4ru, kauba k\u00e4ru, kauba toustuk, kauba t\u00f5stuk","robots":{"index":"index","follow":"follow","max-snippet":"max-snippet:-1","max-image-preview":"max-image-preview:large","max-video-preview":"max-video-preview:-1"},"canonical":"https:\/\/hartico.ee\/ru\/product\/podemnaja-rutshkaja-teleshka-unikar-1300\/","og_locale":"ru_RU","og_type":"article","og_title":"\u041f\u043e\u0434\u044a\u0435\u043c\u043d\u0430\u044f \u0440\u0443\u0447\u043d\u0430\u044f \u0442\u0435\u043b\u0435\u0436\u043a\u0430 Unikar 1300","og_description":"unikar, sano, sano baltic, hartico, lift, kauba lift, k\u00e4ru, laok\u00e4ru, kaubak\u00e4ru, kauba k\u00e4ru, kauba toustuk, kauba t\u00f5stuk","og_url":"https:\/\/hartico.ee\/ru\/product\/podemnaja-rutshkaja-teleshka-unikar-1300\/","og_site_name":"Hartico","article_publisher":"https:\/\/www.facebook.com\/SANOTransportgeraeteBaltics\/","article_modified_time":"2017-02-17T08:29:20+00:00","og_image":[{"width":602,"height":426,"url":"https:\/\/hartico.ee\/wp-content\/uploads\/2015\/06\/p-3769-Unikar-3-unikari--1.png","type":"image\/jpeg"}],"twitter_card":"summary_large_image","schema":{"@context":"https:\/\/schema.org","@graph":[{"@type":"WebPage","@id":"https:\/\/hartico.ee\/ru\/product\/podemnaja-rutshkaja-teleshka-unikar-1300\/","url":"https:\/\/hartico.ee\/ru\/product\/podemnaja-rutshkaja-teleshka-unikar-1300\/","name":"\u041f\u043e\u0434\u044a\u0435\u043c\u043d\u0430\u044f \u0440\u0443\u0447\u043d\u0430\u044f \u0442\u0435\u043b\u0435\u0436\u043a\u0430 Unikar 1300","isPartOf":{"@id":"https:\/\/hartico.ee\/ru\/#website"},"primaryImageOfPage":{"@id":"https:\/\/hartico.ee\/ru\/product\/podemnaja-rutshkaja-teleshka-unikar-1300\/#primaryimage"},"image":{"@id":"https:\/\/hartico.ee\/ru\/product\/podemnaja-rutshkaja-teleshka-unikar-1300\/#primaryimage"},"thumbnailUrl":"https:\/\/hartico.ee\/wp-content\/uploads\/2015\/06\/p-3769-Unikar-3-unikari--1.png","datePublished":"2015-06-15T08:31:11+00:00","dateModified":"2017-02-17T08:29:20+00:00","description":"unikar, sano, sano baltic, hartico, lift, kauba lift, k\u00e4ru, laok\u00e4ru, kaubak\u00e4ru, kauba k\u00e4ru, kauba toustuk, kauba t\u00f5stuk","breadcrumb":{"@id":"https:\/\/hartico.ee\/ru\/product\/podemnaja-rutshkaja-teleshka-unikar-1300\/#breadcrumb"},"inLanguage":"ru-RU","potentialAction":[{"@type":"ReadAction","target":["https:\/\/hartico.ee\/ru\/product\/podemnaja-rutshkaja-teleshka-unikar-1300\/"]}]},{"@type":"ImageObject","inLanguage":"ru-RU","@id":"https:\/\/hartico.ee\/ru\/product\/podemnaja-rutshkaja-teleshka-unikar-1300\/#primaryimage","url":"https:\/\/hartico.ee\/wp-content\/uploads\/2015\/06\/p-3769-Unikar-3-unikari--1.png","contentUrl":"https:\/\/hartico.ee\/wp-content\/uploads\/2015\/06\/p-3769-Unikar-3-unikari--1.png","width":602,"height":426,"caption":"\u041f\u043e\u0434\u044a\u0435\u043c\u043d\u0430\u044f \u0440\u0443\u0447\u043d\u0430\u044f \u0442\u0435\u043b\u0435\u0436\u043a\u0430 Unikar 1300"},{"@type":"BreadcrumbList","@id":"https:\/\/hartico.ee\/ru\/product\/podemnaja-rutshkaja-teleshka-unikar-1300\/#breadcrumb","itemListElement":[{"@type":"ListItem","position":1,"name":"Esileht","item":"https:\/\/hartico.ee\/ru\/"},{"@type":"ListItem","position":2,"name":"\u0422\u043e\u0432\u0430\u0440\u044b","item":"https:\/\/hartico.ee\/ru\/shop\/"},{"@type":"ListItem","position":3,"name":"\u041f\u043e\u0434\u044a\u0435\u043c\u043d\u0430\u044f \u0440\u0443\u0447\u043d\u0430\u044f \u0442\u0435\u043b\u0435\u0436\u043a\u0430 Unikar 1300"}]},{"@type":"WebSite","@id":"https:\/\/hartico.ee\/ru\/#website","url":"https:\/\/hartico.ee\/ru\/","name":"Hartico","description":"Lifting and moving systems LIFTKAR, Xetto, Expresso","publisher":{"@id":"https:\/\/hartico.ee\/ru\/#organization"},"potentialAction":[{"@type":"SearchAction","target":{"@type":"EntryPoint","urlTemplate":"https:\/\/hartico.ee\/ru\/?s={search_term_string}"},"query-input":{"@type":"PropertyValueSpecification","valueRequired":true,"valueName":"search_term_string"}}],"inLanguage":"ru-RU"},{"@type":"Organization","@id":"https:\/\/hartico.ee\/ru\/#organization","name":"Hartico","url":"https:\/\/hartico.ee\/ru\/","logo":{"@type":"ImageObject","inLanguage":"ru-RU","@id":"https:\/\/hartico.ee\/ru\/#\/schema\/logo\/image\/","url":"https:\/\/hartico.ee\/wp-content\/uploads\/2018\/11\/hartico_logo_with_slogan_onecolor.svg","contentUrl":"https:\/\/hartico.ee\/wp-content\/uploads\/2018\/11\/hartico_logo_with_slogan_onecolor.svg","width":424,"height":157,"caption":"Hartico"},"image":{"@id":"https:\/\/hartico.ee\/ru\/#\/schema\/logo\/image\/"},"sameAs":["https:\/\/www.facebook.com\/SANOTransportgeraeteBaltics\/"]}]}},"_links":{"self":[{"href":"https:\/\/hartico.ee\/ru\/wp-json\/wp\/v2\/product\/3785","targetHints":{"allow":["GET"]}}],"collection":[{"href":"https:\/\/hartico.ee\/ru\/wp-json\/wp\/v2\/product"}],"about":[{"href":"https:\/\/hartico.ee\/ru\/wp-json\/wp\/v2\/types\/product"}],"wp:featuredmedia":[{"embeddable":true,"href":"https:\/\/hartico.ee\/ru\/wp-json\/wp\/v2\/media\/5463"}],"wp:attachment":[{"href":"https:\/\/hartico.ee\/ru\/wp-json\/wp\/v2\/media?parent=3785"}],"wp:term":[{"taxonomy":"product_brand","embeddable":true,"href":"https:\/\/hartico.ee\/ru\/wp-json\/wp\/v2\/product_brand?post=3785"},{"taxonomy":"product_cat","embeddable":true,"href":"https:\/\/hartico.ee\/ru\/wp-json\/wp\/v2\/product_cat?post=3785"},{"taxonomy":"product_tag","embeddable":true,"href":"https:\/\/hartico.ee\/ru\/wp-json\/wp\/v2\/product_tag?post=3785"}],"curies":[{"name":"wp","href":"https:\/\/api.w.org\/{rel}","templated":true}]}}