{"id":3706,"date":"2015-03-23T11:30:34","date_gmt":"2015-03-23T09:30:34","guid":{"rendered":"http:\/\/hartico.path.ee\/?post_type=product&#038;p=3706"},"modified":"2017-02-17T11:59:27","modified_gmt":"2017-02-17T09:59:27","slug":"rutshnaja-teleshka-modulkar-04-300kg","status":"publish","type":"product","link":"https:\/\/hartico.ee\/ru\/product\/rutshnaja-teleshka-modulkar-04-300kg\/","title":{"rendered":"\u0420\u0443\u0447\u043d\u0430\u044f \u0442\u0435\u043b\u0435\u0436\u043a\u0430 Modulkar 04, 300kg"},"content":{"rendered":"<p>\u0420\u0443\u0447\u043d\u0430\u044f \u0442\u0435\u043b\u0435\u0436\u043a\u0430 M\u043e\u0434\u0443\u043b\u043a\u0430\u0440<\/p>\n<p>MODULKAR\u00ae \u043c\u043e\u0436\u043d\u043e \u043e\u043f\u0442\u0438\u043c\u0438\u0437\u0438\u0440\u043e\u0432\u0430\u0442\u044c \u0434\u043b\u044f \u043e\u0433\u0440\u043e\u043c\u043d\u043e\u0433\u043e \u043a\u043e\u043b\u0438\u0447\u0435\u0441\u0442\u0432\u0430 \u0441\u0438\u0442\u0443\u0430\u0446\u0438\u0439, \u043a\u043e\u0433\u0434\u0430 \u0442\u0440\u0435\u0431\u0443\u0435\u0442\u0441\u044f \u0442\u0440\u0430\u043d\u0441\u043f\u043e\u0440\u0442\u0438\u0440\u043e\u0432\u043a\u0430. \u041c\u0430\u043a\u0441\u0438\u043c\u0430\u043b\u044c\u043d\u0430\u044f \u0433\u0440\u0443\u0437\u043e\u043f\u043e\u0434\u044a\u0435\u043c\u043d\u043e\u0441\u0442\u044c \u2013 300 \u043a\u0433.<\/p>\n<ul>\n<li>\u0437\u0430\u043f\u0430\u0442\u0435\u043d\u0442\u043e\u0432\u0430\u043d\u043d\u043e\u0435 \u0442\u0440\u0443\u0431\u0447\u0430\u0442\u043e\u0435 \u043f\u043e\u043f\u0435\u0440\u0435\u0447\u043d\u043e\u0435 \u0441\u0435\u0447\u0435\u043d\u0438\u0435<\/li>\n<li>\u0437\u0430\u043c\u0435\u043d\u0430 \u043a\u043e\u043b\u0435\u0441, \u043e\u0442\u043a\u0440\u0443\u0442\u0438\u0432 \u0432\u0441\u0435\u0433\u043e \u043e\u0434\u043d\u0443 \u0433\u0430\u0439\u043a\u0443<\/li>\n<li>\u043e\u0447\u0435\u043d\u044c \u043f\u0440\u043e\u0447\u043d\u043e\u0435 \u043a\u0440\u0435\u043f\u043b\u0435\u043d\u0438\u0435 \u043a\u043e\u043b\u0435\u0441\u0430<\/li>\n<li>\u0441\u043e\u0435\u0434\u0438\u043d\u0438\u0442\u0435\u043b\u044c\u043d\u0430\u044f \u043e\u0441\u044c \u0441 \u043e\u043f\u043e\u0440\u043d\u044b\u043c\u0438 \u0440\u0430\u0441\u043a\u043e\u0441\u0430\u043c\u0438<\/li>\n<li>\u0438\u043d\u043d\u043e\u0432\u0430\u0446\u0438\u043e\u043d\u043d\u044b\u0439 \u043c\u043e\u043d\u0442\u0430\u0436 \u043d\u0438\u0436\u043d\u0435\u0439 \u043f\u043e\u0434\u0441\u0442\u0430\u0432\u043a\u0438 \u0434\u043b\u044f \u043f\u0440\u0435\u0434\u043e\u0442\u0432\u0440\u0430\u0449\u0435\u043d\u0438\u044f \u0433\u0440\u043e\u0445\u043e\u0442\u0430\u043d\u0438\u044f<\/li>\n<li>\u0434\u0432\u0443\u0445\u043a\u043e\u043c\u043f\u043e\u043d\u0435\u043d\u0442\u043d\u044b\u0435 \u0448\u0438\u043d\u044b \u2013 \u0443\u0441\u0442\u0430\u043d\u043e\u0432\u043b\u0435\u043d\u044b \u043d\u0430 \u0448\u0430\u0440\u0438\u043a\u043e\u043f\u043e\u0434\u0448\u0438\u043f\u043d\u0438\u043a\u0430\u0445<\/li>\n<li>\u0440\u0443\u0447\u043a\u0438 \u043a\u0440\u0435\u043f\u044f\u0442\u0441\u044f \u043f\u0440\u0438 \u043f\u043e\u043c\u043e\u0449\u0438 \u0437\u0430\u0436\u0438\u043c\u043e\u0432 \u0438\u0437 \u043d\u0435\u0440\u0436\u0430\u0432\u0435\u044e\u0449\u0435\u0439 \u0441\u0442\u0430\u043b\u0438<\/li>\n<\/ul>\n<div>\n<h4>\u041e\u041f\u0418\u0421\u0410\u041d\u0418\u0415<\/h4>\n<\/div>\n<p>\u0417\u0430\u043f\u0430\u0442\u0435\u043d\u0442\u043e\u0432\u0430\u043d\u043d\u043e\u0435 \u0442\u0440\u0443\u0431\u0447\u0430\u0442\u043e\u0435 \u043f\u043e\u043f\u0435\u0440\u0435\u0447\u043d\u043e\u0435 \u0441\u0435\u0447\u0435\u043d\u0438\u0435 \u0441 \u0434\u0432\u043e\u0439\u043d\u043e\u0439 \u0446\u0435\u043d\u0442\u0440\u0430\u043b\u044c\u043d\u043e\u0439 \u0441\u0435\u0442\u043e\u0447\u043a\u043e\u0439 \u043e\u0437\u043d\u0430\u0447\u0430\u0435\u0442, \u0447\u0442\u043e \u0431\u043e\u043b\u0442\u044b \u043c\u043e\u0433\u0443\u0442 \u043f\u0440\u043e\u0445\u043e\u0434\u0438\u0442\u044c \u043f\u0440\u044f\u043c\u043e \u0447\u0435\u0440\u0435\u0437 \u043d\u0435\u0433\u043e. \u041a\u0430\u043d\u0430\u0432\u043a\u0430 \u0432\u043d\u0443\u0442\u0440\u0438 \u043e\u0431\u0435\u0441\u043f\u0435\u0447\u0438\u0432\u0430\u0435\u0442 \u0434\u043e\u043f\u043e\u043b\u043d\u0438\u0442\u0435\u043b\u044c\u043d\u0443\u044e \u0441\u0442\u0430\u0431\u0438\u043b\u044c\u043d\u043e\u0441\u0442\u044c. \u0421\u0432\u0435\u0440\u0445\u043f\u0440\u043e\u0447\u043d\u044b\u0435 \u043a\u0440\u0435\u043f\u043b\u0435\u043d\u0438\u044f \u043a\u043e\u043b\u0435\u0441 \u0438 \u0441\u043e\u0435\u0434\u0438\u043d\u0438\u0442\u0435\u043b\u044c\u043d\u0430\u044f \u043e\u0441\u044c, \u043a\u043e\u0442\u043e\u0440\u0430\u044f \u043d\u0430\u0445\u043e\u0434\u0438\u0442\u0441\u044f \u0432\u0441\u0435\u0433\u043e \u0432 8 \u0441\u043c \u043d\u0430\u0434 \u0437\u0435\u043c\u043b\u0435\u0439, \u043f\u043e\u0437\u0432\u043e\u043b\u044f\u044e\u0442 \u043b\u0435\u0433\u043a\u043e \u043d\u0430\u043a\u043b\u043e\u043d\u044f\u0442\u044c \u0442\u0435\u043b\u0435\u0436\u043a\u0443. \u0418\u0441\u043f\u043e\u043b\u044c\u0437\u0443\u0435\u0442\u0441\u044f \u0442\u043e\u043b\u044c\u043a\u043e \u043e\u0434\u0438\u043d \u0433\u0430\u0435\u0447\u043d\u044b\u0439 \u043a\u043b\u044e\u0447, \u0442\u0430\u043a \u043a\u0430\u043a \u0432\u0435\u0437\u0434\u0435 \u0438\u0441\u043f\u043e\u043b\u044c\u0437\u0443\u044e\u0442\u0441\u044f \u043e\u0434\u0438\u043d\u0430\u043a\u043e\u0432\u044b\u0435 \u0431\u043e\u043b\u0442\u044b TORX.<\/p>\n<p>\u0421\u0438\u043d\u0442\u0435\u0442\u0438\u0447\u0435\u0441\u043a\u0430\u044f \u0448\u0430\u0439\u0431\u0430 \u0441 \u0434\u0438\u0441\u043a\u043e\u0432\u043e\u0439 \u043f\u0440\u0443\u0436\u0438\u043d\u043e\u0439 \u043f\u0440\u0435\u0434\u043e\u0442\u0432\u0440\u0430\u0449\u0430\u0435\u0442 \u0433\u0440\u043e\u0445\u043e\u0442\u0430\u043d\u0438\u0435 \u043d\u0438\u0436\u043d\u0435\u0439 \u043f\u043e\u0434\u0441\u0442\u0430\u0432\u043a\u0438. \u041a\u043e\u043b\u0435\u0441\u0430 \u043b\u0435\u0433\u043a\u043e \u0437\u0430\u043c\u0435\u043d\u044f\u044e\u0442\u0441\u044f, \u0442\u0430\u043a \u043a\u0430\u043a \u0434\u0432\u0443\u0445\u043a\u043e\u043c\u043f\u043e\u043d\u0435\u043d\u0442\u043d\u0430\u044f \u0448\u0438\u043d\u0430 \u043f\u043e\u0441\u0430\u0436\u0435\u043d\u0430 \u043d\u0430 \u0431\u043e\u043b\u0442. \u0412 \u043a\u0430\u0447\u0435\u0441\u0442\u0432\u0435 \u0430\u043b\u044c\u0442\u0435\u0440\u043d\u0430\u0442\u0438\u0432\u044b \u043c\u043e\u0436\u043d\u043e \u0443\u0441\u0442\u0430\u043d\u043e\u0432\u0438\u0442\u044c \u043f\u0440\u043e\u043a\u043e\u043b\u043e\u0441\u0442\u043e\u0439\u043a\u0438\u0435 \u0448\u0438\u043d\u044b. \u0417\u0430\u043c\u0435\u043d\u0430 \u043a\u043e\u043b\u0435\u0441\u0430 \u043f\u0440\u043e\u0438\u0441\u0445\u043e\u0434\u0438\u0442 \u0432 \u0441\u0442\u0438\u043b\u0435 \u0424\u043e\u0440\u043c\u0443\u043b\u044b 1 \u2013 \u0442\u0430\u043c \u0432\u0441\u0435\u0433\u043e \u043e\u0434\u0438\u043d \u0431\u043e\u043b\u0442! \u041a\u043e\u043b\u0435\u0441\u0430 \u0443\u0441\u0442\u0430\u043d\u043e\u0432\u043b\u0435\u043d\u044b \u043d\u0430 \u0448\u0430\u0440\u0438\u043a\u043e\u043f\u043e\u0434\u0448\u0438\u043f\u043d\u0438\u043a\u0438 \u043f\u0440\u043e\u043c\u044b\u0448\u043b\u0435\u043d\u043d\u043e\u0433\u043e \u043a\u043b\u0430\u0441\u0441\u0430.<\/p>\n","protected":false},"excerpt":{"rendered":"<p>\u0420\u0443\u0447\u043d\u0430\u044f \u0442\u0435\u043b\u0435\u0436\u043a\u0430 M\u043e\u0434\u0443\u043b\u043a\u0430\u0440 MODULKAR\u00ae \u043c\u043e\u0436\u043d\u043e \u043e\u043f\u0442\u0438\u043c\u0438\u0437\u0438\u0440\u043e\u0432\u0430\u0442\u044c \u0434\u043b\u044f \u043e\u0433\u0440\u043e\u043c\u043d\u043e\u0433\u043e \u043a\u043e\u043b\u0438\u0447\u0435\u0441\u0442\u0432\u0430 \u0441\u0438\u0442\u0443\u0430\u0446\u0438\u0439, \u043a\u043e\u0433\u0434\u0430 \u0442\u0440\u0435\u0431\u0443\u0435\u0442\u0441\u044f \u0442\u0440\u0430\u043d\u0441\u043f\u043e\u0440\u0442\u0438\u0440\u043e\u0432\u043a\u0430. \u041c\u0430\u043a\u0441\u0438\u043c\u0430\u043b\u044c\u043d\u0430\u044f \u0433\u0440\u0443\u0437\u043e\u043f\u043e\u0434\u044a\u0435\u043c\u043d\u043e\u0441\u0442\u044c \u2013 300 \u043a\u0433. \u0437\u0430\u043f\u0430\u0442\u0435\u043d\u0442\u043e\u0432\u0430\u043d\u043d\u043e\u0435 \u0442\u0440\u0443\u0431\u0447\u0430\u0442\u043e\u0435 \u043f\u043e\u043f\u0435\u0440\u0435\u0447\u043d\u043e\u0435 \u0441\u0435\u0447\u0435\u043d\u0438\u0435 \u0437\u0430\u043c\u0435\u043d\u0430 \u043a\u043e\u043b\u0435\u0441, \u043e\u0442\u043a\u0440\u0443\u0442\u0438\u0432 \u0432\u0441\u0435\u0433\u043e \u043e\u0434\u043d\u0443 \u0433\u0430\u0439\u043a\u0443 \u043e\u0447\u0435\u043d\u044c \u043f\u0440\u043e\u0447\u043d\u043e\u0435 \u043a\u0440\u0435\u043f\u043b\u0435\u043d\u0438\u0435 \u043a\u043e\u043b\u0435\u0441\u0430 \u0441\u043e\u0435\u0434\u0438\u043d\u0438\u0442\u0435\u043b\u044c\u043d\u0430\u044f \u043e\u0441\u044c \u0441 \u043e\u043f\u043e\u0440\u043d\u044b\u043c\u0438 \u0440\u0430\u0441\u043a\u043e\u0441\u0430\u043c\u0438 \u0438\u043d\u043d\u043e\u0432\u0430\u0446\u0438\u043e\u043d\u043d\u044b\u0439 \u043c\u043e\u043d\u0442\u0430\u0436 \u043d\u0438\u0436\u043d\u0435\u0439 \u043f\u043e\u0434\u0441\u0442\u0430\u0432\u043a\u0438 \u0434\u043b\u044f \u043f\u0440\u0435\u0434\u043e\u0442\u0432\u0440\u0430\u0449\u0435\u043d\u0438\u044f \u0433\u0440\u043e\u0445\u043e\u0442\u0430\u043d\u0438\u044f \u0434\u0432\u0443\u0445\u043a\u043e\u043c\u043f\u043e\u043d\u0435\u043d\u0442\u043d\u044b\u0435 \u0448\u0438\u043d\u044b \u2013 \u0443\u0441\u0442\u0430\u043d\u043e\u0432\u043b\u0435\u043d\u044b \u043d\u0430 \u0448\u0430\u0440\u0438\u043a\u043e\u043f\u043e\u0434\u0448\u0438\u043f\u043d\u0438\u043a\u0430\u0445 \u0440\u0443\u0447\u043a\u0438 \u043a\u0440\u0435\u043f\u044f\u0442\u0441\u044f \u043f\u0440\u0438 \u043f\u043e\u043c\u043e\u0449\u0438 \u0437\u0430\u0436\u0438\u043c\u043e\u0432 [&hellip;]<\/p>\n","protected":false},"featured_media":3707,"template":"","meta":{"_acf_changed":false,"inline_featured_image":false},"product_brand":[],"product_cat":[57],"product_tag":[367],"class_list":{"0":"post-3706","1":"product","2":"type-product","3":"status-publish","4":"has-post-thumbnail","6":"product_cat-rucnye-telezki-modulkar-300","7":"product_tag-kaubakaru-ru","9":"first","10":"instock","11":"taxable","12":"shipping-taxable","13":"product-type-simple"},"acf":[],"yoast_head":"<!-- This site is optimized with the Yoast SEO plugin v27.3 - https:\/\/yoast.com\/product\/yoast-seo-wordpress\/ -->\n<title>\u0420\u0443\u0447\u043d\u0430\u044f \u0442\u0435\u043b\u0435\u0436\u043a\u0430 Modulkar 04, 300kg<\/title>\n<meta name=\"description\" content=\"modulkar, sano, laok\u00e4ru, kaubak\u00e4ru, alumiinium k\u00e4ru\" \/>\n<meta name=\"robots\" content=\"index, follow, max-snippet:-1, max-image-preview:large, max-video-preview:-1\" \/>\n<link rel=\"canonical\" href=\"https:\/\/hartico.ee\/ru\/product\/rutshnaja-teleshka-modulkar-04-300kg\/\" \/>\n<meta property=\"og:locale\" content=\"ru_RU\" \/>\n<meta property=\"og:type\" content=\"article\" \/>\n<meta property=\"og:title\" content=\"\u0420\u0443\u0447\u043d\u0430\u044f \u0442\u0435\u043b\u0435\u0436\u043a\u0430 Modulkar 04, 300kg\" \/>\n<meta property=\"og:description\" content=\"modulkar, sano, laok\u00e4ru, kaubak\u00e4ru, alumiinium k\u00e4ru\" \/>\n<meta property=\"og:url\" content=\"https:\/\/hartico.ee\/ru\/product\/rutshnaja-teleshka-modulkar-04-300kg\/\" \/>\n<meta property=\"og:site_name\" content=\"Hartico\" \/>\n<meta property=\"article:publisher\" content=\"https:\/\/www.facebook.com\/SANOTransportgeraeteBaltics\/\" \/>\n<meta property=\"article:modified_time\" content=\"2017-02-17T09:59:27+00:00\" \/>\n<meta property=\"og:image\" content=\"https:\/\/hartico.ee\/wp-content\/uploads\/2015\/03\/p-3706-p-3703-p-3700-p-3697-p-3694-Modulkar-025704-1.png\" \/>\n\t<meta property=\"og:image:width\" content=\"188\" \/>\n\t<meta property=\"og:image:height\" content=\"394\" \/>\n\t<meta property=\"og:image:type\" content=\"image\/jpeg\" \/>\n<meta name=\"twitter:card\" content=\"summary_large_image\" \/>\n<script type=\"application\/ld+json\" class=\"yoast-schema-graph\">{\"@context\":\"https:\\\/\\\/schema.org\",\"@graph\":[{\"@type\":\"WebPage\",\"@id\":\"https:\\\/\\\/hartico.ee\\\/ru\\\/product\\\/rutshnaja-teleshka-modulkar-04-300kg\\\/\",\"url\":\"https:\\\/\\\/hartico.ee\\\/ru\\\/product\\\/rutshnaja-teleshka-modulkar-04-300kg\\\/\",\"name\":\"\u0420\u0443\u0447\u043d\u0430\u044f \u0442\u0435\u043b\u0435\u0436\u043a\u0430 Modulkar 04, 300kg\",\"isPartOf\":{\"@id\":\"https:\\\/\\\/hartico.ee\\\/ru\\\/#website\"},\"primaryImageOfPage\":{\"@id\":\"https:\\\/\\\/hartico.ee\\\/ru\\\/product\\\/rutshnaja-teleshka-modulkar-04-300kg\\\/#primaryimage\"},\"image\":{\"@id\":\"https:\\\/\\\/hartico.ee\\\/ru\\\/product\\\/rutshnaja-teleshka-modulkar-04-300kg\\\/#primaryimage\"},\"thumbnailUrl\":\"https:\\\/\\\/hartico.ee\\\/wp-content\\\/uploads\\\/2015\\\/03\\\/p-3706-p-3703-p-3700-p-3697-p-3694-Modulkar-025704-1.png\",\"datePublished\":\"2015-03-23T09:30:34+00:00\",\"dateModified\":\"2017-02-17T09:59:27+00:00\",\"description\":\"modulkar, sano, laok\u00e4ru, kaubak\u00e4ru, alumiinium k\u00e4ru\",\"breadcrumb\":{\"@id\":\"https:\\\/\\\/hartico.ee\\\/ru\\\/product\\\/rutshnaja-teleshka-modulkar-04-300kg\\\/#breadcrumb\"},\"inLanguage\":\"ru-RU\",\"potentialAction\":[{\"@type\":\"ReadAction\",\"target\":[\"https:\\\/\\\/hartico.ee\\\/ru\\\/product\\\/rutshnaja-teleshka-modulkar-04-300kg\\\/\"]}]},{\"@type\":\"ImageObject\",\"inLanguage\":\"ru-RU\",\"@id\":\"https:\\\/\\\/hartico.ee\\\/ru\\\/product\\\/rutshnaja-teleshka-modulkar-04-300kg\\\/#primaryimage\",\"url\":\"https:\\\/\\\/hartico.ee\\\/wp-content\\\/uploads\\\/2015\\\/03\\\/p-3706-p-3703-p-3700-p-3697-p-3694-Modulkar-025704-1.png\",\"contentUrl\":\"https:\\\/\\\/hartico.ee\\\/wp-content\\\/uploads\\\/2015\\\/03\\\/p-3706-p-3703-p-3700-p-3697-p-3694-Modulkar-025704-1.png\",\"width\":188,\"height\":394,\"caption\":\"\u0420\u0443\u0447\u043d\u0430\u044f \u0442\u0435\u043b\u0435\u0436\u043a\u0430 Modulkar 04, 300kg\"},{\"@type\":\"BreadcrumbList\",\"@id\":\"https:\\\/\\\/hartico.ee\\\/ru\\\/product\\\/rutshnaja-teleshka-modulkar-04-300kg\\\/#breadcrumb\",\"itemListElement\":[{\"@type\":\"ListItem\",\"position\":1,\"name\":\"Esileht\",\"item\":\"https:\\\/\\\/hartico.ee\\\/ru\\\/\"},{\"@type\":\"ListItem\",\"position\":2,\"name\":\"\u0422\u043e\u0432\u0430\u0440\u044b\",\"item\":\"https:\\\/\\\/hartico.ee\\\/ru\\\/shop\\\/\"},{\"@type\":\"ListItem\",\"position\":3,\"name\":\"\u0420\u0443\u0447\u043d\u0430\u044f \u0442\u0435\u043b\u0435\u0436\u043a\u0430 Modulkar 04, 300kg\"}]},{\"@type\":\"WebSite\",\"@id\":\"https:\\\/\\\/hartico.ee\\\/ru\\\/#website\",\"url\":\"https:\\\/\\\/hartico.ee\\\/ru\\\/\",\"name\":\"Hartico\",\"description\":\"Lifting and moving systems LIFTKAR, Xetto, Expresso\",\"publisher\":{\"@id\":\"https:\\\/\\\/hartico.ee\\\/ru\\\/#organization\"},\"potentialAction\":[{\"@type\":\"SearchAction\",\"target\":{\"@type\":\"EntryPoint\",\"urlTemplate\":\"https:\\\/\\\/hartico.ee\\\/ru\\\/?s={search_term_string}\"},\"query-input\":{\"@type\":\"PropertyValueSpecification\",\"valueRequired\":true,\"valueName\":\"search_term_string\"}}],\"inLanguage\":\"ru-RU\"},{\"@type\":\"Organization\",\"@id\":\"https:\\\/\\\/hartico.ee\\\/ru\\\/#organization\",\"name\":\"Hartico\",\"url\":\"https:\\\/\\\/hartico.ee\\\/ru\\\/\",\"logo\":{\"@type\":\"ImageObject\",\"inLanguage\":\"ru-RU\",\"@id\":\"https:\\\/\\\/hartico.ee\\\/ru\\\/#\\\/schema\\\/logo\\\/image\\\/\",\"url\":\"https:\\\/\\\/hartico.ee\\\/wp-content\\\/uploads\\\/2018\\\/11\\\/hartico_logo_with_slogan_onecolor.svg\",\"contentUrl\":\"https:\\\/\\\/hartico.ee\\\/wp-content\\\/uploads\\\/2018\\\/11\\\/hartico_logo_with_slogan_onecolor.svg\",\"width\":424,\"height\":157,\"caption\":\"Hartico\"},\"image\":{\"@id\":\"https:\\\/\\\/hartico.ee\\\/ru\\\/#\\\/schema\\\/logo\\\/image\\\/\"},\"sameAs\":[\"https:\\\/\\\/www.facebook.com\\\/SANOTransportgeraeteBaltics\\\/\"]}]}<\/script>\n<!-- \/ Yoast SEO plugin. -->","yoast_head_json":{"title":"\u0420\u0443\u0447\u043d\u0430\u044f \u0442\u0435\u043b\u0435\u0436\u043a\u0430 Modulkar 04, 300kg","description":"modulkar, sano, laok\u00e4ru, kaubak\u00e4ru, alumiinium k\u00e4ru","robots":{"index":"index","follow":"follow","max-snippet":"max-snippet:-1","max-image-preview":"max-image-preview:large","max-video-preview":"max-video-preview:-1"},"canonical":"https:\/\/hartico.ee\/ru\/product\/rutshnaja-teleshka-modulkar-04-300kg\/","og_locale":"ru_RU","og_type":"article","og_title":"\u0420\u0443\u0447\u043d\u0430\u044f \u0442\u0435\u043b\u0435\u0436\u043a\u0430 Modulkar 04, 300kg","og_description":"modulkar, sano, laok\u00e4ru, kaubak\u00e4ru, alumiinium k\u00e4ru","og_url":"https:\/\/hartico.ee\/ru\/product\/rutshnaja-teleshka-modulkar-04-300kg\/","og_site_name":"Hartico","article_publisher":"https:\/\/www.facebook.com\/SANOTransportgeraeteBaltics\/","article_modified_time":"2017-02-17T09:59:27+00:00","og_image":[{"width":188,"height":394,"url":"https:\/\/hartico.ee\/wp-content\/uploads\/2015\/03\/p-3706-p-3703-p-3700-p-3697-p-3694-Modulkar-025704-1.png","type":"image\/jpeg"}],"twitter_card":"summary_large_image","schema":{"@context":"https:\/\/schema.org","@graph":[{"@type":"WebPage","@id":"https:\/\/hartico.ee\/ru\/product\/rutshnaja-teleshka-modulkar-04-300kg\/","url":"https:\/\/hartico.ee\/ru\/product\/rutshnaja-teleshka-modulkar-04-300kg\/","name":"\u0420\u0443\u0447\u043d\u0430\u044f \u0442\u0435\u043b\u0435\u0436\u043a\u0430 Modulkar 04, 300kg","isPartOf":{"@id":"https:\/\/hartico.ee\/ru\/#website"},"primaryImageOfPage":{"@id":"https:\/\/hartico.ee\/ru\/product\/rutshnaja-teleshka-modulkar-04-300kg\/#primaryimage"},"image":{"@id":"https:\/\/hartico.ee\/ru\/product\/rutshnaja-teleshka-modulkar-04-300kg\/#primaryimage"},"thumbnailUrl":"https:\/\/hartico.ee\/wp-content\/uploads\/2015\/03\/p-3706-p-3703-p-3700-p-3697-p-3694-Modulkar-025704-1.png","datePublished":"2015-03-23T09:30:34+00:00","dateModified":"2017-02-17T09:59:27+00:00","description":"modulkar, sano, laok\u00e4ru, kaubak\u00e4ru, alumiinium k\u00e4ru","breadcrumb":{"@id":"https:\/\/hartico.ee\/ru\/product\/rutshnaja-teleshka-modulkar-04-300kg\/#breadcrumb"},"inLanguage":"ru-RU","potentialAction":[{"@type":"ReadAction","target":["https:\/\/hartico.ee\/ru\/product\/rutshnaja-teleshka-modulkar-04-300kg\/"]}]},{"@type":"ImageObject","inLanguage":"ru-RU","@id":"https:\/\/hartico.ee\/ru\/product\/rutshnaja-teleshka-modulkar-04-300kg\/#primaryimage","url":"https:\/\/hartico.ee\/wp-content\/uploads\/2015\/03\/p-3706-p-3703-p-3700-p-3697-p-3694-Modulkar-025704-1.png","contentUrl":"https:\/\/hartico.ee\/wp-content\/uploads\/2015\/03\/p-3706-p-3703-p-3700-p-3697-p-3694-Modulkar-025704-1.png","width":188,"height":394,"caption":"\u0420\u0443\u0447\u043d\u0430\u044f \u0442\u0435\u043b\u0435\u0436\u043a\u0430 Modulkar 04, 300kg"},{"@type":"BreadcrumbList","@id":"https:\/\/hartico.ee\/ru\/product\/rutshnaja-teleshka-modulkar-04-300kg\/#breadcrumb","itemListElement":[{"@type":"ListItem","position":1,"name":"Esileht","item":"https:\/\/hartico.ee\/ru\/"},{"@type":"ListItem","position":2,"name":"\u0422\u043e\u0432\u0430\u0440\u044b","item":"https:\/\/hartico.ee\/ru\/shop\/"},{"@type":"ListItem","position":3,"name":"\u0420\u0443\u0447\u043d\u0430\u044f \u0442\u0435\u043b\u0435\u0436\u043a\u0430 Modulkar 04, 300kg"}]},{"@type":"WebSite","@id":"https:\/\/hartico.ee\/ru\/#website","url":"https:\/\/hartico.ee\/ru\/","name":"Hartico","description":"Lifting and moving systems LIFTKAR, Xetto, Expresso","publisher":{"@id":"https:\/\/hartico.ee\/ru\/#organization"},"potentialAction":[{"@type":"SearchAction","target":{"@type":"EntryPoint","urlTemplate":"https:\/\/hartico.ee\/ru\/?s={search_term_string}"},"query-input":{"@type":"PropertyValueSpecification","valueRequired":true,"valueName":"search_term_string"}}],"inLanguage":"ru-RU"},{"@type":"Organization","@id":"https:\/\/hartico.ee\/ru\/#organization","name":"Hartico","url":"https:\/\/hartico.ee\/ru\/","logo":{"@type":"ImageObject","inLanguage":"ru-RU","@id":"https:\/\/hartico.ee\/ru\/#\/schema\/logo\/image\/","url":"https:\/\/hartico.ee\/wp-content\/uploads\/2018\/11\/hartico_logo_with_slogan_onecolor.svg","contentUrl":"https:\/\/hartico.ee\/wp-content\/uploads\/2018\/11\/hartico_logo_with_slogan_onecolor.svg","width":424,"height":157,"caption":"Hartico"},"image":{"@id":"https:\/\/hartico.ee\/ru\/#\/schema\/logo\/image\/"},"sameAs":["https:\/\/www.facebook.com\/SANOTransportgeraeteBaltics\/"]}]}},"_links":{"self":[{"href":"https:\/\/hartico.ee\/ru\/wp-json\/wp\/v2\/product\/3706","targetHints":{"allow":["GET"]}}],"collection":[{"href":"https:\/\/hartico.ee\/ru\/wp-json\/wp\/v2\/product"}],"about":[{"href":"https:\/\/hartico.ee\/ru\/wp-json\/wp\/v2\/types\/product"}],"wp:featuredmedia":[{"embeddable":true,"href":"https:\/\/hartico.ee\/ru\/wp-json\/wp\/v2\/media\/3707"}],"wp:attachment":[{"href":"https:\/\/hartico.ee\/ru\/wp-json\/wp\/v2\/media?parent=3706"}],"wp:term":[{"taxonomy":"product_brand","embeddable":true,"href":"https:\/\/hartico.ee\/ru\/wp-json\/wp\/v2\/product_brand?post=3706"},{"taxonomy":"product_cat","embeddable":true,"href":"https:\/\/hartico.ee\/ru\/wp-json\/wp\/v2\/product_cat?post=3706"},{"taxonomy":"product_tag","embeddable":true,"href":"https:\/\/hartico.ee\/ru\/wp-json\/wp\/v2\/product_tag?post=3706"}],"curies":[{"name":"wp","href":"https:\/\/api.w.org\/{rel}","templated":true}]}}