{"id":3402,"date":"2014-11-10T19:29:41","date_gmt":"2014-11-10T17:29:41","guid":{"rendered":"http:\/\/hartico.path.ee\/?post_type=product&#038;p=3402"},"modified":"2017-02-17T13:12:07","modified_gmt":"2017-02-17T11:12:07","slug":"lestnitshnaja-teleshka-liftkar-hd-330-b-dolly","status":"publish","type":"product","link":"https:\/\/hartico.ee\/ru\/product\/lestnitshnaja-teleshka-liftkar-hd-330-b-dolly\/","title":{"rendered":"\u041b\u0435\u0441\u0442\u043d\u0438\u0447\u043d\u0430\u044f \u0442\u0435\u043b\u0435\u0436\u043a\u0430 Liftkar HD 330 B Dolly"},"content":{"rendered":"<p>LIFTKAR HD \u043b\u0435\u0433\u043a\u043e, \u043d\u0430\u0434\u0435\u0436\u043d\u043e \u0438 \u0431\u044b\u0441\u0442\u0440\u043e \u0441\u043f\u0440\u0430\u0432\u043b\u044f\u0435\u0442\u0441\u044f \u0441 \u043f\u0440\u043e\u0431\u043b\u0435\u043c\u0430\u043c\u0438 \u0442\u0440\u0430\u043d\u0441\u043f\u043e\u0440\u0442\u0438\u0440\u043e\u0432\u043a\u0438 \u0442\u044f\u0436\u0435\u043b\u044b\u0445 \u0432\u043e\u0434\u043e\u043d\u0430\u0433\u0440\u0435\u0432\u0430\u0442\u0435\u043b\u0435\u0439, \u043a\u0440\u0443\u043f\u043d\u043e\u0433\u0430\u0431\u0430\u0440\u0438\u0442\u043d\u043e\u0439 \u0431\u044b\u0442\u043e\u0432\u043e\u0439 \u0442\u0435\u0445\u043d\u0438\u043a\u0438 \u0438 \u0434\u0430\u0436\u0435 \u0433\u0440\u043e\u043c\u043e\u0437\u0434\u043a\u0438\u0445 \u0440\u0443\u043b\u043e\u043d\u043e\u0432 \u043b\u0438\u043d\u043e\u043b\u0435\u0443\u043c\u0430.<\/p>\n<p>\u041c\u0435\u0445\u0430\u043d\u0438\u0447\u0435\u0441\u043a\u0430\u044f \u043b\u0435\u0441\u0442\u043d\u0438\u0447\u043d\u0430\u044f \u0442\u0435\u043b\u0435\u0436\u043a\u0430 Sano \u0438\u0434\u0435\u0430\u043b\u044c\u043d\u043e \u043f\u043e\u0434\u0445\u043e\u0434\u0438\u0442 \u0434\u043b\u044f \u0438\u0441\u043f\u043e\u043b\u044c\u0437\u043e\u0432\u0430\u043d\u0438\u044f \u043d\u0430 \u0442\u0440\u0430\u043d\u0441\u043f\u043e\u0440\u0442\u043d\u043e-\u043b\u043e\u0433\u0438\u0441\u0442\u0438\u0447\u0435\u0441\u043a\u0438\u0445, \u0442\u043e\u0440\u0433\u043e\u0432\u044b\u0445 \u0438 \u043f\u0440\u043e\u043c\u044b\u0448\u043b\u0435\u043d\u043d\u044b\u0445 \u043f\u0440\u0435\u0434\u043f\u0440\u0438\u044f\u0442\u0438\u044f\u0445.<\/p>\n<p>&nbsp;<\/p>\n<h2>\u0412 \u0441\u0430\u043c\u043e\u043c \u0441\u0435\u0440\u0434\u0446\u0435 \u0442\u0435\u043b\u0435\u0436\u043a\u0438 LIFTKAR HD&#8230;<\/h2>\n<p>.. \u043d\u0430\u0445\u043e\u0434\u0438\u0442\u0441\u044f \u0438\u0434\u0435\u0430\u043b\u044c\u043d\u043e \u0441\u0431\u0430\u043b\u0430\u043d\u0441\u0438\u0440\u043e\u0432\u0430\u043d\u043d\u044b\u0439 \u043f\u043e\u0434\u044a\u0435\u043c\u043d\u044b\u0439 \u043c\u0435\u0445\u0430\u043d\u0438\u0437\u043c \u0441 \u0434\u0432\u0443\u043c\u044f \u043d\u0430\u0441\u0442\u0440\u043e\u0439\u043a\u0430\u043c\u0438 \u0441\u043a\u043e\u0440\u043e\u0441\u0442\u0438 \u0438 \u0440\u0435\u0436\u0438\u043c\u0430\u043c\u0438 \u0435\u0434\u0438\u043d\u0438\u0447\u043d\u043e\u0433\u043e \u0448\u0430\u0433\u0430 \u0438 \u043d\u0435\u043f\u0440\u0435\u0440\u044b\u0432\u043d\u043e\u0433\u043e \u0434\u0432\u0438\u0436\u0435\u043d\u0438\u044f.<\/p>\n<p>\u0421\u0438\u0441\u0442\u0435\u043c\u0430 \u0442\u043e\u0440\u043c\u043e\u0436\u0435\u043d\u0438\u044f \u043d\u0430 \u043a\u0440\u0430\u044e \u0441\u0442\u0443\u043f\u0435\u043d\u044c\u043a\u0438 \u0433\u0430\u0440\u0430\u043d\u0442\u0438\u0440\u0443\u0435\u0442 \u0432\u044b\u0441\u043e\u0447\u0430\u0439\u0448\u0438\u0435 \u0441\u0442\u0430\u043d\u0434\u0430\u0440\u0442\u044b \u0431\u0435\u0437\u043e\u043f\u0430\u0441\u043d\u043e\u0441\u0442\u0438.<br \/>\n&nbsp;<\/p>\n<h3>LIFTKAR HD Dolly&nbsp;<\/h3>\n<p>\u0434\u043b\u044f \u0442\u0440\u0430\u043d\u0441\u043f\u043e\u0440\u0442\u043d\u044b\u0445 \u043c\u0430\u0440\u0448\u0440\u0443\u0442\u043e\u0432 \u0441 \u0434\u043b\u0438\u043d\u043d\u044b\u043c\u0438 \u043f\u0435\u0440\u0435\u0445\u043e\u0434\u0430\u043c\u0438 \u043f\u043e \u0443\u0440\u043e\u0432\u043d\u044e.<br \/>\n&nbsp;<br \/>\nLIFTKAR HD \u2013 \u044d\u0442\u043e \u0432\u043b\u043e\u0436\u0435\u043d\u0438\u0435, \u043a\u043e\u0442\u043e\u0440\u043e\u0435 \u0431\u044b\u0441\u0442\u0440\u043e \u043e\u043a\u0443\u043f\u0430\u0435\u0442\u0441\u044f. \u0415\u0441\u043b\u0438 \u0440\u0430\u043d\u044c\u0448\u0435 \u0432\u0430\u043c \u0431\u044b\u043b \u043d\u0443\u0436\u0435\u043d \u043f\u043e\u043c\u043e\u0449\u043d\u0438\u043a, \u0438 \u0434\u0430\u0436\u0435 \u043d\u0435 \u043e\u0434\u0438\u043d, \u0442\u043e \u0442\u0435\u043f\u0435\u0440\u044c \u0432\u044b \u0431\u0443\u0434\u0435\u0442\u0435 \u0441\u043f\u0440\u0430\u0432\u043b\u044f\u0442\u044c\u0441\u044f \u0432 \u043e\u0434\u0438\u043d\u043e\u0447\u043a\u0443. \u0411\u0435\u0437 \u0443\u0441\u0438\u043b\u0438\u0439, \u0431\u0435\u0437\u043e\u043f\u0430\u0441\u043d\u043e \u0438 \u043d\u0430\u043c\u043d\u043e\u0433\u043e \u0431\u044b\u0441\u0442\u0440\u0435\u0435.<\/p>\n<p>&nbsp;<\/p>\n<p>\u041f\u0420\u0415\u0418\u041c\u0423\u0429\u0415\u0421\u0422\u0412\u0410<\/p>\n<ul>\n<li>\u0434\u043b\u044f \u0433\u0440\u0443\u0437\u043e\u0432 \u0434\u043e 330&nbsp;\u043a\u0433<\/li>\n<li>\u0434\u043b\u044f \u0441\u0442\u0443\u043f\u0435\u043d\u0435\u043a \u0432\u044b\u0441\u043e\u0442\u043e\u0439 \u0434\u043e 22&nbsp;\u0441\u043c<\/li>\n<li>\u0434\u0432\u0430 \u0440\u0435\u0436\u0438\u043c\u0430 (\u0435\u0434\u0438\u043d\u0438\u0447\u043d\u044b\u0439 \u0448\u0430\u0433, \u043d\u0435\u043f\u0440\u0435\u0440\u044b\u0432\u043d\u043e\u0435 \u0434\u0432\u0438\u0436\u0435\u043d\u0438\u0435)<\/li>\n<li>\u043b\u0435\u0433\u043a\u0430\u044f \u043c\u043e\u0434\u0443\u043b\u044c\u043d\u0430\u044f \u043a\u043e\u043d\u0441\u0442\u0440\u0443\u043a\u0446\u0438\u044f<\/li>\n<li>\u0436\u0435\u0441\u0442\u043a\u0438\u0439 \u043a\u0430\u0440\u043a\u0430\u0441 \u0441 \u0437\u0430\u043f\u0430\u0442\u0435\u043d\u0442\u043e\u0432\u0430\u043d\u043d\u044b\u043c\u0438 \u0430\u043b\u044e\u043c\u0438\u043d\u0438\u0435\u0432\u044b\u043c\u0438 \u043f\u0440\u043e\u0444\u0438\u043b\u044f\u043c\u0438 SANO<\/li>\n<li>\u0438\u043d\u043d\u043e\u0432\u0430\u0446\u0438\u043e\u043d\u043d\u0430\u044f \u0432\u0441\u0442\u0440\u043e\u0435\u043d\u043d\u0430\u044f \u0441\u0438\u0441\u0442\u0435\u043c\u0430 \u0442\u043e\u0440\u043c\u043e\u0436\u0435\u043d\u0438\u044f \u043d\u0430 \u043a\u0440\u0430\u044e \u0441\u0442\u0443\u043f\u0435\u043d\u044c\u043a\u0438<\/li>\n<li>\u0430\u0432\u0442\u043e\u043c\u0430\u0442\u0438\u0447\u0435\u0441\u043a\u0438\u0439 \u0440\u0435\u0436\u0438\u043c \u0432\u044b\u043a\u043b\u044e\u0447\u0435\u043d\u0438\u044f<\/li>\n<li>\u044d\u0440\u0433\u043e\u043d\u043e\u043c\u0438\u0447\u043d\u044b\u0435 \u0440\u0443\u0447\u043a\u0438 \u0441 \u043d\u0435\u0441\u043a\u043e\u043b\u044c\u0437\u044f\u0449\u0438\u043c \u0440\u0435\u0437\u0438\u043d\u043e\u0432\u044b\u043c \u043f\u043e\u043a\u0440\u044b\u0442\u0438\u0435\u043c<\/li>\n<li>\u043f\u0435\u0440\u0435\u043a\u043b\u044e\u0447\u0430\u0442\u0435\u043b\u044c \u043f\u043e\u0434\u044a\u0435\u043c\u0430\/\u0441\u043f\u0443\u0441\u043a\u0430 \u0441 \u043e\u0431\u0435\u0438\u0445 \u0441\u0442\u043e\u0440\u043e\u043d \u0434\u043b\u044f \u043b\u0435\u0432\u0448\u0435\u0439 \u0438 \u043f\u0440\u0430\u0432\u0448\u0435\u0439<\/li>\n<li>\u0438\u0434\u0435\u0430\u043b\u044c\u043d\u043e \u0441\u0431\u0430\u043b\u0430\u043d\u0441\u0438\u0440\u043e\u0432\u0430\u043d\u043d\u044b\u0439 \u043f\u043e\u0434\u044a\u0435\u043c\u043d\u044b\u0439 \u043c\u0435\u0445\u0430\u043d\u0438\u0437\u043c \u0434\u043b\u044f \u0431\u0435\u0437\u043e\u043f\u0430\u0441\u043d\u043e\u0439 \u0440\u0430\u0431\u043e\u0442\u044b \u043d\u0430 \u0441\u0442\u0443\u043f\u0435\u043d\u044c\u043a\u0430\u0445 \u0438 \u043b\u0435\u0441\u0442\u043d\u0438\u0446\u0435<\/li>\n<li>\u043f\u0440\u043e\u043a\u043e\u043b\u043e\u0441\u0442\u043e\u0439\u043a\u0438\u0435 \u0448\u0438\u043d\u044b<\/li>\n<li>\u0432\u044b\u0441\u043e\u043a\u043e\u043f\u0440\u043e\u0447\u043d\u0430\u044f \u0430\u043b\u044e\u043c\u0438\u043d\u0438\u0435\u0432\u0430\u044f \u043d\u0438\u0436\u043d\u044f\u044f \u043f\u043e\u0434\u0441\u0442\u0430\u0432\u043a\u0430<\/li>\n<li>24 \u0412 \u0431\u044b\u0441\u0442\u0440\u043e\u0437\u0430\u043c\u0435\u043d\u044f\u0435\u043c\u044b\u0439 \u0431\u0430\u0442\u0430\u0440\u0435\u0439\u043d\u044b\u0439 \u0431\u043b\u043e\u043a<\/li>\n<\/ul>\n","protected":false},"excerpt":{"rendered":"<p>LIFTKAR HD \u043b\u0435\u0433\u043a\u043e, \u043d\u0430\u0434\u0435\u0436\u043d\u043e \u0438 \u0431\u044b\u0441\u0442\u0440\u043e \u0441\u043f\u0440\u0430\u0432\u043b\u044f\u0435\u0442\u0441\u044f \u0441 \u043f\u0440\u043e\u0431\u043b\u0435\u043c\u0430\u043c\u0438 \u0442\u0440\u0430\u043d\u0441\u043f\u043e\u0440\u0442\u0438\u0440\u043e\u0432\u043a\u0438 \u0442\u044f\u0436\u0435\u043b\u044b\u0445 \u0432\u043e\u0434\u043e\u043d\u0430\u0433\u0440\u0435\u0432\u0430\u0442\u0435\u043b\u0435\u0439, \u043a\u0440\u0443\u043f\u043d\u043e\u0433\u0430\u0431\u0430\u0440\u0438\u0442\u043d\u043e\u0439 \u0431\u044b\u0442\u043e\u0432\u043e\u0439 \u0442\u0435\u0445\u043d\u0438\u043a\u0438 \u0438 \u0434\u0430\u0436\u0435 \u0433\u0440\u043e\u043c\u043e\u0437\u0434\u043a\u0438\u0445 \u0440\u0443\u043b\u043e\u043d\u043e\u0432 \u043b\u0438\u043d\u043e\u043b\u0435\u0443\u043c\u0430. \u041c\u0435\u0445\u0430\u043d\u0438\u0447\u0435\u0441\u043a\u0430\u044f \u043b\u0435\u0441\u0442\u043d\u0438\u0447\u043d\u0430\u044f \u0442\u0435\u043b\u0435\u0436\u043a\u0430 Sano \u0438\u0434\u0435\u0430\u043b\u044c\u043d\u043e \u043f\u043e\u0434\u0445\u043e\u0434\u0438\u0442 \u0434\u043b\u044f \u0438\u0441\u043f\u043e\u043b\u044c\u0437\u043e\u0432\u0430\u043d\u0438\u044f \u043d\u0430 \u0442\u0440\u0430\u043d\u0441\u043f\u043e\u0440\u0442\u043d\u043e-\u043b\u043e\u0433\u0438\u0441\u0442\u0438\u0447\u0435\u0441\u043a\u0438\u0445, \u0442\u043e\u0440\u0433\u043e\u0432\u044b\u0445 \u0438 \u043f\u0440\u043e\u043c\u044b\u0448\u043b\u0435\u043d\u043d\u044b\u0445 \u043f\u0440\u0435\u0434\u043f\u0440\u0438\u044f\u0442\u0438\u044f\u0445. &nbsp; \u0412 \u0441\u0430\u043c\u043e\u043c \u0441\u0435\u0440\u0434\u0446\u0435 \u0442\u0435\u043b\u0435\u0436\u043a\u0438 LIFTKAR HD&#8230; .. \u043d\u0430\u0445\u043e\u0434\u0438\u0442\u0441\u044f \u0438\u0434\u0435\u0430\u043b\u044c\u043d\u043e \u0441\u0431\u0430\u043b\u0430\u043d\u0441\u0438\u0440\u043e\u0432\u0430\u043d\u043d\u044b\u0439 \u043f\u043e\u0434\u044a\u0435\u043c\u043d\u044b\u0439 \u043c\u0435\u0445\u0430\u043d\u0438\u0437\u043c \u0441 \u0434\u0432\u0443\u043c\u044f \u043d\u0430\u0441\u0442\u0440\u043e\u0439\u043a\u0430\u043c\u0438 \u0441\u043a\u043e\u0440\u043e\u0441\u0442\u0438 \u0438 \u0440\u0435\u0436\u0438\u043c\u0430\u043c\u0438 \u0435\u0434\u0438\u043d\u0438\u0447\u043d\u043e\u0433\u043e \u0448\u0430\u0433\u0430 [&hellip;]<\/p>\n","protected":false},"featured_media":3403,"template":"","meta":{"_acf_changed":false,"inline_featured_image":false},"product_brand":[],"product_cat":[47],"product_tag":[82],"class_list":{"0":"post-3402","1":"product","2":"type-product","3":"status-publish","4":"has-post-thumbnail","6":"product_cat-sagajusie-telezki-liftkar-hd-360kg","7":"product_tag-82","9":"first","10":"instock","11":"taxable","12":"shipping-taxable","13":"product-type-simple"},"acf":[],"yoast_head":"<!-- This site is optimized with the Yoast SEO plugin v27.3 - https:\/\/yoast.com\/product\/yoast-seo-wordpress\/ -->\n<title>\u041b\u0435\u0441\u0442\u043d\u0438\u0447\u043d\u0430\u044f \u0442\u0435\u043b\u0435\u0436\u043a\u0430 Liftkar HD 330 B Dolly<\/title>\n<meta name=\"description\" content=\"trepik\u00e4ru, trepironija, liftkar, liftkar hd, liftakar hd dolly, sano, sano baltic, hartico, trepikaru, trepi karu, trepi k\u00e4ru, trepit\u00f5stuk, trepitostuk, trepi t\u00f5stuk, lift, kauba lift, k\u00e4ru, laok\u00e4ru, kaubak\u00e4ru, kauba k\u00e4ru, treppensteiger, stairclimber\" \/>\n<meta name=\"robots\" content=\"index, follow, max-snippet:-1, max-image-preview:large, max-video-preview:-1\" \/>\n<link rel=\"canonical\" href=\"https:\/\/hartico.ee\/ru\/product\/lestnitshnaja-teleshka-liftkar-hd-330-b-dolly\/\" \/>\n<meta property=\"og:locale\" content=\"ru_RU\" \/>\n<meta property=\"og:type\" content=\"article\" \/>\n<meta property=\"og:title\" content=\"\u041b\u0435\u0441\u0442\u043d\u0438\u0447\u043d\u0430\u044f \u0442\u0435\u043b\u0435\u0436\u043a\u0430 Liftkar HD 330 B Dolly\" \/>\n<meta property=\"og:description\" content=\"trepik\u00e4ru, trepironija, liftkar, liftkar hd, liftakar hd dolly, sano, sano baltic, hartico, trepikaru, trepi karu, trepi k\u00e4ru, trepit\u00f5stuk, trepitostuk, trepi t\u00f5stuk, lift, kauba lift, k\u00e4ru, laok\u00e4ru, kaubak\u00e4ru, kauba k\u00e4ru, treppensteiger, stairclimber\" \/>\n<meta property=\"og:url\" content=\"https:\/\/hartico.ee\/ru\/product\/lestnitshnaja-teleshka-liftkar-hd-330-b-dolly\/\" \/>\n<meta property=\"og:site_name\" content=\"Hartico\" \/>\n<meta property=\"article:publisher\" content=\"https:\/\/www.facebook.com\/SANOTransportgeraeteBaltics\/\" \/>\n<meta property=\"article:modified_time\" content=\"2017-02-17T11:12:07+00:00\" \/>\n<meta property=\"og:image\" content=\"https:\/\/hartico.ee\/wp-content\/uploads\/2015\/01\/p-3402-p-3395-p-3388-p-3381-p-3374-060706-Liftkar-HD-Dolly-open-(2).jpg\" \/>\n\t<meta property=\"og:image:width\" content=\"548\" \/>\n\t<meta property=\"og:image:height\" content=\"768\" \/>\n\t<meta property=\"og:image:type\" content=\"image\/jpeg\" \/>\n<meta name=\"twitter:card\" content=\"summary_large_image\" \/>\n<script type=\"application\/ld+json\" class=\"yoast-schema-graph\">{\"@context\":\"https:\\\/\\\/schema.org\",\"@graph\":[{\"@type\":\"WebPage\",\"@id\":\"https:\\\/\\\/hartico.ee\\\/ru\\\/product\\\/lestnitshnaja-teleshka-liftkar-hd-330-b-dolly\\\/\",\"url\":\"https:\\\/\\\/hartico.ee\\\/ru\\\/product\\\/lestnitshnaja-teleshka-liftkar-hd-330-b-dolly\\\/\",\"name\":\"\u041b\u0435\u0441\u0442\u043d\u0438\u0447\u043d\u0430\u044f \u0442\u0435\u043b\u0435\u0436\u043a\u0430 Liftkar HD 330 B Dolly\",\"isPartOf\":{\"@id\":\"https:\\\/\\\/hartico.ee\\\/ru\\\/#website\"},\"primaryImageOfPage\":{\"@id\":\"https:\\\/\\\/hartico.ee\\\/ru\\\/product\\\/lestnitshnaja-teleshka-liftkar-hd-330-b-dolly\\\/#primaryimage\"},\"image\":{\"@id\":\"https:\\\/\\\/hartico.ee\\\/ru\\\/product\\\/lestnitshnaja-teleshka-liftkar-hd-330-b-dolly\\\/#primaryimage\"},\"thumbnailUrl\":\"https:\\\/\\\/hartico.ee\\\/wp-content\\\/uploads\\\/2015\\\/01\\\/p-3402-p-3395-p-3388-p-3381-p-3374-060706-Liftkar-HD-Dolly-open-(2).jpg\",\"datePublished\":\"2014-11-10T17:29:41+00:00\",\"dateModified\":\"2017-02-17T11:12:07+00:00\",\"description\":\"trepik\u00e4ru, trepironija, liftkar, liftkar hd, liftakar hd dolly, sano, sano baltic, hartico, trepikaru, trepi karu, trepi k\u00e4ru, trepit\u00f5stuk, trepitostuk, trepi t\u00f5stuk, lift, kauba lift, k\u00e4ru, laok\u00e4ru, kaubak\u00e4ru, kauba k\u00e4ru, treppensteiger, stairclimber\",\"breadcrumb\":{\"@id\":\"https:\\\/\\\/hartico.ee\\\/ru\\\/product\\\/lestnitshnaja-teleshka-liftkar-hd-330-b-dolly\\\/#breadcrumb\"},\"inLanguage\":\"ru-RU\",\"potentialAction\":[{\"@type\":\"ReadAction\",\"target\":[\"https:\\\/\\\/hartico.ee\\\/ru\\\/product\\\/lestnitshnaja-teleshka-liftkar-hd-330-b-dolly\\\/\"]}]},{\"@type\":\"ImageObject\",\"inLanguage\":\"ru-RU\",\"@id\":\"https:\\\/\\\/hartico.ee\\\/ru\\\/product\\\/lestnitshnaja-teleshka-liftkar-hd-330-b-dolly\\\/#primaryimage\",\"url\":\"https:\\\/\\\/hartico.ee\\\/wp-content\\\/uploads\\\/2015\\\/01\\\/p-3402-p-3395-p-3388-p-3381-p-3374-060706-Liftkar-HD-Dolly-open-(2).jpg\",\"contentUrl\":\"https:\\\/\\\/hartico.ee\\\/wp-content\\\/uploads\\\/2015\\\/01\\\/p-3402-p-3395-p-3388-p-3381-p-3374-060706-Liftkar-HD-Dolly-open-(2).jpg\",\"width\":548,\"height\":768,\"caption\":\"\u041b\u0435\u0441\u0442\u043d\u0438\u0447\u043d\u0430\u044f \u0442\u0435\u043b\u0435\u0436\u043a\u0430 Liftkar HD 360 B Dolly\"},{\"@type\":\"BreadcrumbList\",\"@id\":\"https:\\\/\\\/hartico.ee\\\/ru\\\/product\\\/lestnitshnaja-teleshka-liftkar-hd-330-b-dolly\\\/#breadcrumb\",\"itemListElement\":[{\"@type\":\"ListItem\",\"position\":1,\"name\":\"Esileht\",\"item\":\"https:\\\/\\\/hartico.ee\\\/ru\\\/\"},{\"@type\":\"ListItem\",\"position\":2,\"name\":\"\u0422\u043e\u0432\u0430\u0440\u044b\",\"item\":\"https:\\\/\\\/hartico.ee\\\/ru\\\/shop\\\/\"},{\"@type\":\"ListItem\",\"position\":3,\"name\":\"\u041b\u0435\u0441\u0442\u043d\u0438\u0447\u043d\u0430\u044f \u0442\u0435\u043b\u0435\u0436\u043a\u0430 Liftkar HD 330 B Dolly\"}]},{\"@type\":\"WebSite\",\"@id\":\"https:\\\/\\\/hartico.ee\\\/ru\\\/#website\",\"url\":\"https:\\\/\\\/hartico.ee\\\/ru\\\/\",\"name\":\"Hartico\",\"description\":\"Lifting and moving systems LIFTKAR, Xetto, Expresso\",\"publisher\":{\"@id\":\"https:\\\/\\\/hartico.ee\\\/ru\\\/#organization\"},\"potentialAction\":[{\"@type\":\"SearchAction\",\"target\":{\"@type\":\"EntryPoint\",\"urlTemplate\":\"https:\\\/\\\/hartico.ee\\\/ru\\\/?s={search_term_string}\"},\"query-input\":{\"@type\":\"PropertyValueSpecification\",\"valueRequired\":true,\"valueName\":\"search_term_string\"}}],\"inLanguage\":\"ru-RU\"},{\"@type\":\"Organization\",\"@id\":\"https:\\\/\\\/hartico.ee\\\/ru\\\/#organization\",\"name\":\"Hartico\",\"url\":\"https:\\\/\\\/hartico.ee\\\/ru\\\/\",\"logo\":{\"@type\":\"ImageObject\",\"inLanguage\":\"ru-RU\",\"@id\":\"https:\\\/\\\/hartico.ee\\\/ru\\\/#\\\/schema\\\/logo\\\/image\\\/\",\"url\":\"https:\\\/\\\/hartico.ee\\\/wp-content\\\/uploads\\\/2018\\\/11\\\/hartico_logo_with_slogan_onecolor.svg\",\"contentUrl\":\"https:\\\/\\\/hartico.ee\\\/wp-content\\\/uploads\\\/2018\\\/11\\\/hartico_logo_with_slogan_onecolor.svg\",\"width\":424,\"height\":157,\"caption\":\"Hartico\"},\"image\":{\"@id\":\"https:\\\/\\\/hartico.ee\\\/ru\\\/#\\\/schema\\\/logo\\\/image\\\/\"},\"sameAs\":[\"https:\\\/\\\/www.facebook.com\\\/SANOTransportgeraeteBaltics\\\/\"]}]}<\/script>\n<!-- \/ Yoast SEO plugin. -->","yoast_head_json":{"title":"\u041b\u0435\u0441\u0442\u043d\u0438\u0447\u043d\u0430\u044f \u0442\u0435\u043b\u0435\u0436\u043a\u0430 Liftkar HD 330 B Dolly","description":"trepik\u00e4ru, trepironija, liftkar, liftkar hd, liftakar hd dolly, sano, sano baltic, hartico, trepikaru, trepi karu, trepi k\u00e4ru, trepit\u00f5stuk, trepitostuk, trepi t\u00f5stuk, lift, kauba lift, k\u00e4ru, laok\u00e4ru, kaubak\u00e4ru, kauba k\u00e4ru, treppensteiger, stairclimber","robots":{"index":"index","follow":"follow","max-snippet":"max-snippet:-1","max-image-preview":"max-image-preview:large","max-video-preview":"max-video-preview:-1"},"canonical":"https:\/\/hartico.ee\/ru\/product\/lestnitshnaja-teleshka-liftkar-hd-330-b-dolly\/","og_locale":"ru_RU","og_type":"article","og_title":"\u041b\u0435\u0441\u0442\u043d\u0438\u0447\u043d\u0430\u044f \u0442\u0435\u043b\u0435\u0436\u043a\u0430 Liftkar HD 330 B Dolly","og_description":"trepik\u00e4ru, trepironija, liftkar, liftkar hd, liftakar hd dolly, sano, sano baltic, hartico, trepikaru, trepi karu, trepi k\u00e4ru, trepit\u00f5stuk, trepitostuk, trepi t\u00f5stuk, lift, kauba lift, k\u00e4ru, laok\u00e4ru, kaubak\u00e4ru, kauba k\u00e4ru, treppensteiger, stairclimber","og_url":"https:\/\/hartico.ee\/ru\/product\/lestnitshnaja-teleshka-liftkar-hd-330-b-dolly\/","og_site_name":"Hartico","article_publisher":"https:\/\/www.facebook.com\/SANOTransportgeraeteBaltics\/","article_modified_time":"2017-02-17T11:12:07+00:00","og_image":[{"width":548,"height":768,"url":"https:\/\/hartico.ee\/wp-content\/uploads\/2015\/01\/p-3402-p-3395-p-3388-p-3381-p-3374-060706-Liftkar-HD-Dolly-open-(2).jpg","type":"image\/jpeg"}],"twitter_card":"summary_large_image","schema":{"@context":"https:\/\/schema.org","@graph":[{"@type":"WebPage","@id":"https:\/\/hartico.ee\/ru\/product\/lestnitshnaja-teleshka-liftkar-hd-330-b-dolly\/","url":"https:\/\/hartico.ee\/ru\/product\/lestnitshnaja-teleshka-liftkar-hd-330-b-dolly\/","name":"\u041b\u0435\u0441\u0442\u043d\u0438\u0447\u043d\u0430\u044f \u0442\u0435\u043b\u0435\u0436\u043a\u0430 Liftkar HD 330 B Dolly","isPartOf":{"@id":"https:\/\/hartico.ee\/ru\/#website"},"primaryImageOfPage":{"@id":"https:\/\/hartico.ee\/ru\/product\/lestnitshnaja-teleshka-liftkar-hd-330-b-dolly\/#primaryimage"},"image":{"@id":"https:\/\/hartico.ee\/ru\/product\/lestnitshnaja-teleshka-liftkar-hd-330-b-dolly\/#primaryimage"},"thumbnailUrl":"https:\/\/hartico.ee\/wp-content\/uploads\/2015\/01\/p-3402-p-3395-p-3388-p-3381-p-3374-060706-Liftkar-HD-Dolly-open-(2).jpg","datePublished":"2014-11-10T17:29:41+00:00","dateModified":"2017-02-17T11:12:07+00:00","description":"trepik\u00e4ru, trepironija, liftkar, liftkar hd, liftakar hd dolly, sano, sano baltic, hartico, trepikaru, trepi karu, trepi k\u00e4ru, trepit\u00f5stuk, trepitostuk, trepi t\u00f5stuk, lift, kauba lift, k\u00e4ru, laok\u00e4ru, kaubak\u00e4ru, kauba k\u00e4ru, treppensteiger, stairclimber","breadcrumb":{"@id":"https:\/\/hartico.ee\/ru\/product\/lestnitshnaja-teleshka-liftkar-hd-330-b-dolly\/#breadcrumb"},"inLanguage":"ru-RU","potentialAction":[{"@type":"ReadAction","target":["https:\/\/hartico.ee\/ru\/product\/lestnitshnaja-teleshka-liftkar-hd-330-b-dolly\/"]}]},{"@type":"ImageObject","inLanguage":"ru-RU","@id":"https:\/\/hartico.ee\/ru\/product\/lestnitshnaja-teleshka-liftkar-hd-330-b-dolly\/#primaryimage","url":"https:\/\/hartico.ee\/wp-content\/uploads\/2015\/01\/p-3402-p-3395-p-3388-p-3381-p-3374-060706-Liftkar-HD-Dolly-open-(2).jpg","contentUrl":"https:\/\/hartico.ee\/wp-content\/uploads\/2015\/01\/p-3402-p-3395-p-3388-p-3381-p-3374-060706-Liftkar-HD-Dolly-open-(2).jpg","width":548,"height":768,"caption":"\u041b\u0435\u0441\u0442\u043d\u0438\u0447\u043d\u0430\u044f \u0442\u0435\u043b\u0435\u0436\u043a\u0430 Liftkar HD 360 B Dolly"},{"@type":"BreadcrumbList","@id":"https:\/\/hartico.ee\/ru\/product\/lestnitshnaja-teleshka-liftkar-hd-330-b-dolly\/#breadcrumb","itemListElement":[{"@type":"ListItem","position":1,"name":"Esileht","item":"https:\/\/hartico.ee\/ru\/"},{"@type":"ListItem","position":2,"name":"\u0422\u043e\u0432\u0430\u0440\u044b","item":"https:\/\/hartico.ee\/ru\/shop\/"},{"@type":"ListItem","position":3,"name":"\u041b\u0435\u0441\u0442\u043d\u0438\u0447\u043d\u0430\u044f \u0442\u0435\u043b\u0435\u0436\u043a\u0430 Liftkar HD 330 B Dolly"}]},{"@type":"WebSite","@id":"https:\/\/hartico.ee\/ru\/#website","url":"https:\/\/hartico.ee\/ru\/","name":"Hartico","description":"Lifting and moving systems LIFTKAR, Xetto, Expresso","publisher":{"@id":"https:\/\/hartico.ee\/ru\/#organization"},"potentialAction":[{"@type":"SearchAction","target":{"@type":"EntryPoint","urlTemplate":"https:\/\/hartico.ee\/ru\/?s={search_term_string}"},"query-input":{"@type":"PropertyValueSpecification","valueRequired":true,"valueName":"search_term_string"}}],"inLanguage":"ru-RU"},{"@type":"Organization","@id":"https:\/\/hartico.ee\/ru\/#organization","name":"Hartico","url":"https:\/\/hartico.ee\/ru\/","logo":{"@type":"ImageObject","inLanguage":"ru-RU","@id":"https:\/\/hartico.ee\/ru\/#\/schema\/logo\/image\/","url":"https:\/\/hartico.ee\/wp-content\/uploads\/2018\/11\/hartico_logo_with_slogan_onecolor.svg","contentUrl":"https:\/\/hartico.ee\/wp-content\/uploads\/2018\/11\/hartico_logo_with_slogan_onecolor.svg","width":424,"height":157,"caption":"Hartico"},"image":{"@id":"https:\/\/hartico.ee\/ru\/#\/schema\/logo\/image\/"},"sameAs":["https:\/\/www.facebook.com\/SANOTransportgeraeteBaltics\/"]}]}},"_links":{"self":[{"href":"https:\/\/hartico.ee\/ru\/wp-json\/wp\/v2\/product\/3402","targetHints":{"allow":["GET"]}}],"collection":[{"href":"https:\/\/hartico.ee\/ru\/wp-json\/wp\/v2\/product"}],"about":[{"href":"https:\/\/hartico.ee\/ru\/wp-json\/wp\/v2\/types\/product"}],"wp:featuredmedia":[{"embeddable":true,"href":"https:\/\/hartico.ee\/ru\/wp-json\/wp\/v2\/media\/3403"}],"wp:attachment":[{"href":"https:\/\/hartico.ee\/ru\/wp-json\/wp\/v2\/media?parent=3402"}],"wp:term":[{"taxonomy":"product_brand","embeddable":true,"href":"https:\/\/hartico.ee\/ru\/wp-json\/wp\/v2\/product_brand?post=3402"},{"taxonomy":"product_cat","embeddable":true,"href":"https:\/\/hartico.ee\/ru\/wp-json\/wp\/v2\/product_cat?post=3402"},{"taxonomy":"product_tag","embeddable":true,"href":"https:\/\/hartico.ee\/ru\/wp-json\/wp\/v2\/product_tag?post=3402"}],"curies":[{"name":"wp","href":"https:\/\/api.w.org\/{rel}","templated":true}]}}