{"id":6410,"date":"2018-12-04T17:56:45","date_gmt":"2018-12-04T15:56:46","guid":{"rendered":"https:\/\/hartico.ee\/?post_type=product&#038;p=6410"},"modified":"2022-01-17T11:15:49","modified_gmt":"2022-01-17T09:15:49","slug":"ass-pagarinajums-80mm-liftkar","status":"publish","type":"product","link":"https:\/\/hartico.ee\/lv\/product\/ass-pagarinajums-80mm-liftkar\/","title":{"rendered":"Ass pagarin\u0101jums + 80mm, LIFTKAR"},"content":{"rendered":"<h4>Ass pagarin\u0101jums + 80mm, LIFTKAR<\/h4>\n<p>Standarta platumam 480 mm pievieno papildu + 80 mm.<\/p>\n<p>Rati\u0146u standarta platums ir \u012bpa\u0161i \u0161aurs 480mm, jo \u200b\u200btie var iziet cauri pat \u0161aur\u0101kaj\u0101m durv\u012bm un liftiem ar platumu 500mm<\/p>\n<p>Ass pagarin\u0101jums ir laba un popul\u0101ra izv\u0113le, lai ratiem pievienotu stabilit\u0101ti:<\/p>\n<ul>\n<li>augst\u0101ku pre\u010du p\u0101rvad\u0101\u0161anai<\/li>\n<li>str\u0101d\u0101jot uz nel\u012bdzen\u0101m virsm\u0101m<\/li>\n<li>\u0101tr\u0101 temp\u0101 profesion\u0101los uz\u0146\u0113mumos<\/li>\n<\/ul>\n<p>Kop\u0101 ar pagarin\u0101jumu rati\u0146u un rite\u0146u platums ir 560 mm<\/p>\n<p>Piem\u0113rots mode\u013ciem:<\/p>\n<ul>\n<li>LIFTKAR SAL (visi mode\u013ci 110-170kg)<\/li>\n<li>MODULAR 300 (visi mode\u013ci l\u012bdz 300 kg)<\/li>\n<\/ul>\n","protected":false},"excerpt":{"rendered":"<p>Ass pagarin\u0101jums + 80mm, LIFTKAR Standarta platumam 480 mm pievieno papildu + 80 mm. Rati\u0146u standarta platums ir \u012bpa\u0161i \u0161aurs 480mm, jo \u200b\u200btie var iziet cauri pat \u0161aur\u0101kaj\u0101m durv\u012bm un liftiem ar platumu 500mm Ass pagarin\u0101jums ir laba un popul\u0101ra izv\u0113le, lai ratiem pievienotu stabilit\u0101ti: augst\u0101ku pre\u010du p\u0101rvad\u0101\u0161anai str\u0101d\u0101jot uz nel\u012bdzen\u0101m virsm\u0101m \u0101tr\u0101 temp\u0101 profesion\u0101los [&hellip;]<\/p>\n","protected":false},"featured_media":6414,"template":"","meta":{"_acf_changed":false,"inline_featured_image":false},"product_brand":[],"product_cat":[322,65,70],"product_tag":[],"class_list":{"0":"post-6410","1":"product","2":"type-product","3":"status-publish","4":"has-post-thumbnail","6":"product_cat-liftkar-sal-papildus","7":"product_cat-liftkar-modulkar-papildus","8":"product_cat-piederumi","10":"first","11":"instock","12":"taxable","13":"shipping-taxable","14":"product-type-simple"},"acf":[],"yoast_head":"<!-- This site is optimized with the Yoast SEO plugin v27.3 - https:\/\/yoast.com\/product\/yoast-seo-wordpress\/ -->\n<title>Ass pagarin\u0101jums + 80mm LIFTKAR k\u0101p\u0146u rati\u0146iem un MODULKAR profesion\u0101lajiem rati\u0146iem<\/title>\n<meta name=\"description\" content=\"Ass pagarin\u0101jums + 80mm LIFTKAR k\u0101p\u0146u rati\u0146iem un MODULKAR profesion\u0101lajiem rati\u0146iem\" \/>\n<meta name=\"robots\" content=\"index, follow, max-snippet:-1, max-image-preview:large, max-video-preview:-1\" \/>\n<link rel=\"canonical\" href=\"https:\/\/hartico.ee\/lv\/product\/ass-pagarinajums-80mm-liftkar\/\" \/>\n<meta property=\"og:locale\" content=\"lv_LV\" \/>\n<meta property=\"og:type\" content=\"article\" \/>\n<meta property=\"og:title\" content=\"Ass pagarin\u0101jums + 80mm LIFTKAR k\u0101p\u0146u rati\u0146iem un MODULKAR profesion\u0101lajiem rati\u0146iem\" \/>\n<meta property=\"og:description\" content=\"Ass pagarin\u0101jums + 80mm LIFTKAR k\u0101p\u0146u rati\u0146iem un MODULKAR profesion\u0101lajiem rati\u0146iem\" \/>\n<meta property=\"og:url\" content=\"https:\/\/hartico.ee\/lv\/product\/ass-pagarinajums-80mm-liftkar\/\" \/>\n<meta property=\"og:site_name\" content=\"Hartico\" \/>\n<meta property=\"article:publisher\" content=\"https:\/\/www.facebook.com\/SANOTransportgeraeteBaltics\/\" \/>\n<meta property=\"article:modified_time\" content=\"2022-01-17T09:15:49+00:00\" \/>\n<meta property=\"og:image\" content=\"https:\/\/hartico.ee\/wp-content\/uploads\/2018\/12\/teljelaiendus.jpg\" \/>\n\t<meta property=\"og:image:width\" content=\"500\" \/>\n\t<meta property=\"og:image:height\" content=\"320\" \/>\n\t<meta property=\"og:image:type\" content=\"image\/jpeg\" \/>\n<meta name=\"twitter:card\" content=\"summary_large_image\" \/>\n<meta name=\"twitter:label1\" content=\"Est. reading time\" \/>\n\t<meta name=\"twitter:data1\" content=\"1 min\u016b\u0161u\" \/>\n<script type=\"application\/ld+json\" class=\"yoast-schema-graph\">{\"@context\":\"https:\\\/\\\/schema.org\",\"@graph\":[{\"@type\":\"WebPage\",\"@id\":\"https:\\\/\\\/hartico.ee\\\/lv\\\/product\\\/ass-pagarinajums-80mm-liftkar\\\/\",\"url\":\"https:\\\/\\\/hartico.ee\\\/lv\\\/product\\\/ass-pagarinajums-80mm-liftkar\\\/\",\"name\":\"Ass pagarin\u0101jums + 80mm LIFTKAR k\u0101p\u0146u rati\u0146iem un MODULKAR profesion\u0101lajiem rati\u0146iem\",\"isPartOf\":{\"@id\":\"https:\\\/\\\/hartico.ee\\\/lv\\\/#website\"},\"primaryImageOfPage\":{\"@id\":\"https:\\\/\\\/hartico.ee\\\/lv\\\/product\\\/ass-pagarinajums-80mm-liftkar\\\/#primaryimage\"},\"image\":{\"@id\":\"https:\\\/\\\/hartico.ee\\\/lv\\\/product\\\/ass-pagarinajums-80mm-liftkar\\\/#primaryimage\"},\"thumbnailUrl\":\"https:\\\/\\\/hartico.ee\\\/wp-content\\\/uploads\\\/2018\\\/12\\\/teljelaiendus.jpg\",\"datePublished\":\"2018-12-04T15:56:46+00:00\",\"dateModified\":\"2022-01-17T09:15:49+00:00\",\"description\":\"Ass pagarin\u0101jums + 80mm LIFTKAR k\u0101p\u0146u rati\u0146iem un MODULKAR profesion\u0101lajiem rati\u0146iem\",\"breadcrumb\":{\"@id\":\"https:\\\/\\\/hartico.ee\\\/lv\\\/product\\\/ass-pagarinajums-80mm-liftkar\\\/#breadcrumb\"},\"inLanguage\":\"lv-LV\",\"potentialAction\":[{\"@type\":\"ReadAction\",\"target\":[\"https:\\\/\\\/hartico.ee\\\/lv\\\/product\\\/ass-pagarinajums-80mm-liftkar\\\/\"]}]},{\"@type\":\"ImageObject\",\"inLanguage\":\"lv-LV\",\"@id\":\"https:\\\/\\\/hartico.ee\\\/lv\\\/product\\\/ass-pagarinajums-80mm-liftkar\\\/#primaryimage\",\"url\":\"https:\\\/\\\/hartico.ee\\\/wp-content\\\/uploads\\\/2018\\\/12\\\/teljelaiendus.jpg\",\"contentUrl\":\"https:\\\/\\\/hartico.ee\\\/wp-content\\\/uploads\\\/2018\\\/12\\\/teljelaiendus.jpg\",\"width\":500,\"height\":320},{\"@type\":\"BreadcrumbList\",\"@id\":\"https:\\\/\\\/hartico.ee\\\/lv\\\/product\\\/ass-pagarinajums-80mm-liftkar\\\/#breadcrumb\",\"itemListElement\":[{\"@type\":\"ListItem\",\"position\":1,\"name\":\"Esileht\",\"item\":\"https:\\\/\\\/hartico.ee\\\/lv\\\/\"},{\"@type\":\"ListItem\",\"position\":2,\"name\":\"Produkti\",\"item\":\"https:\\\/\\\/hartico.ee\\\/lv\\\/shop\\\/\"},{\"@type\":\"ListItem\",\"position\":3,\"name\":\"Ass pagarin\u0101jums + 80mm, LIFTKAR\"}]},{\"@type\":\"WebSite\",\"@id\":\"https:\\\/\\\/hartico.ee\\\/lv\\\/#website\",\"url\":\"https:\\\/\\\/hartico.ee\\\/lv\\\/\",\"name\":\"Hartico\",\"description\":\"Lifting and moving systems LIFTKAR, Xetto, Expresso\",\"publisher\":{\"@id\":\"https:\\\/\\\/hartico.ee\\\/lv\\\/#organization\"},\"potentialAction\":[{\"@type\":\"SearchAction\",\"target\":{\"@type\":\"EntryPoint\",\"urlTemplate\":\"https:\\\/\\\/hartico.ee\\\/lv\\\/?s={search_term_string}\"},\"query-input\":{\"@type\":\"PropertyValueSpecification\",\"valueRequired\":true,\"valueName\":\"search_term_string\"}}],\"inLanguage\":\"lv-LV\"},{\"@type\":\"Organization\",\"@id\":\"https:\\\/\\\/hartico.ee\\\/lv\\\/#organization\",\"name\":\"Hartico\",\"url\":\"https:\\\/\\\/hartico.ee\\\/lv\\\/\",\"logo\":{\"@type\":\"ImageObject\",\"inLanguage\":\"lv-LV\",\"@id\":\"https:\\\/\\\/hartico.ee\\\/lv\\\/#\\\/schema\\\/logo\\\/image\\\/\",\"url\":\"https:\\\/\\\/hartico.ee\\\/wp-content\\\/uploads\\\/2018\\\/11\\\/hartico_logo_with_slogan_onecolor.svg\",\"contentUrl\":\"https:\\\/\\\/hartico.ee\\\/wp-content\\\/uploads\\\/2018\\\/11\\\/hartico_logo_with_slogan_onecolor.svg\",\"width\":424,\"height\":157,\"caption\":\"Hartico\"},\"image\":{\"@id\":\"https:\\\/\\\/hartico.ee\\\/lv\\\/#\\\/schema\\\/logo\\\/image\\\/\"},\"sameAs\":[\"https:\\\/\\\/www.facebook.com\\\/SANOTransportgeraeteBaltics\\\/\"]}]}<\/script>\n<!-- \/ Yoast SEO plugin. -->","yoast_head_json":{"title":"Ass pagarin\u0101jums + 80mm LIFTKAR k\u0101p\u0146u rati\u0146iem un MODULKAR profesion\u0101lajiem rati\u0146iem","description":"Ass pagarin\u0101jums + 80mm LIFTKAR k\u0101p\u0146u rati\u0146iem un MODULKAR profesion\u0101lajiem rati\u0146iem","robots":{"index":"index","follow":"follow","max-snippet":"max-snippet:-1","max-image-preview":"max-image-preview:large","max-video-preview":"max-video-preview:-1"},"canonical":"https:\/\/hartico.ee\/lv\/product\/ass-pagarinajums-80mm-liftkar\/","og_locale":"lv_LV","og_type":"article","og_title":"Ass pagarin\u0101jums + 80mm LIFTKAR k\u0101p\u0146u rati\u0146iem un MODULKAR profesion\u0101lajiem rati\u0146iem","og_description":"Ass pagarin\u0101jums + 80mm LIFTKAR k\u0101p\u0146u rati\u0146iem un MODULKAR profesion\u0101lajiem rati\u0146iem","og_url":"https:\/\/hartico.ee\/lv\/product\/ass-pagarinajums-80mm-liftkar\/","og_site_name":"Hartico","article_publisher":"https:\/\/www.facebook.com\/SANOTransportgeraeteBaltics\/","article_modified_time":"2022-01-17T09:15:49+00:00","og_image":[{"width":500,"height":320,"url":"https:\/\/hartico.ee\/wp-content\/uploads\/2018\/12\/teljelaiendus.jpg","type":"image\/jpeg"}],"twitter_card":"summary_large_image","twitter_misc":{"Est. reading time":"1 min\u016b\u0161u"},"schema":{"@context":"https:\/\/schema.org","@graph":[{"@type":"WebPage","@id":"https:\/\/hartico.ee\/lv\/product\/ass-pagarinajums-80mm-liftkar\/","url":"https:\/\/hartico.ee\/lv\/product\/ass-pagarinajums-80mm-liftkar\/","name":"Ass pagarin\u0101jums + 80mm LIFTKAR k\u0101p\u0146u rati\u0146iem un MODULKAR profesion\u0101lajiem rati\u0146iem","isPartOf":{"@id":"https:\/\/hartico.ee\/lv\/#website"},"primaryImageOfPage":{"@id":"https:\/\/hartico.ee\/lv\/product\/ass-pagarinajums-80mm-liftkar\/#primaryimage"},"image":{"@id":"https:\/\/hartico.ee\/lv\/product\/ass-pagarinajums-80mm-liftkar\/#primaryimage"},"thumbnailUrl":"https:\/\/hartico.ee\/wp-content\/uploads\/2018\/12\/teljelaiendus.jpg","datePublished":"2018-12-04T15:56:46+00:00","dateModified":"2022-01-17T09:15:49+00:00","description":"Ass pagarin\u0101jums + 80mm LIFTKAR k\u0101p\u0146u rati\u0146iem un MODULKAR profesion\u0101lajiem rati\u0146iem","breadcrumb":{"@id":"https:\/\/hartico.ee\/lv\/product\/ass-pagarinajums-80mm-liftkar\/#breadcrumb"},"inLanguage":"lv-LV","potentialAction":[{"@type":"ReadAction","target":["https:\/\/hartico.ee\/lv\/product\/ass-pagarinajums-80mm-liftkar\/"]}]},{"@type":"ImageObject","inLanguage":"lv-LV","@id":"https:\/\/hartico.ee\/lv\/product\/ass-pagarinajums-80mm-liftkar\/#primaryimage","url":"https:\/\/hartico.ee\/wp-content\/uploads\/2018\/12\/teljelaiendus.jpg","contentUrl":"https:\/\/hartico.ee\/wp-content\/uploads\/2018\/12\/teljelaiendus.jpg","width":500,"height":320},{"@type":"BreadcrumbList","@id":"https:\/\/hartico.ee\/lv\/product\/ass-pagarinajums-80mm-liftkar\/#breadcrumb","itemListElement":[{"@type":"ListItem","position":1,"name":"Esileht","item":"https:\/\/hartico.ee\/lv\/"},{"@type":"ListItem","position":2,"name":"Produkti","item":"https:\/\/hartico.ee\/lv\/shop\/"},{"@type":"ListItem","position":3,"name":"Ass pagarin\u0101jums + 80mm, LIFTKAR"}]},{"@type":"WebSite","@id":"https:\/\/hartico.ee\/lv\/#website","url":"https:\/\/hartico.ee\/lv\/","name":"Hartico","description":"Lifting and moving systems LIFTKAR, Xetto, Expresso","publisher":{"@id":"https:\/\/hartico.ee\/lv\/#organization"},"potentialAction":[{"@type":"SearchAction","target":{"@type":"EntryPoint","urlTemplate":"https:\/\/hartico.ee\/lv\/?s={search_term_string}"},"query-input":{"@type":"PropertyValueSpecification","valueRequired":true,"valueName":"search_term_string"}}],"inLanguage":"lv-LV"},{"@type":"Organization","@id":"https:\/\/hartico.ee\/lv\/#organization","name":"Hartico","url":"https:\/\/hartico.ee\/lv\/","logo":{"@type":"ImageObject","inLanguage":"lv-LV","@id":"https:\/\/hartico.ee\/lv\/#\/schema\/logo\/image\/","url":"https:\/\/hartico.ee\/wp-content\/uploads\/2018\/11\/hartico_logo_with_slogan_onecolor.svg","contentUrl":"https:\/\/hartico.ee\/wp-content\/uploads\/2018\/11\/hartico_logo_with_slogan_onecolor.svg","width":424,"height":157,"caption":"Hartico"},"image":{"@id":"https:\/\/hartico.ee\/lv\/#\/schema\/logo\/image\/"},"sameAs":["https:\/\/www.facebook.com\/SANOTransportgeraeteBaltics\/"]}]}},"_links":{"self":[{"href":"https:\/\/hartico.ee\/lv\/wp-json\/wp\/v2\/product\/6410","targetHints":{"allow":["GET"]}}],"collection":[{"href":"https:\/\/hartico.ee\/lv\/wp-json\/wp\/v2\/product"}],"about":[{"href":"https:\/\/hartico.ee\/lv\/wp-json\/wp\/v2\/types\/product"}],"wp:featuredmedia":[{"embeddable":true,"href":"https:\/\/hartico.ee\/lv\/wp-json\/wp\/v2\/media\/6414"}],"wp:attachment":[{"href":"https:\/\/hartico.ee\/lv\/wp-json\/wp\/v2\/media?parent=6410"}],"wp:term":[{"taxonomy":"product_brand","embeddable":true,"href":"https:\/\/hartico.ee\/lv\/wp-json\/wp\/v2\/product_brand?post=6410"},{"taxonomy":"product_cat","embeddable":true,"href":"https:\/\/hartico.ee\/lv\/wp-json\/wp\/v2\/product_cat?post=6410"},{"taxonomy":"product_tag","embeddable":true,"href":"https:\/\/hartico.ee\/lv\/wp-json\/wp\/v2\/product_tag?post=6410"}],"curies":[{"name":"wp","href":"https:\/\/api.w.org\/{rel}","templated":true}]}}