{"id":3995,"date":"2016-12-02T13:54:04","date_gmt":"2016-12-02T11:54:04","guid":{"rendered":"http:\/\/hartico.path.ee\/?post_type=product&#038;p=3995"},"modified":"2019-10-15T12:12:04","modified_gmt":"2019-10-15T10:12:04","slug":"pacelsanas-sistema-par-liftkar","status":"publish","type":"product","link":"https:\/\/hartico.ee\/lv\/product\/pacelsanas-sistema-par-liftkar\/","title":{"rendered":"Pacel\u0161anas sist\u0113ma priek\u0161 Liftkar"},"content":{"rendered":"<p>Pacel\u0161anas sist\u0113ma priek\u0161 LIFTKAR SAL<br \/>\nPriek\u0161 mode\u013ciem ar pacel\u0161anas augstumu no 900 mm l\u012bdz 1100 mm.<\/p>\n<p>Nomin\u0101l\u0101 celtsp\u0113ja 120kg<\/p>\n<p>2 gadu garantija<\/p>\n<p>&nbsp;<\/p>\n<p>&nbsp;<\/p>\n","protected":false},"excerpt":{"rendered":"<p>Pacel\u0161anas sist\u0113ma priek\u0161 LIFTKAR SAL Priek\u0161 mode\u013ciem ar pacel\u0161anas augstumu no 900 mm l\u012bdz 1100 mm. Nomin\u0101l\u0101 celtsp\u0113ja 120kg 2 gadu garantija &nbsp; &nbsp;<\/p>\n","protected":false},"featured_media":5749,"template":"","meta":{"_acf_changed":false,"inline_featured_image":false},"product_brand":[],"product_cat":[322,65,70],"product_tag":[],"class_list":{"0":"post-3995","1":"product","2":"type-product","3":"status-publish","4":"has-post-thumbnail","6":"product_cat-liftkar-sal-papildus","7":"product_cat-liftkar-modulkar-papildus","8":"product_cat-piederumi","10":"first","11":"instock","12":"taxable","13":"shipping-taxable","14":"product-type-simple"},"acf":[],"yoast_head":"<!-- This site is optimized with the Yoast SEO plugin v27.3 - https:\/\/yoast.com\/product\/yoast-seo-wordpress\/ -->\n<title>Pacel\u0161anas sist\u0113ma priek\u0161 Liftkar<\/title>\n<meta name=\"description\" content=\"Pacel\u0161anas sist\u0113ma priek\u0161 Liftkar\" \/>\n<meta name=\"robots\" content=\"index, follow, max-snippet:-1, max-image-preview:large, max-video-preview:-1\" \/>\n<link rel=\"canonical\" href=\"https:\/\/hartico.ee\/lv\/product\/pacelsanas-sistema-par-liftkar\/\" \/>\n<meta property=\"og:locale\" content=\"lv_LV\" \/>\n<meta property=\"og:type\" content=\"article\" \/>\n<meta property=\"og:title\" content=\"Pacel\u0161anas sist\u0113ma priek\u0161 Liftkar\" \/>\n<meta property=\"og:description\" content=\"Pacel\u0161anas sist\u0113ma priek\u0161 Liftkar\" \/>\n<meta property=\"og:url\" content=\"https:\/\/hartico.ee\/lv\/product\/pacelsanas-sistema-par-liftkar\/\" \/>\n<meta property=\"og:site_name\" content=\"Hartico\" \/>\n<meta property=\"article:publisher\" content=\"https:\/\/www.facebook.com\/SANOTransportgeraeteBaltics\/\" \/>\n<meta property=\"article:modified_time\" content=\"2019-10-15T10:12:04+00:00\" \/>\n<meta property=\"og:image\" content=\"https:\/\/hartico.ee\/wp-content\/uploads\/2015\/06\/p-3989-Hubsystem-+-strap.png\" \/>\n\t<meta property=\"og:image:width\" content=\"518\" \/>\n\t<meta property=\"og:image:height\" content=\"770\" \/>\n\t<meta property=\"og:image:type\" content=\"image\/jpeg\" \/>\n<meta name=\"twitter:card\" content=\"summary_large_image\" \/>\n<script type=\"application\/ld+json\" class=\"yoast-schema-graph\">{\"@context\":\"https:\\\/\\\/schema.org\",\"@graph\":[{\"@type\":\"WebPage\",\"@id\":\"https:\\\/\\\/hartico.ee\\\/lv\\\/product\\\/pacelsanas-sistema-par-liftkar\\\/\",\"url\":\"https:\\\/\\\/hartico.ee\\\/lv\\\/product\\\/pacelsanas-sistema-par-liftkar\\\/\",\"name\":\"Pacel\u0161anas sist\u0113ma priek\u0161 Liftkar\",\"isPartOf\":{\"@id\":\"https:\\\/\\\/hartico.ee\\\/lv\\\/#website\"},\"primaryImageOfPage\":{\"@id\":\"https:\\\/\\\/hartico.ee\\\/lv\\\/product\\\/pacelsanas-sistema-par-liftkar\\\/#primaryimage\"},\"image\":{\"@id\":\"https:\\\/\\\/hartico.ee\\\/lv\\\/product\\\/pacelsanas-sistema-par-liftkar\\\/#primaryimage\"},\"thumbnailUrl\":\"https:\\\/\\\/hartico.ee\\\/wp-content\\\/uploads\\\/2015\\\/06\\\/p-3989-Hubsystem-+-strap.png\",\"datePublished\":\"2016-12-02T11:54:04+00:00\",\"dateModified\":\"2019-10-15T10:12:04+00:00\",\"description\":\"Pacel\u0161anas sist\u0113ma priek\u0161 Liftkar\",\"breadcrumb\":{\"@id\":\"https:\\\/\\\/hartico.ee\\\/lv\\\/product\\\/pacelsanas-sistema-par-liftkar\\\/#breadcrumb\"},\"inLanguage\":\"lv-LV\",\"potentialAction\":[{\"@type\":\"ReadAction\",\"target\":[\"https:\\\/\\\/hartico.ee\\\/lv\\\/product\\\/pacelsanas-sistema-par-liftkar\\\/\"]}]},{\"@type\":\"ImageObject\",\"inLanguage\":\"lv-LV\",\"@id\":\"https:\\\/\\\/hartico.ee\\\/lv\\\/product\\\/pacelsanas-sistema-par-liftkar\\\/#primaryimage\",\"url\":\"https:\\\/\\\/hartico.ee\\\/wp-content\\\/uploads\\\/2015\\\/06\\\/p-3989-Hubsystem-+-strap.png\",\"contentUrl\":\"https:\\\/\\\/hartico.ee\\\/wp-content\\\/uploads\\\/2015\\\/06\\\/p-3989-Hubsystem-+-strap.png\",\"width\":518,\"height\":770,\"caption\":\"Pacel\u0161anas sist\u0113ma priek\u0161 Liftkar\"},{\"@type\":\"BreadcrumbList\",\"@id\":\"https:\\\/\\\/hartico.ee\\\/lv\\\/product\\\/pacelsanas-sistema-par-liftkar\\\/#breadcrumb\",\"itemListElement\":[{\"@type\":\"ListItem\",\"position\":1,\"name\":\"Esileht\",\"item\":\"https:\\\/\\\/hartico.ee\\\/lv\\\/\"},{\"@type\":\"ListItem\",\"position\":2,\"name\":\"Produkti\",\"item\":\"https:\\\/\\\/hartico.ee\\\/lv\\\/shop\\\/\"},{\"@type\":\"ListItem\",\"position\":3,\"name\":\"Pacel\u0161anas sist\u0113ma priek\u0161 Liftkar\"}]},{\"@type\":\"WebSite\",\"@id\":\"https:\\\/\\\/hartico.ee\\\/lv\\\/#website\",\"url\":\"https:\\\/\\\/hartico.ee\\\/lv\\\/\",\"name\":\"Hartico\",\"description\":\"Lifting and moving systems LIFTKAR, Xetto, Expresso\",\"publisher\":{\"@id\":\"https:\\\/\\\/hartico.ee\\\/lv\\\/#organization\"},\"potentialAction\":[{\"@type\":\"SearchAction\",\"target\":{\"@type\":\"EntryPoint\",\"urlTemplate\":\"https:\\\/\\\/hartico.ee\\\/lv\\\/?s={search_term_string}\"},\"query-input\":{\"@type\":\"PropertyValueSpecification\",\"valueRequired\":true,\"valueName\":\"search_term_string\"}}],\"inLanguage\":\"lv-LV\"},{\"@type\":\"Organization\",\"@id\":\"https:\\\/\\\/hartico.ee\\\/lv\\\/#organization\",\"name\":\"Hartico\",\"url\":\"https:\\\/\\\/hartico.ee\\\/lv\\\/\",\"logo\":{\"@type\":\"ImageObject\",\"inLanguage\":\"lv-LV\",\"@id\":\"https:\\\/\\\/hartico.ee\\\/lv\\\/#\\\/schema\\\/logo\\\/image\\\/\",\"url\":\"https:\\\/\\\/hartico.ee\\\/wp-content\\\/uploads\\\/2018\\\/11\\\/hartico_logo_with_slogan_onecolor.svg\",\"contentUrl\":\"https:\\\/\\\/hartico.ee\\\/wp-content\\\/uploads\\\/2018\\\/11\\\/hartico_logo_with_slogan_onecolor.svg\",\"width\":424,\"height\":157,\"caption\":\"Hartico\"},\"image\":{\"@id\":\"https:\\\/\\\/hartico.ee\\\/lv\\\/#\\\/schema\\\/logo\\\/image\\\/\"},\"sameAs\":[\"https:\\\/\\\/www.facebook.com\\\/SANOTransportgeraeteBaltics\\\/\"]}]}<\/script>\n<!-- \/ Yoast SEO plugin. -->","yoast_head_json":{"title":"Pacel\u0161anas sist\u0113ma priek\u0161 Liftkar","description":"Pacel\u0161anas sist\u0113ma priek\u0161 Liftkar","robots":{"index":"index","follow":"follow","max-snippet":"max-snippet:-1","max-image-preview":"max-image-preview:large","max-video-preview":"max-video-preview:-1"},"canonical":"https:\/\/hartico.ee\/lv\/product\/pacelsanas-sistema-par-liftkar\/","og_locale":"lv_LV","og_type":"article","og_title":"Pacel\u0161anas sist\u0113ma priek\u0161 Liftkar","og_description":"Pacel\u0161anas sist\u0113ma priek\u0161 Liftkar","og_url":"https:\/\/hartico.ee\/lv\/product\/pacelsanas-sistema-par-liftkar\/","og_site_name":"Hartico","article_publisher":"https:\/\/www.facebook.com\/SANOTransportgeraeteBaltics\/","article_modified_time":"2019-10-15T10:12:04+00:00","og_image":[{"width":518,"height":770,"url":"https:\/\/hartico.ee\/wp-content\/uploads\/2015\/06\/p-3989-Hubsystem-+-strap.png","type":"image\/jpeg"}],"twitter_card":"summary_large_image","schema":{"@context":"https:\/\/schema.org","@graph":[{"@type":"WebPage","@id":"https:\/\/hartico.ee\/lv\/product\/pacelsanas-sistema-par-liftkar\/","url":"https:\/\/hartico.ee\/lv\/product\/pacelsanas-sistema-par-liftkar\/","name":"Pacel\u0161anas sist\u0113ma priek\u0161 Liftkar","isPartOf":{"@id":"https:\/\/hartico.ee\/lv\/#website"},"primaryImageOfPage":{"@id":"https:\/\/hartico.ee\/lv\/product\/pacelsanas-sistema-par-liftkar\/#primaryimage"},"image":{"@id":"https:\/\/hartico.ee\/lv\/product\/pacelsanas-sistema-par-liftkar\/#primaryimage"},"thumbnailUrl":"https:\/\/hartico.ee\/wp-content\/uploads\/2015\/06\/p-3989-Hubsystem-+-strap.png","datePublished":"2016-12-02T11:54:04+00:00","dateModified":"2019-10-15T10:12:04+00:00","description":"Pacel\u0161anas sist\u0113ma priek\u0161 Liftkar","breadcrumb":{"@id":"https:\/\/hartico.ee\/lv\/product\/pacelsanas-sistema-par-liftkar\/#breadcrumb"},"inLanguage":"lv-LV","potentialAction":[{"@type":"ReadAction","target":["https:\/\/hartico.ee\/lv\/product\/pacelsanas-sistema-par-liftkar\/"]}]},{"@type":"ImageObject","inLanguage":"lv-LV","@id":"https:\/\/hartico.ee\/lv\/product\/pacelsanas-sistema-par-liftkar\/#primaryimage","url":"https:\/\/hartico.ee\/wp-content\/uploads\/2015\/06\/p-3989-Hubsystem-+-strap.png","contentUrl":"https:\/\/hartico.ee\/wp-content\/uploads\/2015\/06\/p-3989-Hubsystem-+-strap.png","width":518,"height":770,"caption":"Pacel\u0161anas sist\u0113ma priek\u0161 Liftkar"},{"@type":"BreadcrumbList","@id":"https:\/\/hartico.ee\/lv\/product\/pacelsanas-sistema-par-liftkar\/#breadcrumb","itemListElement":[{"@type":"ListItem","position":1,"name":"Esileht","item":"https:\/\/hartico.ee\/lv\/"},{"@type":"ListItem","position":2,"name":"Produkti","item":"https:\/\/hartico.ee\/lv\/shop\/"},{"@type":"ListItem","position":3,"name":"Pacel\u0161anas sist\u0113ma priek\u0161 Liftkar"}]},{"@type":"WebSite","@id":"https:\/\/hartico.ee\/lv\/#website","url":"https:\/\/hartico.ee\/lv\/","name":"Hartico","description":"Lifting and moving systems LIFTKAR, Xetto, Expresso","publisher":{"@id":"https:\/\/hartico.ee\/lv\/#organization"},"potentialAction":[{"@type":"SearchAction","target":{"@type":"EntryPoint","urlTemplate":"https:\/\/hartico.ee\/lv\/?s={search_term_string}"},"query-input":{"@type":"PropertyValueSpecification","valueRequired":true,"valueName":"search_term_string"}}],"inLanguage":"lv-LV"},{"@type":"Organization","@id":"https:\/\/hartico.ee\/lv\/#organization","name":"Hartico","url":"https:\/\/hartico.ee\/lv\/","logo":{"@type":"ImageObject","inLanguage":"lv-LV","@id":"https:\/\/hartico.ee\/lv\/#\/schema\/logo\/image\/","url":"https:\/\/hartico.ee\/wp-content\/uploads\/2018\/11\/hartico_logo_with_slogan_onecolor.svg","contentUrl":"https:\/\/hartico.ee\/wp-content\/uploads\/2018\/11\/hartico_logo_with_slogan_onecolor.svg","width":424,"height":157,"caption":"Hartico"},"image":{"@id":"https:\/\/hartico.ee\/lv\/#\/schema\/logo\/image\/"},"sameAs":["https:\/\/www.facebook.com\/SANOTransportgeraeteBaltics\/"]}]}},"_links":{"self":[{"href":"https:\/\/hartico.ee\/lv\/wp-json\/wp\/v2\/product\/3995","targetHints":{"allow":["GET"]}}],"collection":[{"href":"https:\/\/hartico.ee\/lv\/wp-json\/wp\/v2\/product"}],"about":[{"href":"https:\/\/hartico.ee\/lv\/wp-json\/wp\/v2\/types\/product"}],"wp:featuredmedia":[{"embeddable":true,"href":"https:\/\/hartico.ee\/lv\/wp-json\/wp\/v2\/media\/5749"}],"wp:attachment":[{"href":"https:\/\/hartico.ee\/lv\/wp-json\/wp\/v2\/media?parent=3995"}],"wp:term":[{"taxonomy":"product_brand","embeddable":true,"href":"https:\/\/hartico.ee\/lv\/wp-json\/wp\/v2\/product_brand?post=3995"},{"taxonomy":"product_cat","embeddable":true,"href":"https:\/\/hartico.ee\/lv\/wp-json\/wp\/v2\/product_cat?post=3995"},{"taxonomy":"product_tag","embeddable":true,"href":"https:\/\/hartico.ee\/lv\/wp-json\/wp\/v2\/product_tag?post=3995"}],"curies":[{"name":"wp","href":"https:\/\/api.w.org\/{rel}","templated":true}]}}