{"id":3837,"date":"2015-06-15T11:09:51","date_gmt":"2015-06-15T09:09:51","guid":{"rendered":"http:\/\/hartico.path.ee\/?post_type=product&#038;p=3837"},"modified":"2017-03-06T19:03:22","modified_gmt":"2017-03-06T17:03:22","slug":"pacelsanas-rokas-kravas-unikar-1500","status":"publish","type":"product","link":"https:\/\/hartico.ee\/lv\/product\/pacelsanas-rokas-kravas-unikar-1500\/","title":{"rendered":"Iekrau\u0161anas rati\u0146i UNIKAR 1500"},"content":{"rendered":"<p>Iekrau\u0161anas rati\u0146i UNIKAR 1500<\/p>\n<p>Standarta versij\u0101 Unikar rati\u0146i ar iekrau\u0161anas meh\u0101nimsu sp\u0113j pacel kravu l\u012bdz 1100 mm augstu.<\/p>\n<p>P\u0113c pas\u016bt\u012bjuma ir iesp\u0113jams izstr\u0101d\u0101t ar\u012b iekrau\u0161anas rati\u0146us ar maksim\u0101lo cel\u0161anas augstumu 1300\/1400\/1500\/1600mm.<\/p>\n<p>&nbsp;<\/p>\n<p>Ieguvumi:<\/p>\n<ul>\n<li>2 gadu garantija<\/li>\n<li>viegli darboties<\/li>\n<li>\u013coti manevr\u0113tsp\u0113j\u012bgs<\/li>\n<li>cauru\u013cveida konstrukcija maksim\u0101lai iztur\u012bbai<\/li>\n<li>samazin\u0101ts svars (tikai 25 kg)<\/li>\n<li>aizmugur\u0113jie rite\u0146i ar diametru 200 mm \u013cauj kravu transport\u0113t pa nel\u012bdzenu virsmu un nelieliem pak\u0101pieniem<\/li>\n<li>st\u0101vbremze priek\u0161 abiem aizmugur\u0113jiem rite\u0146iem<\/li>\n<li>zema trok\u0161\u0146a vin\u010da ar dro\u0161\u012bbas sviru<\/li>\n<li>cinkota apdare<\/li>\n<li>50 mm plata dro\u0161\u012bbas siksna t\u0113rauda troses vai \u0137\u0113des viet\u0101<\/li>\n<li>nav nepiecie\u0161ama apkope<\/li>\n<\/ul>\n","protected":false},"excerpt":{"rendered":"<p>Iekrau\u0161anas rati\u0146i UNIKAR 1500 Standarta versij\u0101 Unikar rati\u0146i ar iekrau\u0161anas meh\u0101nimsu sp\u0113j pacel kravu l\u012bdz 1100 mm augstu. P\u0113c pas\u016bt\u012bjuma ir iesp\u0113jams izstr\u0101d\u0101t ar\u012b iekrau\u0161anas rati\u0146us ar maksim\u0101lo cel\u0161anas augstumu 1300\/1400\/1500\/1600mm. &nbsp; Ieguvumi: 2 gadu garantija viegli darboties \u013coti manevr\u0113tsp\u0113j\u012bgs cauru\u013cveida konstrukcija maksim\u0101lai iztur\u012bbai samazin\u0101ts svars (tikai 25 kg) aizmugur\u0113jie rite\u0146i ar diametru 200 mm [&hellip;]<\/p>\n","protected":false},"featured_media":5641,"template":"","meta":{"_acf_changed":false,"inline_featured_image":false},"product_brand":[],"product_cat":[50],"product_tag":[],"class_list":{"0":"post-3837","1":"product","2":"type-product","3":"status-publish","4":"has-post-thumbnail","6":"product_cat-iekrausanas-ratini-unikar-150","8":"first","9":"instock","10":"taxable","11":"shipping-taxable","12":"product-type-simple"},"acf":[],"yoast_head":"<!-- This site is optimized with the Yoast SEO plugin v27.3 - https:\/\/yoast.com\/product\/yoast-seo-wordpress\/ -->\n<title>Iekrau\u0161anas rati\u0146i UNIKAR 1500<\/title>\n<meta name=\"description\" content=\"Iekrau\u0161anas rati\u0146i UNIKAR \u2013 kravu rati\u0146i ar roku darbin\u0101mu iekrau\u0161anas meh\u0101nismu, kas sp\u0113j pacelt l\u012bdz pat 120kg.\" \/>\n<meta name=\"robots\" content=\"index, follow, max-snippet:-1, max-image-preview:large, max-video-preview:-1\" \/>\n<link rel=\"canonical\" href=\"https:\/\/hartico.ee\/lv\/product\/pacelsanas-rokas-kravas-unikar-1500\/\" \/>\n<meta property=\"og:locale\" content=\"lv_LV\" \/>\n<meta property=\"og:type\" content=\"article\" \/>\n<meta property=\"og:title\" content=\"Iekrau\u0161anas rati\u0146i UNIKAR 1500\" \/>\n<meta property=\"og:description\" content=\"Iekrau\u0161anas rati\u0146i UNIKAR \u2013 kravu rati\u0146i ar roku darbin\u0101mu iekrau\u0161anas meh\u0101nismu, kas sp\u0113j pacelt l\u012bdz pat 120kg.\" \/>\n<meta property=\"og:url\" content=\"https:\/\/hartico.ee\/lv\/product\/pacelsanas-rokas-kravas-unikar-1500\/\" \/>\n<meta property=\"og:site_name\" content=\"Hartico\" \/>\n<meta property=\"article:publisher\" content=\"https:\/\/www.facebook.com\/SANOTransportgeraeteBaltics\/\" \/>\n<meta property=\"article:modified_time\" content=\"2017-03-06T17:03:22+00:00\" \/>\n<meta property=\"og:image\" content=\"https:\/\/hartico.ee\/wp-content\/uploads\/2015\/06\/p-3829-Unikar-3-unikari--1.png\" \/>\n\t<meta property=\"og:image:width\" content=\"602\" \/>\n\t<meta property=\"og:image:height\" content=\"426\" \/>\n\t<meta property=\"og:image:type\" content=\"image\/jpeg\" \/>\n<meta name=\"twitter:card\" content=\"summary_large_image\" \/>\n<meta name=\"twitter:label1\" content=\"Est. reading time\" \/>\n\t<meta name=\"twitter:data1\" content=\"1 min\u016b\u0161u\" \/>\n<script type=\"application\/ld+json\" class=\"yoast-schema-graph\">{\"@context\":\"https:\\\/\\\/schema.org\",\"@graph\":[{\"@type\":\"WebPage\",\"@id\":\"https:\\\/\\\/hartico.ee\\\/lv\\\/product\\\/pacelsanas-rokas-kravas-unikar-1500\\\/\",\"url\":\"https:\\\/\\\/hartico.ee\\\/lv\\\/product\\\/pacelsanas-rokas-kravas-unikar-1500\\\/\",\"name\":\"Iekrau\u0161anas rati\u0146i UNIKAR 1500\",\"isPartOf\":{\"@id\":\"https:\\\/\\\/hartico.ee\\\/lv\\\/#website\"},\"primaryImageOfPage\":{\"@id\":\"https:\\\/\\\/hartico.ee\\\/lv\\\/product\\\/pacelsanas-rokas-kravas-unikar-1500\\\/#primaryimage\"},\"image\":{\"@id\":\"https:\\\/\\\/hartico.ee\\\/lv\\\/product\\\/pacelsanas-rokas-kravas-unikar-1500\\\/#primaryimage\"},\"thumbnailUrl\":\"https:\\\/\\\/hartico.ee\\\/wp-content\\\/uploads\\\/2015\\\/06\\\/p-3829-Unikar-3-unikari--1.png\",\"datePublished\":\"2015-06-15T09:09:51+00:00\",\"dateModified\":\"2017-03-06T17:03:22+00:00\",\"description\":\"Iekrau\u0161anas rati\u0146i UNIKAR \u2013 kravu rati\u0146i ar roku darbin\u0101mu iekrau\u0161anas meh\u0101nismu, kas sp\u0113j pacelt l\u012bdz pat 120kg.\",\"breadcrumb\":{\"@id\":\"https:\\\/\\\/hartico.ee\\\/lv\\\/product\\\/pacelsanas-rokas-kravas-unikar-1500\\\/#breadcrumb\"},\"inLanguage\":\"lv-LV\",\"potentialAction\":[{\"@type\":\"ReadAction\",\"target\":[\"https:\\\/\\\/hartico.ee\\\/lv\\\/product\\\/pacelsanas-rokas-kravas-unikar-1500\\\/\"]}]},{\"@type\":\"ImageObject\",\"inLanguage\":\"lv-LV\",\"@id\":\"https:\\\/\\\/hartico.ee\\\/lv\\\/product\\\/pacelsanas-rokas-kravas-unikar-1500\\\/#primaryimage\",\"url\":\"https:\\\/\\\/hartico.ee\\\/wp-content\\\/uploads\\\/2015\\\/06\\\/p-3829-Unikar-3-unikari--1.png\",\"contentUrl\":\"https:\\\/\\\/hartico.ee\\\/wp-content\\\/uploads\\\/2015\\\/06\\\/p-3829-Unikar-3-unikari--1.png\",\"width\":602,\"height\":426,\"caption\":\"Iekrau\u0161anas rati\u0146i UNIKAR 1500\"},{\"@type\":\"BreadcrumbList\",\"@id\":\"https:\\\/\\\/hartico.ee\\\/lv\\\/product\\\/pacelsanas-rokas-kravas-unikar-1500\\\/#breadcrumb\",\"itemListElement\":[{\"@type\":\"ListItem\",\"position\":1,\"name\":\"Esileht\",\"item\":\"https:\\\/\\\/hartico.ee\\\/lv\\\/\"},{\"@type\":\"ListItem\",\"position\":2,\"name\":\"Produkti\",\"item\":\"https:\\\/\\\/hartico.ee\\\/lv\\\/shop\\\/\"},{\"@type\":\"ListItem\",\"position\":3,\"name\":\"Iekrau\u0161anas rati\u0146i UNIKAR 1500\"}]},{\"@type\":\"WebSite\",\"@id\":\"https:\\\/\\\/hartico.ee\\\/lv\\\/#website\",\"url\":\"https:\\\/\\\/hartico.ee\\\/lv\\\/\",\"name\":\"Hartico\",\"description\":\"Lifting and moving systems LIFTKAR, Xetto, Expresso\",\"publisher\":{\"@id\":\"https:\\\/\\\/hartico.ee\\\/lv\\\/#organization\"},\"potentialAction\":[{\"@type\":\"SearchAction\",\"target\":{\"@type\":\"EntryPoint\",\"urlTemplate\":\"https:\\\/\\\/hartico.ee\\\/lv\\\/?s={search_term_string}\"},\"query-input\":{\"@type\":\"PropertyValueSpecification\",\"valueRequired\":true,\"valueName\":\"search_term_string\"}}],\"inLanguage\":\"lv-LV\"},{\"@type\":\"Organization\",\"@id\":\"https:\\\/\\\/hartico.ee\\\/lv\\\/#organization\",\"name\":\"Hartico\",\"url\":\"https:\\\/\\\/hartico.ee\\\/lv\\\/\",\"logo\":{\"@type\":\"ImageObject\",\"inLanguage\":\"lv-LV\",\"@id\":\"https:\\\/\\\/hartico.ee\\\/lv\\\/#\\\/schema\\\/logo\\\/image\\\/\",\"url\":\"https:\\\/\\\/hartico.ee\\\/wp-content\\\/uploads\\\/2018\\\/11\\\/hartico_logo_with_slogan_onecolor.svg\",\"contentUrl\":\"https:\\\/\\\/hartico.ee\\\/wp-content\\\/uploads\\\/2018\\\/11\\\/hartico_logo_with_slogan_onecolor.svg\",\"width\":424,\"height\":157,\"caption\":\"Hartico\"},\"image\":{\"@id\":\"https:\\\/\\\/hartico.ee\\\/lv\\\/#\\\/schema\\\/logo\\\/image\\\/\"},\"sameAs\":[\"https:\\\/\\\/www.facebook.com\\\/SANOTransportgeraeteBaltics\\\/\"]}]}<\/script>\n<!-- \/ Yoast SEO plugin. -->","yoast_head_json":{"title":"Iekrau\u0161anas rati\u0146i UNIKAR 1500","description":"Iekrau\u0161anas rati\u0146i UNIKAR \u2013 kravu rati\u0146i ar roku darbin\u0101mu iekrau\u0161anas meh\u0101nismu, kas sp\u0113j pacelt l\u012bdz pat 120kg.","robots":{"index":"index","follow":"follow","max-snippet":"max-snippet:-1","max-image-preview":"max-image-preview:large","max-video-preview":"max-video-preview:-1"},"canonical":"https:\/\/hartico.ee\/lv\/product\/pacelsanas-rokas-kravas-unikar-1500\/","og_locale":"lv_LV","og_type":"article","og_title":"Iekrau\u0161anas rati\u0146i UNIKAR 1500","og_description":"Iekrau\u0161anas rati\u0146i UNIKAR \u2013 kravu rati\u0146i ar roku darbin\u0101mu iekrau\u0161anas meh\u0101nismu, kas sp\u0113j pacelt l\u012bdz pat 120kg.","og_url":"https:\/\/hartico.ee\/lv\/product\/pacelsanas-rokas-kravas-unikar-1500\/","og_site_name":"Hartico","article_publisher":"https:\/\/www.facebook.com\/SANOTransportgeraeteBaltics\/","article_modified_time":"2017-03-06T17:03:22+00:00","og_image":[{"width":602,"height":426,"url":"https:\/\/hartico.ee\/wp-content\/uploads\/2015\/06\/p-3829-Unikar-3-unikari--1.png","type":"image\/jpeg"}],"twitter_card":"summary_large_image","twitter_misc":{"Est. reading time":"1 min\u016b\u0161u"},"schema":{"@context":"https:\/\/schema.org","@graph":[{"@type":"WebPage","@id":"https:\/\/hartico.ee\/lv\/product\/pacelsanas-rokas-kravas-unikar-1500\/","url":"https:\/\/hartico.ee\/lv\/product\/pacelsanas-rokas-kravas-unikar-1500\/","name":"Iekrau\u0161anas rati\u0146i UNIKAR 1500","isPartOf":{"@id":"https:\/\/hartico.ee\/lv\/#website"},"primaryImageOfPage":{"@id":"https:\/\/hartico.ee\/lv\/product\/pacelsanas-rokas-kravas-unikar-1500\/#primaryimage"},"image":{"@id":"https:\/\/hartico.ee\/lv\/product\/pacelsanas-rokas-kravas-unikar-1500\/#primaryimage"},"thumbnailUrl":"https:\/\/hartico.ee\/wp-content\/uploads\/2015\/06\/p-3829-Unikar-3-unikari--1.png","datePublished":"2015-06-15T09:09:51+00:00","dateModified":"2017-03-06T17:03:22+00:00","description":"Iekrau\u0161anas rati\u0146i UNIKAR \u2013 kravu rati\u0146i ar roku darbin\u0101mu iekrau\u0161anas meh\u0101nismu, kas sp\u0113j pacelt l\u012bdz pat 120kg.","breadcrumb":{"@id":"https:\/\/hartico.ee\/lv\/product\/pacelsanas-rokas-kravas-unikar-1500\/#breadcrumb"},"inLanguage":"lv-LV","potentialAction":[{"@type":"ReadAction","target":["https:\/\/hartico.ee\/lv\/product\/pacelsanas-rokas-kravas-unikar-1500\/"]}]},{"@type":"ImageObject","inLanguage":"lv-LV","@id":"https:\/\/hartico.ee\/lv\/product\/pacelsanas-rokas-kravas-unikar-1500\/#primaryimage","url":"https:\/\/hartico.ee\/wp-content\/uploads\/2015\/06\/p-3829-Unikar-3-unikari--1.png","contentUrl":"https:\/\/hartico.ee\/wp-content\/uploads\/2015\/06\/p-3829-Unikar-3-unikari--1.png","width":602,"height":426,"caption":"Iekrau\u0161anas rati\u0146i UNIKAR 1500"},{"@type":"BreadcrumbList","@id":"https:\/\/hartico.ee\/lv\/product\/pacelsanas-rokas-kravas-unikar-1500\/#breadcrumb","itemListElement":[{"@type":"ListItem","position":1,"name":"Esileht","item":"https:\/\/hartico.ee\/lv\/"},{"@type":"ListItem","position":2,"name":"Produkti","item":"https:\/\/hartico.ee\/lv\/shop\/"},{"@type":"ListItem","position":3,"name":"Iekrau\u0161anas rati\u0146i UNIKAR 1500"}]},{"@type":"WebSite","@id":"https:\/\/hartico.ee\/lv\/#website","url":"https:\/\/hartico.ee\/lv\/","name":"Hartico","description":"Lifting and moving systems LIFTKAR, Xetto, Expresso","publisher":{"@id":"https:\/\/hartico.ee\/lv\/#organization"},"potentialAction":[{"@type":"SearchAction","target":{"@type":"EntryPoint","urlTemplate":"https:\/\/hartico.ee\/lv\/?s={search_term_string}"},"query-input":{"@type":"PropertyValueSpecification","valueRequired":true,"valueName":"search_term_string"}}],"inLanguage":"lv-LV"},{"@type":"Organization","@id":"https:\/\/hartico.ee\/lv\/#organization","name":"Hartico","url":"https:\/\/hartico.ee\/lv\/","logo":{"@type":"ImageObject","inLanguage":"lv-LV","@id":"https:\/\/hartico.ee\/lv\/#\/schema\/logo\/image\/","url":"https:\/\/hartico.ee\/wp-content\/uploads\/2018\/11\/hartico_logo_with_slogan_onecolor.svg","contentUrl":"https:\/\/hartico.ee\/wp-content\/uploads\/2018\/11\/hartico_logo_with_slogan_onecolor.svg","width":424,"height":157,"caption":"Hartico"},"image":{"@id":"https:\/\/hartico.ee\/lv\/#\/schema\/logo\/image\/"},"sameAs":["https:\/\/www.facebook.com\/SANOTransportgeraeteBaltics\/"]}]}},"_links":{"self":[{"href":"https:\/\/hartico.ee\/lv\/wp-json\/wp\/v2\/product\/3837","targetHints":{"allow":["GET"]}}],"collection":[{"href":"https:\/\/hartico.ee\/lv\/wp-json\/wp\/v2\/product"}],"about":[{"href":"https:\/\/hartico.ee\/lv\/wp-json\/wp\/v2\/types\/product"}],"wp:featuredmedia":[{"embeddable":true,"href":"https:\/\/hartico.ee\/lv\/wp-json\/wp\/v2\/media\/5641"}],"wp:attachment":[{"href":"https:\/\/hartico.ee\/lv\/wp-json\/wp\/v2\/media?parent=3837"}],"wp:term":[{"taxonomy":"product_brand","embeddable":true,"href":"https:\/\/hartico.ee\/lv\/wp-json\/wp\/v2\/product_brand?post=3837"},{"taxonomy":"product_cat","embeddable":true,"href":"https:\/\/hartico.ee\/lv\/wp-json\/wp\/v2\/product_cat?post=3837"},{"taxonomy":"product_tag","embeddable":true,"href":"https:\/\/hartico.ee\/lv\/wp-json\/wp\/v2\/product_tag?post=3837"}],"curies":[{"name":"wp","href":"https:\/\/api.w.org\/{rel}","templated":true}]}}