{"id":3685,"date":"2015-03-23T10:52:12","date_gmt":"2015-03-23T08:52:12","guid":{"rendered":"http:\/\/hartico.path.ee\/?post_type=product&#038;p=3685"},"modified":"2017-03-06T19:06:12","modified_gmt":"2017-03-06T17:06:12","slug":"modulkar-00-300kg-2","status":"publish","type":"product","link":"https:\/\/hartico.ee\/lv\/product\/modulkar-00-300kg-2\/","title":{"rendered":"Rokas kravas rati\u0146i MODULKAR 00, 300kg"},"content":{"rendered":"<h4>MODULKAR 00, 300kg, kravas rati\u0146i<\/h4>\n<p>-Stabila un iztur\u012bga konstrukcija<br \/>\n-Viegls alum\u012bnija r\u0101mis<br \/>\n-Celtsp\u0113ja l\u012bdz 300kg<\/p>\n<p>Ieloka formas balsts r\u0101mja iek\u0161pus\u0113 veidots k\u0101 kravas papildus atbalsta punkts. Tas kalpo ar\u012b k\u0101 r\u0101mja papildus stabilit\u0101tes elements. \u0160is balsts nov\u0113r\u0161 rati\u0146u grab\u0113\u0161anu braucot pa nel\u012bdzenu virsmu.<\/p>\n<p>Pateicoties SANO patent\u0113taj\u0101m, iztur\u012bgaj\u0101m r\u0101mja caurul\u0113m, modu\u013cus ir iesp\u0113jams nostiprin\u0101t tos pieskr\u016bv\u0113jot tie\u0161i pie r\u0101mja.<\/p>\n<p>MODULKAR divda\u013c\u012bgie diski pie\u013cauj \u0101tru un vieglu rite\u0146u nomai\u0146u.<\/p>\n<p>K\u0101 alternat\u012bvu ir iesp\u0113jams uzst\u0101d\u012bt ar\u012b necaurudamas riepas.<\/p>\n<p>&nbsp;<\/p>\n<h4>MODULKAR 00 ieguvumi:<\/h4>\n<ul>\n<li>2 gadu garantija<\/li>\n<li>patent\u0113ts cauru\u013cu r\u0101mis<\/li>\n<li>rite\u0146u nomai\u0146a iesp\u0113jam izmantojot tikai vienu uzgriezni<\/li>\n<li>\u012bpa\u0161i iztur\u012bgs rite\u0146u kron\u0161teins<\/li>\n<li>savienojo\u0161\u0101 ass ar atbalsta stat\u0146iem<\/li>\n<li>inovat\u012bva pamatnes mont\u0101\u017ea nov\u0113r\u0161 klab\u0113\u0161anu<\/li>\n<li>divda\u013c\u012bgi diski \u2013 mont\u0113ti uz lod\u012b\u0161u gult\u0146iem<\/li>\n<li>stumjamie rokturi apr\u012bkoti ar ner\u016bs\u0113jo\u0161\u0101 t\u0113rauda skav\u0101m<\/li>\n<li>\u013coti viegls<\/li>\n<\/ul>\n","protected":false},"excerpt":{"rendered":"<p>MODULKAR 00, 300kg, kravas rati\u0146i -Stabila un iztur\u012bga konstrukcija -Viegls alum\u012bnija r\u0101mis -Celtsp\u0113ja l\u012bdz 300kg Ieloka formas balsts r\u0101mja iek\u0161pus\u0113 veidots k\u0101 kravas papildus atbalsta punkts. Tas kalpo ar\u012b k\u0101 r\u0101mja papildus stabilit\u0101tes elements. \u0160is balsts nov\u0113r\u0161 rati\u0146u grab\u0113\u0161anu braucot pa nel\u012bdzenu virsmu. Pateicoties SANO patent\u0113taj\u0101m, iztur\u012bgaj\u0101m r\u0101mja caurul\u0113m, modu\u013cus ir iesp\u0113jams nostiprin\u0101t tos pieskr\u016bv\u0113jot [&hellip;]<\/p>\n","protected":false},"featured_media":3686,"template":"","meta":{"_acf_changed":false,"inline_featured_image":false},"product_brand":[],"product_cat":[55],"product_tag":[361],"class_list":{"0":"post-3685","1":"product","2":"type-product","3":"status-publish","4":"has-post-thumbnail","6":"product_cat-rokas-ratini-modulkar-300","7":"product_tag-kaubakaru-lv","9":"first","10":"instock","11":"taxable","12":"shipping-taxable","13":"product-type-simple"},"acf":[],"yoast_head":"<!-- This site is optimized with the Yoast SEO plugin v27.3 - https:\/\/yoast.com\/product\/yoast-seo-wordpress\/ -->\n<title>Modulkar 00, 300kg<\/title>\n<meta name=\"description\" content=\"modulkar, sano, laok\u00e4ru, kaubak\u00e4ru, alumiinium k\u00e4ru\" \/>\n<meta name=\"robots\" content=\"index, follow, max-snippet:-1, max-image-preview:large, max-video-preview:-1\" \/>\n<link rel=\"canonical\" href=\"https:\/\/hartico.ee\/lv\/product\/modulkar-00-300kg-2\/\" \/>\n<meta property=\"og:locale\" content=\"lv_LV\" \/>\n<meta property=\"og:type\" content=\"article\" \/>\n<meta property=\"og:title\" content=\"Modulkar 00, 300kg\" \/>\n<meta property=\"og:description\" content=\"modulkar, sano, laok\u00e4ru, kaubak\u00e4ru, alumiinium k\u00e4ru\" \/>\n<meta property=\"og:url\" content=\"https:\/\/hartico.ee\/lv\/product\/modulkar-00-300kg-2\/\" \/>\n<meta property=\"og:site_name\" content=\"Hartico\" \/>\n<meta property=\"article:publisher\" content=\"https:\/\/www.facebook.com\/SANOTransportgeraeteBaltics\/\" \/>\n<meta property=\"article:modified_time\" content=\"2017-03-06T17:06:12+00:00\" \/>\n<meta property=\"og:image\" content=\"https:\/\/hartico.ee\/wp-content\/uploads\/2015\/03\/p-3685-p-3682-p-3679-Modulkar-025700-2.png\" \/>\n\t<meta property=\"og:image:width\" content=\"287\" \/>\n\t<meta property=\"og:image:height\" content=\"532\" \/>\n\t<meta property=\"og:image:type\" content=\"image\/jpeg\" \/>\n<meta name=\"twitter:card\" content=\"summary_large_image\" \/>\n<meta name=\"twitter:label1\" content=\"Est. reading time\" \/>\n\t<meta name=\"twitter:data1\" content=\"1 min\u016b\u0161u\" \/>\n<script type=\"application\/ld+json\" class=\"yoast-schema-graph\">{\"@context\":\"https:\\\/\\\/schema.org\",\"@graph\":[{\"@type\":\"WebPage\",\"@id\":\"https:\\\/\\\/hartico.ee\\\/lv\\\/product\\\/modulkar-00-300kg-2\\\/\",\"url\":\"https:\\\/\\\/hartico.ee\\\/lv\\\/product\\\/modulkar-00-300kg-2\\\/\",\"name\":\"Modulkar 00, 300kg\",\"isPartOf\":{\"@id\":\"https:\\\/\\\/hartico.ee\\\/lv\\\/#website\"},\"primaryImageOfPage\":{\"@id\":\"https:\\\/\\\/hartico.ee\\\/lv\\\/product\\\/modulkar-00-300kg-2\\\/#primaryimage\"},\"image\":{\"@id\":\"https:\\\/\\\/hartico.ee\\\/lv\\\/product\\\/modulkar-00-300kg-2\\\/#primaryimage\"},\"thumbnailUrl\":\"https:\\\/\\\/hartico.ee\\\/wp-content\\\/uploads\\\/2015\\\/03\\\/p-3685-p-3682-p-3679-Modulkar-025700-2.png\",\"datePublished\":\"2015-03-23T08:52:12+00:00\",\"dateModified\":\"2017-03-06T17:06:12+00:00\",\"description\":\"modulkar, sano, laok\u00e4ru, kaubak\u00e4ru, alumiinium k\u00e4ru\",\"breadcrumb\":{\"@id\":\"https:\\\/\\\/hartico.ee\\\/lv\\\/product\\\/modulkar-00-300kg-2\\\/#breadcrumb\"},\"inLanguage\":\"lv-LV\",\"potentialAction\":[{\"@type\":\"ReadAction\",\"target\":[\"https:\\\/\\\/hartico.ee\\\/lv\\\/product\\\/modulkar-00-300kg-2\\\/\"]}]},{\"@type\":\"ImageObject\",\"inLanguage\":\"lv-LV\",\"@id\":\"https:\\\/\\\/hartico.ee\\\/lv\\\/product\\\/modulkar-00-300kg-2\\\/#primaryimage\",\"url\":\"https:\\\/\\\/hartico.ee\\\/wp-content\\\/uploads\\\/2015\\\/03\\\/p-3685-p-3682-p-3679-Modulkar-025700-2.png\",\"contentUrl\":\"https:\\\/\\\/hartico.ee\\\/wp-content\\\/uploads\\\/2015\\\/03\\\/p-3685-p-3682-p-3679-Modulkar-025700-2.png\",\"width\":287,\"height\":532,\"caption\":\"Modulkar 00, 300kg\"},{\"@type\":\"BreadcrumbList\",\"@id\":\"https:\\\/\\\/hartico.ee\\\/lv\\\/product\\\/modulkar-00-300kg-2\\\/#breadcrumb\",\"itemListElement\":[{\"@type\":\"ListItem\",\"position\":1,\"name\":\"Esileht\",\"item\":\"https:\\\/\\\/hartico.ee\\\/lv\\\/\"},{\"@type\":\"ListItem\",\"position\":2,\"name\":\"Produkti\",\"item\":\"https:\\\/\\\/hartico.ee\\\/lv\\\/shop\\\/\"},{\"@type\":\"ListItem\",\"position\":3,\"name\":\"Rokas kravas rati\u0146i MODULKAR 00, 300kg\"}]},{\"@type\":\"WebSite\",\"@id\":\"https:\\\/\\\/hartico.ee\\\/lv\\\/#website\",\"url\":\"https:\\\/\\\/hartico.ee\\\/lv\\\/\",\"name\":\"Hartico\",\"description\":\"Lifting and moving systems LIFTKAR, Xetto, Expresso\",\"publisher\":{\"@id\":\"https:\\\/\\\/hartico.ee\\\/lv\\\/#organization\"},\"potentialAction\":[{\"@type\":\"SearchAction\",\"target\":{\"@type\":\"EntryPoint\",\"urlTemplate\":\"https:\\\/\\\/hartico.ee\\\/lv\\\/?s={search_term_string}\"},\"query-input\":{\"@type\":\"PropertyValueSpecification\",\"valueRequired\":true,\"valueName\":\"search_term_string\"}}],\"inLanguage\":\"lv-LV\"},{\"@type\":\"Organization\",\"@id\":\"https:\\\/\\\/hartico.ee\\\/lv\\\/#organization\",\"name\":\"Hartico\",\"url\":\"https:\\\/\\\/hartico.ee\\\/lv\\\/\",\"logo\":{\"@type\":\"ImageObject\",\"inLanguage\":\"lv-LV\",\"@id\":\"https:\\\/\\\/hartico.ee\\\/lv\\\/#\\\/schema\\\/logo\\\/image\\\/\",\"url\":\"https:\\\/\\\/hartico.ee\\\/wp-content\\\/uploads\\\/2018\\\/11\\\/hartico_logo_with_slogan_onecolor.svg\",\"contentUrl\":\"https:\\\/\\\/hartico.ee\\\/wp-content\\\/uploads\\\/2018\\\/11\\\/hartico_logo_with_slogan_onecolor.svg\",\"width\":424,\"height\":157,\"caption\":\"Hartico\"},\"image\":{\"@id\":\"https:\\\/\\\/hartico.ee\\\/lv\\\/#\\\/schema\\\/logo\\\/image\\\/\"},\"sameAs\":[\"https:\\\/\\\/www.facebook.com\\\/SANOTransportgeraeteBaltics\\\/\"]}]}<\/script>\n<!-- \/ Yoast SEO plugin. -->","yoast_head_json":{"title":"Modulkar 00, 300kg","description":"modulkar, sano, laok\u00e4ru, kaubak\u00e4ru, alumiinium k\u00e4ru","robots":{"index":"index","follow":"follow","max-snippet":"max-snippet:-1","max-image-preview":"max-image-preview:large","max-video-preview":"max-video-preview:-1"},"canonical":"https:\/\/hartico.ee\/lv\/product\/modulkar-00-300kg-2\/","og_locale":"lv_LV","og_type":"article","og_title":"Modulkar 00, 300kg","og_description":"modulkar, sano, laok\u00e4ru, kaubak\u00e4ru, alumiinium k\u00e4ru","og_url":"https:\/\/hartico.ee\/lv\/product\/modulkar-00-300kg-2\/","og_site_name":"Hartico","article_publisher":"https:\/\/www.facebook.com\/SANOTransportgeraeteBaltics\/","article_modified_time":"2017-03-06T17:06:12+00:00","og_image":[{"width":287,"height":532,"url":"https:\/\/hartico.ee\/wp-content\/uploads\/2015\/03\/p-3685-p-3682-p-3679-Modulkar-025700-2.png","type":"image\/jpeg"}],"twitter_card":"summary_large_image","twitter_misc":{"Est. reading time":"1 min\u016b\u0161u"},"schema":{"@context":"https:\/\/schema.org","@graph":[{"@type":"WebPage","@id":"https:\/\/hartico.ee\/lv\/product\/modulkar-00-300kg-2\/","url":"https:\/\/hartico.ee\/lv\/product\/modulkar-00-300kg-2\/","name":"Modulkar 00, 300kg","isPartOf":{"@id":"https:\/\/hartico.ee\/lv\/#website"},"primaryImageOfPage":{"@id":"https:\/\/hartico.ee\/lv\/product\/modulkar-00-300kg-2\/#primaryimage"},"image":{"@id":"https:\/\/hartico.ee\/lv\/product\/modulkar-00-300kg-2\/#primaryimage"},"thumbnailUrl":"https:\/\/hartico.ee\/wp-content\/uploads\/2015\/03\/p-3685-p-3682-p-3679-Modulkar-025700-2.png","datePublished":"2015-03-23T08:52:12+00:00","dateModified":"2017-03-06T17:06:12+00:00","description":"modulkar, sano, laok\u00e4ru, kaubak\u00e4ru, alumiinium k\u00e4ru","breadcrumb":{"@id":"https:\/\/hartico.ee\/lv\/product\/modulkar-00-300kg-2\/#breadcrumb"},"inLanguage":"lv-LV","potentialAction":[{"@type":"ReadAction","target":["https:\/\/hartico.ee\/lv\/product\/modulkar-00-300kg-2\/"]}]},{"@type":"ImageObject","inLanguage":"lv-LV","@id":"https:\/\/hartico.ee\/lv\/product\/modulkar-00-300kg-2\/#primaryimage","url":"https:\/\/hartico.ee\/wp-content\/uploads\/2015\/03\/p-3685-p-3682-p-3679-Modulkar-025700-2.png","contentUrl":"https:\/\/hartico.ee\/wp-content\/uploads\/2015\/03\/p-3685-p-3682-p-3679-Modulkar-025700-2.png","width":287,"height":532,"caption":"Modulkar 00, 300kg"},{"@type":"BreadcrumbList","@id":"https:\/\/hartico.ee\/lv\/product\/modulkar-00-300kg-2\/#breadcrumb","itemListElement":[{"@type":"ListItem","position":1,"name":"Esileht","item":"https:\/\/hartico.ee\/lv\/"},{"@type":"ListItem","position":2,"name":"Produkti","item":"https:\/\/hartico.ee\/lv\/shop\/"},{"@type":"ListItem","position":3,"name":"Rokas kravas rati\u0146i MODULKAR 00, 300kg"}]},{"@type":"WebSite","@id":"https:\/\/hartico.ee\/lv\/#website","url":"https:\/\/hartico.ee\/lv\/","name":"Hartico","description":"Lifting and moving systems LIFTKAR, Xetto, Expresso","publisher":{"@id":"https:\/\/hartico.ee\/lv\/#organization"},"potentialAction":[{"@type":"SearchAction","target":{"@type":"EntryPoint","urlTemplate":"https:\/\/hartico.ee\/lv\/?s={search_term_string}"},"query-input":{"@type":"PropertyValueSpecification","valueRequired":true,"valueName":"search_term_string"}}],"inLanguage":"lv-LV"},{"@type":"Organization","@id":"https:\/\/hartico.ee\/lv\/#organization","name":"Hartico","url":"https:\/\/hartico.ee\/lv\/","logo":{"@type":"ImageObject","inLanguage":"lv-LV","@id":"https:\/\/hartico.ee\/lv\/#\/schema\/logo\/image\/","url":"https:\/\/hartico.ee\/wp-content\/uploads\/2018\/11\/hartico_logo_with_slogan_onecolor.svg","contentUrl":"https:\/\/hartico.ee\/wp-content\/uploads\/2018\/11\/hartico_logo_with_slogan_onecolor.svg","width":424,"height":157,"caption":"Hartico"},"image":{"@id":"https:\/\/hartico.ee\/lv\/#\/schema\/logo\/image\/"},"sameAs":["https:\/\/www.facebook.com\/SANOTransportgeraeteBaltics\/"]}]}},"_links":{"self":[{"href":"https:\/\/hartico.ee\/lv\/wp-json\/wp\/v2\/product\/3685","targetHints":{"allow":["GET"]}}],"collection":[{"href":"https:\/\/hartico.ee\/lv\/wp-json\/wp\/v2\/product"}],"about":[{"href":"https:\/\/hartico.ee\/lv\/wp-json\/wp\/v2\/types\/product"}],"wp:featuredmedia":[{"embeddable":true,"href":"https:\/\/hartico.ee\/lv\/wp-json\/wp\/v2\/media\/3686"}],"wp:attachment":[{"href":"https:\/\/hartico.ee\/lv\/wp-json\/wp\/v2\/media?parent=3685"}],"wp:term":[{"taxonomy":"product_brand","embeddable":true,"href":"https:\/\/hartico.ee\/lv\/wp-json\/wp\/v2\/product_brand?post=3685"},{"taxonomy":"product_cat","embeddable":true,"href":"https:\/\/hartico.ee\/lv\/wp-json\/wp\/v2\/product_cat?post=3685"},{"taxonomy":"product_tag","embeddable":true,"href":"https:\/\/hartico.ee\/lv\/wp-json\/wp\/v2\/product_tag?post=3685"}],"curies":[{"name":"wp","href":"https:\/\/api.w.org\/{rel}","templated":true}]}}