{"id":3613,"date":"2014-12-18T13:41:11","date_gmt":"2014-12-18T11:41:11","guid":{"rendered":"http:\/\/hartico.path.ee\/?post_type=product&#038;p=3613"},"modified":"2019-10-16T10:12:07","modified_gmt":"2019-10-16T08:12:07","slug":"kapnu-kapejs-liftkar-sal-110-fold-l-pistolgrip","status":"publish","type":"product","link":"https:\/\/hartico.ee\/lv\/product\/kapnu-kapejs-liftkar-sal-110-fold-l-pistolgrip\/","title":{"rendered":"K\u0101p\u0146u k\u0101p\u0113js LIFTKAR SAL 110 Fold-L Pistolgrip"},"content":{"rendered":"<p>K\u0101p\u0146u k\u0101p\u0113js LIFTKAR SAL 110 Fold-L Pistolgrip var izmantot tikpat viegli k\u0101 rokas rati\u0146us. Pateicoties akumulatora darbin\u0101mam k\u0101p\u0161anas meh\u0101nismam, J\u016bs varat vest kravu pa k\u0101pn\u0113m \u0101tri un dro\u0161i.<\/p>\n<p>Uz aug\u0161u LIFTKAR katru pak\u0101pienu k\u0101pj efekt\u012bvi un prec\u012bzi. Lejup motors darbojas k\u0101 indukt\u012bv\u0101s bremzes. Krava sl\u012bd uz leju vienm\u0113r\u012bgi, klusi un dro\u0161i \u2013 nav nepiecie\u0161ams spiest pogu. J\u016bsu mugura ir pasarg\u0101ta, un nelaimes gad\u012bjumu risks ir samazin\u0101ts l\u012bdz minimumam.<\/p>\n<p>Liftkar SAL ir pieejamas \u010detras versijas. \u0160o mode\u013cu izv\u0113le ir ide\u0101li piem\u0113rota ra\u017eo\u0161an\u0101, tirdzniec\u012bb\u0101 un uz\u0146\u0113m\u0113jdarb\u012bb\u0101, k\u0101 ar\u012b skol\u0101s, slimn\u012bc\u0101s, komerci\u0101laj\u0101s virtuv\u0113s, biroju \u0113k\u0101s un daudzviet citur. Lai ar\u012b k\u0101das b\u016btu j\u016bsu transporta vajadz\u012bbas, Liftkar SAL ir pieejams ar nepiecie\u0161amo apr\u012bkojumu.<\/p>\n<p>Atkar\u012bba no transport\u0113jam\u0101s kravas svara, ir iesp\u0113jams izv\u0113l\u0113ties k\u0101du no 3 motoru jaud\u0101m.<\/p>\n<h4>K\u0101p\u0146u k\u0101p\u0113js LIFTKAR SAL 110 Fold-L Pistolgrip ieguvumi:<\/h4>\n<ul>\n<li>2 gadu garantija<\/li>\n<li>\u013boti viegls<\/li>\n<li>l\u012bdz 48 pak\u0101pieniem min\u016bte<\/li>\n<li>2 \u0101trumi: l\u0113ni \/ \u0101tri<\/li>\n<li>uzs\u0101kot k\u0101p\u0161anu lejup, inteli\u0123ent\u0101 nolai\u0161an\u0101s iek\u0101rta s\u0101k darboties autom\u0101tiski<\/li>\n<li>atbalsta pl\u0101ksnes stiprin\u0101jums ar e\u0146\u0123\u0113m (pieejama ar\u012b fiks\u0113ta versija)<\/li>\n<li>saj\u016bga un p\u0101rslodzes elektronisk\u0101 aizsardz\u012bba<\/li>\n<li>tikpat viegli vad\u0101ms k\u0101 rokas rati\u0146i<\/li>\n<li>vienk\u0101r\u0161a un dro\u0161a manever\u0113tsp\u0113ja pa visa veida k\u0101pn\u0113m, pat spir\u0101lveida k\u0101pn\u0113m un k\u0101p\u0146u laukumiem, kur vieta ir ierobe\u017eota<\/li>\n<li>lielas pneimatisk\u0101s riepas (necaurduram\u0101s riepas pieejamas k\u0101 alternat\u012bva)<\/li>\n<li>otrs akumulators un mobilais akumulatora l\u0101d\u0113t\u0101js past\u0101v\u012bgai 24 stundu lieto\u0161anai<\/li>\n<li>augstas stipr\u012bbas alum\u012bnija atbalsta pl\u0101ksne<\/li>\n<li>ilgs akumulatora kalpo\u0161anas laiks<\/li>\n<\/ul>\n<h3>Liftkar SAL video:<\/h3>\n<figure class=\"wp-block-embed wp-block-embed-youtube is-type-video is-provider-youtube epyt-figure\"><div class=\"wp-block-embed__wrapper\"><iframe loading=\"lazy\"  id=\"_ytid_57238\"  width=\"500\" height=\"300\"  data-origwidth=\"500\" data-origheight=\"300\" src=\"https:\/\/www.youtube.com\/embed\/oR1zBp0Birg?enablejsapi=1&autoplay=0&cc_load_policy=0&cc_lang_pref=&iv_load_policy=1&loop=0&rel=1&fs=1&playsinline=0&autohide=2&theme=dark&color=red&controls=1&disablekb=0&\" class=\"__youtube_prefs__  no-lazyload\" title=\"YouTube player\"  allow=\"fullscreen; accelerometer; autoplay; clipboard-write; encrypted-media; gyroscope; picture-in-picture; web-share\" referrerpolicy=\"strict-origin-when-cross-origin\" allowfullscreen data-no-lazy=\"1\" data-skipgform_ajax_framebjll=\"\"><\/iframe><\/div><\/figure>\n","protected":false},"excerpt":{"rendered":"<p>K\u0101p\u0146u k\u0101p\u0113js LIFTKAR SAL 110 Fold-L Pistolgrip var izmantot tikpat viegli k\u0101 rokas rati\u0146us. Pateicoties akumulatora darbin\u0101mam k\u0101p\u0161anas meh\u0101nismam, J\u016bs varat vest kravu pa k\u0101pn\u0113m \u0101tri un dro\u0161i. Uz aug\u0161u LIFTKAR katru pak\u0101pienu k\u0101pj efekt\u012bvi un prec\u012bzi. Lejup motors darbojas k\u0101 indukt\u012bv\u0101s bremzes. Krava sl\u012bd uz leju vienm\u0113r\u012bgi, klusi un dro\u0161i \u2013 nav nepiecie\u0161ams spiest [&hellip;]<\/p>\n","protected":false},"featured_media":5225,"template":"","meta":{"_acf_changed":false,"inline_featured_image":false},"product_brand":[],"product_cat":[40,112],"product_tag":[210,212,545],"class_list":{"0":"post-3613","1":"product","2":"type-product","3":"status-publish","4":"has-post-thumbnail","6":"product_cat-kapnu-kapejs-liftkar-sal-170","7":"product_cat-kapnu-kapejs-110kg","8":"product_tag-kapnu-kapejs","9":"product_tag-kapnu-kapejs-lv","10":"product_tag-liftkar-sal-lv","12":"first","13":"instock","14":"taxable","15":"shipping-taxable","16":"product-type-simple"},"acf":[],"yoast_head":"<!-- This site is optimized with the Yoast SEO plugin v27.3 - https:\/\/yoast.com\/product\/yoast-seo-wordpress\/ -->\n<title>K\u0101p\u0146u k\u0101p\u0113js Liftkar SAL 110 Fold-L Pistolgrip<\/title>\n<meta name=\"description\" content=\"trepik\u00e4ru, trepironija, liftkar, liftkar sal, sano, sano baltic, hartico, trepikaru, trepi karu, trepi k\u00e4ru, trepit\u00f5stuk, trepitostuk, trepi t\u00f5stuk, lift, kauba lift, k\u00e4ru, laok\u00e4ru, kaubak\u00e4ru, kauba k\u00e4ru, treppensteiger, stairclimber\" \/>\n<meta name=\"robots\" content=\"index, follow, max-snippet:-1, max-image-preview:large, max-video-preview:-1\" \/>\n<link rel=\"canonical\" href=\"https:\/\/hartico.ee\/lv\/product\/kapnu-kapejs-liftkar-sal-110-fold-l-pistolgrip\/\" \/>\n<meta property=\"og:locale\" content=\"lv_LV\" \/>\n<meta property=\"og:type\" content=\"article\" \/>\n<meta property=\"og:title\" content=\"K\u0101p\u0146u k\u0101p\u0113js Liftkar SAL 110 Fold-L Pistolgrip\" \/>\n<meta property=\"og:description\" content=\"trepik\u00e4ru, trepironija, liftkar, liftkar sal, sano, sano baltic, hartico, trepikaru, trepi karu, trepi k\u00e4ru, trepit\u00f5stuk, trepitostuk, trepi t\u00f5stuk, lift, kauba lift, k\u00e4ru, laok\u00e4ru, kaubak\u00e4ru, kauba k\u00e4ru, treppensteiger, stairclimber\" \/>\n<meta property=\"og:url\" content=\"https:\/\/hartico.ee\/lv\/product\/kapnu-kapejs-liftkar-sal-110-fold-l-pistolgrip\/\" \/>\n<meta property=\"og:site_name\" content=\"Hartico\" \/>\n<meta property=\"article:publisher\" content=\"https:\/\/www.facebook.com\/SANOTransportgeraeteBaltics\/\" \/>\n<meta property=\"article:modified_time\" content=\"2019-10-16T08:12:07+00:00\" \/>\n<meta property=\"og:image\" content=\"https:\/\/hartico.ee\/wp-content\/uploads\/2015\/01\/p-3609-sano_treppensteiger_liftkar_sal_fold-l_0.png\" \/>\n\t<meta property=\"og:image:width\" content=\"260\" \/>\n\t<meta property=\"og:image:height\" content=\"350\" \/>\n\t<meta property=\"og:image:type\" content=\"image\/jpeg\" \/>\n<meta name=\"twitter:card\" content=\"summary_large_image\" \/>\n<meta name=\"twitter:label1\" content=\"Est. reading time\" \/>\n\t<meta name=\"twitter:data1\" content=\"2 min\u016btes\" \/>\n<script type=\"application\/ld+json\" class=\"yoast-schema-graph\">{\"@context\":\"https:\\\/\\\/schema.org\",\"@graph\":[{\"@type\":\"WebPage\",\"@id\":\"https:\\\/\\\/hartico.ee\\\/lv\\\/product\\\/kapnu-kapejs-liftkar-sal-110-fold-l-pistolgrip\\\/\",\"url\":\"https:\\\/\\\/hartico.ee\\\/lv\\\/product\\\/kapnu-kapejs-liftkar-sal-110-fold-l-pistolgrip\\\/\",\"name\":\"K\u0101p\u0146u k\u0101p\u0113js Liftkar SAL 110 Fold-L Pistolgrip\",\"isPartOf\":{\"@id\":\"https:\\\/\\\/hartico.ee\\\/lv\\\/#website\"},\"primaryImageOfPage\":{\"@id\":\"https:\\\/\\\/hartico.ee\\\/lv\\\/product\\\/kapnu-kapejs-liftkar-sal-110-fold-l-pistolgrip\\\/#primaryimage\"},\"image\":{\"@id\":\"https:\\\/\\\/hartico.ee\\\/lv\\\/product\\\/kapnu-kapejs-liftkar-sal-110-fold-l-pistolgrip\\\/#primaryimage\"},\"thumbnailUrl\":\"https:\\\/\\\/hartico.ee\\\/wp-content\\\/uploads\\\/2015\\\/01\\\/p-3609-sano_treppensteiger_liftkar_sal_fold-l_0.png\",\"datePublished\":\"2014-12-18T11:41:11+00:00\",\"dateModified\":\"2019-10-16T08:12:07+00:00\",\"description\":\"trepik\u00e4ru, trepironija, liftkar, liftkar sal, sano, sano baltic, hartico, trepikaru, trepi karu, trepi k\u00e4ru, trepit\u00f5stuk, trepitostuk, trepi t\u00f5stuk, lift, kauba lift, k\u00e4ru, laok\u00e4ru, kaubak\u00e4ru, kauba k\u00e4ru, treppensteiger, stairclimber\",\"breadcrumb\":{\"@id\":\"https:\\\/\\\/hartico.ee\\\/lv\\\/product\\\/kapnu-kapejs-liftkar-sal-110-fold-l-pistolgrip\\\/#breadcrumb\"},\"inLanguage\":\"lv-LV\",\"potentialAction\":[{\"@type\":\"ReadAction\",\"target\":[\"https:\\\/\\\/hartico.ee\\\/lv\\\/product\\\/kapnu-kapejs-liftkar-sal-110-fold-l-pistolgrip\\\/\"]}]},{\"@type\":\"ImageObject\",\"inLanguage\":\"lv-LV\",\"@id\":\"https:\\\/\\\/hartico.ee\\\/lv\\\/product\\\/kapnu-kapejs-liftkar-sal-110-fold-l-pistolgrip\\\/#primaryimage\",\"url\":\"https:\\\/\\\/hartico.ee\\\/wp-content\\\/uploads\\\/2015\\\/01\\\/p-3609-sano_treppensteiger_liftkar_sal_fold-l_0.png\",\"contentUrl\":\"https:\\\/\\\/hartico.ee\\\/wp-content\\\/uploads\\\/2015\\\/01\\\/p-3609-sano_treppensteiger_liftkar_sal_fold-l_0.png\",\"width\":260,\"height\":350},{\"@type\":\"BreadcrumbList\",\"@id\":\"https:\\\/\\\/hartico.ee\\\/lv\\\/product\\\/kapnu-kapejs-liftkar-sal-110-fold-l-pistolgrip\\\/#breadcrumb\",\"itemListElement\":[{\"@type\":\"ListItem\",\"position\":1,\"name\":\"Esileht\",\"item\":\"https:\\\/\\\/hartico.ee\\\/lv\\\/\"},{\"@type\":\"ListItem\",\"position\":2,\"name\":\"Produkti\",\"item\":\"https:\\\/\\\/hartico.ee\\\/lv\\\/shop\\\/\"},{\"@type\":\"ListItem\",\"position\":3,\"name\":\"K\u0101p\u0146u k\u0101p\u0113js LIFTKAR SAL 110 Fold-L Pistolgrip\"}]},{\"@type\":\"WebSite\",\"@id\":\"https:\\\/\\\/hartico.ee\\\/lv\\\/#website\",\"url\":\"https:\\\/\\\/hartico.ee\\\/lv\\\/\",\"name\":\"Hartico\",\"description\":\"Lifting and moving systems LIFTKAR, Xetto, Expresso\",\"publisher\":{\"@id\":\"https:\\\/\\\/hartico.ee\\\/lv\\\/#organization\"},\"potentialAction\":[{\"@type\":\"SearchAction\",\"target\":{\"@type\":\"EntryPoint\",\"urlTemplate\":\"https:\\\/\\\/hartico.ee\\\/lv\\\/?s={search_term_string}\"},\"query-input\":{\"@type\":\"PropertyValueSpecification\",\"valueRequired\":true,\"valueName\":\"search_term_string\"}}],\"inLanguage\":\"lv-LV\"},{\"@type\":\"Organization\",\"@id\":\"https:\\\/\\\/hartico.ee\\\/lv\\\/#organization\",\"name\":\"Hartico\",\"url\":\"https:\\\/\\\/hartico.ee\\\/lv\\\/\",\"logo\":{\"@type\":\"ImageObject\",\"inLanguage\":\"lv-LV\",\"@id\":\"https:\\\/\\\/hartico.ee\\\/lv\\\/#\\\/schema\\\/logo\\\/image\\\/\",\"url\":\"https:\\\/\\\/hartico.ee\\\/wp-content\\\/uploads\\\/2018\\\/11\\\/hartico_logo_with_slogan_onecolor.svg\",\"contentUrl\":\"https:\\\/\\\/hartico.ee\\\/wp-content\\\/uploads\\\/2018\\\/11\\\/hartico_logo_with_slogan_onecolor.svg\",\"width\":424,\"height\":157,\"caption\":\"Hartico\"},\"image\":{\"@id\":\"https:\\\/\\\/hartico.ee\\\/lv\\\/#\\\/schema\\\/logo\\\/image\\\/\"},\"sameAs\":[\"https:\\\/\\\/www.facebook.com\\\/SANOTransportgeraeteBaltics\\\/\"]}]}<\/script>\n<!-- \/ Yoast SEO plugin. -->","yoast_head_json":{"title":"K\u0101p\u0146u k\u0101p\u0113js Liftkar SAL 110 Fold-L Pistolgrip","description":"trepik\u00e4ru, trepironija, liftkar, liftkar sal, sano, sano baltic, hartico, trepikaru, trepi karu, trepi k\u00e4ru, trepit\u00f5stuk, trepitostuk, trepi t\u00f5stuk, lift, kauba lift, k\u00e4ru, laok\u00e4ru, kaubak\u00e4ru, kauba k\u00e4ru, treppensteiger, stairclimber","robots":{"index":"index","follow":"follow","max-snippet":"max-snippet:-1","max-image-preview":"max-image-preview:large","max-video-preview":"max-video-preview:-1"},"canonical":"https:\/\/hartico.ee\/lv\/product\/kapnu-kapejs-liftkar-sal-110-fold-l-pistolgrip\/","og_locale":"lv_LV","og_type":"article","og_title":"K\u0101p\u0146u k\u0101p\u0113js Liftkar SAL 110 Fold-L Pistolgrip","og_description":"trepik\u00e4ru, trepironija, liftkar, liftkar sal, sano, sano baltic, hartico, trepikaru, trepi karu, trepi k\u00e4ru, trepit\u00f5stuk, trepitostuk, trepi t\u00f5stuk, lift, kauba lift, k\u00e4ru, laok\u00e4ru, kaubak\u00e4ru, kauba k\u00e4ru, treppensteiger, stairclimber","og_url":"https:\/\/hartico.ee\/lv\/product\/kapnu-kapejs-liftkar-sal-110-fold-l-pistolgrip\/","og_site_name":"Hartico","article_publisher":"https:\/\/www.facebook.com\/SANOTransportgeraeteBaltics\/","article_modified_time":"2019-10-16T08:12:07+00:00","og_image":[{"width":260,"height":350,"url":"https:\/\/hartico.ee\/wp-content\/uploads\/2015\/01\/p-3609-sano_treppensteiger_liftkar_sal_fold-l_0.png","type":"image\/jpeg"}],"twitter_card":"summary_large_image","twitter_misc":{"Est. reading time":"2 min\u016btes"},"schema":{"@context":"https:\/\/schema.org","@graph":[{"@type":"WebPage","@id":"https:\/\/hartico.ee\/lv\/product\/kapnu-kapejs-liftkar-sal-110-fold-l-pistolgrip\/","url":"https:\/\/hartico.ee\/lv\/product\/kapnu-kapejs-liftkar-sal-110-fold-l-pistolgrip\/","name":"K\u0101p\u0146u k\u0101p\u0113js Liftkar SAL 110 Fold-L Pistolgrip","isPartOf":{"@id":"https:\/\/hartico.ee\/lv\/#website"},"primaryImageOfPage":{"@id":"https:\/\/hartico.ee\/lv\/product\/kapnu-kapejs-liftkar-sal-110-fold-l-pistolgrip\/#primaryimage"},"image":{"@id":"https:\/\/hartico.ee\/lv\/product\/kapnu-kapejs-liftkar-sal-110-fold-l-pistolgrip\/#primaryimage"},"thumbnailUrl":"https:\/\/hartico.ee\/wp-content\/uploads\/2015\/01\/p-3609-sano_treppensteiger_liftkar_sal_fold-l_0.png","datePublished":"2014-12-18T11:41:11+00:00","dateModified":"2019-10-16T08:12:07+00:00","description":"trepik\u00e4ru, trepironija, liftkar, liftkar sal, sano, sano baltic, hartico, trepikaru, trepi karu, trepi k\u00e4ru, trepit\u00f5stuk, trepitostuk, trepi t\u00f5stuk, lift, kauba lift, k\u00e4ru, laok\u00e4ru, kaubak\u00e4ru, kauba k\u00e4ru, treppensteiger, stairclimber","breadcrumb":{"@id":"https:\/\/hartico.ee\/lv\/product\/kapnu-kapejs-liftkar-sal-110-fold-l-pistolgrip\/#breadcrumb"},"inLanguage":"lv-LV","potentialAction":[{"@type":"ReadAction","target":["https:\/\/hartico.ee\/lv\/product\/kapnu-kapejs-liftkar-sal-110-fold-l-pistolgrip\/"]}]},{"@type":"ImageObject","inLanguage":"lv-LV","@id":"https:\/\/hartico.ee\/lv\/product\/kapnu-kapejs-liftkar-sal-110-fold-l-pistolgrip\/#primaryimage","url":"https:\/\/hartico.ee\/wp-content\/uploads\/2015\/01\/p-3609-sano_treppensteiger_liftkar_sal_fold-l_0.png","contentUrl":"https:\/\/hartico.ee\/wp-content\/uploads\/2015\/01\/p-3609-sano_treppensteiger_liftkar_sal_fold-l_0.png","width":260,"height":350},{"@type":"BreadcrumbList","@id":"https:\/\/hartico.ee\/lv\/product\/kapnu-kapejs-liftkar-sal-110-fold-l-pistolgrip\/#breadcrumb","itemListElement":[{"@type":"ListItem","position":1,"name":"Esileht","item":"https:\/\/hartico.ee\/lv\/"},{"@type":"ListItem","position":2,"name":"Produkti","item":"https:\/\/hartico.ee\/lv\/shop\/"},{"@type":"ListItem","position":3,"name":"K\u0101p\u0146u k\u0101p\u0113js LIFTKAR SAL 110 Fold-L Pistolgrip"}]},{"@type":"WebSite","@id":"https:\/\/hartico.ee\/lv\/#website","url":"https:\/\/hartico.ee\/lv\/","name":"Hartico","description":"Lifting and moving systems LIFTKAR, Xetto, Expresso","publisher":{"@id":"https:\/\/hartico.ee\/lv\/#organization"},"potentialAction":[{"@type":"SearchAction","target":{"@type":"EntryPoint","urlTemplate":"https:\/\/hartico.ee\/lv\/?s={search_term_string}"},"query-input":{"@type":"PropertyValueSpecification","valueRequired":true,"valueName":"search_term_string"}}],"inLanguage":"lv-LV"},{"@type":"Organization","@id":"https:\/\/hartico.ee\/lv\/#organization","name":"Hartico","url":"https:\/\/hartico.ee\/lv\/","logo":{"@type":"ImageObject","inLanguage":"lv-LV","@id":"https:\/\/hartico.ee\/lv\/#\/schema\/logo\/image\/","url":"https:\/\/hartico.ee\/wp-content\/uploads\/2018\/11\/hartico_logo_with_slogan_onecolor.svg","contentUrl":"https:\/\/hartico.ee\/wp-content\/uploads\/2018\/11\/hartico_logo_with_slogan_onecolor.svg","width":424,"height":157,"caption":"Hartico"},"image":{"@id":"https:\/\/hartico.ee\/lv\/#\/schema\/logo\/image\/"},"sameAs":["https:\/\/www.facebook.com\/SANOTransportgeraeteBaltics\/"]}]}},"_links":{"self":[{"href":"https:\/\/hartico.ee\/lv\/wp-json\/wp\/v2\/product\/3613","targetHints":{"allow":["GET"]}}],"collection":[{"href":"https:\/\/hartico.ee\/lv\/wp-json\/wp\/v2\/product"}],"about":[{"href":"https:\/\/hartico.ee\/lv\/wp-json\/wp\/v2\/types\/product"}],"wp:featuredmedia":[{"embeddable":true,"href":"https:\/\/hartico.ee\/lv\/wp-json\/wp\/v2\/media\/5225"}],"wp:attachment":[{"href":"https:\/\/hartico.ee\/lv\/wp-json\/wp\/v2\/media?parent=3613"}],"wp:term":[{"taxonomy":"product_brand","embeddable":true,"href":"https:\/\/hartico.ee\/lv\/wp-json\/wp\/v2\/product_brand?post=3613"},{"taxonomy":"product_cat","embeddable":true,"href":"https:\/\/hartico.ee\/lv\/wp-json\/wp\/v2\/product_cat?post=3613"},{"taxonomy":"product_tag","embeddable":true,"href":"https:\/\/hartico.ee\/lv\/wp-json\/wp\/v2\/product_tag?post=3613"}],"curies":[{"name":"wp","href":"https:\/\/api.w.org\/{rel}","templated":true}]}}