{"id":3198,"date":"2014-11-03T20:14:52","date_gmt":"2014-11-03T18:14:52","guid":{"rendered":"http:\/\/hartico.path.ee\/?post_type=product&#038;p=3198"},"modified":"2017-03-06T19:16:05","modified_gmt":"2017-03-06T17:16:05","slug":"modulkar-06-2","status":"publish","type":"product","link":"https:\/\/hartico.ee\/lv\/product\/modulkar-06-2\/","title":{"rendered":"Rokas kravas rati\u0146i MODULKAR 06"},"content":{"rendered":"<p>SANO patent\u0113t\u0101 \u00a0r\u0101mja caurule ar dubultaj\u0101m rib\u0101m \u013cauj skr\u016bv\u0113m iet tai cauri. Rieva uz iek\u0161pusi nodro\u0161ina papildu stabilit\u0101ti. Lieljaudas rite\u0146u stiprin\u0101jumi kombin\u0101cij\u0101 ar piesl\u0113guma asi tikai 8 cm virs zemes padara to viegli noliecamu. Vajadz\u012bga tikai viena atsl\u0113ga, jo viscaur ir izmantotas TORX skr\u016bves.<\/p>\n<p>Sint\u0113tisk\u0101 papl\u0101ksne un kausveida atspere nov\u0113r\u0161 pamatnes grab\u0113\u0161anu. Pateicos divda\u013c\u012bgajam diskam, riepas nomai\u0146a viegla. Necaurduramas riepas var uzst\u0101d\u012bt k\u0101 alternat\u012bvu. Izmantojot tikai vienu skr\u016bvi, rite\u0146u nomai\u0146a ir Formula 1 stil\u0101. Rite\u0146os ir uzst\u0101d\u012bti \u00a0industri\u0101l\u0101s klases lod\u012b\u0161u gult\u0146i.<\/p>\n<p>Ieguvumi:<\/p>\n<ul>\n<li>2 gadu garantija<\/li>\n<li>patent\u0113ts r\u0101mja caurules \u0161\u0137\u0113rsgriezums<\/li>\n<li>rite\u0146u nomai\u0146a izmantojot tikai vienu uzgriezni<\/li>\n<li>\u013coti iztur\u012bgs rite\u0146u kron\u0161teins<\/li>\n<li>savienojo\u0161\u0101 ass ar atbalsta stat\u0146iem<\/li>\n<li>inovat\u012bva pamatnes mont\u0101\u017ea nov\u0113r\u0161 klab\u0113\u0161anu<\/li>\n<li>divda\u013c\u012bgi diski \u2013 mont\u0113ti uz lod\u012b\u0161u gult\u0146iem<\/li>\n<li>stumjamie rokturi apr\u012bkoti ar ner\u016bs\u0113jo\u0161\u0101 t\u0113rauda skav\u0101m<\/li>\n<li>\u013coti viegls<\/li>\n<\/ul>\n","protected":false},"excerpt":{"rendered":"<p>SANO patent\u0113t\u0101 \u00a0r\u0101mja caurule ar dubultaj\u0101m rib\u0101m \u013cauj skr\u016bv\u0113m iet tai cauri. Rieva uz iek\u0161pusi nodro\u0161ina papildu stabilit\u0101ti. Lieljaudas rite\u0146u stiprin\u0101jumi kombin\u0101cij\u0101 ar piesl\u0113guma asi tikai 8 cm virs zemes padara to viegli noliecamu. Vajadz\u012bga tikai viena atsl\u0113ga, jo viscaur ir izmantotas TORX skr\u016bves. Sint\u0113tisk\u0101 papl\u0101ksne un kausveida atspere nov\u0113r\u0161 pamatnes grab\u0113\u0161anu. Pateicos divda\u013c\u012bgajam diskam, [&hellip;]<\/p>\n","protected":false},"featured_media":3199,"template":"","meta":{"_acf_changed":false,"inline_featured_image":false},"product_brand":[],"product_cat":[55],"product_tag":[],"class_list":{"0":"post-3198","1":"product","2":"type-product","3":"status-publish","4":"has-post-thumbnail","6":"product_cat-rokas-ratini-modulkar-300","8":"first","9":"instock","10":"taxable","11":"shipping-taxable","12":"product-type-simple"},"acf":[],"yoast_head":"<!-- This site is optimized with the Yoast SEO plugin v27.3 - https:\/\/yoast.com\/product\/yoast-seo-wordpress\/ -->\n<title>Modulkar 06<\/title>\n<meta name=\"description\" content=\"modulkar, veekanistri k\u00e4ru, veepudeli k\u00e4ru, sano, laok\u00e4ru, kaubak\u00e4ru,\" \/>\n<meta name=\"robots\" content=\"index, follow, max-snippet:-1, max-image-preview:large, max-video-preview:-1\" \/>\n<link rel=\"canonical\" href=\"https:\/\/hartico.ee\/lv\/product\/modulkar-06-2\/\" \/>\n<meta property=\"og:locale\" content=\"lv_LV\" \/>\n<meta property=\"og:type\" content=\"article\" \/>\n<meta property=\"og:title\" content=\"Modulkar 06\" \/>\n<meta property=\"og:description\" content=\"modulkar, veekanistri k\u00e4ru, veepudeli k\u00e4ru, sano, laok\u00e4ru, kaubak\u00e4ru,\" \/>\n<meta property=\"og:url\" content=\"https:\/\/hartico.ee\/lv\/product\/modulkar-06-2\/\" \/>\n<meta property=\"og:site_name\" content=\"Hartico\" \/>\n<meta property=\"article:publisher\" content=\"https:\/\/www.facebook.com\/SANOTransportgeraeteBaltics\/\" \/>\n<meta property=\"article:modified_time\" content=\"2017-03-06T17:16:05+00:00\" \/>\n<meta property=\"og:image\" content=\"https:\/\/hartico.ee\/wp-content\/uploads\/2016\/03\/p-3198-p-3191-p-3184-Modulkar-06-Pudelik\u00e4ru.bmp.jpg\" \/>\n\t<meta property=\"og:image:width\" content=\"756\" \/>\n\t<meta property=\"og:image:height\" content=\"1181\" \/>\n\t<meta property=\"og:image:type\" content=\"image\/jpeg\" \/>\n<meta name=\"twitter:card\" content=\"summary_large_image\" \/>\n<meta name=\"twitter:label1\" content=\"Est. reading time\" \/>\n\t<meta name=\"twitter:data1\" content=\"1 min\u016b\u0161u\" \/>\n<script type=\"application\/ld+json\" class=\"yoast-schema-graph\">{\"@context\":\"https:\\\/\\\/schema.org\",\"@graph\":[{\"@type\":\"WebPage\",\"@id\":\"https:\\\/\\\/hartico.ee\\\/lv\\\/product\\\/modulkar-06-2\\\/\",\"url\":\"https:\\\/\\\/hartico.ee\\\/lv\\\/product\\\/modulkar-06-2\\\/\",\"name\":\"Modulkar 06\",\"isPartOf\":{\"@id\":\"https:\\\/\\\/hartico.ee\\\/lv\\\/#website\"},\"primaryImageOfPage\":{\"@id\":\"https:\\\/\\\/hartico.ee\\\/lv\\\/product\\\/modulkar-06-2\\\/#primaryimage\"},\"image\":{\"@id\":\"https:\\\/\\\/hartico.ee\\\/lv\\\/product\\\/modulkar-06-2\\\/#primaryimage\"},\"thumbnailUrl\":\"https:\\\/\\\/hartico.ee\\\/wp-content\\\/uploads\\\/2016\\\/03\\\/p-3198-p-3191-p-3184-Modulkar-06-Pudelik\u00e4ru.bmp.jpg\",\"datePublished\":\"2014-11-03T18:14:52+00:00\",\"dateModified\":\"2017-03-06T17:16:05+00:00\",\"description\":\"modulkar, veekanistri k\u00e4ru, veepudeli k\u00e4ru, sano, laok\u00e4ru, kaubak\u00e4ru,\",\"breadcrumb\":{\"@id\":\"https:\\\/\\\/hartico.ee\\\/lv\\\/product\\\/modulkar-06-2\\\/#breadcrumb\"},\"inLanguage\":\"lv-LV\",\"potentialAction\":[{\"@type\":\"ReadAction\",\"target\":[\"https:\\\/\\\/hartico.ee\\\/lv\\\/product\\\/modulkar-06-2\\\/\"]}]},{\"@type\":\"ImageObject\",\"inLanguage\":\"lv-LV\",\"@id\":\"https:\\\/\\\/hartico.ee\\\/lv\\\/product\\\/modulkar-06-2\\\/#primaryimage\",\"url\":\"https:\\\/\\\/hartico.ee\\\/wp-content\\\/uploads\\\/2016\\\/03\\\/p-3198-p-3191-p-3184-Modulkar-06-Pudelik\u00e4ru.bmp.jpg\",\"contentUrl\":\"https:\\\/\\\/hartico.ee\\\/wp-content\\\/uploads\\\/2016\\\/03\\\/p-3198-p-3191-p-3184-Modulkar-06-Pudelik\u00e4ru.bmp.jpg\",\"width\":756,\"height\":1181,\"caption\":\"Modulkar 06\"},{\"@type\":\"BreadcrumbList\",\"@id\":\"https:\\\/\\\/hartico.ee\\\/lv\\\/product\\\/modulkar-06-2\\\/#breadcrumb\",\"itemListElement\":[{\"@type\":\"ListItem\",\"position\":1,\"name\":\"Esileht\",\"item\":\"https:\\\/\\\/hartico.ee\\\/lv\\\/\"},{\"@type\":\"ListItem\",\"position\":2,\"name\":\"Produkti\",\"item\":\"https:\\\/\\\/hartico.ee\\\/lv\\\/shop\\\/\"},{\"@type\":\"ListItem\",\"position\":3,\"name\":\"Rokas kravas rati\u0146i MODULKAR 06\"}]},{\"@type\":\"WebSite\",\"@id\":\"https:\\\/\\\/hartico.ee\\\/lv\\\/#website\",\"url\":\"https:\\\/\\\/hartico.ee\\\/lv\\\/\",\"name\":\"Hartico\",\"description\":\"Lifting and moving systems LIFTKAR, Xetto, Expresso\",\"publisher\":{\"@id\":\"https:\\\/\\\/hartico.ee\\\/lv\\\/#organization\"},\"potentialAction\":[{\"@type\":\"SearchAction\",\"target\":{\"@type\":\"EntryPoint\",\"urlTemplate\":\"https:\\\/\\\/hartico.ee\\\/lv\\\/?s={search_term_string}\"},\"query-input\":{\"@type\":\"PropertyValueSpecification\",\"valueRequired\":true,\"valueName\":\"search_term_string\"}}],\"inLanguage\":\"lv-LV\"},{\"@type\":\"Organization\",\"@id\":\"https:\\\/\\\/hartico.ee\\\/lv\\\/#organization\",\"name\":\"Hartico\",\"url\":\"https:\\\/\\\/hartico.ee\\\/lv\\\/\",\"logo\":{\"@type\":\"ImageObject\",\"inLanguage\":\"lv-LV\",\"@id\":\"https:\\\/\\\/hartico.ee\\\/lv\\\/#\\\/schema\\\/logo\\\/image\\\/\",\"url\":\"https:\\\/\\\/hartico.ee\\\/wp-content\\\/uploads\\\/2018\\\/11\\\/hartico_logo_with_slogan_onecolor.svg\",\"contentUrl\":\"https:\\\/\\\/hartico.ee\\\/wp-content\\\/uploads\\\/2018\\\/11\\\/hartico_logo_with_slogan_onecolor.svg\",\"width\":424,\"height\":157,\"caption\":\"Hartico\"},\"image\":{\"@id\":\"https:\\\/\\\/hartico.ee\\\/lv\\\/#\\\/schema\\\/logo\\\/image\\\/\"},\"sameAs\":[\"https:\\\/\\\/www.facebook.com\\\/SANOTransportgeraeteBaltics\\\/\"]}]}<\/script>\n<!-- \/ Yoast SEO plugin. -->","yoast_head_json":{"title":"Modulkar 06","description":"modulkar, veekanistri k\u00e4ru, veepudeli k\u00e4ru, sano, laok\u00e4ru, kaubak\u00e4ru,","robots":{"index":"index","follow":"follow","max-snippet":"max-snippet:-1","max-image-preview":"max-image-preview:large","max-video-preview":"max-video-preview:-1"},"canonical":"https:\/\/hartico.ee\/lv\/product\/modulkar-06-2\/","og_locale":"lv_LV","og_type":"article","og_title":"Modulkar 06","og_description":"modulkar, veekanistri k\u00e4ru, veepudeli k\u00e4ru, sano, laok\u00e4ru, kaubak\u00e4ru,","og_url":"https:\/\/hartico.ee\/lv\/product\/modulkar-06-2\/","og_site_name":"Hartico","article_publisher":"https:\/\/www.facebook.com\/SANOTransportgeraeteBaltics\/","article_modified_time":"2017-03-06T17:16:05+00:00","og_image":[{"width":756,"height":1181,"url":"https:\/\/hartico.ee\/wp-content\/uploads\/2016\/03\/p-3198-p-3191-p-3184-Modulkar-06-Pudelik\u00e4ru.bmp.jpg","type":"image\/jpeg"}],"twitter_card":"summary_large_image","twitter_misc":{"Est. reading time":"1 min\u016b\u0161u"},"schema":{"@context":"https:\/\/schema.org","@graph":[{"@type":"WebPage","@id":"https:\/\/hartico.ee\/lv\/product\/modulkar-06-2\/","url":"https:\/\/hartico.ee\/lv\/product\/modulkar-06-2\/","name":"Modulkar 06","isPartOf":{"@id":"https:\/\/hartico.ee\/lv\/#website"},"primaryImageOfPage":{"@id":"https:\/\/hartico.ee\/lv\/product\/modulkar-06-2\/#primaryimage"},"image":{"@id":"https:\/\/hartico.ee\/lv\/product\/modulkar-06-2\/#primaryimage"},"thumbnailUrl":"https:\/\/hartico.ee\/wp-content\/uploads\/2016\/03\/p-3198-p-3191-p-3184-Modulkar-06-Pudelik\u00e4ru.bmp.jpg","datePublished":"2014-11-03T18:14:52+00:00","dateModified":"2017-03-06T17:16:05+00:00","description":"modulkar, veekanistri k\u00e4ru, veepudeli k\u00e4ru, sano, laok\u00e4ru, kaubak\u00e4ru,","breadcrumb":{"@id":"https:\/\/hartico.ee\/lv\/product\/modulkar-06-2\/#breadcrumb"},"inLanguage":"lv-LV","potentialAction":[{"@type":"ReadAction","target":["https:\/\/hartico.ee\/lv\/product\/modulkar-06-2\/"]}]},{"@type":"ImageObject","inLanguage":"lv-LV","@id":"https:\/\/hartico.ee\/lv\/product\/modulkar-06-2\/#primaryimage","url":"https:\/\/hartico.ee\/wp-content\/uploads\/2016\/03\/p-3198-p-3191-p-3184-Modulkar-06-Pudelik\u00e4ru.bmp.jpg","contentUrl":"https:\/\/hartico.ee\/wp-content\/uploads\/2016\/03\/p-3198-p-3191-p-3184-Modulkar-06-Pudelik\u00e4ru.bmp.jpg","width":756,"height":1181,"caption":"Modulkar 06"},{"@type":"BreadcrumbList","@id":"https:\/\/hartico.ee\/lv\/product\/modulkar-06-2\/#breadcrumb","itemListElement":[{"@type":"ListItem","position":1,"name":"Esileht","item":"https:\/\/hartico.ee\/lv\/"},{"@type":"ListItem","position":2,"name":"Produkti","item":"https:\/\/hartico.ee\/lv\/shop\/"},{"@type":"ListItem","position":3,"name":"Rokas kravas rati\u0146i MODULKAR 06"}]},{"@type":"WebSite","@id":"https:\/\/hartico.ee\/lv\/#website","url":"https:\/\/hartico.ee\/lv\/","name":"Hartico","description":"Lifting and moving systems LIFTKAR, Xetto, Expresso","publisher":{"@id":"https:\/\/hartico.ee\/lv\/#organization"},"potentialAction":[{"@type":"SearchAction","target":{"@type":"EntryPoint","urlTemplate":"https:\/\/hartico.ee\/lv\/?s={search_term_string}"},"query-input":{"@type":"PropertyValueSpecification","valueRequired":true,"valueName":"search_term_string"}}],"inLanguage":"lv-LV"},{"@type":"Organization","@id":"https:\/\/hartico.ee\/lv\/#organization","name":"Hartico","url":"https:\/\/hartico.ee\/lv\/","logo":{"@type":"ImageObject","inLanguage":"lv-LV","@id":"https:\/\/hartico.ee\/lv\/#\/schema\/logo\/image\/","url":"https:\/\/hartico.ee\/wp-content\/uploads\/2018\/11\/hartico_logo_with_slogan_onecolor.svg","contentUrl":"https:\/\/hartico.ee\/wp-content\/uploads\/2018\/11\/hartico_logo_with_slogan_onecolor.svg","width":424,"height":157,"caption":"Hartico"},"image":{"@id":"https:\/\/hartico.ee\/lv\/#\/schema\/logo\/image\/"},"sameAs":["https:\/\/www.facebook.com\/SANOTransportgeraeteBaltics\/"]}]}},"_links":{"self":[{"href":"https:\/\/hartico.ee\/lv\/wp-json\/wp\/v2\/product\/3198","targetHints":{"allow":["GET"]}}],"collection":[{"href":"https:\/\/hartico.ee\/lv\/wp-json\/wp\/v2\/product"}],"about":[{"href":"https:\/\/hartico.ee\/lv\/wp-json\/wp\/v2\/types\/product"}],"wp:featuredmedia":[{"embeddable":true,"href":"https:\/\/hartico.ee\/lv\/wp-json\/wp\/v2\/media\/3199"}],"wp:attachment":[{"href":"https:\/\/hartico.ee\/lv\/wp-json\/wp\/v2\/media?parent=3198"}],"wp:term":[{"taxonomy":"product_brand","embeddable":true,"href":"https:\/\/hartico.ee\/lv\/wp-json\/wp\/v2\/product_brand?post=3198"},{"taxonomy":"product_cat","embeddable":true,"href":"https:\/\/hartico.ee\/lv\/wp-json\/wp\/v2\/product_cat?post=3198"},{"taxonomy":"product_tag","embeddable":true,"href":"https:\/\/hartico.ee\/lv\/wp-json\/wp\/v2\/product_tag?post=3198"}],"curies":[{"name":"wp","href":"https:\/\/api.w.org\/{rel}","templated":true}]}}