{"id":3108,"date":"2014-11-03T18:43:35","date_gmt":"2014-11-03T16:43:35","guid":{"rendered":"http:\/\/hartico.path.ee\/?post_type=product&#038;p=3108"},"modified":"2019-10-09T11:18:12","modified_gmt":"2019-10-09T09:18:12","slug":"kapnu-kapejs-liftkar-hd-330-uni-b","status":"publish","type":"product","link":"https:\/\/hartico.ee\/lv\/product\/kapnu-kapejs-liftkar-hd-330-uni-b\/","title":{"rendered":"K\u0101p\u0146u k\u0101p\u0113js Liftkar HD 330 UNI B"},"content":{"rendered":"<h4>K\u0101p\u0146u k\u0101p\u0113js LIFTKAR HD 330 B UNI<\/h4>\n<p>Smago katlu, kam\u012bnu, uzkodu autom\u0101tu, b\u016bvmateri\u0101lu un daudzu citu pre\u010du transport\u0113\u0161ana- SANO LIFTKAR HD k\u0101p\u0146u k\u0101p\u0113js ir ide\u0101li piem\u0113rots lo\u0123istikas, tirdzniec\u012bbas, un r\u016bpniec\u012bbas uz\u0146\u0113mumiem.<\/p>\n<p>Ar Liftkar HD var p\u0101rvad\u0101t smagas kravas \u0101tri un \u0113rti. Liftkar HD ir divi \u0101trumi &#8211; viena pak\u0101piena re\u017e\u012bms un nep\u0101rtrauktais, perfekti nobalans\u0113ts k\u0101p\u0161anas meh\u0101nisms un ir\u00a0 apr\u012bkots ar brem\u017eu sist\u0113mu, kas sp\u0113j aptur\u0113t ier\u012bci efekt\u012bvi un dro\u0161i.<\/p>\n<p>Liftkar HD ir ieguld\u012bjums, kas\u00a0 sevi atmaks\u0101 \u013coti \u0101tri. Ja iepriek\u0161 pras\u012bj\u0101t k\u0101dam pal\u012bdz\u012bbu vai pat diviem cilv\u0113kiem, tad tagad darbu ar Liftkar HD b\u016bs iesp\u0113jams paveikt vienam pa\u0161am. Dro\u0161i, \u0101tri un bez likas piep\u016bles.<\/p>\n<h4>K\u0101p\u0146u k\u0101p\u0113js LIFTKAR HD 330 B UNI\u00a0 ieguvumi:<\/h4>\n<ul>\n<li>2 gadu garantija<\/li>\n<li>Kravens\u012bba l\u012bdz 330 kg<\/li>\n<li>Pak\u0101pienu augstums l\u012bdz 22 cm<\/li>\n<li>2 k\u0101p\u0161anas \u0101trumi<\/li>\n<li>2 k\u0101p\u0161anas re\u017e\u012bmi- 1 pak\u0101piens \/ nep\u0101rtraukts<\/li>\n<li>\u012apa\u0161i viegla alum\u012bnija modu\u013cu konstrukcija<\/li>\n<li>Iztur\u012bgs SANO patent\u0113t\u0101 alum\u012bnija profila r\u0101mis<\/li>\n<li>Inovat\u012bva, integr\u0113ta pak\u0101piena malas\u00a0 brem\u017eu sist\u0113ma<\/li>\n<li>Autom\u0101tiska izsl\u0113g\u0161an\u0101s funkcija<\/li>\n<li>Ergonomiski rokturi ar nesl\u012bdo\u0161as gumijas p\u0101rkl\u0101jumu<\/li>\n<li>Aug\u0161up \/ lejup sl\u0113dzis ab\u0101s pus\u0113s- \u0113rti visiem operatoriem<\/li>\n<li>Perfekti nobalans\u0113ta k\u0101p\u0161anas ier\u012bce dro\u0161ai darb\u012bbai uz k\u0101pn\u0113m un pak\u0101pieniem<\/li>\n<li>Pret p\u0101rdur\u0161anu dro\u0161as riepas<\/li>\n<li>Augstas iztur\u012bbas alum\u012bnija p\u0113das pl\u0101ksne<\/li>\n<li>\u0100tri uzl\u0101d\u0113jams 24V akumulators<\/li>\n<\/ul>\n","protected":false},"excerpt":{"rendered":"<p>K\u0101p\u0146u k\u0101p\u0113js LIFTKAR HD 330 B UNI Smago katlu, kam\u012bnu, uzkodu autom\u0101tu, b\u016bvmateri\u0101lu un daudzu citu pre\u010du transport\u0113\u0161ana- SANO LIFTKAR HD k\u0101p\u0146u k\u0101p\u0113js ir ide\u0101li piem\u0113rots lo\u0123istikas, tirdzniec\u012bbas, un r\u016bpniec\u012bbas uz\u0146\u0113mumiem. Ar Liftkar HD var p\u0101rvad\u0101t smagas kravas \u0101tri un \u0113rti. Liftkar HD ir divi \u0101trumi &#8211; viena pak\u0101piena re\u017e\u012bms un nep\u0101rtrauktais, perfekti nobalans\u0113ts k\u0101p\u0161anas [&hellip;]<\/p>\n","protected":false},"featured_media":3109,"template":"","meta":{"_acf_changed":false,"inline_featured_image":false},"product_brand":[],"product_cat":[45],"product_tag":[210,212,211],"class_list":{"0":"post-3108","1":"product","2":"type-product","3":"status-publish","4":"has-post-thumbnail","6":"product_cat-kapnu-kapejs-liftkar-hd-360","7":"product_tag-kapnu-kapejs","8":"product_tag-kapnu-kapejs-lv","9":"product_tag-kapnu-kapejs-liftkar-hd-360-uni-b","11":"first","12":"instock","13":"taxable","14":"shipping-taxable","15":"product-type-simple"},"acf":[],"yoast_head":"<!-- This site is optimized with the Yoast SEO plugin v27.3 - https:\/\/yoast.com\/product\/yoast-seo-wordpress\/ -->\n<title>K\u0101p\u0146u k\u0101p\u0113js Liftkar HD 330 UNI B<\/title>\n<meta name=\"description\" content=\"trepik\u00e4ru, trepironija, liftkar, liftkar hd, liftakar hd, sano, sano baltic, hartico, trepikaru, trepi karu, trepi k\u00e4ru, trepit\u00f5stuk, trepitostuk, trepi t\u00f5stuk, lift, kauba lift, k\u00e4ru, laok\u00e4ru, kaubak\u00e4ru, kauba k\u00e4ru, treppensteiger, stairclimber\" \/>\n<meta name=\"robots\" content=\"index, follow, max-snippet:-1, max-image-preview:large, max-video-preview:-1\" \/>\n<link rel=\"canonical\" href=\"https:\/\/hartico.ee\/lv\/product\/kapnu-kapejs-liftkar-hd-330-uni-b\/\" \/>\n<meta property=\"og:locale\" content=\"lv_LV\" \/>\n<meta property=\"og:type\" content=\"article\" \/>\n<meta property=\"og:title\" content=\"K\u0101p\u0146u k\u0101p\u0113js Liftkar HD 330 UNI B\" \/>\n<meta property=\"og:description\" content=\"trepik\u00e4ru, trepironija, liftkar, liftkar hd, liftakar hd, sano, sano baltic, hartico, trepikaru, trepi karu, trepi k\u00e4ru, trepit\u00f5stuk, trepitostuk, trepi t\u00f5stuk, lift, kauba lift, k\u00e4ru, laok\u00e4ru, kaubak\u00e4ru, kauba k\u00e4ru, treppensteiger, stairclimber\" \/>\n<meta property=\"og:url\" content=\"https:\/\/hartico.ee\/lv\/product\/kapnu-kapejs-liftkar-hd-330-uni-b\/\" \/>\n<meta property=\"og:site_name\" content=\"Hartico\" \/>\n<meta property=\"article:publisher\" content=\"https:\/\/www.facebook.com\/SANOTransportgeraeteBaltics\/\" \/>\n<meta property=\"article:modified_time\" content=\"2019-10-09T09:18:12+00:00\" \/>\n<meta property=\"og:image\" content=\"https:\/\/hartico.ee\/wp-content\/uploads\/2014\/11\/p-3108-p-3106-p-3104-LIFTKAR-HD-330-UNI-B.jpg\" \/>\n\t<meta property=\"og:image:width\" content=\"460\" \/>\n\t<meta property=\"og:image:height\" content=\"990\" \/>\n\t<meta property=\"og:image:type\" content=\"image\/jpeg\" \/>\n<meta name=\"twitter:card\" content=\"summary_large_image\" \/>\n<meta name=\"twitter:label1\" content=\"Est. reading time\" \/>\n\t<meta name=\"twitter:data1\" content=\"1 min\u016b\u0161u\" \/>\n<script type=\"application\/ld+json\" class=\"yoast-schema-graph\">{\"@context\":\"https:\\\/\\\/schema.org\",\"@graph\":[{\"@type\":\"WebPage\",\"@id\":\"https:\\\/\\\/hartico.ee\\\/lv\\\/product\\\/kapnu-kapejs-liftkar-hd-330-uni-b\\\/\",\"url\":\"https:\\\/\\\/hartico.ee\\\/lv\\\/product\\\/kapnu-kapejs-liftkar-hd-330-uni-b\\\/\",\"name\":\"K\u0101p\u0146u k\u0101p\u0113js Liftkar HD 330 UNI B\",\"isPartOf\":{\"@id\":\"https:\\\/\\\/hartico.ee\\\/lv\\\/#website\"},\"primaryImageOfPage\":{\"@id\":\"https:\\\/\\\/hartico.ee\\\/lv\\\/product\\\/kapnu-kapejs-liftkar-hd-330-uni-b\\\/#primaryimage\"},\"image\":{\"@id\":\"https:\\\/\\\/hartico.ee\\\/lv\\\/product\\\/kapnu-kapejs-liftkar-hd-330-uni-b\\\/#primaryimage\"},\"thumbnailUrl\":\"https:\\\/\\\/hartico.ee\\\/wp-content\\\/uploads\\\/2014\\\/11\\\/p-3108-p-3106-p-3104-LIFTKAR-HD-330-UNI-B.jpg\",\"datePublished\":\"2014-11-03T16:43:35+00:00\",\"dateModified\":\"2019-10-09T09:18:12+00:00\",\"description\":\"trepik\u00e4ru, trepironija, liftkar, liftkar hd, liftakar hd, sano, sano baltic, hartico, trepikaru, trepi karu, trepi k\u00e4ru, trepit\u00f5stuk, trepitostuk, trepi t\u00f5stuk, lift, kauba lift, k\u00e4ru, laok\u00e4ru, kaubak\u00e4ru, kauba k\u00e4ru, treppensteiger, stairclimber\",\"breadcrumb\":{\"@id\":\"https:\\\/\\\/hartico.ee\\\/lv\\\/product\\\/kapnu-kapejs-liftkar-hd-330-uni-b\\\/#breadcrumb\"},\"inLanguage\":\"lv-LV\",\"potentialAction\":[{\"@type\":\"ReadAction\",\"target\":[\"https:\\\/\\\/hartico.ee\\\/lv\\\/product\\\/kapnu-kapejs-liftkar-hd-330-uni-b\\\/\"]}]},{\"@type\":\"ImageObject\",\"inLanguage\":\"lv-LV\",\"@id\":\"https:\\\/\\\/hartico.ee\\\/lv\\\/product\\\/kapnu-kapejs-liftkar-hd-330-uni-b\\\/#primaryimage\",\"url\":\"https:\\\/\\\/hartico.ee\\\/wp-content\\\/uploads\\\/2014\\\/11\\\/p-3108-p-3106-p-3104-LIFTKAR-HD-330-UNI-B.jpg\",\"contentUrl\":\"https:\\\/\\\/hartico.ee\\\/wp-content\\\/uploads\\\/2014\\\/11\\\/p-3108-p-3106-p-3104-LIFTKAR-HD-330-UNI-B.jpg\",\"width\":460,\"height\":990,\"caption\":\"K\u0101p\u0146u k\u0101p\u0113js Liftkar HD 220 UNI B\"},{\"@type\":\"BreadcrumbList\",\"@id\":\"https:\\\/\\\/hartico.ee\\\/lv\\\/product\\\/kapnu-kapejs-liftkar-hd-330-uni-b\\\/#breadcrumb\",\"itemListElement\":[{\"@type\":\"ListItem\",\"position\":1,\"name\":\"Esileht\",\"item\":\"https:\\\/\\\/hartico.ee\\\/lv\\\/\"},{\"@type\":\"ListItem\",\"position\":2,\"name\":\"Produkti\",\"item\":\"https:\\\/\\\/hartico.ee\\\/lv\\\/shop\\\/\"},{\"@type\":\"ListItem\",\"position\":3,\"name\":\"K\u0101p\u0146u k\u0101p\u0113js Liftkar HD 330 UNI B\"}]},{\"@type\":\"WebSite\",\"@id\":\"https:\\\/\\\/hartico.ee\\\/lv\\\/#website\",\"url\":\"https:\\\/\\\/hartico.ee\\\/lv\\\/\",\"name\":\"Hartico\",\"description\":\"Lifting and moving systems LIFTKAR, Xetto, Expresso\",\"publisher\":{\"@id\":\"https:\\\/\\\/hartico.ee\\\/lv\\\/#organization\"},\"potentialAction\":[{\"@type\":\"SearchAction\",\"target\":{\"@type\":\"EntryPoint\",\"urlTemplate\":\"https:\\\/\\\/hartico.ee\\\/lv\\\/?s={search_term_string}\"},\"query-input\":{\"@type\":\"PropertyValueSpecification\",\"valueRequired\":true,\"valueName\":\"search_term_string\"}}],\"inLanguage\":\"lv-LV\"},{\"@type\":\"Organization\",\"@id\":\"https:\\\/\\\/hartico.ee\\\/lv\\\/#organization\",\"name\":\"Hartico\",\"url\":\"https:\\\/\\\/hartico.ee\\\/lv\\\/\",\"logo\":{\"@type\":\"ImageObject\",\"inLanguage\":\"lv-LV\",\"@id\":\"https:\\\/\\\/hartico.ee\\\/lv\\\/#\\\/schema\\\/logo\\\/image\\\/\",\"url\":\"https:\\\/\\\/hartico.ee\\\/wp-content\\\/uploads\\\/2018\\\/11\\\/hartico_logo_with_slogan_onecolor.svg\",\"contentUrl\":\"https:\\\/\\\/hartico.ee\\\/wp-content\\\/uploads\\\/2018\\\/11\\\/hartico_logo_with_slogan_onecolor.svg\",\"width\":424,\"height\":157,\"caption\":\"Hartico\"},\"image\":{\"@id\":\"https:\\\/\\\/hartico.ee\\\/lv\\\/#\\\/schema\\\/logo\\\/image\\\/\"},\"sameAs\":[\"https:\\\/\\\/www.facebook.com\\\/SANOTransportgeraeteBaltics\\\/\"]}]}<\/script>\n<!-- \/ Yoast SEO plugin. -->","yoast_head_json":{"title":"K\u0101p\u0146u k\u0101p\u0113js Liftkar HD 330 UNI B","description":"trepik\u00e4ru, trepironija, liftkar, liftkar hd, liftakar hd, sano, sano baltic, hartico, trepikaru, trepi karu, trepi k\u00e4ru, trepit\u00f5stuk, trepitostuk, trepi t\u00f5stuk, lift, kauba lift, k\u00e4ru, laok\u00e4ru, kaubak\u00e4ru, kauba k\u00e4ru, treppensteiger, stairclimber","robots":{"index":"index","follow":"follow","max-snippet":"max-snippet:-1","max-image-preview":"max-image-preview:large","max-video-preview":"max-video-preview:-1"},"canonical":"https:\/\/hartico.ee\/lv\/product\/kapnu-kapejs-liftkar-hd-330-uni-b\/","og_locale":"lv_LV","og_type":"article","og_title":"K\u0101p\u0146u k\u0101p\u0113js Liftkar HD 330 UNI B","og_description":"trepik\u00e4ru, trepironija, liftkar, liftkar hd, liftakar hd, sano, sano baltic, hartico, trepikaru, trepi karu, trepi k\u00e4ru, trepit\u00f5stuk, trepitostuk, trepi t\u00f5stuk, lift, kauba lift, k\u00e4ru, laok\u00e4ru, kaubak\u00e4ru, kauba k\u00e4ru, treppensteiger, stairclimber","og_url":"https:\/\/hartico.ee\/lv\/product\/kapnu-kapejs-liftkar-hd-330-uni-b\/","og_site_name":"Hartico","article_publisher":"https:\/\/www.facebook.com\/SANOTransportgeraeteBaltics\/","article_modified_time":"2019-10-09T09:18:12+00:00","og_image":[{"width":460,"height":990,"url":"https:\/\/hartico.ee\/wp-content\/uploads\/2014\/11\/p-3108-p-3106-p-3104-LIFTKAR-HD-330-UNI-B.jpg","type":"image\/jpeg"}],"twitter_card":"summary_large_image","twitter_misc":{"Est. reading time":"1 min\u016b\u0161u"},"schema":{"@context":"https:\/\/schema.org","@graph":[{"@type":"WebPage","@id":"https:\/\/hartico.ee\/lv\/product\/kapnu-kapejs-liftkar-hd-330-uni-b\/","url":"https:\/\/hartico.ee\/lv\/product\/kapnu-kapejs-liftkar-hd-330-uni-b\/","name":"K\u0101p\u0146u k\u0101p\u0113js Liftkar HD 330 UNI B","isPartOf":{"@id":"https:\/\/hartico.ee\/lv\/#website"},"primaryImageOfPage":{"@id":"https:\/\/hartico.ee\/lv\/product\/kapnu-kapejs-liftkar-hd-330-uni-b\/#primaryimage"},"image":{"@id":"https:\/\/hartico.ee\/lv\/product\/kapnu-kapejs-liftkar-hd-330-uni-b\/#primaryimage"},"thumbnailUrl":"https:\/\/hartico.ee\/wp-content\/uploads\/2014\/11\/p-3108-p-3106-p-3104-LIFTKAR-HD-330-UNI-B.jpg","datePublished":"2014-11-03T16:43:35+00:00","dateModified":"2019-10-09T09:18:12+00:00","description":"trepik\u00e4ru, trepironija, liftkar, liftkar hd, liftakar hd, sano, sano baltic, hartico, trepikaru, trepi karu, trepi k\u00e4ru, trepit\u00f5stuk, trepitostuk, trepi t\u00f5stuk, lift, kauba lift, k\u00e4ru, laok\u00e4ru, kaubak\u00e4ru, kauba k\u00e4ru, treppensteiger, stairclimber","breadcrumb":{"@id":"https:\/\/hartico.ee\/lv\/product\/kapnu-kapejs-liftkar-hd-330-uni-b\/#breadcrumb"},"inLanguage":"lv-LV","potentialAction":[{"@type":"ReadAction","target":["https:\/\/hartico.ee\/lv\/product\/kapnu-kapejs-liftkar-hd-330-uni-b\/"]}]},{"@type":"ImageObject","inLanguage":"lv-LV","@id":"https:\/\/hartico.ee\/lv\/product\/kapnu-kapejs-liftkar-hd-330-uni-b\/#primaryimage","url":"https:\/\/hartico.ee\/wp-content\/uploads\/2014\/11\/p-3108-p-3106-p-3104-LIFTKAR-HD-330-UNI-B.jpg","contentUrl":"https:\/\/hartico.ee\/wp-content\/uploads\/2014\/11\/p-3108-p-3106-p-3104-LIFTKAR-HD-330-UNI-B.jpg","width":460,"height":990,"caption":"K\u0101p\u0146u k\u0101p\u0113js Liftkar HD 220 UNI B"},{"@type":"BreadcrumbList","@id":"https:\/\/hartico.ee\/lv\/product\/kapnu-kapejs-liftkar-hd-330-uni-b\/#breadcrumb","itemListElement":[{"@type":"ListItem","position":1,"name":"Esileht","item":"https:\/\/hartico.ee\/lv\/"},{"@type":"ListItem","position":2,"name":"Produkti","item":"https:\/\/hartico.ee\/lv\/shop\/"},{"@type":"ListItem","position":3,"name":"K\u0101p\u0146u k\u0101p\u0113js Liftkar HD 330 UNI B"}]},{"@type":"WebSite","@id":"https:\/\/hartico.ee\/lv\/#website","url":"https:\/\/hartico.ee\/lv\/","name":"Hartico","description":"Lifting and moving systems LIFTKAR, Xetto, Expresso","publisher":{"@id":"https:\/\/hartico.ee\/lv\/#organization"},"potentialAction":[{"@type":"SearchAction","target":{"@type":"EntryPoint","urlTemplate":"https:\/\/hartico.ee\/lv\/?s={search_term_string}"},"query-input":{"@type":"PropertyValueSpecification","valueRequired":true,"valueName":"search_term_string"}}],"inLanguage":"lv-LV"},{"@type":"Organization","@id":"https:\/\/hartico.ee\/lv\/#organization","name":"Hartico","url":"https:\/\/hartico.ee\/lv\/","logo":{"@type":"ImageObject","inLanguage":"lv-LV","@id":"https:\/\/hartico.ee\/lv\/#\/schema\/logo\/image\/","url":"https:\/\/hartico.ee\/wp-content\/uploads\/2018\/11\/hartico_logo_with_slogan_onecolor.svg","contentUrl":"https:\/\/hartico.ee\/wp-content\/uploads\/2018\/11\/hartico_logo_with_slogan_onecolor.svg","width":424,"height":157,"caption":"Hartico"},"image":{"@id":"https:\/\/hartico.ee\/lv\/#\/schema\/logo\/image\/"},"sameAs":["https:\/\/www.facebook.com\/SANOTransportgeraeteBaltics\/"]}]}},"_links":{"self":[{"href":"https:\/\/hartico.ee\/lv\/wp-json\/wp\/v2\/product\/3108","targetHints":{"allow":["GET"]}}],"collection":[{"href":"https:\/\/hartico.ee\/lv\/wp-json\/wp\/v2\/product"}],"about":[{"href":"https:\/\/hartico.ee\/lv\/wp-json\/wp\/v2\/types\/product"}],"wp:featuredmedia":[{"embeddable":true,"href":"https:\/\/hartico.ee\/lv\/wp-json\/wp\/v2\/media\/3109"}],"wp:attachment":[{"href":"https:\/\/hartico.ee\/lv\/wp-json\/wp\/v2\/media?parent=3108"}],"wp:term":[{"taxonomy":"product_brand","embeddable":true,"href":"https:\/\/hartico.ee\/lv\/wp-json\/wp\/v2\/product_brand?post=3108"},{"taxonomy":"product_cat","embeddable":true,"href":"https:\/\/hartico.ee\/lv\/wp-json\/wp\/v2\/product_cat?post=3108"},{"taxonomy":"product_tag","embeddable":true,"href":"https:\/\/hartico.ee\/lv\/wp-json\/wp\/v2\/product_tag?post=3108"}],"curies":[{"name":"wp","href":"https:\/\/api.w.org\/{rel}","templated":true}]}}