{"id":3076,"date":"2014-10-26T13:02:21","date_gmt":"2014-10-26T11:02:21","guid":{"rendered":"http:\/\/hartico.path.ee\/?post_type=product&#038;p=3076"},"modified":"2019-10-15T10:10:57","modified_gmt":"2019-10-15T08:10:57","slug":"table-platform-2","status":"publish","type":"product","link":"https:\/\/hartico.ee\/lv\/product\/table-platform-2\/","title":{"rendered":"Galda tipa platforma LIFTKAR SAL"},"content":{"rendered":"<h3>Galda tipa platforma LIFTKAR SAL<\/h3>\n<p>&nbsp;<\/p>\n<p>Galda tipa platforma priek\u0161 printeru transport\u0113\u0161anas<\/p>\n<p>Platforma 600 x 590 mm, augstums 600 mm,<\/p>\n<p>Lietojams ar\u00a0 WL un XWL pamatn\u0113m,<\/p>\n<p>Pieejams fiks\u0113ts vai ar e\u0146\u0123\u0113m.<\/p>\n","protected":false},"excerpt":{"rendered":"<p>Galda tipa platforma LIFTKAR SAL &nbsp; Galda tipa platforma priek\u0161 printeru transport\u0113\u0161anas Platforma 600 x 590 mm, augstums 600 mm, Lietojams ar\u00a0 WL un XWL pamatn\u0113m, Pieejams fiks\u0113ts vai ar e\u0146\u0123\u0113m.<\/p>\n","protected":false},"featured_media":3077,"template":"","meta":{"_acf_changed":false,"inline_featured_image":false},"product_brand":[],"product_cat":[322,65,70],"product_tag":[],"class_list":{"0":"post-3076","1":"product","2":"type-product","3":"status-publish","4":"has-post-thumbnail","6":"product_cat-liftkar-sal-papildus","7":"product_cat-liftkar-modulkar-papildus","8":"product_cat-piederumi","10":"first","11":"instock","12":"taxable","13":"shipping-taxable","14":"product-type-simple"},"acf":[],"yoast_head":"<!-- This site is optimized with the Yoast SEO plugin v27.3 - https:\/\/yoast.com\/product\/yoast-seo-wordpress\/ -->\n<title>Table platform<\/title>\n<meta name=\"description\" content=\"Platvorm 600 x 590 mm, k\u00f5rgus 600 mm, sisaldab kinnitusiSobib ainult LIFTKAR SAL tugiplaatidele WL ja XWL. Hingedega v\u00f5i fix.Koopiamasinate ja printerite horisontaalse transportimise platvorm\" \/>\n<meta name=\"robots\" content=\"index, follow, max-snippet:-1, max-image-preview:large, max-video-preview:-1\" \/>\n<link rel=\"canonical\" href=\"https:\/\/hartico.ee\/lv\/product\/table-platform-2\/\" \/>\n<meta property=\"og:locale\" content=\"lv_LV\" \/>\n<meta property=\"og:type\" content=\"article\" \/>\n<meta property=\"og:title\" content=\"Table platform\" \/>\n<meta property=\"og:description\" content=\"Platvorm 600 x 590 mm, k\u00f5rgus 600 mm, sisaldab kinnitusiSobib ainult LIFTKAR SAL tugiplaatidele WL ja XWL. Hingedega v\u00f5i fix.Koopiamasinate ja printerite horisontaalse transportimise platvorm\" \/>\n<meta property=\"og:url\" content=\"https:\/\/hartico.ee\/lv\/product\/table-platform-2\/\" \/>\n<meta property=\"og:site_name\" content=\"Hartico\" \/>\n<meta property=\"article:publisher\" content=\"https:\/\/www.facebook.com\/SANOTransportgeraeteBaltics\/\" \/>\n<meta property=\"article:modified_time\" content=\"2019-10-15T08:10:57+00:00\" \/>\n<meta property=\"og:image\" content=\"https:\/\/hartico.ee\/wp-content\/uploads\/2014\/10\/p-3076-p-3070-p-3064-Platform-printeritele.jpg\" \/>\n\t<meta property=\"og:image:width\" content=\"256\" \/>\n\t<meta property=\"og:image:height\" content=\"126\" \/>\n\t<meta property=\"og:image:type\" content=\"image\/jpeg\" \/>\n<meta name=\"twitter:card\" content=\"summary_large_image\" \/>\n<script type=\"application\/ld+json\" class=\"yoast-schema-graph\">{\"@context\":\"https:\\\/\\\/schema.org\",\"@graph\":[{\"@type\":\"WebPage\",\"@id\":\"https:\\\/\\\/hartico.ee\\\/lv\\\/product\\\/table-platform-2\\\/\",\"url\":\"https:\\\/\\\/hartico.ee\\\/lv\\\/product\\\/table-platform-2\\\/\",\"name\":\"Table platform\",\"isPartOf\":{\"@id\":\"https:\\\/\\\/hartico.ee\\\/lv\\\/#website\"},\"primaryImageOfPage\":{\"@id\":\"https:\\\/\\\/hartico.ee\\\/lv\\\/product\\\/table-platform-2\\\/#primaryimage\"},\"image\":{\"@id\":\"https:\\\/\\\/hartico.ee\\\/lv\\\/product\\\/table-platform-2\\\/#primaryimage\"},\"thumbnailUrl\":\"https:\\\/\\\/hartico.ee\\\/wp-content\\\/uploads\\\/2014\\\/10\\\/p-3076-p-3070-p-3064-Platform-printeritele.jpg\",\"datePublished\":\"2014-10-26T11:02:21+00:00\",\"dateModified\":\"2019-10-15T08:10:57+00:00\",\"description\":\"Platvorm 600 x 590 mm, k\u00f5rgus 600 mm, sisaldab kinnitusiSobib ainult LIFTKAR SAL tugiplaatidele WL ja XWL. Hingedega v\u00f5i fix.Koopiamasinate ja printerite horisontaalse transportimise platvorm\",\"breadcrumb\":{\"@id\":\"https:\\\/\\\/hartico.ee\\\/lv\\\/product\\\/table-platform-2\\\/#breadcrumb\"},\"inLanguage\":\"lv-LV\",\"potentialAction\":[{\"@type\":\"ReadAction\",\"target\":[\"https:\\\/\\\/hartico.ee\\\/lv\\\/product\\\/table-platform-2\\\/\"]}]},{\"@type\":\"ImageObject\",\"inLanguage\":\"lv-LV\",\"@id\":\"https:\\\/\\\/hartico.ee\\\/lv\\\/product\\\/table-platform-2\\\/#primaryimage\",\"url\":\"https:\\\/\\\/hartico.ee\\\/wp-content\\\/uploads\\\/2014\\\/10\\\/p-3076-p-3070-p-3064-Platform-printeritele.jpg\",\"contentUrl\":\"https:\\\/\\\/hartico.ee\\\/wp-content\\\/uploads\\\/2014\\\/10\\\/p-3076-p-3070-p-3064-Platform-printeritele.jpg\",\"width\":256,\"height\":126,\"caption\":\"Table platform\"},{\"@type\":\"BreadcrumbList\",\"@id\":\"https:\\\/\\\/hartico.ee\\\/lv\\\/product\\\/table-platform-2\\\/#breadcrumb\",\"itemListElement\":[{\"@type\":\"ListItem\",\"position\":1,\"name\":\"Esileht\",\"item\":\"https:\\\/\\\/hartico.ee\\\/lv\\\/\"},{\"@type\":\"ListItem\",\"position\":2,\"name\":\"Produkti\",\"item\":\"https:\\\/\\\/hartico.ee\\\/lv\\\/shop\\\/\"},{\"@type\":\"ListItem\",\"position\":3,\"name\":\"Galda tipa platforma LIFTKAR SAL\"}]},{\"@type\":\"WebSite\",\"@id\":\"https:\\\/\\\/hartico.ee\\\/lv\\\/#website\",\"url\":\"https:\\\/\\\/hartico.ee\\\/lv\\\/\",\"name\":\"Hartico\",\"description\":\"Lifting and moving systems LIFTKAR, Xetto, Expresso\",\"publisher\":{\"@id\":\"https:\\\/\\\/hartico.ee\\\/lv\\\/#organization\"},\"potentialAction\":[{\"@type\":\"SearchAction\",\"target\":{\"@type\":\"EntryPoint\",\"urlTemplate\":\"https:\\\/\\\/hartico.ee\\\/lv\\\/?s={search_term_string}\"},\"query-input\":{\"@type\":\"PropertyValueSpecification\",\"valueRequired\":true,\"valueName\":\"search_term_string\"}}],\"inLanguage\":\"lv-LV\"},{\"@type\":\"Organization\",\"@id\":\"https:\\\/\\\/hartico.ee\\\/lv\\\/#organization\",\"name\":\"Hartico\",\"url\":\"https:\\\/\\\/hartico.ee\\\/lv\\\/\",\"logo\":{\"@type\":\"ImageObject\",\"inLanguage\":\"lv-LV\",\"@id\":\"https:\\\/\\\/hartico.ee\\\/lv\\\/#\\\/schema\\\/logo\\\/image\\\/\",\"url\":\"https:\\\/\\\/hartico.ee\\\/wp-content\\\/uploads\\\/2018\\\/11\\\/hartico_logo_with_slogan_onecolor.svg\",\"contentUrl\":\"https:\\\/\\\/hartico.ee\\\/wp-content\\\/uploads\\\/2018\\\/11\\\/hartico_logo_with_slogan_onecolor.svg\",\"width\":424,\"height\":157,\"caption\":\"Hartico\"},\"image\":{\"@id\":\"https:\\\/\\\/hartico.ee\\\/lv\\\/#\\\/schema\\\/logo\\\/image\\\/\"},\"sameAs\":[\"https:\\\/\\\/www.facebook.com\\\/SANOTransportgeraeteBaltics\\\/\"]}]}<\/script>\n<!-- \/ Yoast SEO plugin. -->","yoast_head_json":{"title":"Table platform","description":"Platvorm 600 x 590 mm, k\u00f5rgus 600 mm, sisaldab kinnitusiSobib ainult LIFTKAR SAL tugiplaatidele WL ja XWL. Hingedega v\u00f5i fix.Koopiamasinate ja printerite horisontaalse transportimise platvorm","robots":{"index":"index","follow":"follow","max-snippet":"max-snippet:-1","max-image-preview":"max-image-preview:large","max-video-preview":"max-video-preview:-1"},"canonical":"https:\/\/hartico.ee\/lv\/product\/table-platform-2\/","og_locale":"lv_LV","og_type":"article","og_title":"Table platform","og_description":"Platvorm 600 x 590 mm, k\u00f5rgus 600 mm, sisaldab kinnitusiSobib ainult LIFTKAR SAL tugiplaatidele WL ja XWL. Hingedega v\u00f5i fix.Koopiamasinate ja printerite horisontaalse transportimise platvorm","og_url":"https:\/\/hartico.ee\/lv\/product\/table-platform-2\/","og_site_name":"Hartico","article_publisher":"https:\/\/www.facebook.com\/SANOTransportgeraeteBaltics\/","article_modified_time":"2019-10-15T08:10:57+00:00","og_image":[{"width":256,"height":126,"url":"https:\/\/hartico.ee\/wp-content\/uploads\/2014\/10\/p-3076-p-3070-p-3064-Platform-printeritele.jpg","type":"image\/jpeg"}],"twitter_card":"summary_large_image","schema":{"@context":"https:\/\/schema.org","@graph":[{"@type":"WebPage","@id":"https:\/\/hartico.ee\/lv\/product\/table-platform-2\/","url":"https:\/\/hartico.ee\/lv\/product\/table-platform-2\/","name":"Table platform","isPartOf":{"@id":"https:\/\/hartico.ee\/lv\/#website"},"primaryImageOfPage":{"@id":"https:\/\/hartico.ee\/lv\/product\/table-platform-2\/#primaryimage"},"image":{"@id":"https:\/\/hartico.ee\/lv\/product\/table-platform-2\/#primaryimage"},"thumbnailUrl":"https:\/\/hartico.ee\/wp-content\/uploads\/2014\/10\/p-3076-p-3070-p-3064-Platform-printeritele.jpg","datePublished":"2014-10-26T11:02:21+00:00","dateModified":"2019-10-15T08:10:57+00:00","description":"Platvorm 600 x 590 mm, k\u00f5rgus 600 mm, sisaldab kinnitusiSobib ainult LIFTKAR SAL tugiplaatidele WL ja XWL. Hingedega v\u00f5i fix.Koopiamasinate ja printerite horisontaalse transportimise platvorm","breadcrumb":{"@id":"https:\/\/hartico.ee\/lv\/product\/table-platform-2\/#breadcrumb"},"inLanguage":"lv-LV","potentialAction":[{"@type":"ReadAction","target":["https:\/\/hartico.ee\/lv\/product\/table-platform-2\/"]}]},{"@type":"ImageObject","inLanguage":"lv-LV","@id":"https:\/\/hartico.ee\/lv\/product\/table-platform-2\/#primaryimage","url":"https:\/\/hartico.ee\/wp-content\/uploads\/2014\/10\/p-3076-p-3070-p-3064-Platform-printeritele.jpg","contentUrl":"https:\/\/hartico.ee\/wp-content\/uploads\/2014\/10\/p-3076-p-3070-p-3064-Platform-printeritele.jpg","width":256,"height":126,"caption":"Table platform"},{"@type":"BreadcrumbList","@id":"https:\/\/hartico.ee\/lv\/product\/table-platform-2\/#breadcrumb","itemListElement":[{"@type":"ListItem","position":1,"name":"Esileht","item":"https:\/\/hartico.ee\/lv\/"},{"@type":"ListItem","position":2,"name":"Produkti","item":"https:\/\/hartico.ee\/lv\/shop\/"},{"@type":"ListItem","position":3,"name":"Galda tipa platforma LIFTKAR SAL"}]},{"@type":"WebSite","@id":"https:\/\/hartico.ee\/lv\/#website","url":"https:\/\/hartico.ee\/lv\/","name":"Hartico","description":"Lifting and moving systems LIFTKAR, Xetto, Expresso","publisher":{"@id":"https:\/\/hartico.ee\/lv\/#organization"},"potentialAction":[{"@type":"SearchAction","target":{"@type":"EntryPoint","urlTemplate":"https:\/\/hartico.ee\/lv\/?s={search_term_string}"},"query-input":{"@type":"PropertyValueSpecification","valueRequired":true,"valueName":"search_term_string"}}],"inLanguage":"lv-LV"},{"@type":"Organization","@id":"https:\/\/hartico.ee\/lv\/#organization","name":"Hartico","url":"https:\/\/hartico.ee\/lv\/","logo":{"@type":"ImageObject","inLanguage":"lv-LV","@id":"https:\/\/hartico.ee\/lv\/#\/schema\/logo\/image\/","url":"https:\/\/hartico.ee\/wp-content\/uploads\/2018\/11\/hartico_logo_with_slogan_onecolor.svg","contentUrl":"https:\/\/hartico.ee\/wp-content\/uploads\/2018\/11\/hartico_logo_with_slogan_onecolor.svg","width":424,"height":157,"caption":"Hartico"},"image":{"@id":"https:\/\/hartico.ee\/lv\/#\/schema\/logo\/image\/"},"sameAs":["https:\/\/www.facebook.com\/SANOTransportgeraeteBaltics\/"]}]}},"_links":{"self":[{"href":"https:\/\/hartico.ee\/lv\/wp-json\/wp\/v2\/product\/3076","targetHints":{"allow":["GET"]}}],"collection":[{"href":"https:\/\/hartico.ee\/lv\/wp-json\/wp\/v2\/product"}],"about":[{"href":"https:\/\/hartico.ee\/lv\/wp-json\/wp\/v2\/types\/product"}],"wp:featuredmedia":[{"embeddable":true,"href":"https:\/\/hartico.ee\/lv\/wp-json\/wp\/v2\/media\/3077"}],"wp:attachment":[{"href":"https:\/\/hartico.ee\/lv\/wp-json\/wp\/v2\/media?parent=3076"}],"wp:term":[{"taxonomy":"product_brand","embeddable":true,"href":"https:\/\/hartico.ee\/lv\/wp-json\/wp\/v2\/product_brand?post=3076"},{"taxonomy":"product_cat","embeddable":true,"href":"https:\/\/hartico.ee\/lv\/wp-json\/wp\/v2\/product_cat?post=3076"},{"taxonomy":"product_tag","embeddable":true,"href":"https:\/\/hartico.ee\/lv\/wp-json\/wp\/v2\/product_tag?post=3076"}],"curies":[{"name":"wp","href":"https:\/\/api.w.org\/{rel}","templated":true}]}}