{"id":3020,"date":"2014-10-26T12:49:15","date_gmt":"2014-10-26T10:49:15","guid":{"rendered":"http:\/\/hartico.path.ee\/?post_type=product&#038;p=3020"},"modified":"2019-10-15T12:18:54","modified_gmt":"2019-10-15T10:18:54","slug":"atbalsta-barjeras-garas-2","status":"publish","type":"product","link":"https:\/\/hartico.ee\/lv\/product\/atbalsta-barjeras-garas-2\/","title":{"rendered":"Atbalsta barjeras, gar\u0101s"},"content":{"rendered":"<p>garums: 840 mm,<\/p>\n<p>viens p\u0101ris<\/p>\n<p>Priek\u0161:<\/p>\n<p>LIFTKAR SAL ERGO<\/p>\n<p>LIFTKAR SAL UNI<\/p>\n<p>LIFTKAR SAL FOLD-L<\/p>\n<p>LIFTKAR HD UNI<\/p>\n<p>LIFTKAR HD DOLLY<\/p>\n<p>MODULKAR<\/p>\n","protected":false},"excerpt":{"rendered":"<p>garums: 840 mm, viens p\u0101ris Priek\u0161: LIFTKAR SAL ERGO LIFTKAR SAL UNI LIFTKAR SAL FOLD-L LIFTKAR HD UNI LIFTKAR HD DOLLY MODULKAR<\/p>\n","protected":false},"featured_media":3021,"template":"","meta":{"_acf_changed":false,"inline_featured_image":false},"product_brand":[],"product_cat":[322,65,70],"product_tag":[82],"class_list":{"0":"post-3020","1":"product","2":"type-product","3":"status-publish","4":"has-post-thumbnail","6":"product_cat-liftkar-sal-papildus","7":"product_cat-liftkar-modulkar-papildus","8":"product_cat-piederumi","9":"product_tag-82","11":"first","12":"instock","13":"taxable","14":"shipping-taxable","15":"product-type-simple"},"acf":[],"yoast_head":"<!-- This site is optimized with the Yoast SEO plugin v27.3 - https:\/\/yoast.com\/product\/yoast-seo-wordpress\/ -->\n<title>Atbalsta barjeras, gar\u0101s<\/title>\n<meta name=\"robots\" content=\"index, follow, max-snippet:-1, max-image-preview:large, max-video-preview:-1\" \/>\n<link rel=\"canonical\" href=\"https:\/\/hartico.ee\/lv\/product\/atbalsta-barjeras-garas-2\/\" \/>\n<meta property=\"og:locale\" content=\"lv_LV\" \/>\n<meta property=\"og:type\" content=\"article\" \/>\n<meta property=\"og:title\" content=\"Atbalsta barjeras, gar\u0101s\" \/>\n<meta property=\"og:description\" content=\"garums: 840 mm, viens p\u0101ris Priek\u0161: LIFTKAR SAL ERGO LIFTKAR SAL UNI LIFTKAR SAL FOLD-L LIFTKAR HD UNI LIFTKAR HD DOLLY MODULKAR\" \/>\n<meta property=\"og:url\" content=\"https:\/\/hartico.ee\/lv\/product\/atbalsta-barjeras-garas-2\/\" \/>\n<meta property=\"og:site_name\" content=\"Hartico\" \/>\n<meta property=\"article:publisher\" content=\"https:\/\/www.facebook.com\/SANOTransportgeraeteBaltics\/\" \/>\n<meta property=\"article:modified_time\" content=\"2019-10-15T10:18:54+00:00\" \/>\n<meta property=\"og:image\" content=\"https:\/\/hartico.ee\/wp-content\/uploads\/2014\/10\/p-3020-p-3017-p-3014-Tugitiivad-suurtele-kodumasinatele.jpg\" \/>\n\t<meta property=\"og:image:width\" content=\"114\" \/>\n\t<meta property=\"og:image:height\" content=\"200\" \/>\n\t<meta property=\"og:image:type\" content=\"image\/jpeg\" \/>\n<meta name=\"twitter:card\" content=\"summary_large_image\" \/>\n<script type=\"application\/ld+json\" class=\"yoast-schema-graph\">{\"@context\":\"https:\\\/\\\/schema.org\",\"@graph\":[{\"@type\":\"WebPage\",\"@id\":\"https:\\\/\\\/hartico.ee\\\/lv\\\/product\\\/atbalsta-barjeras-garas-2\\\/\",\"url\":\"https:\\\/\\\/hartico.ee\\\/lv\\\/product\\\/atbalsta-barjeras-garas-2\\\/\",\"name\":\"Atbalsta barjeras, gar\u0101s\",\"isPartOf\":{\"@id\":\"https:\\\/\\\/hartico.ee\\\/lv\\\/#website\"},\"primaryImageOfPage\":{\"@id\":\"https:\\\/\\\/hartico.ee\\\/lv\\\/product\\\/atbalsta-barjeras-garas-2\\\/#primaryimage\"},\"image\":{\"@id\":\"https:\\\/\\\/hartico.ee\\\/lv\\\/product\\\/atbalsta-barjeras-garas-2\\\/#primaryimage\"},\"thumbnailUrl\":\"https:\\\/\\\/hartico.ee\\\/wp-content\\\/uploads\\\/2014\\\/10\\\/p-3020-p-3017-p-3014-Tugitiivad-suurtele-kodumasinatele.jpg\",\"datePublished\":\"2014-10-26T10:49:15+00:00\",\"dateModified\":\"2019-10-15T10:18:54+00:00\",\"breadcrumb\":{\"@id\":\"https:\\\/\\\/hartico.ee\\\/lv\\\/product\\\/atbalsta-barjeras-garas-2\\\/#breadcrumb\"},\"inLanguage\":\"lv-LV\",\"potentialAction\":[{\"@type\":\"ReadAction\",\"target\":[\"https:\\\/\\\/hartico.ee\\\/lv\\\/product\\\/atbalsta-barjeras-garas-2\\\/\"]}]},{\"@type\":\"ImageObject\",\"inLanguage\":\"lv-LV\",\"@id\":\"https:\\\/\\\/hartico.ee\\\/lv\\\/product\\\/atbalsta-barjeras-garas-2\\\/#primaryimage\",\"url\":\"https:\\\/\\\/hartico.ee\\\/wp-content\\\/uploads\\\/2014\\\/10\\\/p-3020-p-3017-p-3014-Tugitiivad-suurtele-kodumasinatele.jpg\",\"contentUrl\":\"https:\\\/\\\/hartico.ee\\\/wp-content\\\/uploads\\\/2014\\\/10\\\/p-3020-p-3017-p-3014-Tugitiivad-suurtele-kodumasinatele.jpg\",\"width\":114,\"height\":200,\"caption\":\"Atbalsta barjeras, gar\u0101s\"},{\"@type\":\"BreadcrumbList\",\"@id\":\"https:\\\/\\\/hartico.ee\\\/lv\\\/product\\\/atbalsta-barjeras-garas-2\\\/#breadcrumb\",\"itemListElement\":[{\"@type\":\"ListItem\",\"position\":1,\"name\":\"Esileht\",\"item\":\"https:\\\/\\\/hartico.ee\\\/lv\\\/\"},{\"@type\":\"ListItem\",\"position\":2,\"name\":\"Produkti\",\"item\":\"https:\\\/\\\/hartico.ee\\\/lv\\\/shop\\\/\"},{\"@type\":\"ListItem\",\"position\":3,\"name\":\"Atbalsta barjeras, gar\u0101s\"}]},{\"@type\":\"WebSite\",\"@id\":\"https:\\\/\\\/hartico.ee\\\/lv\\\/#website\",\"url\":\"https:\\\/\\\/hartico.ee\\\/lv\\\/\",\"name\":\"Hartico\",\"description\":\"Lifting and moving systems LIFTKAR, Xetto, Expresso\",\"publisher\":{\"@id\":\"https:\\\/\\\/hartico.ee\\\/lv\\\/#organization\"},\"potentialAction\":[{\"@type\":\"SearchAction\",\"target\":{\"@type\":\"EntryPoint\",\"urlTemplate\":\"https:\\\/\\\/hartico.ee\\\/lv\\\/?s={search_term_string}\"},\"query-input\":{\"@type\":\"PropertyValueSpecification\",\"valueRequired\":true,\"valueName\":\"search_term_string\"}}],\"inLanguage\":\"lv-LV\"},{\"@type\":\"Organization\",\"@id\":\"https:\\\/\\\/hartico.ee\\\/lv\\\/#organization\",\"name\":\"Hartico\",\"url\":\"https:\\\/\\\/hartico.ee\\\/lv\\\/\",\"logo\":{\"@type\":\"ImageObject\",\"inLanguage\":\"lv-LV\",\"@id\":\"https:\\\/\\\/hartico.ee\\\/lv\\\/#\\\/schema\\\/logo\\\/image\\\/\",\"url\":\"https:\\\/\\\/hartico.ee\\\/wp-content\\\/uploads\\\/2018\\\/11\\\/hartico_logo_with_slogan_onecolor.svg\",\"contentUrl\":\"https:\\\/\\\/hartico.ee\\\/wp-content\\\/uploads\\\/2018\\\/11\\\/hartico_logo_with_slogan_onecolor.svg\",\"width\":424,\"height\":157,\"caption\":\"Hartico\"},\"image\":{\"@id\":\"https:\\\/\\\/hartico.ee\\\/lv\\\/#\\\/schema\\\/logo\\\/image\\\/\"},\"sameAs\":[\"https:\\\/\\\/www.facebook.com\\\/SANOTransportgeraeteBaltics\\\/\"]}]}<\/script>\n<!-- \/ Yoast SEO plugin. -->","yoast_head_json":{"title":"Atbalsta barjeras, gar\u0101s","robots":{"index":"index","follow":"follow","max-snippet":"max-snippet:-1","max-image-preview":"max-image-preview:large","max-video-preview":"max-video-preview:-1"},"canonical":"https:\/\/hartico.ee\/lv\/product\/atbalsta-barjeras-garas-2\/","og_locale":"lv_LV","og_type":"article","og_title":"Atbalsta barjeras, gar\u0101s","og_description":"garums: 840 mm, viens p\u0101ris Priek\u0161: LIFTKAR SAL ERGO LIFTKAR SAL UNI LIFTKAR SAL FOLD-L LIFTKAR HD UNI LIFTKAR HD DOLLY MODULKAR","og_url":"https:\/\/hartico.ee\/lv\/product\/atbalsta-barjeras-garas-2\/","og_site_name":"Hartico","article_publisher":"https:\/\/www.facebook.com\/SANOTransportgeraeteBaltics\/","article_modified_time":"2019-10-15T10:18:54+00:00","og_image":[{"width":114,"height":200,"url":"https:\/\/hartico.ee\/wp-content\/uploads\/2014\/10\/p-3020-p-3017-p-3014-Tugitiivad-suurtele-kodumasinatele.jpg","type":"image\/jpeg"}],"twitter_card":"summary_large_image","schema":{"@context":"https:\/\/schema.org","@graph":[{"@type":"WebPage","@id":"https:\/\/hartico.ee\/lv\/product\/atbalsta-barjeras-garas-2\/","url":"https:\/\/hartico.ee\/lv\/product\/atbalsta-barjeras-garas-2\/","name":"Atbalsta barjeras, gar\u0101s","isPartOf":{"@id":"https:\/\/hartico.ee\/lv\/#website"},"primaryImageOfPage":{"@id":"https:\/\/hartico.ee\/lv\/product\/atbalsta-barjeras-garas-2\/#primaryimage"},"image":{"@id":"https:\/\/hartico.ee\/lv\/product\/atbalsta-barjeras-garas-2\/#primaryimage"},"thumbnailUrl":"https:\/\/hartico.ee\/wp-content\/uploads\/2014\/10\/p-3020-p-3017-p-3014-Tugitiivad-suurtele-kodumasinatele.jpg","datePublished":"2014-10-26T10:49:15+00:00","dateModified":"2019-10-15T10:18:54+00:00","breadcrumb":{"@id":"https:\/\/hartico.ee\/lv\/product\/atbalsta-barjeras-garas-2\/#breadcrumb"},"inLanguage":"lv-LV","potentialAction":[{"@type":"ReadAction","target":["https:\/\/hartico.ee\/lv\/product\/atbalsta-barjeras-garas-2\/"]}]},{"@type":"ImageObject","inLanguage":"lv-LV","@id":"https:\/\/hartico.ee\/lv\/product\/atbalsta-barjeras-garas-2\/#primaryimage","url":"https:\/\/hartico.ee\/wp-content\/uploads\/2014\/10\/p-3020-p-3017-p-3014-Tugitiivad-suurtele-kodumasinatele.jpg","contentUrl":"https:\/\/hartico.ee\/wp-content\/uploads\/2014\/10\/p-3020-p-3017-p-3014-Tugitiivad-suurtele-kodumasinatele.jpg","width":114,"height":200,"caption":"Atbalsta barjeras, gar\u0101s"},{"@type":"BreadcrumbList","@id":"https:\/\/hartico.ee\/lv\/product\/atbalsta-barjeras-garas-2\/#breadcrumb","itemListElement":[{"@type":"ListItem","position":1,"name":"Esileht","item":"https:\/\/hartico.ee\/lv\/"},{"@type":"ListItem","position":2,"name":"Produkti","item":"https:\/\/hartico.ee\/lv\/shop\/"},{"@type":"ListItem","position":3,"name":"Atbalsta barjeras, gar\u0101s"}]},{"@type":"WebSite","@id":"https:\/\/hartico.ee\/lv\/#website","url":"https:\/\/hartico.ee\/lv\/","name":"Hartico","description":"Lifting and moving systems LIFTKAR, Xetto, Expresso","publisher":{"@id":"https:\/\/hartico.ee\/lv\/#organization"},"potentialAction":[{"@type":"SearchAction","target":{"@type":"EntryPoint","urlTemplate":"https:\/\/hartico.ee\/lv\/?s={search_term_string}"},"query-input":{"@type":"PropertyValueSpecification","valueRequired":true,"valueName":"search_term_string"}}],"inLanguage":"lv-LV"},{"@type":"Organization","@id":"https:\/\/hartico.ee\/lv\/#organization","name":"Hartico","url":"https:\/\/hartico.ee\/lv\/","logo":{"@type":"ImageObject","inLanguage":"lv-LV","@id":"https:\/\/hartico.ee\/lv\/#\/schema\/logo\/image\/","url":"https:\/\/hartico.ee\/wp-content\/uploads\/2018\/11\/hartico_logo_with_slogan_onecolor.svg","contentUrl":"https:\/\/hartico.ee\/wp-content\/uploads\/2018\/11\/hartico_logo_with_slogan_onecolor.svg","width":424,"height":157,"caption":"Hartico"},"image":{"@id":"https:\/\/hartico.ee\/lv\/#\/schema\/logo\/image\/"},"sameAs":["https:\/\/www.facebook.com\/SANOTransportgeraeteBaltics\/"]}]}},"_links":{"self":[{"href":"https:\/\/hartico.ee\/lv\/wp-json\/wp\/v2\/product\/3020","targetHints":{"allow":["GET"]}}],"collection":[{"href":"https:\/\/hartico.ee\/lv\/wp-json\/wp\/v2\/product"}],"about":[{"href":"https:\/\/hartico.ee\/lv\/wp-json\/wp\/v2\/types\/product"}],"wp:featuredmedia":[{"embeddable":true,"href":"https:\/\/hartico.ee\/lv\/wp-json\/wp\/v2\/media\/3021"}],"wp:attachment":[{"href":"https:\/\/hartico.ee\/lv\/wp-json\/wp\/v2\/media?parent=3020"}],"wp:term":[{"taxonomy":"product_brand","embeddable":true,"href":"https:\/\/hartico.ee\/lv\/wp-json\/wp\/v2\/product_brand?post=3020"},{"taxonomy":"product_cat","embeddable":true,"href":"https:\/\/hartico.ee\/lv\/wp-json\/wp\/v2\/product_cat?post=3020"},{"taxonomy":"product_tag","embeddable":true,"href":"https:\/\/hartico.ee\/lv\/wp-json\/wp\/v2\/product_tag?post=3020"}],"curies":[{"name":"wp","href":"https:\/\/api.w.org\/{rel}","templated":true}]}}