{"id":21575,"date":"2025-10-06T12:23:08","date_gmt":"2025-10-06T10:23:08","guid":{"rendered":"https:\/\/hartico.ee\/product\/elektriline-trepikaru-liftkar-sal-fold-l-pro-li-ion-akuga\/"},"modified":"2025-10-07T11:22:04","modified_gmt":"2025-10-07T09:22:04","slug":"elektriskais-kapnu-vezimelis-ratins-sal-fold-l-pro-su-li-ion-akumulatoru","status":"publish","type":"product","link":"https:\/\/hartico.ee\/lv\/product\/elektriskais-kapnu-vezimelis-ratins-sal-fold-l-pro-su-li-ion-akumulatoru\/","title":{"rendered":"Elektriskais k\u0101p\u0146u rati\u0146\u0161 LIFTKAR SAL Fold-L PRO ar Li-Ion akumulatoru"},"content":{"rendered":"<h3><strong>Elektriskais k\u0101p\u0146u rati\u0146\u0161 LIFTKAR SAL Fold-L PRO ar Li-Ion akumulatoru<\/strong><\/h3>\n<p>Elektriskais, ar akumulatoru darbin\u0101mais k\u0101p\u0146u rati\u0146\u0161 <strong>LIFTKAR SAL<\/strong> ir pier\u0101d\u012bjis sevi k\u0101 visbie\u017e\u0101k izv\u0113l\u0113tais transporta risin\u0101jums vis\u0101 pasaul\u0113.<\/p>\n<p>Ide\u0101li piem\u0113rots lieto\u0161anai <strong>lo\u0123istik\u0101, mazumtirdzniec\u012bb\u0101, r\u016bpniec\u012bb\u0101, slimn\u012bc\u0101s, biroju \u0113k\u0101s, daudzdz\u012bvok\u013cu m\u0101j\u0101s, skol\u0101s, profesion\u0101laj\u0101s virtuv\u0113s<\/strong> un daudz\u0101s cit\u0101s \u0113k\u0101s.<\/p>\n<p><strong>Nr. 1 Latvij\u0101, Baltij\u0101 un Eirop\u0101<\/strong><\/p>\n<p>Tikai Baltijas valst\u012bs vien <strong>Hartico klientu un lietot\u0101ju skaits tuvojas 1000.<\/strong><\/p>\n<h3><\/h3>\n<h3><strong>LIFTKAR SAL Fold-L PRO \u2013 Tehniskie dati<\/strong><\/h3>\n<p>LIFTKAR SAL Fold-L PRO tiek ra\u017eots tr\u012bs jaudas klas\u0113s.<\/p>\n<p>Izv\u0113lies sev piem\u0113rot\u0101ko modeli.<\/p>\n<table>\n<thead>\n<tr>\n<td><strong>Artikula nr.<\/strong><\/td>\n<td><strong>038 717<\/strong><\/td>\n<td><strong>038 716<\/strong><\/td>\n<td><strong>038 724<\/strong><\/td>\n<\/tr>\n<\/thead>\n<tbody>\n<tr>\n<td><strong>Celtsp\u0113ja<\/strong><\/td>\n<td>110 kg<\/td>\n<td>140 kg<\/td>\n<td>170 kg<\/td>\n<\/tr>\n<tr>\n<td><strong>Svars (bez akumulatora un balsta pl\u0101ksnes)<\/strong><\/td>\n<td>17,9 kg<\/td>\n<td>17,9 kg<\/td>\n<td>17,9 kg<\/td>\n<\/tr>\n<tr>\n<td><strong>Akumulatora svars<\/strong><\/td>\n<td>1,6 kg<\/td>\n<td>1,6 kg<\/td>\n<td>1,6 kg<\/td>\n<\/tr>\n<tr>\n<td><strong>Autonomija (max.)<\/strong><\/td>\n<td>~2000 pak\u0101pieni (aug\u0161up un lejup)<\/td>\n<td>~2000 pak\u0101pieni (aug\u0161up un lejup)<\/td>\n<td>~2000 pak\u0101pieni (aug\u0161up un lejup)<\/td>\n<\/tr>\n<tr>\n<td><strong>K\u0101p\u0161anas \u0101trums (pak\u0101pieni\/min.)<\/strong><\/td>\n<td>48<\/td>\n<td>35<\/td>\n<td>29<\/td>\n<\/tr>\n<tr>\n<td><strong>Izmanto\u0161ana st\u0101v\u0101s\/\u0161aur\u0101s spir\u0101lveida k\u0101pn\u0113s<\/strong><\/td>\n<td>\u2714<\/td>\n<td>\u2714<\/td>\n<td>\u2714<\/td>\n<\/tr>\n<tr>\n<td><strong>Salok\u0101ms<\/strong><\/td>\n<td>\u2714<\/td>\n<td>\u2714<\/td>\n<td>\u2714<\/td>\n<\/tr>\n<tr>\n<td><strong>Transports pa k\u0101pn\u0113m<\/strong><\/td>\n<td>\u2714<\/td>\n<td>\u2714<\/td>\n<td>\u2714<\/td>\n<\/tr>\n<tr>\n<td><strong>Transports uz l\u012bdzenas virsmas<\/strong><\/td>\n<td>\u2714<\/td>\n<td>\u2714<\/td>\n<td>\u2714<\/td>\n<\/tr>\n<tr>\n<td><strong>Maksim\u0101lais pak\u0101piena augstums<\/strong><\/td>\n<td>0 \u2013 240 mm<\/td>\n<td>0 \u2013 240 mm<\/td>\n<td>0 \u2013 240 mm<\/td>\n<\/tr>\n<tr>\n<td><strong>Izm\u0113ri (A\/P\/D)<\/strong><\/td>\n<td>1750 (1360 saloc\u012bts) \/ 480 \/ 280 mm<\/td>\n<td>1750 (1360 saloc\u012bts) \/ 480 \/ 280 mm<\/td>\n<td>1750 (1360 saloc\u012bts) \/ 480 \/ 280 mm<\/td>\n<\/tr>\n<tr>\n<td><strong>Apak\u0161\u0113j\u0101 balsta pl\u0101ksne<\/strong><\/td>\n<td>Komplekt\u0113jas atbilsto\u0161i pielietojumam (papildu izmaksas)<\/td>\n<td>Komplekt\u0113jas atbilsto\u0161i pielietojumam (papildu izmaksas)<\/td>\n<td>Komplekt\u0113jas atbilsto\u0161i pielietojumam (papildu izmaksas)<\/td>\n<\/tr>\n<tr>\n<td><strong>Cena no, EUR (+ PVN)<\/strong><\/td>\n<td>2960<\/td>\n<td>3100<\/td>\n<td>3230<\/td>\n<\/tr>\n<\/tbody>\n<\/table>\n<p>&nbsp;<\/p>\n<h3><strong>Liftkar SAL video:<\/strong><\/h3>\n<figure class=\"wp-block-embed wp-block-embed-youtube is-type-video is-provider-youtube epyt-figure\"><div class=\"wp-block-embed__wrapper\"><iframe loading=\"lazy\"  id=\"_ytid_17299\"  width=\"500\" height=\"300\"  data-origwidth=\"500\" data-origheight=\"300\" src=\"https:\/\/www.youtube.com\/embed\/oR1zBp0Birg?enablejsapi=1&autoplay=0&cc_load_policy=0&cc_lang_pref=&iv_load_policy=1&loop=0&rel=1&fs=1&playsinline=0&autohide=2&theme=dark&color=red&controls=1&disablekb=0&\" class=\"__youtube_prefs__  no-lazyload\" title=\"YouTube player\"  allow=\"fullscreen; accelerometer; autoplay; clipboard-write; encrypted-media; gyroscope; picture-in-picture; web-share\" referrerpolicy=\"strict-origin-when-cross-origin\" allowfullscreen data-no-lazy=\"1\" data-skipgform_ajax_framebjll=\"\"><\/iframe><\/div><\/figure>\n<p>&nbsp;<\/p>\n<h3><strong>K\u0101p\u0113c izv\u0113l\u0113ties LIFTKAR SAL Fold-L PRO?<\/strong><\/h3>\n<ul>\n<li><strong>LIFTKAR SAL<\/strong> autom\u0101tiski un vienm\u0113r\u012bgi piel\u0101gojas pak\u0101piena augstumam no <strong>1 cm l\u012bdz 24 cm.<\/strong><\/li>\n<li>Darbojas uz visu veidu k\u0101pn\u0113m, ar\u012b spir\u0101lveida, un uz visiem materi\u0101liem \u2013 betona, koka, stikla un kor\u0137a.<\/li>\n<li>Roku darbs Austrij\u0101, <strong>SANO Transportger\u00e4te r\u016bpn\u012bc\u0101.<\/strong><\/li>\n<li>Izgatavots no <strong>unik\u0101liem patent\u0113tiem tehniskajiem risin\u0101jumiem.<\/strong><\/li>\n<\/ul>\n<p>&nbsp;<\/p>\n<h3><strong>LIFTKAR SAL Fold-L PRO Lithium priek\u0161roc\u012bbas:<\/strong><\/h3>\n<ul>\n<li>Sp\u0113j ar maksim\u0101lo kravu uzk\u0101pt l\u012bdz <strong>2000 pak\u0101pieniem aug\u0161up + 2000 lejup.<\/strong><\/li>\n<li>Nolai\u017eoties pa k\u0101pn\u0113m, \u0123ener\u0113 uzl\u0101des str\u0101vu un l\u0101d\u0113 akumulatoru darba laik\u0101.<\/li>\n<li>Apr\u012bkots ar <strong>akumulatora uzl\u0101des l\u012bme\u0146a indikatoru<\/strong> un testa funkciju.<\/li>\n<li><strong>LED apgaismojums<\/strong> tum\u0161\u0101m telp\u0101m.<\/li>\n<li>\u0100tr\u0101 akumulatora sl\u0113dzene\/atbr\u012bvo\u0161anas meh\u0101nisms.<\/li>\n<li>R\u0101mja augstums <strong>1350 mm (+50 mm).<\/strong><\/li>\n<li>Kop\u0113jais augstums ar atv\u0113rtu rokturi <strong>1735 mm (+115 mm)<\/strong> \u2013 nodro\u0161ina pareizu st\u0101ju ar\u012b gar\u0101kiem lietot\u0101jiem.<\/li>\n<li><strong>Regul\u0113jams rokturis<\/strong> \u2013 lab\u0101ka ergonomika un maz\u0101k muguras s\u0101pju.<\/li>\n<li>\u0100rk\u0101rt\u012bgi \u0101trs \u2013 l\u012bdz <strong>48 pak\u0101pieniem\/min.<\/strong><\/li>\n<li>\u013boti viegls \u2013 s\u0101kot no <strong>16 kg<\/strong><\/li>\n<li>Divi \u0101trumi: \u0101trs\/l\u0113ns<\/li>\n<li>Akumulatora uzl\u0101des indikators un testa poga<\/li>\n<li>Akumulatora svars tikai <strong>1,8 kg<\/strong><\/li>\n<li>Nolai\u017eoties ier\u012bce autom\u0101tiski piel\u0101gojas pak\u0101pieniem<\/li>\n<li>Pieejamas <strong>fiks\u0113tas vai salok\u0101mas balsta pl\u0101ksnes<\/strong><\/li>\n<li>Elektroniska p\u0101rslodzes aizsardz\u012bba un griezes momenta saj\u016bgs<\/li>\n<li>\u0112rti manevr\u0113jams<\/li>\n<li>Piem\u0113rots <strong>visu veidu k\u0101pn\u0113m<\/strong> \u2013 spir\u0101lveida, stikla, koka<\/li>\n<li>Ide\u0101li piem\u0113rots <strong>\u0161aur\u0101m telp\u0101m<\/strong><\/li>\n<li>Platas pneimatisk\u0101s riepas<\/li>\n<li>\u0100tri nomain\u0101ms akumulators ar pagarin\u0101tu kalpo\u0161anas laiku<\/li>\n<li>Pastiprin\u0101tas alum\u012bnija balsta pl\u0101ksnes<\/li>\n<li>Kravas iekrau\u0161anai furgon\u0101 pieejama <strong>pacel\u0161anas ier\u012bce vai autok\u0101pnes<\/strong><\/li>\n<\/ul>\n<p>&nbsp;<\/p>\n<h3><strong>LIFTKAR SAL Fold-L PRO \u2013 neaizvietojams risin\u0101jums \u0161\u0101d\u0101s jom\u0101s:<\/strong><\/h3>\n<ol>\n<li><strong>Sadz\u012bves tehnikas transports<\/strong> (E-LUX, Euronics, Topo Centras, Avitela, ONOFF, Expert, RDE, Pigu\/Kaup24 u.c.)<\/li>\n<li><strong>B\u016bvmateri\u0101lu transports<\/strong> (DEPO, Senukai\/K-RAUTA u.c.)<\/li>\n<li><strong>Kurjerpasta uz\u0146\u0113mumi<\/strong> (DPD, KADUC\u0116JUS, S.O Delivery, BB Transport u.c.)<\/li>\n<li><strong>Durvju transports un uzst\u0101d\u012b\u0161ana<\/strong> (Prontas, Diador, Eirodurvis, L\u00e4vel, Haapsalu Uksetehas, VAUKSA partneri, Viljandi Aken ja Uks partneri, 20+ met\u0101la durvju ra\u017eot\u0101ji Baltij\u0101 u.c.)<\/li>\n<li><strong>Printeru un kop\u0113t\u0101ju transports<\/strong> (Abcom \u2013 Xerox, Overall \u2013 Canon, B\u00fcroomaailm u.c.)<\/li>\n<li><strong>Transports \u0113k\u0101s ar kult\u016bras pieminek\u013cu vai b\u016bvniec\u012bbas ierobe\u017eojumiem<\/strong> \u2013 vecpils\u0113t\u0101s, viesn\u012bc\u0101s, ministrij\u0101s, universit\u0101t\u0113s (Latvijas Radio, TalTech, Hotel Astoria Vilnius, Igaunijas Zin\u0101t\u0146u akad\u0113mij u.c.)<\/li>\n<li><strong>Kancelejas pre\u010du un pap\u012bra transports<\/strong><\/li>\n<li><strong>M\u0113be\u013cu transports<\/strong><\/li>\n<li><strong>Medic\u012bnisko ier\u012b\u010du un piederumu transports<\/strong> (Magnum Logistics u.c.)<\/li>\n<li><strong>R\u016bpniec\u012bbas objekti<\/strong> (SCHWENK Latvija SIA u.c.)<\/li>\n<li><strong>P\u0101rtikas un dz\u0113rienu pieg\u0101des<\/strong> (Tallinna Toiduveod, AleCoq u.c.)<\/li>\n<li><strong>T\u012br\u012b\u0161anas iek\u0101rtu transports<\/strong> (Puhastusimport, Puhastusproff u.c.)<\/li>\n<\/ol>\n","protected":false},"excerpt":{"rendered":"<p>Elektriskais k\u0101p\u0146u rati\u0146\u0161 LIFTKAR SAL Fold-L PRO ar Li-Ion akumulatoru Elektriskais, ar akumulatoru darbin\u0101mais k\u0101p\u0146u rati\u0146\u0161 LIFTKAR SAL ir pier\u0101d\u012bjis sevi k\u0101 visbie\u017e\u0101k izv\u0113l\u0113tais transporta risin\u0101jums vis\u0101 pasaul\u0113. Ide\u0101li piem\u0113rots lieto\u0161anai lo\u0123istik\u0101, mazumtirdzniec\u012bb\u0101, r\u016bpniec\u012bb\u0101, slimn\u012bc\u0101s, biroju \u0113k\u0101s, daudzdz\u012bvok\u013cu m\u0101j\u0101s, skol\u0101s, profesion\u0101laj\u0101s virtuv\u0113s un daudz\u0101s cit\u0101s \u0113k\u0101s. Nr. 1 Latvij\u0101, Baltij\u0101 un Eirop\u0101 Tikai Baltijas valst\u012bs [&hellip;]<\/p>\n","protected":false},"featured_media":21559,"template":"","meta":{"_acf_changed":false,"inline_featured_image":false},"product_brand":[],"product_cat":[40,112,125,121],"product_tag":[212,210,524],"class_list":{"0":"post-21575","1":"product","2":"type-product","3":"status-publish","4":"has-post-thumbnail","6":"product_cat-kapnu-kapejs-liftkar-sal-170","7":"product_cat-kapnu-kapejs-110kg","8":"product_cat-kapnu-kapejs-170kg","9":"product_cat-kapnu-kapejs-140kg","10":"product_tag-kapnu-kapejs-lv","11":"product_tag-kapnu-kapejs","12":"product_tag-liftkar-lv","14":"first","15":"instock","16":"taxable","17":"shipping-taxable","18":"purchasable","19":"product-type-simple"},"acf":[],"yoast_head":"<!-- This site is optimized with the Yoast SEO plugin v27.3 - https:\/\/yoast.com\/product\/yoast-seo-wordpress\/ -->\n<title>Elektriskais k\u0101p\u0146u rati\u0146\u0161 LIFTKAR SAL Fold-L PRO ar Li-Ion akumulatoru - Hartico Elektriskais k\u0101p\u0146u rati\u0146\u0161 LIFTKAR SAL Fold-L PRO<\/title>\n<meta name=\"description\" content=\"Elektriskais k\u0101p\u0146u rati\u0146\u0161 LIFTKAR SAL Fold-L PRO ar Li-Ion akumulatoru. Tas padara visu darba procesu \u0101tr\u0101ku, dro\u0161\u0101ku un efekt\u012bv\u0101ku.\" \/>\n<meta name=\"robots\" content=\"index, follow, max-snippet:-1, max-image-preview:large, max-video-preview:-1\" \/>\n<link rel=\"canonical\" href=\"https:\/\/hartico.ee\/lv\/product\/elektriskais-kapnu-vezimelis-ratins-sal-fold-l-pro-su-li-ion-akumulatoru\/\" \/>\n<meta property=\"og:locale\" content=\"lv_LV\" \/>\n<meta property=\"og:type\" content=\"article\" \/>\n<meta property=\"og:title\" content=\"Elektriskais k\u0101p\u0146u rati\u0146\u0161 LIFTKAR SAL Fold-L PRO ar Li-Ion akumulatoru - Hartico Elektriskais k\u0101p\u0146u rati\u0146\u0161 LIFTKAR SAL Fold-L PRO\" \/>\n<meta property=\"og:description\" content=\"Elektriskais k\u0101p\u0146u rati\u0146\u0161 LIFTKAR SAL Fold-L PRO ar Li-Ion akumulatoru. Tas padara visu darba procesu \u0101tr\u0101ku, dro\u0161\u0101ku un efekt\u012bv\u0101ku.\" \/>\n<meta property=\"og:url\" content=\"https:\/\/hartico.ee\/lv\/product\/elektriskais-kapnu-vezimelis-ratins-sal-fold-l-pro-su-li-ion-akumulatoru\/\" \/>\n<meta property=\"og:site_name\" content=\"Hartico\" \/>\n<meta property=\"article:publisher\" content=\"https:\/\/www.facebook.com\/SANOTransportgeraeteBaltics\/\" \/>\n<meta property=\"article:modified_time\" content=\"2025-10-07T09:22:04+00:00\" \/>\n<meta property=\"og:image\" content=\"https:\/\/hartico.ee\/wp-content\/uploads\/2025\/10\/Electric-Stairclimber-LIFTKAR-SAL-Fold-L-PRO-with-Li-Ion-Battery.png\" \/>\n\t<meta property=\"og:image:width\" content=\"600\" \/>\n\t<meta property=\"og:image:height\" content=\"900\" \/>\n\t<meta property=\"og:image:type\" content=\"image\/png\" \/>\n<meta name=\"twitter:card\" content=\"summary_large_image\" \/>\n<meta name=\"twitter:label1\" content=\"Est. reading time\" \/>\n\t<meta name=\"twitter:data1\" content=\"4 min\u016btes\" \/>\n<script type=\"application\/ld+json\" class=\"yoast-schema-graph\">{\"@context\":\"https:\\\/\\\/schema.org\",\"@graph\":[{\"@type\":\"WebPage\",\"@id\":\"https:\\\/\\\/hartico.ee\\\/lv\\\/product\\\/elektriskais-kapnu-vezimelis-ratins-sal-fold-l-pro-su-li-ion-akumulatoru\\\/\",\"url\":\"https:\\\/\\\/hartico.ee\\\/lv\\\/product\\\/elektriskais-kapnu-vezimelis-ratins-sal-fold-l-pro-su-li-ion-akumulatoru\\\/\",\"name\":\"Elektriskais k\u0101p\u0146u rati\u0146\u0161 LIFTKAR SAL Fold-L PRO ar Li-Ion akumulatoru - Hartico Elektriskais k\u0101p\u0146u rati\u0146\u0161 LIFTKAR SAL Fold-L PRO\",\"isPartOf\":{\"@id\":\"https:\\\/\\\/hartico.ee\\\/lv\\\/#website\"},\"primaryImageOfPage\":{\"@id\":\"https:\\\/\\\/hartico.ee\\\/lv\\\/product\\\/elektriskais-kapnu-vezimelis-ratins-sal-fold-l-pro-su-li-ion-akumulatoru\\\/#primaryimage\"},\"image\":{\"@id\":\"https:\\\/\\\/hartico.ee\\\/lv\\\/product\\\/elektriskais-kapnu-vezimelis-ratins-sal-fold-l-pro-su-li-ion-akumulatoru\\\/#primaryimage\"},\"thumbnailUrl\":\"https:\\\/\\\/hartico.ee\\\/wp-content\\\/uploads\\\/2025\\\/10\\\/Electric-Stairclimber-LIFTKAR-SAL-Fold-L-PRO-with-Li-Ion-Battery.png\",\"datePublished\":\"2025-10-06T10:23:08+00:00\",\"dateModified\":\"2025-10-07T09:22:04+00:00\",\"description\":\"Elektriskais k\u0101p\u0146u rati\u0146\u0161 LIFTKAR SAL Fold-L PRO ar Li-Ion akumulatoru. Tas padara visu darba procesu \u0101tr\u0101ku, dro\u0161\u0101ku un efekt\u012bv\u0101ku.\",\"breadcrumb\":{\"@id\":\"https:\\\/\\\/hartico.ee\\\/lv\\\/product\\\/elektriskais-kapnu-vezimelis-ratins-sal-fold-l-pro-su-li-ion-akumulatoru\\\/#breadcrumb\"},\"inLanguage\":\"lv-LV\",\"potentialAction\":[{\"@type\":\"ReadAction\",\"target\":[\"https:\\\/\\\/hartico.ee\\\/lv\\\/product\\\/elektriskais-kapnu-vezimelis-ratins-sal-fold-l-pro-su-li-ion-akumulatoru\\\/\"]}]},{\"@type\":\"ImageObject\",\"inLanguage\":\"lv-LV\",\"@id\":\"https:\\\/\\\/hartico.ee\\\/lv\\\/product\\\/elektriskais-kapnu-vezimelis-ratins-sal-fold-l-pro-su-li-ion-akumulatoru\\\/#primaryimage\",\"url\":\"https:\\\/\\\/hartico.ee\\\/wp-content\\\/uploads\\\/2025\\\/10\\\/Electric-Stairclimber-LIFTKAR-SAL-Fold-L-PRO-with-Li-Ion-Battery.png\",\"contentUrl\":\"https:\\\/\\\/hartico.ee\\\/wp-content\\\/uploads\\\/2025\\\/10\\\/Electric-Stairclimber-LIFTKAR-SAL-Fold-L-PRO-with-Li-Ion-Battery.png\",\"width\":600,\"height\":900,\"caption\":\"Electric Stairclimber LIFTKAR SAL Fold-L PRO, with Li-Ion Battery\"},{\"@type\":\"BreadcrumbList\",\"@id\":\"https:\\\/\\\/hartico.ee\\\/lv\\\/product\\\/elektriskais-kapnu-vezimelis-ratins-sal-fold-l-pro-su-li-ion-akumulatoru\\\/#breadcrumb\",\"itemListElement\":[{\"@type\":\"ListItem\",\"position\":1,\"name\":\"Esileht\",\"item\":\"https:\\\/\\\/hartico.ee\\\/lv\\\/\"},{\"@type\":\"ListItem\",\"position\":2,\"name\":\"Produkti\",\"item\":\"https:\\\/\\\/hartico.ee\\\/lv\\\/shop\\\/\"},{\"@type\":\"ListItem\",\"position\":3,\"name\":\"Elektriskais k\u0101p\u0146u rati\u0146\u0161 LIFTKAR SAL Fold-L PRO ar Li-Ion akumulatoru\"}]},{\"@type\":\"WebSite\",\"@id\":\"https:\\\/\\\/hartico.ee\\\/lv\\\/#website\",\"url\":\"https:\\\/\\\/hartico.ee\\\/lv\\\/\",\"name\":\"Hartico\",\"description\":\"Lifting and moving systems LIFTKAR, Xetto, Expresso\",\"publisher\":{\"@id\":\"https:\\\/\\\/hartico.ee\\\/lv\\\/#organization\"},\"potentialAction\":[{\"@type\":\"SearchAction\",\"target\":{\"@type\":\"EntryPoint\",\"urlTemplate\":\"https:\\\/\\\/hartico.ee\\\/lv\\\/?s={search_term_string}\"},\"query-input\":{\"@type\":\"PropertyValueSpecification\",\"valueRequired\":true,\"valueName\":\"search_term_string\"}}],\"inLanguage\":\"lv-LV\"},{\"@type\":\"Organization\",\"@id\":\"https:\\\/\\\/hartico.ee\\\/lv\\\/#organization\",\"name\":\"Hartico\",\"url\":\"https:\\\/\\\/hartico.ee\\\/lv\\\/\",\"logo\":{\"@type\":\"ImageObject\",\"inLanguage\":\"lv-LV\",\"@id\":\"https:\\\/\\\/hartico.ee\\\/lv\\\/#\\\/schema\\\/logo\\\/image\\\/\",\"url\":\"https:\\\/\\\/hartico.ee\\\/wp-content\\\/uploads\\\/2018\\\/11\\\/hartico_logo_with_slogan_onecolor.svg\",\"contentUrl\":\"https:\\\/\\\/hartico.ee\\\/wp-content\\\/uploads\\\/2018\\\/11\\\/hartico_logo_with_slogan_onecolor.svg\",\"width\":424,\"height\":157,\"caption\":\"Hartico\"},\"image\":{\"@id\":\"https:\\\/\\\/hartico.ee\\\/lv\\\/#\\\/schema\\\/logo\\\/image\\\/\"},\"sameAs\":[\"https:\\\/\\\/www.facebook.com\\\/SANOTransportgeraeteBaltics\\\/\"]}]}<\/script>\n<!-- \/ Yoast SEO plugin. -->","yoast_head_json":{"title":"Elektriskais k\u0101p\u0146u rati\u0146\u0161 LIFTKAR SAL Fold-L PRO ar Li-Ion akumulatoru - Hartico Elektriskais k\u0101p\u0146u rati\u0146\u0161 LIFTKAR SAL Fold-L PRO","description":"Elektriskais k\u0101p\u0146u rati\u0146\u0161 LIFTKAR SAL Fold-L PRO ar Li-Ion akumulatoru. Tas padara visu darba procesu \u0101tr\u0101ku, dro\u0161\u0101ku un efekt\u012bv\u0101ku.","robots":{"index":"index","follow":"follow","max-snippet":"max-snippet:-1","max-image-preview":"max-image-preview:large","max-video-preview":"max-video-preview:-1"},"canonical":"https:\/\/hartico.ee\/lv\/product\/elektriskais-kapnu-vezimelis-ratins-sal-fold-l-pro-su-li-ion-akumulatoru\/","og_locale":"lv_LV","og_type":"article","og_title":"Elektriskais k\u0101p\u0146u rati\u0146\u0161 LIFTKAR SAL Fold-L PRO ar Li-Ion akumulatoru - Hartico Elektriskais k\u0101p\u0146u rati\u0146\u0161 LIFTKAR SAL Fold-L PRO","og_description":"Elektriskais k\u0101p\u0146u rati\u0146\u0161 LIFTKAR SAL Fold-L PRO ar Li-Ion akumulatoru. Tas padara visu darba procesu \u0101tr\u0101ku, dro\u0161\u0101ku un efekt\u012bv\u0101ku.","og_url":"https:\/\/hartico.ee\/lv\/product\/elektriskais-kapnu-vezimelis-ratins-sal-fold-l-pro-su-li-ion-akumulatoru\/","og_site_name":"Hartico","article_publisher":"https:\/\/www.facebook.com\/SANOTransportgeraeteBaltics\/","article_modified_time":"2025-10-07T09:22:04+00:00","og_image":[{"width":600,"height":900,"url":"https:\/\/hartico.ee\/wp-content\/uploads\/2025\/10\/Electric-Stairclimber-LIFTKAR-SAL-Fold-L-PRO-with-Li-Ion-Battery.png","type":"image\/png"}],"twitter_card":"summary_large_image","twitter_misc":{"Est. reading time":"4 min\u016btes"},"schema":{"@context":"https:\/\/schema.org","@graph":[{"@type":"WebPage","@id":"https:\/\/hartico.ee\/lv\/product\/elektriskais-kapnu-vezimelis-ratins-sal-fold-l-pro-su-li-ion-akumulatoru\/","url":"https:\/\/hartico.ee\/lv\/product\/elektriskais-kapnu-vezimelis-ratins-sal-fold-l-pro-su-li-ion-akumulatoru\/","name":"Elektriskais k\u0101p\u0146u rati\u0146\u0161 LIFTKAR SAL Fold-L PRO ar Li-Ion akumulatoru - Hartico Elektriskais k\u0101p\u0146u rati\u0146\u0161 LIFTKAR SAL Fold-L PRO","isPartOf":{"@id":"https:\/\/hartico.ee\/lv\/#website"},"primaryImageOfPage":{"@id":"https:\/\/hartico.ee\/lv\/product\/elektriskais-kapnu-vezimelis-ratins-sal-fold-l-pro-su-li-ion-akumulatoru\/#primaryimage"},"image":{"@id":"https:\/\/hartico.ee\/lv\/product\/elektriskais-kapnu-vezimelis-ratins-sal-fold-l-pro-su-li-ion-akumulatoru\/#primaryimage"},"thumbnailUrl":"https:\/\/hartico.ee\/wp-content\/uploads\/2025\/10\/Electric-Stairclimber-LIFTKAR-SAL-Fold-L-PRO-with-Li-Ion-Battery.png","datePublished":"2025-10-06T10:23:08+00:00","dateModified":"2025-10-07T09:22:04+00:00","description":"Elektriskais k\u0101p\u0146u rati\u0146\u0161 LIFTKAR SAL Fold-L PRO ar Li-Ion akumulatoru. Tas padara visu darba procesu \u0101tr\u0101ku, dro\u0161\u0101ku un efekt\u012bv\u0101ku.","breadcrumb":{"@id":"https:\/\/hartico.ee\/lv\/product\/elektriskais-kapnu-vezimelis-ratins-sal-fold-l-pro-su-li-ion-akumulatoru\/#breadcrumb"},"inLanguage":"lv-LV","potentialAction":[{"@type":"ReadAction","target":["https:\/\/hartico.ee\/lv\/product\/elektriskais-kapnu-vezimelis-ratins-sal-fold-l-pro-su-li-ion-akumulatoru\/"]}]},{"@type":"ImageObject","inLanguage":"lv-LV","@id":"https:\/\/hartico.ee\/lv\/product\/elektriskais-kapnu-vezimelis-ratins-sal-fold-l-pro-su-li-ion-akumulatoru\/#primaryimage","url":"https:\/\/hartico.ee\/wp-content\/uploads\/2025\/10\/Electric-Stairclimber-LIFTKAR-SAL-Fold-L-PRO-with-Li-Ion-Battery.png","contentUrl":"https:\/\/hartico.ee\/wp-content\/uploads\/2025\/10\/Electric-Stairclimber-LIFTKAR-SAL-Fold-L-PRO-with-Li-Ion-Battery.png","width":600,"height":900,"caption":"Electric Stairclimber LIFTKAR SAL Fold-L PRO, with Li-Ion Battery"},{"@type":"BreadcrumbList","@id":"https:\/\/hartico.ee\/lv\/product\/elektriskais-kapnu-vezimelis-ratins-sal-fold-l-pro-su-li-ion-akumulatoru\/#breadcrumb","itemListElement":[{"@type":"ListItem","position":1,"name":"Esileht","item":"https:\/\/hartico.ee\/lv\/"},{"@type":"ListItem","position":2,"name":"Produkti","item":"https:\/\/hartico.ee\/lv\/shop\/"},{"@type":"ListItem","position":3,"name":"Elektriskais k\u0101p\u0146u rati\u0146\u0161 LIFTKAR SAL Fold-L PRO ar Li-Ion akumulatoru"}]},{"@type":"WebSite","@id":"https:\/\/hartico.ee\/lv\/#website","url":"https:\/\/hartico.ee\/lv\/","name":"Hartico","description":"Lifting and moving systems LIFTKAR, Xetto, Expresso","publisher":{"@id":"https:\/\/hartico.ee\/lv\/#organization"},"potentialAction":[{"@type":"SearchAction","target":{"@type":"EntryPoint","urlTemplate":"https:\/\/hartico.ee\/lv\/?s={search_term_string}"},"query-input":{"@type":"PropertyValueSpecification","valueRequired":true,"valueName":"search_term_string"}}],"inLanguage":"lv-LV"},{"@type":"Organization","@id":"https:\/\/hartico.ee\/lv\/#organization","name":"Hartico","url":"https:\/\/hartico.ee\/lv\/","logo":{"@type":"ImageObject","inLanguage":"lv-LV","@id":"https:\/\/hartico.ee\/lv\/#\/schema\/logo\/image\/","url":"https:\/\/hartico.ee\/wp-content\/uploads\/2018\/11\/hartico_logo_with_slogan_onecolor.svg","contentUrl":"https:\/\/hartico.ee\/wp-content\/uploads\/2018\/11\/hartico_logo_with_slogan_onecolor.svg","width":424,"height":157,"caption":"Hartico"},"image":{"@id":"https:\/\/hartico.ee\/lv\/#\/schema\/logo\/image\/"},"sameAs":["https:\/\/www.facebook.com\/SANOTransportgeraeteBaltics\/"]}]}},"_links":{"self":[{"href":"https:\/\/hartico.ee\/lv\/wp-json\/wp\/v2\/product\/21575","targetHints":{"allow":["GET"]}}],"collection":[{"href":"https:\/\/hartico.ee\/lv\/wp-json\/wp\/v2\/product"}],"about":[{"href":"https:\/\/hartico.ee\/lv\/wp-json\/wp\/v2\/types\/product"}],"wp:featuredmedia":[{"embeddable":true,"href":"https:\/\/hartico.ee\/lv\/wp-json\/wp\/v2\/media\/21559"}],"wp:attachment":[{"href":"https:\/\/hartico.ee\/lv\/wp-json\/wp\/v2\/media?parent=21575"}],"wp:term":[{"taxonomy":"product_brand","embeddable":true,"href":"https:\/\/hartico.ee\/lv\/wp-json\/wp\/v2\/product_brand?post=21575"},{"taxonomy":"product_cat","embeddable":true,"href":"https:\/\/hartico.ee\/lv\/wp-json\/wp\/v2\/product_cat?post=21575"},{"taxonomy":"product_tag","embeddable":true,"href":"https:\/\/hartico.ee\/lv\/wp-json\/wp\/v2\/product_tag?post=21575"}],"curies":[{"name":"wp","href":"https:\/\/api.w.org\/{rel}","templated":true}]}}