{"id":21033,"date":"2022-11-08T11:58:53","date_gmt":"2022-11-08T09:58:53","guid":{"rendered":"https:\/\/hartico.ee\/product\/exoskeleton-eduexo-pro-auxivo\/"},"modified":"2023-12-07T13:28:17","modified_gmt":"2023-12-07T11:28:17","slug":"eksoskelets-eduexo-pro-auxivo","status":"publish","type":"product","link":"https:\/\/hartico.ee\/lv\/product\/eksoskelets-eduexo-pro-auxivo\/","title":{"rendered":"Eksoskelets EduExo PRO Auxivo"},"content":{"rendered":"<h1>Skolot\u0101jiem,\u00a0studentiem, p\u0113tniekiem un hobijiem<\/h1>\n<h4>N\u0101kotnes eksoskeleta pionieru izgl\u012bto\u0161ana<\/h4>\n<p>Exoskeleton EduExo produktu l\u012bnija tika izstr\u0101d\u0101ta, lai studenti, skolot\u0101ji, hobiji un p\u0113tnieki var\u0113tu uzzin\u0101t un m\u0101c\u012bt eksoskeleta tehnolo\u0123iju.<\/p>\n<p>EduExo izstr\u0101d\u0101 AUXIVO, ETH C\u012brihes (C\u012brihes Tehnisk\u0101s universit\u0101tes) atzars, kas specializ\u0113jas eksoskeletos \u0160veic\u0113.<\/p>\n<p>Hartico O\u00dc k\u0101 Auxivo p\u0101rst\u0101vis Baltijas valst\u012bs ir izvirz\u012bjis m\u0113r\u0137i ar biomeh\u0101niku saist\u012bt\u0101s zin\u0101\u0161anas un eksoskeletu materi\u0101lu tehnolo\u0123ijas nog\u0101d\u0101t p\u0113c iesp\u0113jas vair\u0101k izgl\u012bt\u012bbas iest\u0101d\u0113s un intere\u0161u lokos.<\/p>\n<p>M\u016bsu motiv\u0101cija vienm\u0113r ir padar\u012bt eksoskeletus pieejam\u0101kus. M\u016bsu izgl\u012bt\u012bbas eksoskeleti ir b\u016btiska \u0161\u012bs misijas sast\u0101vda\u013ca. M\u016bsu EduExo komplekti atbalsta topo\u0161os eksoskeleta ekspertus un pedagogus, nodro\u0161inot aizraujo\u0161u m\u0101c\u012bbu pieredzi par pie\u0146emamu cenu.<\/p>\n<h5>M\u016bsu EduExo ir robotiz\u0113ti eksoskeleta komplekti, kurus varat salikt un programm\u0113t pats.<\/h5>\n<p>Eksoskelets EduExo satur instrukcijas un materi\u0101lus ang\u013cu valod\u0101.<\/p>\n<ul>\n<li>Tie satur aparat\u016bru, kas nepiecie\u0161ama, lai izveidotu eksoskeletu.<\/li>\n<li>Iek\u013cautaj\u0101 rokasgr\u0101mat\u0101 ir iek\u013cauta apm\u0101c\u012bba, kas pal\u012bdz veikt da\u017e\u0101das mont\u0101\u017eas darb\u012bbas.<\/li>\n<li>Turkl\u0101t rokasgr\u0101mata sniedz pamatinform\u0101ciju par eksoskeleta v\u0113sturi, funkcionalit\u0101ti un tehnolo\u0123iju.<\/li>\n<li>Nosl\u0113gum\u0101 jums b\u016bs laba teor\u0113tisk\u0101 izpratne par eksoskeletoniem un praktiska pieredze, veidojot un programm\u0113jot savu robotiz\u0113to eksoskeletu.<\/li>\n<\/ul>\n<p>&nbsp;<\/p>\n<h1>Eksoskelets EduExo Pro.<\/h1>\n<p>EduExo Pro ir m\u016bsu EduExo izgl\u012btojo\u0161\u0101 eksoskeleta komplekta uzlabota versija ar papildu saturu un jaud\u012bg\u0101ku eksoskeleta aparat\u016bru.<\/p>\n<p>Komplekt\u0101 ietilpst aparat\u016bra, kas nepiecie\u0161ama rokas eksoskeleta mont\u0101\u017eai. Sal\u012bdzinot ar maz\u0101ko EduExo 2.0, rokasgr\u0101mat\u0101 ir vair\u0101kas papildu noda\u013cas, kas aptver papildu eksoskeleta att\u012bst\u012bbas un tehnolo\u0123iju aspektus.<\/p>\n<p><span class=\"jCAhz ChMk0b\"><span class=\"ryNqvb\"><figure class=\"wp-block-embed wp-block-embed-youtube is-type-video is-provider-youtube epyt-figure\"><div class=\"wp-block-embed__wrapper\"><iframe loading=\"lazy\"  id=\"_ytid_52206\"  width=\"500\" height=\"300\"  data-origwidth=\"500\" data-origheight=\"300\" src=\"https:\/\/www.youtube.com\/embed\/7t0QrMqJX0c?enablejsapi=1&autoplay=0&cc_load_policy=0&cc_lang_pref=&iv_load_policy=1&loop=0&rel=1&fs=1&playsinline=0&autohide=2&theme=dark&color=red&controls=1&disablekb=0&\" class=\"__youtube_prefs__  no-lazyload\" title=\"YouTube player\"  allow=\"fullscreen; accelerometer; autoplay; clipboard-write; encrypted-media; gyroscope; picture-in-picture; web-share\" referrerpolicy=\"strict-origin-when-cross-origin\" allowfullscreen data-no-lazy=\"1\" data-skipgform_ajax_framebjll=\"\"><\/iframe><\/div><\/figure><\/span><\/span><\/p>\n<h5>EduExo aparat\u016bra<\/h5>\n<p>Ac\u012bmredzam\u0101k\u0101 at\u0161\u0137ir\u012bba starp EduExo Pro un cit\u0101m versij\u0101m ir t\u0101 aparat\u016bra. Tas ir veselas rokas eksoskelets, kas stiepjas starp elkoni un pleciem ar kopum\u0101 3 br\u012bv\u012bbas pak\u0101p\u0113m.<\/p>\n<p>Pleca loc\u012btavas pacel\u0161anu atbalsta meh\u0101niska atspere, bet elko\u0146a loc\u012btavas kust\u012bbu atbalsta motors.<\/p>\n<p>Sp\u0113ka sensors aug\u0161delm\u0101, le\u0146\u0137a sensors elko\u0146a loc\u012btav\u0101 un EMG sensors musku\u013cu aktivit\u0101tes m\u0113r\u012b\u0161anai \u013cauj realiz\u0113t pla\u0161\u0101ku vad\u012bbas algoritmu kl\u0101stu.<\/p>\n<p>Eksoskeleta strukt\u016bra un artikul\u0101cija galvenok\u0101rt ir izgatavota no met\u0101la da\u013c\u0101m un ir savienota ar j\u016bsu rok\u0101m caur aproc\u0113m un ar \u0137erme\u0146a aug\u0161da\u013cu caur vesti.<\/p>\n<h5>EduExo rokasgr\u0101mata<\/h5>\n<p>EduExo Pro rokasgr\u0101mata sast\u0101v no desmit galvenaj\u0101m noda\u013c\u0101m, kas iepaz\u012bstina j\u016bs ar m\u016bsdienu eksoskeleta tehnolo\u0123ij\u0101m.<\/p>\n<p>Vis\u0101s noda\u013c\u0101s ir teor\u0113tisk\u0101 da\u013ca, kas m\u0101ca padzi\u013cin\u0101tas zin\u0101\u0161anas par eksoskeletoniem. Turkl\u0101t liel\u0101kaj\u0101 da\u013c\u0101 noda\u013cu ir apm\u0101c\u012bbas sada\u013ca, kas pal\u012bdz jums veikt n\u0101kamos mont\u0101\u017eas un programm\u0113\u0161anas so\u013cus, lai izveidotu savu eksoskeletu, izmantojot komplekt\u0101cij\u0101 iek\u013cauto aparat\u016bru.<\/p>\n<div class=\"lRu31\">\n<div class=\"lRu31\"><span class=\"HwtZe\" lang=\"lv\"><span class=\"jCAhz ChMk0b\"><span class=\"ryNqvb\">1.\u00a0noda\u013ca:\u00a0Ievads<\/span><\/span><\/span><\/div>\n<div class=\"lRu31\"><span class=\"HwtZe\" lang=\"lv\"><span class=\"jCAhz ChMk0b\"><span class=\"ryNqvb\">Pirm\u0101 noda\u013ca iepaz\u012bstina ar robotu eksoskeletu jomu \u2013 p\u0113tot eksoskeleta v\u0113sturi, eso\u0161o sist\u0113mu piem\u0113rus, to funkcionalit\u0101ti un pielietojumu.<\/span><\/span><\/span><\/div>\n<div><\/div>\n<div class=\"lRu31\"><span class=\"HwtZe\" lang=\"lv\"><span class=\"jCAhz ChMk0b\"><span class=\"ryNqvb\">2.\u00a0noda\u013ca: Eksoskeleta evol\u016bcija<\/span><\/span><\/span><\/div>\n<div class=\"lRu31\"><span class=\"HwtZe\" lang=\"lv\"><span class=\"jCAhz ChMk0b\"><span class=\"ryNqvb\">Kas izstr\u0101d\u0101 eksoskeletus?<\/span><\/span> <span class=\"jCAhz ChMk0b\"><span class=\"ryNqvb\">Un ko eksoskeleta izstr\u0101d\u0101t\u0101ji dara visu dienu?<\/span><\/span> <span class=\"jCAhz ChMk0b\"><span class=\"ryNqvb\">\u0160aj\u0101 noda\u013c\u0101 ir run\u0101ts par eksoskeleta att\u012bst\u012bbas procesu un nepiecie\u0161amaj\u0101m prasm\u0113m.<\/span><\/span><\/span><\/div>\n<div><\/div>\n<div class=\"lRu31\"><span class=\"HwtZe\" lang=\"lv\"><span class=\"jCAhz ChMk0b\"><span class=\"ryNqvb\">3. noda\u013ca: Anatomija un meh\u0101nika<\/span><\/span><\/span><\/div>\n<div class=\"lRu31\"><span class=\"HwtZe\" lang=\"lv\"><span class=\"jCAhz ChMk0b\"><span class=\"ryNqvb\">Tre\u0161\u0101 noda\u013ca aptver cilv\u0113ka funkcion\u0101l\u0101s anatomijas un eksoskeleta meh\u0101nikas pamatus.<\/span><\/span> <span class=\"jCAhz ChMk0b\"><span class=\"ryNqvb\">\u0160eit ir praktiska apm\u0101c\u012bba ar EduExo Pro salik\u0161anu.<\/span><\/span><\/span><\/div>\n<div><\/div>\n<div class=\"lRu31\"><span class=\"HwtZe\" lang=\"lv\"><span class=\"jCAhz ChMk0b\"><span class=\"ryNqvb\">4. noda\u013ca: Meh\u0101nisk\u0101 konstrukcija<\/span><\/span><\/span><\/div>\n<div class=\"lRu31\"><span class=\"HwtZe\" lang=\"lv\"><span class=\"jCAhz ChMk0b\"><span class=\"ryNqvb\">Laiks apspriest aparat\u016bras dizainu un ra\u017eo\u0161anu.<\/span><\/span> <span class=\"jCAhz ChMk0b\"><span class=\"ryNqvb\">Apg\u016bstiet tehnisko ras\u0113jumu, CAD dizainu, stresa un deform\u0101cijas anal\u012bzi un izstr\u0101d\u0101jiet piel\u0101gotu rokas aproci, ko var druk\u0101t 3D form\u0101t\u0101.<\/span><\/span><\/span><\/div>\n<div><\/div>\n<div class=\"lRu31\"><span class=\"HwtZe\" lang=\"lv\"><span class=\"jCAhz ChMk0b\"><span class=\"ryNqvb\">5. noda\u013ca: Elektronika<\/span><\/span><\/span><\/div>\n<div class=\"lRu31\"><span class=\"HwtZe\" lang=\"lv\"><span class=\"jCAhz ChMk0b\"><span class=\"ryNqvb\">\u0160aj\u0101 noda\u013c\u0101 ir apg\u016btas pamata elektronikas zin\u0101\u0161anas un prasmes, kas nepiecie\u0161amas, lai dro\u0161i savienotu visas EduExo Pro elektronisk\u0101s da\u013cas.<\/span><\/span><\/span><\/div>\n<div><\/div>\n<div class=\"lRu31\"><span class=\"HwtZe\" lang=\"lv\"><span class=\"jCAhz ChMk0b\"><span class=\"ryNqvb\">6. noda\u013ca: Programmat\u016bra<\/span><\/span><\/span><\/div>\n<div class=\"lRu31\"><span class=\"HwtZe\" lang=\"lv\"><span class=\"jCAhz ChMk0b\"><span class=\"ryNqvb\">\u0160aj\u0101 noda\u013c\u0101 ir apskat\u012bta programmat\u016bra, kas meh\u0101nisku eksoskeletu p\u0101rv\u0113r\u0161 robotiz\u0113t\u0101 eksoskelet\u0101.<\/span><\/span> <span class=\"jCAhz ChMk0b\"><span class=\"ryNqvb\">Taj\u0101 ir pirmkoda piem\u0113ri vis\u0101m eksoskeleta pamatfunkcij\u0101m.<\/span><\/span><\/span><\/div>\n<div><\/div>\n<div class=\"lRu31\"><span class=\"HwtZe\" lang=\"lv\"><span class=\"jCAhz ChMk0b\"><span class=\"ryNqvb\">7. noda\u013ca: Pamata vad\u012bbas sist\u0113mas<\/span><\/span><\/span><\/div>\n<div class=\"lRu31\"><span class=\"HwtZe\" lang=\"lv\"><span class=\"jCAhz ChMk0b\"><span class=\"ryNqvb\">Sept\u012bt\u0101 noda\u013ca iepaz\u012bstina ar kontroles sist\u0113m\u0101m.<\/span><\/span> <span class=\"jCAhz ChMk0b\"><span class=\"ryNqvb\">Tiek ieviesti, apspriesti, ieviesti un p\u0101rbaud\u012bti da\u017e\u0101di kontrolieri, kas nosaka eksoskeleta un lietot\u0101ja mijiedarb\u012bbu.<\/span><\/span><\/span><\/div>\n<div><\/div>\n<div class=\"lRu31\"><span class=\"HwtZe\" lang=\"lv\"><span class=\"jCAhz ChMk0b\"><span class=\"ryNqvb\">8. noda\u013ca: Uzlabotas vad\u012bbas sist\u0113mas<\/span><\/span><\/span><\/div>\n<div class=\"lRu31\"><span class=\"HwtZe\" lang=\"lv\"><span class=\"jCAhz ChMk0b\"><span class=\"ryNqvb\">Kontroles sist\u0113mas vissvar\u012bg\u0101k\u0101 funkcija ir nodro\u0161in\u0101t, ka t\u0101 vajadz\u012bbas gad\u012bjum\u0101 sniedz atbalstu.<\/span><\/span> <span class=\"jCAhz ChMk0b\"><span class=\"ryNqvb\">\u0160im nol\u016bkam lietot\u0101ja kust\u012bbas nodoms un fizisk\u0101 slodze ir v\u0113rt\u012bga inform\u0101cija.<\/span><\/span> <span class=\"jCAhz ChMk0b\"><span class=\"ryNqvb\">Tos var nov\u0113rt\u0113t, pamatojoties uz musku\u013cu aktivit\u0101ti.<\/span><\/span><\/span><\/div>\n<div><\/div>\n<div class=\"lRu31\"><span class=\"HwtZe\" lang=\"lv\"><span class=\"jCAhz ChMk0b\"><span class=\"ryNqvb\">9.\u00a0noda\u013ca: Virtu\u0101l\u0101 realit\u0101te un videosp\u0113les ar EduExo<\/span><\/span><\/span><\/div>\n<div class=\"lRu31\"><span class=\"HwtZe\" lang=\"lv\"><span class=\"jCAhz ChMk0b\"><span class=\"ryNqvb\">Ar eksoskeletiem var izmantot virtu\u0101lo realit\u0101ti un videosp\u0113les.<\/span><\/span> <span class=\"jCAhz ChMk0b\"><span class=\"ryNqvb\">Tos izmanto, piem\u0113ram, motiv\u0101cijas paaugstin\u0101\u0161anai pacientiem, kuri rehabilit\u0101cijai izmanto eksoskeletus, piem.<\/span><\/span> <span class=\"jCAhz ChMk0b\"><span class=\"ryNqvb\">p\u0113c insulta.<\/span><\/span> <span class=\"jCAhz ChMk0b\"><span class=\"ryNqvb\">\u0160aj\u0101 noda\u013c\u0101 m\u0113s izveidosim pa\u0161i savu videosp\u0113li un izmantosim EduExo sp\u0113\u013cu kontrolieri un atgriezenisk\u0101s saites ier\u012bci<\/span><\/span><\/span><\/div>\n<div><\/div>\n<div class=\"lRu31\"><span class=\"HwtZe\" lang=\"lv\"><span class=\"jCAhz ChMk0b\"><span class=\"ryNqvb\">10. noda\u013ca: Zin\u0101tniskie eksperimenti<\/span><\/span><\/span><\/div>\n<div class=\"lRu31\"><span class=\"HwtZe\" lang=\"lv\"><span class=\"jCAhz ChMk0b\"><span class=\"ryNqvb\">Tagad, kad eksoskelets ir gatavs, ir pien\u0101cis laiks sistem\u0101tiski nov\u0113rt\u0113t t\u0101 sniegto atbalstu.<\/span><\/span> <span class=\"jCAhz ChMk0b\"><span class=\"ryNqvb\">Laim\u012bgu eksperiment\u0113\u0161anu.<\/span><\/span><\/span><\/div>\n<div class=\"lRu31\"><span class=\"HwtZe\" lang=\"lv\"><span class=\"jCAhz ChMk0b\"><span class=\"ryNqvb\">Iesp\u0113jams, ka pirmaj\u0101 m\u0113\u0123in\u0101jum\u0101 b\u016bs p\u0101rsteigumi, piem\u0113ram, san\u0101k \u0161\u0101di ????<\/span><\/span><\/span><\/div>\n<\/div>\n<figure class=\"wp-block-embed wp-block-embed-youtube is-type-video is-provider-youtube epyt-figure\"><div class=\"wp-block-embed__wrapper\"><iframe loading=\"lazy\"  id=\"_ytid_11620\"  width=\"500\" height=\"300\"  data-origwidth=\"500\" data-origheight=\"300\" src=\"https:\/\/www.youtube.com\/embed\/h7VR_WDfWy0?enablejsapi=1&autoplay=0&cc_load_policy=0&cc_lang_pref=&iv_load_policy=1&loop=0&rel=1&fs=1&playsinline=0&autohide=2&theme=dark&color=red&controls=1&disablekb=0&\" class=\"__youtube_prefs__  no-lazyload\" title=\"YouTube player\"  allow=\"fullscreen; accelerometer; autoplay; clipboard-write; encrypted-media; gyroscope; picture-in-picture; web-share\" referrerpolicy=\"strict-origin-when-cross-origin\" allowfullscreen data-no-lazy=\"1\" data-skipgform_ajax_framebjll=\"\"><\/iframe><\/div><\/figure>\n<p>&nbsp;<\/p>\n<h3>M\u0101c\u012bbas ar EduExo Pro<\/h3>\n<p>EduExo Pro tika izstr\u0101d\u0101ts, lai atvieglotu praktisko kursu pasnieg\u0161anu par t\u0113m\u0101m, s\u0101kot no aparat\u016bras dizaina, elektronikas, vad\u012bbas teorijas un programmat\u016bras projekt\u0113\u0161anas l\u012bdz zin\u0101tniskam nov\u0113rt\u0113jumam.<\/p>\n<p>Rokasgr\u0101mat\u0101 ir visa inform\u0101cija, kas skol\u0113nam nepiecie\u0161ama, lai izveidotu eksoskeletu un programm\u0113tu pamata kontroles strat\u0113\u0123ijas.<\/p>\n<p>Tas ir ide\u0101li piem\u0113rots grupu darbam, \u013caujot katram studentam piedal\u012bties unik\u0101l\u0101 veid\u0101 (aparat\u016bra, elektronika, vad\u012bba, sp\u0113\u013cu dizains, eksperimenti) vai mudinot katru posmu pabeigt kop\u0101.<\/p>\n<p>EduExo Pro var piel\u0101got daudzos veidos, s\u0101kot no uzlabotas p\u0101rvald\u012bbas strat\u0113\u0123iju ievie\u0161anas l\u012bdz aparat\u016bras uzlabojumiem.<\/p>\n<p>Skolot\u0101jiem ir piln\u012bga br\u012bv\u012bba piel\u0101goties un pievienot modu\u013cus atbilsto\u0161i sav\u0101m vajadz\u012bb\u0101m.<\/p>\n<p>&nbsp;<\/p>\n<p>Muitas nodevas un transports jau ir samaks\u0101ti par EduExo un citiem ETH Zurich &#8211; Auxivo produktiem, ko uz valsti atvedis HARTICO O\u00dc \u0160veic\u0113.<\/p>\n","protected":false},"excerpt":{"rendered":"<p>Skolot\u0101jiem,\u00a0studentiem, p\u0113tniekiem un hobijiem N\u0101kotnes eksoskeleta pionieru izgl\u012bto\u0161ana Exoskeleton EduExo produktu l\u012bnija tika izstr\u0101d\u0101ta, lai studenti, skolot\u0101ji, hobiji un p\u0113tnieki var\u0113tu uzzin\u0101t un m\u0101c\u012bt eksoskeleta tehnolo\u0123iju. EduExo izstr\u0101d\u0101 AUXIVO, ETH C\u012brihes (C\u012brihes Tehnisk\u0101s universit\u0101tes) atzars, kas specializ\u0113jas eksoskeletos \u0160veic\u0113. Hartico O\u00dc k\u0101 Auxivo p\u0101rst\u0101vis Baltijas valst\u012bs ir izvirz\u012bjis m\u0113r\u0137i ar biomeh\u0101niku saist\u012bt\u0101s zin\u0101\u0161anas un eksoskeletu [&hellip;]<\/p>\n","protected":false},"featured_media":18732,"template":"","meta":{"_acf_changed":false,"inline_featured_image":false},"product_brand":[],"product_cat":[412,247],"product_tag":[278,975,256,976,977],"class_list":{"0":"post-21033","1":"product","2":"type-product","3":"status-publish","4":"has-post-thumbnail","6":"product_cat-eksoskeleti-kermena-augsdalai-un-rokam","7":"product_cat-exoskeletons-un-kinetiskie-darba-apresi","8":"product_tag-auxivo-lv","9":"product_tag-eduexo-lv","10":"product_tag-eksoskelett-lv","11":"product_tag-eth-zurich-lv","12":"product_tag-oppe-exo-lv","14":"first","15":"instock","16":"taxable","17":"shipping-taxable","18":"purchasable","19":"product-type-simple"},"acf":[],"yoast_head":"<!-- This site is optimized with the Yoast SEO plugin v27.3 - https:\/\/yoast.com\/product\/yoast-seo-wordpress\/ -->\n<title>Eksoskelets EduExo PRO Auxivo - Hartico<\/title>\n<meta name=\"description\" content=\"Exoskeleton EduExo produktu l\u012bnija tika izstr\u0101d\u0101ta, lai studenti, skolot\u0101ji, hobiji un p\u0113tnieki var\u0113tu uzzin\u0101t un m\u0101c\u012bt eksoskeleta tehnolo\u0123iju.\" \/>\n<meta name=\"robots\" content=\"index, follow, max-snippet:-1, max-image-preview:large, max-video-preview:-1\" \/>\n<link rel=\"canonical\" href=\"https:\/\/hartico.ee\/lv\/product\/eksoskelets-eduexo-pro-auxivo\/\" \/>\n<meta property=\"og:locale\" content=\"lv_LV\" \/>\n<meta property=\"og:type\" content=\"article\" \/>\n<meta property=\"og:title\" content=\"Eksoskelets EduExo PRO Auxivo - Hartico\" \/>\n<meta property=\"og:description\" content=\"Exoskeleton EduExo produktu l\u012bnija tika izstr\u0101d\u0101ta, lai studenti, skolot\u0101ji, hobiji un p\u0113tnieki var\u0113tu uzzin\u0101t un m\u0101c\u012bt eksoskeleta tehnolo\u0123iju.\" \/>\n<meta property=\"og:url\" content=\"https:\/\/hartico.ee\/lv\/product\/eksoskelets-eduexo-pro-auxivo\/\" \/>\n<meta property=\"og:site_name\" content=\"Hartico\" \/>\n<meta property=\"article:publisher\" content=\"https:\/\/www.facebook.com\/SANOTransportgeraeteBaltics\/\" \/>\n<meta property=\"article:modified_time\" content=\"2023-12-07T11:28:17+00:00\" \/>\n<meta property=\"og:image\" content=\"https:\/\/hartico.ee\/wp-content\/uploads\/2022\/11\/Auxivo-Kit-Eduexo-Pro-Hartico.jpg\" \/>\n\t<meta property=\"og:image:width\" content=\"980\" \/>\n\t<meta property=\"og:image:height\" content=\"601\" \/>\n\t<meta property=\"og:image:type\" content=\"image\/jpeg\" \/>\n<meta name=\"twitter:card\" content=\"summary_large_image\" \/>\n<meta name=\"twitter:label1\" content=\"Est. reading time\" \/>\n\t<meta name=\"twitter:data1\" content=\"5 min\u016btes\" \/>\n<script type=\"application\/ld+json\" class=\"yoast-schema-graph\">{\"@context\":\"https:\\\/\\\/schema.org\",\"@graph\":[{\"@type\":\"WebPage\",\"@id\":\"https:\\\/\\\/hartico.ee\\\/lv\\\/product\\\/eksoskelets-eduexo-pro-auxivo\\\/\",\"url\":\"https:\\\/\\\/hartico.ee\\\/lv\\\/product\\\/eksoskelets-eduexo-pro-auxivo\\\/\",\"name\":\"Eksoskelets EduExo PRO Auxivo - Hartico\",\"isPartOf\":{\"@id\":\"https:\\\/\\\/hartico.ee\\\/lv\\\/#website\"},\"primaryImageOfPage\":{\"@id\":\"https:\\\/\\\/hartico.ee\\\/lv\\\/product\\\/eksoskelets-eduexo-pro-auxivo\\\/#primaryimage\"},\"image\":{\"@id\":\"https:\\\/\\\/hartico.ee\\\/lv\\\/product\\\/eksoskelets-eduexo-pro-auxivo\\\/#primaryimage\"},\"thumbnailUrl\":\"https:\\\/\\\/hartico.ee\\\/wp-content\\\/uploads\\\/2022\\\/11\\\/Auxivo-Kit-Eduexo-Pro-Hartico.jpg\",\"datePublished\":\"2022-11-08T09:58:53+00:00\",\"dateModified\":\"2023-12-07T11:28:17+00:00\",\"description\":\"Exoskeleton EduExo produktu l\u012bnija tika izstr\u0101d\u0101ta, lai studenti, skolot\u0101ji, hobiji un p\u0113tnieki var\u0113tu uzzin\u0101t un m\u0101c\u012bt eksoskeleta tehnolo\u0123iju.\",\"breadcrumb\":{\"@id\":\"https:\\\/\\\/hartico.ee\\\/lv\\\/product\\\/eksoskelets-eduexo-pro-auxivo\\\/#breadcrumb\"},\"inLanguage\":\"lv-LV\",\"potentialAction\":[{\"@type\":\"ReadAction\",\"target\":[\"https:\\\/\\\/hartico.ee\\\/lv\\\/product\\\/eksoskelets-eduexo-pro-auxivo\\\/\"]}]},{\"@type\":\"ImageObject\",\"inLanguage\":\"lv-LV\",\"@id\":\"https:\\\/\\\/hartico.ee\\\/lv\\\/product\\\/eksoskelets-eduexo-pro-auxivo\\\/#primaryimage\",\"url\":\"https:\\\/\\\/hartico.ee\\\/wp-content\\\/uploads\\\/2022\\\/11\\\/Auxivo-Kit-Eduexo-Pro-Hartico.jpg\",\"contentUrl\":\"https:\\\/\\\/hartico.ee\\\/wp-content\\\/uploads\\\/2022\\\/11\\\/Auxivo-Kit-Eduexo-Pro-Hartico.jpg\",\"width\":980,\"height\":601,\"caption\":\"Eksoskelett EduExo Pro Auxivo\"},{\"@type\":\"BreadcrumbList\",\"@id\":\"https:\\\/\\\/hartico.ee\\\/lv\\\/product\\\/eksoskelets-eduexo-pro-auxivo\\\/#breadcrumb\",\"itemListElement\":[{\"@type\":\"ListItem\",\"position\":1,\"name\":\"Esileht\",\"item\":\"https:\\\/\\\/hartico.ee\\\/lv\\\/\"},{\"@type\":\"ListItem\",\"position\":2,\"name\":\"Produkti\",\"item\":\"https:\\\/\\\/hartico.ee\\\/lv\\\/shop\\\/\"},{\"@type\":\"ListItem\",\"position\":3,\"name\":\"Eksoskelets EduExo PRO Auxivo\"}]},{\"@type\":\"WebSite\",\"@id\":\"https:\\\/\\\/hartico.ee\\\/lv\\\/#website\",\"url\":\"https:\\\/\\\/hartico.ee\\\/lv\\\/\",\"name\":\"Hartico\",\"description\":\"Lifting and moving systems LIFTKAR, Xetto, Expresso\",\"publisher\":{\"@id\":\"https:\\\/\\\/hartico.ee\\\/lv\\\/#organization\"},\"potentialAction\":[{\"@type\":\"SearchAction\",\"target\":{\"@type\":\"EntryPoint\",\"urlTemplate\":\"https:\\\/\\\/hartico.ee\\\/lv\\\/?s={search_term_string}\"},\"query-input\":{\"@type\":\"PropertyValueSpecification\",\"valueRequired\":true,\"valueName\":\"search_term_string\"}}],\"inLanguage\":\"lv-LV\"},{\"@type\":\"Organization\",\"@id\":\"https:\\\/\\\/hartico.ee\\\/lv\\\/#organization\",\"name\":\"Hartico\",\"url\":\"https:\\\/\\\/hartico.ee\\\/lv\\\/\",\"logo\":{\"@type\":\"ImageObject\",\"inLanguage\":\"lv-LV\",\"@id\":\"https:\\\/\\\/hartico.ee\\\/lv\\\/#\\\/schema\\\/logo\\\/image\\\/\",\"url\":\"https:\\\/\\\/hartico.ee\\\/wp-content\\\/uploads\\\/2018\\\/11\\\/hartico_logo_with_slogan_onecolor.svg\",\"contentUrl\":\"https:\\\/\\\/hartico.ee\\\/wp-content\\\/uploads\\\/2018\\\/11\\\/hartico_logo_with_slogan_onecolor.svg\",\"width\":424,\"height\":157,\"caption\":\"Hartico\"},\"image\":{\"@id\":\"https:\\\/\\\/hartico.ee\\\/lv\\\/#\\\/schema\\\/logo\\\/image\\\/\"},\"sameAs\":[\"https:\\\/\\\/www.facebook.com\\\/SANOTransportgeraeteBaltics\\\/\"]}]}<\/script>\n<!-- \/ Yoast SEO plugin. -->","yoast_head_json":{"title":"Eksoskelets EduExo PRO Auxivo - Hartico","description":"Exoskeleton EduExo produktu l\u012bnija tika izstr\u0101d\u0101ta, lai studenti, skolot\u0101ji, hobiji un p\u0113tnieki var\u0113tu uzzin\u0101t un m\u0101c\u012bt eksoskeleta tehnolo\u0123iju.","robots":{"index":"index","follow":"follow","max-snippet":"max-snippet:-1","max-image-preview":"max-image-preview:large","max-video-preview":"max-video-preview:-1"},"canonical":"https:\/\/hartico.ee\/lv\/product\/eksoskelets-eduexo-pro-auxivo\/","og_locale":"lv_LV","og_type":"article","og_title":"Eksoskelets EduExo PRO Auxivo - Hartico","og_description":"Exoskeleton EduExo produktu l\u012bnija tika izstr\u0101d\u0101ta, lai studenti, skolot\u0101ji, hobiji un p\u0113tnieki var\u0113tu uzzin\u0101t un m\u0101c\u012bt eksoskeleta tehnolo\u0123iju.","og_url":"https:\/\/hartico.ee\/lv\/product\/eksoskelets-eduexo-pro-auxivo\/","og_site_name":"Hartico","article_publisher":"https:\/\/www.facebook.com\/SANOTransportgeraeteBaltics\/","article_modified_time":"2023-12-07T11:28:17+00:00","og_image":[{"width":980,"height":601,"url":"https:\/\/hartico.ee\/wp-content\/uploads\/2022\/11\/Auxivo-Kit-Eduexo-Pro-Hartico.jpg","type":"image\/jpeg"}],"twitter_card":"summary_large_image","twitter_misc":{"Est. reading time":"5 min\u016btes"},"schema":{"@context":"https:\/\/schema.org","@graph":[{"@type":"WebPage","@id":"https:\/\/hartico.ee\/lv\/product\/eksoskelets-eduexo-pro-auxivo\/","url":"https:\/\/hartico.ee\/lv\/product\/eksoskelets-eduexo-pro-auxivo\/","name":"Eksoskelets EduExo PRO Auxivo - Hartico","isPartOf":{"@id":"https:\/\/hartico.ee\/lv\/#website"},"primaryImageOfPage":{"@id":"https:\/\/hartico.ee\/lv\/product\/eksoskelets-eduexo-pro-auxivo\/#primaryimage"},"image":{"@id":"https:\/\/hartico.ee\/lv\/product\/eksoskelets-eduexo-pro-auxivo\/#primaryimage"},"thumbnailUrl":"https:\/\/hartico.ee\/wp-content\/uploads\/2022\/11\/Auxivo-Kit-Eduexo-Pro-Hartico.jpg","datePublished":"2022-11-08T09:58:53+00:00","dateModified":"2023-12-07T11:28:17+00:00","description":"Exoskeleton EduExo produktu l\u012bnija tika izstr\u0101d\u0101ta, lai studenti, skolot\u0101ji, hobiji un p\u0113tnieki var\u0113tu uzzin\u0101t un m\u0101c\u012bt eksoskeleta tehnolo\u0123iju.","breadcrumb":{"@id":"https:\/\/hartico.ee\/lv\/product\/eksoskelets-eduexo-pro-auxivo\/#breadcrumb"},"inLanguage":"lv-LV","potentialAction":[{"@type":"ReadAction","target":["https:\/\/hartico.ee\/lv\/product\/eksoskelets-eduexo-pro-auxivo\/"]}]},{"@type":"ImageObject","inLanguage":"lv-LV","@id":"https:\/\/hartico.ee\/lv\/product\/eksoskelets-eduexo-pro-auxivo\/#primaryimage","url":"https:\/\/hartico.ee\/wp-content\/uploads\/2022\/11\/Auxivo-Kit-Eduexo-Pro-Hartico.jpg","contentUrl":"https:\/\/hartico.ee\/wp-content\/uploads\/2022\/11\/Auxivo-Kit-Eduexo-Pro-Hartico.jpg","width":980,"height":601,"caption":"Eksoskelett EduExo Pro Auxivo"},{"@type":"BreadcrumbList","@id":"https:\/\/hartico.ee\/lv\/product\/eksoskelets-eduexo-pro-auxivo\/#breadcrumb","itemListElement":[{"@type":"ListItem","position":1,"name":"Esileht","item":"https:\/\/hartico.ee\/lv\/"},{"@type":"ListItem","position":2,"name":"Produkti","item":"https:\/\/hartico.ee\/lv\/shop\/"},{"@type":"ListItem","position":3,"name":"Eksoskelets EduExo PRO Auxivo"}]},{"@type":"WebSite","@id":"https:\/\/hartico.ee\/lv\/#website","url":"https:\/\/hartico.ee\/lv\/","name":"Hartico","description":"Lifting and moving systems LIFTKAR, Xetto, Expresso","publisher":{"@id":"https:\/\/hartico.ee\/lv\/#organization"},"potentialAction":[{"@type":"SearchAction","target":{"@type":"EntryPoint","urlTemplate":"https:\/\/hartico.ee\/lv\/?s={search_term_string}"},"query-input":{"@type":"PropertyValueSpecification","valueRequired":true,"valueName":"search_term_string"}}],"inLanguage":"lv-LV"},{"@type":"Organization","@id":"https:\/\/hartico.ee\/lv\/#organization","name":"Hartico","url":"https:\/\/hartico.ee\/lv\/","logo":{"@type":"ImageObject","inLanguage":"lv-LV","@id":"https:\/\/hartico.ee\/lv\/#\/schema\/logo\/image\/","url":"https:\/\/hartico.ee\/wp-content\/uploads\/2018\/11\/hartico_logo_with_slogan_onecolor.svg","contentUrl":"https:\/\/hartico.ee\/wp-content\/uploads\/2018\/11\/hartico_logo_with_slogan_onecolor.svg","width":424,"height":157,"caption":"Hartico"},"image":{"@id":"https:\/\/hartico.ee\/lv\/#\/schema\/logo\/image\/"},"sameAs":["https:\/\/www.facebook.com\/SANOTransportgeraeteBaltics\/"]}]}},"_links":{"self":[{"href":"https:\/\/hartico.ee\/lv\/wp-json\/wp\/v2\/product\/21033","targetHints":{"allow":["GET"]}}],"collection":[{"href":"https:\/\/hartico.ee\/lv\/wp-json\/wp\/v2\/product"}],"about":[{"href":"https:\/\/hartico.ee\/lv\/wp-json\/wp\/v2\/types\/product"}],"wp:featuredmedia":[{"embeddable":true,"href":"https:\/\/hartico.ee\/lv\/wp-json\/wp\/v2\/media\/18732"}],"wp:attachment":[{"href":"https:\/\/hartico.ee\/lv\/wp-json\/wp\/v2\/media?parent=21033"}],"wp:term":[{"taxonomy":"product_brand","embeddable":true,"href":"https:\/\/hartico.ee\/lv\/wp-json\/wp\/v2\/product_brand?post=21033"},{"taxonomy":"product_cat","embeddable":true,"href":"https:\/\/hartico.ee\/lv\/wp-json\/wp\/v2\/product_cat?post=21033"},{"taxonomy":"product_tag","embeddable":true,"href":"https:\/\/hartico.ee\/lv\/wp-json\/wp\/v2\/product_tag?post=21033"}],"curies":[{"name":"wp","href":"https:\/\/api.w.org\/{rel}","templated":true}]}}