{"id":20873,"date":"2023-10-19T10:07:39","date_gmt":"2023-10-19T08:07:39","guid":{"rendered":"https:\/\/hartico.ee\/product\/expresso-201521-alumiinium-nokk-karu\/"},"modified":"2023-10-19T10:18:06","modified_gmt":"2023-10-19T08:18:06","slug":"expresso-201521-aluminija-rokas-ratini","status":"publish","type":"product","link":"https:\/\/hartico.ee\/lv\/product\/expresso-201521-aluminija-rokas-ratini\/","title":{"rendered":"Expresso 201521 alum\u012bnija rokas rati\u0146i"},"content":{"rendered":"<div class=\"sub-title\">\n<p><strong>Expresso 201521 alum\u012bnija sav\u0101c\u0113jrati ir Rietumeiropas visaugst\u0101k nov\u0113rt\u0113tie rokas rati profesion\u0101\u013ciem.<\/strong><br \/>\nExpresso Deutschland \u2013 augst\u0101k\u0101 kvalit\u0101te kop\u0161 1950. gadiem<\/p>\n<p>Kravai l\u012bdz 300 kg<br \/>\nR\u0101mja augstums 1300 mm<br \/>\nRati\u0146u platums pie rite\u0146a ass ir 460 mm<br \/>\nApak\u0161\u0113j\u0101s atbalsta pl\u0101ksnes izm\u0113rs ir 300x305x7mm<br \/>\nSvars 11,3 kg<br \/>\nRokturi ir zili<\/p>\n<p><strong>Alum\u012bnija elipsveida caurule izgatavota no augstas stipr\u012bbas \u012bpa\u0161a sakaus\u0113juma<\/strong><\/p>\n<p>R\u0101mis izgatavots no alum\u012bnija elipsveida caurules, izgatavots no augstas stipr\u012bbas \u012bpa\u0161a sakaus\u0113juma, lai nodro\u0161in\u0101tu vislab\u0101ko stabilit\u0101ti un iztur\u012bbu; Pastiprin\u0101ts galvenaj\u0101 slodzes zon\u0101 &#8211; par 50% viegl\u0101ks nek\u0101 t\u0113rauds.<\/p>\n<p><strong>Dro\u0161\u012bbas rokturi<\/strong><\/p>\n<p>Dro\u0161\u012bbas rokturi aizsarg\u0101 rokas, braucot pa \u0161aur\u0101m ej\u0101m un manevr\u0113jot starp transportl\u012bdzek\u013ciem. Rokturi veido past\u0101v\u012bgu un dro\u0161u savienojumu ar roktura cauruli, neizmantojot l\u012bmi vai skr\u016bves.<\/p>\n<p><strong>Ar stikl\u0161\u0137iedru pastiprin\u0101ts, izliekts \u0161\u0137\u0113rssiju savienojums<\/strong><\/p>\n<p>Augsts dro\u0161\u012bbas standarts, pateicoties pozit\u012bvai savienojuma sijai, kas izgatavota no \u012bpa\u0161a sakaus\u0113juma. Aug\u0161\u0113jais \u0161\u0137\u0113rsstienis kalpo k\u0101 rokturis, piem\u0113ram, p\u0101rvieto\u0161anai pa k\u0101pn\u0113m.<\/p>\n<p><strong>Rekl\u0101mas stends<\/strong><\/p>\n<p>Visi jaunie EXPRESSO krau\u0161anas rati\u0146i V\u0101cij\u0101 ir apr\u012bkoti ar rekl\u0101mas mar\u0137\u0113jumu par papildu samaksu. Vienk\u0101r\u0161i nos\u016btiet savu logotipu vai tekstu. K\u0101 aizsarg\u0101t savu \u012bpa\u0161umu un veicin\u0101t savu biznesu!<\/p>\n<p><strong>K\u0101p\u0146u ragavas &#8211; atbalsta sliedes<\/strong><\/p>\n<p>Ragavas \u013cauj praktiski un dro\u0161i transport\u0113t kastes un kastes pa k\u0101pn\u0113m. Profiliem ir integr\u0113ts sarkans nodiluma indikators, lai aizsarg\u0101tu konstrukciju. Pateicoties skavu sist\u0113mai, t\u0101s var \u0101tri nomain\u012bt.<\/p>\n<p><strong>Izliekta sl\u012bpuma ass<\/strong><\/p>\n<p>Izliekt\u0101 ass forma atvieglo sasv\u0113r\u0161anos pat pie lielas slodzes un ne\u013cauj p\u0113dai sl\u012bd\u0113t. Izliekt\u0101 ass standarta apr\u012bkojum\u0101 ir uzst\u0101d\u012bta uz visiem rite\u0146iem ar diametru 260 mm.<\/p>\n<p><strong>Rite\u0146u aizsardz\u012bba<\/strong><\/p>\n<p>Rite\u0146u aizsardz\u012bba, kas izgatavota no EXLAN plastmasas, nov\u0113r\u0161 jut\u012bgu pre\u010du boj\u0101jumus<br \/>\n\u200b<\/p>\n<\/div>\n","protected":false},"excerpt":{"rendered":"<p>Expresso 201521 alum\u012bnija sav\u0101c\u0113jrati ir Rietumeiropas visaugst\u0101k nov\u0113rt\u0113tie rokas rati profesion\u0101\u013ciem. Expresso Deutschland \u2013 augst\u0101k\u0101 kvalit\u0101te kop\u0161 1950. gadiem Kravai l\u012bdz 300 kg R\u0101mja augstums 1300 mm Rati\u0146u platums pie rite\u0146a ass ir 460 mm Apak\u0161\u0113j\u0101s atbalsta pl\u0101ksnes izm\u0113rs ir 300x305x7mm Svars 11,3 kg Rokturi ir zili Alum\u012bnija elipsveida caurule izgatavota no augstas stipr\u012bbas \u012bpa\u0161a [&hellip;]<\/p>\n","protected":false},"featured_media":20863,"template":"","meta":{"_acf_changed":false,"inline_featured_image":false},"product_brand":[],"product_cat":[369],"product_tag":[],"class_list":{"0":"post-20873","1":"product","2":"type-product","3":"status-publish","4":"has-post-thumbnail","6":"product_cat-tostmistooriistad","8":"first","9":"instock","10":"taxable","11":"shipping-taxable","12":"purchasable","13":"product-type-simple"},"acf":[],"yoast_head":"<!-- This site is optimized with the Yoast SEO plugin v27.3 - https:\/\/yoast.com\/product\/yoast-seo-wordpress\/ -->\n<title>Expresso 201521 alum\u012bnija rokas rati\u0146i - Hartico<\/title>\n<meta name=\"description\" content=\"\u00a0Expresso 201521 alum\u012bnija sav\u0101c\u0113jrati ir Rietumeiropas visaugst\u0101k nov\u0113rt\u0113tie rokas rati profesion\u0101\u013ciem. augst\u0101k\u0101 kvalit\u0101te kop\u0161 1950. gadiem\" \/>\n<meta name=\"robots\" content=\"index, follow, max-snippet:-1, max-image-preview:large, max-video-preview:-1\" \/>\n<link rel=\"canonical\" href=\"https:\/\/hartico.ee\/lv\/product\/expresso-201521-aluminija-rokas-ratini\/\" \/>\n<meta property=\"og:locale\" content=\"lv_LV\" \/>\n<meta property=\"og:type\" content=\"article\" \/>\n<meta property=\"og:title\" content=\"Expresso 201521 alum\u012bnija rokas rati\u0146i - Hartico\" \/>\n<meta property=\"og:description\" content=\"\u00a0Expresso 201521 alum\u012bnija sav\u0101c\u0113jrati ir Rietumeiropas visaugst\u0101k nov\u0113rt\u0113tie rokas rati profesion\u0101\u013ciem. augst\u0101k\u0101 kvalit\u0101te kop\u0161 1950. gadiem\" \/>\n<meta property=\"og:url\" content=\"https:\/\/hartico.ee\/lv\/product\/expresso-201521-aluminija-rokas-ratini\/\" \/>\n<meta property=\"og:site_name\" content=\"Hartico\" \/>\n<meta property=\"article:publisher\" content=\"https:\/\/www.facebook.com\/SANOTransportgeraeteBaltics\/\" \/>\n<meta property=\"article:modified_time\" content=\"2023-10-19T08:18:06+00:00\" \/>\n<meta property=\"og:image\" content=\"https:\/\/hartico.ee\/wp-content\/uploads\/2023\/10\/Expresso-201521.jpg\" \/>\n\t<meta property=\"og:image:width\" content=\"507\" \/>\n\t<meta property=\"og:image:height\" content=\"504\" \/>\n\t<meta property=\"og:image:type\" content=\"image\/jpeg\" \/>\n<meta name=\"twitter:card\" content=\"summary_large_image\" \/>\n<meta name=\"twitter:label1\" content=\"Est. reading time\" \/>\n\t<meta name=\"twitter:data1\" content=\"2 min\u016btes\" \/>\n<script type=\"application\/ld+json\" class=\"yoast-schema-graph\">{\"@context\":\"https:\\\/\\\/schema.org\",\"@graph\":[{\"@type\":\"WebPage\",\"@id\":\"https:\\\/\\\/hartico.ee\\\/lv\\\/product\\\/expresso-201521-aluminija-rokas-ratini\\\/\",\"url\":\"https:\\\/\\\/hartico.ee\\\/lv\\\/product\\\/expresso-201521-aluminija-rokas-ratini\\\/\",\"name\":\"Expresso 201521 alum\u012bnija rokas rati\u0146i - Hartico\",\"isPartOf\":{\"@id\":\"https:\\\/\\\/hartico.ee\\\/lv\\\/#website\"},\"primaryImageOfPage\":{\"@id\":\"https:\\\/\\\/hartico.ee\\\/lv\\\/product\\\/expresso-201521-aluminija-rokas-ratini\\\/#primaryimage\"},\"image\":{\"@id\":\"https:\\\/\\\/hartico.ee\\\/lv\\\/product\\\/expresso-201521-aluminija-rokas-ratini\\\/#primaryimage\"},\"thumbnailUrl\":\"https:\\\/\\\/hartico.ee\\\/wp-content\\\/uploads\\\/2023\\\/10\\\/Expresso-201521.jpg\",\"datePublished\":\"2023-10-19T08:07:39+00:00\",\"dateModified\":\"2023-10-19T08:18:06+00:00\",\"description\":\"\u00a0Expresso 201521 alum\u012bnija sav\u0101c\u0113jrati ir Rietumeiropas visaugst\u0101k nov\u0113rt\u0113tie rokas rati profesion\u0101\u013ciem. augst\u0101k\u0101 kvalit\u0101te kop\u0161 1950. gadiem\",\"breadcrumb\":{\"@id\":\"https:\\\/\\\/hartico.ee\\\/lv\\\/product\\\/expresso-201521-aluminija-rokas-ratini\\\/#breadcrumb\"},\"inLanguage\":\"lv-LV\",\"potentialAction\":[{\"@type\":\"ReadAction\",\"target\":[\"https:\\\/\\\/hartico.ee\\\/lv\\\/product\\\/expresso-201521-aluminija-rokas-ratini\\\/\"]}]},{\"@type\":\"ImageObject\",\"inLanguage\":\"lv-LV\",\"@id\":\"https:\\\/\\\/hartico.ee\\\/lv\\\/product\\\/expresso-201521-aluminija-rokas-ratini\\\/#primaryimage\",\"url\":\"https:\\\/\\\/hartico.ee\\\/wp-content\\\/uploads\\\/2023\\\/10\\\/Expresso-201521.jpg\",\"contentUrl\":\"https:\\\/\\\/hartico.ee\\\/wp-content\\\/uploads\\\/2023\\\/10\\\/Expresso-201521.jpg\",\"width\":507,\"height\":504},{\"@type\":\"BreadcrumbList\",\"@id\":\"https:\\\/\\\/hartico.ee\\\/lv\\\/product\\\/expresso-201521-aluminija-rokas-ratini\\\/#breadcrumb\",\"itemListElement\":[{\"@type\":\"ListItem\",\"position\":1,\"name\":\"Esileht\",\"item\":\"https:\\\/\\\/hartico.ee\\\/lv\\\/\"},{\"@type\":\"ListItem\",\"position\":2,\"name\":\"Produkti\",\"item\":\"https:\\\/\\\/hartico.ee\\\/lv\\\/shop\\\/\"},{\"@type\":\"ListItem\",\"position\":3,\"name\":\"Expresso 201521 alum\u012bnija rokas rati\u0146i\"}]},{\"@type\":\"WebSite\",\"@id\":\"https:\\\/\\\/hartico.ee\\\/lv\\\/#website\",\"url\":\"https:\\\/\\\/hartico.ee\\\/lv\\\/\",\"name\":\"Hartico\",\"description\":\"Lifting and moving systems LIFTKAR, Xetto, Expresso\",\"publisher\":{\"@id\":\"https:\\\/\\\/hartico.ee\\\/lv\\\/#organization\"},\"potentialAction\":[{\"@type\":\"SearchAction\",\"target\":{\"@type\":\"EntryPoint\",\"urlTemplate\":\"https:\\\/\\\/hartico.ee\\\/lv\\\/?s={search_term_string}\"},\"query-input\":{\"@type\":\"PropertyValueSpecification\",\"valueRequired\":true,\"valueName\":\"search_term_string\"}}],\"inLanguage\":\"lv-LV\"},{\"@type\":\"Organization\",\"@id\":\"https:\\\/\\\/hartico.ee\\\/lv\\\/#organization\",\"name\":\"Hartico\",\"url\":\"https:\\\/\\\/hartico.ee\\\/lv\\\/\",\"logo\":{\"@type\":\"ImageObject\",\"inLanguage\":\"lv-LV\",\"@id\":\"https:\\\/\\\/hartico.ee\\\/lv\\\/#\\\/schema\\\/logo\\\/image\\\/\",\"url\":\"https:\\\/\\\/hartico.ee\\\/wp-content\\\/uploads\\\/2018\\\/11\\\/hartico_logo_with_slogan_onecolor.svg\",\"contentUrl\":\"https:\\\/\\\/hartico.ee\\\/wp-content\\\/uploads\\\/2018\\\/11\\\/hartico_logo_with_slogan_onecolor.svg\",\"width\":424,\"height\":157,\"caption\":\"Hartico\"},\"image\":{\"@id\":\"https:\\\/\\\/hartico.ee\\\/lv\\\/#\\\/schema\\\/logo\\\/image\\\/\"},\"sameAs\":[\"https:\\\/\\\/www.facebook.com\\\/SANOTransportgeraeteBaltics\\\/\"]}]}<\/script>\n<!-- \/ Yoast SEO plugin. -->","yoast_head_json":{"title":"Expresso 201521 alum\u012bnija rokas rati\u0146i - Hartico","description":"\u00a0Expresso 201521 alum\u012bnija sav\u0101c\u0113jrati ir Rietumeiropas visaugst\u0101k nov\u0113rt\u0113tie rokas rati profesion\u0101\u013ciem. augst\u0101k\u0101 kvalit\u0101te kop\u0161 1950. gadiem","robots":{"index":"index","follow":"follow","max-snippet":"max-snippet:-1","max-image-preview":"max-image-preview:large","max-video-preview":"max-video-preview:-1"},"canonical":"https:\/\/hartico.ee\/lv\/product\/expresso-201521-aluminija-rokas-ratini\/","og_locale":"lv_LV","og_type":"article","og_title":"Expresso 201521 alum\u012bnija rokas rati\u0146i - Hartico","og_description":"\u00a0Expresso 201521 alum\u012bnija sav\u0101c\u0113jrati ir Rietumeiropas visaugst\u0101k nov\u0113rt\u0113tie rokas rati profesion\u0101\u013ciem. augst\u0101k\u0101 kvalit\u0101te kop\u0161 1950. gadiem","og_url":"https:\/\/hartico.ee\/lv\/product\/expresso-201521-aluminija-rokas-ratini\/","og_site_name":"Hartico","article_publisher":"https:\/\/www.facebook.com\/SANOTransportgeraeteBaltics\/","article_modified_time":"2023-10-19T08:18:06+00:00","og_image":[{"width":507,"height":504,"url":"https:\/\/hartico.ee\/wp-content\/uploads\/2023\/10\/Expresso-201521.jpg","type":"image\/jpeg"}],"twitter_card":"summary_large_image","twitter_misc":{"Est. reading time":"2 min\u016btes"},"schema":{"@context":"https:\/\/schema.org","@graph":[{"@type":"WebPage","@id":"https:\/\/hartico.ee\/lv\/product\/expresso-201521-aluminija-rokas-ratini\/","url":"https:\/\/hartico.ee\/lv\/product\/expresso-201521-aluminija-rokas-ratini\/","name":"Expresso 201521 alum\u012bnija rokas rati\u0146i - Hartico","isPartOf":{"@id":"https:\/\/hartico.ee\/lv\/#website"},"primaryImageOfPage":{"@id":"https:\/\/hartico.ee\/lv\/product\/expresso-201521-aluminija-rokas-ratini\/#primaryimage"},"image":{"@id":"https:\/\/hartico.ee\/lv\/product\/expresso-201521-aluminija-rokas-ratini\/#primaryimage"},"thumbnailUrl":"https:\/\/hartico.ee\/wp-content\/uploads\/2023\/10\/Expresso-201521.jpg","datePublished":"2023-10-19T08:07:39+00:00","dateModified":"2023-10-19T08:18:06+00:00","description":"\u00a0Expresso 201521 alum\u012bnija sav\u0101c\u0113jrati ir Rietumeiropas visaugst\u0101k nov\u0113rt\u0113tie rokas rati profesion\u0101\u013ciem. augst\u0101k\u0101 kvalit\u0101te kop\u0161 1950. gadiem","breadcrumb":{"@id":"https:\/\/hartico.ee\/lv\/product\/expresso-201521-aluminija-rokas-ratini\/#breadcrumb"},"inLanguage":"lv-LV","potentialAction":[{"@type":"ReadAction","target":["https:\/\/hartico.ee\/lv\/product\/expresso-201521-aluminija-rokas-ratini\/"]}]},{"@type":"ImageObject","inLanguage":"lv-LV","@id":"https:\/\/hartico.ee\/lv\/product\/expresso-201521-aluminija-rokas-ratini\/#primaryimage","url":"https:\/\/hartico.ee\/wp-content\/uploads\/2023\/10\/Expresso-201521.jpg","contentUrl":"https:\/\/hartico.ee\/wp-content\/uploads\/2023\/10\/Expresso-201521.jpg","width":507,"height":504},{"@type":"BreadcrumbList","@id":"https:\/\/hartico.ee\/lv\/product\/expresso-201521-aluminija-rokas-ratini\/#breadcrumb","itemListElement":[{"@type":"ListItem","position":1,"name":"Esileht","item":"https:\/\/hartico.ee\/lv\/"},{"@type":"ListItem","position":2,"name":"Produkti","item":"https:\/\/hartico.ee\/lv\/shop\/"},{"@type":"ListItem","position":3,"name":"Expresso 201521 alum\u012bnija rokas rati\u0146i"}]},{"@type":"WebSite","@id":"https:\/\/hartico.ee\/lv\/#website","url":"https:\/\/hartico.ee\/lv\/","name":"Hartico","description":"Lifting and moving systems LIFTKAR, Xetto, Expresso","publisher":{"@id":"https:\/\/hartico.ee\/lv\/#organization"},"potentialAction":[{"@type":"SearchAction","target":{"@type":"EntryPoint","urlTemplate":"https:\/\/hartico.ee\/lv\/?s={search_term_string}"},"query-input":{"@type":"PropertyValueSpecification","valueRequired":true,"valueName":"search_term_string"}}],"inLanguage":"lv-LV"},{"@type":"Organization","@id":"https:\/\/hartico.ee\/lv\/#organization","name":"Hartico","url":"https:\/\/hartico.ee\/lv\/","logo":{"@type":"ImageObject","inLanguage":"lv-LV","@id":"https:\/\/hartico.ee\/lv\/#\/schema\/logo\/image\/","url":"https:\/\/hartico.ee\/wp-content\/uploads\/2018\/11\/hartico_logo_with_slogan_onecolor.svg","contentUrl":"https:\/\/hartico.ee\/wp-content\/uploads\/2018\/11\/hartico_logo_with_slogan_onecolor.svg","width":424,"height":157,"caption":"Hartico"},"image":{"@id":"https:\/\/hartico.ee\/lv\/#\/schema\/logo\/image\/"},"sameAs":["https:\/\/www.facebook.com\/SANOTransportgeraeteBaltics\/"]}]}},"_links":{"self":[{"href":"https:\/\/hartico.ee\/lv\/wp-json\/wp\/v2\/product\/20873","targetHints":{"allow":["GET"]}}],"collection":[{"href":"https:\/\/hartico.ee\/lv\/wp-json\/wp\/v2\/product"}],"about":[{"href":"https:\/\/hartico.ee\/lv\/wp-json\/wp\/v2\/types\/product"}],"wp:featuredmedia":[{"embeddable":true,"href":"https:\/\/hartico.ee\/lv\/wp-json\/wp\/v2\/media\/20863"}],"wp:attachment":[{"href":"https:\/\/hartico.ee\/lv\/wp-json\/wp\/v2\/media?parent=20873"}],"wp:term":[{"taxonomy":"product_brand","embeddable":true,"href":"https:\/\/hartico.ee\/lv\/wp-json\/wp\/v2\/product_brand?post=20873"},{"taxonomy":"product_cat","embeddable":true,"href":"https:\/\/hartico.ee\/lv\/wp-json\/wp\/v2\/product_cat?post=20873"},{"taxonomy":"product_tag","embeddable":true,"href":"https:\/\/hartico.ee\/lv\/wp-json\/wp\/v2\/product_tag?post=20873"}],"curies":[{"name":"wp","href":"https:\/\/api.w.org\/{rel}","templated":true}]}}