{"id":20718,"date":"2023-10-09T16:04:14","date_gmt":"2023-10-09T14:04:14","guid":{"rendered":"https:\/\/hartico.ee\/product\/exoskeleton-auxivo-omnisuit\/"},"modified":"2023-12-07T11:37:44","modified_gmt":"2023-12-07T09:37:44","slug":"eksoskelets-auxivo-omnisuit","status":"publish","type":"product","link":"https:\/\/hartico.ee\/lv\/product\/eksoskelets-auxivo-omnisuit\/","title":{"rendered":"Eksoskelets Auxivo OmniSuit"},"content":{"rendered":"<h2>OmniSuit, &#8220;2 in 1&#8221; eksoskelets pleciem un mugurai<\/h2>\n<p>OmniSuit ir \u012bpa\u0161i daudzpus\u012bgs eksoskelets, kas nodro\u0161ina atbalstu pleciem un mugurai, k\u0101 ar\u012b cel\u0161anai uz priek\u0161u noliekt\u0101 st\u0101vokl\u012b.<\/p>\n<p>Veidojot OmniSuit, Auxivo komanda koncentr\u0113j\u0101s uz ilgtermi\u0146a lietot\u0101ju pieredzi un jaun\u0101kajiem in\u017eeniertehniskajiem risin\u0101jumiem no C\u012brihes Universit\u0101tes.<\/p>\n<p>OmniSuit nodro\u0161ina konsekventu atbalstu vis\u0101 vertik\u0101laj\u0101 kust\u012bbu diapazon\u0101.<\/p>\n<p>\u200bNeatkar\u012bgi no t\u0101, vai esat lo\u0123istikas darbinieks, b\u016bvstr\u0101dnieks vai nodarbojaties ar mont\u0101\u017eu un ra\u017eo\u0161anu, OmniSuit pied\u0101v\u0101 elast\u012bgu risin\u0101jumu, kas piem\u0113rots visda\u017e\u0101d\u0101kaj\u0101m darb\u012bbas jom\u0101m.<\/p>\n<p>Svars: 2,7\u00a0kg (S\/M), 3\u00a0kg (L\/XL)<\/p>\n<p>&nbsp;<\/p>\n<p>OmniSuit labam atbalstam izmanto integr\u0113tu elast\u012bg\u0101s ener\u0123ijas uzglab\u0101\u0161anas (EES) sist\u0113mu, kas izmanto gravit\u0101cijas kompens\u0101ciju un ener\u0123ijas atg\u016b\u0161anu mugurai un pleciem, padarot to par augstas energoefektivit\u0101tes pas\u012bvo eksoskeletu.<\/p>\n<p>&nbsp;<\/p>\n<figure class=\"wp-block-embed wp-block-embed-youtube is-type-video is-provider-youtube epyt-figure\"><div class=\"wp-block-embed__wrapper\"><iframe loading=\"lazy\"  id=\"_ytid_31482\"  width=\"500\" height=\"300\"  data-origwidth=\"500\" data-origheight=\"300\" src=\"https:\/\/www.youtube.com\/embed\/USJItv95xjM?enablejsapi=1&autoplay=0&cc_load_policy=0&cc_lang_pref=&iv_load_policy=1&loop=0&rel=1&fs=1&playsinline=0&autohide=2&theme=dark&color=red&controls=1&disablekb=0&\" class=\"__youtube_prefs__  no-lazyload\" title=\"YouTube player\"  allow=\"fullscreen; accelerometer; autoplay; clipboard-write; encrypted-media; gyroscope; picture-in-picture; web-share\" referrerpolicy=\"strict-origin-when-cross-origin\" allowfullscreen data-no-lazy=\"1\" data-skipgform_ajax_framebjll=\"\"><\/iframe><\/div><\/figure>\n<p>Vis\u0101 izstr\u0101des proces\u0101 Auxivo komanda veica visaptvero\u0161us biomeh\u0101niskos nov\u0113rt\u0113jumus un lauka testus.<\/p>\n<p>Rezult\u0101ti liecina, ka OmniSuit valk\u0101\u0161ana iev\u0113rojami samazina musku\u013cu sasprindzin\u0101jumu un pal\u0113nina noguruma procesu.<\/p>\n<p>Vid\u0113jie OmniSuit testa rezult\u0101ti:<\/p>\n<p>Plecu noguruma samazin\u0101\u0161an\u0101s par 75%.<\/p>\n<p>Muguras musku\u013cu noguruma samazin\u0101\u0161an\u0101s par 45%.<\/p>\n<p>Plecu jostas atbalsts aug\u0161\u0113j\u0101s zon\u0101s 40%<\/p>\n<p>Muguras musku\u013ci atbalsta sl\u012bpuma uz priek\u0161u laik\u0101 30%<\/p>\n<div id=\"comp-lkx0mrvb\" class=\"KcpHeO tz5f0K comp-lkx0mrvb wixui-rich-text\" data-testid=\"richTextElement\"><\/div>\n","protected":false},"excerpt":{"rendered":"<p>OmniSuit, &#8220;2 in 1&#8221; eksoskelets pleciem un mugurai OmniSuit ir \u012bpa\u0161i daudzpus\u012bgs eksoskelets, kas nodro\u0161ina atbalstu pleciem un mugurai, k\u0101 ar\u012b cel\u0161anai uz priek\u0161u noliekt\u0101 st\u0101vokl\u012b. Veidojot OmniSuit, Auxivo komanda koncentr\u0113j\u0101s uz ilgtermi\u0146a lietot\u0101ju pieredzi un jaun\u0101kajiem in\u017eeniertehniskajiem risin\u0101jumiem no C\u012brihes Universit\u0101tes. OmniSuit nodro\u0161ina konsekventu atbalstu vis\u0101 vertik\u0101laj\u0101 kust\u012bbu diapazon\u0101. \u200bNeatkar\u012bgi no t\u0101, vai esat [&hellip;]<\/p>\n","protected":false},"featured_media":20694,"template":"","meta":{"_acf_changed":false,"inline_featured_image":false},"product_brand":[],"product_cat":[412,407,247],"product_tag":[278,256,257,900],"class_list":{"0":"post-20718","1":"product","2":"type-product","3":"status-publish","4":"has-post-thumbnail","6":"product_cat-eksoskeleti-kermena-augsdalai-un-rokam","7":"product_cat-eksoskeleti-mugurai","8":"product_cat-exoskeletons-un-kinetiskie-darba-apresi","9":"product_tag-auxivo-lv","10":"product_tag-eksoskelett-lv","11":"product_tag-exoskeleton-lv","12":"product_tag-omnisuit-lv","14":"first","15":"instock","16":"taxable","17":"shipping-taxable","18":"purchasable","19":"product-type-simple"},"acf":[],"yoast_head":"<!-- This site is optimized with the Yoast SEO plugin v27.3 - https:\/\/yoast.com\/product\/yoast-seo-wordpress\/ -->\n<title>Eksoskelets Auxivo OmniSuit - Hartico<\/title>\n<meta name=\"description\" content=\"OmniSuit ir \u012bpa\u0161i daudzpus\u012bgs eksoskelets, kas nodro\u0161ina atbalstu pleciem un mugurai, k\u0101 ar\u012b cel\u0161anai uz priek\u0161u noliekt\u0101 st\u0101vokl\u012b.\" \/>\n<meta name=\"robots\" content=\"index, follow, max-snippet:-1, max-image-preview:large, max-video-preview:-1\" \/>\n<link rel=\"canonical\" href=\"https:\/\/hartico.ee\/lv\/product\/eksoskelets-auxivo-omnisuit\/\" \/>\n<meta property=\"og:locale\" content=\"lv_LV\" \/>\n<meta property=\"og:type\" content=\"article\" \/>\n<meta property=\"og:title\" content=\"Eksoskelets Auxivo OmniSuit - Hartico\" \/>\n<meta property=\"og:description\" content=\"OmniSuit ir \u012bpa\u0161i daudzpus\u012bgs eksoskelets, kas nodro\u0161ina atbalstu pleciem un mugurai, k\u0101 ar\u012b cel\u0161anai uz priek\u0161u noliekt\u0101 st\u0101vokl\u012b.\" \/>\n<meta property=\"og:url\" content=\"https:\/\/hartico.ee\/lv\/product\/eksoskelets-auxivo-omnisuit\/\" \/>\n<meta property=\"og:site_name\" content=\"Hartico\" \/>\n<meta property=\"article:publisher\" content=\"https:\/\/www.facebook.com\/SANOTransportgeraeteBaltics\/\" \/>\n<meta property=\"article:modified_time\" content=\"2023-12-07T09:37:44+00:00\" \/>\n<meta property=\"og:image\" content=\"https:\/\/hartico.ee\/wp-content\/uploads\/2023\/10\/20230926_AXV_OmniSuit_NB_001.jpg\" \/>\n\t<meta property=\"og:image:width\" content=\"1920\" \/>\n\t<meta property=\"og:image:height\" content=\"1280\" \/>\n\t<meta property=\"og:image:type\" content=\"image\/jpeg\" \/>\n<meta name=\"twitter:card\" content=\"summary_large_image\" \/>\n<meta name=\"twitter:label1\" content=\"Est. reading time\" \/>\n\t<meta name=\"twitter:data1\" content=\"1 min\u016b\u0161u\" \/>\n<script type=\"application\/ld+json\" class=\"yoast-schema-graph\">{\"@context\":\"https:\\\/\\\/schema.org\",\"@graph\":[{\"@type\":\"WebPage\",\"@id\":\"https:\\\/\\\/hartico.ee\\\/lv\\\/product\\\/eksoskelets-auxivo-omnisuit\\\/\",\"url\":\"https:\\\/\\\/hartico.ee\\\/lv\\\/product\\\/eksoskelets-auxivo-omnisuit\\\/\",\"name\":\"Eksoskelets Auxivo OmniSuit - Hartico\",\"isPartOf\":{\"@id\":\"https:\\\/\\\/hartico.ee\\\/lv\\\/#website\"},\"primaryImageOfPage\":{\"@id\":\"https:\\\/\\\/hartico.ee\\\/lv\\\/product\\\/eksoskelets-auxivo-omnisuit\\\/#primaryimage\"},\"image\":{\"@id\":\"https:\\\/\\\/hartico.ee\\\/lv\\\/product\\\/eksoskelets-auxivo-omnisuit\\\/#primaryimage\"},\"thumbnailUrl\":\"https:\\\/\\\/hartico.ee\\\/wp-content\\\/uploads\\\/2023\\\/10\\\/20230926_AXV_OmniSuit_NB_006.jpg\",\"datePublished\":\"2023-10-09T14:04:14+00:00\",\"dateModified\":\"2023-12-07T09:37:44+00:00\",\"description\":\"OmniSuit ir \u012bpa\u0161i daudzpus\u012bgs eksoskelets, kas nodro\u0161ina atbalstu pleciem un mugurai, k\u0101 ar\u012b cel\u0161anai uz priek\u0161u noliekt\u0101 st\u0101vokl\u012b.\",\"breadcrumb\":{\"@id\":\"https:\\\/\\\/hartico.ee\\\/lv\\\/product\\\/eksoskelets-auxivo-omnisuit\\\/#breadcrumb\"},\"inLanguage\":\"lv-LV\",\"potentialAction\":[{\"@type\":\"ReadAction\",\"target\":[\"https:\\\/\\\/hartico.ee\\\/lv\\\/product\\\/eksoskelets-auxivo-omnisuit\\\/\"]}]},{\"@type\":\"ImageObject\",\"inLanguage\":\"lv-LV\",\"@id\":\"https:\\\/\\\/hartico.ee\\\/lv\\\/product\\\/eksoskelets-auxivo-omnisuit\\\/#primaryimage\",\"url\":\"https:\\\/\\\/hartico.ee\\\/wp-content\\\/uploads\\\/2023\\\/10\\\/20230926_AXV_OmniSuit_NB_006.jpg\",\"contentUrl\":\"https:\\\/\\\/hartico.ee\\\/wp-content\\\/uploads\\\/2023\\\/10\\\/20230926_AXV_OmniSuit_NB_006.jpg\",\"width\":1101,\"height\":1500},{\"@type\":\"BreadcrumbList\",\"@id\":\"https:\\\/\\\/hartico.ee\\\/lv\\\/product\\\/eksoskelets-auxivo-omnisuit\\\/#breadcrumb\",\"itemListElement\":[{\"@type\":\"ListItem\",\"position\":1,\"name\":\"Esileht\",\"item\":\"https:\\\/\\\/hartico.ee\\\/lv\\\/\"},{\"@type\":\"ListItem\",\"position\":2,\"name\":\"Produkti\",\"item\":\"https:\\\/\\\/hartico.ee\\\/lv\\\/shop\\\/\"},{\"@type\":\"ListItem\",\"position\":3,\"name\":\"Eksoskelets Auxivo OmniSuit\"}]},{\"@type\":\"WebSite\",\"@id\":\"https:\\\/\\\/hartico.ee\\\/lv\\\/#website\",\"url\":\"https:\\\/\\\/hartico.ee\\\/lv\\\/\",\"name\":\"Hartico\",\"description\":\"Lifting and moving systems LIFTKAR, Xetto, Expresso\",\"publisher\":{\"@id\":\"https:\\\/\\\/hartico.ee\\\/lv\\\/#organization\"},\"potentialAction\":[{\"@type\":\"SearchAction\",\"target\":{\"@type\":\"EntryPoint\",\"urlTemplate\":\"https:\\\/\\\/hartico.ee\\\/lv\\\/?s={search_term_string}\"},\"query-input\":{\"@type\":\"PropertyValueSpecification\",\"valueRequired\":true,\"valueName\":\"search_term_string\"}}],\"inLanguage\":\"lv-LV\"},{\"@type\":\"Organization\",\"@id\":\"https:\\\/\\\/hartico.ee\\\/lv\\\/#organization\",\"name\":\"Hartico\",\"url\":\"https:\\\/\\\/hartico.ee\\\/lv\\\/\",\"logo\":{\"@type\":\"ImageObject\",\"inLanguage\":\"lv-LV\",\"@id\":\"https:\\\/\\\/hartico.ee\\\/lv\\\/#\\\/schema\\\/logo\\\/image\\\/\",\"url\":\"https:\\\/\\\/hartico.ee\\\/wp-content\\\/uploads\\\/2018\\\/11\\\/hartico_logo_with_slogan_onecolor.svg\",\"contentUrl\":\"https:\\\/\\\/hartico.ee\\\/wp-content\\\/uploads\\\/2018\\\/11\\\/hartico_logo_with_slogan_onecolor.svg\",\"width\":424,\"height\":157,\"caption\":\"Hartico\"},\"image\":{\"@id\":\"https:\\\/\\\/hartico.ee\\\/lv\\\/#\\\/schema\\\/logo\\\/image\\\/\"},\"sameAs\":[\"https:\\\/\\\/www.facebook.com\\\/SANOTransportgeraeteBaltics\\\/\"]}]}<\/script>\n<!-- \/ Yoast SEO plugin. -->","yoast_head_json":{"title":"Eksoskelets Auxivo OmniSuit - Hartico","description":"OmniSuit ir \u012bpa\u0161i daudzpus\u012bgs eksoskelets, kas nodro\u0161ina atbalstu pleciem un mugurai, k\u0101 ar\u012b cel\u0161anai uz priek\u0161u noliekt\u0101 st\u0101vokl\u012b.","robots":{"index":"index","follow":"follow","max-snippet":"max-snippet:-1","max-image-preview":"max-image-preview:large","max-video-preview":"max-video-preview:-1"},"canonical":"https:\/\/hartico.ee\/lv\/product\/eksoskelets-auxivo-omnisuit\/","og_locale":"lv_LV","og_type":"article","og_title":"Eksoskelets Auxivo OmniSuit - Hartico","og_description":"OmniSuit ir \u012bpa\u0161i daudzpus\u012bgs eksoskelets, kas nodro\u0161ina atbalstu pleciem un mugurai, k\u0101 ar\u012b cel\u0161anai uz priek\u0161u noliekt\u0101 st\u0101vokl\u012b.","og_url":"https:\/\/hartico.ee\/lv\/product\/eksoskelets-auxivo-omnisuit\/","og_site_name":"Hartico","article_publisher":"https:\/\/www.facebook.com\/SANOTransportgeraeteBaltics\/","article_modified_time":"2023-12-07T09:37:44+00:00","og_image":[{"width":1920,"height":1280,"url":"https:\/\/hartico.ee\/wp-content\/uploads\/2023\/10\/20230926_AXV_OmniSuit_NB_001.jpg","type":"image\/jpeg"}],"twitter_card":"summary_large_image","twitter_misc":{"Est. reading time":"1 min\u016b\u0161u"},"schema":{"@context":"https:\/\/schema.org","@graph":[{"@type":"WebPage","@id":"https:\/\/hartico.ee\/lv\/product\/eksoskelets-auxivo-omnisuit\/","url":"https:\/\/hartico.ee\/lv\/product\/eksoskelets-auxivo-omnisuit\/","name":"Eksoskelets Auxivo OmniSuit - Hartico","isPartOf":{"@id":"https:\/\/hartico.ee\/lv\/#website"},"primaryImageOfPage":{"@id":"https:\/\/hartico.ee\/lv\/product\/eksoskelets-auxivo-omnisuit\/#primaryimage"},"image":{"@id":"https:\/\/hartico.ee\/lv\/product\/eksoskelets-auxivo-omnisuit\/#primaryimage"},"thumbnailUrl":"https:\/\/hartico.ee\/wp-content\/uploads\/2023\/10\/20230926_AXV_OmniSuit_NB_006.jpg","datePublished":"2023-10-09T14:04:14+00:00","dateModified":"2023-12-07T09:37:44+00:00","description":"OmniSuit ir \u012bpa\u0161i daudzpus\u012bgs eksoskelets, kas nodro\u0161ina atbalstu pleciem un mugurai, k\u0101 ar\u012b cel\u0161anai uz priek\u0161u noliekt\u0101 st\u0101vokl\u012b.","breadcrumb":{"@id":"https:\/\/hartico.ee\/lv\/product\/eksoskelets-auxivo-omnisuit\/#breadcrumb"},"inLanguage":"lv-LV","potentialAction":[{"@type":"ReadAction","target":["https:\/\/hartico.ee\/lv\/product\/eksoskelets-auxivo-omnisuit\/"]}]},{"@type":"ImageObject","inLanguage":"lv-LV","@id":"https:\/\/hartico.ee\/lv\/product\/eksoskelets-auxivo-omnisuit\/#primaryimage","url":"https:\/\/hartico.ee\/wp-content\/uploads\/2023\/10\/20230926_AXV_OmniSuit_NB_006.jpg","contentUrl":"https:\/\/hartico.ee\/wp-content\/uploads\/2023\/10\/20230926_AXV_OmniSuit_NB_006.jpg","width":1101,"height":1500},{"@type":"BreadcrumbList","@id":"https:\/\/hartico.ee\/lv\/product\/eksoskelets-auxivo-omnisuit\/#breadcrumb","itemListElement":[{"@type":"ListItem","position":1,"name":"Esileht","item":"https:\/\/hartico.ee\/lv\/"},{"@type":"ListItem","position":2,"name":"Produkti","item":"https:\/\/hartico.ee\/lv\/shop\/"},{"@type":"ListItem","position":3,"name":"Eksoskelets Auxivo OmniSuit"}]},{"@type":"WebSite","@id":"https:\/\/hartico.ee\/lv\/#website","url":"https:\/\/hartico.ee\/lv\/","name":"Hartico","description":"Lifting and moving systems LIFTKAR, Xetto, Expresso","publisher":{"@id":"https:\/\/hartico.ee\/lv\/#organization"},"potentialAction":[{"@type":"SearchAction","target":{"@type":"EntryPoint","urlTemplate":"https:\/\/hartico.ee\/lv\/?s={search_term_string}"},"query-input":{"@type":"PropertyValueSpecification","valueRequired":true,"valueName":"search_term_string"}}],"inLanguage":"lv-LV"},{"@type":"Organization","@id":"https:\/\/hartico.ee\/lv\/#organization","name":"Hartico","url":"https:\/\/hartico.ee\/lv\/","logo":{"@type":"ImageObject","inLanguage":"lv-LV","@id":"https:\/\/hartico.ee\/lv\/#\/schema\/logo\/image\/","url":"https:\/\/hartico.ee\/wp-content\/uploads\/2018\/11\/hartico_logo_with_slogan_onecolor.svg","contentUrl":"https:\/\/hartico.ee\/wp-content\/uploads\/2018\/11\/hartico_logo_with_slogan_onecolor.svg","width":424,"height":157,"caption":"Hartico"},"image":{"@id":"https:\/\/hartico.ee\/lv\/#\/schema\/logo\/image\/"},"sameAs":["https:\/\/www.facebook.com\/SANOTransportgeraeteBaltics\/"]}]}},"_links":{"self":[{"href":"https:\/\/hartico.ee\/lv\/wp-json\/wp\/v2\/product\/20718","targetHints":{"allow":["GET"]}}],"collection":[{"href":"https:\/\/hartico.ee\/lv\/wp-json\/wp\/v2\/product"}],"about":[{"href":"https:\/\/hartico.ee\/lv\/wp-json\/wp\/v2\/types\/product"}],"wp:featuredmedia":[{"embeddable":true,"href":"https:\/\/hartico.ee\/lv\/wp-json\/wp\/v2\/media\/20694"}],"wp:attachment":[{"href":"https:\/\/hartico.ee\/lv\/wp-json\/wp\/v2\/media?parent=20718"}],"wp:term":[{"taxonomy":"product_brand","embeddable":true,"href":"https:\/\/hartico.ee\/lv\/wp-json\/wp\/v2\/product_brand?post=20718"},{"taxonomy":"product_cat","embeddable":true,"href":"https:\/\/hartico.ee\/lv\/wp-json\/wp\/v2\/product_cat?post=20718"},{"taxonomy":"product_tag","embeddable":true,"href":"https:\/\/hartico.ee\/lv\/wp-json\/wp\/v2\/product_tag?post=20718"}],"curies":[{"name":"wp","href":"https:\/\/api.w.org\/{rel}","templated":true}]}}