{"id":19232,"date":"2023-03-01T14:46:59","date_gmt":"2023-03-01T12:46:59","guid":{"rendered":"https:\/\/hartico.ee\/product\/exoskeleton-spineband-active-kaelale\/"},"modified":"2023-03-02T10:54:05","modified_gmt":"2023-03-02T08:54:05","slug":"exoskeleton-spineband-active-kaklam","status":"publish","type":"product","link":"https:\/\/hartico.ee\/lv\/product\/exoskeleton-spineband-active-kaklam\/","title":{"rendered":"Exoskeleton SpineBand Active kaklam"},"content":{"rendered":"<h3>Eksoskeletu SpineBand Active atvieglo kakla slodzi.<\/h3>\n<p>SpineBand Active pal\u012bdz atp\u016bsties kakla musku\u013ciem un aug\u0161\u0113jai mugurai, lai nov\u0113rstu s\u0101pes!<\/p>\n<p>SpineBand Active ir inovat\u012bvs, Zviedrij\u0101 izstr\u0101d\u0101ts produkts, kas ir \u012bpa\u0161i izstr\u0101d\u0101ts k\u0101 pal\u012bgl\u012bdzeklis j\u016bsu kakla s\u0101p\u0113m vai regul\u0101riem kakla p\u0101rslogiem vai tiem, kas v\u0113las nov\u0113rst p\u0101rslogo\u0161anos.<\/p>\n<h5>K\u0101p\u0113c un k\u0101 izmantot<\/h5>\n<p>Da\u017ei darbi un aktivit\u0101tes var palielin\u0101t papildu svaru uz kakla un pleciem. Kakla s\u0101pes var rasties jebkur\u0101 situ\u0101cij\u0101 un var b\u016bt saist\u012btas ar daudziem c\u0113lo\u0146iem.<\/p>\n<p>St\u0101vo\u0161\u0101 galvas poz\u012bcij\u0101 galvas svars uz kakla ir 4-6 kg. Galvas noliek\u0161ana uz priek\u0161u par 60\u00b0 palielina kakla slodzi l\u012bdz pat 27 kg, kas ilgsto\u0161as darb\u012bbas laik\u0101 var izrais\u012bt spriedzi, stresu un profesion\u0101l\u0101s slim\u012bbas.<\/p>\n<p>SpineBand nav tikai paredz\u0113ts \u012bpa\u0161i uz\u0146\u0113m\u012bgiem cilv\u0113kiem, bet ar\u012b tiem, kam ir reiz\u0113m vienk\u0101r\u0161i kakla s\u0101pes.<\/p>\n<p>SpineBand lieto\u0161ana jau 30-60 min\u016btes dien\u0101 var iev\u0113rojami atvieglot simptomus.<\/p>\n<p>&nbsp;<\/p>\n<h5>Eksoskeletu SpineBand Active lieto\u0161ana darbam:<\/h5>\n<ul>\n<li>Metin\u0101\u0161ana un met\u0101lapstr\u0101de.<\/li>\n<li>Mont\u0101\u017ea r\u016bpniec\u012bb\u0101 un ra\u017eo\u0161an\u0101<\/li>\n<li>\u0160\u016b\u0161ana un tekstilizstr\u0101d\u0101jumu ra\u017eo\u0161ana<\/li>\n<li>Renov\u0101cija<\/li>\n<li>Salik\u0161ana un iepako\u0161ana<\/li>\n<li>Datoru un inform\u0101cijas tehnolo\u0123iju apkalpo\u0161ana<\/li>\n<li>Fl\u012b\u017eu uzst\u0101d\u012b\u0161ana, gr\u012bdu segumu uzst\u0101d\u012b\u0161ana<\/li>\n<li>Ielu bru\u0123u uzst\u0101d\u012b\u0161ana<\/li>\n<li>Za\u013c\u0101 zona, d\u0101rzkop\u012bba un lauksaimniec\u012bba<\/li>\n<li>Zelta un tetov\u0113\u0161anas meistari u.c.<\/li>\n<\/ul>\n<p><img loading=\"lazy\" decoding=\"async\" class=\"alignnone wp-image-19129\" src=\"https:\/\/hartico.ee\/wp-content\/uploads\/2023\/03\/SpineBand-Active-installation-of-paving-stones-300x223.png\" alt=\"Exoskeleton SpineBand Active t\u00e4navakivide paigaldus\" width=\"235\" height=\"175\" srcset=\"https:\/\/hartico.ee\/wp-content\/uploads\/2023\/03\/SpineBand-Active-installation-of-paving-stones-300x223.png 300w, https:\/\/hartico.ee\/wp-content\/uploads\/2023\/03\/SpineBand-Active-installation-of-paving-stones.png 653w\" sizes=\"auto, (max-width: 235px) 100vw, 235px\" \/><img loading=\"lazy\" decoding=\"async\" class=\"alignnone wp-image-19099\" src=\"https:\/\/hartico.ee\/wp-content\/uploads\/2023\/03\/SpineBand-Active-welding-1.png\" alt=\"SpineBand Active keevituse t\u00f6\u00f6abivahend\" width=\"193\" height=\"175\" srcset=\"https:\/\/hartico.ee\/wp-content\/uploads\/2023\/03\/SpineBand-Active-welding-1.png 722w, https:\/\/hartico.ee\/wp-content\/uploads\/2023\/03\/SpineBand-Active-welding-1-700x635.png 700w\" sizes=\"auto, (max-width: 193px) 100vw, 193px\" \/><img loading=\"lazy\" decoding=\"async\" class=\"alignnone wp-image-19164\" src=\"https:\/\/hartico.ee\/wp-content\/uploads\/2023\/03\/SpineBand-Active-tatoo-artist-300x225.png\" alt=\"Exoskeleton SpineBand Active tatoo \" width=\"232\" height=\"174\" srcset=\"https:\/\/hartico.ee\/wp-content\/uploads\/2023\/03\/SpineBand-Active-tatoo-artist-300x225.png 300w, https:\/\/hartico.ee\/wp-content\/uploads\/2023\/03\/SpineBand-Active-tatoo-artist.png 653w\" sizes=\"auto, (max-width: 232px) 100vw, 232px\" \/><\/p>\n<h5>Exoskeleton SpineBand Active lieto\u0161ana hobij\u0101m un amatniec\u012bbai:<\/h5>\n<p>Spineband gandr\u012bz der jebkurai m\u0101kslai un amatniec\u012bbai. Lietojot Spineband Active, jums vienm\u0113r b\u016bs br\u012bvas rokas un vienlaikus j\u016bs sa\u0146emsiet nepiecie\u0161amo atbalstu j\u016bsu kaklam.<\/p>\n<ul>\n<li>Golfu<\/li>\n<li>Fotogr\u0101f\u0113\u0161anu<\/li>\n<li>iz\u0161\u016b\u0161anu, \u0161\u016b\u0161anu, ad\u012b\u0161anu<\/li>\n<li>D\u0101rzkop\u012bbu un \u0101ra darbus<\/li>\n<li>Zveju<\/li>\n<li>P\u0101rg\u0101jieni un pastaiga<\/li>\n<li>Ar rati\u0146kr\u0113slu s\u0113\u017eot spied\u0113<\/li>\n<li>Rite\u0146brauk\u0161anu u.c.<\/li>\n<\/ul>\n<p><img loading=\"lazy\" decoding=\"async\" class=\"alignnone wp-image-19159\" src=\"https:\/\/hartico.ee\/wp-content\/uploads\/2023\/03\/SpineBand-Active-Bicycling-1.png\" alt=\"Exoskeleton SpineBand Active jalgrattakiivri kinnitus\" width=\"183\" height=\"274\" srcset=\"https:\/\/hartico.ee\/wp-content\/uploads\/2023\/03\/SpineBand-Active-Bicycling-1.png 580w, https:\/\/hartico.ee\/wp-content\/uploads\/2023\/03\/SpineBand-Active-Bicycling-1-470x700.png 470w, https:\/\/hartico.ee\/wp-content\/uploads\/2023\/03\/SpineBand-Active-Bicycling-1-300x447.png 300w\" sizes=\"auto, (max-width: 183px) 100vw, 183px\" \/><img loading=\"lazy\" decoding=\"async\" class=\"alignnone size-medium wp-image-19139\" src=\"https:\/\/hartico.ee\/wp-content\/uploads\/2023\/03\/SpineBand-Active-walking.png\" alt=\"Exoskeleton SpineBand Active jalutamine\" width=\"300\" height=\"273\" srcset=\"https:\/\/hartico.ee\/wp-content\/uploads\/2023\/03\/SpineBand-Active-walking.png 720w, https:\/\/hartico.ee\/wp-content\/uploads\/2023\/03\/SpineBand-Active-walking-700x637.png 700w\" sizes=\"auto, (max-width: 300px) 100vw, 300px\" \/><img loading=\"lazy\" decoding=\"async\" class=\"alignnone wp-image-19209\" src=\"https:\/\/hartico.ee\/wp-content\/uploads\/2023\/03\/SpineBand-Active-walking-2.png\" alt=\"Exoskeleton SpineBand Active, matkamine\" width=\"179\" height=\"273\" srcset=\"https:\/\/hartico.ee\/wp-content\/uploads\/2023\/03\/SpineBand-Active-walking-2.png 568w, https:\/\/hartico.ee\/wp-content\/uploads\/2023\/03\/SpineBand-Active-walking-2-460x700.png 460w, https:\/\/hartico.ee\/wp-content\/uploads\/2023\/03\/SpineBand-Active-walking-2-300x456.png 300w\" sizes=\"auto, (max-width: 179px) 100vw, 179px\" \/><\/p>\n<p>Izvairieties no s\u0101p\u0113m un traum\u0101m kakl\u0101, izmantojot Spineband.<\/p>\n<p>Spineband ir regul\u0113jams stiprums un le\u0146\u0137is<\/p>\n<h5>CE mar\u0137\u0113jums<\/h5>\n<p>Medic\u012bniski test\u0113ts, kop\u0161 2020. gada ir ieguvis CE mar\u0137\u0113jumu. To var lietot vesel\u012bbas apr\u016bp\u0113.<\/p>\n<p><img loading=\"lazy\" decoding=\"async\" class=\"alignnone size-medium wp-image-19219\" style=\"font-size: 16px;\" src=\"https:\/\/hartico.ee\/wp-content\/uploads\/2023\/03\/SpineBand-Electromyography-test-300x264.png\" alt=\"\" width=\"300\" height=\"264\" srcset=\"https:\/\/hartico.ee\/wp-content\/uploads\/2023\/03\/SpineBand-Electromyography-test-300x264.png 300w, https:\/\/hartico.ee\/wp-content\/uploads\/2023\/03\/SpineBand-Electromyography-test.png 536w\" sizes=\"auto, (max-width: 300px) 100vw, 300px\" \/><\/p>\n<p>Izm\u0113ri:<\/p>\n<p>XS-M &#8211; A 162-180cm, B 62-110cm<\/p>\n<p>L-XXL &#8211; A 180-200cm, B 80-125cm<\/p>\n<p>Pieejami da\u017e\u0101di aksesu\u0101ri un stiprin\u0101jumi cepur\u0113m un metin\u0101\u0161anas mask\u0101m.<\/p>\n<p><img loading=\"lazy\" decoding=\"async\" class=\"alignnone wp-image-19084\" src=\"https:\/\/hartico.ee\/wp-content\/uploads\/2023\/03\/SpineBand-Active-measures.webp\" alt=\"Exoskeleton SpineBand Active measures\" width=\"200\" height=\"193\" \/><\/p>\n<p>Pieejami da\u017e\u0101di aksesu\u0101ri un stiprin\u0101jumi cepur\u0113m un metin\u0101\u0161anas mask\u0101m.<\/p>\n","protected":false},"excerpt":{"rendered":"<p>Eksoskeletu SpineBand Active atvieglo kakla slodzi. SpineBand Active pal\u012bdz atp\u016bsties kakla musku\u013ciem un aug\u0161\u0113jai mugurai, lai nov\u0113rstu s\u0101pes! SpineBand Active ir inovat\u012bvs, Zviedrij\u0101 izstr\u0101d\u0101ts produkts, kas ir \u012bpa\u0161i izstr\u0101d\u0101ts k\u0101 pal\u012bgl\u012bdzeklis j\u016bsu kakla s\u0101p\u0113m vai regul\u0101riem kakla p\u0101rslogiem vai tiem, kas v\u0113las nov\u0113rst p\u0101rslogo\u0161anos. K\u0101p\u0113c un k\u0101 izmantot Da\u017ei darbi un aktivit\u0101tes var palielin\u0101t papildu [&hellip;]<\/p>\n","protected":false},"featured_media":19091,"template":"","meta":{"_acf_changed":false,"inline_featured_image":false},"product_brand":[],"product_cat":[753,412,407],"product_tag":[256,621,257,622,623,624],"class_list":{"0":"post-19232","1":"product","2":"type-product","3":"status-publish","4":"has-post-thumbnail","6":"product_cat-eksoskeleti-kaklam","7":"product_cat-eksoskeleti-kermena-augsdalai-un-rokam","8":"product_cat-eksoskeleti-mugurai","9":"product_tag-eksoskelett-lv","10":"product_tag-eksoskelette-lv","11":"product_tag-exoskeleton-lv","12":"product_tag-kaelavalu-lv","13":"product_tag-seljavalu-lv","14":"product_tag-spineband-lv","16":"first","17":"instock","18":"taxable","19":"shipping-taxable","20":"purchasable","21":"product-type-simple"},"acf":[],"yoast_head":"<!-- This site is optimized with the Yoast SEO plugin v27.3 - https:\/\/yoast.com\/product\/yoast-seo-wordpress\/ -->\n<title>Exoskeleton SpineBand Active kaklam - Hartico<\/title>\n<meta name=\"description\" content=\"Eksoskeletu SpineBand Active atvieglo kakla slodzi.SpineBand Active pal\u012bdz atp\u016bsties kakla musku\u013ciem un aug\u0161\u0113jai mugurai, lai nov\u0113rstu s\u0101pes!.\" \/>\n<meta name=\"robots\" content=\"index, follow, max-snippet:-1, max-image-preview:large, max-video-preview:-1\" \/>\n<link rel=\"canonical\" href=\"https:\/\/hartico.ee\/lv\/product\/exoskeleton-spineband-active-kaklam\/\" \/>\n<meta property=\"og:locale\" content=\"lv_LV\" \/>\n<meta property=\"og:type\" content=\"article\" \/>\n<meta property=\"og:title\" content=\"Exoskeleton SpineBand Active kaklam - Hartico\" \/>\n<meta property=\"og:description\" content=\"Eksoskeletu SpineBand Active atvieglo kakla slodzi.SpineBand Active pal\u012bdz atp\u016bsties kakla musku\u013ciem un aug\u0161\u0113jai mugurai, lai nov\u0113rstu s\u0101pes!.\" \/>\n<meta property=\"og:url\" content=\"https:\/\/hartico.ee\/lv\/product\/exoskeleton-spineband-active-kaklam\/\" \/>\n<meta property=\"og:site_name\" content=\"Hartico\" \/>\n<meta property=\"article:publisher\" content=\"https:\/\/www.facebook.com\/SANOTransportgeraeteBaltics\/\" \/>\n<meta property=\"article:modified_time\" content=\"2023-03-02T08:54:05+00:00\" \/>\n<meta property=\"og:image\" content=\"https:\/\/hartico.ee\/wp-content\/uploads\/2023\/03\/SpineBand-Active-welding-helmet.png\" \/>\n\t<meta property=\"og:image:width\" content=\"517\" \/>\n\t<meta property=\"og:image:height\" content=\"466\" \/>\n\t<meta property=\"og:image:type\" content=\"image\/png\" \/>\n<meta name=\"twitter:card\" content=\"summary_large_image\" \/>\n<meta name=\"twitter:label1\" content=\"Est. reading time\" \/>\n\t<meta name=\"twitter:data1\" content=\"4 min\u016btes\" \/>\n<script type=\"application\/ld+json\" class=\"yoast-schema-graph\">{\"@context\":\"https:\\\/\\\/schema.org\",\"@graph\":[{\"@type\":\"WebPage\",\"@id\":\"https:\\\/\\\/hartico.ee\\\/lv\\\/product\\\/exoskeleton-spineband-active-kaklam\\\/\",\"url\":\"https:\\\/\\\/hartico.ee\\\/lv\\\/product\\\/exoskeleton-spineband-active-kaklam\\\/\",\"name\":\"Exoskeleton SpineBand Active kaklam - Hartico\",\"isPartOf\":{\"@id\":\"https:\\\/\\\/hartico.ee\\\/lv\\\/#website\"},\"primaryImageOfPage\":{\"@id\":\"https:\\\/\\\/hartico.ee\\\/lv\\\/product\\\/exoskeleton-spineband-active-kaklam\\\/#primaryimage\"},\"image\":{\"@id\":\"https:\\\/\\\/hartico.ee\\\/lv\\\/product\\\/exoskeleton-spineband-active-kaklam\\\/#primaryimage\"},\"thumbnailUrl\":\"https:\\\/\\\/hartico.ee\\\/wp-content\\\/uploads\\\/2023\\\/03\\\/SpineBand-Active-welding-helmet.png\",\"datePublished\":\"2023-03-01T12:46:59+00:00\",\"dateModified\":\"2023-03-02T08:54:05+00:00\",\"description\":\"Eksoskeletu SpineBand Active atvieglo kakla slodzi.SpineBand Active pal\u012bdz atp\u016bsties kakla musku\u013ciem un aug\u0161\u0113jai mugurai, lai nov\u0113rstu s\u0101pes!.\",\"breadcrumb\":{\"@id\":\"https:\\\/\\\/hartico.ee\\\/lv\\\/product\\\/exoskeleton-spineband-active-kaklam\\\/#breadcrumb\"},\"inLanguage\":\"lv-LV\",\"potentialAction\":[{\"@type\":\"ReadAction\",\"target\":[\"https:\\\/\\\/hartico.ee\\\/lv\\\/product\\\/exoskeleton-spineband-active-kaklam\\\/\"]}]},{\"@type\":\"ImageObject\",\"inLanguage\":\"lv-LV\",\"@id\":\"https:\\\/\\\/hartico.ee\\\/lv\\\/product\\\/exoskeleton-spineband-active-kaklam\\\/#primaryimage\",\"url\":\"https:\\\/\\\/hartico.ee\\\/wp-content\\\/uploads\\\/2023\\\/03\\\/SpineBand-Active-welding-helmet.png\",\"contentUrl\":\"https:\\\/\\\/hartico.ee\\\/wp-content\\\/uploads\\\/2023\\\/03\\\/SpineBand-Active-welding-helmet.png\",\"width\":517,\"height\":466,\"caption\":\"Eksoskeleti kaklam\"},{\"@type\":\"BreadcrumbList\",\"@id\":\"https:\\\/\\\/hartico.ee\\\/lv\\\/product\\\/exoskeleton-spineband-active-kaklam\\\/#breadcrumb\",\"itemListElement\":[{\"@type\":\"ListItem\",\"position\":1,\"name\":\"Esileht\",\"item\":\"https:\\\/\\\/hartico.ee\\\/lv\\\/\"},{\"@type\":\"ListItem\",\"position\":2,\"name\":\"Produkti\",\"item\":\"https:\\\/\\\/hartico.ee\\\/lv\\\/shop\\\/\"},{\"@type\":\"ListItem\",\"position\":3,\"name\":\"Exoskeleton SpineBand Active kaklam\"}]},{\"@type\":\"WebSite\",\"@id\":\"https:\\\/\\\/hartico.ee\\\/lv\\\/#website\",\"url\":\"https:\\\/\\\/hartico.ee\\\/lv\\\/\",\"name\":\"Hartico\",\"description\":\"Lifting and moving systems LIFTKAR, Xetto, Expresso\",\"publisher\":{\"@id\":\"https:\\\/\\\/hartico.ee\\\/lv\\\/#organization\"},\"potentialAction\":[{\"@type\":\"SearchAction\",\"target\":{\"@type\":\"EntryPoint\",\"urlTemplate\":\"https:\\\/\\\/hartico.ee\\\/lv\\\/?s={search_term_string}\"},\"query-input\":{\"@type\":\"PropertyValueSpecification\",\"valueRequired\":true,\"valueName\":\"search_term_string\"}}],\"inLanguage\":\"lv-LV\"},{\"@type\":\"Organization\",\"@id\":\"https:\\\/\\\/hartico.ee\\\/lv\\\/#organization\",\"name\":\"Hartico\",\"url\":\"https:\\\/\\\/hartico.ee\\\/lv\\\/\",\"logo\":{\"@type\":\"ImageObject\",\"inLanguage\":\"lv-LV\",\"@id\":\"https:\\\/\\\/hartico.ee\\\/lv\\\/#\\\/schema\\\/logo\\\/image\\\/\",\"url\":\"https:\\\/\\\/hartico.ee\\\/wp-content\\\/uploads\\\/2018\\\/11\\\/hartico_logo_with_slogan_onecolor.svg\",\"contentUrl\":\"https:\\\/\\\/hartico.ee\\\/wp-content\\\/uploads\\\/2018\\\/11\\\/hartico_logo_with_slogan_onecolor.svg\",\"width\":424,\"height\":157,\"caption\":\"Hartico\"},\"image\":{\"@id\":\"https:\\\/\\\/hartico.ee\\\/lv\\\/#\\\/schema\\\/logo\\\/image\\\/\"},\"sameAs\":[\"https:\\\/\\\/www.facebook.com\\\/SANOTransportgeraeteBaltics\\\/\"]}]}<\/script>\n<!-- \/ Yoast SEO plugin. -->","yoast_head_json":{"title":"Exoskeleton SpineBand Active kaklam - Hartico","description":"Eksoskeletu SpineBand Active atvieglo kakla slodzi.SpineBand Active pal\u012bdz atp\u016bsties kakla musku\u013ciem un aug\u0161\u0113jai mugurai, lai nov\u0113rstu s\u0101pes!.","robots":{"index":"index","follow":"follow","max-snippet":"max-snippet:-1","max-image-preview":"max-image-preview:large","max-video-preview":"max-video-preview:-1"},"canonical":"https:\/\/hartico.ee\/lv\/product\/exoskeleton-spineband-active-kaklam\/","og_locale":"lv_LV","og_type":"article","og_title":"Exoskeleton SpineBand Active kaklam - Hartico","og_description":"Eksoskeletu SpineBand Active atvieglo kakla slodzi.SpineBand Active pal\u012bdz atp\u016bsties kakla musku\u013ciem un aug\u0161\u0113jai mugurai, lai nov\u0113rstu s\u0101pes!.","og_url":"https:\/\/hartico.ee\/lv\/product\/exoskeleton-spineband-active-kaklam\/","og_site_name":"Hartico","article_publisher":"https:\/\/www.facebook.com\/SANOTransportgeraeteBaltics\/","article_modified_time":"2023-03-02T08:54:05+00:00","og_image":[{"width":517,"height":466,"url":"https:\/\/hartico.ee\/wp-content\/uploads\/2023\/03\/SpineBand-Active-welding-helmet.png","type":"image\/png"}],"twitter_card":"summary_large_image","twitter_misc":{"Est. reading time":"4 min\u016btes"},"schema":{"@context":"https:\/\/schema.org","@graph":[{"@type":"WebPage","@id":"https:\/\/hartico.ee\/lv\/product\/exoskeleton-spineband-active-kaklam\/","url":"https:\/\/hartico.ee\/lv\/product\/exoskeleton-spineband-active-kaklam\/","name":"Exoskeleton SpineBand Active kaklam - Hartico","isPartOf":{"@id":"https:\/\/hartico.ee\/lv\/#website"},"primaryImageOfPage":{"@id":"https:\/\/hartico.ee\/lv\/product\/exoskeleton-spineband-active-kaklam\/#primaryimage"},"image":{"@id":"https:\/\/hartico.ee\/lv\/product\/exoskeleton-spineband-active-kaklam\/#primaryimage"},"thumbnailUrl":"https:\/\/hartico.ee\/wp-content\/uploads\/2023\/03\/SpineBand-Active-welding-helmet.png","datePublished":"2023-03-01T12:46:59+00:00","dateModified":"2023-03-02T08:54:05+00:00","description":"Eksoskeletu SpineBand Active atvieglo kakla slodzi.SpineBand Active pal\u012bdz atp\u016bsties kakla musku\u013ciem un aug\u0161\u0113jai mugurai, lai nov\u0113rstu s\u0101pes!.","breadcrumb":{"@id":"https:\/\/hartico.ee\/lv\/product\/exoskeleton-spineband-active-kaklam\/#breadcrumb"},"inLanguage":"lv-LV","potentialAction":[{"@type":"ReadAction","target":["https:\/\/hartico.ee\/lv\/product\/exoskeleton-spineband-active-kaklam\/"]}]},{"@type":"ImageObject","inLanguage":"lv-LV","@id":"https:\/\/hartico.ee\/lv\/product\/exoskeleton-spineband-active-kaklam\/#primaryimage","url":"https:\/\/hartico.ee\/wp-content\/uploads\/2023\/03\/SpineBand-Active-welding-helmet.png","contentUrl":"https:\/\/hartico.ee\/wp-content\/uploads\/2023\/03\/SpineBand-Active-welding-helmet.png","width":517,"height":466,"caption":"Eksoskeleti kaklam"},{"@type":"BreadcrumbList","@id":"https:\/\/hartico.ee\/lv\/product\/exoskeleton-spineband-active-kaklam\/#breadcrumb","itemListElement":[{"@type":"ListItem","position":1,"name":"Esileht","item":"https:\/\/hartico.ee\/lv\/"},{"@type":"ListItem","position":2,"name":"Produkti","item":"https:\/\/hartico.ee\/lv\/shop\/"},{"@type":"ListItem","position":3,"name":"Exoskeleton SpineBand Active kaklam"}]},{"@type":"WebSite","@id":"https:\/\/hartico.ee\/lv\/#website","url":"https:\/\/hartico.ee\/lv\/","name":"Hartico","description":"Lifting and moving systems LIFTKAR, Xetto, Expresso","publisher":{"@id":"https:\/\/hartico.ee\/lv\/#organization"},"potentialAction":[{"@type":"SearchAction","target":{"@type":"EntryPoint","urlTemplate":"https:\/\/hartico.ee\/lv\/?s={search_term_string}"},"query-input":{"@type":"PropertyValueSpecification","valueRequired":true,"valueName":"search_term_string"}}],"inLanguage":"lv-LV"},{"@type":"Organization","@id":"https:\/\/hartico.ee\/lv\/#organization","name":"Hartico","url":"https:\/\/hartico.ee\/lv\/","logo":{"@type":"ImageObject","inLanguage":"lv-LV","@id":"https:\/\/hartico.ee\/lv\/#\/schema\/logo\/image\/","url":"https:\/\/hartico.ee\/wp-content\/uploads\/2018\/11\/hartico_logo_with_slogan_onecolor.svg","contentUrl":"https:\/\/hartico.ee\/wp-content\/uploads\/2018\/11\/hartico_logo_with_slogan_onecolor.svg","width":424,"height":157,"caption":"Hartico"},"image":{"@id":"https:\/\/hartico.ee\/lv\/#\/schema\/logo\/image\/"},"sameAs":["https:\/\/www.facebook.com\/SANOTransportgeraeteBaltics\/"]}]}},"_links":{"self":[{"href":"https:\/\/hartico.ee\/lv\/wp-json\/wp\/v2\/product\/19232","targetHints":{"allow":["GET"]}}],"collection":[{"href":"https:\/\/hartico.ee\/lv\/wp-json\/wp\/v2\/product"}],"about":[{"href":"https:\/\/hartico.ee\/lv\/wp-json\/wp\/v2\/types\/product"}],"wp:featuredmedia":[{"embeddable":true,"href":"https:\/\/hartico.ee\/lv\/wp-json\/wp\/v2\/media\/19091"}],"wp:attachment":[{"href":"https:\/\/hartico.ee\/lv\/wp-json\/wp\/v2\/media?parent=19232"}],"wp:term":[{"taxonomy":"product_brand","embeddable":true,"href":"https:\/\/hartico.ee\/lv\/wp-json\/wp\/v2\/product_brand?post=19232"},{"taxonomy":"product_cat","embeddable":true,"href":"https:\/\/hartico.ee\/lv\/wp-json\/wp\/v2\/product_cat?post=19232"},{"taxonomy":"product_tag","embeddable":true,"href":"https:\/\/hartico.ee\/lv\/wp-json\/wp\/v2\/product_tag?post=19232"}],"curies":[{"name":"wp","href":"https:\/\/api.w.org\/{rel}","templated":true}]}}