{"id":18859,"date":"2023-02-02T10:21:05","date_gmt":"2023-02-02T08:21:06","guid":{"rendered":"https:\/\/hartico.ee\/?post_type=product&#038;p=18859"},"modified":"2023-02-17T18:20:19","modified_gmt":"2023-02-17T16:20:19","slug":"fento-aizsargapvalku-original-un-max","status":"publish","type":"product","link":"https:\/\/hartico.ee\/lv\/product\/fento-aizsargapvalku-original-un-max\/","title":{"rendered":"FENTO aizsargapvalku ORIGINAL un MAX"},"content":{"rendered":"<h4>FENTO aizsargp\u0101rsegi Original un MAX&#8230;<\/h4>\n<p>&#8230;ir \u012bpa\u0161i izstr\u0101d\u0101ti p\u0113d\u0113jo ce\u013cu aizsardz\u012bbai uz FENTO ORIGINAL un FENTO MAX ce\u013cgala, lai nov\u0113rstu net\u012brumu, smil\u0161u vai grantu non\u0101k\u0161anu starp ce\u013cgala aizsargp\u0101rsegu un ce\u013cgalu.<\/p>\n<p>\u0160os aizsargp\u0101rsegus var piestiprin\u0101t pie FENTO ORIGINAL vai FENTO MAX ce\u013cgaliem.<\/p>\n<p>FENTO aizsargapvalku priek\u0161roc\u012bbas:<\/p>\n<ul>\n<li>Regul\u0113jami<\/li>\n<li>Notur\u012bgi<\/li>\n<li>Mazg\u0101jami<\/li>\n<li>Aizsarg\u0101 lietot\u0101ju un ce\u013ca aizsargu no net\u012brumiem un akme\u0146iem.<\/li>\n<\/ul>\n<p>&nbsp;<\/p>\n<figure class=\"wp-block-embed wp-block-embed-youtube is-type-video is-provider-youtube epyt-figure\"><div class=\"wp-block-embed__wrapper\"><iframe loading=\"lazy\"  id=\"_ytid_68335\"  width=\"500\" height=\"300\"  data-origwidth=\"500\" data-origheight=\"300\" src=\"https:\/\/www.youtube.com\/embed\/pwy0p84Osnk?enablejsapi=1&autoplay=0&cc_load_policy=0&cc_lang_pref=&iv_load_policy=1&loop=0&rel=1&fs=1&playsinline=0&autohide=2&theme=dark&color=red&controls=1&disablekb=0&\" class=\"__youtube_prefs__  no-lazyload\" title=\"YouTube player\"  allow=\"fullscreen; accelerometer; autoplay; clipboard-write; encrypted-media; gyroscope; picture-in-picture; web-share\" referrerpolicy=\"strict-origin-when-cross-origin\" allowfullscreen data-no-lazy=\"1\" data-skipgform_ajax_framebjll=\"\"><\/iframe><\/div><\/figure>\n","protected":false},"excerpt":{"rendered":"<p>FENTO aizsargp\u0101rsegi Original un MAX&#8230; &#8230;ir \u012bpa\u0161i izstr\u0101d\u0101ti p\u0113d\u0113jo ce\u013cu aizsardz\u012bbai uz FENTO ORIGINAL un FENTO MAX ce\u013cgala, lai nov\u0113rstu net\u012brumu, smil\u0161u vai grantu non\u0101k\u0161anu starp ce\u013cgala aizsargp\u0101rsegu un ce\u013cgalu. \u0160os aizsargp\u0101rsegus var piestiprin\u0101t pie FENTO ORIGINAL vai FENTO MAX ce\u013cgaliem. FENTO aizsargapvalku priek\u0161roc\u012bbas: Regul\u0113jami Notur\u012bgi Mazg\u0101jami Aizsarg\u0101 lietot\u0101ju un ce\u013ca aizsargu no net\u012brumiem un [&hellip;]<\/p>\n","protected":false},"featured_media":18989,"template":"","meta":{"_acf_changed":false,"inline_featured_image":false},"product_brand":[],"product_cat":[575],"product_tag":[490,483,491],"class_list":{"0":"post-18859","1":"product","2":"type-product","3":"status-publish","4":"has-post-thumbnail","6":"product_cat-fento-celgalu-sargi","7":"product_tag-fento-lv","8":"product_tag-fento-max-lv","9":"product_tag-fento-original-lv","11":"first","12":"instock","13":"sale","14":"taxable","15":"shipping-taxable","16":"purchasable","17":"product-type-simple"},"acf":[],"yoast_head":"<!-- This site is optimized with the Yoast SEO plugin v27.3 - https:\/\/yoast.com\/product\/yoast-seo-wordpress\/ -->\n<title>FENTO aizsargapvalku ORIGINAL un MAX - Hartico<\/title>\n<meta name=\"description\" content=\"Fento ce\u013cgalu aizsargi ir \u012bpa\u0161i izstr\u0101d\u0101ti aizsardz\u012bbai uz ce\u013cgaliem, lai nov\u0113rstu net\u012brumu vai grants iek\u013c\u016b\u0161anu starp ce\u013cgalu spilventi\u0146iem un ce\u013cgalu.\" \/>\n<meta name=\"robots\" content=\"index, follow, max-snippet:-1, max-image-preview:large, max-video-preview:-1\" \/>\n<link rel=\"canonical\" href=\"https:\/\/hartico.ee\/lv\/product\/fento-aizsargapvalku-original-un-max\/\" \/>\n<meta property=\"og:locale\" content=\"lv_LV\" \/>\n<meta property=\"og:type\" content=\"article\" \/>\n<meta property=\"og:title\" content=\"FENTO aizsargapvalku ORIGINAL un MAX - Hartico\" \/>\n<meta property=\"og:description\" content=\"Fento ce\u013cgalu aizsargi ir \u012bpa\u0161i izstr\u0101d\u0101ti aizsardz\u012bbai uz ce\u013cgaliem, lai nov\u0113rstu net\u012brumu vai grants iek\u013c\u016b\u0161anu starp ce\u013cgalu spilventi\u0146iem un ce\u013cgalu.\" \/>\n<meta property=\"og:url\" content=\"https:\/\/hartico.ee\/lv\/product\/fento-aizsargapvalku-original-un-max\/\" \/>\n<meta property=\"og:site_name\" content=\"Hartico\" \/>\n<meta property=\"article:publisher\" content=\"https:\/\/www.facebook.com\/SANOTransportgeraeteBaltics\/\" \/>\n<meta property=\"article:modified_time\" content=\"2023-02-17T16:20:19+00:00\" \/>\n<meta property=\"og:image\" content=\"https:\/\/hartico.ee\/wp-content\/uploads\/2023\/02\/FENTO-Original-and-MAX-Covers.jpg\" \/>\n\t<meta property=\"og:image:width\" content=\"1280\" \/>\n\t<meta property=\"og:image:height\" content=\"904\" \/>\n\t<meta property=\"og:image:type\" content=\"image\/jpeg\" \/>\n<meta name=\"twitter:card\" content=\"summary_large_image\" \/>\n<meta name=\"twitter:label1\" content=\"Est. reading time\" \/>\n\t<meta name=\"twitter:data1\" content=\"1 min\u016b\u0161u\" \/>\n<script type=\"application\/ld+json\" class=\"yoast-schema-graph\">{\"@context\":\"https:\\\/\\\/schema.org\",\"@graph\":[{\"@type\":\"WebPage\",\"@id\":\"https:\\\/\\\/hartico.ee\\\/lv\\\/product\\\/fento-aizsargapvalku-original-un-max\\\/\",\"url\":\"https:\\\/\\\/hartico.ee\\\/lv\\\/product\\\/fento-aizsargapvalku-original-un-max\\\/\",\"name\":\"FENTO aizsargapvalku ORIGINAL un MAX - Hartico\",\"isPartOf\":{\"@id\":\"https:\\\/\\\/hartico.ee\\\/lv\\\/#website\"},\"primaryImageOfPage\":{\"@id\":\"https:\\\/\\\/hartico.ee\\\/lv\\\/product\\\/fento-aizsargapvalku-original-un-max\\\/#primaryimage\"},\"image\":{\"@id\":\"https:\\\/\\\/hartico.ee\\\/lv\\\/product\\\/fento-aizsargapvalku-original-un-max\\\/#primaryimage\"},\"thumbnailUrl\":\"https:\\\/\\\/hartico.ee\\\/wp-content\\\/uploads\\\/2023\\\/02\\\/FENTO-Original-and-MAX-Covers.jpg\",\"datePublished\":\"2023-02-02T08:21:06+00:00\",\"dateModified\":\"2023-02-17T16:20:19+00:00\",\"description\":\"Fento ce\u013cgalu aizsargi ir \u012bpa\u0161i izstr\u0101d\u0101ti aizsardz\u012bbai uz ce\u013cgaliem, lai nov\u0113rstu net\u012brumu vai grants iek\u013c\u016b\u0161anu starp ce\u013cgalu spilventi\u0146iem un ce\u013cgalu.\",\"breadcrumb\":{\"@id\":\"https:\\\/\\\/hartico.ee\\\/lv\\\/product\\\/fento-aizsargapvalku-original-un-max\\\/#breadcrumb\"},\"inLanguage\":\"lv-LV\",\"potentialAction\":[{\"@type\":\"ReadAction\",\"target\":[\"https:\\\/\\\/hartico.ee\\\/lv\\\/product\\\/fento-aizsargapvalku-original-un-max\\\/\"]}]},{\"@type\":\"ImageObject\",\"inLanguage\":\"lv-LV\",\"@id\":\"https:\\\/\\\/hartico.ee\\\/lv\\\/product\\\/fento-aizsargapvalku-original-un-max\\\/#primaryimage\",\"url\":\"https:\\\/\\\/hartico.ee\\\/wp-content\\\/uploads\\\/2023\\\/02\\\/FENTO-Original-and-MAX-Covers.jpg\",\"contentUrl\":\"https:\\\/\\\/hartico.ee\\\/wp-content\\\/uploads\\\/2023\\\/02\\\/FENTO-Original-and-MAX-Covers.jpg\",\"width\":1280,\"height\":904,\"caption\":\"FENTO aizsargapvalku ORIGINAL un MAX 3 Hartico\"},{\"@type\":\"BreadcrumbList\",\"@id\":\"https:\\\/\\\/hartico.ee\\\/lv\\\/product\\\/fento-aizsargapvalku-original-un-max\\\/#breadcrumb\",\"itemListElement\":[{\"@type\":\"ListItem\",\"position\":1,\"name\":\"Esileht\",\"item\":\"https:\\\/\\\/hartico.ee\\\/lv\\\/\"},{\"@type\":\"ListItem\",\"position\":2,\"name\":\"Produkti\",\"item\":\"https:\\\/\\\/hartico.ee\\\/lv\\\/shop\\\/\"},{\"@type\":\"ListItem\",\"position\":3,\"name\":\"FENTO aizsargapvalku ORIGINAL un MAX\"}]},{\"@type\":\"WebSite\",\"@id\":\"https:\\\/\\\/hartico.ee\\\/lv\\\/#website\",\"url\":\"https:\\\/\\\/hartico.ee\\\/lv\\\/\",\"name\":\"Hartico\",\"description\":\"Lifting and moving systems LIFTKAR, Xetto, Expresso\",\"publisher\":{\"@id\":\"https:\\\/\\\/hartico.ee\\\/lv\\\/#organization\"},\"potentialAction\":[{\"@type\":\"SearchAction\",\"target\":{\"@type\":\"EntryPoint\",\"urlTemplate\":\"https:\\\/\\\/hartico.ee\\\/lv\\\/?s={search_term_string}\"},\"query-input\":{\"@type\":\"PropertyValueSpecification\",\"valueRequired\":true,\"valueName\":\"search_term_string\"}}],\"inLanguage\":\"lv-LV\"},{\"@type\":\"Organization\",\"@id\":\"https:\\\/\\\/hartico.ee\\\/lv\\\/#organization\",\"name\":\"Hartico\",\"url\":\"https:\\\/\\\/hartico.ee\\\/lv\\\/\",\"logo\":{\"@type\":\"ImageObject\",\"inLanguage\":\"lv-LV\",\"@id\":\"https:\\\/\\\/hartico.ee\\\/lv\\\/#\\\/schema\\\/logo\\\/image\\\/\",\"url\":\"https:\\\/\\\/hartico.ee\\\/wp-content\\\/uploads\\\/2018\\\/11\\\/hartico_logo_with_slogan_onecolor.svg\",\"contentUrl\":\"https:\\\/\\\/hartico.ee\\\/wp-content\\\/uploads\\\/2018\\\/11\\\/hartico_logo_with_slogan_onecolor.svg\",\"width\":424,\"height\":157,\"caption\":\"Hartico\"},\"image\":{\"@id\":\"https:\\\/\\\/hartico.ee\\\/lv\\\/#\\\/schema\\\/logo\\\/image\\\/\"},\"sameAs\":[\"https:\\\/\\\/www.facebook.com\\\/SANOTransportgeraeteBaltics\\\/\"]}]}<\/script>\n<!-- \/ Yoast SEO plugin. -->","yoast_head_json":{"title":"FENTO aizsargapvalku ORIGINAL un MAX - Hartico","description":"Fento ce\u013cgalu aizsargi ir \u012bpa\u0161i izstr\u0101d\u0101ti aizsardz\u012bbai uz ce\u013cgaliem, lai nov\u0113rstu net\u012brumu vai grants iek\u013c\u016b\u0161anu starp ce\u013cgalu spilventi\u0146iem un ce\u013cgalu.","robots":{"index":"index","follow":"follow","max-snippet":"max-snippet:-1","max-image-preview":"max-image-preview:large","max-video-preview":"max-video-preview:-1"},"canonical":"https:\/\/hartico.ee\/lv\/product\/fento-aizsargapvalku-original-un-max\/","og_locale":"lv_LV","og_type":"article","og_title":"FENTO aizsargapvalku ORIGINAL un MAX - Hartico","og_description":"Fento ce\u013cgalu aizsargi ir \u012bpa\u0161i izstr\u0101d\u0101ti aizsardz\u012bbai uz ce\u013cgaliem, lai nov\u0113rstu net\u012brumu vai grants iek\u013c\u016b\u0161anu starp ce\u013cgalu spilventi\u0146iem un ce\u013cgalu.","og_url":"https:\/\/hartico.ee\/lv\/product\/fento-aizsargapvalku-original-un-max\/","og_site_name":"Hartico","article_publisher":"https:\/\/www.facebook.com\/SANOTransportgeraeteBaltics\/","article_modified_time":"2023-02-17T16:20:19+00:00","og_image":[{"width":1280,"height":904,"url":"https:\/\/hartico.ee\/wp-content\/uploads\/2023\/02\/FENTO-Original-and-MAX-Covers.jpg","type":"image\/jpeg"}],"twitter_card":"summary_large_image","twitter_misc":{"Est. reading time":"1 min\u016b\u0161u"},"schema":{"@context":"https:\/\/schema.org","@graph":[{"@type":"WebPage","@id":"https:\/\/hartico.ee\/lv\/product\/fento-aizsargapvalku-original-un-max\/","url":"https:\/\/hartico.ee\/lv\/product\/fento-aizsargapvalku-original-un-max\/","name":"FENTO aizsargapvalku ORIGINAL un MAX - Hartico","isPartOf":{"@id":"https:\/\/hartico.ee\/lv\/#website"},"primaryImageOfPage":{"@id":"https:\/\/hartico.ee\/lv\/product\/fento-aizsargapvalku-original-un-max\/#primaryimage"},"image":{"@id":"https:\/\/hartico.ee\/lv\/product\/fento-aizsargapvalku-original-un-max\/#primaryimage"},"thumbnailUrl":"https:\/\/hartico.ee\/wp-content\/uploads\/2023\/02\/FENTO-Original-and-MAX-Covers.jpg","datePublished":"2023-02-02T08:21:06+00:00","dateModified":"2023-02-17T16:20:19+00:00","description":"Fento ce\u013cgalu aizsargi ir \u012bpa\u0161i izstr\u0101d\u0101ti aizsardz\u012bbai uz ce\u013cgaliem, lai nov\u0113rstu net\u012brumu vai grants iek\u013c\u016b\u0161anu starp ce\u013cgalu spilventi\u0146iem un ce\u013cgalu.","breadcrumb":{"@id":"https:\/\/hartico.ee\/lv\/product\/fento-aizsargapvalku-original-un-max\/#breadcrumb"},"inLanguage":"lv-LV","potentialAction":[{"@type":"ReadAction","target":["https:\/\/hartico.ee\/lv\/product\/fento-aizsargapvalku-original-un-max\/"]}]},{"@type":"ImageObject","inLanguage":"lv-LV","@id":"https:\/\/hartico.ee\/lv\/product\/fento-aizsargapvalku-original-un-max\/#primaryimage","url":"https:\/\/hartico.ee\/wp-content\/uploads\/2023\/02\/FENTO-Original-and-MAX-Covers.jpg","contentUrl":"https:\/\/hartico.ee\/wp-content\/uploads\/2023\/02\/FENTO-Original-and-MAX-Covers.jpg","width":1280,"height":904,"caption":"FENTO aizsargapvalku ORIGINAL un MAX 3 Hartico"},{"@type":"BreadcrumbList","@id":"https:\/\/hartico.ee\/lv\/product\/fento-aizsargapvalku-original-un-max\/#breadcrumb","itemListElement":[{"@type":"ListItem","position":1,"name":"Esileht","item":"https:\/\/hartico.ee\/lv\/"},{"@type":"ListItem","position":2,"name":"Produkti","item":"https:\/\/hartico.ee\/lv\/shop\/"},{"@type":"ListItem","position":3,"name":"FENTO aizsargapvalku ORIGINAL un MAX"}]},{"@type":"WebSite","@id":"https:\/\/hartico.ee\/lv\/#website","url":"https:\/\/hartico.ee\/lv\/","name":"Hartico","description":"Lifting and moving systems LIFTKAR, Xetto, Expresso","publisher":{"@id":"https:\/\/hartico.ee\/lv\/#organization"},"potentialAction":[{"@type":"SearchAction","target":{"@type":"EntryPoint","urlTemplate":"https:\/\/hartico.ee\/lv\/?s={search_term_string}"},"query-input":{"@type":"PropertyValueSpecification","valueRequired":true,"valueName":"search_term_string"}}],"inLanguage":"lv-LV"},{"@type":"Organization","@id":"https:\/\/hartico.ee\/lv\/#organization","name":"Hartico","url":"https:\/\/hartico.ee\/lv\/","logo":{"@type":"ImageObject","inLanguage":"lv-LV","@id":"https:\/\/hartico.ee\/lv\/#\/schema\/logo\/image\/","url":"https:\/\/hartico.ee\/wp-content\/uploads\/2018\/11\/hartico_logo_with_slogan_onecolor.svg","contentUrl":"https:\/\/hartico.ee\/wp-content\/uploads\/2018\/11\/hartico_logo_with_slogan_onecolor.svg","width":424,"height":157,"caption":"Hartico"},"image":{"@id":"https:\/\/hartico.ee\/lv\/#\/schema\/logo\/image\/"},"sameAs":["https:\/\/www.facebook.com\/SANOTransportgeraeteBaltics\/"]}]}},"_links":{"self":[{"href":"https:\/\/hartico.ee\/lv\/wp-json\/wp\/v2\/product\/18859","targetHints":{"allow":["GET"]}}],"collection":[{"href":"https:\/\/hartico.ee\/lv\/wp-json\/wp\/v2\/product"}],"about":[{"href":"https:\/\/hartico.ee\/lv\/wp-json\/wp\/v2\/types\/product"}],"wp:featuredmedia":[{"embeddable":true,"href":"https:\/\/hartico.ee\/lv\/wp-json\/wp\/v2\/media\/18989"}],"wp:attachment":[{"href":"https:\/\/hartico.ee\/lv\/wp-json\/wp\/v2\/media?parent=18859"}],"wp:term":[{"taxonomy":"product_brand","embeddable":true,"href":"https:\/\/hartico.ee\/lv\/wp-json\/wp\/v2\/product_brand?post=18859"},{"taxonomy":"product_cat","embeddable":true,"href":"https:\/\/hartico.ee\/lv\/wp-json\/wp\/v2\/product_cat?post=18859"},{"taxonomy":"product_tag","embeddable":true,"href":"https:\/\/hartico.ee\/lv\/wp-json\/wp\/v2\/product_tag?post=18859"}],"curies":[{"name":"wp","href":"https:\/\/api.w.org\/{rel}","templated":true}]}}