{"id":18213,"date":"2022-09-23T15:03:00","date_gmt":"2022-10-06T12:53:08","guid":{"rendered":"https:\/\/hartico.ee\/?post_type=product&#038;p=18213"},"modified":"2022-10-13T14:03:40","modified_gmt":"2022-10-13T12:03:40","slug":"plaksnu-satverejs-grabber-0-65mm-100kg-pari","status":"publish","type":"product","link":"https:\/\/hartico.ee\/lv\/product\/plaksnu-satverejs-grabber-0-65mm-100kg-pari\/","title":{"rendered":"Pl\u0101k\u0161\u0146u satv\u0113r\u0113js Grabber 0-65mm 100kg, p\u0101ri"},"content":{"rendered":"<div class=\"content_row row sub_page_header fullwidth \">\n<div class=\"content_row_wrapper default\">\n<div class=\"col col-sm-12\">\n<section class=\"page-title\">\n<h2>Plate carrier Grabber 65 is a universal professional tool for lifting plate parts with an adjustable working range of 0 \u2013 65 mm and a weight of up to 100 kg.<\/h2>\n<\/section>\n<\/div>\n<\/div>\n<\/div>\n<div class=\"content_row default-style no-composer overlap fullwidth no-sidebar\">\n<div class=\"content_row_wrapper clearfix \">\n<div class=\"col col-sm-12 col-xs-12 \">\n<div class=\"woocommerce\">\n<div class=\"woocommerce-notices-wrapper\">The plate carrier is characterized by its extremely high durability and application for various materials.<\/div>\n<\/div>\n<\/div>\n<\/div>\n<\/div>\n<p>Suitable for wood, ungreased metals, plastic, plasterboard and mineral materials!<\/p>\n<p>Advantages<\/p>\n<ul>\n<li>Extremely high durability<\/li>\n<li>Load capacity up to 100 kg per handle<\/li>\n<li>Optimum power transmission and firm hold<\/li>\n<li>Coated steel bracket<\/li>\n<li>Ergonomic PVC handle<\/li>\n<\/ul>\n<p>Self-adjusting fastening system<\/p>\n<p>Areas of use:<\/p>\n<ul>\n<li>When carrying heavy tiles.<\/li>\n<li>For materials with sharp edges; your hands will not come into contact with the product during lifting.<\/li>\n<li>For thin materials or materials with a smooth surface that cannot be adequately gripped with hands alone.<\/li>\n<li>When applying to doors and easily damaged surfaces.<\/li>\n<li>When carrying boards and tiles.<\/li>\n<li>As an aid in grabbing and pulling out tiles from shelves.<\/li>\n<li>For safe carrying and turning in the work area<\/li>\n<\/ul>\n","protected":false},"excerpt":{"rendered":"<p>Plate carrier Grabber 65 is a universal professional tool for lifting plate parts with an adjustable working range of 0 \u2013 65 mm and a weight of up to 100 kg. The plate carrier is characterized by its extremely high durability and application for various materials. Suitable for wood, ungreased metals, plastic, plasterboard and mineral [&hellip;]<\/p>\n","protected":false},"featured_media":18197,"template":"","meta":{"_acf_changed":false,"inline_featured_image":false},"product_brand":[],"product_cat":[345],"product_tag":[456,451],"class_list":{"0":"post-18213","1":"product","2":"type-product","3":"status-publish","4":"has-post-thumbnail","6":"product_cat-pacelsanas-instrumenti-lv","7":"product_tag-grabber-65-3","8":"product_tag-plaadikandur-3","10":"first","11":"instock","12":"sale","13":"taxable","14":"shipping-taxable","15":"purchasable","16":"product-type-simple"},"acf":[],"yoast_head":"<!-- This site is optimized with the Yoast SEO plugin v27.3 - https:\/\/yoast.com\/product\/yoast-seo-wordpress\/ -->\n<title>Pl\u0101k\u0161\u0146u satv\u0113r\u0113js Grabber 0-65mm 100kg, p\u0101ri - Hartico<\/title>\n<meta name=\"description\" content=\"Pl\u0101k\u0161\u0146u satv\u0113r\u0113js Grabber 65 ir univers\u0101ls profesion\u0101ls instruments pl\u0101k\u0161\u0146u deta\u013cu pacel\u0161anai ar regul\u0113jamu darba diapazonu l\u012bdz 65mm un l\u012bdz 100kg.\" \/>\n<meta name=\"robots\" content=\"index, follow, max-snippet:-1, max-image-preview:large, max-video-preview:-1\" \/>\n<link rel=\"canonical\" href=\"https:\/\/hartico.ee\/lv\/product\/plaksnu-satverejs-grabber-0-65mm-100kg-pari\/\" \/>\n<meta property=\"og:locale\" content=\"lv_LV\" \/>\n<meta property=\"og:type\" content=\"article\" \/>\n<meta property=\"og:title\" content=\"Pl\u0101k\u0161\u0146u satv\u0113r\u0113js Grabber 0-65mm 100kg, p\u0101ri - Hartico\" \/>\n<meta property=\"og:description\" content=\"Pl\u0101k\u0161\u0146u satv\u0113r\u0113js Grabber 65 ir univers\u0101ls profesion\u0101ls instruments pl\u0101k\u0161\u0146u deta\u013cu pacel\u0161anai ar regul\u0113jamu darba diapazonu l\u012bdz 65mm un l\u012bdz 100kg.\" \/>\n<meta property=\"og:url\" content=\"https:\/\/hartico.ee\/lv\/product\/plaksnu-satverejs-grabber-0-65mm-100kg-pari\/\" \/>\n<meta property=\"og:site_name\" content=\"Hartico\" \/>\n<meta property=\"article:publisher\" content=\"https:\/\/www.facebook.com\/SANOTransportgeraeteBaltics\/\" \/>\n<meta property=\"article:modified_time\" content=\"2022-10-13T12:03:40+00:00\" \/>\n<meta property=\"og:image\" content=\"https:\/\/hartico.ee\/wp-content\/uploads\/2022\/09\/Plaadikandur-Grabber-65.jpg\" \/>\n\t<meta property=\"og:image:width\" content=\"764\" \/>\n\t<meta property=\"og:image:height\" content=\"820\" \/>\n\t<meta property=\"og:image:type\" content=\"image\/jpeg\" \/>\n<meta name=\"twitter:card\" content=\"summary_large_image\" \/>\n<script type=\"application\/ld+json\" class=\"yoast-schema-graph\">{\"@context\":\"https:\\\/\\\/schema.org\",\"@graph\":[{\"@type\":\"WebPage\",\"@id\":\"https:\\\/\\\/hartico.ee\\\/lv\\\/product\\\/plaksnu-satverejs-grabber-0-65mm-100kg-pari\\\/\",\"url\":\"https:\\\/\\\/hartico.ee\\\/lv\\\/product\\\/plaksnu-satverejs-grabber-0-65mm-100kg-pari\\\/\",\"name\":\"Pl\u0101k\u0161\u0146u satv\u0113r\u0113js Grabber 0-65mm 100kg, p\u0101ri - Hartico\",\"isPartOf\":{\"@id\":\"https:\\\/\\\/hartico.ee\\\/lv\\\/#website\"},\"primaryImageOfPage\":{\"@id\":\"https:\\\/\\\/hartico.ee\\\/lv\\\/product\\\/plaksnu-satverejs-grabber-0-65mm-100kg-pari\\\/#primaryimage\"},\"image\":{\"@id\":\"https:\\\/\\\/hartico.ee\\\/lv\\\/product\\\/plaksnu-satverejs-grabber-0-65mm-100kg-pari\\\/#primaryimage\"},\"thumbnailUrl\":\"https:\\\/\\\/hartico.ee\\\/wp-content\\\/uploads\\\/2022\\\/09\\\/Plaadikandur-Grabber-65.jpg\",\"datePublished\":\"2022-10-06T12:53:08+00:00\",\"dateModified\":\"2022-10-13T12:03:40+00:00\",\"description\":\"Pl\u0101k\u0161\u0146u satv\u0113r\u0113js Grabber 65 ir univers\u0101ls profesion\u0101ls instruments pl\u0101k\u0161\u0146u deta\u013cu pacel\u0161anai ar regul\u0113jamu darba diapazonu l\u012bdz 65mm un l\u012bdz 100kg.\",\"breadcrumb\":{\"@id\":\"https:\\\/\\\/hartico.ee\\\/lv\\\/product\\\/plaksnu-satverejs-grabber-0-65mm-100kg-pari\\\/#breadcrumb\"},\"inLanguage\":\"lv-LV\",\"potentialAction\":[{\"@type\":\"ReadAction\",\"target\":[\"https:\\\/\\\/hartico.ee\\\/lv\\\/product\\\/plaksnu-satverejs-grabber-0-65mm-100kg-pari\\\/\"]}]},{\"@type\":\"ImageObject\",\"inLanguage\":\"lv-LV\",\"@id\":\"https:\\\/\\\/hartico.ee\\\/lv\\\/product\\\/plaksnu-satverejs-grabber-0-65mm-100kg-pari\\\/#primaryimage\",\"url\":\"https:\\\/\\\/hartico.ee\\\/wp-content\\\/uploads\\\/2022\\\/09\\\/Plaadikandur-Grabber-65.jpg\",\"contentUrl\":\"https:\\\/\\\/hartico.ee\\\/wp-content\\\/uploads\\\/2022\\\/09\\\/Plaadikandur-Grabber-65.jpg\",\"width\":764,\"height\":820,\"caption\":\"Pl\u0101k\u0161\u0146u satv\u0113r\u0113js Grabber 0-65mm 100kg, p\u0101ri\"},{\"@type\":\"BreadcrumbList\",\"@id\":\"https:\\\/\\\/hartico.ee\\\/lv\\\/product\\\/plaksnu-satverejs-grabber-0-65mm-100kg-pari\\\/#breadcrumb\",\"itemListElement\":[{\"@type\":\"ListItem\",\"position\":1,\"name\":\"Esileht\",\"item\":\"https:\\\/\\\/hartico.ee\\\/lv\\\/\"},{\"@type\":\"ListItem\",\"position\":2,\"name\":\"Produkti\",\"item\":\"https:\\\/\\\/hartico.ee\\\/lv\\\/shop\\\/\"},{\"@type\":\"ListItem\",\"position\":3,\"name\":\"Pl\u0101k\u0161\u0146u satv\u0113r\u0113js Grabber 0-65mm 100kg, p\u0101ri\"}]},{\"@type\":\"WebSite\",\"@id\":\"https:\\\/\\\/hartico.ee\\\/lv\\\/#website\",\"url\":\"https:\\\/\\\/hartico.ee\\\/lv\\\/\",\"name\":\"Hartico\",\"description\":\"Lifting and moving systems LIFTKAR, Xetto, Expresso\",\"publisher\":{\"@id\":\"https:\\\/\\\/hartico.ee\\\/lv\\\/#organization\"},\"potentialAction\":[{\"@type\":\"SearchAction\",\"target\":{\"@type\":\"EntryPoint\",\"urlTemplate\":\"https:\\\/\\\/hartico.ee\\\/lv\\\/?s={search_term_string}\"},\"query-input\":{\"@type\":\"PropertyValueSpecification\",\"valueRequired\":true,\"valueName\":\"search_term_string\"}}],\"inLanguage\":\"lv-LV\"},{\"@type\":\"Organization\",\"@id\":\"https:\\\/\\\/hartico.ee\\\/lv\\\/#organization\",\"name\":\"Hartico\",\"url\":\"https:\\\/\\\/hartico.ee\\\/lv\\\/\",\"logo\":{\"@type\":\"ImageObject\",\"inLanguage\":\"lv-LV\",\"@id\":\"https:\\\/\\\/hartico.ee\\\/lv\\\/#\\\/schema\\\/logo\\\/image\\\/\",\"url\":\"https:\\\/\\\/hartico.ee\\\/wp-content\\\/uploads\\\/2018\\\/11\\\/hartico_logo_with_slogan_onecolor.svg\",\"contentUrl\":\"https:\\\/\\\/hartico.ee\\\/wp-content\\\/uploads\\\/2018\\\/11\\\/hartico_logo_with_slogan_onecolor.svg\",\"width\":424,\"height\":157,\"caption\":\"Hartico\"},\"image\":{\"@id\":\"https:\\\/\\\/hartico.ee\\\/lv\\\/#\\\/schema\\\/logo\\\/image\\\/\"},\"sameAs\":[\"https:\\\/\\\/www.facebook.com\\\/SANOTransportgeraeteBaltics\\\/\"]}]}<\/script>\n<!-- \/ Yoast SEO plugin. -->","yoast_head_json":{"title":"Pl\u0101k\u0161\u0146u satv\u0113r\u0113js Grabber 0-65mm 100kg, p\u0101ri - Hartico","description":"Pl\u0101k\u0161\u0146u satv\u0113r\u0113js Grabber 65 ir univers\u0101ls profesion\u0101ls instruments pl\u0101k\u0161\u0146u deta\u013cu pacel\u0161anai ar regul\u0113jamu darba diapazonu l\u012bdz 65mm un l\u012bdz 100kg.","robots":{"index":"index","follow":"follow","max-snippet":"max-snippet:-1","max-image-preview":"max-image-preview:large","max-video-preview":"max-video-preview:-1"},"canonical":"https:\/\/hartico.ee\/lv\/product\/plaksnu-satverejs-grabber-0-65mm-100kg-pari\/","og_locale":"lv_LV","og_type":"article","og_title":"Pl\u0101k\u0161\u0146u satv\u0113r\u0113js Grabber 0-65mm 100kg, p\u0101ri - Hartico","og_description":"Pl\u0101k\u0161\u0146u satv\u0113r\u0113js Grabber 65 ir univers\u0101ls profesion\u0101ls instruments pl\u0101k\u0161\u0146u deta\u013cu pacel\u0161anai ar regul\u0113jamu darba diapazonu l\u012bdz 65mm un l\u012bdz 100kg.","og_url":"https:\/\/hartico.ee\/lv\/product\/plaksnu-satverejs-grabber-0-65mm-100kg-pari\/","og_site_name":"Hartico","article_publisher":"https:\/\/www.facebook.com\/SANOTransportgeraeteBaltics\/","article_modified_time":"2022-10-13T12:03:40+00:00","og_image":[{"width":764,"height":820,"url":"https:\/\/hartico.ee\/wp-content\/uploads\/2022\/09\/Plaadikandur-Grabber-65.jpg","type":"image\/jpeg"}],"twitter_card":"summary_large_image","schema":{"@context":"https:\/\/schema.org","@graph":[{"@type":"WebPage","@id":"https:\/\/hartico.ee\/lv\/product\/plaksnu-satverejs-grabber-0-65mm-100kg-pari\/","url":"https:\/\/hartico.ee\/lv\/product\/plaksnu-satverejs-grabber-0-65mm-100kg-pari\/","name":"Pl\u0101k\u0161\u0146u satv\u0113r\u0113js Grabber 0-65mm 100kg, p\u0101ri - Hartico","isPartOf":{"@id":"https:\/\/hartico.ee\/lv\/#website"},"primaryImageOfPage":{"@id":"https:\/\/hartico.ee\/lv\/product\/plaksnu-satverejs-grabber-0-65mm-100kg-pari\/#primaryimage"},"image":{"@id":"https:\/\/hartico.ee\/lv\/product\/plaksnu-satverejs-grabber-0-65mm-100kg-pari\/#primaryimage"},"thumbnailUrl":"https:\/\/hartico.ee\/wp-content\/uploads\/2022\/09\/Plaadikandur-Grabber-65.jpg","datePublished":"2022-10-06T12:53:08+00:00","dateModified":"2022-10-13T12:03:40+00:00","description":"Pl\u0101k\u0161\u0146u satv\u0113r\u0113js Grabber 65 ir univers\u0101ls profesion\u0101ls instruments pl\u0101k\u0161\u0146u deta\u013cu pacel\u0161anai ar regul\u0113jamu darba diapazonu l\u012bdz 65mm un l\u012bdz 100kg.","breadcrumb":{"@id":"https:\/\/hartico.ee\/lv\/product\/plaksnu-satverejs-grabber-0-65mm-100kg-pari\/#breadcrumb"},"inLanguage":"lv-LV","potentialAction":[{"@type":"ReadAction","target":["https:\/\/hartico.ee\/lv\/product\/plaksnu-satverejs-grabber-0-65mm-100kg-pari\/"]}]},{"@type":"ImageObject","inLanguage":"lv-LV","@id":"https:\/\/hartico.ee\/lv\/product\/plaksnu-satverejs-grabber-0-65mm-100kg-pari\/#primaryimage","url":"https:\/\/hartico.ee\/wp-content\/uploads\/2022\/09\/Plaadikandur-Grabber-65.jpg","contentUrl":"https:\/\/hartico.ee\/wp-content\/uploads\/2022\/09\/Plaadikandur-Grabber-65.jpg","width":764,"height":820,"caption":"Pl\u0101k\u0161\u0146u satv\u0113r\u0113js Grabber 0-65mm 100kg, p\u0101ri"},{"@type":"BreadcrumbList","@id":"https:\/\/hartico.ee\/lv\/product\/plaksnu-satverejs-grabber-0-65mm-100kg-pari\/#breadcrumb","itemListElement":[{"@type":"ListItem","position":1,"name":"Esileht","item":"https:\/\/hartico.ee\/lv\/"},{"@type":"ListItem","position":2,"name":"Produkti","item":"https:\/\/hartico.ee\/lv\/shop\/"},{"@type":"ListItem","position":3,"name":"Pl\u0101k\u0161\u0146u satv\u0113r\u0113js Grabber 0-65mm 100kg, p\u0101ri"}]},{"@type":"WebSite","@id":"https:\/\/hartico.ee\/lv\/#website","url":"https:\/\/hartico.ee\/lv\/","name":"Hartico","description":"Lifting and moving systems LIFTKAR, Xetto, Expresso","publisher":{"@id":"https:\/\/hartico.ee\/lv\/#organization"},"potentialAction":[{"@type":"SearchAction","target":{"@type":"EntryPoint","urlTemplate":"https:\/\/hartico.ee\/lv\/?s={search_term_string}"},"query-input":{"@type":"PropertyValueSpecification","valueRequired":true,"valueName":"search_term_string"}}],"inLanguage":"lv-LV"},{"@type":"Organization","@id":"https:\/\/hartico.ee\/lv\/#organization","name":"Hartico","url":"https:\/\/hartico.ee\/lv\/","logo":{"@type":"ImageObject","inLanguage":"lv-LV","@id":"https:\/\/hartico.ee\/lv\/#\/schema\/logo\/image\/","url":"https:\/\/hartico.ee\/wp-content\/uploads\/2018\/11\/hartico_logo_with_slogan_onecolor.svg","contentUrl":"https:\/\/hartico.ee\/wp-content\/uploads\/2018\/11\/hartico_logo_with_slogan_onecolor.svg","width":424,"height":157,"caption":"Hartico"},"image":{"@id":"https:\/\/hartico.ee\/lv\/#\/schema\/logo\/image\/"},"sameAs":["https:\/\/www.facebook.com\/SANOTransportgeraeteBaltics\/"]}]}},"_links":{"self":[{"href":"https:\/\/hartico.ee\/lv\/wp-json\/wp\/v2\/product\/18213","targetHints":{"allow":["GET"]}}],"collection":[{"href":"https:\/\/hartico.ee\/lv\/wp-json\/wp\/v2\/product"}],"about":[{"href":"https:\/\/hartico.ee\/lv\/wp-json\/wp\/v2\/types\/product"}],"wp:featuredmedia":[{"embeddable":true,"href":"https:\/\/hartico.ee\/lv\/wp-json\/wp\/v2\/media\/18197"}],"wp:attachment":[{"href":"https:\/\/hartico.ee\/lv\/wp-json\/wp\/v2\/media?parent=18213"}],"wp:term":[{"taxonomy":"product_brand","embeddable":true,"href":"https:\/\/hartico.ee\/lv\/wp-json\/wp\/v2\/product_brand?post=18213"},{"taxonomy":"product_cat","embeddable":true,"href":"https:\/\/hartico.ee\/lv\/wp-json\/wp\/v2\/product_cat?post=18213"},{"taxonomy":"product_tag","embeddable":true,"href":"https:\/\/hartico.ee\/lv\/wp-json\/wp\/v2\/product_tag?post=18213"}],"curies":[{"name":"wp","href":"https:\/\/api.w.org\/{rel}","templated":true}]}}