{"id":18208,"date":"2022-09-23T15:03:30","date_gmt":"2022-10-06T12:35:13","guid":{"rendered":"https:\/\/hartico.ee\/?post_type=product&#038;p=18208"},"modified":"2022-10-06T14:35:50","modified_gmt":"2022-10-06T12:35:50","slug":"plaksnu-satverejs-grabber-original-0-80-mm-pari","status":"publish","type":"product","link":"https:\/\/hartico.ee\/lv\/product\/plaksnu-satverejs-grabber-original-0-80-mm-pari\/","title":{"rendered":"Pl\u0101k\u0161\u0146u satv\u0113r\u0113js Grabber Original 0-80 mm, p\u0101ri"},"content":{"rendered":"<p>Kravnes\u012bba l\u012bdz 100 kg uz vienu rokturi<\/p>\n<p>Piem\u0113rots kokam, netaukotiem met\u0101liem, stiklam (stikla pl\u0101ksn\u0113m un PVC logiem) un miner\u0101lmateri\u0101liem!<\/p>\n<ul>\n<li>Ergonomisks PVC rokturis<\/li>\n<li>Mugurai draudz\u012bgs un laiku taupo\u0161s<\/li>\n<li>Rokturi ar nesl\u012bdo\u0161u p\u0101rkl\u0101jumu<\/li>\n<li>Pa\u0161regul\u0113jo\u0161a stiprin\u0101jumu sist\u0113ma<\/li>\n<li>Main\u0101ms ne\u0161anas augstums<\/li>\n<li>Viegl\u0101k pacelt, dro\u0161\u0101k p\u0101rn\u0113s\u0101t<\/li>\n<li>Racion\u0101la un efekt\u012bva izmanto\u0161ana<\/li>\n<li>Viegla un iztur\u012bga alum\u012bnija konstrukcija<\/li>\n<li>Optim\u0101la jaudas p\u0101rvade un stingra notur\u012bba<\/li>\n<\/ul>\n<p>Piem\u0113rots lieto\u0161anai<\/p>\n<ul>\n<li>p\u0101rn\u0113s\u0101jot smagus \u0161\u0137\u012bvjus,<\/li>\n<li>materi\u0101liem ar as\u0101m mal\u0101m &#8211; cel\u0161anas laik\u0101 rokas nesaskaras ar izstr\u0101d\u0101jumu,<\/li>\n<li>pl\u0101niem materi\u0101liem vai materi\u0101liem ar gludu virsmu, ko nevar pietiekami satvert ar rok\u0101m,<\/li>\n<li>p\u0101rvad\u0101jot durvis un viegli boj\u0101tas virsmas,<\/li>\n<li>p\u0101rn\u0113s\u0101jot d\u0113\u013cus un fl\u012bzes,<\/li>\n<li>k\u0101 pal\u012bgl\u012bdzekli, satverot \u0161\u0137\u012bvjus un izvelkot tos no plauktiem,<\/li>\n<li>dro\u0161s fl\u012b\u017eu p\u0101rn\u0113s\u0101\u0161anai un pagrie\u0161anai<\/li>\n<\/ul>\n","protected":false},"excerpt":{"rendered":"<p>Kravnes\u012bba l\u012bdz 100 kg uz vienu rokturi Piem\u0113rots kokam, netaukotiem met\u0101liem, stiklam (stikla pl\u0101ksn\u0113m un PVC logiem) un miner\u0101lmateri\u0101liem! Ergonomisks PVC rokturis Mugurai draudz\u012bgs un laiku taupo\u0161s Rokturi ar nesl\u012bdo\u0161u p\u0101rkl\u0101jumu Pa\u0161regul\u0113jo\u0161a stiprin\u0101jumu sist\u0113ma Main\u0101ms ne\u0161anas augstums Viegl\u0101k pacelt, dro\u0161\u0101k p\u0101rn\u0113s\u0101t Racion\u0101la un efekt\u012bva izmanto\u0161ana Viegla un iztur\u012bga alum\u012bnija konstrukcija Optim\u0101la jaudas p\u0101rvade un stingra [&hellip;]<\/p>\n","protected":false},"featured_media":18192,"template":"","meta":{"_acf_changed":false,"inline_featured_image":false},"product_brand":[],"product_cat":[345],"product_tag":[],"class_list":{"0":"post-18208","1":"product","2":"type-product","3":"status-publish","4":"has-post-thumbnail","6":"product_cat-pacelsanas-instrumenti-lv","8":"first","9":"instock","10":"sale","11":"taxable","12":"shipping-taxable","13":"purchasable","14":"product-type-simple"},"acf":[],"yoast_head":"<!-- This site is optimized with the Yoast SEO plugin v27.3 - https:\/\/yoast.com\/product\/yoast-seo-wordpress\/ -->\n<title>Pl\u0101k\u0161\u0146u satv\u0113r\u0113js Grabber Original 0-80 mm, p\u0101ri - Hartico<\/title>\n<meta name=\"description\" content=\"Pl\u0101k\u0161\u0146u satv\u0113r\u0113js Grabber Original ir piem\u0113rots l\u012bdz 80 mm biezas un l\u012bdz 100 kg smagas pl\u0101ksnes pacel\u0161anai\" \/>\n<meta name=\"robots\" content=\"index, follow, max-snippet:-1, max-image-preview:large, max-video-preview:-1\" \/>\n<link rel=\"canonical\" href=\"https:\/\/hartico.ee\/lv\/product\/plaksnu-satverejs-grabber-original-0-80-mm-pari\/\" \/>\n<meta property=\"og:locale\" content=\"lv_LV\" \/>\n<meta property=\"og:type\" content=\"article\" \/>\n<meta property=\"og:title\" content=\"Pl\u0101k\u0161\u0146u satv\u0113r\u0113js Grabber Original 0-80 mm, p\u0101ri - Hartico\" \/>\n<meta property=\"og:description\" content=\"Pl\u0101k\u0161\u0146u satv\u0113r\u0113js Grabber Original ir piem\u0113rots l\u012bdz 80 mm biezas un l\u012bdz 100 kg smagas pl\u0101ksnes pacel\u0161anai\" \/>\n<meta property=\"og:url\" content=\"https:\/\/hartico.ee\/lv\/product\/plaksnu-satverejs-grabber-original-0-80-mm-pari\/\" \/>\n<meta property=\"og:site_name\" content=\"Hartico\" \/>\n<meta property=\"article:publisher\" content=\"https:\/\/www.facebook.com\/SANOTransportgeraeteBaltics\/\" \/>\n<meta property=\"article:modified_time\" content=\"2022-10-06T12:35:50+00:00\" \/>\n<meta property=\"og:image\" content=\"https:\/\/hartico.ee\/wp-content\/uploads\/2022\/09\/Grabber-0-80.jpg\" \/>\n\t<meta property=\"og:image:width\" content=\"605\" \/>\n\t<meta property=\"og:image:height\" content=\"490\" \/>\n\t<meta property=\"og:image:type\" content=\"image\/jpeg\" \/>\n<meta name=\"twitter:card\" content=\"summary_large_image\" \/>\n<meta name=\"twitter:label1\" content=\"Est. reading time\" \/>\n\t<meta name=\"twitter:data1\" content=\"1 min\u016b\u0161u\" \/>\n<script type=\"application\/ld+json\" class=\"yoast-schema-graph\">{\"@context\":\"https:\\\/\\\/schema.org\",\"@graph\":[{\"@type\":\"WebPage\",\"@id\":\"https:\\\/\\\/hartico.ee\\\/lv\\\/product\\\/plaksnu-satverejs-grabber-original-0-80-mm-pari\\\/\",\"url\":\"https:\\\/\\\/hartico.ee\\\/lv\\\/product\\\/plaksnu-satverejs-grabber-original-0-80-mm-pari\\\/\",\"name\":\"Pl\u0101k\u0161\u0146u satv\u0113r\u0113js Grabber Original 0-80 mm, p\u0101ri - Hartico\",\"isPartOf\":{\"@id\":\"https:\\\/\\\/hartico.ee\\\/lv\\\/#website\"},\"primaryImageOfPage\":{\"@id\":\"https:\\\/\\\/hartico.ee\\\/lv\\\/product\\\/plaksnu-satverejs-grabber-original-0-80-mm-pari\\\/#primaryimage\"},\"image\":{\"@id\":\"https:\\\/\\\/hartico.ee\\\/lv\\\/product\\\/plaksnu-satverejs-grabber-original-0-80-mm-pari\\\/#primaryimage\"},\"thumbnailUrl\":\"https:\\\/\\\/hartico.ee\\\/wp-content\\\/uploads\\\/2022\\\/09\\\/Grabber-0-80.jpg\",\"datePublished\":\"2022-10-06T12:35:13+00:00\",\"dateModified\":\"2022-10-06T12:35:50+00:00\",\"description\":\"Pl\u0101k\u0161\u0146u satv\u0113r\u0113js Grabber Original ir piem\u0113rots l\u012bdz 80 mm biezas un l\u012bdz 100 kg smagas pl\u0101ksnes pacel\u0161anai\",\"breadcrumb\":{\"@id\":\"https:\\\/\\\/hartico.ee\\\/lv\\\/product\\\/plaksnu-satverejs-grabber-original-0-80-mm-pari\\\/#breadcrumb\"},\"inLanguage\":\"lv-LV\",\"potentialAction\":[{\"@type\":\"ReadAction\",\"target\":[\"https:\\\/\\\/hartico.ee\\\/lv\\\/product\\\/plaksnu-satverejs-grabber-original-0-80-mm-pari\\\/\"]}]},{\"@type\":\"ImageObject\",\"inLanguage\":\"lv-LV\",\"@id\":\"https:\\\/\\\/hartico.ee\\\/lv\\\/product\\\/plaksnu-satverejs-grabber-original-0-80-mm-pari\\\/#primaryimage\",\"url\":\"https:\\\/\\\/hartico.ee\\\/wp-content\\\/uploads\\\/2022\\\/09\\\/Grabber-0-80.jpg\",\"contentUrl\":\"https:\\\/\\\/hartico.ee\\\/wp-content\\\/uploads\\\/2022\\\/09\\\/Grabber-0-80.jpg\",\"width\":605,\"height\":490,\"caption\":\"Plok\u0161tinis griebtuvas Grabber Original 0-80 mm, por\"},{\"@type\":\"BreadcrumbList\",\"@id\":\"https:\\\/\\\/hartico.ee\\\/lv\\\/product\\\/plaksnu-satverejs-grabber-original-0-80-mm-pari\\\/#breadcrumb\",\"itemListElement\":[{\"@type\":\"ListItem\",\"position\":1,\"name\":\"Esileht\",\"item\":\"https:\\\/\\\/hartico.ee\\\/lv\\\/\"},{\"@type\":\"ListItem\",\"position\":2,\"name\":\"Produkti\",\"item\":\"https:\\\/\\\/hartico.ee\\\/lv\\\/shop\\\/\"},{\"@type\":\"ListItem\",\"position\":3,\"name\":\"Pl\u0101k\u0161\u0146u satv\u0113r\u0113js Grabber Original 0-80 mm, p\u0101ri\"}]},{\"@type\":\"WebSite\",\"@id\":\"https:\\\/\\\/hartico.ee\\\/lv\\\/#website\",\"url\":\"https:\\\/\\\/hartico.ee\\\/lv\\\/\",\"name\":\"Hartico\",\"description\":\"Lifting and moving systems LIFTKAR, Xetto, Expresso\",\"publisher\":{\"@id\":\"https:\\\/\\\/hartico.ee\\\/lv\\\/#organization\"},\"potentialAction\":[{\"@type\":\"SearchAction\",\"target\":{\"@type\":\"EntryPoint\",\"urlTemplate\":\"https:\\\/\\\/hartico.ee\\\/lv\\\/?s={search_term_string}\"},\"query-input\":{\"@type\":\"PropertyValueSpecification\",\"valueRequired\":true,\"valueName\":\"search_term_string\"}}],\"inLanguage\":\"lv-LV\"},{\"@type\":\"Organization\",\"@id\":\"https:\\\/\\\/hartico.ee\\\/lv\\\/#organization\",\"name\":\"Hartico\",\"url\":\"https:\\\/\\\/hartico.ee\\\/lv\\\/\",\"logo\":{\"@type\":\"ImageObject\",\"inLanguage\":\"lv-LV\",\"@id\":\"https:\\\/\\\/hartico.ee\\\/lv\\\/#\\\/schema\\\/logo\\\/image\\\/\",\"url\":\"https:\\\/\\\/hartico.ee\\\/wp-content\\\/uploads\\\/2018\\\/11\\\/hartico_logo_with_slogan_onecolor.svg\",\"contentUrl\":\"https:\\\/\\\/hartico.ee\\\/wp-content\\\/uploads\\\/2018\\\/11\\\/hartico_logo_with_slogan_onecolor.svg\",\"width\":424,\"height\":157,\"caption\":\"Hartico\"},\"image\":{\"@id\":\"https:\\\/\\\/hartico.ee\\\/lv\\\/#\\\/schema\\\/logo\\\/image\\\/\"},\"sameAs\":[\"https:\\\/\\\/www.facebook.com\\\/SANOTransportgeraeteBaltics\\\/\"]}]}<\/script>\n<!-- \/ Yoast SEO plugin. -->","yoast_head_json":{"title":"Pl\u0101k\u0161\u0146u satv\u0113r\u0113js Grabber Original 0-80 mm, p\u0101ri - Hartico","description":"Pl\u0101k\u0161\u0146u satv\u0113r\u0113js Grabber Original ir piem\u0113rots l\u012bdz 80 mm biezas un l\u012bdz 100 kg smagas pl\u0101ksnes pacel\u0161anai","robots":{"index":"index","follow":"follow","max-snippet":"max-snippet:-1","max-image-preview":"max-image-preview:large","max-video-preview":"max-video-preview:-1"},"canonical":"https:\/\/hartico.ee\/lv\/product\/plaksnu-satverejs-grabber-original-0-80-mm-pari\/","og_locale":"lv_LV","og_type":"article","og_title":"Pl\u0101k\u0161\u0146u satv\u0113r\u0113js Grabber Original 0-80 mm, p\u0101ri - Hartico","og_description":"Pl\u0101k\u0161\u0146u satv\u0113r\u0113js Grabber Original ir piem\u0113rots l\u012bdz 80 mm biezas un l\u012bdz 100 kg smagas pl\u0101ksnes pacel\u0161anai","og_url":"https:\/\/hartico.ee\/lv\/product\/plaksnu-satverejs-grabber-original-0-80-mm-pari\/","og_site_name":"Hartico","article_publisher":"https:\/\/www.facebook.com\/SANOTransportgeraeteBaltics\/","article_modified_time":"2022-10-06T12:35:50+00:00","og_image":[{"width":605,"height":490,"url":"https:\/\/hartico.ee\/wp-content\/uploads\/2022\/09\/Grabber-0-80.jpg","type":"image\/jpeg"}],"twitter_card":"summary_large_image","twitter_misc":{"Est. reading time":"1 min\u016b\u0161u"},"schema":{"@context":"https:\/\/schema.org","@graph":[{"@type":"WebPage","@id":"https:\/\/hartico.ee\/lv\/product\/plaksnu-satverejs-grabber-original-0-80-mm-pari\/","url":"https:\/\/hartico.ee\/lv\/product\/plaksnu-satverejs-grabber-original-0-80-mm-pari\/","name":"Pl\u0101k\u0161\u0146u satv\u0113r\u0113js Grabber Original 0-80 mm, p\u0101ri - Hartico","isPartOf":{"@id":"https:\/\/hartico.ee\/lv\/#website"},"primaryImageOfPage":{"@id":"https:\/\/hartico.ee\/lv\/product\/plaksnu-satverejs-grabber-original-0-80-mm-pari\/#primaryimage"},"image":{"@id":"https:\/\/hartico.ee\/lv\/product\/plaksnu-satverejs-grabber-original-0-80-mm-pari\/#primaryimage"},"thumbnailUrl":"https:\/\/hartico.ee\/wp-content\/uploads\/2022\/09\/Grabber-0-80.jpg","datePublished":"2022-10-06T12:35:13+00:00","dateModified":"2022-10-06T12:35:50+00:00","description":"Pl\u0101k\u0161\u0146u satv\u0113r\u0113js Grabber Original ir piem\u0113rots l\u012bdz 80 mm biezas un l\u012bdz 100 kg smagas pl\u0101ksnes pacel\u0161anai","breadcrumb":{"@id":"https:\/\/hartico.ee\/lv\/product\/plaksnu-satverejs-grabber-original-0-80-mm-pari\/#breadcrumb"},"inLanguage":"lv-LV","potentialAction":[{"@type":"ReadAction","target":["https:\/\/hartico.ee\/lv\/product\/plaksnu-satverejs-grabber-original-0-80-mm-pari\/"]}]},{"@type":"ImageObject","inLanguage":"lv-LV","@id":"https:\/\/hartico.ee\/lv\/product\/plaksnu-satverejs-grabber-original-0-80-mm-pari\/#primaryimage","url":"https:\/\/hartico.ee\/wp-content\/uploads\/2022\/09\/Grabber-0-80.jpg","contentUrl":"https:\/\/hartico.ee\/wp-content\/uploads\/2022\/09\/Grabber-0-80.jpg","width":605,"height":490,"caption":"Plok\u0161tinis griebtuvas Grabber Original 0-80 mm, por"},{"@type":"BreadcrumbList","@id":"https:\/\/hartico.ee\/lv\/product\/plaksnu-satverejs-grabber-original-0-80-mm-pari\/#breadcrumb","itemListElement":[{"@type":"ListItem","position":1,"name":"Esileht","item":"https:\/\/hartico.ee\/lv\/"},{"@type":"ListItem","position":2,"name":"Produkti","item":"https:\/\/hartico.ee\/lv\/shop\/"},{"@type":"ListItem","position":3,"name":"Pl\u0101k\u0161\u0146u satv\u0113r\u0113js Grabber Original 0-80 mm, p\u0101ri"}]},{"@type":"WebSite","@id":"https:\/\/hartico.ee\/lv\/#website","url":"https:\/\/hartico.ee\/lv\/","name":"Hartico","description":"Lifting and moving systems LIFTKAR, Xetto, Expresso","publisher":{"@id":"https:\/\/hartico.ee\/lv\/#organization"},"potentialAction":[{"@type":"SearchAction","target":{"@type":"EntryPoint","urlTemplate":"https:\/\/hartico.ee\/lv\/?s={search_term_string}"},"query-input":{"@type":"PropertyValueSpecification","valueRequired":true,"valueName":"search_term_string"}}],"inLanguage":"lv-LV"},{"@type":"Organization","@id":"https:\/\/hartico.ee\/lv\/#organization","name":"Hartico","url":"https:\/\/hartico.ee\/lv\/","logo":{"@type":"ImageObject","inLanguage":"lv-LV","@id":"https:\/\/hartico.ee\/lv\/#\/schema\/logo\/image\/","url":"https:\/\/hartico.ee\/wp-content\/uploads\/2018\/11\/hartico_logo_with_slogan_onecolor.svg","contentUrl":"https:\/\/hartico.ee\/wp-content\/uploads\/2018\/11\/hartico_logo_with_slogan_onecolor.svg","width":424,"height":157,"caption":"Hartico"},"image":{"@id":"https:\/\/hartico.ee\/lv\/#\/schema\/logo\/image\/"},"sameAs":["https:\/\/www.facebook.com\/SANOTransportgeraeteBaltics\/"]}]}},"_links":{"self":[{"href":"https:\/\/hartico.ee\/lv\/wp-json\/wp\/v2\/product\/18208","targetHints":{"allow":["GET"]}}],"collection":[{"href":"https:\/\/hartico.ee\/lv\/wp-json\/wp\/v2\/product"}],"about":[{"href":"https:\/\/hartico.ee\/lv\/wp-json\/wp\/v2\/types\/product"}],"wp:featuredmedia":[{"embeddable":true,"href":"https:\/\/hartico.ee\/lv\/wp-json\/wp\/v2\/media\/18192"}],"wp:attachment":[{"href":"https:\/\/hartico.ee\/lv\/wp-json\/wp\/v2\/media?parent=18208"}],"wp:term":[{"taxonomy":"product_brand","embeddable":true,"href":"https:\/\/hartico.ee\/lv\/wp-json\/wp\/v2\/product_brand?post=18208"},{"taxonomy":"product_cat","embeddable":true,"href":"https:\/\/hartico.ee\/lv\/wp-json\/wp\/v2\/product_cat?post=18208"},{"taxonomy":"product_tag","embeddable":true,"href":"https:\/\/hartico.ee\/lv\/wp-json\/wp\/v2\/product_tag?post=18208"}],"curies":[{"name":"wp","href":"https:\/\/api.w.org\/{rel}","templated":true}]}}