{"id":18187,"date":"2022-10-05T16:18:54","date_gmt":"2022-10-06T08:19:25","guid":{"rendered":"https:\/\/hartico.ee\/?post_type=product&#038;p=18187"},"modified":"2023-02-16T15:54:51","modified_gmt":"2023-02-16T13:54:51","slug":"rokas-balsts-ottobock-manu-comfort","status":"publish","type":"product","link":"https:\/\/hartico.ee\/lv\/product\/rokas-balsts-ottobock-manu-comfort\/","title":{"rendered":"Rokas atbalsts Ottobock Manu Comfort"},"content":{"rendered":"<p>Ottobock rokas atbalsts Manu Comfort ir \u0113rts, viegli uzst\u0101d\u0101ms, piem\u0113rots lieto\u0161anai gan darb\u0101, gan br\u012bvaj\u0101 laik\u0101.<\/p>\n<p>Lielisku komfortu nodro\u0161ina temperat\u016bru regul\u0113jo\u0161ais materi\u0101ls ComforTemp\u00ae.<\/p>\n<ul>\n<li>Ottobock plaukstas balsta Manu Comfort m\u0113r\u0137is ir stabiliz\u0113t plaukstas loc\u012btavu.<\/li>\n<li>No\u0146emams ka\u013cam\u0101 dzelzs plaukstu balsts<\/li>\n<li>Dubult\u0101s spir\u0101les muguri\u0146as<\/li>\n<li>Apk\u0101rtm\u0113ro\u0161\u0101 elast\u012bg\u0101 siksna ierobe\u017eo plaukstas loc\u012btavas kust\u012bbu<\/li>\n<\/ul>\n<p>Paredz\u0113ts plaukstas loc\u012btavas atbalstam traumu, sastiepumu, tendin\u012bta un m\u012bksto audu traumu gad\u012bjumos, k\u0101 ar\u012b dziedin\u0101\u0161anai p\u0113c \u0123ip\u0161a.<\/p>\n<table width=\"162\">\n<tbody>\n<tr>\n<td><strong>Izm\u0113rs<\/strong><\/td>\n<td><strong>Apk\u0101rtm\u0113rs<\/strong><\/td>\n<\/tr>\n<tr>\n<td>XS-S<\/td>\n<td>13 &#8211; 16 cm<\/td>\n<\/tr>\n<tr>\n<td>M-L<\/td>\n<td>16 &#8211; 19 cm<\/td>\n<\/tr>\n<tr>\n<td>XL-XXL<\/td>\n<td>19 &#8211; 23 cm<\/td>\n<\/tr>\n<\/tbody>\n<\/table>\n<p>&nbsp;<\/p>\n","protected":false},"excerpt":{"rendered":"<p>Ottobock rokas atbalsts Manu Comfort ir \u0113rts, viegli uzst\u0101d\u0101ms, piem\u0113rots lieto\u0161anai gan darb\u0101, gan br\u012bvaj\u0101 laik\u0101. Lielisku komfortu nodro\u0161ina temperat\u016bru regul\u0113jo\u0161ais materi\u0101ls ComforTemp\u00ae. Ottobock plaukstas balsta Manu Comfort m\u0113r\u0137is ir stabiliz\u0113t plaukstas loc\u012btavu. No\u0146emams ka\u013cam\u0101 dzelzs plaukstu balsts Dubult\u0101s spir\u0101les muguri\u0146as Apk\u0101rtm\u0113ro\u0161\u0101 elast\u012bg\u0101 siksna ierobe\u017eo plaukstas loc\u012btavas kust\u012bbu Paredz\u0113ts plaukstas loc\u012btavas atbalstam traumu, sastiepumu, tendin\u012bta [&hellip;]<\/p>\n","protected":false},"featured_media":18172,"template":"","meta":{"_acf_changed":false,"inline_featured_image":false},"product_brand":[],"product_cat":[233],"product_tag":[],"class_list":{"0":"post-18187","1":"product","2":"type-product","3":"status-publish","4":"has-post-thumbnail","6":"product_cat-ergonomiski-kermena-balsti","8":"first","9":"instock","10":"taxable","11":"shipping-taxable","12":"purchasable","13":"product-type-simple"},"acf":[],"yoast_head":"<!-- This site is optimized with the Yoast SEO plugin v27.3 - https:\/\/yoast.com\/product\/yoast-seo-wordpress\/ -->\n<title>Rokas atbalsts Ottobock Manu Comfort - Hartico<\/title>\n<meta name=\"description\" content=\"Ottobock Raft Support Manu Comfort kalpo k\u0101 sp\u0113c\u012bgs plaukstas balsts, kas piem\u0113rots lieto\u0161anai gan darb\u0101, gan br\u012bvaj\u0101 laik\u0101.\" \/>\n<meta name=\"robots\" content=\"index, follow, max-snippet:-1, max-image-preview:large, max-video-preview:-1\" \/>\n<link rel=\"canonical\" href=\"https:\/\/hartico.ee\/lv\/product\/rokas-balsts-ottobock-manu-comfort\/\" \/>\n<meta property=\"og:locale\" content=\"lv_LV\" \/>\n<meta property=\"og:type\" content=\"article\" \/>\n<meta property=\"og:title\" content=\"Rokas atbalsts Ottobock Manu Comfort - Hartico\" \/>\n<meta property=\"og:description\" content=\"Ottobock Raft Support Manu Comfort kalpo k\u0101 sp\u0113c\u012bgs plaukstas balsts, kas piem\u0113rots lieto\u0161anai gan darb\u0101, gan br\u012bvaj\u0101 laik\u0101.\" \/>\n<meta property=\"og:url\" content=\"https:\/\/hartico.ee\/lv\/product\/rokas-balsts-ottobock-manu-comfort\/\" \/>\n<meta property=\"og:site_name\" content=\"Hartico\" \/>\n<meta property=\"article:publisher\" content=\"https:\/\/www.facebook.com\/SANOTransportgeraeteBaltics\/\" \/>\n<meta property=\"article:modified_time\" content=\"2023-02-16T13:54:51+00:00\" \/>\n<meta property=\"og:image\" content=\"https:\/\/hartico.ee\/wp-content\/uploads\/2022\/10\/Randmetugi-Manu-Comfort.jpg\" \/>\n\t<meta property=\"og:image:width\" content=\"736\" \/>\n\t<meta property=\"og:image:height\" content=\"444\" \/>\n\t<meta property=\"og:image:type\" content=\"image\/jpeg\" \/>\n<meta name=\"twitter:card\" content=\"summary_large_image\" \/>\n<meta name=\"twitter:label1\" content=\"Est. reading time\" \/>\n\t<meta name=\"twitter:data1\" content=\"1 min\u016b\u0161u\" \/>\n<script type=\"application\/ld+json\" class=\"yoast-schema-graph\">{\"@context\":\"https:\\\/\\\/schema.org\",\"@graph\":[{\"@type\":\"WebPage\",\"@id\":\"https:\\\/\\\/hartico.ee\\\/lv\\\/product\\\/rokas-balsts-ottobock-manu-comfort\\\/\",\"url\":\"https:\\\/\\\/hartico.ee\\\/lv\\\/product\\\/rokas-balsts-ottobock-manu-comfort\\\/\",\"name\":\"Rokas atbalsts Ottobock Manu Comfort - Hartico\",\"isPartOf\":{\"@id\":\"https:\\\/\\\/hartico.ee\\\/lv\\\/#website\"},\"primaryImageOfPage\":{\"@id\":\"https:\\\/\\\/hartico.ee\\\/lv\\\/product\\\/rokas-balsts-ottobock-manu-comfort\\\/#primaryimage\"},\"image\":{\"@id\":\"https:\\\/\\\/hartico.ee\\\/lv\\\/product\\\/rokas-balsts-ottobock-manu-comfort\\\/#primaryimage\"},\"thumbnailUrl\":\"https:\\\/\\\/hartico.ee\\\/wp-content\\\/uploads\\\/2022\\\/10\\\/Randmetugi-Manu-Comfort.jpg\",\"datePublished\":\"2022-10-06T08:19:25+00:00\",\"dateModified\":\"2023-02-16T13:54:51+00:00\",\"description\":\"Ottobock Raft Support Manu Comfort kalpo k\u0101 sp\u0113c\u012bgs plaukstas balsts, kas piem\u0113rots lieto\u0161anai gan darb\u0101, gan br\u012bvaj\u0101 laik\u0101.\",\"breadcrumb\":{\"@id\":\"https:\\\/\\\/hartico.ee\\\/lv\\\/product\\\/rokas-balsts-ottobock-manu-comfort\\\/#breadcrumb\"},\"inLanguage\":\"lv-LV\",\"potentialAction\":[{\"@type\":\"ReadAction\",\"target\":[\"https:\\\/\\\/hartico.ee\\\/lv\\\/product\\\/rokas-balsts-ottobock-manu-comfort\\\/\"]}]},{\"@type\":\"ImageObject\",\"inLanguage\":\"lv-LV\",\"@id\":\"https:\\\/\\\/hartico.ee\\\/lv\\\/product\\\/rokas-balsts-ottobock-manu-comfort\\\/#primaryimage\",\"url\":\"https:\\\/\\\/hartico.ee\\\/wp-content\\\/uploads\\\/2022\\\/10\\\/Randmetugi-Manu-Comfort.jpg\",\"contentUrl\":\"https:\\\/\\\/hartico.ee\\\/wp-content\\\/uploads\\\/2022\\\/10\\\/Randmetugi-Manu-Comfort.jpg\",\"width\":736,\"height\":444,\"caption\":\"Wrist support Ottobock Manu Comfort\"},{\"@type\":\"BreadcrumbList\",\"@id\":\"https:\\\/\\\/hartico.ee\\\/lv\\\/product\\\/rokas-balsts-ottobock-manu-comfort\\\/#breadcrumb\",\"itemListElement\":[{\"@type\":\"ListItem\",\"position\":1,\"name\":\"Esileht\",\"item\":\"https:\\\/\\\/hartico.ee\\\/lv\\\/\"},{\"@type\":\"ListItem\",\"position\":2,\"name\":\"Produkti\",\"item\":\"https:\\\/\\\/hartico.ee\\\/lv\\\/shop\\\/\"},{\"@type\":\"ListItem\",\"position\":3,\"name\":\"Rokas atbalsts Ottobock Manu Comfort\"}]},{\"@type\":\"WebSite\",\"@id\":\"https:\\\/\\\/hartico.ee\\\/lv\\\/#website\",\"url\":\"https:\\\/\\\/hartico.ee\\\/lv\\\/\",\"name\":\"Hartico\",\"description\":\"Lifting and moving systems LIFTKAR, Xetto, Expresso\",\"publisher\":{\"@id\":\"https:\\\/\\\/hartico.ee\\\/lv\\\/#organization\"},\"potentialAction\":[{\"@type\":\"SearchAction\",\"target\":{\"@type\":\"EntryPoint\",\"urlTemplate\":\"https:\\\/\\\/hartico.ee\\\/lv\\\/?s={search_term_string}\"},\"query-input\":{\"@type\":\"PropertyValueSpecification\",\"valueRequired\":true,\"valueName\":\"search_term_string\"}}],\"inLanguage\":\"lv-LV\"},{\"@type\":\"Organization\",\"@id\":\"https:\\\/\\\/hartico.ee\\\/lv\\\/#organization\",\"name\":\"Hartico\",\"url\":\"https:\\\/\\\/hartico.ee\\\/lv\\\/\",\"logo\":{\"@type\":\"ImageObject\",\"inLanguage\":\"lv-LV\",\"@id\":\"https:\\\/\\\/hartico.ee\\\/lv\\\/#\\\/schema\\\/logo\\\/image\\\/\",\"url\":\"https:\\\/\\\/hartico.ee\\\/wp-content\\\/uploads\\\/2018\\\/11\\\/hartico_logo_with_slogan_onecolor.svg\",\"contentUrl\":\"https:\\\/\\\/hartico.ee\\\/wp-content\\\/uploads\\\/2018\\\/11\\\/hartico_logo_with_slogan_onecolor.svg\",\"width\":424,\"height\":157,\"caption\":\"Hartico\"},\"image\":{\"@id\":\"https:\\\/\\\/hartico.ee\\\/lv\\\/#\\\/schema\\\/logo\\\/image\\\/\"},\"sameAs\":[\"https:\\\/\\\/www.facebook.com\\\/SANOTransportgeraeteBaltics\\\/\"]}]}<\/script>\n<!-- \/ Yoast SEO plugin. -->","yoast_head_json":{"title":"Rokas atbalsts Ottobock Manu Comfort - Hartico","description":"Ottobock Raft Support Manu Comfort kalpo k\u0101 sp\u0113c\u012bgs plaukstas balsts, kas piem\u0113rots lieto\u0161anai gan darb\u0101, gan br\u012bvaj\u0101 laik\u0101.","robots":{"index":"index","follow":"follow","max-snippet":"max-snippet:-1","max-image-preview":"max-image-preview:large","max-video-preview":"max-video-preview:-1"},"canonical":"https:\/\/hartico.ee\/lv\/product\/rokas-balsts-ottobock-manu-comfort\/","og_locale":"lv_LV","og_type":"article","og_title":"Rokas atbalsts Ottobock Manu Comfort - Hartico","og_description":"Ottobock Raft Support Manu Comfort kalpo k\u0101 sp\u0113c\u012bgs plaukstas balsts, kas piem\u0113rots lieto\u0161anai gan darb\u0101, gan br\u012bvaj\u0101 laik\u0101.","og_url":"https:\/\/hartico.ee\/lv\/product\/rokas-balsts-ottobock-manu-comfort\/","og_site_name":"Hartico","article_publisher":"https:\/\/www.facebook.com\/SANOTransportgeraeteBaltics\/","article_modified_time":"2023-02-16T13:54:51+00:00","og_image":[{"width":736,"height":444,"url":"https:\/\/hartico.ee\/wp-content\/uploads\/2022\/10\/Randmetugi-Manu-Comfort.jpg","type":"image\/jpeg"}],"twitter_card":"summary_large_image","twitter_misc":{"Est. reading time":"1 min\u016b\u0161u"},"schema":{"@context":"https:\/\/schema.org","@graph":[{"@type":"WebPage","@id":"https:\/\/hartico.ee\/lv\/product\/rokas-balsts-ottobock-manu-comfort\/","url":"https:\/\/hartico.ee\/lv\/product\/rokas-balsts-ottobock-manu-comfort\/","name":"Rokas atbalsts Ottobock Manu Comfort - Hartico","isPartOf":{"@id":"https:\/\/hartico.ee\/lv\/#website"},"primaryImageOfPage":{"@id":"https:\/\/hartico.ee\/lv\/product\/rokas-balsts-ottobock-manu-comfort\/#primaryimage"},"image":{"@id":"https:\/\/hartico.ee\/lv\/product\/rokas-balsts-ottobock-manu-comfort\/#primaryimage"},"thumbnailUrl":"https:\/\/hartico.ee\/wp-content\/uploads\/2022\/10\/Randmetugi-Manu-Comfort.jpg","datePublished":"2022-10-06T08:19:25+00:00","dateModified":"2023-02-16T13:54:51+00:00","description":"Ottobock Raft Support Manu Comfort kalpo k\u0101 sp\u0113c\u012bgs plaukstas balsts, kas piem\u0113rots lieto\u0161anai gan darb\u0101, gan br\u012bvaj\u0101 laik\u0101.","breadcrumb":{"@id":"https:\/\/hartico.ee\/lv\/product\/rokas-balsts-ottobock-manu-comfort\/#breadcrumb"},"inLanguage":"lv-LV","potentialAction":[{"@type":"ReadAction","target":["https:\/\/hartico.ee\/lv\/product\/rokas-balsts-ottobock-manu-comfort\/"]}]},{"@type":"ImageObject","inLanguage":"lv-LV","@id":"https:\/\/hartico.ee\/lv\/product\/rokas-balsts-ottobock-manu-comfort\/#primaryimage","url":"https:\/\/hartico.ee\/wp-content\/uploads\/2022\/10\/Randmetugi-Manu-Comfort.jpg","contentUrl":"https:\/\/hartico.ee\/wp-content\/uploads\/2022\/10\/Randmetugi-Manu-Comfort.jpg","width":736,"height":444,"caption":"Wrist support Ottobock Manu Comfort"},{"@type":"BreadcrumbList","@id":"https:\/\/hartico.ee\/lv\/product\/rokas-balsts-ottobock-manu-comfort\/#breadcrumb","itemListElement":[{"@type":"ListItem","position":1,"name":"Esileht","item":"https:\/\/hartico.ee\/lv\/"},{"@type":"ListItem","position":2,"name":"Produkti","item":"https:\/\/hartico.ee\/lv\/shop\/"},{"@type":"ListItem","position":3,"name":"Rokas atbalsts Ottobock Manu Comfort"}]},{"@type":"WebSite","@id":"https:\/\/hartico.ee\/lv\/#website","url":"https:\/\/hartico.ee\/lv\/","name":"Hartico","description":"Lifting and moving systems LIFTKAR, Xetto, Expresso","publisher":{"@id":"https:\/\/hartico.ee\/lv\/#organization"},"potentialAction":[{"@type":"SearchAction","target":{"@type":"EntryPoint","urlTemplate":"https:\/\/hartico.ee\/lv\/?s={search_term_string}"},"query-input":{"@type":"PropertyValueSpecification","valueRequired":true,"valueName":"search_term_string"}}],"inLanguage":"lv-LV"},{"@type":"Organization","@id":"https:\/\/hartico.ee\/lv\/#organization","name":"Hartico","url":"https:\/\/hartico.ee\/lv\/","logo":{"@type":"ImageObject","inLanguage":"lv-LV","@id":"https:\/\/hartico.ee\/lv\/#\/schema\/logo\/image\/","url":"https:\/\/hartico.ee\/wp-content\/uploads\/2018\/11\/hartico_logo_with_slogan_onecolor.svg","contentUrl":"https:\/\/hartico.ee\/wp-content\/uploads\/2018\/11\/hartico_logo_with_slogan_onecolor.svg","width":424,"height":157,"caption":"Hartico"},"image":{"@id":"https:\/\/hartico.ee\/lv\/#\/schema\/logo\/image\/"},"sameAs":["https:\/\/www.facebook.com\/SANOTransportgeraeteBaltics\/"]}]}},"_links":{"self":[{"href":"https:\/\/hartico.ee\/lv\/wp-json\/wp\/v2\/product\/18187","targetHints":{"allow":["GET"]}}],"collection":[{"href":"https:\/\/hartico.ee\/lv\/wp-json\/wp\/v2\/product"}],"about":[{"href":"https:\/\/hartico.ee\/lv\/wp-json\/wp\/v2\/types\/product"}],"wp:featuredmedia":[{"embeddable":true,"href":"https:\/\/hartico.ee\/lv\/wp-json\/wp\/v2\/media\/18172"}],"wp:attachment":[{"href":"https:\/\/hartico.ee\/lv\/wp-json\/wp\/v2\/media?parent=18187"}],"wp:term":[{"taxonomy":"product_brand","embeddable":true,"href":"https:\/\/hartico.ee\/lv\/wp-json\/wp\/v2\/product_brand?post=18187"},{"taxonomy":"product_cat","embeddable":true,"href":"https:\/\/hartico.ee\/lv\/wp-json\/wp\/v2\/product_cat?post=18187"},{"taxonomy":"product_tag","embeddable":true,"href":"https:\/\/hartico.ee\/lv\/wp-json\/wp\/v2\/product_tag?post=18187"}],"curies":[{"name":"wp","href":"https:\/\/api.w.org\/{rel}","templated":true}]}}