{"id":18125,"date":"2022-09-28T14:57:54","date_gmt":"2022-10-03T14:43:52","guid":{"rendered":"https:\/\/hartico.ee\/?post_type=product&#038;p=18125"},"modified":"2023-02-16T16:15:16","modified_gmt":"2023-02-16T14:15:16","slug":"qd-plaukstas-un-ikska-atbalsts-rehband","status":"publish","type":"product","link":"https:\/\/hartico.ee\/lv\/product\/qd-plaukstas-un-ikska-atbalsts-rehband\/","title":{"rendered":"QD plaukstas un \u012bk\u0161\u0137a atbalsts, Rehband"},"content":{"rendered":"<h4>QD plaukstas un \u012bk\u0161\u0137a atbalsts, Rehband&#8230;<\/h4>\n<p>..nodro\u0161ina siltumu un stabilit\u0101ti plaukst\u0101 un \u012bk\u0161\u0137\u012b, lai pal\u012bdz\u0113tu mazin\u0101t un nov\u0113rst vieglas sasprindzin\u0101juma un iekaisuma*. 1,5 mm biezs SBR \/ Neoprene nodro\u0161ina m\u012bkstu auduma saj\u016btu ar izcilu iztur\u012bbu. Velcro cimdi nodro\u0161ina lielisku piestiprin\u0101jumu, bet pl\u0101nais un vieglais dizains ir lielisks vingro\u0161anai, m\u0101j\u0101s vai biroj\u0101.<\/p>\n<h6>PRIEK\u0160NOSTAT\u012aJUMI<\/h6>\n<ul>\n<li>Nodro\u0161ina siltumu un saspie\u0161anu<\/li>\n<li>Pal\u012bdz mazin\u0101t un nov\u0113rst vieglas sasprindzin\u0101juma un iekaisuma*<\/li>\n<li>Nodro\u0161ina br\u012bv\u012bbu kust\u012bb\u0101m<\/li>\n<li>Velcro cimds \u013cauj piel\u0101got spriedzi un nodro\u0161ina dro\u0161u piestiprin\u0101jumu<\/li>\n<li>M\u012bksts auduma saj\u016bta ar izcilu iztur\u012bbu<\/li>\n<\/ul>\n<h6>\u012aPA\u0160\u012aBAS<\/h6>\n<ul>\n<li>1,5 mm biezs SBR \/ Neoprene<\/li>\n<li>Velcro cimds \u013cauj individu\u0101li piel\u0101got piestiprin\u0101jumu<\/li>\n<li>Piem\u0113rots gan kreisajai, gan labajai plaukstai<\/li>\n<li>Viena izm\u0113ra atbilst visiem<\/li>\n<li>Tiek p\u0101rdots k\u0101 vien\u012bba<\/li>\n<li>Apvalks: 100% poliam\u012bds<\/li>\n<li>Pieni\u0146\u0161: 70% SBR, 30% Neoprene<\/li>\n<li>Iek\u0161\u0113jais sl\u0101nis: 100% poliam\u012bds<\/li>\n<\/ul>\n<p>Mazg\u0101jams ve\u013cas ma\u0161\u012bn\u0101 (40 \u00b0) | Ieteicams lietot ve\u013cas maisi\u0146u | Tikai gais\u0101 \u017e\u0101v\u0113t.<\/p>\n","protected":false},"excerpt":{"rendered":"<p>QD plaukstas un \u012bk\u0161\u0137a atbalsts, Rehband&#8230; ..nodro\u0161ina siltumu un stabilit\u0101ti plaukst\u0101 un \u012bk\u0161\u0137\u012b, lai pal\u012bdz\u0113tu mazin\u0101t un nov\u0113rst vieglas sasprindzin\u0101juma un iekaisuma*. 1,5 mm biezs SBR \/ Neoprene nodro\u0161ina m\u012bkstu auduma saj\u016btu ar izcilu iztur\u012bbu. Velcro cimdi nodro\u0161ina lielisku piestiprin\u0101jumu, bet pl\u0101nais un vieglais dizains ir lielisks vingro\u0161anai, m\u0101j\u0101s vai biroj\u0101. PRIEK\u0160NOSTAT\u012aJUMI Nodro\u0161ina siltumu un [&hellip;]<\/p>\n","protected":false},"featured_media":18598,"template":"","meta":{"_acf_changed":false,"inline_featured_image":false},"product_brand":[],"product_cat":[233],"product_tag":[595],"class_list":{"0":"post-18125","1":"product","2":"type-product","3":"status-publish","4":"has-post-thumbnail","6":"product_cat-ergonomiski-kermena-balsti","7":"product_tag-rehband-lv","9":"first","10":"instock","11":"taxable","12":"shipping-taxable","13":"purchasable","14":"product-type-simple"},"acf":[],"yoast_head":"<!-- This site is optimized with the Yoast SEO plugin v27.3 - https:\/\/yoast.com\/product\/yoast-seo-wordpress\/ -->\n<title>QD plaukstas un \u012bk\u0161\u0137a atbalsts, Rehband - Hartico<\/title>\n<meta name=\"description\" content=\"QD plaukstas un \u012bk\u0161\u0137a atbalsts nodro\u0161ina siltumu un stabilit\u0101ti plaukst\u0101 un \u012bk\u0161\u0137\u012b, lai pal\u012bdz\u0113tu mazin\u0101t un nov\u0113rst vieglas sasprindzin\u0101juma un iekaisuma\" \/>\n<meta name=\"robots\" content=\"index, follow, max-snippet:-1, max-image-preview:large, max-video-preview:-1\" \/>\n<link rel=\"canonical\" href=\"https:\/\/hartico.ee\/lv\/product\/qd-plaukstas-un-ikska-atbalsts-rehband\/\" \/>\n<meta property=\"og:locale\" content=\"lv_LV\" \/>\n<meta property=\"og:type\" content=\"article\" \/>\n<meta property=\"og:title\" content=\"QD plaukstas un \u012bk\u0161\u0137a atbalsts, Rehband - Hartico\" \/>\n<meta property=\"og:description\" content=\"QD plaukstas un \u012bk\u0161\u0137a atbalsts nodro\u0161ina siltumu un stabilit\u0101ti plaukst\u0101 un \u012bk\u0161\u0137\u012b, lai pal\u012bdz\u0113tu mazin\u0101t un nov\u0113rst vieglas sasprindzin\u0101juma un iekaisuma\" \/>\n<meta property=\"og:url\" content=\"https:\/\/hartico.ee\/lv\/product\/qd-plaukstas-un-ikska-atbalsts-rehband\/\" \/>\n<meta property=\"og:site_name\" content=\"Hartico\" \/>\n<meta property=\"article:publisher\" content=\"https:\/\/www.facebook.com\/SANOTransportgeraeteBaltics\/\" \/>\n<meta property=\"article:modified_time\" content=\"2023-02-16T14:15:16+00:00\" \/>\n<meta property=\"og:image\" content=\"https:\/\/hartico.ee\/wp-content\/uploads\/2022\/09\/20221014_122614-scaled.jpg\" \/>\n\t<meta property=\"og:image:width\" content=\"2560\" \/>\n\t<meta property=\"og:image:height\" content=\"1920\" \/>\n\t<meta property=\"og:image:type\" content=\"image\/jpeg\" \/>\n<meta name=\"twitter:card\" content=\"summary_large_image\" \/>\n<meta name=\"twitter:label1\" content=\"Est. reading time\" \/>\n\t<meta name=\"twitter:data1\" content=\"1 min\u016b\u0161u\" \/>\n<script type=\"application\/ld+json\" class=\"yoast-schema-graph\">{\"@context\":\"https:\\\/\\\/schema.org\",\"@graph\":[{\"@type\":\"WebPage\",\"@id\":\"https:\\\/\\\/hartico.ee\\\/lv\\\/product\\\/qd-plaukstas-un-ikska-atbalsts-rehband\\\/\",\"url\":\"https:\\\/\\\/hartico.ee\\\/lv\\\/product\\\/qd-plaukstas-un-ikska-atbalsts-rehband\\\/\",\"name\":\"QD plaukstas un \u012bk\u0161\u0137a atbalsts, Rehband - Hartico\",\"isPartOf\":{\"@id\":\"https:\\\/\\\/hartico.ee\\\/lv\\\/#website\"},\"primaryImageOfPage\":{\"@id\":\"https:\\\/\\\/hartico.ee\\\/lv\\\/product\\\/qd-plaukstas-un-ikska-atbalsts-rehband\\\/#primaryimage\"},\"image\":{\"@id\":\"https:\\\/\\\/hartico.ee\\\/lv\\\/product\\\/qd-plaukstas-un-ikska-atbalsts-rehband\\\/#primaryimage\"},\"thumbnailUrl\":\"https:\\\/\\\/hartico.ee\\\/wp-content\\\/uploads\\\/2022\\\/09\\\/20221014_122614-scaled.jpg\",\"datePublished\":\"2022-10-03T14:43:52+00:00\",\"dateModified\":\"2023-02-16T14:15:16+00:00\",\"description\":\"QD plaukstas un \u012bk\u0161\u0137a atbalsts nodro\u0161ina siltumu un stabilit\u0101ti plaukst\u0101 un \u012bk\u0161\u0137\u012b, lai pal\u012bdz\u0113tu mazin\u0101t un nov\u0113rst vieglas sasprindzin\u0101juma un iekaisuma\",\"breadcrumb\":{\"@id\":\"https:\\\/\\\/hartico.ee\\\/lv\\\/product\\\/qd-plaukstas-un-ikska-atbalsts-rehband\\\/#breadcrumb\"},\"inLanguage\":\"lv-LV\",\"potentialAction\":[{\"@type\":\"ReadAction\",\"target\":[\"https:\\\/\\\/hartico.ee\\\/lv\\\/product\\\/qd-plaukstas-un-ikska-atbalsts-rehband\\\/\"]}]},{\"@type\":\"ImageObject\",\"inLanguage\":\"lv-LV\",\"@id\":\"https:\\\/\\\/hartico.ee\\\/lv\\\/product\\\/qd-plaukstas-un-ikska-atbalsts-rehband\\\/#primaryimage\",\"url\":\"https:\\\/\\\/hartico.ee\\\/wp-content\\\/uploads\\\/2022\\\/09\\\/20221014_122614-scaled.jpg\",\"contentUrl\":\"https:\\\/\\\/hartico.ee\\\/wp-content\\\/uploads\\\/2022\\\/09\\\/20221014_122614-scaled.jpg\",\"width\":2560,\"height\":1920,\"caption\":\"QD randme ja p\u00f6idlatugi Rehband\"},{\"@type\":\"BreadcrumbList\",\"@id\":\"https:\\\/\\\/hartico.ee\\\/lv\\\/product\\\/qd-plaukstas-un-ikska-atbalsts-rehband\\\/#breadcrumb\",\"itemListElement\":[{\"@type\":\"ListItem\",\"position\":1,\"name\":\"Esileht\",\"item\":\"https:\\\/\\\/hartico.ee\\\/lv\\\/\"},{\"@type\":\"ListItem\",\"position\":2,\"name\":\"Produkti\",\"item\":\"https:\\\/\\\/hartico.ee\\\/lv\\\/shop\\\/\"},{\"@type\":\"ListItem\",\"position\":3,\"name\":\"QD plaukstas un \u012bk\u0161\u0137a atbalsts, Rehband\"}]},{\"@type\":\"WebSite\",\"@id\":\"https:\\\/\\\/hartico.ee\\\/lv\\\/#website\",\"url\":\"https:\\\/\\\/hartico.ee\\\/lv\\\/\",\"name\":\"Hartico\",\"description\":\"Lifting and moving systems LIFTKAR, Xetto, Expresso\",\"publisher\":{\"@id\":\"https:\\\/\\\/hartico.ee\\\/lv\\\/#organization\"},\"potentialAction\":[{\"@type\":\"SearchAction\",\"target\":{\"@type\":\"EntryPoint\",\"urlTemplate\":\"https:\\\/\\\/hartico.ee\\\/lv\\\/?s={search_term_string}\"},\"query-input\":{\"@type\":\"PropertyValueSpecification\",\"valueRequired\":true,\"valueName\":\"search_term_string\"}}],\"inLanguage\":\"lv-LV\"},{\"@type\":\"Organization\",\"@id\":\"https:\\\/\\\/hartico.ee\\\/lv\\\/#organization\",\"name\":\"Hartico\",\"url\":\"https:\\\/\\\/hartico.ee\\\/lv\\\/\",\"logo\":{\"@type\":\"ImageObject\",\"inLanguage\":\"lv-LV\",\"@id\":\"https:\\\/\\\/hartico.ee\\\/lv\\\/#\\\/schema\\\/logo\\\/image\\\/\",\"url\":\"https:\\\/\\\/hartico.ee\\\/wp-content\\\/uploads\\\/2018\\\/11\\\/hartico_logo_with_slogan_onecolor.svg\",\"contentUrl\":\"https:\\\/\\\/hartico.ee\\\/wp-content\\\/uploads\\\/2018\\\/11\\\/hartico_logo_with_slogan_onecolor.svg\",\"width\":424,\"height\":157,\"caption\":\"Hartico\"},\"image\":{\"@id\":\"https:\\\/\\\/hartico.ee\\\/lv\\\/#\\\/schema\\\/logo\\\/image\\\/\"},\"sameAs\":[\"https:\\\/\\\/www.facebook.com\\\/SANOTransportgeraeteBaltics\\\/\"]}]}<\/script>\n<!-- \/ Yoast SEO plugin. -->","yoast_head_json":{"title":"QD plaukstas un \u012bk\u0161\u0137a atbalsts, Rehband - Hartico","description":"QD plaukstas un \u012bk\u0161\u0137a atbalsts nodro\u0161ina siltumu un stabilit\u0101ti plaukst\u0101 un \u012bk\u0161\u0137\u012b, lai pal\u012bdz\u0113tu mazin\u0101t un nov\u0113rst vieglas sasprindzin\u0101juma un iekaisuma","robots":{"index":"index","follow":"follow","max-snippet":"max-snippet:-1","max-image-preview":"max-image-preview:large","max-video-preview":"max-video-preview:-1"},"canonical":"https:\/\/hartico.ee\/lv\/product\/qd-plaukstas-un-ikska-atbalsts-rehband\/","og_locale":"lv_LV","og_type":"article","og_title":"QD plaukstas un \u012bk\u0161\u0137a atbalsts, Rehband - Hartico","og_description":"QD plaukstas un \u012bk\u0161\u0137a atbalsts nodro\u0161ina siltumu un stabilit\u0101ti plaukst\u0101 un \u012bk\u0161\u0137\u012b, lai pal\u012bdz\u0113tu mazin\u0101t un nov\u0113rst vieglas sasprindzin\u0101juma un iekaisuma","og_url":"https:\/\/hartico.ee\/lv\/product\/qd-plaukstas-un-ikska-atbalsts-rehband\/","og_site_name":"Hartico","article_publisher":"https:\/\/www.facebook.com\/SANOTransportgeraeteBaltics\/","article_modified_time":"2023-02-16T14:15:16+00:00","og_image":[{"width":2560,"height":1920,"url":"https:\/\/hartico.ee\/wp-content\/uploads\/2022\/09\/20221014_122614-scaled.jpg","type":"image\/jpeg"}],"twitter_card":"summary_large_image","twitter_misc":{"Est. reading time":"1 min\u016b\u0161u"},"schema":{"@context":"https:\/\/schema.org","@graph":[{"@type":"WebPage","@id":"https:\/\/hartico.ee\/lv\/product\/qd-plaukstas-un-ikska-atbalsts-rehband\/","url":"https:\/\/hartico.ee\/lv\/product\/qd-plaukstas-un-ikska-atbalsts-rehband\/","name":"QD plaukstas un \u012bk\u0161\u0137a atbalsts, Rehband - Hartico","isPartOf":{"@id":"https:\/\/hartico.ee\/lv\/#website"},"primaryImageOfPage":{"@id":"https:\/\/hartico.ee\/lv\/product\/qd-plaukstas-un-ikska-atbalsts-rehband\/#primaryimage"},"image":{"@id":"https:\/\/hartico.ee\/lv\/product\/qd-plaukstas-un-ikska-atbalsts-rehband\/#primaryimage"},"thumbnailUrl":"https:\/\/hartico.ee\/wp-content\/uploads\/2022\/09\/20221014_122614-scaled.jpg","datePublished":"2022-10-03T14:43:52+00:00","dateModified":"2023-02-16T14:15:16+00:00","description":"QD plaukstas un \u012bk\u0161\u0137a atbalsts nodro\u0161ina siltumu un stabilit\u0101ti plaukst\u0101 un \u012bk\u0161\u0137\u012b, lai pal\u012bdz\u0113tu mazin\u0101t un nov\u0113rst vieglas sasprindzin\u0101juma un iekaisuma","breadcrumb":{"@id":"https:\/\/hartico.ee\/lv\/product\/qd-plaukstas-un-ikska-atbalsts-rehband\/#breadcrumb"},"inLanguage":"lv-LV","potentialAction":[{"@type":"ReadAction","target":["https:\/\/hartico.ee\/lv\/product\/qd-plaukstas-un-ikska-atbalsts-rehband\/"]}]},{"@type":"ImageObject","inLanguage":"lv-LV","@id":"https:\/\/hartico.ee\/lv\/product\/qd-plaukstas-un-ikska-atbalsts-rehband\/#primaryimage","url":"https:\/\/hartico.ee\/wp-content\/uploads\/2022\/09\/20221014_122614-scaled.jpg","contentUrl":"https:\/\/hartico.ee\/wp-content\/uploads\/2022\/09\/20221014_122614-scaled.jpg","width":2560,"height":1920,"caption":"QD randme ja p\u00f6idlatugi Rehband"},{"@type":"BreadcrumbList","@id":"https:\/\/hartico.ee\/lv\/product\/qd-plaukstas-un-ikska-atbalsts-rehband\/#breadcrumb","itemListElement":[{"@type":"ListItem","position":1,"name":"Esileht","item":"https:\/\/hartico.ee\/lv\/"},{"@type":"ListItem","position":2,"name":"Produkti","item":"https:\/\/hartico.ee\/lv\/shop\/"},{"@type":"ListItem","position":3,"name":"QD plaukstas un \u012bk\u0161\u0137a atbalsts, Rehband"}]},{"@type":"WebSite","@id":"https:\/\/hartico.ee\/lv\/#website","url":"https:\/\/hartico.ee\/lv\/","name":"Hartico","description":"Lifting and moving systems LIFTKAR, Xetto, Expresso","publisher":{"@id":"https:\/\/hartico.ee\/lv\/#organization"},"potentialAction":[{"@type":"SearchAction","target":{"@type":"EntryPoint","urlTemplate":"https:\/\/hartico.ee\/lv\/?s={search_term_string}"},"query-input":{"@type":"PropertyValueSpecification","valueRequired":true,"valueName":"search_term_string"}}],"inLanguage":"lv-LV"},{"@type":"Organization","@id":"https:\/\/hartico.ee\/lv\/#organization","name":"Hartico","url":"https:\/\/hartico.ee\/lv\/","logo":{"@type":"ImageObject","inLanguage":"lv-LV","@id":"https:\/\/hartico.ee\/lv\/#\/schema\/logo\/image\/","url":"https:\/\/hartico.ee\/wp-content\/uploads\/2018\/11\/hartico_logo_with_slogan_onecolor.svg","contentUrl":"https:\/\/hartico.ee\/wp-content\/uploads\/2018\/11\/hartico_logo_with_slogan_onecolor.svg","width":424,"height":157,"caption":"Hartico"},"image":{"@id":"https:\/\/hartico.ee\/lv\/#\/schema\/logo\/image\/"},"sameAs":["https:\/\/www.facebook.com\/SANOTransportgeraeteBaltics\/"]}]}},"_links":{"self":[{"href":"https:\/\/hartico.ee\/lv\/wp-json\/wp\/v2\/product\/18125","targetHints":{"allow":["GET"]}}],"collection":[{"href":"https:\/\/hartico.ee\/lv\/wp-json\/wp\/v2\/product"}],"about":[{"href":"https:\/\/hartico.ee\/lv\/wp-json\/wp\/v2\/types\/product"}],"wp:featuredmedia":[{"embeddable":true,"href":"https:\/\/hartico.ee\/lv\/wp-json\/wp\/v2\/media\/18598"}],"wp:attachment":[{"href":"https:\/\/hartico.ee\/lv\/wp-json\/wp\/v2\/media?parent=18125"}],"wp:term":[{"taxonomy":"product_brand","embeddable":true,"href":"https:\/\/hartico.ee\/lv\/wp-json\/wp\/v2\/product_brand?post=18125"},{"taxonomy":"product_cat","embeddable":true,"href":"https:\/\/hartico.ee\/lv\/wp-json\/wp\/v2\/product_cat?post=18125"},{"taxonomy":"product_tag","embeddable":true,"href":"https:\/\/hartico.ee\/lv\/wp-json\/wp\/v2\/product_tag?post=18125"}],"curies":[{"name":"wp","href":"https:\/\/api.w.org\/{rel}","templated":true}]}}