{"id":18076,"date":"2022-09-28T14:26:50","date_gmt":"2022-09-28T12:39:02","guid":{"rendered":"https:\/\/hartico.ee\/?post_type=product&#038;p=18076"},"modified":"2026-01-16T17:08:41","modified_gmt":"2026-01-16T15:08:41","slug":"universala-atzveltne-dorsaflex","status":"publish","type":"product","link":"https:\/\/hartico.ee\/lv\/product\/universala-atzveltne-dorsaflex\/","title":{"rendered":"Softexo univers\u0101la atzveltne Dorsaflex"},"content":{"rendered":"<div class=\"min-h-[20px] flex flex-col items-start gap-4 whitespace-pre-wrap\">\n<div class=\"markdown prose w-full break-words dark:prose-invert light\">\n<h4>Softexo Dorsaflex univers\u0101lais mugurkaula atbalsts&#8230;<\/h4>\n<p>&#8230;ir izgatavots no \u013coti elast\u012bgas auduma ar izcilu elpo\u0161anu.<\/p>\n<p>Auduma meln\u0101 kr\u0101sa ir \u012bpa\u0161i izstr\u0101d\u0101ta, lai samazin\u0101tu net\u012brumu uzkr\u0101\u0161anos un pagarin\u0101tu mugurgr\u012bdas atbalsta izmanto\u0161anu darba ap\u0123\u0113rb\u0101. Piem\u0113rots lieto\u0161anai gan virs, gan zem darba ap\u0123\u0113rba.<\/p>\n<p>Mugurgr\u012bdas atbalsta jostai ir \u010detri garie un pastiprin\u0101tie atbalsta stie\u0146i, kas atbalsta str\u0101dnieka muguru, un to viegli piel\u0101go \u0137ermenim.<\/p>\n<p>Dorsaflex mugurgr\u012bdas atbalsts nodro\u0161ina stipru muguras atbalstu, kas nodro\u0161ina korekt\u012bvu un spriedzes atvieglojo\u0161u iedarb\u012bbu darba poz\u012bcij\u0101s, kas prasa lielu piep\u016bli.<\/p>\n<p>Mugurgr\u012bdas atbalsts Dorsaflex ir \u013coti popul\u0101rs savu labo \u012bpa\u0161\u012bbu un lab\u0101ko cenu-kvalit\u0101tes attiec\u012bbu d\u0113\u013c.<\/p>\n<\/div>\n<\/div>\n<div class=\"min-h-[20px] flex flex-col items-start gap-4 whitespace-pre-wrap\">\n<div class=\"markdown prose w-full break-words dark:prose-invert light\">\n<p>&nbsp;<\/p>\n<h5>Mugurgr\u012bdas atbalstu Dorsaflex izmanto, lai uzlabotu muguras nogurumu un darba vesel\u012bbu \u0161\u0101d\u0101s jom\u0101s:<\/h5>\n<ul>\n<li>Biroja un datora darbs<\/li>\n<li>Logistika &#8211; komplekte\u0161ana un pako\u0161ana<\/li>\n<li>Ra\u017eo\u0161ana un r\u016bpniec\u012bba<\/li>\n<li>D\u0101rzkop\u012bba, lauksaimniec\u012bba un lauku ekonomika<\/li>\n<li>Medic\u012bna, rehabilit\u0101cija un apr\u016bpes person\u0101ls<\/li>\n<li>Jomas, kur\u0101s darbinieki ilgsto\u0161i ir spiesti ie\u0146emt mugurgr\u012bdas pozas darba laik\u0101<\/li>\n<\/ul>\n<h5>Dorsaflex mugurgr\u012bdas atbalsts ir piem\u0113rots:<\/h5>\n<ul>\n<li>Profilaksei sp\u0113c\u012bgas fiziskas slodzes laik\u0101<\/li>\n<li>P\u0113c traumas rehabilit\u0101cijai<\/li>\n<li>Vid\u0113j\u0101 vai smag\u0101 muguras s\u0101pju gad\u012bjum\u0101<\/li>\n<li>Diskop\u0101tijas gad\u012bjum\u0101<\/li>\n<\/ul>\n<p>Medic\u012bniskie nor\u0101d\u012bjumi:<\/p>\n<p>Rehabilit\u0101cija p\u0113c traum\u0101m, vid\u0113j\u0101m un nopietn\u0101m muguras s\u0101p\u0113m, diskop\u0101tija, skiatika, profilaksei sp\u0113c\u012bgas fiziskas slodzes laik\u0101.<\/p>\n<p>Dorsaflex mugurgr\u012bdas atbalsts ir univers\u0101ls modelis, piem\u0113rots gan v\u012brie\u0161iem, gan sieviet\u0113m.<\/p>\n<\/div>\n<\/div>\n<table style=\"height: 252px;\" width=\"204\">\n<tbody>\n<tr>\n<td><strong>Izm\u0113rs\u00a0<\/strong><\/td>\n<td><strong>jostas garums<\/strong><\/td>\n<\/tr>\n<tr>\n<td>\u00a0S<\/td>\n<td>\u00a065-90 cm<\/td>\n<\/tr>\n<tr>\n<td>\u00a0M<\/td>\n<td>\u00a090-120 cm<\/td>\n<\/tr>\n<tr>\n<td>\u00a0L<\/td>\n<td>\u00a0110-140 cm<\/td>\n<\/tr>\n<\/tbody>\n<\/table>\n","protected":false},"excerpt":{"rendered":"<p>Softexo Dorsaflex univers\u0101lais mugurkaula atbalsts&#8230; &#8230;ir izgatavots no \u013coti elast\u012bgas auduma ar izcilu elpo\u0161anu. Auduma meln\u0101 kr\u0101sa ir \u012bpa\u0161i izstr\u0101d\u0101ta, lai samazin\u0101tu net\u012brumu uzkr\u0101\u0161anos un pagarin\u0101tu mugurgr\u012bdas atbalsta izmanto\u0161anu darba ap\u0123\u0113rb\u0101. Piem\u0113rots lieto\u0161anai gan virs, gan zem darba ap\u0123\u0113rba. Mugurgr\u012bdas atbalsta jostai ir \u010detri garie un pastiprin\u0101tie atbalsta stie\u0146i, kas atbalsta str\u0101dnieka muguru, un to [&hellip;]<\/p>\n","protected":false},"featured_media":18108,"template":"","meta":{"_acf_changed":false,"inline_featured_image":false},"product_brand":[],"product_cat":[407,233,247],"product_tag":[],"class_list":{"0":"post-18076","1":"product","2":"type-product","3":"status-publish","4":"has-post-thumbnail","6":"product_cat-eksoskeleti-mugurai","7":"product_cat-ergonomiski-kermena-balsti","8":"product_cat-exoskeletons-un-kinetiskie-darba-apresi","10":"first","11":"instock","12":"taxable","13":"shipping-taxable","14":"purchasable","15":"product-type-simple"},"acf":[],"yoast_head":"<!-- This site is optimized with the Yoast SEO plugin v27.3 - https:\/\/yoast.com\/product\/yoast-seo-wordpress\/ -->\n<title>Softexo univers\u0101la atzveltne Dorsaflex - Hartico<\/title>\n<meta name=\"description\" content=\"Mugurgr\u012bdas atbalsts Dorsaflex ir \u013coti popul\u0101rs savu labo \u012bpa\u0161\u012bbu un lab\u0101ko cenu-kvalit\u0101tes attiec\u012bbu d\u0113\u013c.\" \/>\n<meta name=\"robots\" content=\"index, follow, max-snippet:-1, max-image-preview:large, max-video-preview:-1\" \/>\n<link rel=\"canonical\" href=\"https:\/\/hartico.ee\/lv\/product\/universala-atzveltne-dorsaflex\/\" \/>\n<meta property=\"og:locale\" content=\"lv_LV\" \/>\n<meta property=\"og:type\" content=\"article\" \/>\n<meta property=\"og:title\" content=\"Softexo univers\u0101la atzveltne Dorsaflex - Hartico\" \/>\n<meta property=\"og:description\" content=\"Mugurgr\u012bdas atbalsts Dorsaflex ir \u013coti popul\u0101rs savu labo \u012bpa\u0161\u012bbu un lab\u0101ko cenu-kvalit\u0101tes attiec\u012bbu d\u0113\u013c.\" \/>\n<meta property=\"og:url\" content=\"https:\/\/hartico.ee\/lv\/product\/universala-atzveltne-dorsaflex\/\" \/>\n<meta property=\"og:site_name\" content=\"Hartico\" \/>\n<meta property=\"article:publisher\" content=\"https:\/\/www.facebook.com\/SANOTransportgeraeteBaltics\/\" \/>\n<meta property=\"article:modified_time\" content=\"2026-01-16T15:08:41+00:00\" \/>\n<meta property=\"og:image\" content=\"https:\/\/hartico.ee\/wp-content\/uploads\/2021\/12\/Dorsaflex1.jpg\" \/>\n\t<meta property=\"og:image:width\" content=\"462\" \/>\n\t<meta property=\"og:image:height\" content=\"703\" \/>\n\t<meta property=\"og:image:type\" content=\"image\/jpeg\" \/>\n<meta name=\"twitter:card\" content=\"summary_large_image\" \/>\n<meta name=\"twitter:label1\" content=\"Est. reading time\" \/>\n\t<meta name=\"twitter:data1\" content=\"2 min\u016btes\" \/>\n<script type=\"application\/ld+json\" class=\"yoast-schema-graph\">{\"@context\":\"https:\\\/\\\/schema.org\",\"@graph\":[{\"@type\":\"WebPage\",\"@id\":\"https:\\\/\\\/hartico.ee\\\/lv\\\/product\\\/universala-atzveltne-dorsaflex\\\/\",\"url\":\"https:\\\/\\\/hartico.ee\\\/lv\\\/product\\\/universala-atzveltne-dorsaflex\\\/\",\"name\":\"Softexo univers\u0101la atzveltne Dorsaflex - Hartico\",\"isPartOf\":{\"@id\":\"https:\\\/\\\/hartico.ee\\\/lv\\\/#website\"},\"primaryImageOfPage\":{\"@id\":\"https:\\\/\\\/hartico.ee\\\/lv\\\/product\\\/universala-atzveltne-dorsaflex\\\/#primaryimage\"},\"image\":{\"@id\":\"https:\\\/\\\/hartico.ee\\\/lv\\\/product\\\/universala-atzveltne-dorsaflex\\\/#primaryimage\"},\"thumbnailUrl\":\"https:\\\/\\\/hartico.ee\\\/wp-content\\\/uploads\\\/2021\\\/12\\\/Dorsaflex1.jpg\",\"datePublished\":\"2022-09-28T12:39:02+00:00\",\"dateModified\":\"2026-01-16T15:08:41+00:00\",\"description\":\"Mugurgr\u012bdas atbalsts Dorsaflex ir \u013coti popul\u0101rs savu labo \u012bpa\u0161\u012bbu un lab\u0101ko cenu-kvalit\u0101tes attiec\u012bbu d\u0113\u013c.\",\"breadcrumb\":{\"@id\":\"https:\\\/\\\/hartico.ee\\\/lv\\\/product\\\/universala-atzveltne-dorsaflex\\\/#breadcrumb\"},\"inLanguage\":\"lv-LV\",\"potentialAction\":[{\"@type\":\"ReadAction\",\"target\":[\"https:\\\/\\\/hartico.ee\\\/lv\\\/product\\\/universala-atzveltne-dorsaflex\\\/\"]}]},{\"@type\":\"ImageObject\",\"inLanguage\":\"lv-LV\",\"@id\":\"https:\\\/\\\/hartico.ee\\\/lv\\\/product\\\/universala-atzveltne-dorsaflex\\\/#primaryimage\",\"url\":\"https:\\\/\\\/hartico.ee\\\/wp-content\\\/uploads\\\/2021\\\/12\\\/Dorsaflex1.jpg\",\"contentUrl\":\"https:\\\/\\\/hartico.ee\\\/wp-content\\\/uploads\\\/2021\\\/12\\\/Dorsaflex1.jpg\",\"width\":462,\"height\":703,\"caption\":\"Universaalne seljatugi Dorsaflex\"},{\"@type\":\"BreadcrumbList\",\"@id\":\"https:\\\/\\\/hartico.ee\\\/lv\\\/product\\\/universala-atzveltne-dorsaflex\\\/#breadcrumb\",\"itemListElement\":[{\"@type\":\"ListItem\",\"position\":1,\"name\":\"Esileht\",\"item\":\"https:\\\/\\\/hartico.ee\\\/lv\\\/\"},{\"@type\":\"ListItem\",\"position\":2,\"name\":\"Produkti\",\"item\":\"https:\\\/\\\/hartico.ee\\\/lv\\\/shop\\\/\"},{\"@type\":\"ListItem\",\"position\":3,\"name\":\"Softexo univers\u0101la atzveltne Dorsaflex\"}]},{\"@type\":\"WebSite\",\"@id\":\"https:\\\/\\\/hartico.ee\\\/lv\\\/#website\",\"url\":\"https:\\\/\\\/hartico.ee\\\/lv\\\/\",\"name\":\"Hartico\",\"description\":\"Lifting and moving systems LIFTKAR, Xetto, Expresso\",\"publisher\":{\"@id\":\"https:\\\/\\\/hartico.ee\\\/lv\\\/#organization\"},\"potentialAction\":[{\"@type\":\"SearchAction\",\"target\":{\"@type\":\"EntryPoint\",\"urlTemplate\":\"https:\\\/\\\/hartico.ee\\\/lv\\\/?s={search_term_string}\"},\"query-input\":{\"@type\":\"PropertyValueSpecification\",\"valueRequired\":true,\"valueName\":\"search_term_string\"}}],\"inLanguage\":\"lv-LV\"},{\"@type\":\"Organization\",\"@id\":\"https:\\\/\\\/hartico.ee\\\/lv\\\/#organization\",\"name\":\"Hartico\",\"url\":\"https:\\\/\\\/hartico.ee\\\/lv\\\/\",\"logo\":{\"@type\":\"ImageObject\",\"inLanguage\":\"lv-LV\",\"@id\":\"https:\\\/\\\/hartico.ee\\\/lv\\\/#\\\/schema\\\/logo\\\/image\\\/\",\"url\":\"https:\\\/\\\/hartico.ee\\\/wp-content\\\/uploads\\\/2018\\\/11\\\/hartico_logo_with_slogan_onecolor.svg\",\"contentUrl\":\"https:\\\/\\\/hartico.ee\\\/wp-content\\\/uploads\\\/2018\\\/11\\\/hartico_logo_with_slogan_onecolor.svg\",\"width\":424,\"height\":157,\"caption\":\"Hartico\"},\"image\":{\"@id\":\"https:\\\/\\\/hartico.ee\\\/lv\\\/#\\\/schema\\\/logo\\\/image\\\/\"},\"sameAs\":[\"https:\\\/\\\/www.facebook.com\\\/SANOTransportgeraeteBaltics\\\/\"]}]}<\/script>\n<!-- \/ Yoast SEO plugin. -->","yoast_head_json":{"title":"Softexo univers\u0101la atzveltne Dorsaflex - Hartico","description":"Mugurgr\u012bdas atbalsts Dorsaflex ir \u013coti popul\u0101rs savu labo \u012bpa\u0161\u012bbu un lab\u0101ko cenu-kvalit\u0101tes attiec\u012bbu d\u0113\u013c.","robots":{"index":"index","follow":"follow","max-snippet":"max-snippet:-1","max-image-preview":"max-image-preview:large","max-video-preview":"max-video-preview:-1"},"canonical":"https:\/\/hartico.ee\/lv\/product\/universala-atzveltne-dorsaflex\/","og_locale":"lv_LV","og_type":"article","og_title":"Softexo univers\u0101la atzveltne Dorsaflex - Hartico","og_description":"Mugurgr\u012bdas atbalsts Dorsaflex ir \u013coti popul\u0101rs savu labo \u012bpa\u0161\u012bbu un lab\u0101ko cenu-kvalit\u0101tes attiec\u012bbu d\u0113\u013c.","og_url":"https:\/\/hartico.ee\/lv\/product\/universala-atzveltne-dorsaflex\/","og_site_name":"Hartico","article_publisher":"https:\/\/www.facebook.com\/SANOTransportgeraeteBaltics\/","article_modified_time":"2026-01-16T15:08:41+00:00","og_image":[{"width":462,"height":703,"url":"https:\/\/hartico.ee\/wp-content\/uploads\/2021\/12\/Dorsaflex1.jpg","type":"image\/jpeg"}],"twitter_card":"summary_large_image","twitter_misc":{"Est. reading time":"2 min\u016btes"},"schema":{"@context":"https:\/\/schema.org","@graph":[{"@type":"WebPage","@id":"https:\/\/hartico.ee\/lv\/product\/universala-atzveltne-dorsaflex\/","url":"https:\/\/hartico.ee\/lv\/product\/universala-atzveltne-dorsaflex\/","name":"Softexo univers\u0101la atzveltne Dorsaflex - Hartico","isPartOf":{"@id":"https:\/\/hartico.ee\/lv\/#website"},"primaryImageOfPage":{"@id":"https:\/\/hartico.ee\/lv\/product\/universala-atzveltne-dorsaflex\/#primaryimage"},"image":{"@id":"https:\/\/hartico.ee\/lv\/product\/universala-atzveltne-dorsaflex\/#primaryimage"},"thumbnailUrl":"https:\/\/hartico.ee\/wp-content\/uploads\/2021\/12\/Dorsaflex1.jpg","datePublished":"2022-09-28T12:39:02+00:00","dateModified":"2026-01-16T15:08:41+00:00","description":"Mugurgr\u012bdas atbalsts Dorsaflex ir \u013coti popul\u0101rs savu labo \u012bpa\u0161\u012bbu un lab\u0101ko cenu-kvalit\u0101tes attiec\u012bbu d\u0113\u013c.","breadcrumb":{"@id":"https:\/\/hartico.ee\/lv\/product\/universala-atzveltne-dorsaflex\/#breadcrumb"},"inLanguage":"lv-LV","potentialAction":[{"@type":"ReadAction","target":["https:\/\/hartico.ee\/lv\/product\/universala-atzveltne-dorsaflex\/"]}]},{"@type":"ImageObject","inLanguage":"lv-LV","@id":"https:\/\/hartico.ee\/lv\/product\/universala-atzveltne-dorsaflex\/#primaryimage","url":"https:\/\/hartico.ee\/wp-content\/uploads\/2021\/12\/Dorsaflex1.jpg","contentUrl":"https:\/\/hartico.ee\/wp-content\/uploads\/2021\/12\/Dorsaflex1.jpg","width":462,"height":703,"caption":"Universaalne seljatugi Dorsaflex"},{"@type":"BreadcrumbList","@id":"https:\/\/hartico.ee\/lv\/product\/universala-atzveltne-dorsaflex\/#breadcrumb","itemListElement":[{"@type":"ListItem","position":1,"name":"Esileht","item":"https:\/\/hartico.ee\/lv\/"},{"@type":"ListItem","position":2,"name":"Produkti","item":"https:\/\/hartico.ee\/lv\/shop\/"},{"@type":"ListItem","position":3,"name":"Softexo univers\u0101la atzveltne Dorsaflex"}]},{"@type":"WebSite","@id":"https:\/\/hartico.ee\/lv\/#website","url":"https:\/\/hartico.ee\/lv\/","name":"Hartico","description":"Lifting and moving systems LIFTKAR, Xetto, Expresso","publisher":{"@id":"https:\/\/hartico.ee\/lv\/#organization"},"potentialAction":[{"@type":"SearchAction","target":{"@type":"EntryPoint","urlTemplate":"https:\/\/hartico.ee\/lv\/?s={search_term_string}"},"query-input":{"@type":"PropertyValueSpecification","valueRequired":true,"valueName":"search_term_string"}}],"inLanguage":"lv-LV"},{"@type":"Organization","@id":"https:\/\/hartico.ee\/lv\/#organization","name":"Hartico","url":"https:\/\/hartico.ee\/lv\/","logo":{"@type":"ImageObject","inLanguage":"lv-LV","@id":"https:\/\/hartico.ee\/lv\/#\/schema\/logo\/image\/","url":"https:\/\/hartico.ee\/wp-content\/uploads\/2018\/11\/hartico_logo_with_slogan_onecolor.svg","contentUrl":"https:\/\/hartico.ee\/wp-content\/uploads\/2018\/11\/hartico_logo_with_slogan_onecolor.svg","width":424,"height":157,"caption":"Hartico"},"image":{"@id":"https:\/\/hartico.ee\/lv\/#\/schema\/logo\/image\/"},"sameAs":["https:\/\/www.facebook.com\/SANOTransportgeraeteBaltics\/"]}]}},"_links":{"self":[{"href":"https:\/\/hartico.ee\/lv\/wp-json\/wp\/v2\/product\/18076","targetHints":{"allow":["GET"]}}],"collection":[{"href":"https:\/\/hartico.ee\/lv\/wp-json\/wp\/v2\/product"}],"about":[{"href":"https:\/\/hartico.ee\/lv\/wp-json\/wp\/v2\/types\/product"}],"wp:featuredmedia":[{"embeddable":true,"href":"https:\/\/hartico.ee\/lv\/wp-json\/wp\/v2\/media\/18108"}],"wp:attachment":[{"href":"https:\/\/hartico.ee\/lv\/wp-json\/wp\/v2\/media?parent=18076"}],"wp:term":[{"taxonomy":"product_brand","embeddable":true,"href":"https:\/\/hartico.ee\/lv\/wp-json\/wp\/v2\/product_brand?post=18076"},{"taxonomy":"product_cat","embeddable":true,"href":"https:\/\/hartico.ee\/lv\/wp-json\/wp\/v2\/product_cat?post=18076"},{"taxonomy":"product_tag","embeddable":true,"href":"https:\/\/hartico.ee\/lv\/wp-json\/wp\/v2\/product_tag?post=18076"}],"curies":[{"name":"wp","href":"https:\/\/api.w.org\/{rel}","templated":true}]}}