{"id":18067,"date":"2022-09-28T13:30:02","date_gmt":"2022-09-28T11:56:50","guid":{"rendered":"https:\/\/hartico.ee\/?post_type=product&#038;p=18067"},"modified":"2022-10-13T13:50:57","modified_gmt":"2022-10-13T11:50:57","slug":"atzveltne-lumbo-direxa","status":"publish","type":"product","link":"https:\/\/hartico.ee\/lv\/product\/atzveltne-lumbo-direxa\/","title":{"rendered":"Atzveltne Ottobock Lumbo Direxa"},"content":{"rendered":"<table width=\"743\">\n<tbody>\n<tr>\n<td>OttoBock Lumbo Direxa \u00a0muguras atbalsts \u00a0ir paredz\u0113ts, lai atbalst\u012btu muguras jostas da\u013cu noguruma, vieglu s\u0101pju un citu indik\u0101ciju gad\u012bjum\u0101.<\/p>\n<p>Atzveltne stimul\u0113 sensoromotor\u0101s funkcijas un veicina musku\u013cu l\u012bdzsvaru mugurkaula jostas da\u013c\u0101. Tam ir prets\u0101pju efekts un tas samazina slodzi uz mugurkaula jostas da\u013cu.<\/p>\n<ul>\n<li>\u010cetras autom\u0101tiski regul\u0113jamas plastmasas \u0161inas optim\u0101lai piegul\u0161anai<\/li>\n<li>Divas individu\u0101li regul\u0113jamas elast\u012bgas siksnas augstai mugurkaula stabilit\u0101tei<\/li>\n<li>Bez spiediena un nesl\u012bd\u0113\u0161anas ar optim\u0101lu piegul\u0161anu<\/li>\n<li>\u0100dai draudz\u012bgs materi\u0101ls<\/li>\n<\/ul>\n<p>Indik\u0101cijas<\/p>\n<p>M\u0113renas s\u0101pes muguras lejasda\u013c\u0101, v\u0101ji jostas musku\u013ci, izme\u017e\u0123\u012bts disks.<\/p>\n<p>Funkcijas un priek\u0161roc\u012bbas:<\/p>\n<ul>\n<li>Nodro\u0161ina s\u0101pju mazin\u0101\u0161anu,<\/li>\n<li>Elpojo\u0161s, \u0101dai draudz\u012bgs materi\u0101ls,<\/li>\n<li>Pl\u0101ns dizains,<\/li>\n<li>Viegli uzvilkt, pateicoties aizdarei ar ergonomiskiem kabatas rokturiem,<\/li>\n<li>Var mazg\u0101t ve\u013cas ma\u0161\u012bn\u0101<\/li>\n<\/ul>\n<\/td>\n<\/tr>\n<\/tbody>\n<\/table>\n<p>&nbsp;<\/p>\n<table width=\"743\">\n<tbody>\n<tr>\n<td width=\"246\"><strong>\u00a0<\/strong><\/p>\n<p>&nbsp;<\/p>\n<p><strong>Izm\u0113rs \u00a0 \u00a0 \u00a0<\/strong><\/td>\n<td width=\"952\">&nbsp;<\/p>\n<p>&nbsp;<\/p>\n<p><strong>Apk\u0101rtm\u0113rs<\/strong><\/td>\n<\/tr>\n<tr>\n<td width=\"246\">XS<\/td>\n<td width=\"952\">\u00a0 70 \u2013 80 cm<\/td>\n<\/tr>\n<tr>\n<td width=\"246\">S<\/td>\n<td width=\"952\">\u00a0 80 \u2013 90 cm<\/td>\n<\/tr>\n<tr>\n<td width=\"246\">M<\/td>\n<td width=\"952\">\u00a0 90 \u2013 100 cm<\/td>\n<\/tr>\n<tr>\n<td width=\"246\">L<\/td>\n<td width=\"952\">\u00a0100 \u2013 110 cm<\/td>\n<\/tr>\n<tr>\n<td width=\"246\">XL<\/td>\n<td width=\"952\">\u00a0110 \u2013 120 cm<\/td>\n<\/tr>\n<tr>\n<td width=\"246\">XXL<\/td>\n<td width=\"952\">120 \u2013 130 cm<\/td>\n<\/tr>\n<\/tbody>\n<\/table>\n<p>&nbsp;<\/p>\n","protected":false},"excerpt":{"rendered":"<p>OttoBock Lumbo Direxa \u00a0muguras atbalsts \u00a0ir paredz\u0113ts, lai atbalst\u012btu muguras jostas da\u013cu noguruma, vieglu s\u0101pju un citu indik\u0101ciju gad\u012bjum\u0101. Atzveltne stimul\u0113 sensoromotor\u0101s funkcijas un veicina musku\u013cu l\u012bdzsvaru mugurkaula jostas da\u013c\u0101. Tam ir prets\u0101pju efekts un tas samazina slodzi uz mugurkaula jostas da\u013cu. \u010cetras autom\u0101tiski regul\u0113jamas plastmasas \u0161inas optim\u0101lai piegul\u0161anai Divas individu\u0101li regul\u0113jamas elast\u012bgas siksnas augstai [&hellip;]<\/p>\n","protected":false},"featured_media":18062,"template":"","meta":{"_acf_changed":false,"inline_featured_image":false},"product_brand":[],"product_cat":[233],"product_tag":[],"class_list":{"0":"post-18067","1":"product","2":"type-product","3":"status-publish","4":"has-post-thumbnail","6":"product_cat-ergonomiski-kermena-balsti","8":"first","9":"instock","10":"sale","11":"taxable","12":"shipping-taxable","13":"purchasable","14":"product-type-simple"},"acf":[],"yoast_head":"<!-- This site is optimized with the Yoast SEO plugin v27.3 - https:\/\/yoast.com\/product\/yoast-seo-wordpress\/ -->\n<title>Atzveltne Ottobock Lumbo Direxa - Hartico<\/title>\n<meta name=\"description\" content=\"Lumbo Direxa l\u012bdz vid\u0113ji stipru s\u0101pju, muguras lejasda\u013cas, i\u0161iass, mugurkaula jostas da\u013cas de\u0123ener\u0101cijas un citu indik\u0101ciju gad\u012bjumos.\" \/>\n<meta name=\"robots\" content=\"index, follow, max-snippet:-1, max-image-preview:large, max-video-preview:-1\" \/>\n<link rel=\"canonical\" href=\"https:\/\/hartico.ee\/lv\/product\/atzveltne-lumbo-direxa\/\" \/>\n<meta property=\"og:locale\" content=\"lv_LV\" \/>\n<meta property=\"og:type\" content=\"article\" \/>\n<meta property=\"og:title\" content=\"Atzveltne Ottobock Lumbo Direxa - Hartico\" \/>\n<meta property=\"og:description\" content=\"Lumbo Direxa l\u012bdz vid\u0113ji stipru s\u0101pju, muguras lejasda\u013cas, i\u0161iass, mugurkaula jostas da\u013cas de\u0123ener\u0101cijas un citu indik\u0101ciju gad\u012bjumos.\" \/>\n<meta property=\"og:url\" content=\"https:\/\/hartico.ee\/lv\/product\/atzveltne-lumbo-direxa\/\" \/>\n<meta property=\"og:site_name\" content=\"Hartico\" \/>\n<meta property=\"article:publisher\" content=\"https:\/\/www.facebook.com\/SANOTransportgeraeteBaltics\/\" \/>\n<meta property=\"article:modified_time\" content=\"2022-10-13T11:50:57+00:00\" \/>\n<meta property=\"og:image\" content=\"https:\/\/hartico.ee\/wp-content\/uploads\/2022\/09\/Lumbo-Direxa.jpg\" \/>\n\t<meta property=\"og:image:width\" content=\"857\" \/>\n\t<meta property=\"og:image:height\" content=\"764\" \/>\n\t<meta property=\"og:image:type\" content=\"image\/jpeg\" \/>\n<meta name=\"twitter:card\" content=\"summary_large_image\" \/>\n<meta name=\"twitter:label1\" content=\"Est. reading time\" \/>\n\t<meta name=\"twitter:data1\" content=\"1 min\u016b\u0161u\" \/>\n<script type=\"application\/ld+json\" class=\"yoast-schema-graph\">{\"@context\":\"https:\\\/\\\/schema.org\",\"@graph\":[{\"@type\":\"WebPage\",\"@id\":\"https:\\\/\\\/hartico.ee\\\/lv\\\/product\\\/atzveltne-lumbo-direxa\\\/\",\"url\":\"https:\\\/\\\/hartico.ee\\\/lv\\\/product\\\/atzveltne-lumbo-direxa\\\/\",\"name\":\"Atzveltne Ottobock Lumbo Direxa - Hartico\",\"isPartOf\":{\"@id\":\"https:\\\/\\\/hartico.ee\\\/lv\\\/#website\"},\"primaryImageOfPage\":{\"@id\":\"https:\\\/\\\/hartico.ee\\\/lv\\\/product\\\/atzveltne-lumbo-direxa\\\/#primaryimage\"},\"image\":{\"@id\":\"https:\\\/\\\/hartico.ee\\\/lv\\\/product\\\/atzveltne-lumbo-direxa\\\/#primaryimage\"},\"thumbnailUrl\":\"https:\\\/\\\/hartico.ee\\\/wp-content\\\/uploads\\\/2022\\\/09\\\/Lumbo-Direxa.jpg\",\"datePublished\":\"2022-09-28T11:56:50+00:00\",\"dateModified\":\"2022-10-13T11:50:57+00:00\",\"description\":\"Lumbo Direxa l\u012bdz vid\u0113ji stipru s\u0101pju, muguras lejasda\u013cas, i\u0161iass, mugurkaula jostas da\u013cas de\u0123ener\u0101cijas un citu indik\u0101ciju gad\u012bjumos.\",\"breadcrumb\":{\"@id\":\"https:\\\/\\\/hartico.ee\\\/lv\\\/product\\\/atzveltne-lumbo-direxa\\\/#breadcrumb\"},\"inLanguage\":\"lv-LV\",\"potentialAction\":[{\"@type\":\"ReadAction\",\"target\":[\"https:\\\/\\\/hartico.ee\\\/lv\\\/product\\\/atzveltne-lumbo-direxa\\\/\"]}]},{\"@type\":\"ImageObject\",\"inLanguage\":\"lv-LV\",\"@id\":\"https:\\\/\\\/hartico.ee\\\/lv\\\/product\\\/atzveltne-lumbo-direxa\\\/#primaryimage\",\"url\":\"https:\\\/\\\/hartico.ee\\\/wp-content\\\/uploads\\\/2022\\\/09\\\/Lumbo-Direxa.jpg\",\"contentUrl\":\"https:\\\/\\\/hartico.ee\\\/wp-content\\\/uploads\\\/2022\\\/09\\\/Lumbo-Direxa.jpg\",\"width\":857,\"height\":764,\"caption\":\"Seljatugi Ottobock Lumbo Direxa\"},{\"@type\":\"BreadcrumbList\",\"@id\":\"https:\\\/\\\/hartico.ee\\\/lv\\\/product\\\/atzveltne-lumbo-direxa\\\/#breadcrumb\",\"itemListElement\":[{\"@type\":\"ListItem\",\"position\":1,\"name\":\"Esileht\",\"item\":\"https:\\\/\\\/hartico.ee\\\/lv\\\/\"},{\"@type\":\"ListItem\",\"position\":2,\"name\":\"Produkti\",\"item\":\"https:\\\/\\\/hartico.ee\\\/lv\\\/shop\\\/\"},{\"@type\":\"ListItem\",\"position\":3,\"name\":\"Atzveltne Ottobock Lumbo Direxa\"}]},{\"@type\":\"WebSite\",\"@id\":\"https:\\\/\\\/hartico.ee\\\/lv\\\/#website\",\"url\":\"https:\\\/\\\/hartico.ee\\\/lv\\\/\",\"name\":\"Hartico\",\"description\":\"Lifting and moving systems LIFTKAR, Xetto, Expresso\",\"publisher\":{\"@id\":\"https:\\\/\\\/hartico.ee\\\/lv\\\/#organization\"},\"potentialAction\":[{\"@type\":\"SearchAction\",\"target\":{\"@type\":\"EntryPoint\",\"urlTemplate\":\"https:\\\/\\\/hartico.ee\\\/lv\\\/?s={search_term_string}\"},\"query-input\":{\"@type\":\"PropertyValueSpecification\",\"valueRequired\":true,\"valueName\":\"search_term_string\"}}],\"inLanguage\":\"lv-LV\"},{\"@type\":\"Organization\",\"@id\":\"https:\\\/\\\/hartico.ee\\\/lv\\\/#organization\",\"name\":\"Hartico\",\"url\":\"https:\\\/\\\/hartico.ee\\\/lv\\\/\",\"logo\":{\"@type\":\"ImageObject\",\"inLanguage\":\"lv-LV\",\"@id\":\"https:\\\/\\\/hartico.ee\\\/lv\\\/#\\\/schema\\\/logo\\\/image\\\/\",\"url\":\"https:\\\/\\\/hartico.ee\\\/wp-content\\\/uploads\\\/2018\\\/11\\\/hartico_logo_with_slogan_onecolor.svg\",\"contentUrl\":\"https:\\\/\\\/hartico.ee\\\/wp-content\\\/uploads\\\/2018\\\/11\\\/hartico_logo_with_slogan_onecolor.svg\",\"width\":424,\"height\":157,\"caption\":\"Hartico\"},\"image\":{\"@id\":\"https:\\\/\\\/hartico.ee\\\/lv\\\/#\\\/schema\\\/logo\\\/image\\\/\"},\"sameAs\":[\"https:\\\/\\\/www.facebook.com\\\/SANOTransportgeraeteBaltics\\\/\"]}]}<\/script>\n<!-- \/ Yoast SEO plugin. -->","yoast_head_json":{"title":"Atzveltne Ottobock Lumbo Direxa - Hartico","description":"Lumbo Direxa l\u012bdz vid\u0113ji stipru s\u0101pju, muguras lejasda\u013cas, i\u0161iass, mugurkaula jostas da\u013cas de\u0123ener\u0101cijas un citu indik\u0101ciju gad\u012bjumos.","robots":{"index":"index","follow":"follow","max-snippet":"max-snippet:-1","max-image-preview":"max-image-preview:large","max-video-preview":"max-video-preview:-1"},"canonical":"https:\/\/hartico.ee\/lv\/product\/atzveltne-lumbo-direxa\/","og_locale":"lv_LV","og_type":"article","og_title":"Atzveltne Ottobock Lumbo Direxa - Hartico","og_description":"Lumbo Direxa l\u012bdz vid\u0113ji stipru s\u0101pju, muguras lejasda\u013cas, i\u0161iass, mugurkaula jostas da\u013cas de\u0123ener\u0101cijas un citu indik\u0101ciju gad\u012bjumos.","og_url":"https:\/\/hartico.ee\/lv\/product\/atzveltne-lumbo-direxa\/","og_site_name":"Hartico","article_publisher":"https:\/\/www.facebook.com\/SANOTransportgeraeteBaltics\/","article_modified_time":"2022-10-13T11:50:57+00:00","og_image":[{"width":857,"height":764,"url":"https:\/\/hartico.ee\/wp-content\/uploads\/2022\/09\/Lumbo-Direxa.jpg","type":"image\/jpeg"}],"twitter_card":"summary_large_image","twitter_misc":{"Est. reading time":"1 min\u016b\u0161u"},"schema":{"@context":"https:\/\/schema.org","@graph":[{"@type":"WebPage","@id":"https:\/\/hartico.ee\/lv\/product\/atzveltne-lumbo-direxa\/","url":"https:\/\/hartico.ee\/lv\/product\/atzveltne-lumbo-direxa\/","name":"Atzveltne Ottobock Lumbo Direxa - Hartico","isPartOf":{"@id":"https:\/\/hartico.ee\/lv\/#website"},"primaryImageOfPage":{"@id":"https:\/\/hartico.ee\/lv\/product\/atzveltne-lumbo-direxa\/#primaryimage"},"image":{"@id":"https:\/\/hartico.ee\/lv\/product\/atzveltne-lumbo-direxa\/#primaryimage"},"thumbnailUrl":"https:\/\/hartico.ee\/wp-content\/uploads\/2022\/09\/Lumbo-Direxa.jpg","datePublished":"2022-09-28T11:56:50+00:00","dateModified":"2022-10-13T11:50:57+00:00","description":"Lumbo Direxa l\u012bdz vid\u0113ji stipru s\u0101pju, muguras lejasda\u013cas, i\u0161iass, mugurkaula jostas da\u013cas de\u0123ener\u0101cijas un citu indik\u0101ciju gad\u012bjumos.","breadcrumb":{"@id":"https:\/\/hartico.ee\/lv\/product\/atzveltne-lumbo-direxa\/#breadcrumb"},"inLanguage":"lv-LV","potentialAction":[{"@type":"ReadAction","target":["https:\/\/hartico.ee\/lv\/product\/atzveltne-lumbo-direxa\/"]}]},{"@type":"ImageObject","inLanguage":"lv-LV","@id":"https:\/\/hartico.ee\/lv\/product\/atzveltne-lumbo-direxa\/#primaryimage","url":"https:\/\/hartico.ee\/wp-content\/uploads\/2022\/09\/Lumbo-Direxa.jpg","contentUrl":"https:\/\/hartico.ee\/wp-content\/uploads\/2022\/09\/Lumbo-Direxa.jpg","width":857,"height":764,"caption":"Seljatugi Ottobock Lumbo Direxa"},{"@type":"BreadcrumbList","@id":"https:\/\/hartico.ee\/lv\/product\/atzveltne-lumbo-direxa\/#breadcrumb","itemListElement":[{"@type":"ListItem","position":1,"name":"Esileht","item":"https:\/\/hartico.ee\/lv\/"},{"@type":"ListItem","position":2,"name":"Produkti","item":"https:\/\/hartico.ee\/lv\/shop\/"},{"@type":"ListItem","position":3,"name":"Atzveltne Ottobock Lumbo Direxa"}]},{"@type":"WebSite","@id":"https:\/\/hartico.ee\/lv\/#website","url":"https:\/\/hartico.ee\/lv\/","name":"Hartico","description":"Lifting and moving systems LIFTKAR, Xetto, Expresso","publisher":{"@id":"https:\/\/hartico.ee\/lv\/#organization"},"potentialAction":[{"@type":"SearchAction","target":{"@type":"EntryPoint","urlTemplate":"https:\/\/hartico.ee\/lv\/?s={search_term_string}"},"query-input":{"@type":"PropertyValueSpecification","valueRequired":true,"valueName":"search_term_string"}}],"inLanguage":"lv-LV"},{"@type":"Organization","@id":"https:\/\/hartico.ee\/lv\/#organization","name":"Hartico","url":"https:\/\/hartico.ee\/lv\/","logo":{"@type":"ImageObject","inLanguage":"lv-LV","@id":"https:\/\/hartico.ee\/lv\/#\/schema\/logo\/image\/","url":"https:\/\/hartico.ee\/wp-content\/uploads\/2018\/11\/hartico_logo_with_slogan_onecolor.svg","contentUrl":"https:\/\/hartico.ee\/wp-content\/uploads\/2018\/11\/hartico_logo_with_slogan_onecolor.svg","width":424,"height":157,"caption":"Hartico"},"image":{"@id":"https:\/\/hartico.ee\/lv\/#\/schema\/logo\/image\/"},"sameAs":["https:\/\/www.facebook.com\/SANOTransportgeraeteBaltics\/"]}]}},"_links":{"self":[{"href":"https:\/\/hartico.ee\/lv\/wp-json\/wp\/v2\/product\/18067","targetHints":{"allow":["GET"]}}],"collection":[{"href":"https:\/\/hartico.ee\/lv\/wp-json\/wp\/v2\/product"}],"about":[{"href":"https:\/\/hartico.ee\/lv\/wp-json\/wp\/v2\/types\/product"}],"wp:featuredmedia":[{"embeddable":true,"href":"https:\/\/hartico.ee\/lv\/wp-json\/wp\/v2\/media\/18062"}],"wp:attachment":[{"href":"https:\/\/hartico.ee\/lv\/wp-json\/wp\/v2\/media?parent=18067"}],"wp:term":[{"taxonomy":"product_brand","embeddable":true,"href":"https:\/\/hartico.ee\/lv\/wp-json\/wp\/v2\/product_brand?post=18067"},{"taxonomy":"product_cat","embeddable":true,"href":"https:\/\/hartico.ee\/lv\/wp-json\/wp\/v2\/product_cat?post=18067"},{"taxonomy":"product_tag","embeddable":true,"href":"https:\/\/hartico.ee\/lv\/wp-json\/wp\/v2\/product_tag?post=18067"}],"curies":[{"name":"wp","href":"https:\/\/api.w.org\/{rel}","templated":true}]}}