{"id":17696,"date":"2022-06-17T15:49:24","date_gmt":"2022-06-17T14:23:23","guid":{"rendered":"https:\/\/hartico.ee\/?post_type=product&#038;p=17696"},"modified":"2022-06-17T16:56:43","modified_gmt":"2022-06-17T14:56:43","slug":"panelu-turetajs-grabber-060r","status":"publish","type":"product","link":"https:\/\/hartico.ee\/lv\/product\/panelu-turetajs-grabber-060r\/","title":{"rendered":"Pane\u013cu tur\u0113t\u0101js GRABBER 060R"},"content":{"rendered":"<h4>Univers\u0101ls pane\u013cu tur\u0113t\u0101js GRABBER 060R<\/h4>\n<p>&nbsp;<\/p>\n<h5>Viegla pacel\u0161ana, dro\u0161a p\u0101rn\u0113s\u0101\u0161ana. Univers\u0101la p\u0101rn\u0113s\u0101\u0161anas ier\u012bce.<\/h5>\n<p>Ar m\u016bsu vieglo, ergonomiski izstr\u0101d\u0101to paneli GRABBER 060R j\u016bs varat dro\u0161i transport\u0113t \u0161\u0101dus priek\u0161metus:<\/p>\n<ul>\n<li>Koksne (piem\u0113ram, logu r\u0101mji, skaidu pl\u0101tnes, durvis<\/li>\n<li>Met\u0101ls (piem\u0113ram, t\u0113rauds, alum\u012bnijs, var\u0161)<\/li>\n<li>Plastmasa, re\u0123ipsis, citi materi\u0101li.<\/li>\n<\/ul>\n<h5>Var izmantot<\/h5>\n<ul>\n<li>Aizsarg\u0101tai durvju un deta\u013cu ar trausl\u0101m virsm\u0101m p\u0101rn\u0113s\u0101\u0161anai<\/li>\n<li>K\u0101 d\u0113\u013cu un pl\u0101k\u0161\u0146u nes\u0113js<\/li>\n<li>K\u0101 pal\u012bgl\u012bdzeklis pl\u0101k\u0161\u0146u no\u0146em\u0161anai no plauktiem un plauktiem<\/li>\n<li>Smag\u0101m pl\u0101ksn\u0113m<\/li>\n<li>Dro\u0161ai p\u0101rn\u0113s\u0101\u0161anai (pat pagrieziena r\u0101dius\u0101)<\/li>\n<\/ul>\n<p>Kravnes\u012bba: 75 kg<br \/>\nSvars: apm. 1 kg<br \/>\nPievilk\u0161anas diapazons: 0 &#8211; 60 mm<\/p>\n<p>Protected by an international patent<\/p>\n","protected":false},"excerpt":{"rendered":"<p>Univers\u0101ls pane\u013cu tur\u0113t\u0101js GRABBER 060R &nbsp; Viegla pacel\u0161ana, dro\u0161a p\u0101rn\u0113s\u0101\u0161ana. Univers\u0101la p\u0101rn\u0113s\u0101\u0161anas ier\u012bce. Ar m\u016bsu vieglo, ergonomiski izstr\u0101d\u0101to paneli GRABBER 060R j\u016bs varat dro\u0161i transport\u0113t \u0161\u0101dus priek\u0161metus: Koksne (piem\u0113ram, logu r\u0101mji, skaidu pl\u0101tnes, durvis Met\u0101ls (piem\u0113ram, t\u0113rauds, alum\u012bnijs, var\u0161) Plastmasa, re\u0123ipsis, citi materi\u0101li. Var izmantot Aizsarg\u0101tai durvju un deta\u013cu ar trausl\u0101m virsm\u0101m p\u0101rn\u0113s\u0101\u0161anai K\u0101 d\u0113\u013cu [&hellip;]<\/p>\n","protected":false},"featured_media":17689,"template":"","meta":{"_acf_changed":false,"inline_featured_image":false},"product_brand":[],"product_cat":[345],"product_tag":[],"class_list":{"0":"post-17696","1":"product","2":"type-product","3":"status-publish","4":"has-post-thumbnail","6":"product_cat-pacelsanas-instrumenti-lv","8":"first","9":"instock","10":"sale","11":"taxable","12":"shipping-taxable","13":"purchasable","14":"product-type-simple"},"acf":[],"yoast_head":"<!-- This site is optimized with the Yoast SEO plugin v27.3 - https:\/\/yoast.com\/product\/yoast-seo-wordpress\/ -->\n<title>Pane\u013cu tur\u0113t\u0101js GRABBER 060R - Hartico<\/title>\n<meta name=\"description\" content=\"Ar pane\u013cu tur\u0113t\u0101ju GRABBER 060R varat dro\u0161i transport\u0113t \u0161\u0101dus priek\u0161metus: logu r\u0101mji, skaidu pl\u0101tnes, durvis, t\u0113rauds, alum\u012bnijs, re\u0123ipsis\" \/>\n<meta name=\"robots\" content=\"index, follow, max-snippet:-1, max-image-preview:large, max-video-preview:-1\" \/>\n<link rel=\"canonical\" href=\"https:\/\/hartico.ee\/lv\/product\/panelu-turetajs-grabber-060r\/\" \/>\n<meta property=\"og:locale\" content=\"lv_LV\" \/>\n<meta property=\"og:type\" content=\"article\" \/>\n<meta property=\"og:title\" content=\"Pane\u013cu tur\u0113t\u0101js GRABBER 060R - Hartico\" \/>\n<meta property=\"og:description\" content=\"Ar pane\u013cu tur\u0113t\u0101ju GRABBER 060R varat dro\u0161i transport\u0113t \u0161\u0101dus priek\u0161metus: logu r\u0101mji, skaidu pl\u0101tnes, durvis, t\u0113rauds, alum\u012bnijs, re\u0123ipsis\" \/>\n<meta property=\"og:url\" content=\"https:\/\/hartico.ee\/lv\/product\/panelu-turetajs-grabber-060r\/\" \/>\n<meta property=\"og:site_name\" content=\"Hartico\" \/>\n<meta property=\"article:publisher\" content=\"https:\/\/www.facebook.com\/SANOTransportgeraeteBaltics\/\" \/>\n<meta property=\"article:modified_time\" content=\"2022-06-17T14:56:43+00:00\" \/>\n<meta property=\"og:image\" content=\"https:\/\/hartico.ee\/wp-content\/uploads\/2022\/06\/0064.jpg\" \/>\n\t<meta property=\"og:image:width\" content=\"1600\" \/>\n\t<meta property=\"og:image:height\" content=\"1600\" \/>\n\t<meta property=\"og:image:type\" content=\"image\/jpeg\" \/>\n<meta name=\"twitter:card\" content=\"summary_large_image\" \/>\n<meta name=\"twitter:label1\" content=\"Est. reading time\" \/>\n\t<meta name=\"twitter:data1\" content=\"1 min\u016b\u0161u\" \/>\n<script type=\"application\/ld+json\" class=\"yoast-schema-graph\">{\"@context\":\"https:\\\/\\\/schema.org\",\"@graph\":[{\"@type\":\"WebPage\",\"@id\":\"https:\\\/\\\/hartico.ee\\\/lv\\\/product\\\/panelu-turetajs-grabber-060r\\\/\",\"url\":\"https:\\\/\\\/hartico.ee\\\/lv\\\/product\\\/panelu-turetajs-grabber-060r\\\/\",\"name\":\"Pane\u013cu tur\u0113t\u0101js GRABBER 060R - Hartico\",\"isPartOf\":{\"@id\":\"https:\\\/\\\/hartico.ee\\\/lv\\\/#website\"},\"primaryImageOfPage\":{\"@id\":\"https:\\\/\\\/hartico.ee\\\/lv\\\/product\\\/panelu-turetajs-grabber-060r\\\/#primaryimage\"},\"image\":{\"@id\":\"https:\\\/\\\/hartico.ee\\\/lv\\\/product\\\/panelu-turetajs-grabber-060r\\\/#primaryimage\"},\"thumbnailUrl\":\"https:\\\/\\\/hartico.ee\\\/wp-content\\\/uploads\\\/2022\\\/06\\\/0064.jpg\",\"datePublished\":\"2022-06-17T14:23:23+00:00\",\"dateModified\":\"2022-06-17T14:56:43+00:00\",\"description\":\"Ar pane\u013cu tur\u0113t\u0101ju GRABBER 060R varat dro\u0161i transport\u0113t \u0161\u0101dus priek\u0161metus: logu r\u0101mji, skaidu pl\u0101tnes, durvis, t\u0113rauds, alum\u012bnijs, re\u0123ipsis\",\"breadcrumb\":{\"@id\":\"https:\\\/\\\/hartico.ee\\\/lv\\\/product\\\/panelu-turetajs-grabber-060r\\\/#breadcrumb\"},\"inLanguage\":\"lv-LV\",\"potentialAction\":[{\"@type\":\"ReadAction\",\"target\":[\"https:\\\/\\\/hartico.ee\\\/lv\\\/product\\\/panelu-turetajs-grabber-060r\\\/\"]}]},{\"@type\":\"ImageObject\",\"inLanguage\":\"lv-LV\",\"@id\":\"https:\\\/\\\/hartico.ee\\\/lv\\\/product\\\/panelu-turetajs-grabber-060r\\\/#primaryimage\",\"url\":\"https:\\\/\\\/hartico.ee\\\/wp-content\\\/uploads\\\/2022\\\/06\\\/0064.jpg\",\"contentUrl\":\"https:\\\/\\\/hartico.ee\\\/wp-content\\\/uploads\\\/2022\\\/06\\\/0064.jpg\",\"width\":1600,\"height\":1600,\"caption\":\"Pane\u013cu tur\u0113t\u0101js GRABBER 060R\"},{\"@type\":\"BreadcrumbList\",\"@id\":\"https:\\\/\\\/hartico.ee\\\/lv\\\/product\\\/panelu-turetajs-grabber-060r\\\/#breadcrumb\",\"itemListElement\":[{\"@type\":\"ListItem\",\"position\":1,\"name\":\"Esileht\",\"item\":\"https:\\\/\\\/hartico.ee\\\/lv\\\/\"},{\"@type\":\"ListItem\",\"position\":2,\"name\":\"Produkti\",\"item\":\"https:\\\/\\\/hartico.ee\\\/lv\\\/shop\\\/\"},{\"@type\":\"ListItem\",\"position\":3,\"name\":\"Pane\u013cu tur\u0113t\u0101js GRABBER 060R\"}]},{\"@type\":\"WebSite\",\"@id\":\"https:\\\/\\\/hartico.ee\\\/lv\\\/#website\",\"url\":\"https:\\\/\\\/hartico.ee\\\/lv\\\/\",\"name\":\"Hartico\",\"description\":\"Lifting and moving systems LIFTKAR, Xetto, Expresso\",\"publisher\":{\"@id\":\"https:\\\/\\\/hartico.ee\\\/lv\\\/#organization\"},\"potentialAction\":[{\"@type\":\"SearchAction\",\"target\":{\"@type\":\"EntryPoint\",\"urlTemplate\":\"https:\\\/\\\/hartico.ee\\\/lv\\\/?s={search_term_string}\"},\"query-input\":{\"@type\":\"PropertyValueSpecification\",\"valueRequired\":true,\"valueName\":\"search_term_string\"}}],\"inLanguage\":\"lv-LV\"},{\"@type\":\"Organization\",\"@id\":\"https:\\\/\\\/hartico.ee\\\/lv\\\/#organization\",\"name\":\"Hartico\",\"url\":\"https:\\\/\\\/hartico.ee\\\/lv\\\/\",\"logo\":{\"@type\":\"ImageObject\",\"inLanguage\":\"lv-LV\",\"@id\":\"https:\\\/\\\/hartico.ee\\\/lv\\\/#\\\/schema\\\/logo\\\/image\\\/\",\"url\":\"https:\\\/\\\/hartico.ee\\\/wp-content\\\/uploads\\\/2018\\\/11\\\/hartico_logo_with_slogan_onecolor.svg\",\"contentUrl\":\"https:\\\/\\\/hartico.ee\\\/wp-content\\\/uploads\\\/2018\\\/11\\\/hartico_logo_with_slogan_onecolor.svg\",\"width\":424,\"height\":157,\"caption\":\"Hartico\"},\"image\":{\"@id\":\"https:\\\/\\\/hartico.ee\\\/lv\\\/#\\\/schema\\\/logo\\\/image\\\/\"},\"sameAs\":[\"https:\\\/\\\/www.facebook.com\\\/SANOTransportgeraeteBaltics\\\/\"]}]}<\/script>\n<!-- \/ Yoast SEO plugin. -->","yoast_head_json":{"title":"Pane\u013cu tur\u0113t\u0101js GRABBER 060R - Hartico","description":"Ar pane\u013cu tur\u0113t\u0101ju GRABBER 060R varat dro\u0161i transport\u0113t \u0161\u0101dus priek\u0161metus: logu r\u0101mji, skaidu pl\u0101tnes, durvis, t\u0113rauds, alum\u012bnijs, re\u0123ipsis","robots":{"index":"index","follow":"follow","max-snippet":"max-snippet:-1","max-image-preview":"max-image-preview:large","max-video-preview":"max-video-preview:-1"},"canonical":"https:\/\/hartico.ee\/lv\/product\/panelu-turetajs-grabber-060r\/","og_locale":"lv_LV","og_type":"article","og_title":"Pane\u013cu tur\u0113t\u0101js GRABBER 060R - Hartico","og_description":"Ar pane\u013cu tur\u0113t\u0101ju GRABBER 060R varat dro\u0161i transport\u0113t \u0161\u0101dus priek\u0161metus: logu r\u0101mji, skaidu pl\u0101tnes, durvis, t\u0113rauds, alum\u012bnijs, re\u0123ipsis","og_url":"https:\/\/hartico.ee\/lv\/product\/panelu-turetajs-grabber-060r\/","og_site_name":"Hartico","article_publisher":"https:\/\/www.facebook.com\/SANOTransportgeraeteBaltics\/","article_modified_time":"2022-06-17T14:56:43+00:00","og_image":[{"width":1600,"height":1600,"url":"https:\/\/hartico.ee\/wp-content\/uploads\/2022\/06\/0064.jpg","type":"image\/jpeg"}],"twitter_card":"summary_large_image","twitter_misc":{"Est. reading time":"1 min\u016b\u0161u"},"schema":{"@context":"https:\/\/schema.org","@graph":[{"@type":"WebPage","@id":"https:\/\/hartico.ee\/lv\/product\/panelu-turetajs-grabber-060r\/","url":"https:\/\/hartico.ee\/lv\/product\/panelu-turetajs-grabber-060r\/","name":"Pane\u013cu tur\u0113t\u0101js GRABBER 060R - Hartico","isPartOf":{"@id":"https:\/\/hartico.ee\/lv\/#website"},"primaryImageOfPage":{"@id":"https:\/\/hartico.ee\/lv\/product\/panelu-turetajs-grabber-060r\/#primaryimage"},"image":{"@id":"https:\/\/hartico.ee\/lv\/product\/panelu-turetajs-grabber-060r\/#primaryimage"},"thumbnailUrl":"https:\/\/hartico.ee\/wp-content\/uploads\/2022\/06\/0064.jpg","datePublished":"2022-06-17T14:23:23+00:00","dateModified":"2022-06-17T14:56:43+00:00","description":"Ar pane\u013cu tur\u0113t\u0101ju GRABBER 060R varat dro\u0161i transport\u0113t \u0161\u0101dus priek\u0161metus: logu r\u0101mji, skaidu pl\u0101tnes, durvis, t\u0113rauds, alum\u012bnijs, re\u0123ipsis","breadcrumb":{"@id":"https:\/\/hartico.ee\/lv\/product\/panelu-turetajs-grabber-060r\/#breadcrumb"},"inLanguage":"lv-LV","potentialAction":[{"@type":"ReadAction","target":["https:\/\/hartico.ee\/lv\/product\/panelu-turetajs-grabber-060r\/"]}]},{"@type":"ImageObject","inLanguage":"lv-LV","@id":"https:\/\/hartico.ee\/lv\/product\/panelu-turetajs-grabber-060r\/#primaryimage","url":"https:\/\/hartico.ee\/wp-content\/uploads\/2022\/06\/0064.jpg","contentUrl":"https:\/\/hartico.ee\/wp-content\/uploads\/2022\/06\/0064.jpg","width":1600,"height":1600,"caption":"Pane\u013cu tur\u0113t\u0101js GRABBER 060R"},{"@type":"BreadcrumbList","@id":"https:\/\/hartico.ee\/lv\/product\/panelu-turetajs-grabber-060r\/#breadcrumb","itemListElement":[{"@type":"ListItem","position":1,"name":"Esileht","item":"https:\/\/hartico.ee\/lv\/"},{"@type":"ListItem","position":2,"name":"Produkti","item":"https:\/\/hartico.ee\/lv\/shop\/"},{"@type":"ListItem","position":3,"name":"Pane\u013cu tur\u0113t\u0101js GRABBER 060R"}]},{"@type":"WebSite","@id":"https:\/\/hartico.ee\/lv\/#website","url":"https:\/\/hartico.ee\/lv\/","name":"Hartico","description":"Lifting and moving systems LIFTKAR, Xetto, Expresso","publisher":{"@id":"https:\/\/hartico.ee\/lv\/#organization"},"potentialAction":[{"@type":"SearchAction","target":{"@type":"EntryPoint","urlTemplate":"https:\/\/hartico.ee\/lv\/?s={search_term_string}"},"query-input":{"@type":"PropertyValueSpecification","valueRequired":true,"valueName":"search_term_string"}}],"inLanguage":"lv-LV"},{"@type":"Organization","@id":"https:\/\/hartico.ee\/lv\/#organization","name":"Hartico","url":"https:\/\/hartico.ee\/lv\/","logo":{"@type":"ImageObject","inLanguage":"lv-LV","@id":"https:\/\/hartico.ee\/lv\/#\/schema\/logo\/image\/","url":"https:\/\/hartico.ee\/wp-content\/uploads\/2018\/11\/hartico_logo_with_slogan_onecolor.svg","contentUrl":"https:\/\/hartico.ee\/wp-content\/uploads\/2018\/11\/hartico_logo_with_slogan_onecolor.svg","width":424,"height":157,"caption":"Hartico"},"image":{"@id":"https:\/\/hartico.ee\/lv\/#\/schema\/logo\/image\/"},"sameAs":["https:\/\/www.facebook.com\/SANOTransportgeraeteBaltics\/"]}]}},"_links":{"self":[{"href":"https:\/\/hartico.ee\/lv\/wp-json\/wp\/v2\/product\/17696","targetHints":{"allow":["GET"]}}],"collection":[{"href":"https:\/\/hartico.ee\/lv\/wp-json\/wp\/v2\/product"}],"about":[{"href":"https:\/\/hartico.ee\/lv\/wp-json\/wp\/v2\/types\/product"}],"wp:featuredmedia":[{"embeddable":true,"href":"https:\/\/hartico.ee\/lv\/wp-json\/wp\/v2\/media\/17689"}],"wp:attachment":[{"href":"https:\/\/hartico.ee\/lv\/wp-json\/wp\/v2\/media?parent=17696"}],"wp:term":[{"taxonomy":"product_brand","embeddable":true,"href":"https:\/\/hartico.ee\/lv\/wp-json\/wp\/v2\/product_brand?post=17696"},{"taxonomy":"product_cat","embeddable":true,"href":"https:\/\/hartico.ee\/lv\/wp-json\/wp\/v2\/product_cat?post=17696"},{"taxonomy":"product_tag","embeddable":true,"href":"https:\/\/hartico.ee\/lv\/wp-json\/wp\/v2\/product_tag?post=17696"}],"curies":[{"name":"wp","href":"https:\/\/api.w.org\/{rel}","templated":true}]}}