{"id":17678,"date":"2019-11-21T10:26:21","date_gmt":"2019-11-21T08:26:21","guid":{"rendered":"https:\/\/hartico.ee\/product\/expresso-piccolino50-alumiiniumkaru-kokkuklapitav\/"},"modified":"2023-10-19T08:22:02","modified_gmt":"2023-10-19T06:22:02","slug":"expresso-piccolino-50-aluminija-ratini-kompakti","status":"publish","type":"product","link":"https:\/\/hartico.ee\/lv\/product\/expresso-piccolino-50-aluminija-ratini-kompakti\/","title":{"rendered":"EXPRESSO Piccolino 50 alum\u012bnija rati\u0146i, kompakti"},"content":{"rendered":"<p>Labs dizains un kompaktums padara Expresso Piccolino 50 rati\u0146us par lielisku instrumentu pre\u010du p\u0101rvad\u0101\u0161anai.<\/p>\n<p>Ar vienk\u0101r\u0161u pogas nospie\u0161anu ratu r\u0101mi var pagarin\u0101t vai saloc\u012bt, izmantojot rokturi.<\/p>\n<p>Piccolino ir \u0101tri atvienojamas elast\u012bgas auklas priek\u0161metu nostiprin\u0101\u0161anai.<\/p>\n<p>&nbsp;<\/p>\n<p>Expresso Deutschland ir pla\u0161i paz\u012bstams profesion\u0101lo rati\u0146u ra\u017eot\u0101js.<\/p>\n<figure class=\"wp-block-embed wp-block-embed-youtube is-type-video is-provider-youtube epyt-figure\"><div class=\"wp-block-embed__wrapper\"><iframe loading=\"lazy\"  id=\"_ytid_45364\"  width=\"500\" height=\"300\"  data-origwidth=\"500\" data-origheight=\"300\" src=\"https:\/\/www.youtube.com\/embed\/-ON-xeLV2b8?enablejsapi=1&autoplay=0&cc_load_policy=0&cc_lang_pref=&iv_load_policy=1&loop=0&rel=1&fs=1&playsinline=0&autohide=2&theme=dark&color=red&controls=1&disablekb=0&\" class=\"__youtube_prefs__  no-lazyload\" title=\"YouTube player\"  allow=\"fullscreen; accelerometer; autoplay; clipboard-write; encrypted-media; gyroscope; picture-in-picture; web-share\" referrerpolicy=\"strict-origin-when-cross-origin\" allowfullscreen data-no-lazy=\"1\" data-skipgform_ajax_framebjll=\"\"><\/iframe><\/div><\/figure>\n","protected":false},"excerpt":{"rendered":"<p>Labs dizains un kompaktums padara Expresso Piccolino 50 rati\u0146us par lielisku instrumentu pre\u010du p\u0101rvad\u0101\u0161anai. Ar vienk\u0101r\u0161u pogas nospie\u0161anu ratu r\u0101mi var pagarin\u0101t vai saloc\u012bt, izmantojot rokturi. Piccolino ir \u0101tri atvienojamas elast\u012bgas auklas priek\u0161metu nostiprin\u0101\u0161anai. &nbsp; Expresso Deutschland ir pla\u0161i paz\u012bstams profesion\u0101lo rati\u0146u ra\u017eot\u0101js.<\/p>\n","protected":false},"featured_media":9389,"template":"","meta":{"_acf_changed":false,"inline_featured_image":false},"product_brand":[],"product_cat":[887],"product_tag":[360,930,361,362,935],"class_list":{"0":"post-17678","1":"product","2":"type-product","3":"status-publish","4":"has-post-thumbnail","6":"product_cat-izpardosana-20-50-70","7":"product_tag-alumiiniumkaru-lv","8":"product_tag-expresso-de-lv","9":"product_tag-kaubakaru-lv","10":"product_tag-laokaru-lv","11":"product_tag-piccolino-lv","13":"first","14":"instock","15":"sale","16":"taxable","17":"shipping-taxable","18":"purchasable","19":"product-type-simple"},"acf":[],"yoast_head":"<!-- This site is optimized with the Yoast SEO plugin v27.3 - https:\/\/yoast.com\/product\/yoast-seo-wordpress\/ -->\n<title>EXPRESSO Piccolino 50 alum\u012bnija rati\u0146i, kompakti - Hartico<\/title>\n<meta name=\"description\" content=\"Expresso kokkuklapitav alumiiniumik\u00e4ru teeb kauba transportimise lihtsamaks. Kompaktne kokku-lahti klapitav k\u00e4ru ei v\u00f5ta autos ruumi.\" \/>\n<meta name=\"robots\" content=\"index, follow, max-snippet:-1, max-image-preview:large, max-video-preview:-1\" \/>\n<link rel=\"canonical\" href=\"https:\/\/hartico.ee\/lv\/product\/expresso-piccolino-50-aluminija-ratini-kompakti\/\" \/>\n<meta property=\"og:locale\" content=\"lv_LV\" \/>\n<meta property=\"og:type\" content=\"article\" \/>\n<meta property=\"og:title\" content=\"EXPRESSO Piccolino 50 alum\u012bnija rati\u0146i, kompakti - Hartico\" \/>\n<meta property=\"og:description\" content=\"Expresso kokkuklapitav alumiiniumik\u00e4ru teeb kauba transportimise lihtsamaks. Kompaktne kokku-lahti klapitav k\u00e4ru ei v\u00f5ta autos ruumi.\" \/>\n<meta property=\"og:url\" content=\"https:\/\/hartico.ee\/lv\/product\/expresso-piccolino-50-aluminija-ratini-kompakti\/\" \/>\n<meta property=\"og:site_name\" content=\"Hartico\" \/>\n<meta property=\"article:publisher\" content=\"https:\/\/www.facebook.com\/SANOTransportgeraeteBaltics\/\" \/>\n<meta property=\"article:modified_time\" content=\"2023-10-19T06:22:02+00:00\" \/>\n<meta property=\"og:image\" content=\"https:\/\/hartico.ee\/wp-content\/uploads\/2019\/11\/Expresso-022300-519x1024.png\" \/>\n\t<meta property=\"og:image:width\" content=\"519\" \/>\n\t<meta property=\"og:image:height\" content=\"1024\" \/>\n\t<meta property=\"og:image:type\" content=\"image\/png\" \/>\n<meta name=\"twitter:card\" content=\"summary_large_image\" \/>\n<meta name=\"twitter:label1\" content=\"Est. reading time\" \/>\n\t<meta name=\"twitter:data1\" content=\"1 min\u016b\u0161u\" \/>\n<script type=\"application\/ld+json\" class=\"yoast-schema-graph\">{\"@context\":\"https:\\\/\\\/schema.org\",\"@graph\":[{\"@type\":\"WebPage\",\"@id\":\"https:\\\/\\\/hartico.ee\\\/lv\\\/product\\\/expresso-piccolino-50-aluminija-ratini-kompakti\\\/\",\"url\":\"https:\\\/\\\/hartico.ee\\\/lv\\\/product\\\/expresso-piccolino-50-aluminija-ratini-kompakti\\\/\",\"name\":\"EXPRESSO Piccolino 50 alum\u012bnija rati\u0146i, kompakti - Hartico\",\"isPartOf\":{\"@id\":\"https:\\\/\\\/hartico.ee\\\/lv\\\/#website\"},\"primaryImageOfPage\":{\"@id\":\"https:\\\/\\\/hartico.ee\\\/lv\\\/product\\\/expresso-piccolino-50-aluminija-ratini-kompakti\\\/#primaryimage\"},\"image\":{\"@id\":\"https:\\\/\\\/hartico.ee\\\/lv\\\/product\\\/expresso-piccolino-50-aluminija-ratini-kompakti\\\/#primaryimage\"},\"thumbnailUrl\":\"https:\\\/\\\/hartico.ee\\\/wp-content\\\/uploads\\\/2019\\\/11\\\/Expresso-022300.png\",\"datePublished\":\"2019-11-21T08:26:21+00:00\",\"dateModified\":\"2023-10-19T06:22:02+00:00\",\"description\":\"Expresso kokkuklapitav alumiiniumik\u00e4ru teeb kauba transportimise lihtsamaks. Kompaktne kokku-lahti klapitav k\u00e4ru ei v\u00f5ta autos ruumi.\",\"breadcrumb\":{\"@id\":\"https:\\\/\\\/hartico.ee\\\/lv\\\/product\\\/expresso-piccolino-50-aluminija-ratini-kompakti\\\/#breadcrumb\"},\"inLanguage\":\"lv-LV\",\"potentialAction\":[{\"@type\":\"ReadAction\",\"target\":[\"https:\\\/\\\/hartico.ee\\\/lv\\\/product\\\/expresso-piccolino-50-aluminija-ratini-kompakti\\\/\"]}]},{\"@type\":\"ImageObject\",\"inLanguage\":\"lv-LV\",\"@id\":\"https:\\\/\\\/hartico.ee\\\/lv\\\/product\\\/expresso-piccolino-50-aluminija-ratini-kompakti\\\/#primaryimage\",\"url\":\"https:\\\/\\\/hartico.ee\\\/wp-content\\\/uploads\\\/2019\\\/11\\\/Expresso-022300.png\",\"contentUrl\":\"https:\\\/\\\/hartico.ee\\\/wp-content\\\/uploads\\\/2019\\\/11\\\/Expresso-022300.png\",\"width\":760,\"height\":1500,\"caption\":\"EXPRESSO Piccolino 50 alumiiniumk\u00e4ru, kokkuklapitav\"},{\"@type\":\"BreadcrumbList\",\"@id\":\"https:\\\/\\\/hartico.ee\\\/lv\\\/product\\\/expresso-piccolino-50-aluminija-ratini-kompakti\\\/#breadcrumb\",\"itemListElement\":[{\"@type\":\"ListItem\",\"position\":1,\"name\":\"Esileht\",\"item\":\"https:\\\/\\\/hartico.ee\\\/lv\\\/\"},{\"@type\":\"ListItem\",\"position\":2,\"name\":\"Produkti\",\"item\":\"https:\\\/\\\/hartico.ee\\\/lv\\\/shop\\\/\"},{\"@type\":\"ListItem\",\"position\":3,\"name\":\"EXPRESSO Piccolino 50 alum\u012bnija rati\u0146i, kompakti\"}]},{\"@type\":\"WebSite\",\"@id\":\"https:\\\/\\\/hartico.ee\\\/lv\\\/#website\",\"url\":\"https:\\\/\\\/hartico.ee\\\/lv\\\/\",\"name\":\"Hartico\",\"description\":\"Lifting and moving systems LIFTKAR, Xetto, Expresso\",\"publisher\":{\"@id\":\"https:\\\/\\\/hartico.ee\\\/lv\\\/#organization\"},\"potentialAction\":[{\"@type\":\"SearchAction\",\"target\":{\"@type\":\"EntryPoint\",\"urlTemplate\":\"https:\\\/\\\/hartico.ee\\\/lv\\\/?s={search_term_string}\"},\"query-input\":{\"@type\":\"PropertyValueSpecification\",\"valueRequired\":true,\"valueName\":\"search_term_string\"}}],\"inLanguage\":\"lv-LV\"},{\"@type\":\"Organization\",\"@id\":\"https:\\\/\\\/hartico.ee\\\/lv\\\/#organization\",\"name\":\"Hartico\",\"url\":\"https:\\\/\\\/hartico.ee\\\/lv\\\/\",\"logo\":{\"@type\":\"ImageObject\",\"inLanguage\":\"lv-LV\",\"@id\":\"https:\\\/\\\/hartico.ee\\\/lv\\\/#\\\/schema\\\/logo\\\/image\\\/\",\"url\":\"https:\\\/\\\/hartico.ee\\\/wp-content\\\/uploads\\\/2018\\\/11\\\/hartico_logo_with_slogan_onecolor.svg\",\"contentUrl\":\"https:\\\/\\\/hartico.ee\\\/wp-content\\\/uploads\\\/2018\\\/11\\\/hartico_logo_with_slogan_onecolor.svg\",\"width\":424,\"height\":157,\"caption\":\"Hartico\"},\"image\":{\"@id\":\"https:\\\/\\\/hartico.ee\\\/lv\\\/#\\\/schema\\\/logo\\\/image\\\/\"},\"sameAs\":[\"https:\\\/\\\/www.facebook.com\\\/SANOTransportgeraeteBaltics\\\/\"]}]}<\/script>\n<!-- \/ Yoast SEO plugin. -->","yoast_head_json":{"title":"EXPRESSO Piccolino 50 alum\u012bnija rati\u0146i, kompakti - Hartico","description":"Expresso kokkuklapitav alumiiniumik\u00e4ru teeb kauba transportimise lihtsamaks. Kompaktne kokku-lahti klapitav k\u00e4ru ei v\u00f5ta autos ruumi.","robots":{"index":"index","follow":"follow","max-snippet":"max-snippet:-1","max-image-preview":"max-image-preview:large","max-video-preview":"max-video-preview:-1"},"canonical":"https:\/\/hartico.ee\/lv\/product\/expresso-piccolino-50-aluminija-ratini-kompakti\/","og_locale":"lv_LV","og_type":"article","og_title":"EXPRESSO Piccolino 50 alum\u012bnija rati\u0146i, kompakti - Hartico","og_description":"Expresso kokkuklapitav alumiiniumik\u00e4ru teeb kauba transportimise lihtsamaks. Kompaktne kokku-lahti klapitav k\u00e4ru ei v\u00f5ta autos ruumi.","og_url":"https:\/\/hartico.ee\/lv\/product\/expresso-piccolino-50-aluminija-ratini-kompakti\/","og_site_name":"Hartico","article_publisher":"https:\/\/www.facebook.com\/SANOTransportgeraeteBaltics\/","article_modified_time":"2023-10-19T06:22:02+00:00","og_image":[{"width":519,"height":1024,"url":"https:\/\/hartico.ee\/wp-content\/uploads\/2019\/11\/Expresso-022300-519x1024.png","type":"image\/png"}],"twitter_card":"summary_large_image","twitter_misc":{"Est. reading time":"1 min\u016b\u0161u"},"schema":{"@context":"https:\/\/schema.org","@graph":[{"@type":"WebPage","@id":"https:\/\/hartico.ee\/lv\/product\/expresso-piccolino-50-aluminija-ratini-kompakti\/","url":"https:\/\/hartico.ee\/lv\/product\/expresso-piccolino-50-aluminija-ratini-kompakti\/","name":"EXPRESSO Piccolino 50 alum\u012bnija rati\u0146i, kompakti - Hartico","isPartOf":{"@id":"https:\/\/hartico.ee\/lv\/#website"},"primaryImageOfPage":{"@id":"https:\/\/hartico.ee\/lv\/product\/expresso-piccolino-50-aluminija-ratini-kompakti\/#primaryimage"},"image":{"@id":"https:\/\/hartico.ee\/lv\/product\/expresso-piccolino-50-aluminija-ratini-kompakti\/#primaryimage"},"thumbnailUrl":"https:\/\/hartico.ee\/wp-content\/uploads\/2019\/11\/Expresso-022300.png","datePublished":"2019-11-21T08:26:21+00:00","dateModified":"2023-10-19T06:22:02+00:00","description":"Expresso kokkuklapitav alumiiniumik\u00e4ru teeb kauba transportimise lihtsamaks. Kompaktne kokku-lahti klapitav k\u00e4ru ei v\u00f5ta autos ruumi.","breadcrumb":{"@id":"https:\/\/hartico.ee\/lv\/product\/expresso-piccolino-50-aluminija-ratini-kompakti\/#breadcrumb"},"inLanguage":"lv-LV","potentialAction":[{"@type":"ReadAction","target":["https:\/\/hartico.ee\/lv\/product\/expresso-piccolino-50-aluminija-ratini-kompakti\/"]}]},{"@type":"ImageObject","inLanguage":"lv-LV","@id":"https:\/\/hartico.ee\/lv\/product\/expresso-piccolino-50-aluminija-ratini-kompakti\/#primaryimage","url":"https:\/\/hartico.ee\/wp-content\/uploads\/2019\/11\/Expresso-022300.png","contentUrl":"https:\/\/hartico.ee\/wp-content\/uploads\/2019\/11\/Expresso-022300.png","width":760,"height":1500,"caption":"EXPRESSO Piccolino 50 alumiiniumk\u00e4ru, kokkuklapitav"},{"@type":"BreadcrumbList","@id":"https:\/\/hartico.ee\/lv\/product\/expresso-piccolino-50-aluminija-ratini-kompakti\/#breadcrumb","itemListElement":[{"@type":"ListItem","position":1,"name":"Esileht","item":"https:\/\/hartico.ee\/lv\/"},{"@type":"ListItem","position":2,"name":"Produkti","item":"https:\/\/hartico.ee\/lv\/shop\/"},{"@type":"ListItem","position":3,"name":"EXPRESSO Piccolino 50 alum\u012bnija rati\u0146i, kompakti"}]},{"@type":"WebSite","@id":"https:\/\/hartico.ee\/lv\/#website","url":"https:\/\/hartico.ee\/lv\/","name":"Hartico","description":"Lifting and moving systems LIFTKAR, Xetto, Expresso","publisher":{"@id":"https:\/\/hartico.ee\/lv\/#organization"},"potentialAction":[{"@type":"SearchAction","target":{"@type":"EntryPoint","urlTemplate":"https:\/\/hartico.ee\/lv\/?s={search_term_string}"},"query-input":{"@type":"PropertyValueSpecification","valueRequired":true,"valueName":"search_term_string"}}],"inLanguage":"lv-LV"},{"@type":"Organization","@id":"https:\/\/hartico.ee\/lv\/#organization","name":"Hartico","url":"https:\/\/hartico.ee\/lv\/","logo":{"@type":"ImageObject","inLanguage":"lv-LV","@id":"https:\/\/hartico.ee\/lv\/#\/schema\/logo\/image\/","url":"https:\/\/hartico.ee\/wp-content\/uploads\/2018\/11\/hartico_logo_with_slogan_onecolor.svg","contentUrl":"https:\/\/hartico.ee\/wp-content\/uploads\/2018\/11\/hartico_logo_with_slogan_onecolor.svg","width":424,"height":157,"caption":"Hartico"},"image":{"@id":"https:\/\/hartico.ee\/lv\/#\/schema\/logo\/image\/"},"sameAs":["https:\/\/www.facebook.com\/SANOTransportgeraeteBaltics\/"]}]}},"_links":{"self":[{"href":"https:\/\/hartico.ee\/lv\/wp-json\/wp\/v2\/product\/17678","targetHints":{"allow":["GET"]}}],"collection":[{"href":"https:\/\/hartico.ee\/lv\/wp-json\/wp\/v2\/product"}],"about":[{"href":"https:\/\/hartico.ee\/lv\/wp-json\/wp\/v2\/types\/product"}],"wp:featuredmedia":[{"embeddable":true,"href":"https:\/\/hartico.ee\/lv\/wp-json\/wp\/v2\/media\/9389"}],"wp:attachment":[{"href":"https:\/\/hartico.ee\/lv\/wp-json\/wp\/v2\/media?parent=17678"}],"wp:term":[{"taxonomy":"product_brand","embeddable":true,"href":"https:\/\/hartico.ee\/lv\/wp-json\/wp\/v2\/product_brand?post=17678"},{"taxonomy":"product_cat","embeddable":true,"href":"https:\/\/hartico.ee\/lv\/wp-json\/wp\/v2\/product_cat?post=17678"},{"taxonomy":"product_tag","embeddable":true,"href":"https:\/\/hartico.ee\/lv\/wp-json\/wp\/v2\/product_tag?post=17678"}],"curies":[{"name":"wp","href":"https:\/\/api.w.org\/{rel}","templated":true}]}}