{"id":17529,"date":"2022-03-31T10:39:22","date_gmt":"2022-03-31T08:39:22","guid":{"rendered":"https:\/\/hartico.ee\/product\/exoskeleton-hapo-ph-2\/"},"modified":"2023-07-19T11:05:34","modified_gmt":"2023-07-19T09:05:34","slug":"exoskeleton-hapo-ph-2","status":"publish","type":"product","link":"https:\/\/hartico.ee\/lv\/product\/exoskeleton-hapo-ph-2\/","title":{"rendered":"Eksoskelets HAPO V2 mugurai"},"content":{"rendered":"<p>Eksoskelets HAPO V2 ar muguras atbalstu ir patiess jaunin\u0101jums fizisk\u0101s pal\u012bdz\u012bbas ier\u012b\u010du jom\u0101.\u00a0Pateicoties pozas uzkabes atsperu sist\u0113mai, kas nenodod slodzi uz pleciem un nesaspie\u017e mugurkaulu.<\/p>\n<h5><img loading=\"lazy\" decoding=\"async\" class=\"alignnone size-medium wp-image-17456\" src=\"https:\/\/hartico.ee\/wp-content\/uploads\/2022\/03\/Hapo-PH-exoskeleton-lifting-principe-300x215.png\" alt=\"exoskeleton HAPO PH\" width=\"300\" height=\"215\" srcset=\"https:\/\/hartico.ee\/wp-content\/uploads\/2022\/03\/Hapo-PH-exoskeleton-lifting-principe-300x215.png 300w, https:\/\/hartico.ee\/wp-content\/uploads\/2022\/03\/Hapo-PH-exoskeleton-lifting-principe-700x501.png 700w, https:\/\/hartico.ee\/wp-content\/uploads\/2022\/03\/Hapo-PH-exoskeleton-lifting-principe-768x549.png 768w, https:\/\/hartico.ee\/wp-content\/uploads\/2022\/03\/Hapo-PH-exoskeleton-lifting-principe.png 952w\" sizes=\"auto, (max-width: 300px) 100vw, 300px\" \/><\/h5>\n<p>&nbsp;<\/p>\n<h5>Eksoskelets HAPO V2 ir muguras pal\u012bgl\u012bdzeklis tiem, kuru darba apst\u0101k\u013ci izraisa muguras s\u0101pes.<\/h5>\n<ul>\n<li>Lab\u0101ka produktivit\u0101tes un veiktsp\u0113jas p\u0101rvald\u012bba<\/li>\n<li>Samazina slodzi uz muguras lejasda\u013cu l\u012bdz pat 30%<\/li>\n<li>Statisk\u0101 saliek\u0161an\u0101 fizisk\u0101 pal\u012bdz\u012bba tiek sniegta, tikl\u012bdz mugura veido le\u0146\u0137i, kas ir liel\u0101ks par 10\u00b0<\/li>\n<li>Dinamiskaj\u0101 saliek\u0161an\u0101 tas pal\u012bdz muguras musku\u013ciem iztaisnot \u0137erme\u0146a aug\u0161da\u013cu.<\/li>\n<\/ul>\n<h5>Eksoskelets HAPO V2 priek\u0161roc\u012bbas<\/h5>\n<ul>\n<li>Viegli un tuvu \u0137ermenim &#8211; S\u0113\u017eot, ejot, k\u0101pjot pa k\u0101pn\u0113m&#8230;<\/li>\n<li>\u0112rti lietojams \u2013 to var uzvilkt 20 sekund\u0113s k\u0101 mugursomu<\/li>\n<li>Efekt\u012bva &#8211; relat\u012bv\u0101 pal\u012bdz\u012bbas jauda regul\u0113jama l\u012bdz 14 kg<\/li>\n<li>Intuit\u012bvs \u2014 vienk\u0101r\u0161a darba iek\u0101rto\u0161ana<\/li>\n<li>Pieejams &#8211; rentabls<\/li>\n<\/ul>\n<p>&nbsp;<\/p>\n<h5><img loading=\"lazy\" decoding=\"async\" class=\"alignnone wp-image-17471\" style=\"font-size: 16px;\" src=\"https:\/\/hartico.ee\/wp-content\/uploads\/2022\/03\/HAPO-exoskeleton-leaning-front-300x168.webp\" alt=\"hapo exoskeleton leaning\" width=\"206\" height=\"116\" srcset=\"https:\/\/hartico.ee\/wp-content\/uploads\/2022\/03\/HAPO-exoskeleton-leaning-front-300x168.webp 300w, https:\/\/hartico.ee\/wp-content\/uploads\/2022\/03\/HAPO-exoskeleton-leaning-front-700x393.webp 700w, https:\/\/hartico.ee\/wp-content\/uploads\/2022\/03\/HAPO-exoskeleton-leaning-front.webp 768w\" sizes=\"auto, (max-width: 206px) 100vw, 206px\" \/><img loading=\"lazy\" decoding=\"async\" class=\"alignnone wp-image-17476\" src=\"https:\/\/hartico.ee\/wp-content\/uploads\/2022\/03\/exoskeleton-HAPO-PH-plaatimine-300x218.png\" alt=\"exoskeleton hapo ph construction\" width=\"158\" height=\"116\" srcset=\"https:\/\/hartico.ee\/wp-content\/uploads\/2022\/03\/exoskeleton-HAPO-PH-plaatimine-300x218.png 300w, https:\/\/hartico.ee\/wp-content\/uploads\/2022\/03\/exoskeleton-HAPO-PH-plaatimine-700x510.png 700w, https:\/\/hartico.ee\/wp-content\/uploads\/2022\/03\/exoskeleton-HAPO-PH-plaatimine-1024x746.png 1024w, https:\/\/hartico.ee\/wp-content\/uploads\/2022\/03\/exoskeleton-HAPO-PH-plaatimine-768x559.png 768w, https:\/\/hartico.ee\/wp-content\/uploads\/2022\/03\/exoskeleton-HAPO-PH-plaatimine.png 1266w\" sizes=\"auto, (max-width: 158px) 100vw, 158px\" \/><img loading=\"lazy\" decoding=\"async\" class=\"alignnone wp-image-17461\" src=\"https:\/\/hartico.ee\/wp-content\/uploads\/2022\/03\/HAPO-exoskeleton-lifting-300x225.webp\" alt=\"exoskeleton HAPO PH LIFTING\" width=\"153\" height=\"114\" srcset=\"https:\/\/hartico.ee\/wp-content\/uploads\/2022\/03\/HAPO-exoskeleton-lifting-300x225.webp 300w, https:\/\/hartico.ee\/wp-content\/uploads\/2022\/03\/HAPO-exoskeleton-lifting.webp 640w\" sizes=\"auto, (max-width: 153px) 100vw, 153px\" \/><img loading=\"lazy\" decoding=\"async\" class=\"alignnone wp-image-17466\" src=\"https:\/\/hartico.ee\/wp-content\/uploads\/2022\/03\/HAPO-exoskeleton-furniture1-300x225.webp\" alt=\"hapo ph exoskeleton furniture\" width=\"152\" height=\"114\" srcset=\"https:\/\/hartico.ee\/wp-content\/uploads\/2022\/03\/HAPO-exoskeleton-furniture1-300x225.webp 300w, https:\/\/hartico.ee\/wp-content\/uploads\/2022\/03\/HAPO-exoskeleton-furniture1.webp 640w\" sizes=\"auto, (max-width: 152px) 100vw, 152px\" \/><\/h5>\n<h5>Eksoskelets HAPO V2 iez\u012bmes<\/h5>\n<ul>\n<li>IESL\u0112GTS\/IZSL\u0112GTS ar 2 klik\u0161\u0137iem<\/li>\n<li>Regul\u0113\u0161ana ab\u0101s pus\u0113s<br \/>\nSvars 1,2 kg<\/li>\n<\/ul>\n<h5>Piel\u0101go\u0161an\u0101s sp\u0113ja<\/h5>\n<ul>\n<li>der 90% cilv\u0113ku<\/li>\n<li>piem\u0113rots v\u012brie\u0161iem un sieviet\u0113m<\/li>\n<\/ul>\n<p>3 izm\u0113ri:<\/p>\n<ul>\n<li>S1\u00a0165\u2013175\u00a0cm (180)<\/li>\n<li>S2 175\u2013185 cm (190)<\/li>\n<li>S3 190-195+ cm<\/li>\n<\/ul>\n<figure class=\"wp-block-embed wp-block-embed-youtube is-type-video is-provider-youtube epyt-figure\"><div class=\"wp-block-embed__wrapper\"><iframe loading=\"lazy\"  id=\"_ytid_97957\"  width=\"500\" height=\"300\"  data-origwidth=\"500\" data-origheight=\"300\" src=\"https:\/\/www.youtube.com\/embed\/2BSjHW7cXGI?enablejsapi=1&autoplay=0&cc_load_policy=0&cc_lang_pref=&iv_load_policy=1&loop=0&rel=1&fs=1&playsinline=0&autohide=2&theme=dark&color=red&controls=1&disablekb=0&\" class=\"__youtube_prefs__  no-lazyload\" title=\"YouTube player\"  allow=\"fullscreen; accelerometer; autoplay; clipboard-write; encrypted-media; gyroscope; picture-in-picture; web-share\" referrerpolicy=\"strict-origin-when-cross-origin\" allowfullscreen data-no-lazy=\"1\" data-skipgform_ajax_framebjll=\"\"><\/iframe><\/div><\/figure>\n<p>&nbsp;<\/p>\n<h5>M\u016bsu komanda Hartico ir eksperts eksoskeletu un ergonomikas jom\u0101 Baltijas valst\u012bs<\/h5>\n<p>Pirms eksoskeleta ieteik\u0161anas veicam darba vietas ergonomisku anal\u012bzi.<\/p>\n<p>M\u0113s izmantojam ErgoSante LEA AI balst\u012btu anal\u012bzes lietojumprogrammu, kas v\u0113rt\u0113\u0161anai izmanto algoritmu, kas iepriek\u0161 noregul\u0113ts atbilsto\u0161i RULA ergonomikas standartiem.<\/p>\n<h5>Pareizai un ilgsto\u0161ai eksoskeleta lieto\u0161anai nepiecie\u0161ama iepriek\u0161\u0113ja apm\u0101c\u012bba.<\/h5>\n<p>Eksoskeletu apm\u0101c\u012bba lietot\u0101jiem, vad\u012bt\u0101jiem, cilv\u0113kresursiem, arodvesel\u012bbas darbiniekiem un ergonomistiem uz\u0146\u0113mum\u0101 uz vietas un re\u0101l\u0101s darba situ\u0101cij\u0101s.<\/p>\n<p>Sazinieties! Dal\u0101mies ar praktiskiem padomiem darba vides un labsaj\u016btas uzlabo\u0161anai.<\/p>\n<p>&nbsp;<\/p>\n","protected":false},"excerpt":{"rendered":"<p>Eksoskelets HAPO V2 ar muguras atbalstu ir patiess jaunin\u0101jums fizisk\u0101s pal\u012bdz\u012bbas ier\u012b\u010du jom\u0101.\u00a0Pateicoties pozas uzkabes atsperu sist\u0113mai, kas nenodod slodzi uz pleciem un nesaspie\u017e mugurkaulu. &nbsp; Eksoskelets HAPO V2 ir muguras pal\u012bgl\u012bdzeklis tiem, kuru darba apst\u0101k\u013ci izraisa muguras s\u0101pes. Lab\u0101ka produktivit\u0101tes un veiktsp\u0113jas p\u0101rvald\u012bba Samazina slodzi uz muguras lejasda\u013cu l\u012bdz pat 30% Statisk\u0101 saliek\u0161an\u0101 fizisk\u0101 [&hellip;]<\/p>\n","protected":false},"featured_media":17486,"template":"","meta":{"_acf_changed":false,"inline_featured_image":false},"product_brand":[],"product_cat":[407,247],"product_tag":[256,760,257,623],"class_list":{"0":"post-17529","1":"product","2":"type-product","3":"status-publish","4":"has-post-thumbnail","6":"product_cat-eksoskeleti-mugurai","7":"product_cat-exoskeletons-un-kinetiskie-darba-apresi","8":"product_tag-eksoskelett-lv","9":"product_tag-ergosante-lv","10":"product_tag-exoskeleton-lv","11":"product_tag-seljavalu-lv","13":"first","14":"instock","15":"taxable","16":"shipping-taxable","17":"purchasable","18":"product-type-simple"},"acf":[],"yoast_head":"<!-- This site is optimized with the Yoast SEO plugin v27.3 - https:\/\/yoast.com\/product\/yoast-seo-wordpress\/ -->\n<title>Eksoskelets HAPO V2 mugurai - Baltic Exoskeleton Center<\/title>\n<meta name=\"description\" content=\"Eksoskelets HAPO V2 ar muguras atbalstu ir patiess jaunin\u0101jums fizisk\u0101s pal\u012bdz\u012bbas ier\u012b\u010du jom\u0101, pateicoties pozas uzkabes atsperu sist\u0113mai\" \/>\n<meta name=\"robots\" content=\"index, follow, max-snippet:-1, max-image-preview:large, max-video-preview:-1\" \/>\n<link rel=\"canonical\" href=\"https:\/\/hartico.ee\/lv\/product\/exoskeleton-hapo-ph-2\/\" \/>\n<meta property=\"og:locale\" content=\"lv_LV\" \/>\n<meta property=\"og:type\" content=\"article\" \/>\n<meta property=\"og:title\" content=\"Eksoskelets HAPO V2 mugurai - Baltic Exoskeleton Center\" \/>\n<meta property=\"og:description\" content=\"Eksoskelets HAPO V2 ar muguras atbalstu ir patiess jaunin\u0101jums fizisk\u0101s pal\u012bdz\u012bbas ier\u012b\u010du jom\u0101, pateicoties pozas uzkabes atsperu sist\u0113mai\" \/>\n<meta property=\"og:url\" content=\"https:\/\/hartico.ee\/lv\/product\/exoskeleton-hapo-ph-2\/\" \/>\n<meta property=\"og:site_name\" content=\"Hartico\" \/>\n<meta property=\"article:publisher\" content=\"https:\/\/www.facebook.com\/SANOTransportgeraeteBaltics\/\" \/>\n<meta property=\"article:modified_time\" content=\"2023-07-19T09:05:34+00:00\" \/>\n<meta property=\"og:image\" content=\"https:\/\/hartico.ee\/wp-content\/uploads\/2022\/03\/Exoskeleton-HAPO-PH-lifting-boxes.png\" \/>\n\t<meta property=\"og:image:width\" content=\"591\" \/>\n\t<meta property=\"og:image:height\" content=\"722\" \/>\n\t<meta property=\"og:image:type\" content=\"image\/png\" \/>\n<meta name=\"twitter:card\" content=\"summary_large_image\" \/>\n<meta name=\"twitter:label1\" content=\"Est. reading time\" \/>\n\t<meta name=\"twitter:data1\" content=\"3 min\u016btes\" \/>\n<script type=\"application\/ld+json\" class=\"yoast-schema-graph\">{\"@context\":\"https:\\\/\\\/schema.org\",\"@graph\":[{\"@type\":\"WebPage\",\"@id\":\"https:\\\/\\\/hartico.ee\\\/lv\\\/product\\\/exoskeleton-hapo-ph-2\\\/\",\"url\":\"https:\\\/\\\/hartico.ee\\\/lv\\\/product\\\/exoskeleton-hapo-ph-2\\\/\",\"name\":\"Eksoskelets HAPO V2 mugurai - Baltic Exoskeleton Center\",\"isPartOf\":{\"@id\":\"https:\\\/\\\/hartico.ee\\\/lv\\\/#website\"},\"primaryImageOfPage\":{\"@id\":\"https:\\\/\\\/hartico.ee\\\/lv\\\/product\\\/exoskeleton-hapo-ph-2\\\/#primaryimage\"},\"image\":{\"@id\":\"https:\\\/\\\/hartico.ee\\\/lv\\\/product\\\/exoskeleton-hapo-ph-2\\\/#primaryimage\"},\"thumbnailUrl\":\"https:\\\/\\\/hartico.ee\\\/wp-content\\\/uploads\\\/2022\\\/03\\\/Exoskeleton-HAPO-PH-lifting-boxes.png\",\"datePublished\":\"2022-03-31T08:39:22+00:00\",\"dateModified\":\"2023-07-19T09:05:34+00:00\",\"description\":\"Eksoskelets HAPO V2 ar muguras atbalstu ir patiess jaunin\u0101jums fizisk\u0101s pal\u012bdz\u012bbas ier\u012b\u010du jom\u0101, pateicoties pozas uzkabes atsperu sist\u0113mai\",\"breadcrumb\":{\"@id\":\"https:\\\/\\\/hartico.ee\\\/lv\\\/product\\\/exoskeleton-hapo-ph-2\\\/#breadcrumb\"},\"inLanguage\":\"lv-LV\",\"potentialAction\":[{\"@type\":\"ReadAction\",\"target\":[\"https:\\\/\\\/hartico.ee\\\/lv\\\/product\\\/exoskeleton-hapo-ph-2\\\/\"]}]},{\"@type\":\"ImageObject\",\"inLanguage\":\"lv-LV\",\"@id\":\"https:\\\/\\\/hartico.ee\\\/lv\\\/product\\\/exoskeleton-hapo-ph-2\\\/#primaryimage\",\"url\":\"https:\\\/\\\/hartico.ee\\\/wp-content\\\/uploads\\\/2022\\\/03\\\/Exoskeleton-HAPO-PH-lifting-boxes.png\",\"contentUrl\":\"https:\\\/\\\/hartico.ee\\\/wp-content\\\/uploads\\\/2022\\\/03\\\/Exoskeleton-HAPO-PH-lifting-boxes.png\",\"width\":591,\"height\":722,\"caption\":\"Exoskeleton HAPO PH ErgoSante back support\"},{\"@type\":\"BreadcrumbList\",\"@id\":\"https:\\\/\\\/hartico.ee\\\/lv\\\/product\\\/exoskeleton-hapo-ph-2\\\/#breadcrumb\",\"itemListElement\":[{\"@type\":\"ListItem\",\"position\":1,\"name\":\"Esileht\",\"item\":\"https:\\\/\\\/hartico.ee\\\/lv\\\/\"},{\"@type\":\"ListItem\",\"position\":2,\"name\":\"Produkti\",\"item\":\"https:\\\/\\\/hartico.ee\\\/lv\\\/shop\\\/\"},{\"@type\":\"ListItem\",\"position\":3,\"name\":\"Eksoskelets HAPO V2 mugurai\"}]},{\"@type\":\"WebSite\",\"@id\":\"https:\\\/\\\/hartico.ee\\\/lv\\\/#website\",\"url\":\"https:\\\/\\\/hartico.ee\\\/lv\\\/\",\"name\":\"Hartico\",\"description\":\"Lifting and moving systems LIFTKAR, Xetto, Expresso\",\"publisher\":{\"@id\":\"https:\\\/\\\/hartico.ee\\\/lv\\\/#organization\"},\"potentialAction\":[{\"@type\":\"SearchAction\",\"target\":{\"@type\":\"EntryPoint\",\"urlTemplate\":\"https:\\\/\\\/hartico.ee\\\/lv\\\/?s={search_term_string}\"},\"query-input\":{\"@type\":\"PropertyValueSpecification\",\"valueRequired\":true,\"valueName\":\"search_term_string\"}}],\"inLanguage\":\"lv-LV\"},{\"@type\":\"Organization\",\"@id\":\"https:\\\/\\\/hartico.ee\\\/lv\\\/#organization\",\"name\":\"Hartico\",\"url\":\"https:\\\/\\\/hartico.ee\\\/lv\\\/\",\"logo\":{\"@type\":\"ImageObject\",\"inLanguage\":\"lv-LV\",\"@id\":\"https:\\\/\\\/hartico.ee\\\/lv\\\/#\\\/schema\\\/logo\\\/image\\\/\",\"url\":\"https:\\\/\\\/hartico.ee\\\/wp-content\\\/uploads\\\/2018\\\/11\\\/hartico_logo_with_slogan_onecolor.svg\",\"contentUrl\":\"https:\\\/\\\/hartico.ee\\\/wp-content\\\/uploads\\\/2018\\\/11\\\/hartico_logo_with_slogan_onecolor.svg\",\"width\":424,\"height\":157,\"caption\":\"Hartico\"},\"image\":{\"@id\":\"https:\\\/\\\/hartico.ee\\\/lv\\\/#\\\/schema\\\/logo\\\/image\\\/\"},\"sameAs\":[\"https:\\\/\\\/www.facebook.com\\\/SANOTransportgeraeteBaltics\\\/\"]}]}<\/script>\n<!-- \/ Yoast SEO plugin. -->","yoast_head_json":{"title":"Eksoskelets HAPO V2 mugurai - Baltic Exoskeleton Center","description":"Eksoskelets HAPO V2 ar muguras atbalstu ir patiess jaunin\u0101jums fizisk\u0101s pal\u012bdz\u012bbas ier\u012b\u010du jom\u0101, pateicoties pozas uzkabes atsperu sist\u0113mai","robots":{"index":"index","follow":"follow","max-snippet":"max-snippet:-1","max-image-preview":"max-image-preview:large","max-video-preview":"max-video-preview:-1"},"canonical":"https:\/\/hartico.ee\/lv\/product\/exoskeleton-hapo-ph-2\/","og_locale":"lv_LV","og_type":"article","og_title":"Eksoskelets HAPO V2 mugurai - Baltic Exoskeleton Center","og_description":"Eksoskelets HAPO V2 ar muguras atbalstu ir patiess jaunin\u0101jums fizisk\u0101s pal\u012bdz\u012bbas ier\u012b\u010du jom\u0101, pateicoties pozas uzkabes atsperu sist\u0113mai","og_url":"https:\/\/hartico.ee\/lv\/product\/exoskeleton-hapo-ph-2\/","og_site_name":"Hartico","article_publisher":"https:\/\/www.facebook.com\/SANOTransportgeraeteBaltics\/","article_modified_time":"2023-07-19T09:05:34+00:00","og_image":[{"width":591,"height":722,"url":"https:\/\/hartico.ee\/wp-content\/uploads\/2022\/03\/Exoskeleton-HAPO-PH-lifting-boxes.png","type":"image\/png"}],"twitter_card":"summary_large_image","twitter_misc":{"Est. reading time":"3 min\u016btes"},"schema":{"@context":"https:\/\/schema.org","@graph":[{"@type":"WebPage","@id":"https:\/\/hartico.ee\/lv\/product\/exoskeleton-hapo-ph-2\/","url":"https:\/\/hartico.ee\/lv\/product\/exoskeleton-hapo-ph-2\/","name":"Eksoskelets HAPO V2 mugurai - Baltic Exoskeleton Center","isPartOf":{"@id":"https:\/\/hartico.ee\/lv\/#website"},"primaryImageOfPage":{"@id":"https:\/\/hartico.ee\/lv\/product\/exoskeleton-hapo-ph-2\/#primaryimage"},"image":{"@id":"https:\/\/hartico.ee\/lv\/product\/exoskeleton-hapo-ph-2\/#primaryimage"},"thumbnailUrl":"https:\/\/hartico.ee\/wp-content\/uploads\/2022\/03\/Exoskeleton-HAPO-PH-lifting-boxes.png","datePublished":"2022-03-31T08:39:22+00:00","dateModified":"2023-07-19T09:05:34+00:00","description":"Eksoskelets HAPO V2 ar muguras atbalstu ir patiess jaunin\u0101jums fizisk\u0101s pal\u012bdz\u012bbas ier\u012b\u010du jom\u0101, pateicoties pozas uzkabes atsperu sist\u0113mai","breadcrumb":{"@id":"https:\/\/hartico.ee\/lv\/product\/exoskeleton-hapo-ph-2\/#breadcrumb"},"inLanguage":"lv-LV","potentialAction":[{"@type":"ReadAction","target":["https:\/\/hartico.ee\/lv\/product\/exoskeleton-hapo-ph-2\/"]}]},{"@type":"ImageObject","inLanguage":"lv-LV","@id":"https:\/\/hartico.ee\/lv\/product\/exoskeleton-hapo-ph-2\/#primaryimage","url":"https:\/\/hartico.ee\/wp-content\/uploads\/2022\/03\/Exoskeleton-HAPO-PH-lifting-boxes.png","contentUrl":"https:\/\/hartico.ee\/wp-content\/uploads\/2022\/03\/Exoskeleton-HAPO-PH-lifting-boxes.png","width":591,"height":722,"caption":"Exoskeleton HAPO PH ErgoSante back support"},{"@type":"BreadcrumbList","@id":"https:\/\/hartico.ee\/lv\/product\/exoskeleton-hapo-ph-2\/#breadcrumb","itemListElement":[{"@type":"ListItem","position":1,"name":"Esileht","item":"https:\/\/hartico.ee\/lv\/"},{"@type":"ListItem","position":2,"name":"Produkti","item":"https:\/\/hartico.ee\/lv\/shop\/"},{"@type":"ListItem","position":3,"name":"Eksoskelets HAPO V2 mugurai"}]},{"@type":"WebSite","@id":"https:\/\/hartico.ee\/lv\/#website","url":"https:\/\/hartico.ee\/lv\/","name":"Hartico","description":"Lifting and moving systems LIFTKAR, Xetto, Expresso","publisher":{"@id":"https:\/\/hartico.ee\/lv\/#organization"},"potentialAction":[{"@type":"SearchAction","target":{"@type":"EntryPoint","urlTemplate":"https:\/\/hartico.ee\/lv\/?s={search_term_string}"},"query-input":{"@type":"PropertyValueSpecification","valueRequired":true,"valueName":"search_term_string"}}],"inLanguage":"lv-LV"},{"@type":"Organization","@id":"https:\/\/hartico.ee\/lv\/#organization","name":"Hartico","url":"https:\/\/hartico.ee\/lv\/","logo":{"@type":"ImageObject","inLanguage":"lv-LV","@id":"https:\/\/hartico.ee\/lv\/#\/schema\/logo\/image\/","url":"https:\/\/hartico.ee\/wp-content\/uploads\/2018\/11\/hartico_logo_with_slogan_onecolor.svg","contentUrl":"https:\/\/hartico.ee\/wp-content\/uploads\/2018\/11\/hartico_logo_with_slogan_onecolor.svg","width":424,"height":157,"caption":"Hartico"},"image":{"@id":"https:\/\/hartico.ee\/lv\/#\/schema\/logo\/image\/"},"sameAs":["https:\/\/www.facebook.com\/SANOTransportgeraeteBaltics\/"]}]}},"_links":{"self":[{"href":"https:\/\/hartico.ee\/lv\/wp-json\/wp\/v2\/product\/17529","targetHints":{"allow":["GET"]}}],"collection":[{"href":"https:\/\/hartico.ee\/lv\/wp-json\/wp\/v2\/product"}],"about":[{"href":"https:\/\/hartico.ee\/lv\/wp-json\/wp\/v2\/types\/product"}],"wp:featuredmedia":[{"embeddable":true,"href":"https:\/\/hartico.ee\/lv\/wp-json\/wp\/v2\/media\/17486"}],"wp:attachment":[{"href":"https:\/\/hartico.ee\/lv\/wp-json\/wp\/v2\/media?parent=17529"}],"wp:term":[{"taxonomy":"product_brand","embeddable":true,"href":"https:\/\/hartico.ee\/lv\/wp-json\/wp\/v2\/product_brand?post=17529"},{"taxonomy":"product_cat","embeddable":true,"href":"https:\/\/hartico.ee\/lv\/wp-json\/wp\/v2\/product_cat?post=17529"},{"taxonomy":"product_tag","embeddable":true,"href":"https:\/\/hartico.ee\/lv\/wp-json\/wp\/v2\/product_tag?post=17529"}],"curies":[{"name":"wp","href":"https:\/\/api.w.org\/{rel}","templated":true}]}}