{"id":5759,"date":"2015-02-02T04:30:57","date_gmt":"2015-02-02T04:30:57","guid":{"rendered":"http:\/\/hartico.path.ee\/meist\/"},"modified":"2020-10-02T15:26:16","modified_gmt":"2020-10-02T13:26:16","slug":"par-kompaniju","status":"publish","type":"page","link":"https:\/\/hartico.ee\/lv\/par-kompaniju\/","title":{"rendered":"Par komp\u0101niju"},"content":{"rendered":"<p>[vc_row rt_row_background_width=&#8221;fullwidth&#8221; rt_row_content_width=&#8221;default&#8221; rt_row_style=&#8221;default-style&#8221; rt_row_borders=&#8221;&#8221; rt_row_paddings=&#8221;true&#8221; rt_bg_image=&#8221;2369&#8243; rt_bg_effect=&#8221;parallax&#8221; rt_bg_parallax_effect=&#8221;3&#8243; rt_bg_image_repeat=&#8221;repeat&#8221; rt_bg_size=&#8221;cover&#8221; rt_bg_position=&#8221;right top&#8221; rt_bg_video_format=&#8221;self-hosted&#8221; rt_padding_top=&#8221;100&#8243; rt_padding_bottom=&#8221;140&#8243;][vc_column rt_wrp_col_paddings=&#8221;false&#8221; rt_border_top=&#8221;&#8221; rt_border_bottom=&#8221;&#8221; rt_border_left=&#8221;&#8221; rt_border_right=&#8221;&#8221; rt_border_top_mobile=&#8221;&#8221; rt_border_bottom_mobile=&#8221;&#8221; rt_border_left_mobile=&#8221;&#8221; rt_border_right_mobile=&#8221;&#8221; rt_bg_image_repeat=&#8221;repeat&#8221; rt_bg_size=&#8221;auto auto&#8221; rt_bg_position=&#8221;right top&#8221; rt_bg_attachment=&#8221;scroll&#8221;]<div class=\"rt_heading_wrapper style-4\">\n\t\t\t\t\t\t<h1 class=\"rt_heading  style-4\" >Par komp\u0101niju<\/h1>\n\t\t\t\t\t<\/div>[\/vc_column][\/vc_row][vc_row rt_row_background_width=&#8221;fullwidth&#8221; rt_row_content_width=&#8221;default&#8221; rt_row_style=&#8221;default-style&#8221; rt_row_borders=&#8221;&#8221; rt_grid=&#8221;true&#8221; rt_row_paddings=&#8221;true&#8221; rt_bg_effect=&#8221;classic&#8221; rt_bg_image_repeat=&#8221;repeat&#8221; rt_bg_size=&#8221;cover&#8221; rt_bg_position=&#8221;right top&#8221; rt_bg_attachment=&#8221;scroll&#8221; rt_bg_video_format=&#8221;self-hosted&#8221;][vc_column rt_wrp_col_paddings=&#8221;false&#8221; rt_border_top=&#8221;&#8221; rt_border_bottom=&#8221;&#8221; rt_border_left=&#8221;&#8221; rt_border_right=&#8221;&#8221; rt_border_top_mobile=&#8221;&#8221; rt_border_bottom_mobile=&#8221;&#8221; rt_border_left_mobile=&#8221;&#8221; rt_border_right_mobile=&#8221;&#8221; rt_bg_image_repeat=&#8221;repeat&#8221; rt_bg_size=&#8221;auto auto&#8221; rt_bg_position=&#8221;right top&#8221; rt_bg_attachment=&#8221;scroll&#8221;]<div class=\"rt_heading_wrapper style-1\">\n\t\t\t\t\t\t<h3 class=\"rt_heading  style-1\"  style=\"color:#0b4e91;\">Work Smart, Work Healthy<\/h3>\n\t\t\t\t\t<\/div>[vc_column_text]<\/p>\n<table width=\"513\">\n<tbody>\n<tr>\n<td width=\"513\">Hartico OU ir vien\u012bgais pilnvarotais SANO Transportgeraete GmbH produkcijas\u00a0 import\u0113t\u0101js, p\u0101rst\u0101vnieks, k\u0101 ar\u012b autoriz\u0113tais servisa centrs Latvij\u0101, Igaun\u012bj\u0101, Lietuv\u0101 un Krievij\u0101.<\/p>\n<p>SANO Transportgeraete GmbH ir progres\u012bvs un inovat\u012bvs industri\u0101l\u0101s meh\u0101nikas un in\u017eenierijas uz\u0146\u0113mums, kur\u0161 b\u0101z\u0113j\u0101s Lihtenberg\u0101, Austrij\u0101.<\/p>\n<p>SANO Transportgeraete GmbH specializ\u0113j\u0101s mob\u012blo k\u0101p\u0146u k\u0101p\u0113ju ra\u017eo\u0161an\u0101 un to att\u012bst\u012bb\u0101, no kuriem lielak\u0101 da\u013ca ir patent\u0113ti vis\u0101 pasaul\u0113. Visa SANO produkcija atbilst augst\u0101kajiem kvalit\u0101tes standartiem. T\u0101 tiek ra\u017eota Austrij\u0101 un tiek tirgota vair\u0101k nek\u0101 50 pasaules valst\u012bs.<\/p>\n<p>SANO veido un ra\u017eo savu produkc\u012bju atbilsto\u0161i klientu nepiecie\u0161am\u012bb\u0101m un piepras\u012bjumiem. Uz doto mirkli SANO Transportgeraete GmbH ir liel\u0101k\u0101 un vado\u0161\u0101 att\u012bst\u012bbas un ra\u017eo\u0161anas komp\u0101nija \u0161aj\u0101 sf\u0113r\u0101.<\/p>\n<p>SANO m\u0113r\u0137is ir att\u012bst\u012bt un izmantot advanc\u0113t\u0101k\u0101s tehnolo\u0123ijas un rast lab\u0101kos risin\u0101jumus, lai transport\u0113tu cilv\u0113kus, k\u0101 ar\u012b smag\u0101s kravas \u0101tr\u0101k, efekt\u012bv\u0101k un dro\u0161\u0101k. Pateicoties \u0161ai komp\u0101nijas idejai un t\u0101s realiz\u0113\u0161anai, SANO LIFTKAR brends ir guvis un turpina g\u016bt pan\u0101kumus pasaules tirg\u016b.<\/td>\n<\/tr>\n<\/tbody>\n<\/table>\n<p>[\/vc_column_text][\/vc_column][\/vc_row]<\/p>\n","protected":false},"excerpt":{"rendered":"<p>[vc_row rt_row_background_width=&#8221;fullwidth&#8221; rt_row_content_width=&#8221;default&#8221; rt_row_style=&#8221;default-style&#8221; rt_row_borders=&#8221;&#8221; rt_row_paddings=&#8221;true&#8221; rt_bg_image=&#8221;2369&#8243; rt_bg_effect=&#8221;parallax&#8221; rt_bg_parallax_effect=&#8221;3&#8243; rt_bg_image_repeat=&#8221;repeat&#8221; rt_bg_size=&#8221;cover&#8221; rt_bg_position=&#8221;right top&#8221; rt_bg_video_format=&#8221;self-hosted&#8221; rt_padding_top=&#8221;100&#8243; rt_padding_bottom=&#8221;140&#8243;][vc_column rt_wrp_col_paddings=&#8221;false&#8221; rt_border_top=&#8221;&#8221; rt_border_bottom=&#8221;&#8221; rt_border_left=&#8221;&#8221; rt_border_right=&#8221;&#8221; rt_border_top_mobile=&#8221;&#8221; rt_border_bottom_mobile=&#8221;&#8221; rt_border_left_mobile=&#8221;&#8221; rt_border_right_mobile=&#8221;&#8221; rt_bg_image_repeat=&#8221;repeat&#8221; rt_bg_size=&#8221;auto auto&#8221; rt_bg_position=&#8221;right top&#8221; rt_bg_attachment=&#8221;scroll&#8221;][\/vc_column][\/vc_row][vc_row rt_row_background_width=&#8221;fullwidth&#8221; rt_row_content_width=&#8221;default&#8221; rt_row_style=&#8221;default-style&#8221; rt_row_borders=&#8221;&#8221; rt_grid=&#8221;true&#8221; rt_row_paddings=&#8221;true&#8221; rt_bg_effect=&#8221;classic&#8221; rt_bg_image_repeat=&#8221;repeat&#8221; rt_bg_size=&#8221;cover&#8221; rt_bg_position=&#8221;right top&#8221; rt_bg_attachment=&#8221;scroll&#8221; rt_bg_video_format=&#8221;self-hosted&#8221;][vc_column rt_wrp_col_paddings=&#8221;false&#8221; rt_border_top=&#8221;&#8221; rt_border_bottom=&#8221;&#8221; rt_border_left=&#8221;&#8221; rt_border_right=&#8221;&#8221; rt_border_top_mobile=&#8221;&#8221; rt_border_bottom_mobile=&#8221;&#8221; rt_border_left_mobile=&#8221;&#8221; rt_border_right_mobile=&#8221;&#8221; rt_bg_image_repeat=&#8221;repeat&#8221; rt_bg_size=&#8221;auto [&hellip;]<\/p>\n","protected":false},"author":1,"featured_media":0,"parent":0,"menu_order":0,"comment_status":"open","ping_status":"open","template":"","meta":{"_acf_changed":false,"inline_featured_image":false,"footnotes":""},"class_list":["post-5759","page","type-page","status-publish","hentry"],"acf":[],"yoast_head":"<!-- This site is optimized with the Yoast SEO plugin v27.3 - https:\/\/yoast.com\/product\/yoast-seo-wordpress\/ -->\n<title>Hartico OU, SANO LIFTKAR k\u0101p\u0146u k\u0101p\u0113js, MODULKAR kravas rati\u0146i<\/title>\n<meta name=\"description\" content=\"Hartico OU ir vien\u012bgais pilnvarotais SANO TransportgeraeteGmbH produkcijas import\u0113t\u0101js, p\u0101rst\u0101vnieks, k\u0101 ar\u012b autoriz\u0113tais servisa centrs Latvij\u0101, Igaun\u012bj\u0101..\" \/>\n<meta name=\"robots\" content=\"index, follow, max-snippet:-1, max-image-preview:large, max-video-preview:-1\" \/>\n<link rel=\"canonical\" href=\"https:\/\/hartico.ee\/lv\/par-kompaniju\/\" \/>\n<meta property=\"og:locale\" content=\"lv_LV\" \/>\n<meta property=\"og:type\" content=\"article\" \/>\n<meta property=\"og:title\" content=\"Hartico OU, SANO LIFTKAR k\u0101p\u0146u k\u0101p\u0113js, MODULKAR kravas rati\u0146i\" \/>\n<meta property=\"og:description\" content=\"Hartico OU ir vien\u012bgais pilnvarotais SANO TransportgeraeteGmbH produkcijas import\u0113t\u0101js, p\u0101rst\u0101vnieks, k\u0101 ar\u012b autoriz\u0113tais servisa centrs Latvij\u0101, Igaun\u012bj\u0101..\" \/>\n<meta property=\"og:url\" content=\"https:\/\/hartico.ee\/lv\/par-kompaniju\/\" \/>\n<meta property=\"og:site_name\" content=\"Hartico\" \/>\n<meta property=\"article:publisher\" content=\"https:\/\/www.facebook.com\/SANOTransportgeraeteBaltics\/\" \/>\n<meta property=\"article:modified_time\" content=\"2020-10-02T13:26:16+00:00\" \/>\n<meta property=\"og:image\" content=\"https:\/\/hartico.ee\/wp-content\/uploads\/2017\/02\/hartico_logo_main.png\" \/>\n\t<meta property=\"og:image:width\" content=\"150\" \/>\n\t<meta property=\"og:image:height\" content=\"42\" \/>\n\t<meta property=\"og:image:type\" content=\"image\/png\" \/>\n<meta name=\"twitter:card\" content=\"summary_large_image\" \/>\n<meta name=\"twitter:label1\" content=\"Est. reading time\" \/>\n\t<meta name=\"twitter:data1\" content=\"2 min\u016btes\" \/>\n<script type=\"application\/ld+json\" class=\"yoast-schema-graph\">{\"@context\":\"https:\\\/\\\/schema.org\",\"@graph\":[{\"@type\":\"WebPage\",\"@id\":\"https:\\\/\\\/hartico.ee\\\/lv\\\/par-kompaniju\\\/\",\"url\":\"https:\\\/\\\/hartico.ee\\\/lv\\\/par-kompaniju\\\/\",\"name\":\"Hartico OU, SANO LIFTKAR k\u0101p\u0146u k\u0101p\u0113js, MODULKAR kravas rati\u0146i\",\"isPartOf\":{\"@id\":\"https:\\\/\\\/hartico.ee\\\/lv\\\/#website\"},\"datePublished\":\"2015-02-02T04:30:57+00:00\",\"dateModified\":\"2020-10-02T13:26:16+00:00\",\"description\":\"Hartico OU ir vien\u012bgais pilnvarotais SANO TransportgeraeteGmbH produkcijas import\u0113t\u0101js, p\u0101rst\u0101vnieks, k\u0101 ar\u012b autoriz\u0113tais servisa centrs Latvij\u0101, Igaun\u012bj\u0101..\",\"breadcrumb\":{\"@id\":\"https:\\\/\\\/hartico.ee\\\/lv\\\/par-kompaniju\\\/#breadcrumb\"},\"inLanguage\":\"lv-LV\",\"potentialAction\":[{\"@type\":\"ReadAction\",\"target\":[\"https:\\\/\\\/hartico.ee\\\/lv\\\/par-kompaniju\\\/\"]}]},{\"@type\":\"BreadcrumbList\",\"@id\":\"https:\\\/\\\/hartico.ee\\\/lv\\\/par-kompaniju\\\/#breadcrumb\",\"itemListElement\":[{\"@type\":\"ListItem\",\"position\":1,\"name\":\"Esileht\",\"item\":\"https:\\\/\\\/hartico.ee\\\/lv\\\/\"},{\"@type\":\"ListItem\",\"position\":2,\"name\":\"Par komp\u0101niju\"}]},{\"@type\":\"WebSite\",\"@id\":\"https:\\\/\\\/hartico.ee\\\/lv\\\/#website\",\"url\":\"https:\\\/\\\/hartico.ee\\\/lv\\\/\",\"name\":\"Hartico\",\"description\":\"Lifting and moving systems LIFTKAR, Xetto, Expresso\",\"publisher\":{\"@id\":\"https:\\\/\\\/hartico.ee\\\/lv\\\/#organization\"},\"potentialAction\":[{\"@type\":\"SearchAction\",\"target\":{\"@type\":\"EntryPoint\",\"urlTemplate\":\"https:\\\/\\\/hartico.ee\\\/lv\\\/?s={search_term_string}\"},\"query-input\":{\"@type\":\"PropertyValueSpecification\",\"valueRequired\":true,\"valueName\":\"search_term_string\"}}],\"inLanguage\":\"lv-LV\"},{\"@type\":\"Organization\",\"@id\":\"https:\\\/\\\/hartico.ee\\\/lv\\\/#organization\",\"name\":\"Hartico\",\"url\":\"https:\\\/\\\/hartico.ee\\\/lv\\\/\",\"logo\":{\"@type\":\"ImageObject\",\"inLanguage\":\"lv-LV\",\"@id\":\"https:\\\/\\\/hartico.ee\\\/lv\\\/#\\\/schema\\\/logo\\\/image\\\/\",\"url\":\"https:\\\/\\\/hartico.ee\\\/wp-content\\\/uploads\\\/2018\\\/11\\\/hartico_logo_with_slogan_onecolor.svg\",\"contentUrl\":\"https:\\\/\\\/hartico.ee\\\/wp-content\\\/uploads\\\/2018\\\/11\\\/hartico_logo_with_slogan_onecolor.svg\",\"width\":424,\"height\":157,\"caption\":\"Hartico\"},\"image\":{\"@id\":\"https:\\\/\\\/hartico.ee\\\/lv\\\/#\\\/schema\\\/logo\\\/image\\\/\"},\"sameAs\":[\"https:\\\/\\\/www.facebook.com\\\/SANOTransportgeraeteBaltics\\\/\"]}]}<\/script>\n<!-- \/ Yoast SEO plugin. -->","yoast_head_json":{"title":"Hartico OU, SANO LIFTKAR k\u0101p\u0146u k\u0101p\u0113js, MODULKAR kravas rati\u0146i","description":"Hartico OU ir vien\u012bgais pilnvarotais SANO TransportgeraeteGmbH produkcijas import\u0113t\u0101js, p\u0101rst\u0101vnieks, k\u0101 ar\u012b autoriz\u0113tais servisa centrs Latvij\u0101, Igaun\u012bj\u0101..","robots":{"index":"index","follow":"follow","max-snippet":"max-snippet:-1","max-image-preview":"max-image-preview:large","max-video-preview":"max-video-preview:-1"},"canonical":"https:\/\/hartico.ee\/lv\/par-kompaniju\/","og_locale":"lv_LV","og_type":"article","og_title":"Hartico OU, SANO LIFTKAR k\u0101p\u0146u k\u0101p\u0113js, MODULKAR kravas rati\u0146i","og_description":"Hartico OU ir vien\u012bgais pilnvarotais SANO TransportgeraeteGmbH produkcijas import\u0113t\u0101js, p\u0101rst\u0101vnieks, k\u0101 ar\u012b autoriz\u0113tais servisa centrs Latvij\u0101, Igaun\u012bj\u0101..","og_url":"https:\/\/hartico.ee\/lv\/par-kompaniju\/","og_site_name":"Hartico","article_publisher":"https:\/\/www.facebook.com\/SANOTransportgeraeteBaltics\/","article_modified_time":"2020-10-02T13:26:16+00:00","og_image":[{"width":150,"height":42,"url":"https:\/\/hartico.ee\/wp-content\/uploads\/2017\/02\/hartico_logo_main.png","type":"image\/png"}],"twitter_card":"summary_large_image","twitter_misc":{"Est. reading time":"2 min\u016btes"},"schema":{"@context":"https:\/\/schema.org","@graph":[{"@type":"WebPage","@id":"https:\/\/hartico.ee\/lv\/par-kompaniju\/","url":"https:\/\/hartico.ee\/lv\/par-kompaniju\/","name":"Hartico OU, SANO LIFTKAR k\u0101p\u0146u k\u0101p\u0113js, MODULKAR kravas rati\u0146i","isPartOf":{"@id":"https:\/\/hartico.ee\/lv\/#website"},"datePublished":"2015-02-02T04:30:57+00:00","dateModified":"2020-10-02T13:26:16+00:00","description":"Hartico OU ir vien\u012bgais pilnvarotais SANO TransportgeraeteGmbH produkcijas import\u0113t\u0101js, p\u0101rst\u0101vnieks, k\u0101 ar\u012b autoriz\u0113tais servisa centrs Latvij\u0101, Igaun\u012bj\u0101..","breadcrumb":{"@id":"https:\/\/hartico.ee\/lv\/par-kompaniju\/#breadcrumb"},"inLanguage":"lv-LV","potentialAction":[{"@type":"ReadAction","target":["https:\/\/hartico.ee\/lv\/par-kompaniju\/"]}]},{"@type":"BreadcrumbList","@id":"https:\/\/hartico.ee\/lv\/par-kompaniju\/#breadcrumb","itemListElement":[{"@type":"ListItem","position":1,"name":"Esileht","item":"https:\/\/hartico.ee\/lv\/"},{"@type":"ListItem","position":2,"name":"Par komp\u0101niju"}]},{"@type":"WebSite","@id":"https:\/\/hartico.ee\/lv\/#website","url":"https:\/\/hartico.ee\/lv\/","name":"Hartico","description":"Lifting and moving systems LIFTKAR, Xetto, Expresso","publisher":{"@id":"https:\/\/hartico.ee\/lv\/#organization"},"potentialAction":[{"@type":"SearchAction","target":{"@type":"EntryPoint","urlTemplate":"https:\/\/hartico.ee\/lv\/?s={search_term_string}"},"query-input":{"@type":"PropertyValueSpecification","valueRequired":true,"valueName":"search_term_string"}}],"inLanguage":"lv-LV"},{"@type":"Organization","@id":"https:\/\/hartico.ee\/lv\/#organization","name":"Hartico","url":"https:\/\/hartico.ee\/lv\/","logo":{"@type":"ImageObject","inLanguage":"lv-LV","@id":"https:\/\/hartico.ee\/lv\/#\/schema\/logo\/image\/","url":"https:\/\/hartico.ee\/wp-content\/uploads\/2018\/11\/hartico_logo_with_slogan_onecolor.svg","contentUrl":"https:\/\/hartico.ee\/wp-content\/uploads\/2018\/11\/hartico_logo_with_slogan_onecolor.svg","width":424,"height":157,"caption":"Hartico"},"image":{"@id":"https:\/\/hartico.ee\/lv\/#\/schema\/logo\/image\/"},"sameAs":["https:\/\/www.facebook.com\/SANOTransportgeraeteBaltics\/"]}]}},"_links":{"self":[{"href":"https:\/\/hartico.ee\/lv\/wp-json\/wp\/v2\/pages\/5759","targetHints":{"allow":["GET"]}}],"collection":[{"href":"https:\/\/hartico.ee\/lv\/wp-json\/wp\/v2\/pages"}],"about":[{"href":"https:\/\/hartico.ee\/lv\/wp-json\/wp\/v2\/types\/page"}],"author":[{"embeddable":true,"href":"https:\/\/hartico.ee\/lv\/wp-json\/wp\/v2\/users\/1"}],"replies":[{"embeddable":true,"href":"https:\/\/hartico.ee\/lv\/wp-json\/wp\/v2\/comments?post=5759"}],"version-history":[{"count":6,"href":"https:\/\/hartico.ee\/lv\/wp-json\/wp\/v2\/pages\/5759\/revisions"}],"predecessor-version":[{"id":16795,"href":"https:\/\/hartico.ee\/lv\/wp-json\/wp\/v2\/pages\/5759\/revisions\/16795"}],"wp:attachment":[{"href":"https:\/\/hartico.ee\/lv\/wp-json\/wp\/v2\/media?parent=5759"}],"curies":[{"name":"wp","href":"https:\/\/api.w.org\/{rel}","templated":true}]}}