{"id":8140,"date":"2019-10-09T21:06:13","date_gmt":"2019-10-09T19:06:14","guid":{"rendered":"https:\/\/hartico.ee\/?post_type=product&#038;p=8140"},"modified":"2022-10-26T16:26:24","modified_gmt":"2022-10-26T14:26:24","slug":"laiptu-kopiklis-liftkar-hd-220-b-dolly-kopeeri","status":"publish","type":"product","link":"https:\/\/hartico.ee\/lt\/product\/laiptu-kopiklis-liftkar-hd-220-b-dolly-kopeeri\/","title":{"rendered":"Laipt\u0173 kopiklis Liftkar HD 220 B Dolly"},"content":{"rendered":"<h2>Laipt\u0173 kopiklis Liftkar HD 220 B Dolly varomoji j\u0117ga..<\/h2>\n<p>Dolly ir Fold Dolly<\/p>\n<p>Idealiai gerai \u2013 ir ant lygi\u0173 pavir\u0161i\u0173.<\/p>\n<p>Jau \u012fveik\u0117me laiptus, ta\u010diau dar reikia perve\u017eti krovin\u012f horizontaliai. &#8211; Su LIFTKAR HD Dolly greitai perve\u0161ite j\u012f lygiu pavir\u0161iumi. \u012eveikus laiptus ateina metas i\u0161naudoti integruot\u0105 ve\u017eim\u0117lio sistem\u0105 (Dolly).<\/p>\n<div align=\"center\">\n<hr align=\"center\" size=\"1\" width=\"100%\" \/>\n<\/div>\n<p>Svarbu ne tik kilnoti krovinius laiptais. Da\u017enai reikia perne\u0161ti juos per gatv\u0119, aik\u0161tel\u0119, per \u012fmon\u0117s patalpas ir koridorius. Su Dolly sistema tai atliksite greitai ir paprastai.<\/p>\n<p>Atlenkus atraminius ratukus galima stumti sunkius krovinius per lygius pavir\u0161ius su minimaliomis pastangomis. Sistema \u012fsijungia greitai: LIFTKAR HD pakelkite, i\u0161tieskite ve\u017eim\u0117lio konstrukcij\u0105 ir u\u017efiksuokite. Keltuvas i\u0161 k\u0117limo laiptais re\u017eimo akimirksniu virsta horizontaliu transporteriu. Su ve\u017eim\u0117lio sistema taip pat galite perve\u017eti auk\u0161tus krovinius pro standartinio auk\u0161\u010dio duris, ve\u017eti juos per statyb\u0173 aik\u0161teles, nes nuo prad\u016brim\u0173 apsaugotos padangos yra patvarios ir pakankamai atsparios ir sud\u0117tingiausiems transportavimo i\u0161\u0161\u016bkiams. Universal bei Fold modeliams taip pat galima rinktis versij\u0105 su ve\u017eim\u0117liu.<\/p>\n<ul>\n<li>Iki 22 cm auk\u0161\u010dio laiptams<\/li>\n<li>Du darbiniai re\u017eimai (vieno laiptelio \/ kilimo laiptais)<\/li>\n<li>Lengva modulin\u0117 konstrukcija<\/li>\n<li>Kietas r\u0117mas i\u0161 patentuot\u0173 SANO aliuminini\u0173 profili\u0173<\/li>\n<li>Moderni integruota stabdymo prie laipto kra\u0161to sistema<\/li>\n<li>Automatinio i\u0161jungimo re\u017eimas<\/li>\n<li>Ergonomi\u0161ka rankena su neslystan\u010dia gumine danga<\/li>\n<li>Jungiklis AUK\u0160TYN\/\u017dEMYN i\u0161 abiej\u0173 pusi\u0173, darbui i\u0161 kair\u0117s ir i\u0161 de\u0161in\u0117s pus\u0117s<\/li>\n<li>Puikiai subalansuotas saugiai veikti ant laipt\u0173 ir pakop\u0173<\/li>\n<li>Nuo prad\u016brim\u0173 apsaugotos padangos<\/li>\n<li>Patvari atramin\u0117 aliuminin\u0117 plok\u0161tel\u0117 apa\u010dioje<\/li>\n<li>Su 24 V greitai pakei\u010diamu akumuliatoriaus bloku<\/li>\n<\/ul>\n","protected":false},"excerpt":{"rendered":"<p>Laipt\u0173 kopiklis Liftkar HD 220 B Dolly varomoji j\u0117ga.. Dolly ir Fold Dolly Idealiai gerai \u2013 ir ant lygi\u0173 pavir\u0161i\u0173. Jau \u012fveik\u0117me laiptus, ta\u010diau dar reikia perve\u017eti krovin\u012f horizontaliai. &#8211; Su LIFTKAR HD Dolly greitai perve\u0161ite j\u012f lygiu pavir\u0161iumi. \u012eveikus laiptus ateina metas i\u0161naudoti integruot\u0105 ve\u017eim\u0117lio sistem\u0105 (Dolly). Svarbu ne tik kilnoti krovinius laiptais. Da\u017enai [&hellip;]<\/p>\n","protected":false},"featured_media":3396,"template":"","meta":{"_acf_changed":false,"inline_featured_image":false},"product_brand":[],"product_cat":[46],"product_tag":[270,213,271,214],"class_list":{"0":"post-8140","1":"product","2":"type-product","3":"status-publish","4":"has-post-thumbnail","6":"product_cat-laiptu-kopiklis-liftkar-hd-360","7":"product_tag-elektrinis-laiptu-vezimelis","8":"product_tag-laiptu-kopiklis","9":"product_tag-laiptu-vezimelis","10":"product_tag-liftkar-hd","12":"first","13":"instock","14":"taxable","15":"shipping-taxable","16":"product-type-simple"},"acf":[],"yoast_head":"<!-- This site is optimized with the Yoast SEO plugin v27.3 - https:\/\/yoast.com\/product\/yoast-seo-wordpress\/ -->\n<title>Laipt\u0173 kopiklis Liftkar HD 220 B Dolly<\/title>\n<meta name=\"description\" content=\"Leistina apkrova 220 kg. Su 24 V greitai pakei\u010diamu akumuliatoriaus bloku\" \/>\n<meta name=\"robots\" content=\"index, follow, max-snippet:-1, max-image-preview:large, max-video-preview:-1\" \/>\n<link rel=\"canonical\" href=\"https:\/\/hartico.ee\/lt\/product\/laiptu-kopiklis-liftkar-hd-220-b-dolly-kopeeri\/\" \/>\n<meta property=\"og:locale\" content=\"lt_LT\" \/>\n<meta property=\"og:type\" content=\"article\" \/>\n<meta property=\"og:title\" content=\"Laipt\u0173 kopiklis Liftkar HD 220 B Dolly\" \/>\n<meta property=\"og:description\" content=\"Leistina apkrova 220 kg. Su 24 V greitai pakei\u010diamu akumuliatoriaus bloku\" \/>\n<meta property=\"og:url\" content=\"https:\/\/hartico.ee\/lt\/product\/laiptu-kopiklis-liftkar-hd-220-b-dolly-kopeeri\/\" \/>\n<meta property=\"og:site_name\" content=\"Hartico\" \/>\n<meta property=\"article:publisher\" content=\"https:\/\/www.facebook.com\/SANOTransportgeraeteBaltics\/\" \/>\n<meta property=\"article:modified_time\" content=\"2022-10-26T14:26:24+00:00\" \/>\n<meta property=\"og:image\" content=\"https:\/\/hartico.ee\/wp-content\/uploads\/2015\/01\/p-3395-p-3388-p-3381-p-3374-060706-Liftkar-HD-Dolly-open-(2).jpg\" \/>\n\t<meta property=\"og:image:width\" content=\"548\" \/>\n\t<meta property=\"og:image:height\" content=\"768\" \/>\n\t<meta property=\"og:image:type\" content=\"image\/jpeg\" \/>\n<meta name=\"twitter:card\" content=\"summary_large_image\" \/>\n<meta name=\"twitter:label1\" content=\"Est. reading time\" \/>\n\t<meta name=\"twitter:data1\" content=\"2 minut\u0117s\" \/>\n<script type=\"application\/ld+json\" class=\"yoast-schema-graph\">{\"@context\":\"https:\\\/\\\/schema.org\",\"@graph\":[{\"@type\":\"WebPage\",\"@id\":\"https:\\\/\\\/hartico.ee\\\/lt\\\/product\\\/laiptu-kopiklis-liftkar-hd-220-b-dolly-kopeeri\\\/\",\"url\":\"https:\\\/\\\/hartico.ee\\\/lt\\\/product\\\/laiptu-kopiklis-liftkar-hd-220-b-dolly-kopeeri\\\/\",\"name\":\"Laipt\u0173 kopiklis Liftkar HD 220 B Dolly\",\"isPartOf\":{\"@id\":\"https:\\\/\\\/hartico.ee\\\/lt\\\/#website\"},\"primaryImageOfPage\":{\"@id\":\"https:\\\/\\\/hartico.ee\\\/lt\\\/product\\\/laiptu-kopiklis-liftkar-hd-220-b-dolly-kopeeri\\\/#primaryimage\"},\"image\":{\"@id\":\"https:\\\/\\\/hartico.ee\\\/lt\\\/product\\\/laiptu-kopiklis-liftkar-hd-220-b-dolly-kopeeri\\\/#primaryimage\"},\"thumbnailUrl\":\"https:\\\/\\\/hartico.ee\\\/wp-content\\\/uploads\\\/2015\\\/01\\\/p-3395-p-3388-p-3381-p-3374-060706-Liftkar-HD-Dolly-open-(2).jpg\",\"datePublished\":\"2019-10-09T19:06:14+00:00\",\"dateModified\":\"2022-10-26T14:26:24+00:00\",\"description\":\"Leistina apkrova 220 kg. Su 24 V greitai pakei\u010diamu akumuliatoriaus bloku\",\"breadcrumb\":{\"@id\":\"https:\\\/\\\/hartico.ee\\\/lt\\\/product\\\/laiptu-kopiklis-liftkar-hd-220-b-dolly-kopeeri\\\/#breadcrumb\"},\"inLanguage\":\"lt-LT\",\"potentialAction\":[{\"@type\":\"ReadAction\",\"target\":[\"https:\\\/\\\/hartico.ee\\\/lt\\\/product\\\/laiptu-kopiklis-liftkar-hd-220-b-dolly-kopeeri\\\/\"]}]},{\"@type\":\"ImageObject\",\"inLanguage\":\"lt-LT\",\"@id\":\"https:\\\/\\\/hartico.ee\\\/lt\\\/product\\\/laiptu-kopiklis-liftkar-hd-220-b-dolly-kopeeri\\\/#primaryimage\",\"url\":\"https:\\\/\\\/hartico.ee\\\/wp-content\\\/uploads\\\/2015\\\/01\\\/p-3395-p-3388-p-3381-p-3374-060706-Liftkar-HD-Dolly-open-(2).jpg\",\"contentUrl\":\"https:\\\/\\\/hartico.ee\\\/wp-content\\\/uploads\\\/2015\\\/01\\\/p-3395-p-3388-p-3381-p-3374-060706-Liftkar-HD-Dolly-open-(2).jpg\",\"width\":548,\"height\":768,\"caption\":\"Laipt\u0173 kopiklis Liftkar HD 360 B Dolly\"},{\"@type\":\"BreadcrumbList\",\"@id\":\"https:\\\/\\\/hartico.ee\\\/lt\\\/product\\\/laiptu-kopiklis-liftkar-hd-220-b-dolly-kopeeri\\\/#breadcrumb\",\"itemListElement\":[{\"@type\":\"ListItem\",\"position\":1,\"name\":\"Esileht\",\"item\":\"https:\\\/\\\/hartico.ee\\\/lt\\\/\"},{\"@type\":\"ListItem\",\"position\":2,\"name\":\"Prek\u0117s\",\"item\":\"https:\\\/\\\/hartico.ee\\\/lt\\\/shop\\\/\"},{\"@type\":\"ListItem\",\"position\":3,\"name\":\"Laipt\u0173 kopiklis Liftkar HD 220 B Dolly\"}]},{\"@type\":\"WebSite\",\"@id\":\"https:\\\/\\\/hartico.ee\\\/lt\\\/#website\",\"url\":\"https:\\\/\\\/hartico.ee\\\/lt\\\/\",\"name\":\"Hartico\",\"description\":\"Lifting and moving systems LIFTKAR, Xetto, Expresso\",\"publisher\":{\"@id\":\"https:\\\/\\\/hartico.ee\\\/lt\\\/#organization\"},\"potentialAction\":[{\"@type\":\"SearchAction\",\"target\":{\"@type\":\"EntryPoint\",\"urlTemplate\":\"https:\\\/\\\/hartico.ee\\\/lt\\\/?s={search_term_string}\"},\"query-input\":{\"@type\":\"PropertyValueSpecification\",\"valueRequired\":true,\"valueName\":\"search_term_string\"}}],\"inLanguage\":\"lt-LT\"},{\"@type\":\"Organization\",\"@id\":\"https:\\\/\\\/hartico.ee\\\/lt\\\/#organization\",\"name\":\"Hartico\",\"url\":\"https:\\\/\\\/hartico.ee\\\/lt\\\/\",\"logo\":{\"@type\":\"ImageObject\",\"inLanguage\":\"lt-LT\",\"@id\":\"https:\\\/\\\/hartico.ee\\\/lt\\\/#\\\/schema\\\/logo\\\/image\\\/\",\"url\":\"https:\\\/\\\/hartico.ee\\\/wp-content\\\/uploads\\\/2018\\\/11\\\/hartico_logo_with_slogan_onecolor.svg\",\"contentUrl\":\"https:\\\/\\\/hartico.ee\\\/wp-content\\\/uploads\\\/2018\\\/11\\\/hartico_logo_with_slogan_onecolor.svg\",\"width\":424,\"height\":157,\"caption\":\"Hartico\"},\"image\":{\"@id\":\"https:\\\/\\\/hartico.ee\\\/lt\\\/#\\\/schema\\\/logo\\\/image\\\/\"},\"sameAs\":[\"https:\\\/\\\/www.facebook.com\\\/SANOTransportgeraeteBaltics\\\/\"]}]}<\/script>\n<!-- \/ Yoast SEO plugin. -->","yoast_head_json":{"title":"Laipt\u0173 kopiklis Liftkar HD 220 B Dolly","description":"Leistina apkrova 220 kg. Su 24 V greitai pakei\u010diamu akumuliatoriaus bloku","robots":{"index":"index","follow":"follow","max-snippet":"max-snippet:-1","max-image-preview":"max-image-preview:large","max-video-preview":"max-video-preview:-1"},"canonical":"https:\/\/hartico.ee\/lt\/product\/laiptu-kopiklis-liftkar-hd-220-b-dolly-kopeeri\/","og_locale":"lt_LT","og_type":"article","og_title":"Laipt\u0173 kopiklis Liftkar HD 220 B Dolly","og_description":"Leistina apkrova 220 kg. Su 24 V greitai pakei\u010diamu akumuliatoriaus bloku","og_url":"https:\/\/hartico.ee\/lt\/product\/laiptu-kopiklis-liftkar-hd-220-b-dolly-kopeeri\/","og_site_name":"Hartico","article_publisher":"https:\/\/www.facebook.com\/SANOTransportgeraeteBaltics\/","article_modified_time":"2022-10-26T14:26:24+00:00","og_image":[{"width":548,"height":768,"url":"https:\/\/hartico.ee\/wp-content\/uploads\/2015\/01\/p-3395-p-3388-p-3381-p-3374-060706-Liftkar-HD-Dolly-open-(2).jpg","type":"image\/jpeg"}],"twitter_card":"summary_large_image","twitter_misc":{"Est. reading time":"2 minut\u0117s"},"schema":{"@context":"https:\/\/schema.org","@graph":[{"@type":"WebPage","@id":"https:\/\/hartico.ee\/lt\/product\/laiptu-kopiklis-liftkar-hd-220-b-dolly-kopeeri\/","url":"https:\/\/hartico.ee\/lt\/product\/laiptu-kopiklis-liftkar-hd-220-b-dolly-kopeeri\/","name":"Laipt\u0173 kopiklis Liftkar HD 220 B Dolly","isPartOf":{"@id":"https:\/\/hartico.ee\/lt\/#website"},"primaryImageOfPage":{"@id":"https:\/\/hartico.ee\/lt\/product\/laiptu-kopiklis-liftkar-hd-220-b-dolly-kopeeri\/#primaryimage"},"image":{"@id":"https:\/\/hartico.ee\/lt\/product\/laiptu-kopiklis-liftkar-hd-220-b-dolly-kopeeri\/#primaryimage"},"thumbnailUrl":"https:\/\/hartico.ee\/wp-content\/uploads\/2015\/01\/p-3395-p-3388-p-3381-p-3374-060706-Liftkar-HD-Dolly-open-(2).jpg","datePublished":"2019-10-09T19:06:14+00:00","dateModified":"2022-10-26T14:26:24+00:00","description":"Leistina apkrova 220 kg. Su 24 V greitai pakei\u010diamu akumuliatoriaus bloku","breadcrumb":{"@id":"https:\/\/hartico.ee\/lt\/product\/laiptu-kopiklis-liftkar-hd-220-b-dolly-kopeeri\/#breadcrumb"},"inLanguage":"lt-LT","potentialAction":[{"@type":"ReadAction","target":["https:\/\/hartico.ee\/lt\/product\/laiptu-kopiklis-liftkar-hd-220-b-dolly-kopeeri\/"]}]},{"@type":"ImageObject","inLanguage":"lt-LT","@id":"https:\/\/hartico.ee\/lt\/product\/laiptu-kopiklis-liftkar-hd-220-b-dolly-kopeeri\/#primaryimage","url":"https:\/\/hartico.ee\/wp-content\/uploads\/2015\/01\/p-3395-p-3388-p-3381-p-3374-060706-Liftkar-HD-Dolly-open-(2).jpg","contentUrl":"https:\/\/hartico.ee\/wp-content\/uploads\/2015\/01\/p-3395-p-3388-p-3381-p-3374-060706-Liftkar-HD-Dolly-open-(2).jpg","width":548,"height":768,"caption":"Laipt\u0173 kopiklis Liftkar HD 360 B Dolly"},{"@type":"BreadcrumbList","@id":"https:\/\/hartico.ee\/lt\/product\/laiptu-kopiklis-liftkar-hd-220-b-dolly-kopeeri\/#breadcrumb","itemListElement":[{"@type":"ListItem","position":1,"name":"Esileht","item":"https:\/\/hartico.ee\/lt\/"},{"@type":"ListItem","position":2,"name":"Prek\u0117s","item":"https:\/\/hartico.ee\/lt\/shop\/"},{"@type":"ListItem","position":3,"name":"Laipt\u0173 kopiklis Liftkar HD 220 B Dolly"}]},{"@type":"WebSite","@id":"https:\/\/hartico.ee\/lt\/#website","url":"https:\/\/hartico.ee\/lt\/","name":"Hartico","description":"Lifting and moving systems LIFTKAR, Xetto, Expresso","publisher":{"@id":"https:\/\/hartico.ee\/lt\/#organization"},"potentialAction":[{"@type":"SearchAction","target":{"@type":"EntryPoint","urlTemplate":"https:\/\/hartico.ee\/lt\/?s={search_term_string}"},"query-input":{"@type":"PropertyValueSpecification","valueRequired":true,"valueName":"search_term_string"}}],"inLanguage":"lt-LT"},{"@type":"Organization","@id":"https:\/\/hartico.ee\/lt\/#organization","name":"Hartico","url":"https:\/\/hartico.ee\/lt\/","logo":{"@type":"ImageObject","inLanguage":"lt-LT","@id":"https:\/\/hartico.ee\/lt\/#\/schema\/logo\/image\/","url":"https:\/\/hartico.ee\/wp-content\/uploads\/2018\/11\/hartico_logo_with_slogan_onecolor.svg","contentUrl":"https:\/\/hartico.ee\/wp-content\/uploads\/2018\/11\/hartico_logo_with_slogan_onecolor.svg","width":424,"height":157,"caption":"Hartico"},"image":{"@id":"https:\/\/hartico.ee\/lt\/#\/schema\/logo\/image\/"},"sameAs":["https:\/\/www.facebook.com\/SANOTransportgeraeteBaltics\/"]}]}},"_links":{"self":[{"href":"https:\/\/hartico.ee\/lt\/wp-json\/wp\/v2\/product\/8140","targetHints":{"allow":["GET"]}}],"collection":[{"href":"https:\/\/hartico.ee\/lt\/wp-json\/wp\/v2\/product"}],"about":[{"href":"https:\/\/hartico.ee\/lt\/wp-json\/wp\/v2\/types\/product"}],"wp:featuredmedia":[{"embeddable":true,"href":"https:\/\/hartico.ee\/lt\/wp-json\/wp\/v2\/media\/3396"}],"wp:attachment":[{"href":"https:\/\/hartico.ee\/lt\/wp-json\/wp\/v2\/media?parent=8140"}],"wp:term":[{"taxonomy":"product_brand","embeddable":true,"href":"https:\/\/hartico.ee\/lt\/wp-json\/wp\/v2\/product_brand?post=8140"},{"taxonomy":"product_cat","embeddable":true,"href":"https:\/\/hartico.ee\/lt\/wp-json\/wp\/v2\/product_cat?post=8140"},{"taxonomy":"product_tag","embeddable":true,"href":"https:\/\/hartico.ee\/lt\/wp-json\/wp\/v2\/product_tag?post=8140"}],"curies":[{"name":"wp","href":"https:\/\/api.w.org\/{rel}","templated":true}]}}