{"id":7979,"date":"2019-10-03T17:38:27","date_gmt":"2019-10-03T15:38:27","guid":{"rendered":"https:\/\/hartico.ee\/?post_type=product&#038;p=7979"},"modified":"2019-10-09T10:36:54","modified_gmt":"2019-10-09T08:36:54","slug":"laiptu-kopiklis-liftkar-hd-220-b-fold","status":"publish","type":"product","link":"https:\/\/hartico.ee\/lt\/product\/laiptu-kopiklis-liftkar-hd-220-b-fold\/","title":{"rendered":"Laipt\u0173 kopiklis Liftkar HD 220 B Fold"},"content":{"rendered":"<h2>LIFTKAR HD varomoji j\u0117ga..<\/h2>\n<p>Liftkar HD Fold<\/p>\n<p>Idealiai tinka perve\u017eti kompakti\u0161kus sunkius daiktus<\/p>\n<p>Kopijavimo aparatai, dujin\u0117s virykl\u0117s, katilai, skalbini\u0173 d\u0117\u017e\u0117s, telefon\u0173 stoteli\u0173 akumuliatoriai, k\u0117limo varikliai ir kita \u012franga turi \u0161\u012f t\u0105 bendro: visi \u0161ie daiktai ma\u017ei, bet sunk\u016bs. &#8211; Jei objekto sunkio centras labai \u017eemai, kad j\u012f gerai pakeltum\u0117te, reik\u0117s pasilenkti \u017eemyn. Taip nugara labai \u012fsitempia. \u017dinoma, jei nenaudojate LIFTKAR HD Fold.<\/p>\n<div align=\"center\">\n<hr align=\"center\" size=\"1\" width=\"100%\" \/>\n<\/div>\n<p>Su LIFTKAR HD Fold galite ranken\u0173 pakreipimo kamp\u0105 nustatyti pagal perve\u017eamo objekto sunkio centr\u0105. Tai rei\u0161kia, kad vertikali\u0105 pad\u0117t\u012f i\u0161laikysite net manevruodami siaurose laipt\u0173 aik\u0161tel\u0117se, ne\u0161dami auk\u0161tyn ir \u017eemyn sunkiausius krovinius.<\/p>\n<p>Tai juk taip paprasta &#8211; tiesiog atleiskite spaustuko svirt\u012f ant r\u0117mo rankenos ir nustatykite ideali\u0105 pad\u0117t\u012f rankenai tiesiog akimirksniu. Frikcin\u0117s plok\u0161tel\u0117s neleid\u017eia jud\u0117ti r\u0117mui, kai spaustukai yra u\u017espausti. Pavadinimas pasako visk\u0105: LIFTKAR HD Fold ranken\u0105 galima nulenkti, kad b\u016bt\u0173 galima keltuv\u0105 laiptais patogiai laikyti net ir ma\u017eiausiame automobilyj.<\/p>\n<ul>\n<li>\n<div>\n<h4><strong>Privalumai\u00a0<\/strong><\/h4>\n<\/div>\n<\/li>\n<li>Kroviniams iki 220 kg<\/li>\n<li>Iki 22 cm auk\u0161\u010dio laiptams<\/li>\n<li>Du darbiniai re\u017eimai (vieno laiptelio \/ kilimo laiptais)<\/li>\n<li>Lengva modulin\u0117 konstrukcija<\/li>\n<li>Kietas r\u0117mas i\u0161 patentuot\u0173 SANO aliuminini\u0173 profili\u0173<\/li>\n<li>Moderni integruota stabdymo prie laipto kra\u0161to sistema<\/li>\n<li>Automatinio i\u0161jungimo re\u017eimas<\/li>\n<li>Ergonomi\u0161ka rankena su neslystan\u010dia gumine danga<\/li>\n<li>Jungiklis AUK\u0160TYN\/\u017dEMYN i\u0161 abiej\u0173 pusi\u0173, darbui i\u0161 kair\u0117s ir i\u0161 de\u0161in\u0117s pus\u0117s<\/li>\n<li>Puikiai subalansuotas saugiai veikti ant laipt\u0173 ir pakop\u0173<\/li>\n<li>Nuo prad\u016brim\u0173 apsaugotos padangos<\/li>\n<li>Patvari atramin\u0117 aliuminin\u0117 plok\u0161tel\u0117 apa\u010dioje<\/li>\n<li>Su 24 V greitai pakei\u010diamu akumuliatoriaus bloku<\/li>\n<\/ul>\n","protected":false},"excerpt":{"rendered":"<p>LIFTKAR HD varomoji j\u0117ga.. Liftkar HD Fold Idealiai tinka perve\u017eti kompakti\u0161kus sunkius daiktus Kopijavimo aparatai, dujin\u0117s virykl\u0117s, katilai, skalbini\u0173 d\u0117\u017e\u0117s, telefon\u0173 stoteli\u0173 akumuliatoriai, k\u0117limo varikliai ir kita \u012franga turi \u0161\u012f t\u0105 bendro: visi \u0161ie daiktai ma\u017ei, bet sunk\u016bs. &#8211; Jei objekto sunkio centras labai \u017eemai, kad j\u012f gerai pakeltum\u0117te, reik\u0117s pasilenkti \u017eemyn. Taip nugara labai [&hellip;]<\/p>\n","protected":false},"featured_media":3419,"template":"","meta":{"_acf_changed":false,"inline_featured_image":false},"product_brand":[],"product_cat":[46],"product_tag":[],"class_list":{"0":"post-7979","1":"product","2":"type-product","3":"status-publish","4":"has-post-thumbnail","6":"product_cat-laiptu-kopiklis-liftkar-hd-360","8":"first","9":"instock","10":"taxable","11":"shipping-taxable","12":"product-type-simple"},"acf":[],"yoast_head":"<!-- This site is optimized with the Yoast SEO plugin v27.3 - https:\/\/yoast.com\/product\/yoast-seo-wordpress\/ -->\n<title>Laipt\u0173 kopiklis Liftkar HD 220 B Fold, Idealiai tinka perve\u017eti kompakti\u0161kus sunkius daiktus<\/title>\n<meta name=\"description\" content=\"Laipt\u0173 kopiklis Liftkar HD 220 B Fold,Idealiai tinka perve\u017eti kompakti\u0161kus sunkius daiktus. Kopijavimo aparatai, dujin\u0117s virykl\u0117s, katilai, skalbini\u0173 d\u0117\u017e\u0117s, telefon\u0173 stoteli\u0173 akumuliatoriai,\" \/>\n<meta name=\"robots\" content=\"index, follow, max-snippet:-1, max-image-preview:large, max-video-preview:-1\" \/>\n<link rel=\"canonical\" href=\"https:\/\/hartico.ee\/lt\/product\/laiptu-kopiklis-liftkar-hd-220-b-fold\/\" \/>\n<meta property=\"og:locale\" content=\"lt_LT\" \/>\n<meta property=\"og:type\" content=\"article\" \/>\n<meta property=\"og:title\" content=\"Laipt\u0173 kopiklis Liftkar HD 220 B Fold, Idealiai tinka perve\u017eti kompakti\u0161kus sunkius daiktus\" \/>\n<meta property=\"og:description\" content=\"Laipt\u0173 kopiklis Liftkar HD 220 B Fold,Idealiai tinka perve\u017eti kompakti\u0161kus sunkius daiktus. Kopijavimo aparatai, dujin\u0117s virykl\u0117s, katilai, skalbini\u0173 d\u0117\u017e\u0117s, telefon\u0173 stoteli\u0173 akumuliatoriai,\" \/>\n<meta property=\"og:url\" content=\"https:\/\/hartico.ee\/lt\/product\/laiptu-kopiklis-liftkar-hd-220-b-fold\/\" \/>\n<meta property=\"og:site_name\" content=\"Hartico\" \/>\n<meta property=\"article:publisher\" content=\"https:\/\/www.facebook.com\/SANOTransportgeraeteBaltics\/\" \/>\n<meta property=\"article:modified_time\" content=\"2019-10-09T08:36:54+00:00\" \/>\n<meta property=\"og:image\" content=\"https:\/\/hartico.ee\/wp-content\/uploads\/2014\/11\/p-3418-p-3415-p-3412-p-3409-060705-LIFTKAR-HD-Fold.jpg\" \/>\n\t<meta property=\"og:image:width\" content=\"407\" \/>\n\t<meta property=\"og:image:height\" content=\"990\" \/>\n\t<meta property=\"og:image:type\" content=\"image\/jpeg\" \/>\n<meta name=\"twitter:card\" content=\"summary_large_image\" \/>\n<meta name=\"twitter:label1\" content=\"Est. reading time\" \/>\n\t<meta name=\"twitter:data1\" content=\"1 minut\u0117\" \/>\n<script type=\"application\/ld+json\" class=\"yoast-schema-graph\">{\"@context\":\"https:\\\/\\\/schema.org\",\"@graph\":[{\"@type\":\"WebPage\",\"@id\":\"https:\\\/\\\/hartico.ee\\\/lt\\\/product\\\/laiptu-kopiklis-liftkar-hd-220-b-fold\\\/\",\"url\":\"https:\\\/\\\/hartico.ee\\\/lt\\\/product\\\/laiptu-kopiklis-liftkar-hd-220-b-fold\\\/\",\"name\":\"Laipt\u0173 kopiklis Liftkar HD 220 B Fold, Idealiai tinka perve\u017eti kompakti\u0161kus sunkius daiktus\",\"isPartOf\":{\"@id\":\"https:\\\/\\\/hartico.ee\\\/lt\\\/#website\"},\"primaryImageOfPage\":{\"@id\":\"https:\\\/\\\/hartico.ee\\\/lt\\\/product\\\/laiptu-kopiklis-liftkar-hd-220-b-fold\\\/#primaryimage\"},\"image\":{\"@id\":\"https:\\\/\\\/hartico.ee\\\/lt\\\/product\\\/laiptu-kopiklis-liftkar-hd-220-b-fold\\\/#primaryimage\"},\"thumbnailUrl\":\"https:\\\/\\\/hartico.ee\\\/wp-content\\\/uploads\\\/2014\\\/11\\\/p-3418-p-3415-p-3412-p-3409-060705-LIFTKAR-HD-Fold.jpg\",\"datePublished\":\"2019-10-03T15:38:27+00:00\",\"dateModified\":\"2019-10-09T08:36:54+00:00\",\"description\":\"Laipt\u0173 kopiklis Liftkar HD 220 B Fold,Idealiai tinka perve\u017eti kompakti\u0161kus sunkius daiktus. Kopijavimo aparatai, dujin\u0117s virykl\u0117s, katilai, skalbini\u0173 d\u0117\u017e\u0117s, telefon\u0173 stoteli\u0173 akumuliatoriai,\",\"breadcrumb\":{\"@id\":\"https:\\\/\\\/hartico.ee\\\/lt\\\/product\\\/laiptu-kopiklis-liftkar-hd-220-b-fold\\\/#breadcrumb\"},\"inLanguage\":\"lt-LT\",\"potentialAction\":[{\"@type\":\"ReadAction\",\"target\":[\"https:\\\/\\\/hartico.ee\\\/lt\\\/product\\\/laiptu-kopiklis-liftkar-hd-220-b-fold\\\/\"]}]},{\"@type\":\"ImageObject\",\"inLanguage\":\"lt-LT\",\"@id\":\"https:\\\/\\\/hartico.ee\\\/lt\\\/product\\\/laiptu-kopiklis-liftkar-hd-220-b-fold\\\/#primaryimage\",\"url\":\"https:\\\/\\\/hartico.ee\\\/wp-content\\\/uploads\\\/2014\\\/11\\\/p-3418-p-3415-p-3412-p-3409-060705-LIFTKAR-HD-Fold.jpg\",\"contentUrl\":\"https:\\\/\\\/hartico.ee\\\/wp-content\\\/uploads\\\/2014\\\/11\\\/p-3418-p-3415-p-3412-p-3409-060705-LIFTKAR-HD-Fold.jpg\",\"width\":407,\"height\":990,\"caption\":\"Laipt\u0173 kopiklis Liftkar HD 220 B Fold\"},{\"@type\":\"BreadcrumbList\",\"@id\":\"https:\\\/\\\/hartico.ee\\\/lt\\\/product\\\/laiptu-kopiklis-liftkar-hd-220-b-fold\\\/#breadcrumb\",\"itemListElement\":[{\"@type\":\"ListItem\",\"position\":1,\"name\":\"Esileht\",\"item\":\"https:\\\/\\\/hartico.ee\\\/lt\\\/\"},{\"@type\":\"ListItem\",\"position\":2,\"name\":\"Prek\u0117s\",\"item\":\"https:\\\/\\\/hartico.ee\\\/lt\\\/shop\\\/\"},{\"@type\":\"ListItem\",\"position\":3,\"name\":\"Laipt\u0173 kopiklis Liftkar HD 220 B Fold\"}]},{\"@type\":\"WebSite\",\"@id\":\"https:\\\/\\\/hartico.ee\\\/lt\\\/#website\",\"url\":\"https:\\\/\\\/hartico.ee\\\/lt\\\/\",\"name\":\"Hartico\",\"description\":\"Lifting and moving systems LIFTKAR, Xetto, Expresso\",\"publisher\":{\"@id\":\"https:\\\/\\\/hartico.ee\\\/lt\\\/#organization\"},\"potentialAction\":[{\"@type\":\"SearchAction\",\"target\":{\"@type\":\"EntryPoint\",\"urlTemplate\":\"https:\\\/\\\/hartico.ee\\\/lt\\\/?s={search_term_string}\"},\"query-input\":{\"@type\":\"PropertyValueSpecification\",\"valueRequired\":true,\"valueName\":\"search_term_string\"}}],\"inLanguage\":\"lt-LT\"},{\"@type\":\"Organization\",\"@id\":\"https:\\\/\\\/hartico.ee\\\/lt\\\/#organization\",\"name\":\"Hartico\",\"url\":\"https:\\\/\\\/hartico.ee\\\/lt\\\/\",\"logo\":{\"@type\":\"ImageObject\",\"inLanguage\":\"lt-LT\",\"@id\":\"https:\\\/\\\/hartico.ee\\\/lt\\\/#\\\/schema\\\/logo\\\/image\\\/\",\"url\":\"https:\\\/\\\/hartico.ee\\\/wp-content\\\/uploads\\\/2018\\\/11\\\/hartico_logo_with_slogan_onecolor.svg\",\"contentUrl\":\"https:\\\/\\\/hartico.ee\\\/wp-content\\\/uploads\\\/2018\\\/11\\\/hartico_logo_with_slogan_onecolor.svg\",\"width\":424,\"height\":157,\"caption\":\"Hartico\"},\"image\":{\"@id\":\"https:\\\/\\\/hartico.ee\\\/lt\\\/#\\\/schema\\\/logo\\\/image\\\/\"},\"sameAs\":[\"https:\\\/\\\/www.facebook.com\\\/SANOTransportgeraeteBaltics\\\/\"]}]}<\/script>\n<!-- \/ Yoast SEO plugin. -->","yoast_head_json":{"title":"Laipt\u0173 kopiklis Liftkar HD 220 B Fold, Idealiai tinka perve\u017eti kompakti\u0161kus sunkius daiktus","description":"Laipt\u0173 kopiklis Liftkar HD 220 B Fold,Idealiai tinka perve\u017eti kompakti\u0161kus sunkius daiktus. Kopijavimo aparatai, dujin\u0117s virykl\u0117s, katilai, skalbini\u0173 d\u0117\u017e\u0117s, telefon\u0173 stoteli\u0173 akumuliatoriai,","robots":{"index":"index","follow":"follow","max-snippet":"max-snippet:-1","max-image-preview":"max-image-preview:large","max-video-preview":"max-video-preview:-1"},"canonical":"https:\/\/hartico.ee\/lt\/product\/laiptu-kopiklis-liftkar-hd-220-b-fold\/","og_locale":"lt_LT","og_type":"article","og_title":"Laipt\u0173 kopiklis Liftkar HD 220 B Fold, Idealiai tinka perve\u017eti kompakti\u0161kus sunkius daiktus","og_description":"Laipt\u0173 kopiklis Liftkar HD 220 B Fold,Idealiai tinka perve\u017eti kompakti\u0161kus sunkius daiktus. Kopijavimo aparatai, dujin\u0117s virykl\u0117s, katilai, skalbini\u0173 d\u0117\u017e\u0117s, telefon\u0173 stoteli\u0173 akumuliatoriai,","og_url":"https:\/\/hartico.ee\/lt\/product\/laiptu-kopiklis-liftkar-hd-220-b-fold\/","og_site_name":"Hartico","article_publisher":"https:\/\/www.facebook.com\/SANOTransportgeraeteBaltics\/","article_modified_time":"2019-10-09T08:36:54+00:00","og_image":[{"width":407,"height":990,"url":"https:\/\/hartico.ee\/wp-content\/uploads\/2014\/11\/p-3418-p-3415-p-3412-p-3409-060705-LIFTKAR-HD-Fold.jpg","type":"image\/jpeg"}],"twitter_card":"summary_large_image","twitter_misc":{"Est. reading time":"1 minut\u0117"},"schema":{"@context":"https:\/\/schema.org","@graph":[{"@type":"WebPage","@id":"https:\/\/hartico.ee\/lt\/product\/laiptu-kopiklis-liftkar-hd-220-b-fold\/","url":"https:\/\/hartico.ee\/lt\/product\/laiptu-kopiklis-liftkar-hd-220-b-fold\/","name":"Laipt\u0173 kopiklis Liftkar HD 220 B Fold, Idealiai tinka perve\u017eti kompakti\u0161kus sunkius daiktus","isPartOf":{"@id":"https:\/\/hartico.ee\/lt\/#website"},"primaryImageOfPage":{"@id":"https:\/\/hartico.ee\/lt\/product\/laiptu-kopiklis-liftkar-hd-220-b-fold\/#primaryimage"},"image":{"@id":"https:\/\/hartico.ee\/lt\/product\/laiptu-kopiklis-liftkar-hd-220-b-fold\/#primaryimage"},"thumbnailUrl":"https:\/\/hartico.ee\/wp-content\/uploads\/2014\/11\/p-3418-p-3415-p-3412-p-3409-060705-LIFTKAR-HD-Fold.jpg","datePublished":"2019-10-03T15:38:27+00:00","dateModified":"2019-10-09T08:36:54+00:00","description":"Laipt\u0173 kopiklis Liftkar HD 220 B Fold,Idealiai tinka perve\u017eti kompakti\u0161kus sunkius daiktus. Kopijavimo aparatai, dujin\u0117s virykl\u0117s, katilai, skalbini\u0173 d\u0117\u017e\u0117s, telefon\u0173 stoteli\u0173 akumuliatoriai,","breadcrumb":{"@id":"https:\/\/hartico.ee\/lt\/product\/laiptu-kopiklis-liftkar-hd-220-b-fold\/#breadcrumb"},"inLanguage":"lt-LT","potentialAction":[{"@type":"ReadAction","target":["https:\/\/hartico.ee\/lt\/product\/laiptu-kopiklis-liftkar-hd-220-b-fold\/"]}]},{"@type":"ImageObject","inLanguage":"lt-LT","@id":"https:\/\/hartico.ee\/lt\/product\/laiptu-kopiklis-liftkar-hd-220-b-fold\/#primaryimage","url":"https:\/\/hartico.ee\/wp-content\/uploads\/2014\/11\/p-3418-p-3415-p-3412-p-3409-060705-LIFTKAR-HD-Fold.jpg","contentUrl":"https:\/\/hartico.ee\/wp-content\/uploads\/2014\/11\/p-3418-p-3415-p-3412-p-3409-060705-LIFTKAR-HD-Fold.jpg","width":407,"height":990,"caption":"Laipt\u0173 kopiklis Liftkar HD 220 B Fold"},{"@type":"BreadcrumbList","@id":"https:\/\/hartico.ee\/lt\/product\/laiptu-kopiklis-liftkar-hd-220-b-fold\/#breadcrumb","itemListElement":[{"@type":"ListItem","position":1,"name":"Esileht","item":"https:\/\/hartico.ee\/lt\/"},{"@type":"ListItem","position":2,"name":"Prek\u0117s","item":"https:\/\/hartico.ee\/lt\/shop\/"},{"@type":"ListItem","position":3,"name":"Laipt\u0173 kopiklis Liftkar HD 220 B Fold"}]},{"@type":"WebSite","@id":"https:\/\/hartico.ee\/lt\/#website","url":"https:\/\/hartico.ee\/lt\/","name":"Hartico","description":"Lifting and moving systems LIFTKAR, Xetto, Expresso","publisher":{"@id":"https:\/\/hartico.ee\/lt\/#organization"},"potentialAction":[{"@type":"SearchAction","target":{"@type":"EntryPoint","urlTemplate":"https:\/\/hartico.ee\/lt\/?s={search_term_string}"},"query-input":{"@type":"PropertyValueSpecification","valueRequired":true,"valueName":"search_term_string"}}],"inLanguage":"lt-LT"},{"@type":"Organization","@id":"https:\/\/hartico.ee\/lt\/#organization","name":"Hartico","url":"https:\/\/hartico.ee\/lt\/","logo":{"@type":"ImageObject","inLanguage":"lt-LT","@id":"https:\/\/hartico.ee\/lt\/#\/schema\/logo\/image\/","url":"https:\/\/hartico.ee\/wp-content\/uploads\/2018\/11\/hartico_logo_with_slogan_onecolor.svg","contentUrl":"https:\/\/hartico.ee\/wp-content\/uploads\/2018\/11\/hartico_logo_with_slogan_onecolor.svg","width":424,"height":157,"caption":"Hartico"},"image":{"@id":"https:\/\/hartico.ee\/lt\/#\/schema\/logo\/image\/"},"sameAs":["https:\/\/www.facebook.com\/SANOTransportgeraeteBaltics\/"]}]}},"_links":{"self":[{"href":"https:\/\/hartico.ee\/lt\/wp-json\/wp\/v2\/product\/7979","targetHints":{"allow":["GET"]}}],"collection":[{"href":"https:\/\/hartico.ee\/lt\/wp-json\/wp\/v2\/product"}],"about":[{"href":"https:\/\/hartico.ee\/lt\/wp-json\/wp\/v2\/types\/product"}],"wp:featuredmedia":[{"embeddable":true,"href":"https:\/\/hartico.ee\/lt\/wp-json\/wp\/v2\/media\/3419"}],"wp:attachment":[{"href":"https:\/\/hartico.ee\/lt\/wp-json\/wp\/v2\/media?parent=7979"}],"wp:term":[{"taxonomy":"product_brand","embeddable":true,"href":"https:\/\/hartico.ee\/lt\/wp-json\/wp\/v2\/product_brand?post=7979"},{"taxonomy":"product_cat","embeddable":true,"href":"https:\/\/hartico.ee\/lt\/wp-json\/wp\/v2\/product_cat?post=7979"},{"taxonomy":"product_tag","embeddable":true,"href":"https:\/\/hartico.ee\/lt\/wp-json\/wp\/v2\/product_tag?post=7979"}],"curies":[{"name":"wp","href":"https:\/\/api.w.org\/{rel}","templated":true}]}}