{"id":7948,"date":"2019-10-03T12:58:38","date_gmt":"2019-10-03T10:58:38","guid":{"rendered":"https:\/\/hartico.ee\/?post_type=product&#038;p=7948"},"modified":"2019-10-09T10:50:26","modified_gmt":"2019-10-09T08:50:26","slug":"laiptu-kopiklis-liftkar-hd-360-uni-b","status":"publish","type":"product","link":"https:\/\/hartico.ee\/lt\/product\/laiptu-kopiklis-liftkar-hd-360-uni-b\/","title":{"rendered":"Laipt\u0173 kopiklis Liftkar HD 360 UNI B"},"content":{"rendered":"<h2>Laipt\u0173 kopiklis Liftkar HD 360 UNI B varomoji j\u0117ga..<\/h2>\n<h3>LIFTKAR HD Universal<\/h3>\n<p>Visa galia sunkiems ir auk\u0161tiems kroviniams<\/p>\n<p>LIFTKAR HD Universal sukurtas specialiai sunkiems ir auk\u0161tiems kroviniams, kuriuos reikia perne\u0161ti \u012fvairiausiais laiptais, \u2013 pavyzd\u017eiui, elektriniams buitiniams prietaisams, g\u0117rim\u0173 automatams, dideliems lo\u0161im\u0173 automatams ir katilams, saul\u0117s baterijoms, sunkiems ritiniams linoleumo ir d\u0117\u017ei\u0173 \u0161\u016bsnims.<\/p>\n<div align=\"center\">\n<hr align=\"center\" size=\"1\" width=\"100%\" \/>\n<\/div>\n<p>Paprastai anks\u010diau auk\u0161tus daiktus perne\u0161ant svarbiausia buvo i\u0161laikyti pusiausvyr\u0105 \u2013 su LIFTKAR HD Universal tai atliksite tiesiog savaime.<br \/>\nGrak\u0161taus dizaino prietaisas su galingu varikliu ir modernia k\u0117limo laiptais technologija leis greitai ir paprastai perkelti auk\u0161tus sunkius daiktus auk\u0161tyn ir \u017eemyn net ir siaurais ar spiraliniais laiptais. Atramin\u0117 plok\u0161tel\u0117 ir keturi dvigubi ratukai dar supaprastina perve\u017eim\u0105: LIFTKAR HD dabar paprastai juda lygiais pavir\u0161iais, perve\u017edamas krovinius sta\u010diai ir neapvirsdamas.<\/p>\n<ul>\n<li>Iki 22 cm auk\u0161\u010dio laiptams<\/li>\n<li>Du darbiniai re\u017eimai (vieno laiptelio \/ kilimo laiptais)<\/li>\n<li>Lengva modulin\u0117 konstrukcija<\/li>\n<li>Kietas r\u0117mas i\u0161 patentuot\u0173 SANO aliuminini\u0173 profili\u0173<\/li>\n<li>Moderni integruota stabdymo prie laipto kra\u0161to sistema<\/li>\n<li>Automatinio i\u0161jungimo re\u017eimas<\/li>\n<li>Ergonomi\u0161ka rankena su neslystan\u010dia gumine danga<\/li>\n<li>Jungiklis AUK\u0160TYN\/\u017dEMYN i\u0161 abiej\u0173 pusi\u0173, darbui i\u0161 kair\u0117s ir i\u0161 de\u0161in\u0117s pus\u0117s<\/li>\n<li>Puikiai subalansuotas saugiai veikti ant laipt\u0173 ir pakop\u0173<\/li>\n<li>Nuo prad\u016brim\u0173 apsaugotos padangos<\/li>\n<li>Patvari atramin\u0117 aliuminin\u0117 plok\u0161tel\u0117 apa\u010dioje<\/li>\n<li>Su 24 V greitai pakei\u010diamu akumuliatoriaus bloku<\/li>\n<\/ul>\n","protected":false},"excerpt":{"rendered":"<p>Laipt\u0173 kopiklis Liftkar HD 360 UNI B varomoji j\u0117ga.. LIFTKAR HD Universal Visa galia sunkiems ir auk\u0161tiems kroviniams LIFTKAR HD Universal sukurtas specialiai sunkiems ir auk\u0161tiems kroviniams, kuriuos reikia perne\u0161ti \u012fvairiausiais laiptais, \u2013 pavyzd\u017eiui, elektriniams buitiniams prietaisams, g\u0117rim\u0173 automatams, dideliems lo\u0161im\u0173 automatams ir katilams, saul\u0117s baterijoms, sunkiems ritiniams linoleumo ir d\u0117\u017ei\u0173 \u0161\u016bsnims. Paprastai anks\u010diau auk\u0161tus [&hellip;]<\/p>\n","protected":false},"featured_media":3111,"template":"","meta":{"_acf_changed":false,"inline_featured_image":false},"product_brand":[],"product_cat":[46],"product_tag":[213,214,239],"class_list":{"0":"post-7948","1":"product","2":"type-product","3":"status-publish","4":"has-post-thumbnail","6":"product_cat-laiptu-kopiklis-liftkar-hd-360","7":"product_tag-laiptu-kopiklis","8":"product_tag-liftkar-hd","9":"product_tag-trepironija-lt","11":"first","12":"instock","13":"taxable","14":"shipping-taxable","15":"product-type-simple"},"acf":[],"yoast_head":"<!-- This site is optimized with the Yoast SEO plugin v27.3 - https:\/\/yoast.com\/product\/yoast-seo-wordpress\/ -->\n<title>Laipt\u0173 kopiklis Liftkar HD 360 UNI B<\/title>\n<meta name=\"description\" content=\"LIFTKAR HD 360 UNI Universal sukurtas specialiai sunkiems ir auk\u0161tiems kroviniams, kuriuos reikia perne\u0161ti \u012fvairiausiais laiptais, \u2013 pavyzd\u017eiui, elektriniam\" \/>\n<meta name=\"robots\" content=\"index, follow, max-snippet:-1, max-image-preview:large, max-video-preview:-1\" \/>\n<link rel=\"canonical\" href=\"https:\/\/hartico.ee\/lt\/product\/laiptu-kopiklis-liftkar-hd-360-uni-b\/\" \/>\n<meta property=\"og:locale\" content=\"lt_LT\" \/>\n<meta property=\"og:type\" content=\"article\" \/>\n<meta property=\"og:title\" content=\"Laipt\u0173 kopiklis Liftkar HD 360 UNI B\" \/>\n<meta property=\"og:description\" content=\"LIFTKAR HD 360 UNI Universal sukurtas specialiai sunkiems ir auk\u0161tiems kroviniams, kuriuos reikia perne\u0161ti \u012fvairiausiais laiptais, \u2013 pavyzd\u017eiui, elektriniam\" \/>\n<meta property=\"og:url\" content=\"https:\/\/hartico.ee\/lt\/product\/laiptu-kopiklis-liftkar-hd-360-uni-b\/\" \/>\n<meta property=\"og:site_name\" content=\"Hartico\" \/>\n<meta property=\"article:publisher\" content=\"https:\/\/www.facebook.com\/SANOTransportgeraeteBaltics\/\" \/>\n<meta property=\"article:modified_time\" content=\"2019-10-09T08:50:26+00:00\" \/>\n<meta property=\"og:image\" content=\"https:\/\/hartico.ee\/wp-content\/uploads\/2014\/11\/p-3110-p-3108-p-3106-p-3104-LIFTKAR-HD-330-UNI-B.jpg\" \/>\n\t<meta property=\"og:image:width\" content=\"460\" \/>\n\t<meta property=\"og:image:height\" content=\"990\" \/>\n\t<meta property=\"og:image:type\" content=\"image\/jpeg\" \/>\n<meta name=\"twitter:card\" content=\"summary_large_image\" \/>\n<meta name=\"twitter:label1\" content=\"Est. reading time\" \/>\n\t<meta name=\"twitter:data1\" content=\"1 minut\u0117\" \/>\n<script type=\"application\/ld+json\" class=\"yoast-schema-graph\">{\"@context\":\"https:\\\/\\\/schema.org\",\"@graph\":[{\"@type\":\"WebPage\",\"@id\":\"https:\\\/\\\/hartico.ee\\\/lt\\\/product\\\/laiptu-kopiklis-liftkar-hd-360-uni-b\\\/\",\"url\":\"https:\\\/\\\/hartico.ee\\\/lt\\\/product\\\/laiptu-kopiklis-liftkar-hd-360-uni-b\\\/\",\"name\":\"Laipt\u0173 kopiklis Liftkar HD 360 UNI B\",\"isPartOf\":{\"@id\":\"https:\\\/\\\/hartico.ee\\\/lt\\\/#website\"},\"primaryImageOfPage\":{\"@id\":\"https:\\\/\\\/hartico.ee\\\/lt\\\/product\\\/laiptu-kopiklis-liftkar-hd-360-uni-b\\\/#primaryimage\"},\"image\":{\"@id\":\"https:\\\/\\\/hartico.ee\\\/lt\\\/product\\\/laiptu-kopiklis-liftkar-hd-360-uni-b\\\/#primaryimage\"},\"thumbnailUrl\":\"https:\\\/\\\/hartico.ee\\\/wp-content\\\/uploads\\\/2014\\\/11\\\/p-3110-p-3108-p-3106-p-3104-LIFTKAR-HD-330-UNI-B.jpg\",\"datePublished\":\"2019-10-03T10:58:38+00:00\",\"dateModified\":\"2019-10-09T08:50:26+00:00\",\"description\":\"LIFTKAR HD 360 UNI Universal sukurtas specialiai sunkiems ir auk\u0161tiems kroviniams, kuriuos reikia perne\u0161ti \u012fvairiausiais laiptais, \u2013 pavyzd\u017eiui, elektriniam\",\"breadcrumb\":{\"@id\":\"https:\\\/\\\/hartico.ee\\\/lt\\\/product\\\/laiptu-kopiklis-liftkar-hd-360-uni-b\\\/#breadcrumb\"},\"inLanguage\":\"lt-LT\",\"potentialAction\":[{\"@type\":\"ReadAction\",\"target\":[\"https:\\\/\\\/hartico.ee\\\/lt\\\/product\\\/laiptu-kopiklis-liftkar-hd-360-uni-b\\\/\"]}]},{\"@type\":\"ImageObject\",\"inLanguage\":\"lt-LT\",\"@id\":\"https:\\\/\\\/hartico.ee\\\/lt\\\/product\\\/laiptu-kopiklis-liftkar-hd-360-uni-b\\\/#primaryimage\",\"url\":\"https:\\\/\\\/hartico.ee\\\/wp-content\\\/uploads\\\/2014\\\/11\\\/p-3110-p-3108-p-3106-p-3104-LIFTKAR-HD-330-UNI-B.jpg\",\"contentUrl\":\"https:\\\/\\\/hartico.ee\\\/wp-content\\\/uploads\\\/2014\\\/11\\\/p-3110-p-3108-p-3106-p-3104-LIFTKAR-HD-330-UNI-B.jpg\",\"width\":460,\"height\":990,\"caption\":\"Laipt\u0173 kopiklis Liftkar HD 360 UNI B\"},{\"@type\":\"BreadcrumbList\",\"@id\":\"https:\\\/\\\/hartico.ee\\\/lt\\\/product\\\/laiptu-kopiklis-liftkar-hd-360-uni-b\\\/#breadcrumb\",\"itemListElement\":[{\"@type\":\"ListItem\",\"position\":1,\"name\":\"Esileht\",\"item\":\"https:\\\/\\\/hartico.ee\\\/lt\\\/\"},{\"@type\":\"ListItem\",\"position\":2,\"name\":\"Prek\u0117s\",\"item\":\"https:\\\/\\\/hartico.ee\\\/lt\\\/shop\\\/\"},{\"@type\":\"ListItem\",\"position\":3,\"name\":\"Laipt\u0173 kopiklis Liftkar HD 360 UNI B\"}]},{\"@type\":\"WebSite\",\"@id\":\"https:\\\/\\\/hartico.ee\\\/lt\\\/#website\",\"url\":\"https:\\\/\\\/hartico.ee\\\/lt\\\/\",\"name\":\"Hartico\",\"description\":\"Lifting and moving systems LIFTKAR, Xetto, Expresso\",\"publisher\":{\"@id\":\"https:\\\/\\\/hartico.ee\\\/lt\\\/#organization\"},\"potentialAction\":[{\"@type\":\"SearchAction\",\"target\":{\"@type\":\"EntryPoint\",\"urlTemplate\":\"https:\\\/\\\/hartico.ee\\\/lt\\\/?s={search_term_string}\"},\"query-input\":{\"@type\":\"PropertyValueSpecification\",\"valueRequired\":true,\"valueName\":\"search_term_string\"}}],\"inLanguage\":\"lt-LT\"},{\"@type\":\"Organization\",\"@id\":\"https:\\\/\\\/hartico.ee\\\/lt\\\/#organization\",\"name\":\"Hartico\",\"url\":\"https:\\\/\\\/hartico.ee\\\/lt\\\/\",\"logo\":{\"@type\":\"ImageObject\",\"inLanguage\":\"lt-LT\",\"@id\":\"https:\\\/\\\/hartico.ee\\\/lt\\\/#\\\/schema\\\/logo\\\/image\\\/\",\"url\":\"https:\\\/\\\/hartico.ee\\\/wp-content\\\/uploads\\\/2018\\\/11\\\/hartico_logo_with_slogan_onecolor.svg\",\"contentUrl\":\"https:\\\/\\\/hartico.ee\\\/wp-content\\\/uploads\\\/2018\\\/11\\\/hartico_logo_with_slogan_onecolor.svg\",\"width\":424,\"height\":157,\"caption\":\"Hartico\"},\"image\":{\"@id\":\"https:\\\/\\\/hartico.ee\\\/lt\\\/#\\\/schema\\\/logo\\\/image\\\/\"},\"sameAs\":[\"https:\\\/\\\/www.facebook.com\\\/SANOTransportgeraeteBaltics\\\/\"]}]}<\/script>\n<!-- \/ Yoast SEO plugin. -->","yoast_head_json":{"title":"Laipt\u0173 kopiklis Liftkar HD 360 UNI B","description":"LIFTKAR HD 360 UNI Universal sukurtas specialiai sunkiems ir auk\u0161tiems kroviniams, kuriuos reikia perne\u0161ti \u012fvairiausiais laiptais, \u2013 pavyzd\u017eiui, elektriniam","robots":{"index":"index","follow":"follow","max-snippet":"max-snippet:-1","max-image-preview":"max-image-preview:large","max-video-preview":"max-video-preview:-1"},"canonical":"https:\/\/hartico.ee\/lt\/product\/laiptu-kopiklis-liftkar-hd-360-uni-b\/","og_locale":"lt_LT","og_type":"article","og_title":"Laipt\u0173 kopiklis Liftkar HD 360 UNI B","og_description":"LIFTKAR HD 360 UNI Universal sukurtas specialiai sunkiems ir auk\u0161tiems kroviniams, kuriuos reikia perne\u0161ti \u012fvairiausiais laiptais, \u2013 pavyzd\u017eiui, elektriniam","og_url":"https:\/\/hartico.ee\/lt\/product\/laiptu-kopiklis-liftkar-hd-360-uni-b\/","og_site_name":"Hartico","article_publisher":"https:\/\/www.facebook.com\/SANOTransportgeraeteBaltics\/","article_modified_time":"2019-10-09T08:50:26+00:00","og_image":[{"width":460,"height":990,"url":"https:\/\/hartico.ee\/wp-content\/uploads\/2014\/11\/p-3110-p-3108-p-3106-p-3104-LIFTKAR-HD-330-UNI-B.jpg","type":"image\/jpeg"}],"twitter_card":"summary_large_image","twitter_misc":{"Est. reading time":"1 minut\u0117"},"schema":{"@context":"https:\/\/schema.org","@graph":[{"@type":"WebPage","@id":"https:\/\/hartico.ee\/lt\/product\/laiptu-kopiklis-liftkar-hd-360-uni-b\/","url":"https:\/\/hartico.ee\/lt\/product\/laiptu-kopiklis-liftkar-hd-360-uni-b\/","name":"Laipt\u0173 kopiklis Liftkar HD 360 UNI B","isPartOf":{"@id":"https:\/\/hartico.ee\/lt\/#website"},"primaryImageOfPage":{"@id":"https:\/\/hartico.ee\/lt\/product\/laiptu-kopiklis-liftkar-hd-360-uni-b\/#primaryimage"},"image":{"@id":"https:\/\/hartico.ee\/lt\/product\/laiptu-kopiklis-liftkar-hd-360-uni-b\/#primaryimage"},"thumbnailUrl":"https:\/\/hartico.ee\/wp-content\/uploads\/2014\/11\/p-3110-p-3108-p-3106-p-3104-LIFTKAR-HD-330-UNI-B.jpg","datePublished":"2019-10-03T10:58:38+00:00","dateModified":"2019-10-09T08:50:26+00:00","description":"LIFTKAR HD 360 UNI Universal sukurtas specialiai sunkiems ir auk\u0161tiems kroviniams, kuriuos reikia perne\u0161ti \u012fvairiausiais laiptais, \u2013 pavyzd\u017eiui, elektriniam","breadcrumb":{"@id":"https:\/\/hartico.ee\/lt\/product\/laiptu-kopiklis-liftkar-hd-360-uni-b\/#breadcrumb"},"inLanguage":"lt-LT","potentialAction":[{"@type":"ReadAction","target":["https:\/\/hartico.ee\/lt\/product\/laiptu-kopiklis-liftkar-hd-360-uni-b\/"]}]},{"@type":"ImageObject","inLanguage":"lt-LT","@id":"https:\/\/hartico.ee\/lt\/product\/laiptu-kopiklis-liftkar-hd-360-uni-b\/#primaryimage","url":"https:\/\/hartico.ee\/wp-content\/uploads\/2014\/11\/p-3110-p-3108-p-3106-p-3104-LIFTKAR-HD-330-UNI-B.jpg","contentUrl":"https:\/\/hartico.ee\/wp-content\/uploads\/2014\/11\/p-3110-p-3108-p-3106-p-3104-LIFTKAR-HD-330-UNI-B.jpg","width":460,"height":990,"caption":"Laipt\u0173 kopiklis Liftkar HD 360 UNI B"},{"@type":"BreadcrumbList","@id":"https:\/\/hartico.ee\/lt\/product\/laiptu-kopiklis-liftkar-hd-360-uni-b\/#breadcrumb","itemListElement":[{"@type":"ListItem","position":1,"name":"Esileht","item":"https:\/\/hartico.ee\/lt\/"},{"@type":"ListItem","position":2,"name":"Prek\u0117s","item":"https:\/\/hartico.ee\/lt\/shop\/"},{"@type":"ListItem","position":3,"name":"Laipt\u0173 kopiklis Liftkar HD 360 UNI B"}]},{"@type":"WebSite","@id":"https:\/\/hartico.ee\/lt\/#website","url":"https:\/\/hartico.ee\/lt\/","name":"Hartico","description":"Lifting and moving systems LIFTKAR, Xetto, Expresso","publisher":{"@id":"https:\/\/hartico.ee\/lt\/#organization"},"potentialAction":[{"@type":"SearchAction","target":{"@type":"EntryPoint","urlTemplate":"https:\/\/hartico.ee\/lt\/?s={search_term_string}"},"query-input":{"@type":"PropertyValueSpecification","valueRequired":true,"valueName":"search_term_string"}}],"inLanguage":"lt-LT"},{"@type":"Organization","@id":"https:\/\/hartico.ee\/lt\/#organization","name":"Hartico","url":"https:\/\/hartico.ee\/lt\/","logo":{"@type":"ImageObject","inLanguage":"lt-LT","@id":"https:\/\/hartico.ee\/lt\/#\/schema\/logo\/image\/","url":"https:\/\/hartico.ee\/wp-content\/uploads\/2018\/11\/hartico_logo_with_slogan_onecolor.svg","contentUrl":"https:\/\/hartico.ee\/wp-content\/uploads\/2018\/11\/hartico_logo_with_slogan_onecolor.svg","width":424,"height":157,"caption":"Hartico"},"image":{"@id":"https:\/\/hartico.ee\/lt\/#\/schema\/logo\/image\/"},"sameAs":["https:\/\/www.facebook.com\/SANOTransportgeraeteBaltics\/"]}]}},"_links":{"self":[{"href":"https:\/\/hartico.ee\/lt\/wp-json\/wp\/v2\/product\/7948","targetHints":{"allow":["GET"]}}],"collection":[{"href":"https:\/\/hartico.ee\/lt\/wp-json\/wp\/v2\/product"}],"about":[{"href":"https:\/\/hartico.ee\/lt\/wp-json\/wp\/v2\/types\/product"}],"wp:featuredmedia":[{"embeddable":true,"href":"https:\/\/hartico.ee\/lt\/wp-json\/wp\/v2\/media\/3111"}],"wp:attachment":[{"href":"https:\/\/hartico.ee\/lt\/wp-json\/wp\/v2\/media?parent=7948"}],"wp:term":[{"taxonomy":"product_brand","embeddable":true,"href":"https:\/\/hartico.ee\/lt\/wp-json\/wp\/v2\/product_brand?post=7948"},{"taxonomy":"product_cat","embeddable":true,"href":"https:\/\/hartico.ee\/lt\/wp-json\/wp\/v2\/product_cat?post=7948"},{"taxonomy":"product_tag","embeddable":true,"href":"https:\/\/hartico.ee\/lt\/wp-json\/wp\/v2\/product_tag?post=7948"}],"curies":[{"name":"wp","href":"https:\/\/api.w.org\/{rel}","templated":true}]}}