{"id":6409,"date":"2018-12-04T17:56:45","date_gmt":"2018-12-04T15:56:46","guid":{"rendered":"https:\/\/hartico.ee\/?post_type=product&#038;p=6409"},"modified":"2022-01-17T11:16:20","modified_gmt":"2022-01-17T09:16:20","slug":"asies-pailgejimas-80mm-liftkar","status":"publish","type":"product","link":"https:\/\/hartico.ee\/lt\/product\/asies-pailgejimas-80mm-liftkar\/","title":{"rendered":"A\u0161ies pailg\u0117jimas +80mm, LIFTKAR"},"content":{"rendered":"<p>A\u0161ies pailg\u0117jimas +80mm<\/p>\n<p>Prie standartinio 480 mm plo\u010dio pridedamas papildomas +80 mm.<\/p>\n<p>Standartinis ve\u017eim\u0117lio plotis yra ypa\u010d siauras 480 mm d\u0117l to, kad jis gali tilpti net per siauriausias duris ir 500 mm plo\u010dio liftus<\/p>\n<p>A\u0161ies prailginimas yra geras ir populiarus pasirinkimas, norint padidinti ve\u017eim\u0117lio stabilum\u0105:<\/p>\n<ul>\n<li>auk\u0161tesniems kroviniams ve\u017eti<\/li>\n<li>dirbant ant nelygi\u0173 pavir\u0161i\u0173<\/li>\n<li>greito tempo profesionaliose \u012fmon\u0117se<\/li>\n<\/ul>\n<p>Kartu su prailginimu ve\u017eim\u0117lio ir rat\u0173 plotis yra 560 mm<\/p>\n<p>Tinka modeliams:<\/p>\n<ul>\n<li>LIFTKAR SAL (visi modeliai 110-170kg)<\/li>\n<li>MODULKAR 300 (visi modeliai iki 300 kg)<\/li>\n<\/ul>\n","protected":false},"excerpt":{"rendered":"<p>A\u0161ies pailg\u0117jimas +80mm Prie standartinio 480 mm plo\u010dio pridedamas papildomas +80 mm. Standartinis ve\u017eim\u0117lio plotis yra ypa\u010d siauras 480 mm d\u0117l to, kad jis gali tilpti net per siauriausias duris ir 500 mm plo\u010dio liftus A\u0161ies prailginimas yra geras ir populiarus pasirinkimas, norint padidinti ve\u017eim\u0117lio stabilum\u0105: auk\u0161tesniems kroviniams ve\u017eti dirbant ant nelygi\u0173 pavir\u0161i\u0173 greito tempo [&hellip;]<\/p>\n","protected":false},"featured_media":6415,"template":"","meta":{"_acf_changed":false,"inline_featured_image":false},"product_brand":[],"product_cat":[323,66,71],"product_tag":[],"class_list":{"0":"post-6409","1":"product","2":"type-product","3":"status-publish","4":"has-post-thumbnail","6":"product_cat-liftkar-sal-papildomi-elementai","7":"product_cat-liftkar-modulkar-papildomi-elementai","8":"product_cat-priedai","10":"first","11":"instock","12":"taxable","13":"shipping-taxable","14":"product-type-simple"},"acf":[],"yoast_head":"<!-- This site is optimized with the Yoast SEO plugin v27.3 - https:\/\/yoast.com\/product\/yoast-seo-wordpress\/ -->\n<title>A\u0161ies pailginimas +80mm laipt\u0173 ve\u017eim\u0117liui LIFTKAR ir profesionaliam ve\u017eim\u0117liui MODULKAR<\/title>\n<meta name=\"description\" content=\"A\u0161ies prailginimas yra geras ir populiarus pasirinkimas, norint padidinti ve\u017eim\u0117lio stabilum\u0105: auk\u0161tesniems kroviniams ve\u017eti dirbant ant nelygi\u0173 pavir\u0161i\u0173 greito tempo profesionaliose \u012fmon\u0117se\" \/>\n<meta name=\"robots\" content=\"index, follow, max-snippet:-1, max-image-preview:large, max-video-preview:-1\" \/>\n<link rel=\"canonical\" href=\"https:\/\/hartico.ee\/lt\/product\/asies-pailgejimas-80mm-liftkar\/\" \/>\n<meta property=\"og:locale\" content=\"lt_LT\" \/>\n<meta property=\"og:type\" content=\"article\" \/>\n<meta property=\"og:title\" content=\"A\u0161ies pailginimas +80mm laipt\u0173 ve\u017eim\u0117liui LIFTKAR ir profesionaliam ve\u017eim\u0117liui MODULKAR\" \/>\n<meta property=\"og:description\" content=\"A\u0161ies prailginimas yra geras ir populiarus pasirinkimas, norint padidinti ve\u017eim\u0117lio stabilum\u0105: auk\u0161tesniems kroviniams ve\u017eti dirbant ant nelygi\u0173 pavir\u0161i\u0173 greito tempo profesionaliose \u012fmon\u0117se\" \/>\n<meta property=\"og:url\" content=\"https:\/\/hartico.ee\/lt\/product\/asies-pailgejimas-80mm-liftkar\/\" \/>\n<meta property=\"og:site_name\" content=\"Hartico\" \/>\n<meta property=\"article:publisher\" content=\"https:\/\/www.facebook.com\/SANOTransportgeraeteBaltics\/\" \/>\n<meta property=\"article:modified_time\" content=\"2022-01-17T09:16:20+00:00\" \/>\n<meta property=\"og:image\" content=\"https:\/\/hartico.ee\/wp-content\/uploads\/2018\/12\/teljelaiendus.jpg\" \/>\n\t<meta property=\"og:image:width\" content=\"500\" \/>\n\t<meta property=\"og:image:height\" content=\"320\" \/>\n\t<meta property=\"og:image:type\" content=\"image\/jpeg\" \/>\n<meta name=\"twitter:card\" content=\"summary_large_image\" \/>\n<script type=\"application\/ld+json\" class=\"yoast-schema-graph\">{\"@context\":\"https:\\\/\\\/schema.org\",\"@graph\":[{\"@type\":\"WebPage\",\"@id\":\"https:\\\/\\\/hartico.ee\\\/lt\\\/product\\\/asies-pailgejimas-80mm-liftkar\\\/\",\"url\":\"https:\\\/\\\/hartico.ee\\\/lt\\\/product\\\/asies-pailgejimas-80mm-liftkar\\\/\",\"name\":\"A\u0161ies pailginimas +80mm laipt\u0173 ve\u017eim\u0117liui LIFTKAR ir profesionaliam ve\u017eim\u0117liui MODULKAR\",\"isPartOf\":{\"@id\":\"https:\\\/\\\/hartico.ee\\\/lt\\\/#website\"},\"primaryImageOfPage\":{\"@id\":\"https:\\\/\\\/hartico.ee\\\/lt\\\/product\\\/asies-pailgejimas-80mm-liftkar\\\/#primaryimage\"},\"image\":{\"@id\":\"https:\\\/\\\/hartico.ee\\\/lt\\\/product\\\/asies-pailgejimas-80mm-liftkar\\\/#primaryimage\"},\"thumbnailUrl\":\"https:\\\/\\\/hartico.ee\\\/wp-content\\\/uploads\\\/2018\\\/12\\\/teljelaiendus.jpg\",\"datePublished\":\"2018-12-04T15:56:46+00:00\",\"dateModified\":\"2022-01-17T09:16:20+00:00\",\"description\":\"A\u0161ies prailginimas yra geras ir populiarus pasirinkimas, norint padidinti ve\u017eim\u0117lio stabilum\u0105: auk\u0161tesniems kroviniams ve\u017eti dirbant ant nelygi\u0173 pavir\u0161i\u0173 greito tempo profesionaliose \u012fmon\u0117se\",\"breadcrumb\":{\"@id\":\"https:\\\/\\\/hartico.ee\\\/lt\\\/product\\\/asies-pailgejimas-80mm-liftkar\\\/#breadcrumb\"},\"inLanguage\":\"lt-LT\",\"potentialAction\":[{\"@type\":\"ReadAction\",\"target\":[\"https:\\\/\\\/hartico.ee\\\/lt\\\/product\\\/asies-pailgejimas-80mm-liftkar\\\/\"]}]},{\"@type\":\"ImageObject\",\"inLanguage\":\"lt-LT\",\"@id\":\"https:\\\/\\\/hartico.ee\\\/lt\\\/product\\\/asies-pailgejimas-80mm-liftkar\\\/#primaryimage\",\"url\":\"https:\\\/\\\/hartico.ee\\\/wp-content\\\/uploads\\\/2018\\\/12\\\/teljelaiendus.jpg\",\"contentUrl\":\"https:\\\/\\\/hartico.ee\\\/wp-content\\\/uploads\\\/2018\\\/12\\\/teljelaiendus.jpg\",\"width\":500,\"height\":320},{\"@type\":\"BreadcrumbList\",\"@id\":\"https:\\\/\\\/hartico.ee\\\/lt\\\/product\\\/asies-pailgejimas-80mm-liftkar\\\/#breadcrumb\",\"itemListElement\":[{\"@type\":\"ListItem\",\"position\":1,\"name\":\"Esileht\",\"item\":\"https:\\\/\\\/hartico.ee\\\/lt\\\/\"},{\"@type\":\"ListItem\",\"position\":2,\"name\":\"Prek\u0117s\",\"item\":\"https:\\\/\\\/hartico.ee\\\/lt\\\/shop\\\/\"},{\"@type\":\"ListItem\",\"position\":3,\"name\":\"A\u0161ies pailg\u0117jimas +80mm, LIFTKAR\"}]},{\"@type\":\"WebSite\",\"@id\":\"https:\\\/\\\/hartico.ee\\\/lt\\\/#website\",\"url\":\"https:\\\/\\\/hartico.ee\\\/lt\\\/\",\"name\":\"Hartico\",\"description\":\"Lifting and moving systems LIFTKAR, Xetto, Expresso\",\"publisher\":{\"@id\":\"https:\\\/\\\/hartico.ee\\\/lt\\\/#organization\"},\"potentialAction\":[{\"@type\":\"SearchAction\",\"target\":{\"@type\":\"EntryPoint\",\"urlTemplate\":\"https:\\\/\\\/hartico.ee\\\/lt\\\/?s={search_term_string}\"},\"query-input\":{\"@type\":\"PropertyValueSpecification\",\"valueRequired\":true,\"valueName\":\"search_term_string\"}}],\"inLanguage\":\"lt-LT\"},{\"@type\":\"Organization\",\"@id\":\"https:\\\/\\\/hartico.ee\\\/lt\\\/#organization\",\"name\":\"Hartico\",\"url\":\"https:\\\/\\\/hartico.ee\\\/lt\\\/\",\"logo\":{\"@type\":\"ImageObject\",\"inLanguage\":\"lt-LT\",\"@id\":\"https:\\\/\\\/hartico.ee\\\/lt\\\/#\\\/schema\\\/logo\\\/image\\\/\",\"url\":\"https:\\\/\\\/hartico.ee\\\/wp-content\\\/uploads\\\/2018\\\/11\\\/hartico_logo_with_slogan_onecolor.svg\",\"contentUrl\":\"https:\\\/\\\/hartico.ee\\\/wp-content\\\/uploads\\\/2018\\\/11\\\/hartico_logo_with_slogan_onecolor.svg\",\"width\":424,\"height\":157,\"caption\":\"Hartico\"},\"image\":{\"@id\":\"https:\\\/\\\/hartico.ee\\\/lt\\\/#\\\/schema\\\/logo\\\/image\\\/\"},\"sameAs\":[\"https:\\\/\\\/www.facebook.com\\\/SANOTransportgeraeteBaltics\\\/\"]}]}<\/script>\n<!-- \/ Yoast SEO plugin. -->","yoast_head_json":{"title":"A\u0161ies pailginimas +80mm laipt\u0173 ve\u017eim\u0117liui LIFTKAR ir profesionaliam ve\u017eim\u0117liui MODULKAR","description":"A\u0161ies prailginimas yra geras ir populiarus pasirinkimas, norint padidinti ve\u017eim\u0117lio stabilum\u0105: auk\u0161tesniems kroviniams ve\u017eti dirbant ant nelygi\u0173 pavir\u0161i\u0173 greito tempo profesionaliose \u012fmon\u0117se","robots":{"index":"index","follow":"follow","max-snippet":"max-snippet:-1","max-image-preview":"max-image-preview:large","max-video-preview":"max-video-preview:-1"},"canonical":"https:\/\/hartico.ee\/lt\/product\/asies-pailgejimas-80mm-liftkar\/","og_locale":"lt_LT","og_type":"article","og_title":"A\u0161ies pailginimas +80mm laipt\u0173 ve\u017eim\u0117liui LIFTKAR ir profesionaliam ve\u017eim\u0117liui MODULKAR","og_description":"A\u0161ies prailginimas yra geras ir populiarus pasirinkimas, norint padidinti ve\u017eim\u0117lio stabilum\u0105: auk\u0161tesniems kroviniams ve\u017eti dirbant ant nelygi\u0173 pavir\u0161i\u0173 greito tempo profesionaliose \u012fmon\u0117se","og_url":"https:\/\/hartico.ee\/lt\/product\/asies-pailgejimas-80mm-liftkar\/","og_site_name":"Hartico","article_publisher":"https:\/\/www.facebook.com\/SANOTransportgeraeteBaltics\/","article_modified_time":"2022-01-17T09:16:20+00:00","og_image":[{"width":500,"height":320,"url":"https:\/\/hartico.ee\/wp-content\/uploads\/2018\/12\/teljelaiendus.jpg","type":"image\/jpeg"}],"twitter_card":"summary_large_image","schema":{"@context":"https:\/\/schema.org","@graph":[{"@type":"WebPage","@id":"https:\/\/hartico.ee\/lt\/product\/asies-pailgejimas-80mm-liftkar\/","url":"https:\/\/hartico.ee\/lt\/product\/asies-pailgejimas-80mm-liftkar\/","name":"A\u0161ies pailginimas +80mm laipt\u0173 ve\u017eim\u0117liui LIFTKAR ir profesionaliam ve\u017eim\u0117liui MODULKAR","isPartOf":{"@id":"https:\/\/hartico.ee\/lt\/#website"},"primaryImageOfPage":{"@id":"https:\/\/hartico.ee\/lt\/product\/asies-pailgejimas-80mm-liftkar\/#primaryimage"},"image":{"@id":"https:\/\/hartico.ee\/lt\/product\/asies-pailgejimas-80mm-liftkar\/#primaryimage"},"thumbnailUrl":"https:\/\/hartico.ee\/wp-content\/uploads\/2018\/12\/teljelaiendus.jpg","datePublished":"2018-12-04T15:56:46+00:00","dateModified":"2022-01-17T09:16:20+00:00","description":"A\u0161ies prailginimas yra geras ir populiarus pasirinkimas, norint padidinti ve\u017eim\u0117lio stabilum\u0105: auk\u0161tesniems kroviniams ve\u017eti dirbant ant nelygi\u0173 pavir\u0161i\u0173 greito tempo profesionaliose \u012fmon\u0117se","breadcrumb":{"@id":"https:\/\/hartico.ee\/lt\/product\/asies-pailgejimas-80mm-liftkar\/#breadcrumb"},"inLanguage":"lt-LT","potentialAction":[{"@type":"ReadAction","target":["https:\/\/hartico.ee\/lt\/product\/asies-pailgejimas-80mm-liftkar\/"]}]},{"@type":"ImageObject","inLanguage":"lt-LT","@id":"https:\/\/hartico.ee\/lt\/product\/asies-pailgejimas-80mm-liftkar\/#primaryimage","url":"https:\/\/hartico.ee\/wp-content\/uploads\/2018\/12\/teljelaiendus.jpg","contentUrl":"https:\/\/hartico.ee\/wp-content\/uploads\/2018\/12\/teljelaiendus.jpg","width":500,"height":320},{"@type":"BreadcrumbList","@id":"https:\/\/hartico.ee\/lt\/product\/asies-pailgejimas-80mm-liftkar\/#breadcrumb","itemListElement":[{"@type":"ListItem","position":1,"name":"Esileht","item":"https:\/\/hartico.ee\/lt\/"},{"@type":"ListItem","position":2,"name":"Prek\u0117s","item":"https:\/\/hartico.ee\/lt\/shop\/"},{"@type":"ListItem","position":3,"name":"A\u0161ies pailg\u0117jimas +80mm, LIFTKAR"}]},{"@type":"WebSite","@id":"https:\/\/hartico.ee\/lt\/#website","url":"https:\/\/hartico.ee\/lt\/","name":"Hartico","description":"Lifting and moving systems LIFTKAR, Xetto, Expresso","publisher":{"@id":"https:\/\/hartico.ee\/lt\/#organization"},"potentialAction":[{"@type":"SearchAction","target":{"@type":"EntryPoint","urlTemplate":"https:\/\/hartico.ee\/lt\/?s={search_term_string}"},"query-input":{"@type":"PropertyValueSpecification","valueRequired":true,"valueName":"search_term_string"}}],"inLanguage":"lt-LT"},{"@type":"Organization","@id":"https:\/\/hartico.ee\/lt\/#organization","name":"Hartico","url":"https:\/\/hartico.ee\/lt\/","logo":{"@type":"ImageObject","inLanguage":"lt-LT","@id":"https:\/\/hartico.ee\/lt\/#\/schema\/logo\/image\/","url":"https:\/\/hartico.ee\/wp-content\/uploads\/2018\/11\/hartico_logo_with_slogan_onecolor.svg","contentUrl":"https:\/\/hartico.ee\/wp-content\/uploads\/2018\/11\/hartico_logo_with_slogan_onecolor.svg","width":424,"height":157,"caption":"Hartico"},"image":{"@id":"https:\/\/hartico.ee\/lt\/#\/schema\/logo\/image\/"},"sameAs":["https:\/\/www.facebook.com\/SANOTransportgeraeteBaltics\/"]}]}},"_links":{"self":[{"href":"https:\/\/hartico.ee\/lt\/wp-json\/wp\/v2\/product\/6409","targetHints":{"allow":["GET"]}}],"collection":[{"href":"https:\/\/hartico.ee\/lt\/wp-json\/wp\/v2\/product"}],"about":[{"href":"https:\/\/hartico.ee\/lt\/wp-json\/wp\/v2\/types\/product"}],"wp:featuredmedia":[{"embeddable":true,"href":"https:\/\/hartico.ee\/lt\/wp-json\/wp\/v2\/media\/6415"}],"wp:attachment":[{"href":"https:\/\/hartico.ee\/lt\/wp-json\/wp\/v2\/media?parent=6409"}],"wp:term":[{"taxonomy":"product_brand","embeddable":true,"href":"https:\/\/hartico.ee\/lt\/wp-json\/wp\/v2\/product_brand?post=6409"},{"taxonomy":"product_cat","embeddable":true,"href":"https:\/\/hartico.ee\/lt\/wp-json\/wp\/v2\/product_cat?post=6409"},{"taxonomy":"product_tag","embeddable":true,"href":"https:\/\/hartico.ee\/lt\/wp-json\/wp\/v2\/product_tag?post=6409"}],"curies":[{"name":"wp","href":"https:\/\/api.w.org\/{rel}","templated":true}]}}