{"id":3998,"date":"2016-12-02T13:54:04","date_gmt":"2016-12-02T11:54:04","guid":{"rendered":"http:\/\/hartico.path.ee\/?post_type=product&#038;p=3998"},"modified":"2019-10-15T12:12:03","modified_gmt":"2019-10-15T10:12:03","slug":"kelimo-aukstis","status":"publish","type":"product","link":"https:\/\/hartico.ee\/lt\/product\/kelimo-aukstis\/","title":{"rendered":"K\u0117limo auk\u0161tis"},"content":{"rendered":"<p>Standartin\u0117 k\u0117limo keltuvo versija pateikiama su 900 mm k\u0117limo \u012franga. Papildom\u0105 \u012frang\u0105, skirt\u0105 k\u0117limui nuo 900 mm iki maks. 1100 mm.<\/p>\n<p>Leistina apkrova 120 kg<\/p>\n<p>70 mm per vien\u0105 gerv\u0117s apsisukim\u0105 (visas pak\u0117limas per 16 aps.)<\/p>\n<p>Svoris 25 kg<\/p>\n<p>Galvanizuotas ir chromu dengtas plienas<\/p>\n","protected":false},"excerpt":{"rendered":"<p>Standartin\u0117 k\u0117limo keltuvo versija pateikiama su 900 mm k\u0117limo \u012franga. Papildom\u0105 \u012frang\u0105, skirt\u0105 k\u0117limui nuo 900 mm iki maks. 1100 mm. Leistina apkrova 120 kg 70 mm per vien\u0105 gerv\u0117s apsisukim\u0105 (visas pak\u0117limas per 16 aps.) Svoris 25 kg Galvanizuotas ir chromu dengtas plienas<\/p>\n","protected":false},"featured_media":5750,"template":"","meta":{"_acf_changed":false,"inline_featured_image":false},"product_brand":[],"product_cat":[323,66,71],"product_tag":[],"class_list":{"0":"post-3998","1":"product","2":"type-product","3":"status-publish","4":"has-post-thumbnail","6":"product_cat-liftkar-sal-papildomi-elementai","7":"product_cat-liftkar-modulkar-papildomi-elementai","8":"product_cat-priedai","10":"first","11":"instock","12":"taxable","13":"shipping-taxable","14":"product-type-simple"},"acf":[],"yoast_head":"<!-- This site is optimized with the Yoast SEO plugin v27.3 - https:\/\/yoast.com\/product\/yoast-seo-wordpress\/ -->\n<title>K\u0117limo auk\u0161tis<\/title>\n<meta name=\"description\" content=\"Trepironija, Liftkar, Unikar, k\u00e4sit\u00f5stuk, trepik\u00e4ru, hartico\" \/>\n<meta name=\"robots\" content=\"index, follow, max-snippet:-1, max-image-preview:large, max-video-preview:-1\" \/>\n<link rel=\"canonical\" href=\"https:\/\/hartico.ee\/lt\/product\/kelimo-aukstis\/\" \/>\n<meta property=\"og:locale\" content=\"lt_LT\" \/>\n<meta property=\"og:type\" content=\"article\" \/>\n<meta property=\"og:title\" content=\"K\u0117limo auk\u0161tis\" \/>\n<meta property=\"og:description\" content=\"Trepironija, Liftkar, Unikar, k\u00e4sit\u00f5stuk, trepik\u00e4ru, hartico\" \/>\n<meta property=\"og:url\" content=\"https:\/\/hartico.ee\/lt\/product\/kelimo-aukstis\/\" \/>\n<meta property=\"og:site_name\" content=\"Hartico\" \/>\n<meta property=\"article:publisher\" content=\"https:\/\/www.facebook.com\/SANOTransportgeraeteBaltics\/\" \/>\n<meta property=\"article:modified_time\" content=\"2019-10-15T10:12:03+00:00\" \/>\n<meta property=\"og:image\" content=\"https:\/\/hartico.ee\/wp-content\/uploads\/2015\/06\/p-3989-Hubsystem-+-strap.png\" \/>\n\t<meta property=\"og:image:width\" content=\"518\" \/>\n\t<meta property=\"og:image:height\" content=\"770\" \/>\n\t<meta property=\"og:image:type\" content=\"image\/jpeg\" \/>\n<meta name=\"twitter:card\" content=\"summary_large_image\" \/>\n<script type=\"application\/ld+json\" class=\"yoast-schema-graph\">{\"@context\":\"https:\\\/\\\/schema.org\",\"@graph\":[{\"@type\":\"WebPage\",\"@id\":\"https:\\\/\\\/hartico.ee\\\/lt\\\/product\\\/kelimo-aukstis\\\/\",\"url\":\"https:\\\/\\\/hartico.ee\\\/lt\\\/product\\\/kelimo-aukstis\\\/\",\"name\":\"K\u0117limo auk\u0161tis\",\"isPartOf\":{\"@id\":\"https:\\\/\\\/hartico.ee\\\/lt\\\/#website\"},\"primaryImageOfPage\":{\"@id\":\"https:\\\/\\\/hartico.ee\\\/lt\\\/product\\\/kelimo-aukstis\\\/#primaryimage\"},\"image\":{\"@id\":\"https:\\\/\\\/hartico.ee\\\/lt\\\/product\\\/kelimo-aukstis\\\/#primaryimage\"},\"thumbnailUrl\":\"https:\\\/\\\/hartico.ee\\\/wp-content\\\/uploads\\\/2015\\\/06\\\/p-3989-Hubsystem-+-strap.png\",\"datePublished\":\"2016-12-02T11:54:04+00:00\",\"dateModified\":\"2019-10-15T10:12:03+00:00\",\"description\":\"Trepironija, Liftkar, Unikar, k\u00e4sit\u00f5stuk, trepik\u00e4ru, hartico\",\"breadcrumb\":{\"@id\":\"https:\\\/\\\/hartico.ee\\\/lt\\\/product\\\/kelimo-aukstis\\\/#breadcrumb\"},\"inLanguage\":\"lt-LT\",\"potentialAction\":[{\"@type\":\"ReadAction\",\"target\":[\"https:\\\/\\\/hartico.ee\\\/lt\\\/product\\\/kelimo-aukstis\\\/\"]}]},{\"@type\":\"ImageObject\",\"inLanguage\":\"lt-LT\",\"@id\":\"https:\\\/\\\/hartico.ee\\\/lt\\\/product\\\/kelimo-aukstis\\\/#primaryimage\",\"url\":\"https:\\\/\\\/hartico.ee\\\/wp-content\\\/uploads\\\/2015\\\/06\\\/p-3989-Hubsystem-+-strap.png\",\"contentUrl\":\"https:\\\/\\\/hartico.ee\\\/wp-content\\\/uploads\\\/2015\\\/06\\\/p-3989-Hubsystem-+-strap.png\",\"width\":518,\"height\":770,\"caption\":\"K\u0117limo auk\u0161tis\"},{\"@type\":\"BreadcrumbList\",\"@id\":\"https:\\\/\\\/hartico.ee\\\/lt\\\/product\\\/kelimo-aukstis\\\/#breadcrumb\",\"itemListElement\":[{\"@type\":\"ListItem\",\"position\":1,\"name\":\"Esileht\",\"item\":\"https:\\\/\\\/hartico.ee\\\/lt\\\/\"},{\"@type\":\"ListItem\",\"position\":2,\"name\":\"Prek\u0117s\",\"item\":\"https:\\\/\\\/hartico.ee\\\/lt\\\/shop\\\/\"},{\"@type\":\"ListItem\",\"position\":3,\"name\":\"K\u0117limo auk\u0161tis\"}]},{\"@type\":\"WebSite\",\"@id\":\"https:\\\/\\\/hartico.ee\\\/lt\\\/#website\",\"url\":\"https:\\\/\\\/hartico.ee\\\/lt\\\/\",\"name\":\"Hartico\",\"description\":\"Lifting and moving systems LIFTKAR, Xetto, Expresso\",\"publisher\":{\"@id\":\"https:\\\/\\\/hartico.ee\\\/lt\\\/#organization\"},\"potentialAction\":[{\"@type\":\"SearchAction\",\"target\":{\"@type\":\"EntryPoint\",\"urlTemplate\":\"https:\\\/\\\/hartico.ee\\\/lt\\\/?s={search_term_string}\"},\"query-input\":{\"@type\":\"PropertyValueSpecification\",\"valueRequired\":true,\"valueName\":\"search_term_string\"}}],\"inLanguage\":\"lt-LT\"},{\"@type\":\"Organization\",\"@id\":\"https:\\\/\\\/hartico.ee\\\/lt\\\/#organization\",\"name\":\"Hartico\",\"url\":\"https:\\\/\\\/hartico.ee\\\/lt\\\/\",\"logo\":{\"@type\":\"ImageObject\",\"inLanguage\":\"lt-LT\",\"@id\":\"https:\\\/\\\/hartico.ee\\\/lt\\\/#\\\/schema\\\/logo\\\/image\\\/\",\"url\":\"https:\\\/\\\/hartico.ee\\\/wp-content\\\/uploads\\\/2018\\\/11\\\/hartico_logo_with_slogan_onecolor.svg\",\"contentUrl\":\"https:\\\/\\\/hartico.ee\\\/wp-content\\\/uploads\\\/2018\\\/11\\\/hartico_logo_with_slogan_onecolor.svg\",\"width\":424,\"height\":157,\"caption\":\"Hartico\"},\"image\":{\"@id\":\"https:\\\/\\\/hartico.ee\\\/lt\\\/#\\\/schema\\\/logo\\\/image\\\/\"},\"sameAs\":[\"https:\\\/\\\/www.facebook.com\\\/SANOTransportgeraeteBaltics\\\/\"]}]}<\/script>\n<!-- \/ Yoast SEO plugin. -->","yoast_head_json":{"title":"K\u0117limo auk\u0161tis","description":"Trepironija, Liftkar, Unikar, k\u00e4sit\u00f5stuk, trepik\u00e4ru, hartico","robots":{"index":"index","follow":"follow","max-snippet":"max-snippet:-1","max-image-preview":"max-image-preview:large","max-video-preview":"max-video-preview:-1"},"canonical":"https:\/\/hartico.ee\/lt\/product\/kelimo-aukstis\/","og_locale":"lt_LT","og_type":"article","og_title":"K\u0117limo auk\u0161tis","og_description":"Trepironija, Liftkar, Unikar, k\u00e4sit\u00f5stuk, trepik\u00e4ru, hartico","og_url":"https:\/\/hartico.ee\/lt\/product\/kelimo-aukstis\/","og_site_name":"Hartico","article_publisher":"https:\/\/www.facebook.com\/SANOTransportgeraeteBaltics\/","article_modified_time":"2019-10-15T10:12:03+00:00","og_image":[{"width":518,"height":770,"url":"https:\/\/hartico.ee\/wp-content\/uploads\/2015\/06\/p-3989-Hubsystem-+-strap.png","type":"image\/jpeg"}],"twitter_card":"summary_large_image","schema":{"@context":"https:\/\/schema.org","@graph":[{"@type":"WebPage","@id":"https:\/\/hartico.ee\/lt\/product\/kelimo-aukstis\/","url":"https:\/\/hartico.ee\/lt\/product\/kelimo-aukstis\/","name":"K\u0117limo auk\u0161tis","isPartOf":{"@id":"https:\/\/hartico.ee\/lt\/#website"},"primaryImageOfPage":{"@id":"https:\/\/hartico.ee\/lt\/product\/kelimo-aukstis\/#primaryimage"},"image":{"@id":"https:\/\/hartico.ee\/lt\/product\/kelimo-aukstis\/#primaryimage"},"thumbnailUrl":"https:\/\/hartico.ee\/wp-content\/uploads\/2015\/06\/p-3989-Hubsystem-+-strap.png","datePublished":"2016-12-02T11:54:04+00:00","dateModified":"2019-10-15T10:12:03+00:00","description":"Trepironija, Liftkar, Unikar, k\u00e4sit\u00f5stuk, trepik\u00e4ru, hartico","breadcrumb":{"@id":"https:\/\/hartico.ee\/lt\/product\/kelimo-aukstis\/#breadcrumb"},"inLanguage":"lt-LT","potentialAction":[{"@type":"ReadAction","target":["https:\/\/hartico.ee\/lt\/product\/kelimo-aukstis\/"]}]},{"@type":"ImageObject","inLanguage":"lt-LT","@id":"https:\/\/hartico.ee\/lt\/product\/kelimo-aukstis\/#primaryimage","url":"https:\/\/hartico.ee\/wp-content\/uploads\/2015\/06\/p-3989-Hubsystem-+-strap.png","contentUrl":"https:\/\/hartico.ee\/wp-content\/uploads\/2015\/06\/p-3989-Hubsystem-+-strap.png","width":518,"height":770,"caption":"K\u0117limo auk\u0161tis"},{"@type":"BreadcrumbList","@id":"https:\/\/hartico.ee\/lt\/product\/kelimo-aukstis\/#breadcrumb","itemListElement":[{"@type":"ListItem","position":1,"name":"Esileht","item":"https:\/\/hartico.ee\/lt\/"},{"@type":"ListItem","position":2,"name":"Prek\u0117s","item":"https:\/\/hartico.ee\/lt\/shop\/"},{"@type":"ListItem","position":3,"name":"K\u0117limo auk\u0161tis"}]},{"@type":"WebSite","@id":"https:\/\/hartico.ee\/lt\/#website","url":"https:\/\/hartico.ee\/lt\/","name":"Hartico","description":"Lifting and moving systems LIFTKAR, Xetto, Expresso","publisher":{"@id":"https:\/\/hartico.ee\/lt\/#organization"},"potentialAction":[{"@type":"SearchAction","target":{"@type":"EntryPoint","urlTemplate":"https:\/\/hartico.ee\/lt\/?s={search_term_string}"},"query-input":{"@type":"PropertyValueSpecification","valueRequired":true,"valueName":"search_term_string"}}],"inLanguage":"lt-LT"},{"@type":"Organization","@id":"https:\/\/hartico.ee\/lt\/#organization","name":"Hartico","url":"https:\/\/hartico.ee\/lt\/","logo":{"@type":"ImageObject","inLanguage":"lt-LT","@id":"https:\/\/hartico.ee\/lt\/#\/schema\/logo\/image\/","url":"https:\/\/hartico.ee\/wp-content\/uploads\/2018\/11\/hartico_logo_with_slogan_onecolor.svg","contentUrl":"https:\/\/hartico.ee\/wp-content\/uploads\/2018\/11\/hartico_logo_with_slogan_onecolor.svg","width":424,"height":157,"caption":"Hartico"},"image":{"@id":"https:\/\/hartico.ee\/lt\/#\/schema\/logo\/image\/"},"sameAs":["https:\/\/www.facebook.com\/SANOTransportgeraeteBaltics\/"]}]}},"_links":{"self":[{"href":"https:\/\/hartico.ee\/lt\/wp-json\/wp\/v2\/product\/3998","targetHints":{"allow":["GET"]}}],"collection":[{"href":"https:\/\/hartico.ee\/lt\/wp-json\/wp\/v2\/product"}],"about":[{"href":"https:\/\/hartico.ee\/lt\/wp-json\/wp\/v2\/types\/product"}],"wp:featuredmedia":[{"embeddable":true,"href":"https:\/\/hartico.ee\/lt\/wp-json\/wp\/v2\/media\/5750"}],"wp:attachment":[{"href":"https:\/\/hartico.ee\/lt\/wp-json\/wp\/v2\/media?parent=3998"}],"wp:term":[{"taxonomy":"product_brand","embeddable":true,"href":"https:\/\/hartico.ee\/lt\/wp-json\/wp\/v2\/product_brand?post=3998"},{"taxonomy":"product_cat","embeddable":true,"href":"https:\/\/hartico.ee\/lt\/wp-json\/wp\/v2\/product_cat?post=3998"},{"taxonomy":"product_tag","embeddable":true,"href":"https:\/\/hartico.ee\/lt\/wp-json\/wp\/v2\/product_tag?post=3998"}],"curies":[{"name":"wp","href":"https:\/\/api.w.org\/{rel}","templated":true}]}}