{"id":3861,"date":"2015-06-15T11:28:14","date_gmt":"2015-06-15T09:28:14","guid":{"rendered":"http:\/\/hartico.path.ee\/?post_type=product&#038;p=3861"},"modified":"2019-10-15T10:05:52","modified_gmt":"2019-10-15T08:05:52","slug":"apsauginis-dirzelis-sp-sal-1-40-m","status":"publish","type":"product","link":"https:\/\/hartico.ee\/lt\/product\/apsauginis-dirzelis-sp-sal-1-40-m\/","title":{"rendered":"Apsauginis dir\u017eelis SP-SAL \u2013 1,40 m"},"content":{"rendered":"<p>Apsauginis dir\u017eelis SP-SAL \u2013 1,40m<\/p>\n<p>25 mm plo\u010dio<\/p>\n","protected":false},"excerpt":{"rendered":"<p>Apsauginis dir\u017eelis SP-SAL \u2013 1,40m 25 mm plo\u010dio<\/p>\n","protected":false},"featured_media":3882,"template":"","meta":{"_acf_changed":false,"inline_featured_image":false},"product_brand":[],"product_cat":[323,66,71],"product_tag":[],"class_list":{"0":"post-3861","1":"product","2":"type-product","3":"status-publish","4":"has-post-thumbnail","6":"product_cat-liftkar-sal-papildomi-elementai","7":"product_cat-liftkar-modulkar-papildomi-elementai","8":"product_cat-priedai","10":"first","11":"instock","12":"taxable","13":"shipping-taxable","14":"product-type-simple"},"acf":[],"yoast_head":"<!-- This site is optimized with the Yoast SEO plugin v27.3 - https:\/\/yoast.com\/product\/yoast-seo-wordpress\/ -->\n<title>Apsauginis dir\u017eelis SP-SAL \u2013 1,40 m<\/title>\n<meta name=\"description\" content=\"autolaadija, trepik\u00e4ru autolaadija, trepironija, liftkar, liftkar sal, sano, sano baltic, hartico, trepikaru, trepi karu, trepi k\u00e4ru, trepit\u00f5stuk, trepitostuk, trepi t\u00f5stuk, lift, kauba lift, k\u00e4ru, laok\u00e4ru, kaubak\u00e4ru, kauba k\u00e4ru, treppensteiger, stairclim\" \/>\n<meta name=\"robots\" content=\"index, follow, max-snippet:-1, max-image-preview:large, max-video-preview:-1\" \/>\n<link rel=\"canonical\" href=\"https:\/\/hartico.ee\/lt\/product\/apsauginis-dirzelis-sp-sal-1-40-m\/\" \/>\n<meta property=\"og:locale\" content=\"lt_LT\" \/>\n<meta property=\"og:type\" content=\"article\" \/>\n<meta property=\"og:title\" content=\"Apsauginis dir\u017eelis SP-SAL \u2013 1,40 m\" \/>\n<meta property=\"og:description\" content=\"autolaadija, trepik\u00e4ru autolaadija, trepironija, liftkar, liftkar sal, sano, sano baltic, hartico, trepikaru, trepi karu, trepi k\u00e4ru, trepit\u00f5stuk, trepitostuk, trepi t\u00f5stuk, lift, kauba lift, k\u00e4ru, laok\u00e4ru, kaubak\u00e4ru, kauba k\u00e4ru, treppensteiger, stairclim\" \/>\n<meta property=\"og:url\" content=\"https:\/\/hartico.ee\/lt\/product\/apsauginis-dirzelis-sp-sal-1-40-m\/\" \/>\n<meta property=\"og:site_name\" content=\"Hartico\" \/>\n<meta property=\"article:publisher\" content=\"https:\/\/www.facebook.com\/SANOTransportgeraeteBaltics\/\" \/>\n<meta property=\"article:modified_time\" content=\"2019-10-15T08:05:52+00:00\" \/>\n<meta property=\"og:image\" content=\"https:\/\/hartico.ee\/wp-content\/uploads\/2015\/06\/p-3881-p-3877-p-3873-p-3869-koormarihm.jpg\" \/>\n\t<meta property=\"og:image:width\" content=\"1181\" \/>\n\t<meta property=\"og:image:height\" content=\"782\" \/>\n\t<meta property=\"og:image:type\" content=\"image\/jpeg\" \/>\n<meta name=\"twitter:card\" content=\"summary_large_image\" \/>\n<script type=\"application\/ld+json\" class=\"yoast-schema-graph\">{\"@context\":\"https:\\\/\\\/schema.org\",\"@graph\":[{\"@type\":\"WebPage\",\"@id\":\"https:\\\/\\\/hartico.ee\\\/lt\\\/product\\\/apsauginis-dirzelis-sp-sal-1-40-m\\\/\",\"url\":\"https:\\\/\\\/hartico.ee\\\/lt\\\/product\\\/apsauginis-dirzelis-sp-sal-1-40-m\\\/\",\"name\":\"Apsauginis dir\u017eelis SP-SAL \u2013 1,40 m\",\"isPartOf\":{\"@id\":\"https:\\\/\\\/hartico.ee\\\/lt\\\/#website\"},\"primaryImageOfPage\":{\"@id\":\"https:\\\/\\\/hartico.ee\\\/lt\\\/product\\\/apsauginis-dirzelis-sp-sal-1-40-m\\\/#primaryimage\"},\"image\":{\"@id\":\"https:\\\/\\\/hartico.ee\\\/lt\\\/product\\\/apsauginis-dirzelis-sp-sal-1-40-m\\\/#primaryimage\"},\"thumbnailUrl\":\"https:\\\/\\\/hartico.ee\\\/wp-content\\\/uploads\\\/2015\\\/06\\\/p-3881-p-3877-p-3873-p-3869-koormarihm.jpg\",\"datePublished\":\"2015-06-15T09:28:14+00:00\",\"dateModified\":\"2019-10-15T08:05:52+00:00\",\"description\":\"autolaadija, trepik\u00e4ru autolaadija, trepironija, liftkar, liftkar sal, sano, sano baltic, hartico, trepikaru, trepi karu, trepi k\u00e4ru, trepit\u00f5stuk, trepitostuk, trepi t\u00f5stuk, lift, kauba lift, k\u00e4ru, laok\u00e4ru, kaubak\u00e4ru, kauba k\u00e4ru, treppensteiger, stairclim\",\"breadcrumb\":{\"@id\":\"https:\\\/\\\/hartico.ee\\\/lt\\\/product\\\/apsauginis-dirzelis-sp-sal-1-40-m\\\/#breadcrumb\"},\"inLanguage\":\"lt-LT\",\"potentialAction\":[{\"@type\":\"ReadAction\",\"target\":[\"https:\\\/\\\/hartico.ee\\\/lt\\\/product\\\/apsauginis-dirzelis-sp-sal-1-40-m\\\/\"]}]},{\"@type\":\"ImageObject\",\"inLanguage\":\"lt-LT\",\"@id\":\"https:\\\/\\\/hartico.ee\\\/lt\\\/product\\\/apsauginis-dirzelis-sp-sal-1-40-m\\\/#primaryimage\",\"url\":\"https:\\\/\\\/hartico.ee\\\/wp-content\\\/uploads\\\/2015\\\/06\\\/p-3881-p-3877-p-3873-p-3869-koormarihm.jpg\",\"contentUrl\":\"https:\\\/\\\/hartico.ee\\\/wp-content\\\/uploads\\\/2015\\\/06\\\/p-3881-p-3877-p-3873-p-3869-koormarihm.jpg\",\"width\":1181,\"height\":782,\"caption\":\"Apsauginis dir\u017eelis SP-SAL \u2013 1,40 m\"},{\"@type\":\"BreadcrumbList\",\"@id\":\"https:\\\/\\\/hartico.ee\\\/lt\\\/product\\\/apsauginis-dirzelis-sp-sal-1-40-m\\\/#breadcrumb\",\"itemListElement\":[{\"@type\":\"ListItem\",\"position\":1,\"name\":\"Esileht\",\"item\":\"https:\\\/\\\/hartico.ee\\\/lt\\\/\"},{\"@type\":\"ListItem\",\"position\":2,\"name\":\"Prek\u0117s\",\"item\":\"https:\\\/\\\/hartico.ee\\\/lt\\\/shop\\\/\"},{\"@type\":\"ListItem\",\"position\":3,\"name\":\"Apsauginis dir\u017eelis SP-SAL \u2013 1,40 m\"}]},{\"@type\":\"WebSite\",\"@id\":\"https:\\\/\\\/hartico.ee\\\/lt\\\/#website\",\"url\":\"https:\\\/\\\/hartico.ee\\\/lt\\\/\",\"name\":\"Hartico\",\"description\":\"Lifting and moving systems LIFTKAR, Xetto, Expresso\",\"publisher\":{\"@id\":\"https:\\\/\\\/hartico.ee\\\/lt\\\/#organization\"},\"potentialAction\":[{\"@type\":\"SearchAction\",\"target\":{\"@type\":\"EntryPoint\",\"urlTemplate\":\"https:\\\/\\\/hartico.ee\\\/lt\\\/?s={search_term_string}\"},\"query-input\":{\"@type\":\"PropertyValueSpecification\",\"valueRequired\":true,\"valueName\":\"search_term_string\"}}],\"inLanguage\":\"lt-LT\"},{\"@type\":\"Organization\",\"@id\":\"https:\\\/\\\/hartico.ee\\\/lt\\\/#organization\",\"name\":\"Hartico\",\"url\":\"https:\\\/\\\/hartico.ee\\\/lt\\\/\",\"logo\":{\"@type\":\"ImageObject\",\"inLanguage\":\"lt-LT\",\"@id\":\"https:\\\/\\\/hartico.ee\\\/lt\\\/#\\\/schema\\\/logo\\\/image\\\/\",\"url\":\"https:\\\/\\\/hartico.ee\\\/wp-content\\\/uploads\\\/2018\\\/11\\\/hartico_logo_with_slogan_onecolor.svg\",\"contentUrl\":\"https:\\\/\\\/hartico.ee\\\/wp-content\\\/uploads\\\/2018\\\/11\\\/hartico_logo_with_slogan_onecolor.svg\",\"width\":424,\"height\":157,\"caption\":\"Hartico\"},\"image\":{\"@id\":\"https:\\\/\\\/hartico.ee\\\/lt\\\/#\\\/schema\\\/logo\\\/image\\\/\"},\"sameAs\":[\"https:\\\/\\\/www.facebook.com\\\/SANOTransportgeraeteBaltics\\\/\"]}]}<\/script>\n<!-- \/ Yoast SEO plugin. -->","yoast_head_json":{"title":"Apsauginis dir\u017eelis SP-SAL \u2013 1,40 m","description":"autolaadija, trepik\u00e4ru autolaadija, trepironija, liftkar, liftkar sal, sano, sano baltic, hartico, trepikaru, trepi karu, trepi k\u00e4ru, trepit\u00f5stuk, trepitostuk, trepi t\u00f5stuk, lift, kauba lift, k\u00e4ru, laok\u00e4ru, kaubak\u00e4ru, kauba k\u00e4ru, treppensteiger, stairclim","robots":{"index":"index","follow":"follow","max-snippet":"max-snippet:-1","max-image-preview":"max-image-preview:large","max-video-preview":"max-video-preview:-1"},"canonical":"https:\/\/hartico.ee\/lt\/product\/apsauginis-dirzelis-sp-sal-1-40-m\/","og_locale":"lt_LT","og_type":"article","og_title":"Apsauginis dir\u017eelis SP-SAL \u2013 1,40 m","og_description":"autolaadija, trepik\u00e4ru autolaadija, trepironija, liftkar, liftkar sal, sano, sano baltic, hartico, trepikaru, trepi karu, trepi k\u00e4ru, trepit\u00f5stuk, trepitostuk, trepi t\u00f5stuk, lift, kauba lift, k\u00e4ru, laok\u00e4ru, kaubak\u00e4ru, kauba k\u00e4ru, treppensteiger, stairclim","og_url":"https:\/\/hartico.ee\/lt\/product\/apsauginis-dirzelis-sp-sal-1-40-m\/","og_site_name":"Hartico","article_publisher":"https:\/\/www.facebook.com\/SANOTransportgeraeteBaltics\/","article_modified_time":"2019-10-15T08:05:52+00:00","og_image":[{"width":1181,"height":782,"url":"https:\/\/hartico.ee\/wp-content\/uploads\/2015\/06\/p-3881-p-3877-p-3873-p-3869-koormarihm.jpg","type":"image\/jpeg"}],"twitter_card":"summary_large_image","schema":{"@context":"https:\/\/schema.org","@graph":[{"@type":"WebPage","@id":"https:\/\/hartico.ee\/lt\/product\/apsauginis-dirzelis-sp-sal-1-40-m\/","url":"https:\/\/hartico.ee\/lt\/product\/apsauginis-dirzelis-sp-sal-1-40-m\/","name":"Apsauginis dir\u017eelis SP-SAL \u2013 1,40 m","isPartOf":{"@id":"https:\/\/hartico.ee\/lt\/#website"},"primaryImageOfPage":{"@id":"https:\/\/hartico.ee\/lt\/product\/apsauginis-dirzelis-sp-sal-1-40-m\/#primaryimage"},"image":{"@id":"https:\/\/hartico.ee\/lt\/product\/apsauginis-dirzelis-sp-sal-1-40-m\/#primaryimage"},"thumbnailUrl":"https:\/\/hartico.ee\/wp-content\/uploads\/2015\/06\/p-3881-p-3877-p-3873-p-3869-koormarihm.jpg","datePublished":"2015-06-15T09:28:14+00:00","dateModified":"2019-10-15T08:05:52+00:00","description":"autolaadija, trepik\u00e4ru autolaadija, trepironija, liftkar, liftkar sal, sano, sano baltic, hartico, trepikaru, trepi karu, trepi k\u00e4ru, trepit\u00f5stuk, trepitostuk, trepi t\u00f5stuk, lift, kauba lift, k\u00e4ru, laok\u00e4ru, kaubak\u00e4ru, kauba k\u00e4ru, treppensteiger, stairclim","breadcrumb":{"@id":"https:\/\/hartico.ee\/lt\/product\/apsauginis-dirzelis-sp-sal-1-40-m\/#breadcrumb"},"inLanguage":"lt-LT","potentialAction":[{"@type":"ReadAction","target":["https:\/\/hartico.ee\/lt\/product\/apsauginis-dirzelis-sp-sal-1-40-m\/"]}]},{"@type":"ImageObject","inLanguage":"lt-LT","@id":"https:\/\/hartico.ee\/lt\/product\/apsauginis-dirzelis-sp-sal-1-40-m\/#primaryimage","url":"https:\/\/hartico.ee\/wp-content\/uploads\/2015\/06\/p-3881-p-3877-p-3873-p-3869-koormarihm.jpg","contentUrl":"https:\/\/hartico.ee\/wp-content\/uploads\/2015\/06\/p-3881-p-3877-p-3873-p-3869-koormarihm.jpg","width":1181,"height":782,"caption":"Apsauginis dir\u017eelis SP-SAL \u2013 1,40 m"},{"@type":"BreadcrumbList","@id":"https:\/\/hartico.ee\/lt\/product\/apsauginis-dirzelis-sp-sal-1-40-m\/#breadcrumb","itemListElement":[{"@type":"ListItem","position":1,"name":"Esileht","item":"https:\/\/hartico.ee\/lt\/"},{"@type":"ListItem","position":2,"name":"Prek\u0117s","item":"https:\/\/hartico.ee\/lt\/shop\/"},{"@type":"ListItem","position":3,"name":"Apsauginis dir\u017eelis SP-SAL \u2013 1,40 m"}]},{"@type":"WebSite","@id":"https:\/\/hartico.ee\/lt\/#website","url":"https:\/\/hartico.ee\/lt\/","name":"Hartico","description":"Lifting and moving systems LIFTKAR, Xetto, Expresso","publisher":{"@id":"https:\/\/hartico.ee\/lt\/#organization"},"potentialAction":[{"@type":"SearchAction","target":{"@type":"EntryPoint","urlTemplate":"https:\/\/hartico.ee\/lt\/?s={search_term_string}"},"query-input":{"@type":"PropertyValueSpecification","valueRequired":true,"valueName":"search_term_string"}}],"inLanguage":"lt-LT"},{"@type":"Organization","@id":"https:\/\/hartico.ee\/lt\/#organization","name":"Hartico","url":"https:\/\/hartico.ee\/lt\/","logo":{"@type":"ImageObject","inLanguage":"lt-LT","@id":"https:\/\/hartico.ee\/lt\/#\/schema\/logo\/image\/","url":"https:\/\/hartico.ee\/wp-content\/uploads\/2018\/11\/hartico_logo_with_slogan_onecolor.svg","contentUrl":"https:\/\/hartico.ee\/wp-content\/uploads\/2018\/11\/hartico_logo_with_slogan_onecolor.svg","width":424,"height":157,"caption":"Hartico"},"image":{"@id":"https:\/\/hartico.ee\/lt\/#\/schema\/logo\/image\/"},"sameAs":["https:\/\/www.facebook.com\/SANOTransportgeraeteBaltics\/"]}]}},"_links":{"self":[{"href":"https:\/\/hartico.ee\/lt\/wp-json\/wp\/v2\/product\/3861","targetHints":{"allow":["GET"]}}],"collection":[{"href":"https:\/\/hartico.ee\/lt\/wp-json\/wp\/v2\/product"}],"about":[{"href":"https:\/\/hartico.ee\/lt\/wp-json\/wp\/v2\/types\/product"}],"wp:featuredmedia":[{"embeddable":true,"href":"https:\/\/hartico.ee\/lt\/wp-json\/wp\/v2\/media\/3882"}],"wp:attachment":[{"href":"https:\/\/hartico.ee\/lt\/wp-json\/wp\/v2\/media?parent=3861"}],"wp:term":[{"taxonomy":"product_brand","embeddable":true,"href":"https:\/\/hartico.ee\/lt\/wp-json\/wp\/v2\/product_brand?post=3861"},{"taxonomy":"product_cat","embeddable":true,"href":"https:\/\/hartico.ee\/lt\/wp-json\/wp\/v2\/product_cat?post=3861"},{"taxonomy":"product_tag","embeddable":true,"href":"https:\/\/hartico.ee\/lt\/wp-json\/wp\/v2\/product_tag?post=3861"}],"curies":[{"name":"wp","href":"https:\/\/api.w.org\/{rel}","templated":true}]}}