{"id":3801,"date":"2015-06-15T10:40:32","date_gmt":"2015-06-15T08:40:32","guid":{"rendered":"http:\/\/hartico.path.ee\/?post_type=product&#038;p=3801"},"modified":"2017-02-17T05:10:00","modified_gmt":"2017-02-17T03:10:00","slug":"unikar-1600-4","status":"publish","type":"product","link":"https:\/\/hartico.ee\/lt\/product\/unikar-1600-4\/","title":{"rendered":"Unikar 1600"},"content":{"rendered":"<p>UNIKAR\u00ae k\u0117limo krautuvus<\/p>\n<p>&nbsp;<\/p>\n<ul>\n<li>Paprasta naudoti<\/li>\n<li>Itin manevringas<\/li>\n<li>Vamzdelin\u0117 konstrukcija u\u017etikrina ypating\u0105 tvirtum\u0105<\/li>\n<li>Ma\u017eesnio svorio (tik 25 kg)<\/li>\n<li>200 mm skersmens galiniai ratai, tod\u0117l krovinius galima<\/li>\n<li>perve\u017eti ant nelygi\u0173 grind\u0173 ir per neauk\u0161tus laiptus<\/li>\n<li>Stov\u0117jimo stabdis ant abiej\u0173 galini\u0173 rat\u0173<\/li>\n<li>Tyliai veikianti gerv\u0117 su apsaugine suktuvo rankena<\/li>\n<li>Galvanizuota apdaila, pritaikyta prie \u0161vari\u0173 aplink\u0173<\/li>\n<li>50 mm plo\u010dio krovini\u0173 dir\u017eelis vietoj tros\u0173 ir grandini\u0173<\/li>\n<li>Paprasta dirbti, nereikalauja prie\u017ei\u016bros<\/li>\n<\/ul>\n<p>&nbsp;<\/p>\n<p>Du baziniai modeliai ir daugyb\u0117 pasirinktin\u0117s \u012frangos leid\u017eia Unikar k\u0117limo krautuvus pritaikyti kiekvienai situacijai.<\/p>\n<p>&nbsp;<\/p>\n<p>K\u0117limo auk\u0161tis<\/p>\n<p>Standartin\u0117 Unikar k\u0117limo keltuvo versija pateikiama su 1600 mm k\u0117limo \u012franga. Papildom\u0105 \u012frang\u0105, skirt\u0105 k\u0117limui nuo 1100 mm iki maks. 1300 mm, galima \u012fsigyti atskirai (intervalais po 100 mm).<\/p>\n","protected":false},"excerpt":{"rendered":"<p>UNIKAR\u00ae k\u0117limo krautuvus &nbsp; Paprasta naudoti Itin manevringas Vamzdelin\u0117 konstrukcija u\u017etikrina ypating\u0105 tvirtum\u0105 Ma\u017eesnio svorio (tik 25 kg) 200 mm skersmens galiniai ratai, tod\u0117l krovinius galima perve\u017eti ant nelygi\u0173 grind\u0173 ir per neauk\u0161tus laiptus Stov\u0117jimo stabdis ant abiej\u0173 galini\u0173 rat\u0173 Tyliai veikianti gerv\u0117 su apsaugine suktuvo rankena Galvanizuota apdaila, pritaikyta prie \u0161vari\u0173 aplink\u0173 50 mm [&hellip;]<\/p>\n","protected":false},"featured_media":5522,"template":"","meta":{"_acf_changed":false,"inline_featured_image":false},"product_brand":[],"product_cat":[51],"product_tag":[],"class_list":{"0":"post-3801","1":"product","2":"type-product","3":"status-publish","4":"has-post-thumbnail","6":"product_cat-rankinis-keltuvas-unikar-150","8":"first","9":"instock","10":"taxable","11":"shipping-taxable","12":"product-type-simple"},"acf":[],"yoast_head":"<!-- This site is optimized with the Yoast SEO plugin v27.3 - https:\/\/yoast.com\/product\/yoast-seo-wordpress\/ -->\n<title>Unikar 1600<\/title>\n<meta name=\"description\" content=\"unikar, sano, sano baltic, hartico, lift, kauba lift, k\u00e4ru, laok\u00e4ru, kaubak\u00e4ru, kauba k\u00e4ru, kauba toustuk, kauba t\u00f5stuk\" \/>\n<meta name=\"robots\" content=\"index, follow, max-snippet:-1, max-image-preview:large, max-video-preview:-1\" \/>\n<link rel=\"canonical\" href=\"https:\/\/hartico.ee\/lt\/product\/unikar-1600-4\/\" \/>\n<meta property=\"og:locale\" content=\"lt_LT\" \/>\n<meta property=\"og:type\" content=\"article\" \/>\n<meta property=\"og:title\" content=\"Unikar 1600\" \/>\n<meta property=\"og:description\" content=\"unikar, sano, sano baltic, hartico, lift, kauba lift, k\u00e4ru, laok\u00e4ru, kaubak\u00e4ru, kauba k\u00e4ru, kauba toustuk, kauba t\u00f5stuk\" \/>\n<meta property=\"og:url\" content=\"https:\/\/hartico.ee\/lt\/product\/unikar-1600-4\/\" \/>\n<meta property=\"og:site_name\" content=\"Hartico\" \/>\n<meta property=\"article:publisher\" content=\"https:\/\/www.facebook.com\/SANOTransportgeraeteBaltics\/\" \/>\n<meta property=\"article:modified_time\" content=\"2017-02-17T03:10:00+00:00\" \/>\n<meta property=\"og:image\" content=\"https:\/\/hartico.ee\/wp-content\/uploads\/2015\/06\/p-3789-Unikar-3-unikari--1.png\" \/>\n\t<meta property=\"og:image:width\" content=\"602\" \/>\n\t<meta property=\"og:image:height\" content=\"426\" \/>\n\t<meta property=\"og:image:type\" content=\"image\/jpeg\" \/>\n<meta name=\"twitter:card\" content=\"summary_large_image\" \/>\n<meta name=\"twitter:label1\" content=\"Est. reading time\" \/>\n\t<meta name=\"twitter:data1\" content=\"1 minut\u0117\" \/>\n<script type=\"application\/ld+json\" class=\"yoast-schema-graph\">{\"@context\":\"https:\\\/\\\/schema.org\",\"@graph\":[{\"@type\":\"WebPage\",\"@id\":\"https:\\\/\\\/hartico.ee\\\/lt\\\/product\\\/unikar-1600-4\\\/\",\"url\":\"https:\\\/\\\/hartico.ee\\\/lt\\\/product\\\/unikar-1600-4\\\/\",\"name\":\"Unikar 1600\",\"isPartOf\":{\"@id\":\"https:\\\/\\\/hartico.ee\\\/lt\\\/#website\"},\"primaryImageOfPage\":{\"@id\":\"https:\\\/\\\/hartico.ee\\\/lt\\\/product\\\/unikar-1600-4\\\/#primaryimage\"},\"image\":{\"@id\":\"https:\\\/\\\/hartico.ee\\\/lt\\\/product\\\/unikar-1600-4\\\/#primaryimage\"},\"thumbnailUrl\":\"https:\\\/\\\/hartico.ee\\\/wp-content\\\/uploads\\\/2015\\\/06\\\/p-3789-Unikar-3-unikari--1.png\",\"datePublished\":\"2015-06-15T08:40:32+00:00\",\"dateModified\":\"2017-02-17T03:10:00+00:00\",\"description\":\"unikar, sano, sano baltic, hartico, lift, kauba lift, k\u00e4ru, laok\u00e4ru, kaubak\u00e4ru, kauba k\u00e4ru, kauba toustuk, kauba t\u00f5stuk\",\"breadcrumb\":{\"@id\":\"https:\\\/\\\/hartico.ee\\\/lt\\\/product\\\/unikar-1600-4\\\/#breadcrumb\"},\"inLanguage\":\"lt-LT\",\"potentialAction\":[{\"@type\":\"ReadAction\",\"target\":[\"https:\\\/\\\/hartico.ee\\\/lt\\\/product\\\/unikar-1600-4\\\/\"]}]},{\"@type\":\"ImageObject\",\"inLanguage\":\"lt-LT\",\"@id\":\"https:\\\/\\\/hartico.ee\\\/lt\\\/product\\\/unikar-1600-4\\\/#primaryimage\",\"url\":\"https:\\\/\\\/hartico.ee\\\/wp-content\\\/uploads\\\/2015\\\/06\\\/p-3789-Unikar-3-unikari--1.png\",\"contentUrl\":\"https:\\\/\\\/hartico.ee\\\/wp-content\\\/uploads\\\/2015\\\/06\\\/p-3789-Unikar-3-unikari--1.png\",\"width\":602,\"height\":426},{\"@type\":\"BreadcrumbList\",\"@id\":\"https:\\\/\\\/hartico.ee\\\/lt\\\/product\\\/unikar-1600-4\\\/#breadcrumb\",\"itemListElement\":[{\"@type\":\"ListItem\",\"position\":1,\"name\":\"Esileht\",\"item\":\"https:\\\/\\\/hartico.ee\\\/lt\\\/\"},{\"@type\":\"ListItem\",\"position\":2,\"name\":\"Prek\u0117s\",\"item\":\"https:\\\/\\\/hartico.ee\\\/lt\\\/shop\\\/\"},{\"@type\":\"ListItem\",\"position\":3,\"name\":\"Unikar 1600\"}]},{\"@type\":\"WebSite\",\"@id\":\"https:\\\/\\\/hartico.ee\\\/lt\\\/#website\",\"url\":\"https:\\\/\\\/hartico.ee\\\/lt\\\/\",\"name\":\"Hartico\",\"description\":\"Lifting and moving systems LIFTKAR, Xetto, Expresso\",\"publisher\":{\"@id\":\"https:\\\/\\\/hartico.ee\\\/lt\\\/#organization\"},\"potentialAction\":[{\"@type\":\"SearchAction\",\"target\":{\"@type\":\"EntryPoint\",\"urlTemplate\":\"https:\\\/\\\/hartico.ee\\\/lt\\\/?s={search_term_string}\"},\"query-input\":{\"@type\":\"PropertyValueSpecification\",\"valueRequired\":true,\"valueName\":\"search_term_string\"}}],\"inLanguage\":\"lt-LT\"},{\"@type\":\"Organization\",\"@id\":\"https:\\\/\\\/hartico.ee\\\/lt\\\/#organization\",\"name\":\"Hartico\",\"url\":\"https:\\\/\\\/hartico.ee\\\/lt\\\/\",\"logo\":{\"@type\":\"ImageObject\",\"inLanguage\":\"lt-LT\",\"@id\":\"https:\\\/\\\/hartico.ee\\\/lt\\\/#\\\/schema\\\/logo\\\/image\\\/\",\"url\":\"https:\\\/\\\/hartico.ee\\\/wp-content\\\/uploads\\\/2018\\\/11\\\/hartico_logo_with_slogan_onecolor.svg\",\"contentUrl\":\"https:\\\/\\\/hartico.ee\\\/wp-content\\\/uploads\\\/2018\\\/11\\\/hartico_logo_with_slogan_onecolor.svg\",\"width\":424,\"height\":157,\"caption\":\"Hartico\"},\"image\":{\"@id\":\"https:\\\/\\\/hartico.ee\\\/lt\\\/#\\\/schema\\\/logo\\\/image\\\/\"},\"sameAs\":[\"https:\\\/\\\/www.facebook.com\\\/SANOTransportgeraeteBaltics\\\/\"]}]}<\/script>\n<!-- \/ Yoast SEO plugin. -->","yoast_head_json":{"title":"Unikar 1600","description":"unikar, sano, sano baltic, hartico, lift, kauba lift, k\u00e4ru, laok\u00e4ru, kaubak\u00e4ru, kauba k\u00e4ru, kauba toustuk, kauba t\u00f5stuk","robots":{"index":"index","follow":"follow","max-snippet":"max-snippet:-1","max-image-preview":"max-image-preview:large","max-video-preview":"max-video-preview:-1"},"canonical":"https:\/\/hartico.ee\/lt\/product\/unikar-1600-4\/","og_locale":"lt_LT","og_type":"article","og_title":"Unikar 1600","og_description":"unikar, sano, sano baltic, hartico, lift, kauba lift, k\u00e4ru, laok\u00e4ru, kaubak\u00e4ru, kauba k\u00e4ru, kauba toustuk, kauba t\u00f5stuk","og_url":"https:\/\/hartico.ee\/lt\/product\/unikar-1600-4\/","og_site_name":"Hartico","article_publisher":"https:\/\/www.facebook.com\/SANOTransportgeraeteBaltics\/","article_modified_time":"2017-02-17T03:10:00+00:00","og_image":[{"width":602,"height":426,"url":"https:\/\/hartico.ee\/wp-content\/uploads\/2015\/06\/p-3789-Unikar-3-unikari--1.png","type":"image\/jpeg"}],"twitter_card":"summary_large_image","twitter_misc":{"Est. reading time":"1 minut\u0117"},"schema":{"@context":"https:\/\/schema.org","@graph":[{"@type":"WebPage","@id":"https:\/\/hartico.ee\/lt\/product\/unikar-1600-4\/","url":"https:\/\/hartico.ee\/lt\/product\/unikar-1600-4\/","name":"Unikar 1600","isPartOf":{"@id":"https:\/\/hartico.ee\/lt\/#website"},"primaryImageOfPage":{"@id":"https:\/\/hartico.ee\/lt\/product\/unikar-1600-4\/#primaryimage"},"image":{"@id":"https:\/\/hartico.ee\/lt\/product\/unikar-1600-4\/#primaryimage"},"thumbnailUrl":"https:\/\/hartico.ee\/wp-content\/uploads\/2015\/06\/p-3789-Unikar-3-unikari--1.png","datePublished":"2015-06-15T08:40:32+00:00","dateModified":"2017-02-17T03:10:00+00:00","description":"unikar, sano, sano baltic, hartico, lift, kauba lift, k\u00e4ru, laok\u00e4ru, kaubak\u00e4ru, kauba k\u00e4ru, kauba toustuk, kauba t\u00f5stuk","breadcrumb":{"@id":"https:\/\/hartico.ee\/lt\/product\/unikar-1600-4\/#breadcrumb"},"inLanguage":"lt-LT","potentialAction":[{"@type":"ReadAction","target":["https:\/\/hartico.ee\/lt\/product\/unikar-1600-4\/"]}]},{"@type":"ImageObject","inLanguage":"lt-LT","@id":"https:\/\/hartico.ee\/lt\/product\/unikar-1600-4\/#primaryimage","url":"https:\/\/hartico.ee\/wp-content\/uploads\/2015\/06\/p-3789-Unikar-3-unikari--1.png","contentUrl":"https:\/\/hartico.ee\/wp-content\/uploads\/2015\/06\/p-3789-Unikar-3-unikari--1.png","width":602,"height":426},{"@type":"BreadcrumbList","@id":"https:\/\/hartico.ee\/lt\/product\/unikar-1600-4\/#breadcrumb","itemListElement":[{"@type":"ListItem","position":1,"name":"Esileht","item":"https:\/\/hartico.ee\/lt\/"},{"@type":"ListItem","position":2,"name":"Prek\u0117s","item":"https:\/\/hartico.ee\/lt\/shop\/"},{"@type":"ListItem","position":3,"name":"Unikar 1600"}]},{"@type":"WebSite","@id":"https:\/\/hartico.ee\/lt\/#website","url":"https:\/\/hartico.ee\/lt\/","name":"Hartico","description":"Lifting and moving systems LIFTKAR, Xetto, Expresso","publisher":{"@id":"https:\/\/hartico.ee\/lt\/#organization"},"potentialAction":[{"@type":"SearchAction","target":{"@type":"EntryPoint","urlTemplate":"https:\/\/hartico.ee\/lt\/?s={search_term_string}"},"query-input":{"@type":"PropertyValueSpecification","valueRequired":true,"valueName":"search_term_string"}}],"inLanguage":"lt-LT"},{"@type":"Organization","@id":"https:\/\/hartico.ee\/lt\/#organization","name":"Hartico","url":"https:\/\/hartico.ee\/lt\/","logo":{"@type":"ImageObject","inLanguage":"lt-LT","@id":"https:\/\/hartico.ee\/lt\/#\/schema\/logo\/image\/","url":"https:\/\/hartico.ee\/wp-content\/uploads\/2018\/11\/hartico_logo_with_slogan_onecolor.svg","contentUrl":"https:\/\/hartico.ee\/wp-content\/uploads\/2018\/11\/hartico_logo_with_slogan_onecolor.svg","width":424,"height":157,"caption":"Hartico"},"image":{"@id":"https:\/\/hartico.ee\/lt\/#\/schema\/logo\/image\/"},"sameAs":["https:\/\/www.facebook.com\/SANOTransportgeraeteBaltics\/"]}]}},"_links":{"self":[{"href":"https:\/\/hartico.ee\/lt\/wp-json\/wp\/v2\/product\/3801","targetHints":{"allow":["GET"]}}],"collection":[{"href":"https:\/\/hartico.ee\/lt\/wp-json\/wp\/v2\/product"}],"about":[{"href":"https:\/\/hartico.ee\/lt\/wp-json\/wp\/v2\/types\/product"}],"wp:featuredmedia":[{"embeddable":true,"href":"https:\/\/hartico.ee\/lt\/wp-json\/wp\/v2\/media\/5522"}],"wp:attachment":[{"href":"https:\/\/hartico.ee\/lt\/wp-json\/wp\/v2\/media?parent=3801"}],"wp:term":[{"taxonomy":"product_brand","embeddable":true,"href":"https:\/\/hartico.ee\/lt\/wp-json\/wp\/v2\/product_brand?post=3801"},{"taxonomy":"product_cat","embeddable":true,"href":"https:\/\/hartico.ee\/lt\/wp-json\/wp\/v2\/product_cat?post=3801"},{"taxonomy":"product_tag","embeddable":true,"href":"https:\/\/hartico.ee\/lt\/wp-json\/wp\/v2\/product_tag?post=3801"}],"curies":[{"name":"wp","href":"https:\/\/api.w.org\/{rel}","templated":true}]}}