{"id":3535,"date":"2014-12-18T10:57:47","date_gmt":"2014-12-18T08:57:47","guid":{"rendered":"http:\/\/hartico.path.ee\/?post_type=product&#038;p=3535"},"modified":"2019-10-15T09:51:18","modified_gmt":"2019-10-15T07:51:18","slug":"atramine-plokstele-gs-ng","status":"publish","type":"product","link":"https:\/\/hartico.ee\/lt\/product\/atramine-plokstele-gs-ng\/","title":{"rendered":"Atramin\u0117 plok\u0161tel\u0117 GS-NG"},"content":{"rendered":"<p>476x239x7mm<\/p>\n<p>Tokia, kokios naudojamos g\u0117rim\u0173 pramon\u0117je, pakankamai plati, kad b\u016bt\u0173 galima saugiai perve\u017eti statines ir d\u0117\u017ees<\/p>\n<p>Galite pasirinkti savo poreikius geriausiai atitinkan\u010dios formos plok\u0161teles.<\/p>\n<p>\u0160is produktas pristatomas be atramin\u0117s plok\u0161tel\u0117s, bet su \u0161arnyrine plok\u0161t\u0117l\u0117s atrama.<\/p>\n","protected":false},"excerpt":{"rendered":"<p>476x239x7mm Tokia, kokios naudojamos g\u0117rim\u0173 pramon\u0117je, pakankamai plati, kad b\u016bt\u0173 galima saugiai perve\u017eti statines ir d\u0117\u017ees Galite pasirinkti savo poreikius geriausiai atitinkan\u010dios formos plok\u0161teles. \u0160is produktas pristatomas be atramin\u0117s plok\u0161tel\u0117s, bet su \u0161arnyrine plok\u0161t\u0117l\u0117s atrama.<\/p>\n","protected":false},"featured_media":3536,"template":"","meta":{"_acf_changed":false,"inline_featured_image":false},"product_brand":[],"product_cat":[269,66,61],"product_tag":[82],"class_list":{"0":"post-3535","1":"product","2":"type-product","3":"status-publish","4":"has-post-thumbnail","6":"product_cat-apatines-atramines-plokstes-liftkar-sal","7":"product_cat-liftkar-modulkar-papildomi-elementai","8":"product_cat-atramin-plokstel","9":"product_tag-82","11":"first","12":"instock","13":"taxable","14":"shipping-taxable","15":"product-type-simple"},"acf":[],"yoast_head":"<!-- This site is optimized with the Yoast SEO plugin v27.3 - https:\/\/yoast.com\/product\/yoast-seo-wordpress\/ -->\n<title>Atramin\u0117 plok\u0161tel\u0117 GS-NG<\/title>\n<meta name=\"description\" content=\"tugiplaat, trepik\u00e4ru, trepironija, liftkar, liftkar sal, sano, sano baltic, hartico, trepikaru, trepi karu, trepi k\u00e4ru, trepit\u00f5stuk, trepitostuk, trepi t\u00f5stuk, lift, kauba lift, k\u00e4ru, laok\u00e4ru, kaubak\u00e4ru, kauba k\u00e4ru, treppensteiger, stairclimber\" \/>\n<meta name=\"robots\" content=\"index, follow, max-snippet:-1, max-image-preview:large, max-video-preview:-1\" \/>\n<link rel=\"canonical\" href=\"https:\/\/hartico.ee\/lt\/product\/atramine-plokstele-gs-ng\/\" \/>\n<meta property=\"og:locale\" content=\"lt_LT\" \/>\n<meta property=\"og:type\" content=\"article\" \/>\n<meta property=\"og:title\" content=\"Atramin\u0117 plok\u0161tel\u0117 GS-NG\" \/>\n<meta property=\"og:description\" content=\"tugiplaat, trepik\u00e4ru, trepironija, liftkar, liftkar sal, sano, sano baltic, hartico, trepikaru, trepi karu, trepi k\u00e4ru, trepit\u00f5stuk, trepitostuk, trepi t\u00f5stuk, lift, kauba lift, k\u00e4ru, laok\u00e4ru, kaubak\u00e4ru, kauba k\u00e4ru, treppensteiger, stairclimber\" \/>\n<meta property=\"og:url\" content=\"https:\/\/hartico.ee\/lt\/product\/atramine-plokstele-gs-ng\/\" \/>\n<meta property=\"og:site_name\" content=\"Hartico\" \/>\n<meta property=\"article:publisher\" content=\"https:\/\/www.facebook.com\/SANOTransportgeraeteBaltics\/\" \/>\n<meta property=\"article:modified_time\" content=\"2019-10-15T07:51:18+00:00\" \/>\n<meta property=\"og:image\" content=\"https:\/\/hartico.ee\/wp-content\/uploads\/2014\/12\/p-3535-p-3533-p-3531-p-3529-sano-treppensteiger-liftkar-sal-schaufel-gs-ng.jpg\" \/>\n\t<meta property=\"og:image:width\" content=\"270\" \/>\n\t<meta property=\"og:image:height\" content=\"200\" \/>\n\t<meta property=\"og:image:type\" content=\"image\/jpeg\" \/>\n<meta name=\"twitter:card\" content=\"summary_large_image\" \/>\n<script type=\"application\/ld+json\" class=\"yoast-schema-graph\">{\"@context\":\"https:\\\/\\\/schema.org\",\"@graph\":[{\"@type\":\"WebPage\",\"@id\":\"https:\\\/\\\/hartico.ee\\\/lt\\\/product\\\/atramine-plokstele-gs-ng\\\/\",\"url\":\"https:\\\/\\\/hartico.ee\\\/lt\\\/product\\\/atramine-plokstele-gs-ng\\\/\",\"name\":\"Atramin\u0117 plok\u0161tel\u0117 GS-NG\",\"isPartOf\":{\"@id\":\"https:\\\/\\\/hartico.ee\\\/lt\\\/#website\"},\"primaryImageOfPage\":{\"@id\":\"https:\\\/\\\/hartico.ee\\\/lt\\\/product\\\/atramine-plokstele-gs-ng\\\/#primaryimage\"},\"image\":{\"@id\":\"https:\\\/\\\/hartico.ee\\\/lt\\\/product\\\/atramine-plokstele-gs-ng\\\/#primaryimage\"},\"thumbnailUrl\":\"https:\\\/\\\/hartico.ee\\\/wp-content\\\/uploads\\\/2014\\\/12\\\/p-3535-p-3533-p-3531-p-3529-sano-treppensteiger-liftkar-sal-schaufel-gs-ng.jpg\",\"datePublished\":\"2014-12-18T08:57:47+00:00\",\"dateModified\":\"2019-10-15T07:51:18+00:00\",\"description\":\"tugiplaat, trepik\u00e4ru, trepironija, liftkar, liftkar sal, sano, sano baltic, hartico, trepikaru, trepi karu, trepi k\u00e4ru, trepit\u00f5stuk, trepitostuk, trepi t\u00f5stuk, lift, kauba lift, k\u00e4ru, laok\u00e4ru, kaubak\u00e4ru, kauba k\u00e4ru, treppensteiger, stairclimber\",\"breadcrumb\":{\"@id\":\"https:\\\/\\\/hartico.ee\\\/lt\\\/product\\\/atramine-plokstele-gs-ng\\\/#breadcrumb\"},\"inLanguage\":\"lt-LT\",\"potentialAction\":[{\"@type\":\"ReadAction\",\"target\":[\"https:\\\/\\\/hartico.ee\\\/lt\\\/product\\\/atramine-plokstele-gs-ng\\\/\"]}]},{\"@type\":\"ImageObject\",\"inLanguage\":\"lt-LT\",\"@id\":\"https:\\\/\\\/hartico.ee\\\/lt\\\/product\\\/atramine-plokstele-gs-ng\\\/#primaryimage\",\"url\":\"https:\\\/\\\/hartico.ee\\\/wp-content\\\/uploads\\\/2014\\\/12\\\/p-3535-p-3533-p-3531-p-3529-sano-treppensteiger-liftkar-sal-schaufel-gs-ng.jpg\",\"contentUrl\":\"https:\\\/\\\/hartico.ee\\\/wp-content\\\/uploads\\\/2014\\\/12\\\/p-3535-p-3533-p-3531-p-3529-sano-treppensteiger-liftkar-sal-schaufel-gs-ng.jpg\",\"width\":270,\"height\":200,\"caption\":\"Atramin\u0117 plok\u0161tel\u0117 GS-NG\"},{\"@type\":\"BreadcrumbList\",\"@id\":\"https:\\\/\\\/hartico.ee\\\/lt\\\/product\\\/atramine-plokstele-gs-ng\\\/#breadcrumb\",\"itemListElement\":[{\"@type\":\"ListItem\",\"position\":1,\"name\":\"Esileht\",\"item\":\"https:\\\/\\\/hartico.ee\\\/lt\\\/\"},{\"@type\":\"ListItem\",\"position\":2,\"name\":\"Prek\u0117s\",\"item\":\"https:\\\/\\\/hartico.ee\\\/lt\\\/shop\\\/\"},{\"@type\":\"ListItem\",\"position\":3,\"name\":\"Atramin\u0117 plok\u0161tel\u0117 GS-NG\"}]},{\"@type\":\"WebSite\",\"@id\":\"https:\\\/\\\/hartico.ee\\\/lt\\\/#website\",\"url\":\"https:\\\/\\\/hartico.ee\\\/lt\\\/\",\"name\":\"Hartico\",\"description\":\"Lifting and moving systems LIFTKAR, Xetto, Expresso\",\"publisher\":{\"@id\":\"https:\\\/\\\/hartico.ee\\\/lt\\\/#organization\"},\"potentialAction\":[{\"@type\":\"SearchAction\",\"target\":{\"@type\":\"EntryPoint\",\"urlTemplate\":\"https:\\\/\\\/hartico.ee\\\/lt\\\/?s={search_term_string}\"},\"query-input\":{\"@type\":\"PropertyValueSpecification\",\"valueRequired\":true,\"valueName\":\"search_term_string\"}}],\"inLanguage\":\"lt-LT\"},{\"@type\":\"Organization\",\"@id\":\"https:\\\/\\\/hartico.ee\\\/lt\\\/#organization\",\"name\":\"Hartico\",\"url\":\"https:\\\/\\\/hartico.ee\\\/lt\\\/\",\"logo\":{\"@type\":\"ImageObject\",\"inLanguage\":\"lt-LT\",\"@id\":\"https:\\\/\\\/hartico.ee\\\/lt\\\/#\\\/schema\\\/logo\\\/image\\\/\",\"url\":\"https:\\\/\\\/hartico.ee\\\/wp-content\\\/uploads\\\/2018\\\/11\\\/hartico_logo_with_slogan_onecolor.svg\",\"contentUrl\":\"https:\\\/\\\/hartico.ee\\\/wp-content\\\/uploads\\\/2018\\\/11\\\/hartico_logo_with_slogan_onecolor.svg\",\"width\":424,\"height\":157,\"caption\":\"Hartico\"},\"image\":{\"@id\":\"https:\\\/\\\/hartico.ee\\\/lt\\\/#\\\/schema\\\/logo\\\/image\\\/\"},\"sameAs\":[\"https:\\\/\\\/www.facebook.com\\\/SANOTransportgeraeteBaltics\\\/\"]}]}<\/script>\n<!-- \/ Yoast SEO plugin. -->","yoast_head_json":{"title":"Atramin\u0117 plok\u0161tel\u0117 GS-NG","description":"tugiplaat, trepik\u00e4ru, trepironija, liftkar, liftkar sal, sano, sano baltic, hartico, trepikaru, trepi karu, trepi k\u00e4ru, trepit\u00f5stuk, trepitostuk, trepi t\u00f5stuk, lift, kauba lift, k\u00e4ru, laok\u00e4ru, kaubak\u00e4ru, kauba k\u00e4ru, treppensteiger, stairclimber","robots":{"index":"index","follow":"follow","max-snippet":"max-snippet:-1","max-image-preview":"max-image-preview:large","max-video-preview":"max-video-preview:-1"},"canonical":"https:\/\/hartico.ee\/lt\/product\/atramine-plokstele-gs-ng\/","og_locale":"lt_LT","og_type":"article","og_title":"Atramin\u0117 plok\u0161tel\u0117 GS-NG","og_description":"tugiplaat, trepik\u00e4ru, trepironija, liftkar, liftkar sal, sano, sano baltic, hartico, trepikaru, trepi karu, trepi k\u00e4ru, trepit\u00f5stuk, trepitostuk, trepi t\u00f5stuk, lift, kauba lift, k\u00e4ru, laok\u00e4ru, kaubak\u00e4ru, kauba k\u00e4ru, treppensteiger, stairclimber","og_url":"https:\/\/hartico.ee\/lt\/product\/atramine-plokstele-gs-ng\/","og_site_name":"Hartico","article_publisher":"https:\/\/www.facebook.com\/SANOTransportgeraeteBaltics\/","article_modified_time":"2019-10-15T07:51:18+00:00","og_image":[{"width":270,"height":200,"url":"https:\/\/hartico.ee\/wp-content\/uploads\/2014\/12\/p-3535-p-3533-p-3531-p-3529-sano-treppensteiger-liftkar-sal-schaufel-gs-ng.jpg","type":"image\/jpeg"}],"twitter_card":"summary_large_image","schema":{"@context":"https:\/\/schema.org","@graph":[{"@type":"WebPage","@id":"https:\/\/hartico.ee\/lt\/product\/atramine-plokstele-gs-ng\/","url":"https:\/\/hartico.ee\/lt\/product\/atramine-plokstele-gs-ng\/","name":"Atramin\u0117 plok\u0161tel\u0117 GS-NG","isPartOf":{"@id":"https:\/\/hartico.ee\/lt\/#website"},"primaryImageOfPage":{"@id":"https:\/\/hartico.ee\/lt\/product\/atramine-plokstele-gs-ng\/#primaryimage"},"image":{"@id":"https:\/\/hartico.ee\/lt\/product\/atramine-plokstele-gs-ng\/#primaryimage"},"thumbnailUrl":"https:\/\/hartico.ee\/wp-content\/uploads\/2014\/12\/p-3535-p-3533-p-3531-p-3529-sano-treppensteiger-liftkar-sal-schaufel-gs-ng.jpg","datePublished":"2014-12-18T08:57:47+00:00","dateModified":"2019-10-15T07:51:18+00:00","description":"tugiplaat, trepik\u00e4ru, trepironija, liftkar, liftkar sal, sano, sano baltic, hartico, trepikaru, trepi karu, trepi k\u00e4ru, trepit\u00f5stuk, trepitostuk, trepi t\u00f5stuk, lift, kauba lift, k\u00e4ru, laok\u00e4ru, kaubak\u00e4ru, kauba k\u00e4ru, treppensteiger, stairclimber","breadcrumb":{"@id":"https:\/\/hartico.ee\/lt\/product\/atramine-plokstele-gs-ng\/#breadcrumb"},"inLanguage":"lt-LT","potentialAction":[{"@type":"ReadAction","target":["https:\/\/hartico.ee\/lt\/product\/atramine-plokstele-gs-ng\/"]}]},{"@type":"ImageObject","inLanguage":"lt-LT","@id":"https:\/\/hartico.ee\/lt\/product\/atramine-plokstele-gs-ng\/#primaryimage","url":"https:\/\/hartico.ee\/wp-content\/uploads\/2014\/12\/p-3535-p-3533-p-3531-p-3529-sano-treppensteiger-liftkar-sal-schaufel-gs-ng.jpg","contentUrl":"https:\/\/hartico.ee\/wp-content\/uploads\/2014\/12\/p-3535-p-3533-p-3531-p-3529-sano-treppensteiger-liftkar-sal-schaufel-gs-ng.jpg","width":270,"height":200,"caption":"Atramin\u0117 plok\u0161tel\u0117 GS-NG"},{"@type":"BreadcrumbList","@id":"https:\/\/hartico.ee\/lt\/product\/atramine-plokstele-gs-ng\/#breadcrumb","itemListElement":[{"@type":"ListItem","position":1,"name":"Esileht","item":"https:\/\/hartico.ee\/lt\/"},{"@type":"ListItem","position":2,"name":"Prek\u0117s","item":"https:\/\/hartico.ee\/lt\/shop\/"},{"@type":"ListItem","position":3,"name":"Atramin\u0117 plok\u0161tel\u0117 GS-NG"}]},{"@type":"WebSite","@id":"https:\/\/hartico.ee\/lt\/#website","url":"https:\/\/hartico.ee\/lt\/","name":"Hartico","description":"Lifting and moving systems LIFTKAR, Xetto, Expresso","publisher":{"@id":"https:\/\/hartico.ee\/lt\/#organization"},"potentialAction":[{"@type":"SearchAction","target":{"@type":"EntryPoint","urlTemplate":"https:\/\/hartico.ee\/lt\/?s={search_term_string}"},"query-input":{"@type":"PropertyValueSpecification","valueRequired":true,"valueName":"search_term_string"}}],"inLanguage":"lt-LT"},{"@type":"Organization","@id":"https:\/\/hartico.ee\/lt\/#organization","name":"Hartico","url":"https:\/\/hartico.ee\/lt\/","logo":{"@type":"ImageObject","inLanguage":"lt-LT","@id":"https:\/\/hartico.ee\/lt\/#\/schema\/logo\/image\/","url":"https:\/\/hartico.ee\/wp-content\/uploads\/2018\/11\/hartico_logo_with_slogan_onecolor.svg","contentUrl":"https:\/\/hartico.ee\/wp-content\/uploads\/2018\/11\/hartico_logo_with_slogan_onecolor.svg","width":424,"height":157,"caption":"Hartico"},"image":{"@id":"https:\/\/hartico.ee\/lt\/#\/schema\/logo\/image\/"},"sameAs":["https:\/\/www.facebook.com\/SANOTransportgeraeteBaltics\/"]}]}},"_links":{"self":[{"href":"https:\/\/hartico.ee\/lt\/wp-json\/wp\/v2\/product\/3535","targetHints":{"allow":["GET"]}}],"collection":[{"href":"https:\/\/hartico.ee\/lt\/wp-json\/wp\/v2\/product"}],"about":[{"href":"https:\/\/hartico.ee\/lt\/wp-json\/wp\/v2\/types\/product"}],"wp:featuredmedia":[{"embeddable":true,"href":"https:\/\/hartico.ee\/lt\/wp-json\/wp\/v2\/media\/3536"}],"wp:attachment":[{"href":"https:\/\/hartico.ee\/lt\/wp-json\/wp\/v2\/media?parent=3535"}],"wp:term":[{"taxonomy":"product_brand","embeddable":true,"href":"https:\/\/hartico.ee\/lt\/wp-json\/wp\/v2\/product_brand?post=3535"},{"taxonomy":"product_cat","embeddable":true,"href":"https:\/\/hartico.ee\/lt\/wp-json\/wp\/v2\/product_cat?post=3535"},{"taxonomy":"product_tag","embeddable":true,"href":"https:\/\/hartico.ee\/lt\/wp-json\/wp\/v2\/product_tag?post=3535"}],"curies":[{"name":"wp","href":"https:\/\/api.w.org\/{rel}","templated":true}]}}