{"id":3495,"date":"2014-12-09T11:46:06","date_gmt":"2014-12-09T09:46:06","guid":{"rendered":"http:\/\/hartico.path.ee\/?post_type=product&#038;p=3495"},"modified":"2023-05-10T16:21:51","modified_gmt":"2023-05-10T14:21:51","slug":"atramine-plokstele-su-ratukais-xl-550x535mm","status":"publish","type":"product","link":"https:\/\/hartico.ee\/lt\/product\/atramine-plokstele-su-ratukais-xl-550x535mm\/","title":{"rendered":"Atramin\u0117 plok\u0161tel\u0117 su ratukais XL 550X535mm"},"content":{"rendered":"<p>Atramin\u0117 plok\u0161tel\u0117 su ratukais XL 550X535mm Liftkar HD&#8230;<\/p>\n<p>&#8230;skirtas manevruoti krovinius siaurose erdv\u0117se.<\/p>\n<p>Keliamoji galia 360 kg.<\/p>\n<p>Liftkar HD papildoma atramin\u0117 plok\u0161t\u0117 vertikaliam krovinio jud\u0117jimui su ratais<br \/>\nSuteikia darbuotojui ypating\u0105 mobilum\u0105 montuojant kavos aparatus, prekybos automatus ir seifus.<\/p>\n","protected":false},"excerpt":{"rendered":"<p>Atramin\u0117 plok\u0161tel\u0117 su ratukais XL 550X535mm Liftkar HD&#8230; &#8230;skirtas manevruoti krovinius siaurose erdv\u0117se. Keliamoji galia 360 kg. Liftkar HD papildoma atramin\u0117 plok\u0161t\u0117 vertikaliam krovinio jud\u0117jimui su ratais Suteikia darbuotojui ypating\u0105 mobilum\u0105 montuojant kavos aparatus, prekybos automatus ir seifus.<\/p>\n","protected":false},"featured_media":19434,"template":"","meta":{"_acf_changed":false,"inline_featured_image":false},"product_brand":[],"product_cat":[66,61],"product_tag":[],"class_list":{"0":"post-3495","1":"product","2":"type-product","3":"status-publish","4":"has-post-thumbnail","6":"product_cat-liftkar-modulkar-papildomi-elementai","7":"product_cat-atramin-plokstel","9":"first","10":"instock","11":"taxable","12":"shipping-taxable","13":"product-type-simple"},"acf":[],"yoast_head":"<!-- This site is optimized with the Yoast SEO plugin v27.3 - https:\/\/yoast.com\/product\/yoast-seo-wordpress\/ -->\n<title>Atramin\u0117 plok\u0161tel\u0117 su ratukais XL 550X535mm<\/title>\n<meta name=\"description\" content=\"Atramin\u0117 plok\u0161tel\u0117 su ratukais XL 550X535mm. Suteikia darbuotojui ypating\u0105 mobilum\u0105 montuojant kavos aparatus, prekybos automatus ir seifus.\" \/>\n<meta name=\"robots\" content=\"index, follow, max-snippet:-1, max-image-preview:large, max-video-preview:-1\" \/>\n<link rel=\"canonical\" href=\"https:\/\/hartico.ee\/lt\/product\/atramine-plokstele-su-ratukais-xl-550x535mm\/\" \/>\n<meta property=\"og:locale\" content=\"lt_LT\" \/>\n<meta property=\"og:type\" content=\"article\" \/>\n<meta property=\"og:title\" content=\"Atramin\u0117 plok\u0161tel\u0117 su ratukais XL 550X535mm\" \/>\n<meta property=\"og:description\" content=\"Atramin\u0117 plok\u0161tel\u0117 su ratukais XL 550X535mm. Suteikia darbuotojui ypating\u0105 mobilum\u0105 montuojant kavos aparatus, prekybos automatus ir seifus.\" \/>\n<meta property=\"og:url\" content=\"https:\/\/hartico.ee\/lt\/product\/atramine-plokstele-su-ratukais-xl-550x535mm\/\" \/>\n<meta property=\"og:site_name\" content=\"Hartico\" \/>\n<meta property=\"article:publisher\" content=\"https:\/\/www.facebook.com\/SANOTransportgeraeteBaltics\/\" \/>\n<meta property=\"article:modified_time\" content=\"2023-05-10T14:21:51+00:00\" \/>\n<meta property=\"og:image\" content=\"https:\/\/hartico.ee\/wp-content\/uploads\/2014\/12\/Ratastega-tugiplaat-XL-550X535mm-LIFTKAR-HD.jpg\" \/>\n\t<meta property=\"og:image:width\" content=\"500\" \/>\n\t<meta property=\"og:image:height\" content=\"320\" \/>\n\t<meta property=\"og:image:type\" content=\"image\/jpeg\" \/>\n<meta name=\"twitter:card\" content=\"summary_large_image\" \/>\n<meta name=\"twitter:label1\" content=\"Est. reading time\" \/>\n\t<meta name=\"twitter:data1\" content=\"1 minut\u0117\" \/>\n<script type=\"application\/ld+json\" class=\"yoast-schema-graph\">{\"@context\":\"https:\\\/\\\/schema.org\",\"@graph\":[{\"@type\":\"WebPage\",\"@id\":\"https:\\\/\\\/hartico.ee\\\/lt\\\/product\\\/atramine-plokstele-su-ratukais-xl-550x535mm\\\/\",\"url\":\"https:\\\/\\\/hartico.ee\\\/lt\\\/product\\\/atramine-plokstele-su-ratukais-xl-550x535mm\\\/\",\"name\":\"Atramin\u0117 plok\u0161tel\u0117 su ratukais XL 550X535mm\",\"isPartOf\":{\"@id\":\"https:\\\/\\\/hartico.ee\\\/lt\\\/#website\"},\"primaryImageOfPage\":{\"@id\":\"https:\\\/\\\/hartico.ee\\\/lt\\\/product\\\/atramine-plokstele-su-ratukais-xl-550x535mm\\\/#primaryimage\"},\"image\":{\"@id\":\"https:\\\/\\\/hartico.ee\\\/lt\\\/product\\\/atramine-plokstele-su-ratukais-xl-550x535mm\\\/#primaryimage\"},\"thumbnailUrl\":\"https:\\\/\\\/hartico.ee\\\/wp-content\\\/uploads\\\/2014\\\/12\\\/Ratastega-tugiplaat-XL-550X535mm-LIFTKAR-HD.jpg\",\"datePublished\":\"2014-12-09T09:46:06+00:00\",\"dateModified\":\"2023-05-10T14:21:51+00:00\",\"description\":\"Atramin\u0117 plok\u0161tel\u0117 su ratukais XL 550X535mm. Suteikia darbuotojui ypating\u0105 mobilum\u0105 montuojant kavos aparatus, prekybos automatus ir seifus.\",\"breadcrumb\":{\"@id\":\"https:\\\/\\\/hartico.ee\\\/lt\\\/product\\\/atramine-plokstele-su-ratukais-xl-550x535mm\\\/#breadcrumb\"},\"inLanguage\":\"lt-LT\",\"potentialAction\":[{\"@type\":\"ReadAction\",\"target\":[\"https:\\\/\\\/hartico.ee\\\/lt\\\/product\\\/atramine-plokstele-su-ratukais-xl-550x535mm\\\/\"]}]},{\"@type\":\"ImageObject\",\"inLanguage\":\"lt-LT\",\"@id\":\"https:\\\/\\\/hartico.ee\\\/lt\\\/product\\\/atramine-plokstele-su-ratukais-xl-550x535mm\\\/#primaryimage\",\"url\":\"https:\\\/\\\/hartico.ee\\\/wp-content\\\/uploads\\\/2014\\\/12\\\/Ratastega-tugiplaat-XL-550X535mm-LIFTKAR-HD.jpg\",\"contentUrl\":\"https:\\\/\\\/hartico.ee\\\/wp-content\\\/uploads\\\/2014\\\/12\\\/Ratastega-tugiplaat-XL-550X535mm-LIFTKAR-HD.jpg\",\"width\":500,\"height\":320,\"caption\":\"Ratastega tugiplaat 550X535mm LiftkarHD\"},{\"@type\":\"BreadcrumbList\",\"@id\":\"https:\\\/\\\/hartico.ee\\\/lt\\\/product\\\/atramine-plokstele-su-ratukais-xl-550x535mm\\\/#breadcrumb\",\"itemListElement\":[{\"@type\":\"ListItem\",\"position\":1,\"name\":\"Esileht\",\"item\":\"https:\\\/\\\/hartico.ee\\\/lt\\\/\"},{\"@type\":\"ListItem\",\"position\":2,\"name\":\"Prek\u0117s\",\"item\":\"https:\\\/\\\/hartico.ee\\\/lt\\\/shop\\\/\"},{\"@type\":\"ListItem\",\"position\":3,\"name\":\"Atramin\u0117 plok\u0161tel\u0117 su ratukais XL 550X535mm\"}]},{\"@type\":\"WebSite\",\"@id\":\"https:\\\/\\\/hartico.ee\\\/lt\\\/#website\",\"url\":\"https:\\\/\\\/hartico.ee\\\/lt\\\/\",\"name\":\"Hartico\",\"description\":\"Lifting and moving systems LIFTKAR, Xetto, Expresso\",\"publisher\":{\"@id\":\"https:\\\/\\\/hartico.ee\\\/lt\\\/#organization\"},\"potentialAction\":[{\"@type\":\"SearchAction\",\"target\":{\"@type\":\"EntryPoint\",\"urlTemplate\":\"https:\\\/\\\/hartico.ee\\\/lt\\\/?s={search_term_string}\"},\"query-input\":{\"@type\":\"PropertyValueSpecification\",\"valueRequired\":true,\"valueName\":\"search_term_string\"}}],\"inLanguage\":\"lt-LT\"},{\"@type\":\"Organization\",\"@id\":\"https:\\\/\\\/hartico.ee\\\/lt\\\/#organization\",\"name\":\"Hartico\",\"url\":\"https:\\\/\\\/hartico.ee\\\/lt\\\/\",\"logo\":{\"@type\":\"ImageObject\",\"inLanguage\":\"lt-LT\",\"@id\":\"https:\\\/\\\/hartico.ee\\\/lt\\\/#\\\/schema\\\/logo\\\/image\\\/\",\"url\":\"https:\\\/\\\/hartico.ee\\\/wp-content\\\/uploads\\\/2018\\\/11\\\/hartico_logo_with_slogan_onecolor.svg\",\"contentUrl\":\"https:\\\/\\\/hartico.ee\\\/wp-content\\\/uploads\\\/2018\\\/11\\\/hartico_logo_with_slogan_onecolor.svg\",\"width\":424,\"height\":157,\"caption\":\"Hartico\"},\"image\":{\"@id\":\"https:\\\/\\\/hartico.ee\\\/lt\\\/#\\\/schema\\\/logo\\\/image\\\/\"},\"sameAs\":[\"https:\\\/\\\/www.facebook.com\\\/SANOTransportgeraeteBaltics\\\/\"]}]}<\/script>\n<!-- \/ Yoast SEO plugin. -->","yoast_head_json":{"title":"Atramin\u0117 plok\u0161tel\u0117 su ratukais XL 550X535mm","description":"Atramin\u0117 plok\u0161tel\u0117 su ratukais XL 550X535mm. Suteikia darbuotojui ypating\u0105 mobilum\u0105 montuojant kavos aparatus, prekybos automatus ir seifus.","robots":{"index":"index","follow":"follow","max-snippet":"max-snippet:-1","max-image-preview":"max-image-preview:large","max-video-preview":"max-video-preview:-1"},"canonical":"https:\/\/hartico.ee\/lt\/product\/atramine-plokstele-su-ratukais-xl-550x535mm\/","og_locale":"lt_LT","og_type":"article","og_title":"Atramin\u0117 plok\u0161tel\u0117 su ratukais XL 550X535mm","og_description":"Atramin\u0117 plok\u0161tel\u0117 su ratukais XL 550X535mm. Suteikia darbuotojui ypating\u0105 mobilum\u0105 montuojant kavos aparatus, prekybos automatus ir seifus.","og_url":"https:\/\/hartico.ee\/lt\/product\/atramine-plokstele-su-ratukais-xl-550x535mm\/","og_site_name":"Hartico","article_publisher":"https:\/\/www.facebook.com\/SANOTransportgeraeteBaltics\/","article_modified_time":"2023-05-10T14:21:51+00:00","og_image":[{"width":500,"height":320,"url":"https:\/\/hartico.ee\/wp-content\/uploads\/2014\/12\/Ratastega-tugiplaat-XL-550X535mm-LIFTKAR-HD.jpg","type":"image\/jpeg"}],"twitter_card":"summary_large_image","twitter_misc":{"Est. reading time":"1 minut\u0117"},"schema":{"@context":"https:\/\/schema.org","@graph":[{"@type":"WebPage","@id":"https:\/\/hartico.ee\/lt\/product\/atramine-plokstele-su-ratukais-xl-550x535mm\/","url":"https:\/\/hartico.ee\/lt\/product\/atramine-plokstele-su-ratukais-xl-550x535mm\/","name":"Atramin\u0117 plok\u0161tel\u0117 su ratukais XL 550X535mm","isPartOf":{"@id":"https:\/\/hartico.ee\/lt\/#website"},"primaryImageOfPage":{"@id":"https:\/\/hartico.ee\/lt\/product\/atramine-plokstele-su-ratukais-xl-550x535mm\/#primaryimage"},"image":{"@id":"https:\/\/hartico.ee\/lt\/product\/atramine-plokstele-su-ratukais-xl-550x535mm\/#primaryimage"},"thumbnailUrl":"https:\/\/hartico.ee\/wp-content\/uploads\/2014\/12\/Ratastega-tugiplaat-XL-550X535mm-LIFTKAR-HD.jpg","datePublished":"2014-12-09T09:46:06+00:00","dateModified":"2023-05-10T14:21:51+00:00","description":"Atramin\u0117 plok\u0161tel\u0117 su ratukais XL 550X535mm. Suteikia darbuotojui ypating\u0105 mobilum\u0105 montuojant kavos aparatus, prekybos automatus ir seifus.","breadcrumb":{"@id":"https:\/\/hartico.ee\/lt\/product\/atramine-plokstele-su-ratukais-xl-550x535mm\/#breadcrumb"},"inLanguage":"lt-LT","potentialAction":[{"@type":"ReadAction","target":["https:\/\/hartico.ee\/lt\/product\/atramine-plokstele-su-ratukais-xl-550x535mm\/"]}]},{"@type":"ImageObject","inLanguage":"lt-LT","@id":"https:\/\/hartico.ee\/lt\/product\/atramine-plokstele-su-ratukais-xl-550x535mm\/#primaryimage","url":"https:\/\/hartico.ee\/wp-content\/uploads\/2014\/12\/Ratastega-tugiplaat-XL-550X535mm-LIFTKAR-HD.jpg","contentUrl":"https:\/\/hartico.ee\/wp-content\/uploads\/2014\/12\/Ratastega-tugiplaat-XL-550X535mm-LIFTKAR-HD.jpg","width":500,"height":320,"caption":"Ratastega tugiplaat 550X535mm LiftkarHD"},{"@type":"BreadcrumbList","@id":"https:\/\/hartico.ee\/lt\/product\/atramine-plokstele-su-ratukais-xl-550x535mm\/#breadcrumb","itemListElement":[{"@type":"ListItem","position":1,"name":"Esileht","item":"https:\/\/hartico.ee\/lt\/"},{"@type":"ListItem","position":2,"name":"Prek\u0117s","item":"https:\/\/hartico.ee\/lt\/shop\/"},{"@type":"ListItem","position":3,"name":"Atramin\u0117 plok\u0161tel\u0117 su ratukais XL 550X535mm"}]},{"@type":"WebSite","@id":"https:\/\/hartico.ee\/lt\/#website","url":"https:\/\/hartico.ee\/lt\/","name":"Hartico","description":"Lifting and moving systems LIFTKAR, Xetto, Expresso","publisher":{"@id":"https:\/\/hartico.ee\/lt\/#organization"},"potentialAction":[{"@type":"SearchAction","target":{"@type":"EntryPoint","urlTemplate":"https:\/\/hartico.ee\/lt\/?s={search_term_string}"},"query-input":{"@type":"PropertyValueSpecification","valueRequired":true,"valueName":"search_term_string"}}],"inLanguage":"lt-LT"},{"@type":"Organization","@id":"https:\/\/hartico.ee\/lt\/#organization","name":"Hartico","url":"https:\/\/hartico.ee\/lt\/","logo":{"@type":"ImageObject","inLanguage":"lt-LT","@id":"https:\/\/hartico.ee\/lt\/#\/schema\/logo\/image\/","url":"https:\/\/hartico.ee\/wp-content\/uploads\/2018\/11\/hartico_logo_with_slogan_onecolor.svg","contentUrl":"https:\/\/hartico.ee\/wp-content\/uploads\/2018\/11\/hartico_logo_with_slogan_onecolor.svg","width":424,"height":157,"caption":"Hartico"},"image":{"@id":"https:\/\/hartico.ee\/lt\/#\/schema\/logo\/image\/"},"sameAs":["https:\/\/www.facebook.com\/SANOTransportgeraeteBaltics\/"]}]}},"_links":{"self":[{"href":"https:\/\/hartico.ee\/lt\/wp-json\/wp\/v2\/product\/3495","targetHints":{"allow":["GET"]}}],"collection":[{"href":"https:\/\/hartico.ee\/lt\/wp-json\/wp\/v2\/product"}],"about":[{"href":"https:\/\/hartico.ee\/lt\/wp-json\/wp\/v2\/types\/product"}],"wp:featuredmedia":[{"embeddable":true,"href":"https:\/\/hartico.ee\/lt\/wp-json\/wp\/v2\/media\/19434"}],"wp:attachment":[{"href":"https:\/\/hartico.ee\/lt\/wp-json\/wp\/v2\/media?parent=3495"}],"wp:term":[{"taxonomy":"product_brand","embeddable":true,"href":"https:\/\/hartico.ee\/lt\/wp-json\/wp\/v2\/product_brand?post=3495"},{"taxonomy":"product_cat","embeddable":true,"href":"https:\/\/hartico.ee\/lt\/wp-json\/wp\/v2\/product_cat?post=3495"},{"taxonomy":"product_tag","embeddable":true,"href":"https:\/\/hartico.ee\/lt\/wp-json\/wp\/v2\/product_tag?post=3495"}],"curies":[{"name":"wp","href":"https:\/\/api.w.org\/{rel}","templated":true}]}}