{"id":3205,"date":"2014-11-03T20:14:52","date_gmt":"2014-11-03T18:14:52","guid":{"rendered":"http:\/\/hartico.path.ee\/?post_type=product&#038;p=3205"},"modified":"2017-02-17T14:34:08","modified_gmt":"2017-02-17T12:34:08","slug":"modulkar-06-3","status":"publish","type":"product","link":"https:\/\/hartico.ee\/lt\/product\/modulkar-06-3\/","title":{"rendered":"Modulkar 06"},"content":{"rendered":"<p>MODULKAR galima optimaliai pritaikyti \u012fvairioms transportavimo situacijoms. Maksimali keliamoji galia yra 300 kg.<br \/>\n&nbsp;<\/p>\n<ul>\n<li>Patentuota vamzdelin\u0117 kry\u017em\u0117<\/li>\n<li>Ratukai perjungiami tvirtinant viena ver\u017ele<\/li>\n<li>Itin tvirtas ratuk\u0173 r\u0117mas<\/li>\n<li>A\u0161is sujungta su atraminiais statrams\u010diais<\/li>\n<li>Moderni atramin\u0117 plok\u0161tel\u0117 saugo nuo tar\u0161k\u0117jimo<\/li>\n<li>Dviej\u0173 dali\u0173 padangos \u2013 tvirtinamos ant rutulini\u0173 guoli\u0173<\/li>\n<li>Ranken\u0117l\u0117s su ner\u016bdijan\u010diojo plieno spaustukais<\/li>\n<\/ul>\n<div>\n<h4>&nbsp;<\/h4>\n<h4>APRA\u0160YMAS<\/h4>\n<\/div>\n<p>Patentuota vamzdelin\u0117 kry\u017eme su dviguba centrine jungtimi rei\u0161kia, kad var\u017etai praki\u0161ami tiesiog kiaurai. Vidinis griovelis u\u017etikrina didesn\u012f stabilum\u0105. Tvirtos ratuk\u0173 jungtys ir vos 8 cm vir\u0161 \u017eem\u0117s i\u0161kelta jungiamoji a\u0161is u\u017etikrina k\u0117limo paprastum\u0105. Reikia tik vieno torcinio rakto, nes visame mechanizme naudojami vienodi torciniai var\u017etai.<br \/>\n&nbsp;<br \/>\nSintetin\u0117 tarpin\u0117 ir gaubta spyruokl\u0117 saugo atramin\u0119 plok\u0161tel\u0119 nuo tar\u0161k\u0117jimo. Ratukus su var\u017etais sujungtomis dvigubomis padangomis paprasta pakeisti. Galima naudoti ir nuo prad\u016brim\u0173 apsaugotas padangas. Ratai kei\u010diami vos vienu var\u017etu \u2013 Formul\u0117s 1 stiliumi! Ratai montuojami ant pramonin\u0117s klas\u0117s rutulini\u0173 guoli\u0173.<\/p>\n<p>&nbsp;<\/p>\n","protected":false},"excerpt":{"rendered":"<p>MODULKAR galima optimaliai pritaikyti \u012fvairioms transportavimo situacijoms. Maksimali keliamoji galia yra 300 kg. &nbsp; Patentuota vamzdelin\u0117 kry\u017em\u0117 Ratukai perjungiami tvirtinant viena ver\u017ele Itin tvirtas ratuk\u0173 r\u0117mas A\u0161is sujungta su atraminiais statrams\u010diais Moderni atramin\u0117 plok\u0161tel\u0117 saugo nuo tar\u0161k\u0117jimo Dviej\u0173 dali\u0173 padangos \u2013 tvirtinamos ant rutulini\u0173 guoli\u0173 Ranken\u0117l\u0117s su ner\u016bdijan\u010diojo plieno spaustukais &nbsp; APRA\u0160YMAS Patentuota vamzdelin\u0117 kry\u017eme [&hellip;]<\/p>\n","protected":false},"featured_media":3206,"template":"","meta":{"_acf_changed":false,"inline_featured_image":false},"product_brand":[],"product_cat":[56],"product_tag":[],"class_list":{"0":"post-3205","1":"product","2":"type-product","3":"status-publish","4":"has-post-thumbnail","6":"product_cat-vezimeliai-kroviniams-modulkar-300","8":"first","9":"instock","10":"taxable","11":"shipping-taxable","12":"product-type-simple"},"acf":[],"yoast_head":"<!-- This site is optimized with the Yoast SEO plugin v27.3 - https:\/\/yoast.com\/product\/yoast-seo-wordpress\/ -->\n<title>Modulkar 06<\/title>\n<meta name=\"description\" content=\"modulkar, veekanistri k\u00e4ru, veepudeli k\u00e4ru, sano, laok\u00e4ru, kaubak\u00e4ru,\" \/>\n<meta name=\"robots\" content=\"index, follow, max-snippet:-1, max-image-preview:large, max-video-preview:-1\" \/>\n<link rel=\"canonical\" href=\"https:\/\/hartico.ee\/lt\/product\/modulkar-06-3\/\" \/>\n<meta property=\"og:locale\" content=\"lt_LT\" \/>\n<meta property=\"og:type\" content=\"article\" \/>\n<meta property=\"og:title\" content=\"Modulkar 06\" \/>\n<meta property=\"og:description\" content=\"modulkar, veekanistri k\u00e4ru, veepudeli k\u00e4ru, sano, laok\u00e4ru, kaubak\u00e4ru,\" \/>\n<meta property=\"og:url\" content=\"https:\/\/hartico.ee\/lt\/product\/modulkar-06-3\/\" \/>\n<meta property=\"og:site_name\" content=\"Hartico\" \/>\n<meta property=\"article:publisher\" content=\"https:\/\/www.facebook.com\/SANOTransportgeraeteBaltics\/\" \/>\n<meta property=\"article:modified_time\" content=\"2017-02-17T12:34:08+00:00\" \/>\n<meta property=\"og:image\" content=\"https:\/\/hartico.ee\/wp-content\/uploads\/2016\/03\/p-3205-p-3198-p-3191-p-3184-Modulkar-06-Pudelik\u00e4ru.bmp.jpg\" \/>\n\t<meta property=\"og:image:width\" content=\"756\" \/>\n\t<meta property=\"og:image:height\" content=\"1181\" \/>\n\t<meta property=\"og:image:type\" content=\"image\/jpeg\" \/>\n<meta name=\"twitter:card\" content=\"summary_large_image\" \/>\n<meta name=\"twitter:label1\" content=\"Est. reading time\" \/>\n\t<meta name=\"twitter:data1\" content=\"1 minut\u0117\" \/>\n<script type=\"application\/ld+json\" class=\"yoast-schema-graph\">{\"@context\":\"https:\\\/\\\/schema.org\",\"@graph\":[{\"@type\":\"WebPage\",\"@id\":\"https:\\\/\\\/hartico.ee\\\/lt\\\/product\\\/modulkar-06-3\\\/\",\"url\":\"https:\\\/\\\/hartico.ee\\\/lt\\\/product\\\/modulkar-06-3\\\/\",\"name\":\"Modulkar 06\",\"isPartOf\":{\"@id\":\"https:\\\/\\\/hartico.ee\\\/lt\\\/#website\"},\"primaryImageOfPage\":{\"@id\":\"https:\\\/\\\/hartico.ee\\\/lt\\\/product\\\/modulkar-06-3\\\/#primaryimage\"},\"image\":{\"@id\":\"https:\\\/\\\/hartico.ee\\\/lt\\\/product\\\/modulkar-06-3\\\/#primaryimage\"},\"thumbnailUrl\":\"https:\\\/\\\/hartico.ee\\\/wp-content\\\/uploads\\\/2016\\\/03\\\/p-3205-p-3198-p-3191-p-3184-Modulkar-06-Pudelik\u00e4ru.bmp.jpg\",\"datePublished\":\"2014-11-03T18:14:52+00:00\",\"dateModified\":\"2017-02-17T12:34:08+00:00\",\"description\":\"modulkar, veekanistri k\u00e4ru, veepudeli k\u00e4ru, sano, laok\u00e4ru, kaubak\u00e4ru,\",\"breadcrumb\":{\"@id\":\"https:\\\/\\\/hartico.ee\\\/lt\\\/product\\\/modulkar-06-3\\\/#breadcrumb\"},\"inLanguage\":\"lt-LT\",\"potentialAction\":[{\"@type\":\"ReadAction\",\"target\":[\"https:\\\/\\\/hartico.ee\\\/lt\\\/product\\\/modulkar-06-3\\\/\"]}]},{\"@type\":\"ImageObject\",\"inLanguage\":\"lt-LT\",\"@id\":\"https:\\\/\\\/hartico.ee\\\/lt\\\/product\\\/modulkar-06-3\\\/#primaryimage\",\"url\":\"https:\\\/\\\/hartico.ee\\\/wp-content\\\/uploads\\\/2016\\\/03\\\/p-3205-p-3198-p-3191-p-3184-Modulkar-06-Pudelik\u00e4ru.bmp.jpg\",\"contentUrl\":\"https:\\\/\\\/hartico.ee\\\/wp-content\\\/uploads\\\/2016\\\/03\\\/p-3205-p-3198-p-3191-p-3184-Modulkar-06-Pudelik\u00e4ru.bmp.jpg\",\"width\":756,\"height\":1181,\"caption\":\"Modulkar 06\"},{\"@type\":\"BreadcrumbList\",\"@id\":\"https:\\\/\\\/hartico.ee\\\/lt\\\/product\\\/modulkar-06-3\\\/#breadcrumb\",\"itemListElement\":[{\"@type\":\"ListItem\",\"position\":1,\"name\":\"Esileht\",\"item\":\"https:\\\/\\\/hartico.ee\\\/lt\\\/\"},{\"@type\":\"ListItem\",\"position\":2,\"name\":\"Prek\u0117s\",\"item\":\"https:\\\/\\\/hartico.ee\\\/lt\\\/shop\\\/\"},{\"@type\":\"ListItem\",\"position\":3,\"name\":\"Modulkar 06\"}]},{\"@type\":\"WebSite\",\"@id\":\"https:\\\/\\\/hartico.ee\\\/lt\\\/#website\",\"url\":\"https:\\\/\\\/hartico.ee\\\/lt\\\/\",\"name\":\"Hartico\",\"description\":\"Lifting and moving systems LIFTKAR, Xetto, Expresso\",\"publisher\":{\"@id\":\"https:\\\/\\\/hartico.ee\\\/lt\\\/#organization\"},\"potentialAction\":[{\"@type\":\"SearchAction\",\"target\":{\"@type\":\"EntryPoint\",\"urlTemplate\":\"https:\\\/\\\/hartico.ee\\\/lt\\\/?s={search_term_string}\"},\"query-input\":{\"@type\":\"PropertyValueSpecification\",\"valueRequired\":true,\"valueName\":\"search_term_string\"}}],\"inLanguage\":\"lt-LT\"},{\"@type\":\"Organization\",\"@id\":\"https:\\\/\\\/hartico.ee\\\/lt\\\/#organization\",\"name\":\"Hartico\",\"url\":\"https:\\\/\\\/hartico.ee\\\/lt\\\/\",\"logo\":{\"@type\":\"ImageObject\",\"inLanguage\":\"lt-LT\",\"@id\":\"https:\\\/\\\/hartico.ee\\\/lt\\\/#\\\/schema\\\/logo\\\/image\\\/\",\"url\":\"https:\\\/\\\/hartico.ee\\\/wp-content\\\/uploads\\\/2018\\\/11\\\/hartico_logo_with_slogan_onecolor.svg\",\"contentUrl\":\"https:\\\/\\\/hartico.ee\\\/wp-content\\\/uploads\\\/2018\\\/11\\\/hartico_logo_with_slogan_onecolor.svg\",\"width\":424,\"height\":157,\"caption\":\"Hartico\"},\"image\":{\"@id\":\"https:\\\/\\\/hartico.ee\\\/lt\\\/#\\\/schema\\\/logo\\\/image\\\/\"},\"sameAs\":[\"https:\\\/\\\/www.facebook.com\\\/SANOTransportgeraeteBaltics\\\/\"]}]}<\/script>\n<!-- \/ Yoast SEO plugin. -->","yoast_head_json":{"title":"Modulkar 06","description":"modulkar, veekanistri k\u00e4ru, veepudeli k\u00e4ru, sano, laok\u00e4ru, kaubak\u00e4ru,","robots":{"index":"index","follow":"follow","max-snippet":"max-snippet:-1","max-image-preview":"max-image-preview:large","max-video-preview":"max-video-preview:-1"},"canonical":"https:\/\/hartico.ee\/lt\/product\/modulkar-06-3\/","og_locale":"lt_LT","og_type":"article","og_title":"Modulkar 06","og_description":"modulkar, veekanistri k\u00e4ru, veepudeli k\u00e4ru, sano, laok\u00e4ru, kaubak\u00e4ru,","og_url":"https:\/\/hartico.ee\/lt\/product\/modulkar-06-3\/","og_site_name":"Hartico","article_publisher":"https:\/\/www.facebook.com\/SANOTransportgeraeteBaltics\/","article_modified_time":"2017-02-17T12:34:08+00:00","og_image":[{"width":756,"height":1181,"url":"https:\/\/hartico.ee\/wp-content\/uploads\/2016\/03\/p-3205-p-3198-p-3191-p-3184-Modulkar-06-Pudelik\u00e4ru.bmp.jpg","type":"image\/jpeg"}],"twitter_card":"summary_large_image","twitter_misc":{"Est. reading time":"1 minut\u0117"},"schema":{"@context":"https:\/\/schema.org","@graph":[{"@type":"WebPage","@id":"https:\/\/hartico.ee\/lt\/product\/modulkar-06-3\/","url":"https:\/\/hartico.ee\/lt\/product\/modulkar-06-3\/","name":"Modulkar 06","isPartOf":{"@id":"https:\/\/hartico.ee\/lt\/#website"},"primaryImageOfPage":{"@id":"https:\/\/hartico.ee\/lt\/product\/modulkar-06-3\/#primaryimage"},"image":{"@id":"https:\/\/hartico.ee\/lt\/product\/modulkar-06-3\/#primaryimage"},"thumbnailUrl":"https:\/\/hartico.ee\/wp-content\/uploads\/2016\/03\/p-3205-p-3198-p-3191-p-3184-Modulkar-06-Pudelik\u00e4ru.bmp.jpg","datePublished":"2014-11-03T18:14:52+00:00","dateModified":"2017-02-17T12:34:08+00:00","description":"modulkar, veekanistri k\u00e4ru, veepudeli k\u00e4ru, sano, laok\u00e4ru, kaubak\u00e4ru,","breadcrumb":{"@id":"https:\/\/hartico.ee\/lt\/product\/modulkar-06-3\/#breadcrumb"},"inLanguage":"lt-LT","potentialAction":[{"@type":"ReadAction","target":["https:\/\/hartico.ee\/lt\/product\/modulkar-06-3\/"]}]},{"@type":"ImageObject","inLanguage":"lt-LT","@id":"https:\/\/hartico.ee\/lt\/product\/modulkar-06-3\/#primaryimage","url":"https:\/\/hartico.ee\/wp-content\/uploads\/2016\/03\/p-3205-p-3198-p-3191-p-3184-Modulkar-06-Pudelik\u00e4ru.bmp.jpg","contentUrl":"https:\/\/hartico.ee\/wp-content\/uploads\/2016\/03\/p-3205-p-3198-p-3191-p-3184-Modulkar-06-Pudelik\u00e4ru.bmp.jpg","width":756,"height":1181,"caption":"Modulkar 06"},{"@type":"BreadcrumbList","@id":"https:\/\/hartico.ee\/lt\/product\/modulkar-06-3\/#breadcrumb","itemListElement":[{"@type":"ListItem","position":1,"name":"Esileht","item":"https:\/\/hartico.ee\/lt\/"},{"@type":"ListItem","position":2,"name":"Prek\u0117s","item":"https:\/\/hartico.ee\/lt\/shop\/"},{"@type":"ListItem","position":3,"name":"Modulkar 06"}]},{"@type":"WebSite","@id":"https:\/\/hartico.ee\/lt\/#website","url":"https:\/\/hartico.ee\/lt\/","name":"Hartico","description":"Lifting and moving systems LIFTKAR, Xetto, Expresso","publisher":{"@id":"https:\/\/hartico.ee\/lt\/#organization"},"potentialAction":[{"@type":"SearchAction","target":{"@type":"EntryPoint","urlTemplate":"https:\/\/hartico.ee\/lt\/?s={search_term_string}"},"query-input":{"@type":"PropertyValueSpecification","valueRequired":true,"valueName":"search_term_string"}}],"inLanguage":"lt-LT"},{"@type":"Organization","@id":"https:\/\/hartico.ee\/lt\/#organization","name":"Hartico","url":"https:\/\/hartico.ee\/lt\/","logo":{"@type":"ImageObject","inLanguage":"lt-LT","@id":"https:\/\/hartico.ee\/lt\/#\/schema\/logo\/image\/","url":"https:\/\/hartico.ee\/wp-content\/uploads\/2018\/11\/hartico_logo_with_slogan_onecolor.svg","contentUrl":"https:\/\/hartico.ee\/wp-content\/uploads\/2018\/11\/hartico_logo_with_slogan_onecolor.svg","width":424,"height":157,"caption":"Hartico"},"image":{"@id":"https:\/\/hartico.ee\/lt\/#\/schema\/logo\/image\/"},"sameAs":["https:\/\/www.facebook.com\/SANOTransportgeraeteBaltics\/"]}]}},"_links":{"self":[{"href":"https:\/\/hartico.ee\/lt\/wp-json\/wp\/v2\/product\/3205","targetHints":{"allow":["GET"]}}],"collection":[{"href":"https:\/\/hartico.ee\/lt\/wp-json\/wp\/v2\/product"}],"about":[{"href":"https:\/\/hartico.ee\/lt\/wp-json\/wp\/v2\/types\/product"}],"wp:featuredmedia":[{"embeddable":true,"href":"https:\/\/hartico.ee\/lt\/wp-json\/wp\/v2\/media\/3206"}],"wp:attachment":[{"href":"https:\/\/hartico.ee\/lt\/wp-json\/wp\/v2\/media?parent=3205"}],"wp:term":[{"taxonomy":"product_brand","embeddable":true,"href":"https:\/\/hartico.ee\/lt\/wp-json\/wp\/v2\/product_brand?post=3205"},{"taxonomy":"product_cat","embeddable":true,"href":"https:\/\/hartico.ee\/lt\/wp-json\/wp\/v2\/product_cat?post=3205"},{"taxonomy":"product_tag","embeddable":true,"href":"https:\/\/hartico.ee\/lt\/wp-json\/wp\/v2\/product_tag?post=3205"}],"curies":[{"name":"wp","href":"https:\/\/api.w.org\/{rel}","templated":true}]}}