{"id":3082,"date":"2014-10-26T13:02:21","date_gmt":"2014-10-26T11:02:21","guid":{"rendered":"http:\/\/hartico.path.ee\/?post_type=product&#038;p=3082"},"modified":"2019-10-15T10:10:57","modified_gmt":"2019-10-15T08:10:57","slug":"sulankstomas-staliukas","status":"publish","type":"product","link":"https:\/\/hartico.ee\/lt\/product\/sulankstomas-staliukas\/","title":{"rendered":"Sulankstomas staliukas"},"content":{"rendered":"<p>Platforma 600 x 590 mm, auk\u0161tis 600 mm<\/p>\n<p>su tvirtinimo kai\u0161\u010diais,<\/p>\n<p>Skirtas naudoti su WL ir XWL atramin\u0117mis plok\u0161tel\u0117mis (fiksuotomis arba \u0161arnyrin\u0117mis)<\/p>\n","protected":false},"excerpt":{"rendered":"<p>Platforma 600 x 590 mm, auk\u0161tis 600 mm su tvirtinimo kai\u0161\u010diais, Skirtas naudoti su WL ir XWL atramin\u0117mis plok\u0161tel\u0117mis (fiksuotomis arba \u0161arnyrin\u0117mis)<\/p>\n","protected":false},"featured_media":3083,"template":"","meta":{"_acf_changed":false,"inline_featured_image":false},"product_brand":[],"product_cat":[323,66,71],"product_tag":[],"class_list":{"0":"post-3082","1":"product","2":"type-product","3":"status-publish","4":"has-post-thumbnail","6":"product_cat-liftkar-sal-papildomi-elementai","7":"product_cat-liftkar-modulkar-papildomi-elementai","8":"product_cat-priedai","10":"first","11":"instock","12":"taxable","13":"shipping-taxable","14":"product-type-simple"},"acf":[],"yoast_head":"<!-- This site is optimized with the Yoast SEO plugin v27.3 - https:\/\/yoast.com\/product\/yoast-seo-wordpress\/ -->\n<title>Sulankstomas staliukas<\/title>\n<meta name=\"description\" content=\"Platvorm 600 x 590 mm, k\u00f5rgus 600 mm, sisaldab kinnitusi Sobib ainult LIFTKAR SAL tugiplaatidele WL ja XWL. Hingedega v\u00f5i fix.Koopiamasinate ja printerite horisontaalse transportimise platvorm\" \/>\n<meta name=\"robots\" content=\"index, follow, max-snippet:-1, max-image-preview:large, max-video-preview:-1\" \/>\n<link rel=\"canonical\" href=\"https:\/\/hartico.ee\/lt\/product\/sulankstomas-staliukas\/\" \/>\n<meta property=\"og:locale\" content=\"lt_LT\" \/>\n<meta property=\"og:type\" content=\"article\" \/>\n<meta property=\"og:title\" content=\"Sulankstomas staliukas\" \/>\n<meta property=\"og:description\" content=\"Platvorm 600 x 590 mm, k\u00f5rgus 600 mm, sisaldab kinnitusi Sobib ainult LIFTKAR SAL tugiplaatidele WL ja XWL. Hingedega v\u00f5i fix.Koopiamasinate ja printerite horisontaalse transportimise platvorm\" \/>\n<meta property=\"og:url\" content=\"https:\/\/hartico.ee\/lt\/product\/sulankstomas-staliukas\/\" \/>\n<meta property=\"og:site_name\" content=\"Hartico\" \/>\n<meta property=\"article:publisher\" content=\"https:\/\/www.facebook.com\/SANOTransportgeraeteBaltics\/\" \/>\n<meta property=\"article:modified_time\" content=\"2019-10-15T08:10:57+00:00\" \/>\n<meta property=\"og:image\" content=\"https:\/\/hartico.ee\/wp-content\/uploads\/2014\/10\/p-3082-p-3076-p-3070-p-3064-Platform-printeritele.jpg\" \/>\n\t<meta property=\"og:image:width\" content=\"256\" \/>\n\t<meta property=\"og:image:height\" content=\"126\" \/>\n\t<meta property=\"og:image:type\" content=\"image\/jpeg\" \/>\n<meta name=\"twitter:card\" content=\"summary_large_image\" \/>\n<script type=\"application\/ld+json\" class=\"yoast-schema-graph\">{\"@context\":\"https:\\\/\\\/schema.org\",\"@graph\":[{\"@type\":\"WebPage\",\"@id\":\"https:\\\/\\\/hartico.ee\\\/lt\\\/product\\\/sulankstomas-staliukas\\\/\",\"url\":\"https:\\\/\\\/hartico.ee\\\/lt\\\/product\\\/sulankstomas-staliukas\\\/\",\"name\":\"Sulankstomas staliukas\",\"isPartOf\":{\"@id\":\"https:\\\/\\\/hartico.ee\\\/lt\\\/#website\"},\"primaryImageOfPage\":{\"@id\":\"https:\\\/\\\/hartico.ee\\\/lt\\\/product\\\/sulankstomas-staliukas\\\/#primaryimage\"},\"image\":{\"@id\":\"https:\\\/\\\/hartico.ee\\\/lt\\\/product\\\/sulankstomas-staliukas\\\/#primaryimage\"},\"thumbnailUrl\":\"https:\\\/\\\/hartico.ee\\\/wp-content\\\/uploads\\\/2014\\\/10\\\/p-3082-p-3076-p-3070-p-3064-Platform-printeritele.jpg\",\"datePublished\":\"2014-10-26T11:02:21+00:00\",\"dateModified\":\"2019-10-15T08:10:57+00:00\",\"description\":\"Platvorm 600 x 590 mm, k\u00f5rgus 600 mm, sisaldab kinnitusi Sobib ainult LIFTKAR SAL tugiplaatidele WL ja XWL. Hingedega v\u00f5i fix.Koopiamasinate ja printerite horisontaalse transportimise platvorm\",\"breadcrumb\":{\"@id\":\"https:\\\/\\\/hartico.ee\\\/lt\\\/product\\\/sulankstomas-staliukas\\\/#breadcrumb\"},\"inLanguage\":\"lt-LT\",\"potentialAction\":[{\"@type\":\"ReadAction\",\"target\":[\"https:\\\/\\\/hartico.ee\\\/lt\\\/product\\\/sulankstomas-staliukas\\\/\"]}]},{\"@type\":\"ImageObject\",\"inLanguage\":\"lt-LT\",\"@id\":\"https:\\\/\\\/hartico.ee\\\/lt\\\/product\\\/sulankstomas-staliukas\\\/#primaryimage\",\"url\":\"https:\\\/\\\/hartico.ee\\\/wp-content\\\/uploads\\\/2014\\\/10\\\/p-3082-p-3076-p-3070-p-3064-Platform-printeritele.jpg\",\"contentUrl\":\"https:\\\/\\\/hartico.ee\\\/wp-content\\\/uploads\\\/2014\\\/10\\\/p-3082-p-3076-p-3070-p-3064-Platform-printeritele.jpg\",\"width\":256,\"height\":126,\"caption\":\"Sulankstomas staliukas\"},{\"@type\":\"BreadcrumbList\",\"@id\":\"https:\\\/\\\/hartico.ee\\\/lt\\\/product\\\/sulankstomas-staliukas\\\/#breadcrumb\",\"itemListElement\":[{\"@type\":\"ListItem\",\"position\":1,\"name\":\"Esileht\",\"item\":\"https:\\\/\\\/hartico.ee\\\/lt\\\/\"},{\"@type\":\"ListItem\",\"position\":2,\"name\":\"Prek\u0117s\",\"item\":\"https:\\\/\\\/hartico.ee\\\/lt\\\/shop\\\/\"},{\"@type\":\"ListItem\",\"position\":3,\"name\":\"Sulankstomas staliukas\"}]},{\"@type\":\"WebSite\",\"@id\":\"https:\\\/\\\/hartico.ee\\\/lt\\\/#website\",\"url\":\"https:\\\/\\\/hartico.ee\\\/lt\\\/\",\"name\":\"Hartico\",\"description\":\"Lifting and moving systems LIFTKAR, Xetto, Expresso\",\"publisher\":{\"@id\":\"https:\\\/\\\/hartico.ee\\\/lt\\\/#organization\"},\"potentialAction\":[{\"@type\":\"SearchAction\",\"target\":{\"@type\":\"EntryPoint\",\"urlTemplate\":\"https:\\\/\\\/hartico.ee\\\/lt\\\/?s={search_term_string}\"},\"query-input\":{\"@type\":\"PropertyValueSpecification\",\"valueRequired\":true,\"valueName\":\"search_term_string\"}}],\"inLanguage\":\"lt-LT\"},{\"@type\":\"Organization\",\"@id\":\"https:\\\/\\\/hartico.ee\\\/lt\\\/#organization\",\"name\":\"Hartico\",\"url\":\"https:\\\/\\\/hartico.ee\\\/lt\\\/\",\"logo\":{\"@type\":\"ImageObject\",\"inLanguage\":\"lt-LT\",\"@id\":\"https:\\\/\\\/hartico.ee\\\/lt\\\/#\\\/schema\\\/logo\\\/image\\\/\",\"url\":\"https:\\\/\\\/hartico.ee\\\/wp-content\\\/uploads\\\/2018\\\/11\\\/hartico_logo_with_slogan_onecolor.svg\",\"contentUrl\":\"https:\\\/\\\/hartico.ee\\\/wp-content\\\/uploads\\\/2018\\\/11\\\/hartico_logo_with_slogan_onecolor.svg\",\"width\":424,\"height\":157,\"caption\":\"Hartico\"},\"image\":{\"@id\":\"https:\\\/\\\/hartico.ee\\\/lt\\\/#\\\/schema\\\/logo\\\/image\\\/\"},\"sameAs\":[\"https:\\\/\\\/www.facebook.com\\\/SANOTransportgeraeteBaltics\\\/\"]}]}<\/script>\n<!-- \/ Yoast SEO plugin. -->","yoast_head_json":{"title":"Sulankstomas staliukas","description":"Platvorm 600 x 590 mm, k\u00f5rgus 600 mm, sisaldab kinnitusi Sobib ainult LIFTKAR SAL tugiplaatidele WL ja XWL. Hingedega v\u00f5i fix.Koopiamasinate ja printerite horisontaalse transportimise platvorm","robots":{"index":"index","follow":"follow","max-snippet":"max-snippet:-1","max-image-preview":"max-image-preview:large","max-video-preview":"max-video-preview:-1"},"canonical":"https:\/\/hartico.ee\/lt\/product\/sulankstomas-staliukas\/","og_locale":"lt_LT","og_type":"article","og_title":"Sulankstomas staliukas","og_description":"Platvorm 600 x 590 mm, k\u00f5rgus 600 mm, sisaldab kinnitusi Sobib ainult LIFTKAR SAL tugiplaatidele WL ja XWL. Hingedega v\u00f5i fix.Koopiamasinate ja printerite horisontaalse transportimise platvorm","og_url":"https:\/\/hartico.ee\/lt\/product\/sulankstomas-staliukas\/","og_site_name":"Hartico","article_publisher":"https:\/\/www.facebook.com\/SANOTransportgeraeteBaltics\/","article_modified_time":"2019-10-15T08:10:57+00:00","og_image":[{"width":256,"height":126,"url":"https:\/\/hartico.ee\/wp-content\/uploads\/2014\/10\/p-3082-p-3076-p-3070-p-3064-Platform-printeritele.jpg","type":"image\/jpeg"}],"twitter_card":"summary_large_image","schema":{"@context":"https:\/\/schema.org","@graph":[{"@type":"WebPage","@id":"https:\/\/hartico.ee\/lt\/product\/sulankstomas-staliukas\/","url":"https:\/\/hartico.ee\/lt\/product\/sulankstomas-staliukas\/","name":"Sulankstomas staliukas","isPartOf":{"@id":"https:\/\/hartico.ee\/lt\/#website"},"primaryImageOfPage":{"@id":"https:\/\/hartico.ee\/lt\/product\/sulankstomas-staliukas\/#primaryimage"},"image":{"@id":"https:\/\/hartico.ee\/lt\/product\/sulankstomas-staliukas\/#primaryimage"},"thumbnailUrl":"https:\/\/hartico.ee\/wp-content\/uploads\/2014\/10\/p-3082-p-3076-p-3070-p-3064-Platform-printeritele.jpg","datePublished":"2014-10-26T11:02:21+00:00","dateModified":"2019-10-15T08:10:57+00:00","description":"Platvorm 600 x 590 mm, k\u00f5rgus 600 mm, sisaldab kinnitusi Sobib ainult LIFTKAR SAL tugiplaatidele WL ja XWL. Hingedega v\u00f5i fix.Koopiamasinate ja printerite horisontaalse transportimise platvorm","breadcrumb":{"@id":"https:\/\/hartico.ee\/lt\/product\/sulankstomas-staliukas\/#breadcrumb"},"inLanguage":"lt-LT","potentialAction":[{"@type":"ReadAction","target":["https:\/\/hartico.ee\/lt\/product\/sulankstomas-staliukas\/"]}]},{"@type":"ImageObject","inLanguage":"lt-LT","@id":"https:\/\/hartico.ee\/lt\/product\/sulankstomas-staliukas\/#primaryimage","url":"https:\/\/hartico.ee\/wp-content\/uploads\/2014\/10\/p-3082-p-3076-p-3070-p-3064-Platform-printeritele.jpg","contentUrl":"https:\/\/hartico.ee\/wp-content\/uploads\/2014\/10\/p-3082-p-3076-p-3070-p-3064-Platform-printeritele.jpg","width":256,"height":126,"caption":"Sulankstomas staliukas"},{"@type":"BreadcrumbList","@id":"https:\/\/hartico.ee\/lt\/product\/sulankstomas-staliukas\/#breadcrumb","itemListElement":[{"@type":"ListItem","position":1,"name":"Esileht","item":"https:\/\/hartico.ee\/lt\/"},{"@type":"ListItem","position":2,"name":"Prek\u0117s","item":"https:\/\/hartico.ee\/lt\/shop\/"},{"@type":"ListItem","position":3,"name":"Sulankstomas staliukas"}]},{"@type":"WebSite","@id":"https:\/\/hartico.ee\/lt\/#website","url":"https:\/\/hartico.ee\/lt\/","name":"Hartico","description":"Lifting and moving systems LIFTKAR, Xetto, Expresso","publisher":{"@id":"https:\/\/hartico.ee\/lt\/#organization"},"potentialAction":[{"@type":"SearchAction","target":{"@type":"EntryPoint","urlTemplate":"https:\/\/hartico.ee\/lt\/?s={search_term_string}"},"query-input":{"@type":"PropertyValueSpecification","valueRequired":true,"valueName":"search_term_string"}}],"inLanguage":"lt-LT"},{"@type":"Organization","@id":"https:\/\/hartico.ee\/lt\/#organization","name":"Hartico","url":"https:\/\/hartico.ee\/lt\/","logo":{"@type":"ImageObject","inLanguage":"lt-LT","@id":"https:\/\/hartico.ee\/lt\/#\/schema\/logo\/image\/","url":"https:\/\/hartico.ee\/wp-content\/uploads\/2018\/11\/hartico_logo_with_slogan_onecolor.svg","contentUrl":"https:\/\/hartico.ee\/wp-content\/uploads\/2018\/11\/hartico_logo_with_slogan_onecolor.svg","width":424,"height":157,"caption":"Hartico"},"image":{"@id":"https:\/\/hartico.ee\/lt\/#\/schema\/logo\/image\/"},"sameAs":["https:\/\/www.facebook.com\/SANOTransportgeraeteBaltics\/"]}]}},"_links":{"self":[{"href":"https:\/\/hartico.ee\/lt\/wp-json\/wp\/v2\/product\/3082","targetHints":{"allow":["GET"]}}],"collection":[{"href":"https:\/\/hartico.ee\/lt\/wp-json\/wp\/v2\/product"}],"about":[{"href":"https:\/\/hartico.ee\/lt\/wp-json\/wp\/v2\/types\/product"}],"wp:featuredmedia":[{"embeddable":true,"href":"https:\/\/hartico.ee\/lt\/wp-json\/wp\/v2\/media\/3083"}],"wp:attachment":[{"href":"https:\/\/hartico.ee\/lt\/wp-json\/wp\/v2\/media?parent=3082"}],"wp:term":[{"taxonomy":"product_brand","embeddable":true,"href":"https:\/\/hartico.ee\/lt\/wp-json\/wp\/v2\/product_brand?post=3082"},{"taxonomy":"product_cat","embeddable":true,"href":"https:\/\/hartico.ee\/lt\/wp-json\/wp\/v2\/product_cat?post=3082"},{"taxonomy":"product_tag","embeddable":true,"href":"https:\/\/hartico.ee\/lt\/wp-json\/wp\/v2\/product_tag?post=3082"}],"curies":[{"name":"wp","href":"https:\/\/api.w.org\/{rel}","templated":true}]}}