{"id":3038,"date":"2014-10-26T12:52:49","date_gmt":"2014-10-26T10:52:49","guid":{"rendered":"http:\/\/hartico.path.ee\/?post_type=product&#038;p=3038"},"modified":"2019-10-15T12:20:46","modified_gmt":"2019-10-15T10:20:46","slug":"vandens-buteliu-keltuvas","status":"publish","type":"product","link":"https:\/\/hartico.ee\/lt\/product\/vandens-buteliu-keltuvas\/","title":{"rendered":"Vandens buteli\u0173 keltuvas"},"content":{"rendered":"<p>skirtas 6 buteliams,<\/p>\n<p>su fiksuota atramine plok\u0161tele buteliams ir \u012f kr\u016bv\u0105 sukrautiems kroviniams. &nbsp;<\/p>\n","protected":false},"excerpt":{"rendered":"<p>skirtas 6 buteliams, su fiksuota atramine plok\u0161tele buteliams ir \u012f kr\u016bv\u0105 sukrautiems kroviniams. &nbsp;<\/p>\n","protected":false},"featured_media":3760,"template":"","meta":{"_acf_changed":false,"inline_featured_image":false},"product_brand":[],"product_cat":[323,66,71],"product_tag":[82],"class_list":{"0":"post-3038","1":"product","2":"type-product","3":"status-publish","4":"has-post-thumbnail","6":"product_cat-liftkar-sal-papildomi-elementai","7":"product_cat-liftkar-modulkar-papildomi-elementai","8":"product_cat-priedai","9":"product_tag-82","11":"first","12":"instock","13":"taxable","14":"shipping-taxable","15":"product-type-simple"},"acf":[],"yoast_head":"<!-- This site is optimized with the Yoast SEO plugin v27.3 - https:\/\/yoast.com\/product\/yoast-seo-wordpress\/ -->\n<title>Vandens buteli\u0173 keltuvas<\/title>\n<meta name=\"description\" content=\"6 kanistrile (4 tuge klapitavad)\" \/>\n<meta name=\"robots\" content=\"index, follow, max-snippet:-1, max-image-preview:large, max-video-preview:-1\" \/>\n<link rel=\"canonical\" href=\"https:\/\/hartico.ee\/lt\/product\/vandens-buteliu-keltuvas\/\" \/>\n<meta property=\"og:locale\" content=\"lt_LT\" \/>\n<meta property=\"og:type\" content=\"article\" \/>\n<meta property=\"og:title\" content=\"Vandens buteli\u0173 keltuvas\" \/>\n<meta property=\"og:description\" content=\"6 kanistrile (4 tuge klapitavad)\" \/>\n<meta property=\"og:url\" content=\"https:\/\/hartico.ee\/lt\/product\/vandens-buteliu-keltuvas\/\" \/>\n<meta property=\"og:site_name\" content=\"Hartico\" \/>\n<meta property=\"article:publisher\" content=\"https:\/\/www.facebook.com\/SANOTransportgeraeteBaltics\/\" \/>\n<meta property=\"article:modified_time\" content=\"2019-10-15T10:20:46+00:00\" \/>\n<meta property=\"og:image\" content=\"https:\/\/hartico.ee\/wp-content\/uploads\/2015\/05\/p-3757-p-3751-p-3745-p-3739-Veekanistri-kinnituskomplekt-SAL.jpg\" \/>\n\t<meta property=\"og:image:width\" content=\"844\" \/>\n\t<meta property=\"og:image:height\" content=\"1181\" \/>\n\t<meta property=\"og:image:type\" content=\"image\/jpeg\" \/>\n<meta name=\"twitter:card\" content=\"summary_large_image\" \/>\n<script type=\"application\/ld+json\" class=\"yoast-schema-graph\">{\"@context\":\"https:\\\/\\\/schema.org\",\"@graph\":[{\"@type\":\"WebPage\",\"@id\":\"https:\\\/\\\/hartico.ee\\\/lt\\\/product\\\/vandens-buteliu-keltuvas\\\/\",\"url\":\"https:\\\/\\\/hartico.ee\\\/lt\\\/product\\\/vandens-buteliu-keltuvas\\\/\",\"name\":\"Vandens buteli\u0173 keltuvas\",\"isPartOf\":{\"@id\":\"https:\\\/\\\/hartico.ee\\\/lt\\\/#website\"},\"primaryImageOfPage\":{\"@id\":\"https:\\\/\\\/hartico.ee\\\/lt\\\/product\\\/vandens-buteliu-keltuvas\\\/#primaryimage\"},\"image\":{\"@id\":\"https:\\\/\\\/hartico.ee\\\/lt\\\/product\\\/vandens-buteliu-keltuvas\\\/#primaryimage\"},\"thumbnailUrl\":\"https:\\\/\\\/hartico.ee\\\/wp-content\\\/uploads\\\/2015\\\/05\\\/p-3757-p-3751-p-3745-p-3739-Veekanistri-kinnituskomplekt-SAL.jpg\",\"datePublished\":\"2014-10-26T10:52:49+00:00\",\"dateModified\":\"2019-10-15T10:20:46+00:00\",\"description\":\"6 kanistrile (4 tuge klapitavad)\",\"breadcrumb\":{\"@id\":\"https:\\\/\\\/hartico.ee\\\/lt\\\/product\\\/vandens-buteliu-keltuvas\\\/#breadcrumb\"},\"inLanguage\":\"lt-LT\",\"potentialAction\":[{\"@type\":\"ReadAction\",\"target\":[\"https:\\\/\\\/hartico.ee\\\/lt\\\/product\\\/vandens-buteliu-keltuvas\\\/\"]}]},{\"@type\":\"ImageObject\",\"inLanguage\":\"lt-LT\",\"@id\":\"https:\\\/\\\/hartico.ee\\\/lt\\\/product\\\/vandens-buteliu-keltuvas\\\/#primaryimage\",\"url\":\"https:\\\/\\\/hartico.ee\\\/wp-content\\\/uploads\\\/2015\\\/05\\\/p-3757-p-3751-p-3745-p-3739-Veekanistri-kinnituskomplekt-SAL.jpg\",\"contentUrl\":\"https:\\\/\\\/hartico.ee\\\/wp-content\\\/uploads\\\/2015\\\/05\\\/p-3757-p-3751-p-3745-p-3739-Veekanistri-kinnituskomplekt-SAL.jpg\",\"width\":844,\"height\":1181,\"caption\":\"Vandens buteli\u0173 keltuvas\"},{\"@type\":\"BreadcrumbList\",\"@id\":\"https:\\\/\\\/hartico.ee\\\/lt\\\/product\\\/vandens-buteliu-keltuvas\\\/#breadcrumb\",\"itemListElement\":[{\"@type\":\"ListItem\",\"position\":1,\"name\":\"Esileht\",\"item\":\"https:\\\/\\\/hartico.ee\\\/lt\\\/\"},{\"@type\":\"ListItem\",\"position\":2,\"name\":\"Prek\u0117s\",\"item\":\"https:\\\/\\\/hartico.ee\\\/lt\\\/shop\\\/\"},{\"@type\":\"ListItem\",\"position\":3,\"name\":\"Vandens buteli\u0173 keltuvas\"}]},{\"@type\":\"WebSite\",\"@id\":\"https:\\\/\\\/hartico.ee\\\/lt\\\/#website\",\"url\":\"https:\\\/\\\/hartico.ee\\\/lt\\\/\",\"name\":\"Hartico\",\"description\":\"Lifting and moving systems LIFTKAR, Xetto, Expresso\",\"publisher\":{\"@id\":\"https:\\\/\\\/hartico.ee\\\/lt\\\/#organization\"},\"potentialAction\":[{\"@type\":\"SearchAction\",\"target\":{\"@type\":\"EntryPoint\",\"urlTemplate\":\"https:\\\/\\\/hartico.ee\\\/lt\\\/?s={search_term_string}\"},\"query-input\":{\"@type\":\"PropertyValueSpecification\",\"valueRequired\":true,\"valueName\":\"search_term_string\"}}],\"inLanguage\":\"lt-LT\"},{\"@type\":\"Organization\",\"@id\":\"https:\\\/\\\/hartico.ee\\\/lt\\\/#organization\",\"name\":\"Hartico\",\"url\":\"https:\\\/\\\/hartico.ee\\\/lt\\\/\",\"logo\":{\"@type\":\"ImageObject\",\"inLanguage\":\"lt-LT\",\"@id\":\"https:\\\/\\\/hartico.ee\\\/lt\\\/#\\\/schema\\\/logo\\\/image\\\/\",\"url\":\"https:\\\/\\\/hartico.ee\\\/wp-content\\\/uploads\\\/2018\\\/11\\\/hartico_logo_with_slogan_onecolor.svg\",\"contentUrl\":\"https:\\\/\\\/hartico.ee\\\/wp-content\\\/uploads\\\/2018\\\/11\\\/hartico_logo_with_slogan_onecolor.svg\",\"width\":424,\"height\":157,\"caption\":\"Hartico\"},\"image\":{\"@id\":\"https:\\\/\\\/hartico.ee\\\/lt\\\/#\\\/schema\\\/logo\\\/image\\\/\"},\"sameAs\":[\"https:\\\/\\\/www.facebook.com\\\/SANOTransportgeraeteBaltics\\\/\"]}]}<\/script>\n<!-- \/ Yoast SEO plugin. -->","yoast_head_json":{"title":"Vandens buteli\u0173 keltuvas","description":"6 kanistrile (4 tuge klapitavad)","robots":{"index":"index","follow":"follow","max-snippet":"max-snippet:-1","max-image-preview":"max-image-preview:large","max-video-preview":"max-video-preview:-1"},"canonical":"https:\/\/hartico.ee\/lt\/product\/vandens-buteliu-keltuvas\/","og_locale":"lt_LT","og_type":"article","og_title":"Vandens buteli\u0173 keltuvas","og_description":"6 kanistrile (4 tuge klapitavad)","og_url":"https:\/\/hartico.ee\/lt\/product\/vandens-buteliu-keltuvas\/","og_site_name":"Hartico","article_publisher":"https:\/\/www.facebook.com\/SANOTransportgeraeteBaltics\/","article_modified_time":"2019-10-15T10:20:46+00:00","og_image":[{"width":844,"height":1181,"url":"https:\/\/hartico.ee\/wp-content\/uploads\/2015\/05\/p-3757-p-3751-p-3745-p-3739-Veekanistri-kinnituskomplekt-SAL.jpg","type":"image\/jpeg"}],"twitter_card":"summary_large_image","schema":{"@context":"https:\/\/schema.org","@graph":[{"@type":"WebPage","@id":"https:\/\/hartico.ee\/lt\/product\/vandens-buteliu-keltuvas\/","url":"https:\/\/hartico.ee\/lt\/product\/vandens-buteliu-keltuvas\/","name":"Vandens buteli\u0173 keltuvas","isPartOf":{"@id":"https:\/\/hartico.ee\/lt\/#website"},"primaryImageOfPage":{"@id":"https:\/\/hartico.ee\/lt\/product\/vandens-buteliu-keltuvas\/#primaryimage"},"image":{"@id":"https:\/\/hartico.ee\/lt\/product\/vandens-buteliu-keltuvas\/#primaryimage"},"thumbnailUrl":"https:\/\/hartico.ee\/wp-content\/uploads\/2015\/05\/p-3757-p-3751-p-3745-p-3739-Veekanistri-kinnituskomplekt-SAL.jpg","datePublished":"2014-10-26T10:52:49+00:00","dateModified":"2019-10-15T10:20:46+00:00","description":"6 kanistrile (4 tuge klapitavad)","breadcrumb":{"@id":"https:\/\/hartico.ee\/lt\/product\/vandens-buteliu-keltuvas\/#breadcrumb"},"inLanguage":"lt-LT","potentialAction":[{"@type":"ReadAction","target":["https:\/\/hartico.ee\/lt\/product\/vandens-buteliu-keltuvas\/"]}]},{"@type":"ImageObject","inLanguage":"lt-LT","@id":"https:\/\/hartico.ee\/lt\/product\/vandens-buteliu-keltuvas\/#primaryimage","url":"https:\/\/hartico.ee\/wp-content\/uploads\/2015\/05\/p-3757-p-3751-p-3745-p-3739-Veekanistri-kinnituskomplekt-SAL.jpg","contentUrl":"https:\/\/hartico.ee\/wp-content\/uploads\/2015\/05\/p-3757-p-3751-p-3745-p-3739-Veekanistri-kinnituskomplekt-SAL.jpg","width":844,"height":1181,"caption":"Vandens buteli\u0173 keltuvas"},{"@type":"BreadcrumbList","@id":"https:\/\/hartico.ee\/lt\/product\/vandens-buteliu-keltuvas\/#breadcrumb","itemListElement":[{"@type":"ListItem","position":1,"name":"Esileht","item":"https:\/\/hartico.ee\/lt\/"},{"@type":"ListItem","position":2,"name":"Prek\u0117s","item":"https:\/\/hartico.ee\/lt\/shop\/"},{"@type":"ListItem","position":3,"name":"Vandens buteli\u0173 keltuvas"}]},{"@type":"WebSite","@id":"https:\/\/hartico.ee\/lt\/#website","url":"https:\/\/hartico.ee\/lt\/","name":"Hartico","description":"Lifting and moving systems LIFTKAR, Xetto, Expresso","publisher":{"@id":"https:\/\/hartico.ee\/lt\/#organization"},"potentialAction":[{"@type":"SearchAction","target":{"@type":"EntryPoint","urlTemplate":"https:\/\/hartico.ee\/lt\/?s={search_term_string}"},"query-input":{"@type":"PropertyValueSpecification","valueRequired":true,"valueName":"search_term_string"}}],"inLanguage":"lt-LT"},{"@type":"Organization","@id":"https:\/\/hartico.ee\/lt\/#organization","name":"Hartico","url":"https:\/\/hartico.ee\/lt\/","logo":{"@type":"ImageObject","inLanguage":"lt-LT","@id":"https:\/\/hartico.ee\/lt\/#\/schema\/logo\/image\/","url":"https:\/\/hartico.ee\/wp-content\/uploads\/2018\/11\/hartico_logo_with_slogan_onecolor.svg","contentUrl":"https:\/\/hartico.ee\/wp-content\/uploads\/2018\/11\/hartico_logo_with_slogan_onecolor.svg","width":424,"height":157,"caption":"Hartico"},"image":{"@id":"https:\/\/hartico.ee\/lt\/#\/schema\/logo\/image\/"},"sameAs":["https:\/\/www.facebook.com\/SANOTransportgeraeteBaltics\/"]}]}},"_links":{"self":[{"href":"https:\/\/hartico.ee\/lt\/wp-json\/wp\/v2\/product\/3038","targetHints":{"allow":["GET"]}}],"collection":[{"href":"https:\/\/hartico.ee\/lt\/wp-json\/wp\/v2\/product"}],"about":[{"href":"https:\/\/hartico.ee\/lt\/wp-json\/wp\/v2\/types\/product"}],"wp:featuredmedia":[{"embeddable":true,"href":"https:\/\/hartico.ee\/lt\/wp-json\/wp\/v2\/media\/3760"}],"wp:attachment":[{"href":"https:\/\/hartico.ee\/lt\/wp-json\/wp\/v2\/media?parent=3038"}],"wp:term":[{"taxonomy":"product_brand","embeddable":true,"href":"https:\/\/hartico.ee\/lt\/wp-json\/wp\/v2\/product_brand?post=3038"},{"taxonomy":"product_cat","embeddable":true,"href":"https:\/\/hartico.ee\/lt\/wp-json\/wp\/v2\/product_cat?post=3038"},{"taxonomy":"product_tag","embeddable":true,"href":"https:\/\/hartico.ee\/lt\/wp-json\/wp\/v2\/product_tag?post=3038"}],"curies":[{"name":"wp","href":"https:\/\/api.w.org\/{rel}","templated":true}]}}