{"id":21576,"date":"2025-10-06T12:23:08","date_gmt":"2025-10-06T10:23:08","guid":{"rendered":"https:\/\/hartico.ee\/product\/elektriline-trepikaru-liftkar-sal-fold-l-pro-li-ion-akuga\/"},"modified":"2025-10-07T11:05:29","modified_gmt":"2025-10-07T09:05:29","slug":"elektrinis-laiptu-vezimelis-liftkar-sal-fold-l-pro-su-li-ion-akumuliatoriumi","status":"publish","type":"product","link":"https:\/\/hartico.ee\/lt\/product\/elektrinis-laiptu-vezimelis-liftkar-sal-fold-l-pro-su-li-ion-akumuliatoriumi\/","title":{"rendered":"Elektrinis laipt\u0173 ve\u017eim\u0117lis LIFTKAR SAL Fold-L PRO su Li-Ion akumuliatoriumi"},"content":{"rendered":"<h3><strong>Elektrinis laipt\u0173 ve\u017eim\u0117lis LIFTKAR SAL Fold-L PRO su Li-Ion akumuliatoriumi<\/strong><\/h3>\n<p>Elektrinis, akumuliatoriumi maitinamas laipt\u0173 ve\u017eim\u0117lis <strong>LIFTKAR SAL<\/strong> pasitvirtino kaip da\u017eniausiai pasirenkamas transportavimo sprendimas visame pasaulyje.<\/p>\n<p>Puikiai tinka naudoti <strong>logistikoje, ma\u017emenin\u0117je prekyboje, pramon\u0117je, ligonin\u0117se, biur\u0173 pastatuose, daugiabu\u010diuose, mokyklose, profesionaliose virtuv\u0117se<\/strong> ir daugelyje kit\u0173 objekt\u0173.<\/p>\n<p><strong>Nr. 1 Lietuvoje, Baltijos \u0161alyse ir Europoje.<\/strong><\/p>\n<p>Vien tik Baltijos \u0161alyse <strong>Hartico turi beveik 1000 klient\u0173 ir naudotoj\u0173.<\/strong><\/p>\n<p>&nbsp;<\/p>\n<h3><strong>LIFTKAR SAL Fold-L PRO \u2013 Techniniai duomenys<\/strong><\/h3>\n<p data-start=\"0\" data-end=\"63\"><strong data-start=\"1\" data-end=\"27\">LIFTKAR SAL Fold-L PRO<\/strong> gaminamas trimis galios klas\u0117mis.<\/p>\n<p data-start=\"65\" data-end=\"97\" data-is-last-node=\"\" data-is-only-node=\"\">Pasirinkite sau tinkam\u0105 model\u012f:<\/p>\n<table>\n<thead>\n<tr>\n<td><strong>Straipsnio nr.<\/strong><\/td>\n<td><strong>038 717<\/strong><\/td>\n<td><strong>038 716<\/strong><\/td>\n<td><strong>038 724<\/strong><\/td>\n<\/tr>\n<\/thead>\n<tbody>\n<tr>\n<td><strong>Keliamoji galia<\/strong><\/td>\n<td>110 kg<\/td>\n<td>140 kg<\/td>\n<td>170 kg<\/td>\n<\/tr>\n<tr>\n<td><strong>Svoris (be akumuliatoriaus ir atramin\u0117s plok\u0161t\u0117s)<\/strong><\/td>\n<td>17,9 kg<\/td>\n<td>17,9 kg<\/td>\n<td>17,9 kg<\/td>\n<\/tr>\n<tr>\n<td><strong>Akumuliatoriaus svoris<\/strong><\/td>\n<td>1,6 kg<\/td>\n<td>1,6 kg<\/td>\n<td>1,6 kg<\/td>\n<\/tr>\n<tr>\n<td><strong>Autonomija (max.)<\/strong><\/td>\n<td>~2000 pakop\u0173 (auk\u0161tyn ir \u017eemyn)<\/td>\n<td>~2000 pakop\u0173 (auk\u0161tyn ir \u017eemyn)<\/td>\n<td>~2000 pakop\u0173 (auk\u0161tyn ir \u017eemyn)<\/td>\n<\/tr>\n<tr>\n<td><strong>Kopimo greitis (pakopos\/min.)<\/strong><\/td>\n<td>48<\/td>\n<td>35<\/td>\n<td>29<\/td>\n<\/tr>\n<tr>\n<td><strong>Naudojimas sta\u010diuose\/siauruose spiraliniuose laiptuose<\/strong><\/td>\n<td>\u2714<\/td>\n<td>\u2714<\/td>\n<td>\u2714<\/td>\n<\/tr>\n<tr>\n<td><strong>Sulankstomas<\/strong><\/td>\n<td>\u2714<\/td>\n<td>\u2714<\/td>\n<td>\u2714<\/td>\n<\/tr>\n<tr>\n<td><strong>Transportavimas laiptais<\/strong><\/td>\n<td>\u2714<\/td>\n<td>\u2714<\/td>\n<td>\u2714<\/td>\n<\/tr>\n<tr>\n<td><strong>Transportavimas lygiu pavir\u0161iumi<\/strong><\/td>\n<td>\u2714<\/td>\n<td>\u2714<\/td>\n<td>\u2714<\/td>\n<\/tr>\n<tr>\n<td><strong>Maksimalus pakopos auk\u0161tis<\/strong><\/td>\n<td>0 \u2013 240 mm<\/td>\n<td>0 \u2013 240 mm<\/td>\n<td>0 \u2013 240 mm<\/td>\n<\/tr>\n<tr>\n<td><strong>Matmenys (A\/P\/G)<\/strong><\/td>\n<td>1750 (1360 sulankstytas) \/ 480 \/ 280 mm<\/td>\n<td>1750 (1360 sulankstytas) \/ 480 \/ 280 mm<\/td>\n<td>1750 (1360 sulankstytas) \/ 480 \/ 280 mm<\/td>\n<\/tr>\n<tr>\n<td><strong>Apatin\u0117 atramin\u0117 plok\u0161t\u0117<\/strong><\/td>\n<td>Komplektuojama pagal panaudojimo srit\u012f (papildomas mokestis)<\/td>\n<td>Komplektuojama pagal panaudojimo srit\u012f (papildomas mokestis)<\/td>\n<td>Komplektuojama pagal panaudojimo srit\u012f (papildomas mokestis)<\/td>\n<\/tr>\n<tr>\n<td><strong>Kaina nuo, EUR (+ PVM)<\/strong><\/td>\n<td>2960<\/td>\n<td>3100<\/td>\n<td>3230<\/td>\n<\/tr>\n<\/tbody>\n<\/table>\n<p><strong>\u00a0<\/strong><\/p>\n<h3><strong>Liftkar SAL video:<\/strong><\/h3>\n<figure class=\"wp-block-embed wp-block-embed-youtube is-type-video is-provider-youtube epyt-figure\"><div class=\"wp-block-embed__wrapper\"><iframe loading=\"lazy\"  id=\"_ytid_54293\"  width=\"500\" height=\"300\"  data-origwidth=\"500\" data-origheight=\"300\" src=\"https:\/\/www.youtube.com\/embed\/oR1zBp0Birg?enablejsapi=1&autoplay=0&cc_load_policy=0&cc_lang_pref=&iv_load_policy=1&loop=0&rel=1&fs=1&playsinline=0&autohide=2&theme=dark&color=red&controls=1&disablekb=0&\" class=\"__youtube_prefs__  no-lazyload\" title=\"YouTube player\"  allow=\"fullscreen; accelerometer; autoplay; clipboard-write; encrypted-media; gyroscope; picture-in-picture; web-share\" referrerpolicy=\"strict-origin-when-cross-origin\" allowfullscreen data-no-lazy=\"1\" data-skipgform_ajax_framebjll=\"\"><\/iframe><\/div><\/figure>\n<h3><\/h3>\n<p>&nbsp;<\/p>\n<h3><strong>Kod\u0117l verta rinktis LIFTKAR SAL Fold-L PRO?<\/strong><\/h3>\n<ul>\n<li>Automatinis prisitaikymas \u2013 skland\u017eiai ir automati\u0161kai parenka laiptelio auk\u0161t\u012f (1\u201324 cm).<\/li>\n<li>Universalus naudojimas \u2013 veikia su vis\u0173 tip\u0173 laiptais (taip pat spiralini\u0173) ir ant vis\u0173 med\u017eiag\u0173: betono, med\u017eio, stiklo, kam\u0161\u010dio.<\/li>\n<li>Rank\u0173 darbo gamyba Austrijoje \u2013 SANO Transportger\u00e4te gamykla.<\/li>\n<li>Patentauti techniniai sprendimai \u2013 u\u017etikrina patikimum\u0105 ir ilgaam\u017ei\u0161kum\u0105.<\/li>\n<\/ul>\n<p>&nbsp;<\/p>\n<h3><strong data-start=\"0\" data-end=\"51\" data-is-last-node=\"\" data-is-only-node=\"\">LIFTKAR SAL Fold-L PRO privalumai ir funkcijos:<\/strong><\/h3>\n<ul>\n<li>Su maksimalia apkrova \u012fveikia iki <strong>2000 pakop\u0173 auk\u0161tyn + 2000 pakop\u0173 \u017eemyn.<\/strong><\/li>\n<li>Leid\u017eiantis generuoja \u012fkrovimo srov\u0119 ir darbo metu \u012fkrauna akumuliatori\u0173.<\/li>\n<li>\u012erengtas <strong>akumuliatoriaus \u012fkrovos lygio indikatorius<\/strong> ir testavimo funkcija.<\/li>\n<li><strong>LED ap\u0161vietimas<\/strong> darbui tamsiose patalpose.<\/li>\n<li>Greito fiksavimo\/atlaisvinimo akumuliatoriaus sistema.<\/li>\n<li>R\u0117mo auk\u0161tis <strong>1350 mm (+50 mm).<\/strong><\/li>\n<li>Bendras auk\u0161tis su atviru rankena <strong>1735 mm (+115 mm)<\/strong> \u2013 u\u017etikrina taisykling\u0105 laikysen\u0105 net auk\u0161tesniems naudotojams.<\/li>\n<li><strong>Reguliuojama rankena<\/strong> \u2013 geresn\u0117 ergonomika ir ma\u017eiau nugaros skausm\u0173.<\/li>\n<li>Itin greitas \u2013 iki <strong>48 pakop\u0173\/min.<\/strong><\/li>\n<li>Labai lengvas \u2013 nuo <strong>16 kg<\/strong><\/li>\n<li>Du grei\u010diai: greitas\/l\u0117tas<\/li>\n<li>Akumuliatoriaus \u012fkrovos indikatorius ir testavimo mygtukas<\/li>\n<li>Akumuliatoriaus svoris tik <strong>1,8 kg<\/strong><\/li>\n<li>Leid\u017eiantis \u012frenginys automati\u0161kai seka pakopas<\/li>\n<li>Pasirinkimas: <strong>fiksuota arba lankstoma atramin\u0117 plok\u0161t\u0117<\/strong><\/li>\n<li>Elektronin\u0117 perkrovos apsauga ir sukimo momento sankaba<\/li>\n<li>Lengvai manevruojamas<\/li>\n<li>Tinka <strong>vis\u0173 tip\u0173 laiptams<\/strong> \u2013 spiraliniams, stikliniams, mediniams<\/li>\n<li>Puikiai pritaikytas <strong>siaurose patalpose<\/strong><\/li>\n<li>Plati pneumatin\u0117 padanga<\/li>\n<li>Greitai pakei\u010diamas akumuliatorius su prailgintu tarnavimo laiku<\/li>\n<li>Sustiprintos aliuminio atramin\u0117s plok\u0161t\u0117s<\/li>\n<li>Krovimui \u012f mikroautobus\u0105 galima pasirinkti <strong>k\u0117limo \u012frengin\u012f arba automobilio ramp\u0105.<\/strong><\/li>\n<\/ul>\n<p>&nbsp;<\/p>\n<h3><strong>LIFTKAR SAL Fold-L PRO \u2013 nepakei\u010diamas pasirinkimas \u0161iose srityse:<\/strong><\/h3>\n<ol>\n<li><strong>Buitin\u0117s technikos transportas<\/strong> (E-LUX, Euronics, Topo Centras, Avitela, ONOFF, Expert, RDE, Pigu\/Kaup24 ir kt.)<\/li>\n<li><strong>Statybini\u0173 med\u017eiag\u0173 transportas<\/strong> (DEPO, Senukai\/K-RAUTA ir kt.)<\/li>\n<li><strong>Kurjeri\u0173 \u012fmon\u0117s<\/strong> (DPD, KADUC\u0116JUS, S.O Delivery, BB Transport ir kt.)<\/li>\n<li><strong>Dur\u0173 transportas ir montavimas<\/strong> (Prontas, Diador, Eirodurvis, L\u00e4vel, Haapsalu Uksetehas, VAUKSA partneriai, Viljandi Aken ja Uks partneriai, 20+ metalini\u0173 dur\u0173 gamintojai Baltijos \u0161alyse ir kt.)<\/li>\n<li><strong>Spausdintuv\u0173 ir kopijavimo aparat\u0173 transportas<\/strong> (Abcom \u2013 Xerox, Overall \u2013 Canon, B\u00fcroomaailm ir kt.)<\/li>\n<li><strong>Transportas pastatuose su paveldo ar statybos apribojimais<\/strong> \u2013 senamies\u010diuose, vie\u0161bu\u010diuose, ministerijose, universitetuose (TalTech, Hotel Astoria Vilnius, Lietuvos Respublikos u\u017esienio reikal\u0173 ministerija\u00a0ir kt.)<\/li>\n<li><strong>Kanceliarini\u0173 preki\u0173 ir popieriaus transportas<\/strong><\/li>\n<li><strong>Bald\u0173 transportas<\/strong><\/li>\n<li><strong>Medicinos \u012frangos ir reikmen\u0173 transportas<\/strong> (Magnum Logistics ir kt.)<\/li>\n<li><strong>Pramon\u0117s objektai<\/strong> (SCHWENK Latvija SIA ir kt.)<\/li>\n<li><strong>Maisto ir g\u0117rim\u0173 pristatymas<\/strong> (Tallinna Toiduveod, AleCoq ir kt.)<\/li>\n<li><strong>Valymo \u012frangos transportas<\/strong> (Puhastusimport, Puhastusproff ir kt.)<\/li>\n<\/ol>\n","protected":false},"excerpt":{"rendered":"<p>Elektrinis laipt\u0173 ve\u017eim\u0117lis LIFTKAR SAL Fold-L PRO su Li-Ion akumuliatoriumi Elektrinis, akumuliatoriumi maitinamas laipt\u0173 ve\u017eim\u0117lis LIFTKAR SAL pasitvirtino kaip da\u017eniausiai pasirenkamas transportavimo sprendimas visame pasaulyje. Puikiai tinka naudoti logistikoje, ma\u017emenin\u0117je prekyboje, pramon\u0117je, ligonin\u0117se, biur\u0173 pastatuose, daugiabu\u010diuose, mokyklose, profesionaliose virtuv\u0117se ir daugelyje kit\u0173 objekt\u0173. Nr. 1 Lietuvoje, Baltijos \u0161alyse ir Europoje. Vien tik Baltijos \u0161alyse Hartico [&hellip;]<\/p>\n","protected":false},"featured_media":21560,"template":"","meta":{"_acf_changed":false,"inline_featured_image":false},"product_brand":[],"product_cat":[114,122,126,41],"product_tag":[213,990,239],"class_list":{"0":"post-21576","1":"product","2":"type-product","3":"status-publish","4":"has-post-thumbnail","6":"product_cat-laiptu-kopiklis-110kg","7":"product_cat-laiptu-kopiklis-140kg","8":"product_cat-laiptu-kopiklis-170kg","9":"product_cat-laiptu-kopiklis-liftkar-sal-170","10":"product_tag-laiptu-kopiklis","11":"product_tag-liftkar-lt","12":"product_tag-trepironija-lt","14":"first","15":"instock","16":"taxable","17":"shipping-taxable","18":"purchasable","19":"product-type-simple"},"acf":[],"yoast_head":"<!-- This site is optimized with the Yoast SEO plugin v27.3 - https:\/\/yoast.com\/product\/yoast-seo-wordpress\/ -->\n<title>Elektrinis laipt\u0173 ve\u017eim\u0117lis LIFTKAR SAL Fold-L PRO su Li-Ion akumuliatoriumi - Hartico Elektrinis laipt\u0173 ve\u017eim\u0117lis LIFTKAR SAL Fold-L PRO<\/title>\n<meta name=\"description\" content=\"Elektrinis laipt\u0173 ve\u017eim\u0117lis LIFTKAR SAL Fold-L PRO modelis taip pat suprojektuotas i\u0161laikyti nepriekai\u0161ting\u0105 pusiausvyr\u0105 net keliant sunkesnius krovinius.\" \/>\n<meta name=\"robots\" content=\"index, follow, max-snippet:-1, max-image-preview:large, max-video-preview:-1\" \/>\n<link rel=\"canonical\" href=\"https:\/\/hartico.ee\/lt\/product\/elektrinis-laiptu-vezimelis-liftkar-sal-fold-l-pro-su-li-ion-akumuliatoriumi\/\" \/>\n<meta property=\"og:locale\" content=\"lt_LT\" \/>\n<meta property=\"og:type\" content=\"article\" \/>\n<meta property=\"og:title\" content=\"Elektrinis laipt\u0173 ve\u017eim\u0117lis LIFTKAR SAL Fold-L PRO su Li-Ion akumuliatoriumi - Hartico Elektrinis laipt\u0173 ve\u017eim\u0117lis LIFTKAR SAL Fold-L PRO\" \/>\n<meta property=\"og:description\" content=\"Elektrinis laipt\u0173 ve\u017eim\u0117lis LIFTKAR SAL Fold-L PRO modelis taip pat suprojektuotas i\u0161laikyti nepriekai\u0161ting\u0105 pusiausvyr\u0105 net keliant sunkesnius krovinius.\" \/>\n<meta property=\"og:url\" content=\"https:\/\/hartico.ee\/lt\/product\/elektrinis-laiptu-vezimelis-liftkar-sal-fold-l-pro-su-li-ion-akumuliatoriumi\/\" \/>\n<meta property=\"og:site_name\" content=\"Hartico\" \/>\n<meta property=\"article:publisher\" content=\"https:\/\/www.facebook.com\/SANOTransportgeraeteBaltics\/\" \/>\n<meta property=\"article:modified_time\" content=\"2025-10-07T09:05:29+00:00\" \/>\n<meta property=\"og:image\" content=\"https:\/\/hartico.ee\/wp-content\/uploads\/2025\/10\/Electric-Stairclimber-LIFTKAR-SAL-Fold-L-PRO-with-Li-Ion-Battery.png\" \/>\n\t<meta property=\"og:image:width\" content=\"600\" \/>\n\t<meta property=\"og:image:height\" content=\"900\" \/>\n\t<meta property=\"og:image:type\" content=\"image\/png\" \/>\n<meta name=\"twitter:card\" content=\"summary_large_image\" \/>\n<meta name=\"twitter:label1\" content=\"Est. reading time\" \/>\n\t<meta name=\"twitter:data1\" content=\"4 minut\u0117s\" \/>\n<script type=\"application\/ld+json\" class=\"yoast-schema-graph\">{\"@context\":\"https:\\\/\\\/schema.org\",\"@graph\":[{\"@type\":\"WebPage\",\"@id\":\"https:\\\/\\\/hartico.ee\\\/lt\\\/product\\\/elektrinis-laiptu-vezimelis-liftkar-sal-fold-l-pro-su-li-ion-akumuliatoriumi\\\/\",\"url\":\"https:\\\/\\\/hartico.ee\\\/lt\\\/product\\\/elektrinis-laiptu-vezimelis-liftkar-sal-fold-l-pro-su-li-ion-akumuliatoriumi\\\/\",\"name\":\"Elektrinis laipt\u0173 ve\u017eim\u0117lis LIFTKAR SAL Fold-L PRO su Li-Ion akumuliatoriumi - Hartico Elektrinis laipt\u0173 ve\u017eim\u0117lis LIFTKAR SAL Fold-L PRO\",\"isPartOf\":{\"@id\":\"https:\\\/\\\/hartico.ee\\\/lt\\\/#website\"},\"primaryImageOfPage\":{\"@id\":\"https:\\\/\\\/hartico.ee\\\/lt\\\/product\\\/elektrinis-laiptu-vezimelis-liftkar-sal-fold-l-pro-su-li-ion-akumuliatoriumi\\\/#primaryimage\"},\"image\":{\"@id\":\"https:\\\/\\\/hartico.ee\\\/lt\\\/product\\\/elektrinis-laiptu-vezimelis-liftkar-sal-fold-l-pro-su-li-ion-akumuliatoriumi\\\/#primaryimage\"},\"thumbnailUrl\":\"https:\\\/\\\/hartico.ee\\\/wp-content\\\/uploads\\\/2025\\\/10\\\/Electric-Stairclimber-LIFTKAR-SAL-Fold-L-PRO-with-Li-Ion-Battery.png\",\"datePublished\":\"2025-10-06T10:23:08+00:00\",\"dateModified\":\"2025-10-07T09:05:29+00:00\",\"description\":\"Elektrinis laipt\u0173 ve\u017eim\u0117lis LIFTKAR SAL Fold-L PRO modelis taip pat suprojektuotas i\u0161laikyti nepriekai\u0161ting\u0105 pusiausvyr\u0105 net keliant sunkesnius krovinius.\",\"breadcrumb\":{\"@id\":\"https:\\\/\\\/hartico.ee\\\/lt\\\/product\\\/elektrinis-laiptu-vezimelis-liftkar-sal-fold-l-pro-su-li-ion-akumuliatoriumi\\\/#breadcrumb\"},\"inLanguage\":\"lt-LT\",\"potentialAction\":[{\"@type\":\"ReadAction\",\"target\":[\"https:\\\/\\\/hartico.ee\\\/lt\\\/product\\\/elektrinis-laiptu-vezimelis-liftkar-sal-fold-l-pro-su-li-ion-akumuliatoriumi\\\/\"]}]},{\"@type\":\"ImageObject\",\"inLanguage\":\"lt-LT\",\"@id\":\"https:\\\/\\\/hartico.ee\\\/lt\\\/product\\\/elektrinis-laiptu-vezimelis-liftkar-sal-fold-l-pro-su-li-ion-akumuliatoriumi\\\/#primaryimage\",\"url\":\"https:\\\/\\\/hartico.ee\\\/wp-content\\\/uploads\\\/2025\\\/10\\\/Electric-Stairclimber-LIFTKAR-SAL-Fold-L-PRO-with-Li-Ion-Battery.png\",\"contentUrl\":\"https:\\\/\\\/hartico.ee\\\/wp-content\\\/uploads\\\/2025\\\/10\\\/Electric-Stairclimber-LIFTKAR-SAL-Fold-L-PRO-with-Li-Ion-Battery.png\",\"width\":600,\"height\":900,\"caption\":\"Electric Stairclimber LIFTKAR SAL Fold-L PRO, with Li-Ion Battery\"},{\"@type\":\"BreadcrumbList\",\"@id\":\"https:\\\/\\\/hartico.ee\\\/lt\\\/product\\\/elektrinis-laiptu-vezimelis-liftkar-sal-fold-l-pro-su-li-ion-akumuliatoriumi\\\/#breadcrumb\",\"itemListElement\":[{\"@type\":\"ListItem\",\"position\":1,\"name\":\"Esileht\",\"item\":\"https:\\\/\\\/hartico.ee\\\/lt\\\/\"},{\"@type\":\"ListItem\",\"position\":2,\"name\":\"Prek\u0117s\",\"item\":\"https:\\\/\\\/hartico.ee\\\/lt\\\/shop\\\/\"},{\"@type\":\"ListItem\",\"position\":3,\"name\":\"Elektrinis laipt\u0173 ve\u017eim\u0117lis LIFTKAR SAL Fold-L PRO su Li-Ion akumuliatoriumi\"}]},{\"@type\":\"WebSite\",\"@id\":\"https:\\\/\\\/hartico.ee\\\/lt\\\/#website\",\"url\":\"https:\\\/\\\/hartico.ee\\\/lt\\\/\",\"name\":\"Hartico\",\"description\":\"Lifting and moving systems LIFTKAR, Xetto, Expresso\",\"publisher\":{\"@id\":\"https:\\\/\\\/hartico.ee\\\/lt\\\/#organization\"},\"potentialAction\":[{\"@type\":\"SearchAction\",\"target\":{\"@type\":\"EntryPoint\",\"urlTemplate\":\"https:\\\/\\\/hartico.ee\\\/lt\\\/?s={search_term_string}\"},\"query-input\":{\"@type\":\"PropertyValueSpecification\",\"valueRequired\":true,\"valueName\":\"search_term_string\"}}],\"inLanguage\":\"lt-LT\"},{\"@type\":\"Organization\",\"@id\":\"https:\\\/\\\/hartico.ee\\\/lt\\\/#organization\",\"name\":\"Hartico\",\"url\":\"https:\\\/\\\/hartico.ee\\\/lt\\\/\",\"logo\":{\"@type\":\"ImageObject\",\"inLanguage\":\"lt-LT\",\"@id\":\"https:\\\/\\\/hartico.ee\\\/lt\\\/#\\\/schema\\\/logo\\\/image\\\/\",\"url\":\"https:\\\/\\\/hartico.ee\\\/wp-content\\\/uploads\\\/2018\\\/11\\\/hartico_logo_with_slogan_onecolor.svg\",\"contentUrl\":\"https:\\\/\\\/hartico.ee\\\/wp-content\\\/uploads\\\/2018\\\/11\\\/hartico_logo_with_slogan_onecolor.svg\",\"width\":424,\"height\":157,\"caption\":\"Hartico\"},\"image\":{\"@id\":\"https:\\\/\\\/hartico.ee\\\/lt\\\/#\\\/schema\\\/logo\\\/image\\\/\"},\"sameAs\":[\"https:\\\/\\\/www.facebook.com\\\/SANOTransportgeraeteBaltics\\\/\"]}]}<\/script>\n<!-- \/ Yoast SEO plugin. -->","yoast_head_json":{"title":"Elektrinis laipt\u0173 ve\u017eim\u0117lis LIFTKAR SAL Fold-L PRO su Li-Ion akumuliatoriumi - Hartico Elektrinis laipt\u0173 ve\u017eim\u0117lis LIFTKAR SAL Fold-L PRO","description":"Elektrinis laipt\u0173 ve\u017eim\u0117lis LIFTKAR SAL Fold-L PRO modelis taip pat suprojektuotas i\u0161laikyti nepriekai\u0161ting\u0105 pusiausvyr\u0105 net keliant sunkesnius krovinius.","robots":{"index":"index","follow":"follow","max-snippet":"max-snippet:-1","max-image-preview":"max-image-preview:large","max-video-preview":"max-video-preview:-1"},"canonical":"https:\/\/hartico.ee\/lt\/product\/elektrinis-laiptu-vezimelis-liftkar-sal-fold-l-pro-su-li-ion-akumuliatoriumi\/","og_locale":"lt_LT","og_type":"article","og_title":"Elektrinis laipt\u0173 ve\u017eim\u0117lis LIFTKAR SAL Fold-L PRO su Li-Ion akumuliatoriumi - Hartico Elektrinis laipt\u0173 ve\u017eim\u0117lis LIFTKAR SAL Fold-L PRO","og_description":"Elektrinis laipt\u0173 ve\u017eim\u0117lis LIFTKAR SAL Fold-L PRO modelis taip pat suprojektuotas i\u0161laikyti nepriekai\u0161ting\u0105 pusiausvyr\u0105 net keliant sunkesnius krovinius.","og_url":"https:\/\/hartico.ee\/lt\/product\/elektrinis-laiptu-vezimelis-liftkar-sal-fold-l-pro-su-li-ion-akumuliatoriumi\/","og_site_name":"Hartico","article_publisher":"https:\/\/www.facebook.com\/SANOTransportgeraeteBaltics\/","article_modified_time":"2025-10-07T09:05:29+00:00","og_image":[{"width":600,"height":900,"url":"https:\/\/hartico.ee\/wp-content\/uploads\/2025\/10\/Electric-Stairclimber-LIFTKAR-SAL-Fold-L-PRO-with-Li-Ion-Battery.png","type":"image\/png"}],"twitter_card":"summary_large_image","twitter_misc":{"Est. reading time":"4 minut\u0117s"},"schema":{"@context":"https:\/\/schema.org","@graph":[{"@type":"WebPage","@id":"https:\/\/hartico.ee\/lt\/product\/elektrinis-laiptu-vezimelis-liftkar-sal-fold-l-pro-su-li-ion-akumuliatoriumi\/","url":"https:\/\/hartico.ee\/lt\/product\/elektrinis-laiptu-vezimelis-liftkar-sal-fold-l-pro-su-li-ion-akumuliatoriumi\/","name":"Elektrinis laipt\u0173 ve\u017eim\u0117lis LIFTKAR SAL Fold-L PRO su Li-Ion akumuliatoriumi - Hartico Elektrinis laipt\u0173 ve\u017eim\u0117lis LIFTKAR SAL Fold-L PRO","isPartOf":{"@id":"https:\/\/hartico.ee\/lt\/#website"},"primaryImageOfPage":{"@id":"https:\/\/hartico.ee\/lt\/product\/elektrinis-laiptu-vezimelis-liftkar-sal-fold-l-pro-su-li-ion-akumuliatoriumi\/#primaryimage"},"image":{"@id":"https:\/\/hartico.ee\/lt\/product\/elektrinis-laiptu-vezimelis-liftkar-sal-fold-l-pro-su-li-ion-akumuliatoriumi\/#primaryimage"},"thumbnailUrl":"https:\/\/hartico.ee\/wp-content\/uploads\/2025\/10\/Electric-Stairclimber-LIFTKAR-SAL-Fold-L-PRO-with-Li-Ion-Battery.png","datePublished":"2025-10-06T10:23:08+00:00","dateModified":"2025-10-07T09:05:29+00:00","description":"Elektrinis laipt\u0173 ve\u017eim\u0117lis LIFTKAR SAL Fold-L PRO modelis taip pat suprojektuotas i\u0161laikyti nepriekai\u0161ting\u0105 pusiausvyr\u0105 net keliant sunkesnius krovinius.","breadcrumb":{"@id":"https:\/\/hartico.ee\/lt\/product\/elektrinis-laiptu-vezimelis-liftkar-sal-fold-l-pro-su-li-ion-akumuliatoriumi\/#breadcrumb"},"inLanguage":"lt-LT","potentialAction":[{"@type":"ReadAction","target":["https:\/\/hartico.ee\/lt\/product\/elektrinis-laiptu-vezimelis-liftkar-sal-fold-l-pro-su-li-ion-akumuliatoriumi\/"]}]},{"@type":"ImageObject","inLanguage":"lt-LT","@id":"https:\/\/hartico.ee\/lt\/product\/elektrinis-laiptu-vezimelis-liftkar-sal-fold-l-pro-su-li-ion-akumuliatoriumi\/#primaryimage","url":"https:\/\/hartico.ee\/wp-content\/uploads\/2025\/10\/Electric-Stairclimber-LIFTKAR-SAL-Fold-L-PRO-with-Li-Ion-Battery.png","contentUrl":"https:\/\/hartico.ee\/wp-content\/uploads\/2025\/10\/Electric-Stairclimber-LIFTKAR-SAL-Fold-L-PRO-with-Li-Ion-Battery.png","width":600,"height":900,"caption":"Electric Stairclimber LIFTKAR SAL Fold-L PRO, with Li-Ion Battery"},{"@type":"BreadcrumbList","@id":"https:\/\/hartico.ee\/lt\/product\/elektrinis-laiptu-vezimelis-liftkar-sal-fold-l-pro-su-li-ion-akumuliatoriumi\/#breadcrumb","itemListElement":[{"@type":"ListItem","position":1,"name":"Esileht","item":"https:\/\/hartico.ee\/lt\/"},{"@type":"ListItem","position":2,"name":"Prek\u0117s","item":"https:\/\/hartico.ee\/lt\/shop\/"},{"@type":"ListItem","position":3,"name":"Elektrinis laipt\u0173 ve\u017eim\u0117lis LIFTKAR SAL Fold-L PRO su Li-Ion akumuliatoriumi"}]},{"@type":"WebSite","@id":"https:\/\/hartico.ee\/lt\/#website","url":"https:\/\/hartico.ee\/lt\/","name":"Hartico","description":"Lifting and moving systems LIFTKAR, Xetto, Expresso","publisher":{"@id":"https:\/\/hartico.ee\/lt\/#organization"},"potentialAction":[{"@type":"SearchAction","target":{"@type":"EntryPoint","urlTemplate":"https:\/\/hartico.ee\/lt\/?s={search_term_string}"},"query-input":{"@type":"PropertyValueSpecification","valueRequired":true,"valueName":"search_term_string"}}],"inLanguage":"lt-LT"},{"@type":"Organization","@id":"https:\/\/hartico.ee\/lt\/#organization","name":"Hartico","url":"https:\/\/hartico.ee\/lt\/","logo":{"@type":"ImageObject","inLanguage":"lt-LT","@id":"https:\/\/hartico.ee\/lt\/#\/schema\/logo\/image\/","url":"https:\/\/hartico.ee\/wp-content\/uploads\/2018\/11\/hartico_logo_with_slogan_onecolor.svg","contentUrl":"https:\/\/hartico.ee\/wp-content\/uploads\/2018\/11\/hartico_logo_with_slogan_onecolor.svg","width":424,"height":157,"caption":"Hartico"},"image":{"@id":"https:\/\/hartico.ee\/lt\/#\/schema\/logo\/image\/"},"sameAs":["https:\/\/www.facebook.com\/SANOTransportgeraeteBaltics\/"]}]}},"_links":{"self":[{"href":"https:\/\/hartico.ee\/lt\/wp-json\/wp\/v2\/product\/21576","targetHints":{"allow":["GET"]}}],"collection":[{"href":"https:\/\/hartico.ee\/lt\/wp-json\/wp\/v2\/product"}],"about":[{"href":"https:\/\/hartico.ee\/lt\/wp-json\/wp\/v2\/types\/product"}],"wp:featuredmedia":[{"embeddable":true,"href":"https:\/\/hartico.ee\/lt\/wp-json\/wp\/v2\/media\/21560"}],"wp:attachment":[{"href":"https:\/\/hartico.ee\/lt\/wp-json\/wp\/v2\/media?parent=21576"}],"wp:term":[{"taxonomy":"product_brand","embeddable":true,"href":"https:\/\/hartico.ee\/lt\/wp-json\/wp\/v2\/product_brand?post=21576"},{"taxonomy":"product_cat","embeddable":true,"href":"https:\/\/hartico.ee\/lt\/wp-json\/wp\/v2\/product_cat?post=21576"},{"taxonomy":"product_tag","embeddable":true,"href":"https:\/\/hartico.ee\/lt\/wp-json\/wp\/v2\/product_tag?post=21576"}],"curies":[{"name":"wp","href":"https:\/\/api.w.org\/{rel}","templated":true}]}}