{"id":21034,"date":"2022-11-08T11:58:53","date_gmt":"2022-11-08T09:58:53","guid":{"rendered":"https:\/\/hartico.ee\/product\/exoskeleton-eduexo-pro-auxivo\/"},"modified":"2023-12-07T13:41:56","modified_gmt":"2023-12-07T11:41:56","slug":"egzoskeletas-eduexo-pro-auxivo","status":"publish","type":"product","link":"https:\/\/hartico.ee\/lt\/product\/egzoskeletas-eduexo-pro-auxivo\/","title":{"rendered":"Egzoskeletas EduExo PRO Auxivo"},"content":{"rendered":"<h1>Mokytojams, studentams, mokslininkams, m\u0117g\u0117jams ir k\u016br\u0117jams<\/h1>\n<h3>B\u016bsim\u0173j\u0173 egzoskeleto pionieri\u0173 mokymas<\/h3>\n<p>Exoskeleton EduExo produkt\u0173 linija buvo sukurta tam, kad studentai, mokytojai, m\u0117g\u0117jai ir mokslininkai gal\u0117t\u0173 su\u017einoti apie egzoskeleto technologijas ir j\u0173 mokyti.<\/p>\n<p>\u201eEduExo\u201c suk\u016br\u0117 AUXIVO, ETH Ciuricho (Ciuricho technikos universiteto) padalinys, kurio specializacija yra egzoskeletai \u0160veicarijoje.<\/p>\n<p>Hartico O\u00dc, kaip Auxivo atstov\u0117 Baltijos \u0161alyse, u\u017esibr\u0117\u017e\u0117 tiksl\u0105 su biomechanika susijusias \u017einias ir egzoskelet\u0173 med\u017eiag\u0173 technologijas perne\u0161ti \u012f kuo daugiau mokymo \u012fstaig\u0173 ir interes\u0173 rat\u0173.<\/p>\n<p>M\u016bs\u0173 motyvacija visada yra padaryti egzoskeletus labiau prieinamus.<br \/>\nM\u016bs\u0173 mokomieji egzoskeletai yra esmin\u0117 \u0161ios misijos dalis.<br \/>\nM\u016bs\u0173 EduExo rinkiniai padeda trok\u0161tantiems egzoskeleto ekspertams ir pedagogams teikti \u012fdomi\u0173 mokymosi patirties u\u017e prieinam\u0105 kain\u0105.<\/p>\n<p>M\u016bs\u0173 EduExo yra robot\u0173 egzoskeleto rinkiniai, kuriuos galite surinkti ir programuoti patys.<\/p>\n<div class=\"OvtS8d\">\n<figure class=\"wp-block-embed wp-block-embed-youtube is-type-video is-provider-youtube epyt-figure\"><div class=\"wp-block-embed__wrapper\"><iframe loading=\"lazy\"  id=\"_ytid_83468\"  width=\"500\" height=\"300\"  data-origwidth=\"500\" data-origheight=\"300\" src=\"https:\/\/www.youtube.com\/embed\/7t0QrMqJX0c?enablejsapi=1&autoplay=0&cc_load_policy=0&cc_lang_pref=&iv_load_policy=1&loop=0&rel=1&fs=1&playsinline=0&autohide=2&theme=dark&color=red&controls=1&disablekb=0&\" class=\"__youtube_prefs__  no-lazyload\" title=\"YouTube player\"  allow=\"fullscreen; accelerometer; autoplay; clipboard-write; encrypted-media; gyroscope; picture-in-picture; web-share\" referrerpolicy=\"strict-origin-when-cross-origin\" allowfullscreen data-no-lazy=\"1\" data-skipgform_ajax_framebjll=\"\"><\/iframe><\/div><\/figure>\n<p>&nbsp;<\/p>\n<figure class=\"wp-block-embed wp-block-embed-youtube is-type-video is-provider-youtube epyt-figure\"><div class=\"wp-block-embed__wrapper\"><iframe loading=\"lazy\"  id=\"_ytid_99014\"  width=\"500\" height=\"300\"  data-origwidth=\"500\" data-origheight=\"300\" src=\"https:\/\/www.youtube.com\/embed\/h7VR_WDfWy0?enablejsapi=1&autoplay=0&cc_load_policy=0&cc_lang_pref=&iv_load_policy=1&loop=0&rel=1&fs=1&playsinline=0&autohide=2&theme=dark&color=red&controls=1&disablekb=0&\" class=\"__youtube_prefs__  no-lazyload\" title=\"YouTube player\"  allow=\"fullscreen; accelerometer; autoplay; clipboard-write; encrypted-media; gyroscope; picture-in-picture; web-share\" referrerpolicy=\"strict-origin-when-cross-origin\" allowfullscreen data-no-lazy=\"1\" data-skipgform_ajax_framebjll=\"\"><\/iframe><\/div><\/figure>\n<\/div>\n<p>&nbsp;<\/p>\n","protected":false},"excerpt":{"rendered":"<p>Mokytojams, studentams, mokslininkams, m\u0117g\u0117jams ir k\u016br\u0117jams B\u016bsim\u0173j\u0173 egzoskeleto pionieri\u0173 mokymas Exoskeleton EduExo produkt\u0173 linija buvo sukurta tam, kad studentai, mokytojai, m\u0117g\u0117jai ir mokslininkai gal\u0117t\u0173 su\u017einoti apie egzoskeleto technologijas ir j\u0173 mokyti. \u201eEduExo\u201c suk\u016br\u0117 AUXIVO, ETH Ciuricho (Ciuricho technikos universiteto) padalinys, kurio specializacija yra egzoskeletai \u0160veicarijoje. Hartico O\u00dc, kaip Auxivo atstov\u0117 Baltijos \u0161alyse, u\u017esibr\u0117\u017e\u0117 tiksl\u0105 su [&hellip;]<\/p>\n","protected":false},"featured_media":18733,"template":"","meta":{"_acf_changed":false,"inline_featured_image":false},"product_brand":[],"product_cat":[413,248],"product_tag":[280,978,259,979,980],"class_list":{"0":"post-21034","1":"product","2":"type-product","3":"status-publish","4":"has-post-thumbnail","6":"product_cat-egzoskeletai-virsutinei-kuno-daliai-ir-rankoms","7":"product_cat-eksoskeletonai-ir-kinetiniai-darbo-apranga","8":"product_tag-auxivo-lt","9":"product_tag-eduexo-lt","10":"product_tag-eksoskelett-lt","11":"product_tag-eth-zurich-lt","12":"product_tag-oppe-exo-lt","14":"first","15":"instock","16":"taxable","17":"shipping-taxable","18":"purchasable","19":"product-type-simple"},"acf":[],"yoast_head":"<!-- This site is optimized with the Yoast SEO plugin v27.3 - https:\/\/yoast.com\/product\/yoast-seo-wordpress\/ -->\n<title>Egzoskeletas EduExo PRO Auxivo - Hartico<\/title>\n<meta name=\"description\" content=\"Exoskeleton EduExo produkt\u0173 linija buvo sukurta tam, kad studentai, mokytojai, m\u0117g\u0117jai ir mokslininkai gal\u0117t\u0173 su\u017einoti apie egzoskeleto technologijas ir j\u0173 mokyti.\" \/>\n<meta name=\"robots\" content=\"index, follow, max-snippet:-1, max-image-preview:large, max-video-preview:-1\" \/>\n<link rel=\"canonical\" href=\"https:\/\/hartico.ee\/lt\/product\/egzoskeletas-eduexo-pro-auxivo\/\" \/>\n<meta property=\"og:locale\" content=\"lt_LT\" \/>\n<meta property=\"og:type\" content=\"article\" \/>\n<meta property=\"og:title\" content=\"Egzoskeletas EduExo PRO Auxivo - Hartico\" \/>\n<meta property=\"og:description\" content=\"Exoskeleton EduExo produkt\u0173 linija buvo sukurta tam, kad studentai, mokytojai, m\u0117g\u0117jai ir mokslininkai gal\u0117t\u0173 su\u017einoti apie egzoskeleto technologijas ir j\u0173 mokyti.\" \/>\n<meta property=\"og:url\" content=\"https:\/\/hartico.ee\/lt\/product\/egzoskeletas-eduexo-pro-auxivo\/\" \/>\n<meta property=\"og:site_name\" content=\"Hartico\" \/>\n<meta property=\"article:publisher\" content=\"https:\/\/www.facebook.com\/SANOTransportgeraeteBaltics\/\" \/>\n<meta property=\"article:modified_time\" content=\"2023-12-07T11:41:56+00:00\" \/>\n<meta property=\"og:image\" content=\"https:\/\/hartico.ee\/wp-content\/uploads\/2022\/11\/Auxivo-Kit-Eduexo-Pro-Hartico.jpg\" \/>\n\t<meta property=\"og:image:width\" content=\"980\" \/>\n\t<meta property=\"og:image:height\" content=\"601\" \/>\n\t<meta property=\"og:image:type\" content=\"image\/jpeg\" \/>\n<meta name=\"twitter:card\" content=\"summary_large_image\" \/>\n<meta name=\"twitter:label1\" content=\"Est. reading time\" \/>\n\t<meta name=\"twitter:data1\" content=\"1 minut\u0117\" \/>\n<script type=\"application\/ld+json\" class=\"yoast-schema-graph\">{\"@context\":\"https:\\\/\\\/schema.org\",\"@graph\":[{\"@type\":\"WebPage\",\"@id\":\"https:\\\/\\\/hartico.ee\\\/lt\\\/product\\\/egzoskeletas-eduexo-pro-auxivo\\\/\",\"url\":\"https:\\\/\\\/hartico.ee\\\/lt\\\/product\\\/egzoskeletas-eduexo-pro-auxivo\\\/\",\"name\":\"Egzoskeletas EduExo PRO Auxivo - Hartico\",\"isPartOf\":{\"@id\":\"https:\\\/\\\/hartico.ee\\\/lt\\\/#website\"},\"primaryImageOfPage\":{\"@id\":\"https:\\\/\\\/hartico.ee\\\/lt\\\/product\\\/egzoskeletas-eduexo-pro-auxivo\\\/#primaryimage\"},\"image\":{\"@id\":\"https:\\\/\\\/hartico.ee\\\/lt\\\/product\\\/egzoskeletas-eduexo-pro-auxivo\\\/#primaryimage\"},\"thumbnailUrl\":\"https:\\\/\\\/hartico.ee\\\/wp-content\\\/uploads\\\/2022\\\/11\\\/Auxivo-Kit-Eduexo-Pro-Hartico.jpg\",\"datePublished\":\"2022-11-08T09:58:53+00:00\",\"dateModified\":\"2023-12-07T11:41:56+00:00\",\"description\":\"Exoskeleton EduExo produkt\u0173 linija buvo sukurta tam, kad studentai, mokytojai, m\u0117g\u0117jai ir mokslininkai gal\u0117t\u0173 su\u017einoti apie egzoskeleto technologijas ir j\u0173 mokyti.\",\"breadcrumb\":{\"@id\":\"https:\\\/\\\/hartico.ee\\\/lt\\\/product\\\/egzoskeletas-eduexo-pro-auxivo\\\/#breadcrumb\"},\"inLanguage\":\"lt-LT\",\"potentialAction\":[{\"@type\":\"ReadAction\",\"target\":[\"https:\\\/\\\/hartico.ee\\\/lt\\\/product\\\/egzoskeletas-eduexo-pro-auxivo\\\/\"]}]},{\"@type\":\"ImageObject\",\"inLanguage\":\"lt-LT\",\"@id\":\"https:\\\/\\\/hartico.ee\\\/lt\\\/product\\\/egzoskeletas-eduexo-pro-auxivo\\\/#primaryimage\",\"url\":\"https:\\\/\\\/hartico.ee\\\/wp-content\\\/uploads\\\/2022\\\/11\\\/Auxivo-Kit-Eduexo-Pro-Hartico.jpg\",\"contentUrl\":\"https:\\\/\\\/hartico.ee\\\/wp-content\\\/uploads\\\/2022\\\/11\\\/Auxivo-Kit-Eduexo-Pro-Hartico.jpg\",\"width\":980,\"height\":601,\"caption\":\"Eksoskelett EduExo Pro Auxivo\"},{\"@type\":\"BreadcrumbList\",\"@id\":\"https:\\\/\\\/hartico.ee\\\/lt\\\/product\\\/egzoskeletas-eduexo-pro-auxivo\\\/#breadcrumb\",\"itemListElement\":[{\"@type\":\"ListItem\",\"position\":1,\"name\":\"Esileht\",\"item\":\"https:\\\/\\\/hartico.ee\\\/lt\\\/\"},{\"@type\":\"ListItem\",\"position\":2,\"name\":\"Prek\u0117s\",\"item\":\"https:\\\/\\\/hartico.ee\\\/lt\\\/shop\\\/\"},{\"@type\":\"ListItem\",\"position\":3,\"name\":\"Egzoskeletas EduExo PRO Auxivo\"}]},{\"@type\":\"WebSite\",\"@id\":\"https:\\\/\\\/hartico.ee\\\/lt\\\/#website\",\"url\":\"https:\\\/\\\/hartico.ee\\\/lt\\\/\",\"name\":\"Hartico\",\"description\":\"Lifting and moving systems LIFTKAR, Xetto, Expresso\",\"publisher\":{\"@id\":\"https:\\\/\\\/hartico.ee\\\/lt\\\/#organization\"},\"potentialAction\":[{\"@type\":\"SearchAction\",\"target\":{\"@type\":\"EntryPoint\",\"urlTemplate\":\"https:\\\/\\\/hartico.ee\\\/lt\\\/?s={search_term_string}\"},\"query-input\":{\"@type\":\"PropertyValueSpecification\",\"valueRequired\":true,\"valueName\":\"search_term_string\"}}],\"inLanguage\":\"lt-LT\"},{\"@type\":\"Organization\",\"@id\":\"https:\\\/\\\/hartico.ee\\\/lt\\\/#organization\",\"name\":\"Hartico\",\"url\":\"https:\\\/\\\/hartico.ee\\\/lt\\\/\",\"logo\":{\"@type\":\"ImageObject\",\"inLanguage\":\"lt-LT\",\"@id\":\"https:\\\/\\\/hartico.ee\\\/lt\\\/#\\\/schema\\\/logo\\\/image\\\/\",\"url\":\"https:\\\/\\\/hartico.ee\\\/wp-content\\\/uploads\\\/2018\\\/11\\\/hartico_logo_with_slogan_onecolor.svg\",\"contentUrl\":\"https:\\\/\\\/hartico.ee\\\/wp-content\\\/uploads\\\/2018\\\/11\\\/hartico_logo_with_slogan_onecolor.svg\",\"width\":424,\"height\":157,\"caption\":\"Hartico\"},\"image\":{\"@id\":\"https:\\\/\\\/hartico.ee\\\/lt\\\/#\\\/schema\\\/logo\\\/image\\\/\"},\"sameAs\":[\"https:\\\/\\\/www.facebook.com\\\/SANOTransportgeraeteBaltics\\\/\"]}]}<\/script>\n<!-- \/ Yoast SEO plugin. -->","yoast_head_json":{"title":"Egzoskeletas EduExo PRO Auxivo - Hartico","description":"Exoskeleton EduExo produkt\u0173 linija buvo sukurta tam, kad studentai, mokytojai, m\u0117g\u0117jai ir mokslininkai gal\u0117t\u0173 su\u017einoti apie egzoskeleto technologijas ir j\u0173 mokyti.","robots":{"index":"index","follow":"follow","max-snippet":"max-snippet:-1","max-image-preview":"max-image-preview:large","max-video-preview":"max-video-preview:-1"},"canonical":"https:\/\/hartico.ee\/lt\/product\/egzoskeletas-eduexo-pro-auxivo\/","og_locale":"lt_LT","og_type":"article","og_title":"Egzoskeletas EduExo PRO Auxivo - Hartico","og_description":"Exoskeleton EduExo produkt\u0173 linija buvo sukurta tam, kad studentai, mokytojai, m\u0117g\u0117jai ir mokslininkai gal\u0117t\u0173 su\u017einoti apie egzoskeleto technologijas ir j\u0173 mokyti.","og_url":"https:\/\/hartico.ee\/lt\/product\/egzoskeletas-eduexo-pro-auxivo\/","og_site_name":"Hartico","article_publisher":"https:\/\/www.facebook.com\/SANOTransportgeraeteBaltics\/","article_modified_time":"2023-12-07T11:41:56+00:00","og_image":[{"width":980,"height":601,"url":"https:\/\/hartico.ee\/wp-content\/uploads\/2022\/11\/Auxivo-Kit-Eduexo-Pro-Hartico.jpg","type":"image\/jpeg"}],"twitter_card":"summary_large_image","twitter_misc":{"Est. reading time":"1 minut\u0117"},"schema":{"@context":"https:\/\/schema.org","@graph":[{"@type":"WebPage","@id":"https:\/\/hartico.ee\/lt\/product\/egzoskeletas-eduexo-pro-auxivo\/","url":"https:\/\/hartico.ee\/lt\/product\/egzoskeletas-eduexo-pro-auxivo\/","name":"Egzoskeletas EduExo PRO Auxivo - Hartico","isPartOf":{"@id":"https:\/\/hartico.ee\/lt\/#website"},"primaryImageOfPage":{"@id":"https:\/\/hartico.ee\/lt\/product\/egzoskeletas-eduexo-pro-auxivo\/#primaryimage"},"image":{"@id":"https:\/\/hartico.ee\/lt\/product\/egzoskeletas-eduexo-pro-auxivo\/#primaryimage"},"thumbnailUrl":"https:\/\/hartico.ee\/wp-content\/uploads\/2022\/11\/Auxivo-Kit-Eduexo-Pro-Hartico.jpg","datePublished":"2022-11-08T09:58:53+00:00","dateModified":"2023-12-07T11:41:56+00:00","description":"Exoskeleton EduExo produkt\u0173 linija buvo sukurta tam, kad studentai, mokytojai, m\u0117g\u0117jai ir mokslininkai gal\u0117t\u0173 su\u017einoti apie egzoskeleto technologijas ir j\u0173 mokyti.","breadcrumb":{"@id":"https:\/\/hartico.ee\/lt\/product\/egzoskeletas-eduexo-pro-auxivo\/#breadcrumb"},"inLanguage":"lt-LT","potentialAction":[{"@type":"ReadAction","target":["https:\/\/hartico.ee\/lt\/product\/egzoskeletas-eduexo-pro-auxivo\/"]}]},{"@type":"ImageObject","inLanguage":"lt-LT","@id":"https:\/\/hartico.ee\/lt\/product\/egzoskeletas-eduexo-pro-auxivo\/#primaryimage","url":"https:\/\/hartico.ee\/wp-content\/uploads\/2022\/11\/Auxivo-Kit-Eduexo-Pro-Hartico.jpg","contentUrl":"https:\/\/hartico.ee\/wp-content\/uploads\/2022\/11\/Auxivo-Kit-Eduexo-Pro-Hartico.jpg","width":980,"height":601,"caption":"Eksoskelett EduExo Pro Auxivo"},{"@type":"BreadcrumbList","@id":"https:\/\/hartico.ee\/lt\/product\/egzoskeletas-eduexo-pro-auxivo\/#breadcrumb","itemListElement":[{"@type":"ListItem","position":1,"name":"Esileht","item":"https:\/\/hartico.ee\/lt\/"},{"@type":"ListItem","position":2,"name":"Prek\u0117s","item":"https:\/\/hartico.ee\/lt\/shop\/"},{"@type":"ListItem","position":3,"name":"Egzoskeletas EduExo PRO Auxivo"}]},{"@type":"WebSite","@id":"https:\/\/hartico.ee\/lt\/#website","url":"https:\/\/hartico.ee\/lt\/","name":"Hartico","description":"Lifting and moving systems LIFTKAR, Xetto, Expresso","publisher":{"@id":"https:\/\/hartico.ee\/lt\/#organization"},"potentialAction":[{"@type":"SearchAction","target":{"@type":"EntryPoint","urlTemplate":"https:\/\/hartico.ee\/lt\/?s={search_term_string}"},"query-input":{"@type":"PropertyValueSpecification","valueRequired":true,"valueName":"search_term_string"}}],"inLanguage":"lt-LT"},{"@type":"Organization","@id":"https:\/\/hartico.ee\/lt\/#organization","name":"Hartico","url":"https:\/\/hartico.ee\/lt\/","logo":{"@type":"ImageObject","inLanguage":"lt-LT","@id":"https:\/\/hartico.ee\/lt\/#\/schema\/logo\/image\/","url":"https:\/\/hartico.ee\/wp-content\/uploads\/2018\/11\/hartico_logo_with_slogan_onecolor.svg","contentUrl":"https:\/\/hartico.ee\/wp-content\/uploads\/2018\/11\/hartico_logo_with_slogan_onecolor.svg","width":424,"height":157,"caption":"Hartico"},"image":{"@id":"https:\/\/hartico.ee\/lt\/#\/schema\/logo\/image\/"},"sameAs":["https:\/\/www.facebook.com\/SANOTransportgeraeteBaltics\/"]}]}},"_links":{"self":[{"href":"https:\/\/hartico.ee\/lt\/wp-json\/wp\/v2\/product\/21034","targetHints":{"allow":["GET"]}}],"collection":[{"href":"https:\/\/hartico.ee\/lt\/wp-json\/wp\/v2\/product"}],"about":[{"href":"https:\/\/hartico.ee\/lt\/wp-json\/wp\/v2\/types\/product"}],"wp:featuredmedia":[{"embeddable":true,"href":"https:\/\/hartico.ee\/lt\/wp-json\/wp\/v2\/media\/18733"}],"wp:attachment":[{"href":"https:\/\/hartico.ee\/lt\/wp-json\/wp\/v2\/media?parent=21034"}],"wp:term":[{"taxonomy":"product_brand","embeddable":true,"href":"https:\/\/hartico.ee\/lt\/wp-json\/wp\/v2\/product_brand?post=21034"},{"taxonomy":"product_cat","embeddable":true,"href":"https:\/\/hartico.ee\/lt\/wp-json\/wp\/v2\/product_cat?post=21034"},{"taxonomy":"product_tag","embeddable":true,"href":"https:\/\/hartico.ee\/lt\/wp-json\/wp\/v2\/product_tag?post=21034"}],"curies":[{"name":"wp","href":"https:\/\/api.w.org\/{rel}","templated":true}]}}