{"id":21029,"date":"2023-03-01T14:46:59","date_gmt":"2023-03-01T12:46:59","guid":{"rendered":"https:\/\/hartico.ee\/product\/exoskeleton-spineband-active-kaelale\/"},"modified":"2023-12-07T12:44:24","modified_gmt":"2023-12-07T10:44:24","slug":"exoskeleton-spineband-active-kaelale","status":"publish","type":"product","link":"https:\/\/hartico.ee\/lt\/product\/exoskeleton-spineband-active-kaelale\/","title":{"rendered":"Egzoskeletas SpineBand Active kaklelis"},"content":{"rendered":"<h2>Exoskeleton SpineBand Active suma\u017eina kaklo apkrov\u0105.<\/h2>\n<p>SpineBand Active padeda atpalaiduoti kaklo ir vir\u0161utin\u0117s nugaros dalies raumenis, kad i\u0161vengt\u0173 skausmo!<\/p>\n<p>\u0160vedijoje sukurtas produktas yra speciali pagalbin\u0117 priemon\u0117 tiems, kurie dirba su dideliu kr\u016bviu kaklui ir nori i\u0161vengti kaklo raumen\u0173 nuovargio.<\/p>\n<p>Vertikalioje pad\u0117tyje galvos apkrova kaklui yra 4-6 kg. Pasilenkus \u012f priek\u012f beveik 60\u00b0, kaklo apkrova i\u0161auga iki 27 kg, o tai gali sukelti \u012ftamp\u0105, stres\u0105 ir profesines ligas ilgalaikio darbo metu.<\/p>\n<p>Kaklo \u012ftampai ir nuovargiui pa\u0161alinti pakanka 30-60 minu\u010di\u0173 SpineBand naudojimo per dien\u0105.<\/p>\n<h5>Exoskeleton SpineBand Active naudojimas:<\/h5>\n<p>suvirinimas<br \/>\nchirurgai ir gydytojai<br \/>\nauksakaliai<br \/>\ntatuiruo\u010di\u0173 meistrai<br \/>\npramon\u0117 ir gamyba<br \/>\nr\u016b\u0161iavimas, pakavimas<br \/>\nsiuvimo ir tekstil\u0117s pramon\u0117<br \/>\nrenovacija<br \/>\nkompiuteris ir IT<br \/>\nplyteli\u0173 klijavimas, grind\u0173 dang\u0173 \u012frengimas<br \/>\ngrindinio akmen\u0173 montavimas<br \/>\nap\u017eeldinimas, sodininkyst\u0117 ir \u017eem\u0117s \u016bkis<\/p>\n<p>&nbsp;<\/p>\n<p><img loading=\"lazy\" decoding=\"async\" class=\"alignnone wp-image-19129\" src=\"https:\/\/hartico.ee\/wp-content\/uploads\/2023\/03\/SpineBand-Active-installation-of-paving-stones-300x223.png\" alt=\"Exoskeleton SpineBand Active t\u00e4navakivide paigaldus\" width=\"235\" height=\"175\" srcset=\"https:\/\/hartico.ee\/wp-content\/uploads\/2023\/03\/SpineBand-Active-installation-of-paving-stones-300x223.png 300w, https:\/\/hartico.ee\/wp-content\/uploads\/2023\/03\/SpineBand-Active-installation-of-paving-stones.png 653w\" sizes=\"auto, (max-width: 235px) 100vw, 235px\" \/><img loading=\"lazy\" decoding=\"async\" class=\"alignnone wp-image-19099\" src=\"https:\/\/hartico.ee\/wp-content\/uploads\/2023\/03\/SpineBand-Active-welding-1.png\" alt=\"SpineBand Active keevituse t\u00f6\u00f6abivahend\" width=\"193\" height=\"175\" srcset=\"https:\/\/hartico.ee\/wp-content\/uploads\/2023\/03\/SpineBand-Active-welding-1.png 722w, https:\/\/hartico.ee\/wp-content\/uploads\/2023\/03\/SpineBand-Active-welding-1-700x635.png 700w\" sizes=\"auto, (max-width: 193px) 100vw, 193px\" \/><img loading=\"lazy\" decoding=\"async\" class=\"alignnone wp-image-19164\" src=\"https:\/\/hartico.ee\/wp-content\/uploads\/2023\/03\/SpineBand-Active-tatoo-artist-300x225.png\" alt=\"Exoskeleton SpineBand Active tatoo \" width=\"232\" height=\"174\" srcset=\"https:\/\/hartico.ee\/wp-content\/uploads\/2023\/03\/SpineBand-Active-tatoo-artist-300x225.png 300w, https:\/\/hartico.ee\/wp-content\/uploads\/2023\/03\/SpineBand-Active-tatoo-artist.png 653w\" sizes=\"auto, (max-width: 232px) 100vw, 232px\" \/><\/p>\n<p>&nbsp;<\/p>\n<p><img loading=\"lazy\" decoding=\"async\" class=\"alignnone wp-image-19159\" src=\"https:\/\/hartico.ee\/wp-content\/uploads\/2023\/03\/SpineBand-Active-Bicycling-1.png\" alt=\"Exoskeleton SpineBand Active jalgrattakiivri kinnitus\" width=\"183\" height=\"274\" srcset=\"https:\/\/hartico.ee\/wp-content\/uploads\/2023\/03\/SpineBand-Active-Bicycling-1.png 580w, https:\/\/hartico.ee\/wp-content\/uploads\/2023\/03\/SpineBand-Active-Bicycling-1-470x700.png 470w, https:\/\/hartico.ee\/wp-content\/uploads\/2023\/03\/SpineBand-Active-Bicycling-1-300x447.png 300w\" sizes=\"auto, (max-width: 183px) 100vw, 183px\" \/><img loading=\"lazy\" decoding=\"async\" class=\"alignnone size-medium wp-image-19139\" src=\"https:\/\/hartico.ee\/wp-content\/uploads\/2023\/03\/SpineBand-Active-walking.png\" alt=\"Exoskeleton SpineBand Active jalutamine\" width=\"300\" height=\"273\" srcset=\"https:\/\/hartico.ee\/wp-content\/uploads\/2023\/03\/SpineBand-Active-walking.png 720w, https:\/\/hartico.ee\/wp-content\/uploads\/2023\/03\/SpineBand-Active-walking-700x637.png 700w\" sizes=\"auto, (max-width: 300px) 100vw, 300px\" \/><img loading=\"lazy\" decoding=\"async\" class=\"alignnone wp-image-19209\" src=\"https:\/\/hartico.ee\/wp-content\/uploads\/2023\/03\/SpineBand-Active-walking-2.png\" alt=\"Exoskeleton SpineBand Active, matkamine\" width=\"179\" height=\"273\" srcset=\"https:\/\/hartico.ee\/wp-content\/uploads\/2023\/03\/SpineBand-Active-walking-2.png 568w, https:\/\/hartico.ee\/wp-content\/uploads\/2023\/03\/SpineBand-Active-walking-2-460x700.png 460w, https:\/\/hartico.ee\/wp-content\/uploads\/2023\/03\/SpineBand-Active-walking-2-300x456.png 300w\" sizes=\"auto, (max-width: 179px) 100vw, 179px\" \/><\/p>\n<p>&nbsp;<\/p>\n<h6><span class=\"jCAhz ChMk0b\"><span class=\"ryNqvb\">CE \u017eenklinimas<\/span><\/span><\/h6>\n<p><span class=\"jCAhz ChMk0b\"><span class=\"ryNqvb\">Medicini\u0161kai patikrintas, turi CE \u017eenkl\u0105 nuo 2020 m.<\/span><\/span> <span class=\"jCAhz ChMk0b\"><span class=\"ryNqvb\">Gali b\u016bti naudojamas sveikatos prie\u017ei\u016bros srityje<\/span><\/span><\/p>\n<p><img loading=\"lazy\" decoding=\"async\" class=\"alignnone size-medium wp-image-19219\" style=\"font-size: 16px;\" src=\"https:\/\/hartico.ee\/wp-content\/uploads\/2023\/03\/SpineBand-Electromyography-test-300x264.png\" alt=\"\" width=\"300\" height=\"264\" srcset=\"https:\/\/hartico.ee\/wp-content\/uploads\/2023\/03\/SpineBand-Electromyography-test-300x264.png 300w, https:\/\/hartico.ee\/wp-content\/uploads\/2023\/03\/SpineBand-Electromyography-test.png 536w\" sizes=\"auto, (max-width: 300px) 100vw, 300px\" \/><\/p>\n<h5>Dyd\u017eiai:<\/h5>\n<p>XS-M\u00a0 \u00a0&#8211; A 162-180cm, B 62-110cm<\/p>\n<p>L-XXL &#8211; A 180-200cm, B 80-125cm<\/p>\n<p><img loading=\"lazy\" decoding=\"async\" class=\"alignnone wp-image-19084\" src=\"https:\/\/hartico.ee\/wp-content\/uploads\/2023\/03\/SpineBand-Active-measures.webp\" alt=\"Exoskeleton SpineBand Active measures\" width=\"200\" height=\"193\" \/><\/p>\n<p>Galima \u012fsigyti daug galvos juost\u0173 ir pried\u0173 su greitosiomis tvirtinimo detal\u0117mis: skryb\u0117l\u0117ms ir suvirinimo kaukei<\/p>\n","protected":false},"excerpt":{"rendered":"<p>Exoskeleton SpineBand Active suma\u017eina kaklo apkrov\u0105. SpineBand Active padeda atpalaiduoti kaklo ir vir\u0161utin\u0117s nugaros dalies raumenis, kad i\u0161vengt\u0173 skausmo! \u0160vedijoje sukurtas produktas yra speciali pagalbin\u0117 priemon\u0117 tiems, kurie dirba su dideliu kr\u016bviu kaklui ir nori i\u0161vengti kaklo raumen\u0173 nuovargio. Vertikalioje pad\u0117tyje galvos apkrova kaklui yra 4-6 kg. Pasilenkus \u012f priek\u012f beveik 60\u00b0, kaklo apkrova i\u0161auga [&hellip;]<\/p>\n","protected":false},"featured_media":19092,"template":"","meta":{"_acf_changed":false,"inline_featured_image":false},"product_brand":[],"product_cat":[752,408,413],"product_tag":[259,968,260,969,970,971],"class_list":{"0":"post-21029","1":"product","2":"type-product","3":"status-publish","4":"has-post-thumbnail","6":"product_cat-egzoskeletai-kaklui","7":"product_cat-egzoskeletai-nugarai","8":"product_cat-egzoskeletai-virsutinei-kuno-daliai-ir-rankoms","9":"product_tag-eksoskelett-lt","10":"product_tag-eksoskelette-lt","11":"product_tag-exoskeleton-lt","12":"product_tag-kaelavalu-lt","13":"product_tag-seljavalu-lt","14":"product_tag-spineband-lt","16":"first","17":"instock","18":"taxable","19":"shipping-taxable","20":"purchasable","21":"product-type-simple"},"acf":[],"yoast_head":"<!-- This site is optimized with the Yoast SEO plugin v27.3 - https:\/\/yoast.com\/product\/yoast-seo-wordpress\/ -->\n<title>Egzoskeletas SpineBand Active kaklelis - Hartico<\/title>\n<meta name=\"description\" content=\"Egzoskeletas SpineBand Active suma\u017eina kaklo apkrov\u0105. SpineBand padeda atpalaiduoti kaklo ir vir\u0161utin\u0117s nugaros dalies raumenis, kad i\u0161vengt\u0173 skausmo!\" \/>\n<meta name=\"robots\" content=\"index, follow, max-snippet:-1, max-image-preview:large, max-video-preview:-1\" \/>\n<link rel=\"canonical\" href=\"https:\/\/hartico.ee\/lt\/product\/exoskeleton-spineband-active-kaelale\/\" \/>\n<meta property=\"og:locale\" content=\"lt_LT\" \/>\n<meta property=\"og:type\" content=\"article\" \/>\n<meta property=\"og:title\" content=\"Egzoskeletas SpineBand Active kaklelis - Hartico\" \/>\n<meta property=\"og:description\" content=\"Egzoskeletas SpineBand Active suma\u017eina kaklo apkrov\u0105. SpineBand padeda atpalaiduoti kaklo ir vir\u0161utin\u0117s nugaros dalies raumenis, kad i\u0161vengt\u0173 skausmo!\" \/>\n<meta property=\"og:url\" content=\"https:\/\/hartico.ee\/lt\/product\/exoskeleton-spineband-active-kaelale\/\" \/>\n<meta property=\"og:site_name\" content=\"Hartico\" \/>\n<meta property=\"article:publisher\" content=\"https:\/\/www.facebook.com\/SANOTransportgeraeteBaltics\/\" \/>\n<meta property=\"article:modified_time\" content=\"2023-12-07T10:44:24+00:00\" \/>\n<meta property=\"og:image\" content=\"https:\/\/hartico.ee\/wp-content\/uploads\/2023\/03\/SpineBand-Active-welding-helmet.png\" \/>\n\t<meta property=\"og:image:width\" content=\"517\" \/>\n\t<meta property=\"og:image:height\" content=\"466\" \/>\n\t<meta property=\"og:image:type\" content=\"image\/png\" \/>\n<meta name=\"twitter:card\" content=\"summary_large_image\" \/>\n<meta name=\"twitter:label1\" content=\"Est. reading time\" \/>\n\t<meta name=\"twitter:data1\" content=\"3 minut\u0117s\" \/>\n<script type=\"application\/ld+json\" class=\"yoast-schema-graph\">{\"@context\":\"https:\\\/\\\/schema.org\",\"@graph\":[{\"@type\":\"WebPage\",\"@id\":\"https:\\\/\\\/hartico.ee\\\/lt\\\/product\\\/exoskeleton-spineband-active-kaelale\\\/\",\"url\":\"https:\\\/\\\/hartico.ee\\\/lt\\\/product\\\/exoskeleton-spineband-active-kaelale\\\/\",\"name\":\"Egzoskeletas SpineBand Active kaklelis - Hartico\",\"isPartOf\":{\"@id\":\"https:\\\/\\\/hartico.ee\\\/lt\\\/#website\"},\"primaryImageOfPage\":{\"@id\":\"https:\\\/\\\/hartico.ee\\\/lt\\\/product\\\/exoskeleton-spineband-active-kaelale\\\/#primaryimage\"},\"image\":{\"@id\":\"https:\\\/\\\/hartico.ee\\\/lt\\\/product\\\/exoskeleton-spineband-active-kaelale\\\/#primaryimage\"},\"thumbnailUrl\":\"https:\\\/\\\/hartico.ee\\\/wp-content\\\/uploads\\\/2023\\\/03\\\/SpineBand-Active-welding-helmet.png\",\"datePublished\":\"2023-03-01T12:46:59+00:00\",\"dateModified\":\"2023-12-07T10:44:24+00:00\",\"description\":\"Egzoskeletas SpineBand Active suma\u017eina kaklo apkrov\u0105. SpineBand padeda atpalaiduoti kaklo ir vir\u0161utin\u0117s nugaros dalies raumenis, kad i\u0161vengt\u0173 skausmo!\",\"breadcrumb\":{\"@id\":\"https:\\\/\\\/hartico.ee\\\/lt\\\/product\\\/exoskeleton-spineband-active-kaelale\\\/#breadcrumb\"},\"inLanguage\":\"lt-LT\",\"potentialAction\":[{\"@type\":\"ReadAction\",\"target\":[\"https:\\\/\\\/hartico.ee\\\/lt\\\/product\\\/exoskeleton-spineband-active-kaelale\\\/\"]}]},{\"@type\":\"ImageObject\",\"inLanguage\":\"lt-LT\",\"@id\":\"https:\\\/\\\/hartico.ee\\\/lt\\\/product\\\/exoskeleton-spineband-active-kaelale\\\/#primaryimage\",\"url\":\"https:\\\/\\\/hartico.ee\\\/wp-content\\\/uploads\\\/2023\\\/03\\\/SpineBand-Active-welding-helmet.png\",\"contentUrl\":\"https:\\\/\\\/hartico.ee\\\/wp-content\\\/uploads\\\/2023\\\/03\\\/SpineBand-Active-welding-helmet.png\",\"width\":517,\"height\":466,\"caption\":\"Egzoskeletai kaklui\"},{\"@type\":\"BreadcrumbList\",\"@id\":\"https:\\\/\\\/hartico.ee\\\/lt\\\/product\\\/exoskeleton-spineband-active-kaelale\\\/#breadcrumb\",\"itemListElement\":[{\"@type\":\"ListItem\",\"position\":1,\"name\":\"Esileht\",\"item\":\"https:\\\/\\\/hartico.ee\\\/lt\\\/\"},{\"@type\":\"ListItem\",\"position\":2,\"name\":\"Prek\u0117s\",\"item\":\"https:\\\/\\\/hartico.ee\\\/lt\\\/shop\\\/\"},{\"@type\":\"ListItem\",\"position\":3,\"name\":\"Egzoskeletas SpineBand Active kaklelis\"}]},{\"@type\":\"WebSite\",\"@id\":\"https:\\\/\\\/hartico.ee\\\/lt\\\/#website\",\"url\":\"https:\\\/\\\/hartico.ee\\\/lt\\\/\",\"name\":\"Hartico\",\"description\":\"Lifting and moving systems LIFTKAR, Xetto, Expresso\",\"publisher\":{\"@id\":\"https:\\\/\\\/hartico.ee\\\/lt\\\/#organization\"},\"potentialAction\":[{\"@type\":\"SearchAction\",\"target\":{\"@type\":\"EntryPoint\",\"urlTemplate\":\"https:\\\/\\\/hartico.ee\\\/lt\\\/?s={search_term_string}\"},\"query-input\":{\"@type\":\"PropertyValueSpecification\",\"valueRequired\":true,\"valueName\":\"search_term_string\"}}],\"inLanguage\":\"lt-LT\"},{\"@type\":\"Organization\",\"@id\":\"https:\\\/\\\/hartico.ee\\\/lt\\\/#organization\",\"name\":\"Hartico\",\"url\":\"https:\\\/\\\/hartico.ee\\\/lt\\\/\",\"logo\":{\"@type\":\"ImageObject\",\"inLanguage\":\"lt-LT\",\"@id\":\"https:\\\/\\\/hartico.ee\\\/lt\\\/#\\\/schema\\\/logo\\\/image\\\/\",\"url\":\"https:\\\/\\\/hartico.ee\\\/wp-content\\\/uploads\\\/2018\\\/11\\\/hartico_logo_with_slogan_onecolor.svg\",\"contentUrl\":\"https:\\\/\\\/hartico.ee\\\/wp-content\\\/uploads\\\/2018\\\/11\\\/hartico_logo_with_slogan_onecolor.svg\",\"width\":424,\"height\":157,\"caption\":\"Hartico\"},\"image\":{\"@id\":\"https:\\\/\\\/hartico.ee\\\/lt\\\/#\\\/schema\\\/logo\\\/image\\\/\"},\"sameAs\":[\"https:\\\/\\\/www.facebook.com\\\/SANOTransportgeraeteBaltics\\\/\"]}]}<\/script>\n<!-- \/ Yoast SEO plugin. -->","yoast_head_json":{"title":"Egzoskeletas SpineBand Active kaklelis - Hartico","description":"Egzoskeletas SpineBand Active suma\u017eina kaklo apkrov\u0105. SpineBand padeda atpalaiduoti kaklo ir vir\u0161utin\u0117s nugaros dalies raumenis, kad i\u0161vengt\u0173 skausmo!","robots":{"index":"index","follow":"follow","max-snippet":"max-snippet:-1","max-image-preview":"max-image-preview:large","max-video-preview":"max-video-preview:-1"},"canonical":"https:\/\/hartico.ee\/lt\/product\/exoskeleton-spineband-active-kaelale\/","og_locale":"lt_LT","og_type":"article","og_title":"Egzoskeletas SpineBand Active kaklelis - Hartico","og_description":"Egzoskeletas SpineBand Active suma\u017eina kaklo apkrov\u0105. SpineBand padeda atpalaiduoti kaklo ir vir\u0161utin\u0117s nugaros dalies raumenis, kad i\u0161vengt\u0173 skausmo!","og_url":"https:\/\/hartico.ee\/lt\/product\/exoskeleton-spineband-active-kaelale\/","og_site_name":"Hartico","article_publisher":"https:\/\/www.facebook.com\/SANOTransportgeraeteBaltics\/","article_modified_time":"2023-12-07T10:44:24+00:00","og_image":[{"width":517,"height":466,"url":"https:\/\/hartico.ee\/wp-content\/uploads\/2023\/03\/SpineBand-Active-welding-helmet.png","type":"image\/png"}],"twitter_card":"summary_large_image","twitter_misc":{"Est. reading time":"3 minut\u0117s"},"schema":{"@context":"https:\/\/schema.org","@graph":[{"@type":"WebPage","@id":"https:\/\/hartico.ee\/lt\/product\/exoskeleton-spineband-active-kaelale\/","url":"https:\/\/hartico.ee\/lt\/product\/exoskeleton-spineband-active-kaelale\/","name":"Egzoskeletas SpineBand Active kaklelis - Hartico","isPartOf":{"@id":"https:\/\/hartico.ee\/lt\/#website"},"primaryImageOfPage":{"@id":"https:\/\/hartico.ee\/lt\/product\/exoskeleton-spineband-active-kaelale\/#primaryimage"},"image":{"@id":"https:\/\/hartico.ee\/lt\/product\/exoskeleton-spineband-active-kaelale\/#primaryimage"},"thumbnailUrl":"https:\/\/hartico.ee\/wp-content\/uploads\/2023\/03\/SpineBand-Active-welding-helmet.png","datePublished":"2023-03-01T12:46:59+00:00","dateModified":"2023-12-07T10:44:24+00:00","description":"Egzoskeletas SpineBand Active suma\u017eina kaklo apkrov\u0105. SpineBand padeda atpalaiduoti kaklo ir vir\u0161utin\u0117s nugaros dalies raumenis, kad i\u0161vengt\u0173 skausmo!","breadcrumb":{"@id":"https:\/\/hartico.ee\/lt\/product\/exoskeleton-spineband-active-kaelale\/#breadcrumb"},"inLanguage":"lt-LT","potentialAction":[{"@type":"ReadAction","target":["https:\/\/hartico.ee\/lt\/product\/exoskeleton-spineband-active-kaelale\/"]}]},{"@type":"ImageObject","inLanguage":"lt-LT","@id":"https:\/\/hartico.ee\/lt\/product\/exoskeleton-spineband-active-kaelale\/#primaryimage","url":"https:\/\/hartico.ee\/wp-content\/uploads\/2023\/03\/SpineBand-Active-welding-helmet.png","contentUrl":"https:\/\/hartico.ee\/wp-content\/uploads\/2023\/03\/SpineBand-Active-welding-helmet.png","width":517,"height":466,"caption":"Egzoskeletai kaklui"},{"@type":"BreadcrumbList","@id":"https:\/\/hartico.ee\/lt\/product\/exoskeleton-spineband-active-kaelale\/#breadcrumb","itemListElement":[{"@type":"ListItem","position":1,"name":"Esileht","item":"https:\/\/hartico.ee\/lt\/"},{"@type":"ListItem","position":2,"name":"Prek\u0117s","item":"https:\/\/hartico.ee\/lt\/shop\/"},{"@type":"ListItem","position":3,"name":"Egzoskeletas SpineBand Active kaklelis"}]},{"@type":"WebSite","@id":"https:\/\/hartico.ee\/lt\/#website","url":"https:\/\/hartico.ee\/lt\/","name":"Hartico","description":"Lifting and moving systems LIFTKAR, Xetto, Expresso","publisher":{"@id":"https:\/\/hartico.ee\/lt\/#organization"},"potentialAction":[{"@type":"SearchAction","target":{"@type":"EntryPoint","urlTemplate":"https:\/\/hartico.ee\/lt\/?s={search_term_string}"},"query-input":{"@type":"PropertyValueSpecification","valueRequired":true,"valueName":"search_term_string"}}],"inLanguage":"lt-LT"},{"@type":"Organization","@id":"https:\/\/hartico.ee\/lt\/#organization","name":"Hartico","url":"https:\/\/hartico.ee\/lt\/","logo":{"@type":"ImageObject","inLanguage":"lt-LT","@id":"https:\/\/hartico.ee\/lt\/#\/schema\/logo\/image\/","url":"https:\/\/hartico.ee\/wp-content\/uploads\/2018\/11\/hartico_logo_with_slogan_onecolor.svg","contentUrl":"https:\/\/hartico.ee\/wp-content\/uploads\/2018\/11\/hartico_logo_with_slogan_onecolor.svg","width":424,"height":157,"caption":"Hartico"},"image":{"@id":"https:\/\/hartico.ee\/lt\/#\/schema\/logo\/image\/"},"sameAs":["https:\/\/www.facebook.com\/SANOTransportgeraeteBaltics\/"]}]}},"_links":{"self":[{"href":"https:\/\/hartico.ee\/lt\/wp-json\/wp\/v2\/product\/21029","targetHints":{"allow":["GET"]}}],"collection":[{"href":"https:\/\/hartico.ee\/lt\/wp-json\/wp\/v2\/product"}],"about":[{"href":"https:\/\/hartico.ee\/lt\/wp-json\/wp\/v2\/types\/product"}],"wp:featuredmedia":[{"embeddable":true,"href":"https:\/\/hartico.ee\/lt\/wp-json\/wp\/v2\/media\/19092"}],"wp:attachment":[{"href":"https:\/\/hartico.ee\/lt\/wp-json\/wp\/v2\/media?parent=21029"}],"wp:term":[{"taxonomy":"product_brand","embeddable":true,"href":"https:\/\/hartico.ee\/lt\/wp-json\/wp\/v2\/product_brand?post=21029"},{"taxonomy":"product_cat","embeddable":true,"href":"https:\/\/hartico.ee\/lt\/wp-json\/wp\/v2\/product_cat?post=21029"},{"taxonomy":"product_tag","embeddable":true,"href":"https:\/\/hartico.ee\/lt\/wp-json\/wp\/v2\/product_tag?post=21029"}],"curies":[{"name":"wp","href":"https:\/\/api.w.org\/{rel}","templated":true}]}}