{"id":20874,"date":"2023-10-19T10:07:39","date_gmt":"2023-10-19T08:07:39","guid":{"rendered":"https:\/\/hartico.ee\/product\/expresso-201521-alumiinium-nokk-karu\/"},"modified":"2023-10-19T10:20:20","modified_gmt":"2023-10-19T08:20:20","slug":"expresso-201521-aliuminio-rankinis-vezimelis","status":"publish","type":"product","link":"https:\/\/hartico.ee\/lt\/product\/expresso-201521-aliuminio-rankinis-vezimelis\/","title":{"rendered":"Expresso 201521 aliuminio rankinis ve\u017eim\u0117lis"},"content":{"rendered":"<div class=\"sub-title\">\n<p><strong>Expresso 201521 aliuminio pa\u0117mimo ve\u017eim\u0117lis yra auk\u0161\u010diausiai \u012fvertintas profesionalus rankinis ve\u017eim\u0117lis Vakar\u0173 Europoje.<\/strong><br \/>\nExpresso Deutschland \u2013 auk\u0161\u010diausia kokyb\u0117 nuo \u0161e\u0161tojo de\u0161imtme\u010dio<\/p>\n<p>Prek\u0117ms iki 300 kg<br \/>\nR\u0117mo auk\u0161tis 1300 mm<br \/>\nVe\u017eim\u0117lio plotis rato a\u0161yje yra 460 mm<br \/>\nApatin\u0117s atramin\u0117s plok\u0161t\u0117s dydis 300x305x7mm<br \/>\nSvoris 11,3 kg<br \/>\nRankenos m\u0117lynos spalvos<\/p>\n<p><strong>Elipsinis aliuminio vamzdis, pagamintas i\u0161 didelio stiprumo specialaus lydinio<\/strong><\/p>\n<p>R\u0117mas pagamintas i\u0161 aliuminio elips\u0117s formos vamzd\u017eio, pagaminto i\u0161 didelio stiprumo specialaus lydinio, kad b\u016bt\u0173 u\u017etikrintas geriausias stabilumas ir ilgaam\u017ei\u0161kumas; Sustiprinta pagrindin\u0117je \u012ftempi\u0173 zonoje \u2013 50% lengvesn\u0117 u\u017e plien\u0105.<\/p>\n<p><strong>Saugios rankenos<\/strong><\/p>\n<p>Saugios rankenos apsaugo rankas va\u017eiuojant siaurais pra\u0117jimais ir manevruojant tarp transporto priemoni\u0173. Rankenos sudaro nuolatin\u012f ir patikim\u0105 ry\u0161\u012f su rankenos vamzdeliu, nenaudojant klij\u0173 ar var\u017et\u0173.<\/p>\n<p><strong>Stiklo pluo\u0161tu sustiprinta lenkta skersini\u0173 sij\u0173 jungtis<\/strong><\/p>\n<p>Auk\u0161tas saugos standartas d\u0117l teigiamos jungiamosios sijos, pagamintos i\u0161 specialaus lydinio. Vir\u0161utinis skersinis veikia kaip tur\u0117klas, pavyzd\u017eiui, norint pakilti laiptais.<\/p>\n<p><strong>Skelbim\u0173 lenta<\/strong><\/p>\n<p>Visi nauji EXPRESSO krovimo ve\u017eim\u0117liai Vokietijoje u\u017e papildom\u0105 mokest\u012f yra su reklamine etikete. Tiesiog atsi\u0173skite savo logotip\u0105 arba tekst\u0105. Kaip apsaugoti savo turt\u0105 ir reklamuoti savo versl\u0105!<\/p>\n<p><strong>Laiptin\u0117s rog\u0117s &#8211; atraminiai b\u0117giai<\/strong><\/p>\n<p>Rogut\u0117s leid\u017eia prakti\u0161kai ir saugiai transportuoti d\u0117\u017ees ir d\u0117\u017ees laiptais. Profiliuose yra integruotas raudonas nusid\u0117v\u0117jimo indikatorius, apsaugantis konstrukcij\u0105. D\u0117l spaustuk\u0173 sistemos juos galima greitai pakeisti.<\/p>\n<p><strong>I\u0161lenkta pakreipimo a\u0161is<\/strong><\/p>\n<p>Lenkta a\u0161ies forma palengvina pasvirim\u0105 net esant dideliam apkrovimui ir neleid\u017eia p\u0117dai slysti. Lenkta a\u0161is standarti\u0161kai montuojama ant vis\u0173 260 mm skersmens rat\u0173.<\/p>\n<p><strong>Rat\u0173 apsauga<\/strong><\/p>\n<p>I\u0161 EXLAN plastiko pagaminta rato apsauga neleid\u017eia pa\u017eeisti jautri\u0173 preki\u0173<br \/>\n\u200b<\/p>\n<\/div>\n","protected":false},"excerpt":{"rendered":"<p>Expresso 201521 aliuminio pa\u0117mimo ve\u017eim\u0117lis yra auk\u0161\u010diausiai \u012fvertintas profesionalus rankinis ve\u017eim\u0117lis Vakar\u0173 Europoje. Expresso Deutschland \u2013 auk\u0161\u010diausia kokyb\u0117 nuo \u0161e\u0161tojo de\u0161imtme\u010dio Prek\u0117ms iki 300 kg R\u0117mo auk\u0161tis 1300 mm Ve\u017eim\u0117lio plotis rato a\u0161yje yra 460 mm Apatin\u0117s atramin\u0117s plok\u0161t\u0117s dydis 300x305x7mm Svoris 11,3 kg Rankenos m\u0117lynos spalvos Elipsinis aliuminio vamzdis, pagamintas i\u0161 didelio stiprumo specialaus [&hellip;]<\/p>\n","protected":false},"featured_media":20864,"template":"","meta":{"_acf_changed":false,"inline_featured_image":false},"product_brand":[],"product_cat":[369],"product_tag":[],"class_list":{"0":"post-20874","1":"product","2":"type-product","3":"status-publish","4":"has-post-thumbnail","6":"product_cat-tostmistooriistad","8":"first","9":"instock","10":"taxable","11":"shipping-taxable","12":"purchasable","13":"product-type-simple"},"acf":[],"yoast_head":"<!-- This site is optimized with the Yoast SEO plugin v27.3 - https:\/\/yoast.com\/product\/yoast-seo-wordpress\/ -->\n<title>Expresso 201521 aliuminio rankinis ve\u017eim\u0117lis - Hartico<\/title>\n<meta name=\"description\" content=\"Expresso 201521 aliuminio pa\u0117mimo ve\u017eim\u0117lis yra auk\u0161\u010diausiai \u012fvertintas profesionalus rankinis ve\u017eim\u0117lis Vakar\u0173 Europoje. auk\u0161\u010diausia kokyb\u0117 nuo \u0161e\u0161tojo de\u0161imtme\u010dio\" \/>\n<meta name=\"robots\" content=\"index, follow, max-snippet:-1, max-image-preview:large, max-video-preview:-1\" \/>\n<link rel=\"canonical\" href=\"https:\/\/hartico.ee\/lt\/product\/expresso-201521-aliuminio-rankinis-vezimelis\/\" \/>\n<meta property=\"og:locale\" content=\"lt_LT\" \/>\n<meta property=\"og:type\" content=\"article\" \/>\n<meta property=\"og:title\" content=\"Expresso 201521 aliuminio rankinis ve\u017eim\u0117lis - Hartico\" \/>\n<meta property=\"og:description\" content=\"Expresso 201521 aliuminio pa\u0117mimo ve\u017eim\u0117lis yra auk\u0161\u010diausiai \u012fvertintas profesionalus rankinis ve\u017eim\u0117lis Vakar\u0173 Europoje. auk\u0161\u010diausia kokyb\u0117 nuo \u0161e\u0161tojo de\u0161imtme\u010dio\" \/>\n<meta property=\"og:url\" content=\"https:\/\/hartico.ee\/lt\/product\/expresso-201521-aliuminio-rankinis-vezimelis\/\" \/>\n<meta property=\"og:site_name\" content=\"Hartico\" \/>\n<meta property=\"article:publisher\" content=\"https:\/\/www.facebook.com\/SANOTransportgeraeteBaltics\/\" \/>\n<meta property=\"article:modified_time\" content=\"2023-10-19T08:20:20+00:00\" \/>\n<meta property=\"og:image\" content=\"https:\/\/hartico.ee\/wp-content\/uploads\/2023\/10\/Expresso-201521.jpg\" \/>\n\t<meta property=\"og:image:width\" content=\"507\" \/>\n\t<meta property=\"og:image:height\" content=\"504\" \/>\n\t<meta property=\"og:image:type\" content=\"image\/jpeg\" \/>\n<meta name=\"twitter:card\" content=\"summary_large_image\" \/>\n<meta name=\"twitter:label1\" content=\"Est. reading time\" \/>\n\t<meta name=\"twitter:data1\" content=\"2 minut\u0117s\" \/>\n<script type=\"application\/ld+json\" class=\"yoast-schema-graph\">{\"@context\":\"https:\\\/\\\/schema.org\",\"@graph\":[{\"@type\":\"WebPage\",\"@id\":\"https:\\\/\\\/hartico.ee\\\/lt\\\/product\\\/expresso-201521-aliuminio-rankinis-vezimelis\\\/\",\"url\":\"https:\\\/\\\/hartico.ee\\\/lt\\\/product\\\/expresso-201521-aliuminio-rankinis-vezimelis\\\/\",\"name\":\"Expresso 201521 aliuminio rankinis ve\u017eim\u0117lis - Hartico\",\"isPartOf\":{\"@id\":\"https:\\\/\\\/hartico.ee\\\/lt\\\/#website\"},\"primaryImageOfPage\":{\"@id\":\"https:\\\/\\\/hartico.ee\\\/lt\\\/product\\\/expresso-201521-aliuminio-rankinis-vezimelis\\\/#primaryimage\"},\"image\":{\"@id\":\"https:\\\/\\\/hartico.ee\\\/lt\\\/product\\\/expresso-201521-aliuminio-rankinis-vezimelis\\\/#primaryimage\"},\"thumbnailUrl\":\"https:\\\/\\\/hartico.ee\\\/wp-content\\\/uploads\\\/2023\\\/10\\\/Expresso-201521.jpg\",\"datePublished\":\"2023-10-19T08:07:39+00:00\",\"dateModified\":\"2023-10-19T08:20:20+00:00\",\"description\":\"Expresso 201521 aliuminio pa\u0117mimo ve\u017eim\u0117lis yra auk\u0161\u010diausiai \u012fvertintas profesionalus rankinis ve\u017eim\u0117lis Vakar\u0173 Europoje. auk\u0161\u010diausia kokyb\u0117 nuo \u0161e\u0161tojo de\u0161imtme\u010dio\",\"breadcrumb\":{\"@id\":\"https:\\\/\\\/hartico.ee\\\/lt\\\/product\\\/expresso-201521-aliuminio-rankinis-vezimelis\\\/#breadcrumb\"},\"inLanguage\":\"lt-LT\",\"potentialAction\":[{\"@type\":\"ReadAction\",\"target\":[\"https:\\\/\\\/hartico.ee\\\/lt\\\/product\\\/expresso-201521-aliuminio-rankinis-vezimelis\\\/\"]}]},{\"@type\":\"ImageObject\",\"inLanguage\":\"lt-LT\",\"@id\":\"https:\\\/\\\/hartico.ee\\\/lt\\\/product\\\/expresso-201521-aliuminio-rankinis-vezimelis\\\/#primaryimage\",\"url\":\"https:\\\/\\\/hartico.ee\\\/wp-content\\\/uploads\\\/2023\\\/10\\\/Expresso-201521.jpg\",\"contentUrl\":\"https:\\\/\\\/hartico.ee\\\/wp-content\\\/uploads\\\/2023\\\/10\\\/Expresso-201521.jpg\",\"width\":507,\"height\":504},{\"@type\":\"BreadcrumbList\",\"@id\":\"https:\\\/\\\/hartico.ee\\\/lt\\\/product\\\/expresso-201521-aliuminio-rankinis-vezimelis\\\/#breadcrumb\",\"itemListElement\":[{\"@type\":\"ListItem\",\"position\":1,\"name\":\"Esileht\",\"item\":\"https:\\\/\\\/hartico.ee\\\/lt\\\/\"},{\"@type\":\"ListItem\",\"position\":2,\"name\":\"Prek\u0117s\",\"item\":\"https:\\\/\\\/hartico.ee\\\/lt\\\/shop\\\/\"},{\"@type\":\"ListItem\",\"position\":3,\"name\":\"Expresso 201521 aliuminio rankinis ve\u017eim\u0117lis\"}]},{\"@type\":\"WebSite\",\"@id\":\"https:\\\/\\\/hartico.ee\\\/lt\\\/#website\",\"url\":\"https:\\\/\\\/hartico.ee\\\/lt\\\/\",\"name\":\"Hartico\",\"description\":\"Lifting and moving systems LIFTKAR, Xetto, Expresso\",\"publisher\":{\"@id\":\"https:\\\/\\\/hartico.ee\\\/lt\\\/#organization\"},\"potentialAction\":[{\"@type\":\"SearchAction\",\"target\":{\"@type\":\"EntryPoint\",\"urlTemplate\":\"https:\\\/\\\/hartico.ee\\\/lt\\\/?s={search_term_string}\"},\"query-input\":{\"@type\":\"PropertyValueSpecification\",\"valueRequired\":true,\"valueName\":\"search_term_string\"}}],\"inLanguage\":\"lt-LT\"},{\"@type\":\"Organization\",\"@id\":\"https:\\\/\\\/hartico.ee\\\/lt\\\/#organization\",\"name\":\"Hartico\",\"url\":\"https:\\\/\\\/hartico.ee\\\/lt\\\/\",\"logo\":{\"@type\":\"ImageObject\",\"inLanguage\":\"lt-LT\",\"@id\":\"https:\\\/\\\/hartico.ee\\\/lt\\\/#\\\/schema\\\/logo\\\/image\\\/\",\"url\":\"https:\\\/\\\/hartico.ee\\\/wp-content\\\/uploads\\\/2018\\\/11\\\/hartico_logo_with_slogan_onecolor.svg\",\"contentUrl\":\"https:\\\/\\\/hartico.ee\\\/wp-content\\\/uploads\\\/2018\\\/11\\\/hartico_logo_with_slogan_onecolor.svg\",\"width\":424,\"height\":157,\"caption\":\"Hartico\"},\"image\":{\"@id\":\"https:\\\/\\\/hartico.ee\\\/lt\\\/#\\\/schema\\\/logo\\\/image\\\/\"},\"sameAs\":[\"https:\\\/\\\/www.facebook.com\\\/SANOTransportgeraeteBaltics\\\/\"]}]}<\/script>\n<!-- \/ Yoast SEO plugin. -->","yoast_head_json":{"title":"Expresso 201521 aliuminio rankinis ve\u017eim\u0117lis - Hartico","description":"Expresso 201521 aliuminio pa\u0117mimo ve\u017eim\u0117lis yra auk\u0161\u010diausiai \u012fvertintas profesionalus rankinis ve\u017eim\u0117lis Vakar\u0173 Europoje. auk\u0161\u010diausia kokyb\u0117 nuo \u0161e\u0161tojo de\u0161imtme\u010dio","robots":{"index":"index","follow":"follow","max-snippet":"max-snippet:-1","max-image-preview":"max-image-preview:large","max-video-preview":"max-video-preview:-1"},"canonical":"https:\/\/hartico.ee\/lt\/product\/expresso-201521-aliuminio-rankinis-vezimelis\/","og_locale":"lt_LT","og_type":"article","og_title":"Expresso 201521 aliuminio rankinis ve\u017eim\u0117lis - Hartico","og_description":"Expresso 201521 aliuminio pa\u0117mimo ve\u017eim\u0117lis yra auk\u0161\u010diausiai \u012fvertintas profesionalus rankinis ve\u017eim\u0117lis Vakar\u0173 Europoje. auk\u0161\u010diausia kokyb\u0117 nuo \u0161e\u0161tojo de\u0161imtme\u010dio","og_url":"https:\/\/hartico.ee\/lt\/product\/expresso-201521-aliuminio-rankinis-vezimelis\/","og_site_name":"Hartico","article_publisher":"https:\/\/www.facebook.com\/SANOTransportgeraeteBaltics\/","article_modified_time":"2023-10-19T08:20:20+00:00","og_image":[{"width":507,"height":504,"url":"https:\/\/hartico.ee\/wp-content\/uploads\/2023\/10\/Expresso-201521.jpg","type":"image\/jpeg"}],"twitter_card":"summary_large_image","twitter_misc":{"Est. reading time":"2 minut\u0117s"},"schema":{"@context":"https:\/\/schema.org","@graph":[{"@type":"WebPage","@id":"https:\/\/hartico.ee\/lt\/product\/expresso-201521-aliuminio-rankinis-vezimelis\/","url":"https:\/\/hartico.ee\/lt\/product\/expresso-201521-aliuminio-rankinis-vezimelis\/","name":"Expresso 201521 aliuminio rankinis ve\u017eim\u0117lis - Hartico","isPartOf":{"@id":"https:\/\/hartico.ee\/lt\/#website"},"primaryImageOfPage":{"@id":"https:\/\/hartico.ee\/lt\/product\/expresso-201521-aliuminio-rankinis-vezimelis\/#primaryimage"},"image":{"@id":"https:\/\/hartico.ee\/lt\/product\/expresso-201521-aliuminio-rankinis-vezimelis\/#primaryimage"},"thumbnailUrl":"https:\/\/hartico.ee\/wp-content\/uploads\/2023\/10\/Expresso-201521.jpg","datePublished":"2023-10-19T08:07:39+00:00","dateModified":"2023-10-19T08:20:20+00:00","description":"Expresso 201521 aliuminio pa\u0117mimo ve\u017eim\u0117lis yra auk\u0161\u010diausiai \u012fvertintas profesionalus rankinis ve\u017eim\u0117lis Vakar\u0173 Europoje. auk\u0161\u010diausia kokyb\u0117 nuo \u0161e\u0161tojo de\u0161imtme\u010dio","breadcrumb":{"@id":"https:\/\/hartico.ee\/lt\/product\/expresso-201521-aliuminio-rankinis-vezimelis\/#breadcrumb"},"inLanguage":"lt-LT","potentialAction":[{"@type":"ReadAction","target":["https:\/\/hartico.ee\/lt\/product\/expresso-201521-aliuminio-rankinis-vezimelis\/"]}]},{"@type":"ImageObject","inLanguage":"lt-LT","@id":"https:\/\/hartico.ee\/lt\/product\/expresso-201521-aliuminio-rankinis-vezimelis\/#primaryimage","url":"https:\/\/hartico.ee\/wp-content\/uploads\/2023\/10\/Expresso-201521.jpg","contentUrl":"https:\/\/hartico.ee\/wp-content\/uploads\/2023\/10\/Expresso-201521.jpg","width":507,"height":504},{"@type":"BreadcrumbList","@id":"https:\/\/hartico.ee\/lt\/product\/expresso-201521-aliuminio-rankinis-vezimelis\/#breadcrumb","itemListElement":[{"@type":"ListItem","position":1,"name":"Esileht","item":"https:\/\/hartico.ee\/lt\/"},{"@type":"ListItem","position":2,"name":"Prek\u0117s","item":"https:\/\/hartico.ee\/lt\/shop\/"},{"@type":"ListItem","position":3,"name":"Expresso 201521 aliuminio rankinis ve\u017eim\u0117lis"}]},{"@type":"WebSite","@id":"https:\/\/hartico.ee\/lt\/#website","url":"https:\/\/hartico.ee\/lt\/","name":"Hartico","description":"Lifting and moving systems LIFTKAR, Xetto, Expresso","publisher":{"@id":"https:\/\/hartico.ee\/lt\/#organization"},"potentialAction":[{"@type":"SearchAction","target":{"@type":"EntryPoint","urlTemplate":"https:\/\/hartico.ee\/lt\/?s={search_term_string}"},"query-input":{"@type":"PropertyValueSpecification","valueRequired":true,"valueName":"search_term_string"}}],"inLanguage":"lt-LT"},{"@type":"Organization","@id":"https:\/\/hartico.ee\/lt\/#organization","name":"Hartico","url":"https:\/\/hartico.ee\/lt\/","logo":{"@type":"ImageObject","inLanguage":"lt-LT","@id":"https:\/\/hartico.ee\/lt\/#\/schema\/logo\/image\/","url":"https:\/\/hartico.ee\/wp-content\/uploads\/2018\/11\/hartico_logo_with_slogan_onecolor.svg","contentUrl":"https:\/\/hartico.ee\/wp-content\/uploads\/2018\/11\/hartico_logo_with_slogan_onecolor.svg","width":424,"height":157,"caption":"Hartico"},"image":{"@id":"https:\/\/hartico.ee\/lt\/#\/schema\/logo\/image\/"},"sameAs":["https:\/\/www.facebook.com\/SANOTransportgeraeteBaltics\/"]}]}},"_links":{"self":[{"href":"https:\/\/hartico.ee\/lt\/wp-json\/wp\/v2\/product\/20874","targetHints":{"allow":["GET"]}}],"collection":[{"href":"https:\/\/hartico.ee\/lt\/wp-json\/wp\/v2\/product"}],"about":[{"href":"https:\/\/hartico.ee\/lt\/wp-json\/wp\/v2\/types\/product"}],"wp:featuredmedia":[{"embeddable":true,"href":"https:\/\/hartico.ee\/lt\/wp-json\/wp\/v2\/media\/20864"}],"wp:attachment":[{"href":"https:\/\/hartico.ee\/lt\/wp-json\/wp\/v2\/media?parent=20874"}],"wp:term":[{"taxonomy":"product_brand","embeddable":true,"href":"https:\/\/hartico.ee\/lt\/wp-json\/wp\/v2\/product_brand?post=20874"},{"taxonomy":"product_cat","embeddable":true,"href":"https:\/\/hartico.ee\/lt\/wp-json\/wp\/v2\/product_cat?post=20874"},{"taxonomy":"product_tag","embeddable":true,"href":"https:\/\/hartico.ee\/lt\/wp-json\/wp\/v2\/product_tag?post=20874"}],"curies":[{"name":"wp","href":"https:\/\/api.w.org\/{rel}","templated":true}]}}