{"id":20807,"date":"2019-11-05T13:41:11","date_gmt":"2019-11-05T11:41:11","guid":{"rendered":"https:\/\/hartico.ee\/product\/expresso-kokkuklapitav-alumiiniumkaru-27185121\/"},"modified":"2019-11-05T13:41:11","modified_gmt":"2019-11-05T11:41:11","slug":"expresso-kokkuklapitav-alumiiniumkaru-27185121","status":"publish","type":"product","link":"https:\/\/hartico.ee\/lt\/product\/expresso-kokkuklapitav-alumiiniumkaru-27185121\/","title":{"rendered":"EXPRESSO kokkuklapitav alumiiniumk\u00e4ru 27185121"},"content":{"rendered":"<h5 dir=\"ltr\">Raami kokkuklapitavus<\/h5>\n<p>&#8230; on tehtud v\u00f5imalikult turvaliseks ja kasutajas\u00f5bralikuks, et anda v\u00f5imalus k\u00e4ru kaasa v\u00f5tta ja hoiustada ka v\u00e4iksema transpordivahendiga.<\/p>\n<h5 id=\"gt-res-dir-ctr\" class=\"trans-verified-button-small\" dir=\"ltr\"><span id=\"result_box\" lang=\"et\"><span title=\"Alu-Ellipsenrohr aus hochfester Spezial-Legierung \">Raami stabiilsus ja suur kandev\u00f5ime<\/span><\/span><\/h5>\n<p>Tugevast, spetsiaalsest sulamist alumiiniumraam on valmistatud ainulaadsest ellipsprofiiliga torust, mis on 50% kergem kui teras, kuid tagab raami eriti suure kandev\u00f5ime, stabiilsuse ja k\u00e4ru pika eluea.<\/p>\n<h5 dir=\"ltr\">Ergonoomilised k\u00e4epidemed<\/h5>\n<p>Ergonoomilise kujuga k\u00e4epidemed pakuvad mitmeid erinevaid haarde v\u00f5imalusi k\u00e4ru k\u00e4sitlemisel, et s\u00e4ttida raskuskeset vastavalt vajadusele ning leevendada pingeid k\u00e4elihastes.<\/p>\n<h5>Kumer rattatelg<\/h5>\n<p>K\u00f5verdatud telg on standardvarustuses k\u00f5ikidel k\u00e4rudel ratta l\u00e4bim\u00f6\u00f6duga 260mm.<\/p>\n<p>Telje kumer kuju muudab k\u00e4ru kallutamise isegi raskete veoste korral lihtsamaks.<\/p>\n<h5>Rattakaitse<\/h5>\n<p>EXLAN-plastikust rattakaitse v\u00e4ldib veoste kahjustumist ja m\u00e4\u00e4rdumist.<\/p>\n","protected":false},"excerpt":{"rendered":"<p>Raami kokkuklapitavus &#8230; on tehtud v\u00f5imalikult turvaliseks ja kasutajas\u00f5bralikuks, et anda v\u00f5imalus k\u00e4ru kaasa v\u00f5tta ja hoiustada ka v\u00e4iksema transpordivahendiga. Raami stabiilsus ja suur kandev\u00f5ime Tugevast, spetsiaalsest sulamist alumiiniumraam on valmistatud ainulaadsest ellipsprofiiliga torust, mis on 50% kergem kui teras, kuid tagab raami eriti suure kandev\u00f5ime, stabiilsuse ja k\u00e4ru pika eluea. Ergonoomilised k\u00e4epidemed Ergonoomilise kujuga [&hellip;]<\/p>\n","protected":false},"featured_media":9207,"template":"","meta":{"_acf_changed":false,"inline_featured_image":false},"product_brand":[],"product_cat":[369],"product_tag":[363],"class_list":{"0":"post-20807","1":"product","2":"type-product","3":"status-publish","4":"has-post-thumbnail","6":"product_cat-tostmistooriistad","7":"product_tag-alumiiniumkaru-lt","9":"first","10":"instock","11":"sale","12":"taxable","13":"shipping-taxable","14":"purchasable","15":"product-type-simple"},"acf":[],"yoast_head":"<!-- This site is optimized with the Yoast SEO plugin v27.3 - https:\/\/yoast.com\/product\/yoast-seo-wordpress\/ -->\n<title>EXPRESSO kokkuklapitav alumiiniumk\u00e4ru 27185121 - Hartico<\/title>\n<meta name=\"robots\" content=\"index, follow, max-snippet:-1, max-image-preview:large, max-video-preview:-1\" \/>\n<link rel=\"canonical\" href=\"https:\/\/hartico.ee\/lt\/product\/expresso-kokkuklapitav-alumiiniumkaru-27185121\/\" \/>\n<meta property=\"og:locale\" content=\"lt_LT\" \/>\n<meta property=\"og:type\" content=\"article\" \/>\n<meta property=\"og:title\" content=\"EXPRESSO kokkuklapitav alumiiniumk\u00e4ru 27185121 - Hartico\" \/>\n<meta property=\"og:description\" content=\"Raami kokkuklapitavus &#8230; on tehtud v\u00f5imalikult turvaliseks ja kasutajas\u00f5bralikuks, et anda v\u00f5imalus k\u00e4ru kaasa v\u00f5tta ja hoiustada ka v\u00e4iksema transpordivahendiga. Raami stabiilsus ja suur kandev\u00f5ime Tugevast, spetsiaalsest sulamist alumiiniumraam on valmistatud ainulaadsest ellipsprofiiliga torust, mis on 50% kergem kui teras, kuid tagab raami eriti suure kandev\u00f5ime, stabiilsuse ja k\u00e4ru pika eluea. Ergonoomilised k\u00e4epidemed Ergonoomilise kujuga [&hellip;]\" \/>\n<meta property=\"og:url\" content=\"https:\/\/hartico.ee\/lt\/product\/expresso-kokkuklapitav-alumiiniumkaru-27185121\/\" \/>\n<meta property=\"og:site_name\" content=\"Hartico\" \/>\n<meta property=\"article:publisher\" content=\"https:\/\/www.facebook.com\/SANOTransportgeraeteBaltics\/\" \/>\n<meta property=\"og:image\" content=\"https:\/\/hartico.ee\/wp-content\/uploads\/2017\/02\/hartico_logo_main.png\" \/>\n\t<meta property=\"og:image:width\" content=\"150\" \/>\n\t<meta property=\"og:image:height\" content=\"42\" \/>\n\t<meta property=\"og:image:type\" content=\"image\/png\" \/>\n<meta name=\"twitter:card\" content=\"summary_large_image\" \/>\n<meta name=\"twitter:label1\" content=\"Est. reading time\" \/>\n\t<meta name=\"twitter:data1\" content=\"1 minut\u0117\" \/>\n<script type=\"application\/ld+json\" class=\"yoast-schema-graph\">{\"@context\":\"https:\\\/\\\/schema.org\",\"@graph\":[{\"@type\":\"WebPage\",\"@id\":\"https:\\\/\\\/hartico.ee\\\/lt\\\/product\\\/expresso-kokkuklapitav-alumiiniumkaru-27185121\\\/\",\"url\":\"https:\\\/\\\/hartico.ee\\\/lt\\\/product\\\/expresso-kokkuklapitav-alumiiniumkaru-27185121\\\/\",\"name\":\"EXPRESSO kokkuklapitav alumiiniumk\u00e4ru 27185121 - Hartico\",\"isPartOf\":{\"@id\":\"https:\\\/\\\/hartico.ee\\\/lt\\\/#website\"},\"primaryImageOfPage\":{\"@id\":\"https:\\\/\\\/hartico.ee\\\/lt\\\/product\\\/expresso-kokkuklapitav-alumiiniumkaru-27185121\\\/#primaryimage\"},\"image\":{\"@id\":\"https:\\\/\\\/hartico.ee\\\/lt\\\/product\\\/expresso-kokkuklapitav-alumiiniumkaru-27185121\\\/#primaryimage\"},\"thumbnailUrl\":\"https:\\\/\\\/hartico.ee\\\/wp-content\\\/uploads\\\/2019\\\/11\\\/27185121.png\",\"datePublished\":\"2019-11-05T11:41:11+00:00\",\"breadcrumb\":{\"@id\":\"https:\\\/\\\/hartico.ee\\\/lt\\\/product\\\/expresso-kokkuklapitav-alumiiniumkaru-27185121\\\/#breadcrumb\"},\"inLanguage\":\"lt-LT\",\"potentialAction\":[{\"@type\":\"ReadAction\",\"target\":[\"https:\\\/\\\/hartico.ee\\\/lt\\\/product\\\/expresso-kokkuklapitav-alumiiniumkaru-27185121\\\/\"]}]},{\"@type\":\"ImageObject\",\"inLanguage\":\"lt-LT\",\"@id\":\"https:\\\/\\\/hartico.ee\\\/lt\\\/product\\\/expresso-kokkuklapitav-alumiiniumkaru-27185121\\\/#primaryimage\",\"url\":\"https:\\\/\\\/hartico.ee\\\/wp-content\\\/uploads\\\/2019\\\/11\\\/27185121.png\",\"contentUrl\":\"https:\\\/\\\/hartico.ee\\\/wp-content\\\/uploads\\\/2019\\\/11\\\/27185121.png\",\"width\":782,\"height\":1500,\"caption\":\"EXPRESSO kokkuklapitav alumiiniumk\u00e4ru 27185121\"},{\"@type\":\"BreadcrumbList\",\"@id\":\"https:\\\/\\\/hartico.ee\\\/lt\\\/product\\\/expresso-kokkuklapitav-alumiiniumkaru-27185121\\\/#breadcrumb\",\"itemListElement\":[{\"@type\":\"ListItem\",\"position\":1,\"name\":\"Esileht\",\"item\":\"https:\\\/\\\/hartico.ee\\\/lt\\\/\"},{\"@type\":\"ListItem\",\"position\":2,\"name\":\"Prek\u0117s\",\"item\":\"https:\\\/\\\/hartico.ee\\\/lt\\\/shop\\\/\"},{\"@type\":\"ListItem\",\"position\":3,\"name\":\"EXPRESSO kokkuklapitav alumiiniumk\u00e4ru 27185121\"}]},{\"@type\":\"WebSite\",\"@id\":\"https:\\\/\\\/hartico.ee\\\/lt\\\/#website\",\"url\":\"https:\\\/\\\/hartico.ee\\\/lt\\\/\",\"name\":\"Hartico\",\"description\":\"Lifting and moving systems LIFTKAR, Xetto, Expresso\",\"publisher\":{\"@id\":\"https:\\\/\\\/hartico.ee\\\/lt\\\/#organization\"},\"potentialAction\":[{\"@type\":\"SearchAction\",\"target\":{\"@type\":\"EntryPoint\",\"urlTemplate\":\"https:\\\/\\\/hartico.ee\\\/lt\\\/?s={search_term_string}\"},\"query-input\":{\"@type\":\"PropertyValueSpecification\",\"valueRequired\":true,\"valueName\":\"search_term_string\"}}],\"inLanguage\":\"lt-LT\"},{\"@type\":\"Organization\",\"@id\":\"https:\\\/\\\/hartico.ee\\\/lt\\\/#organization\",\"name\":\"Hartico\",\"url\":\"https:\\\/\\\/hartico.ee\\\/lt\\\/\",\"logo\":{\"@type\":\"ImageObject\",\"inLanguage\":\"lt-LT\",\"@id\":\"https:\\\/\\\/hartico.ee\\\/lt\\\/#\\\/schema\\\/logo\\\/image\\\/\",\"url\":\"https:\\\/\\\/hartico.ee\\\/wp-content\\\/uploads\\\/2018\\\/11\\\/hartico_logo_with_slogan_onecolor.svg\",\"contentUrl\":\"https:\\\/\\\/hartico.ee\\\/wp-content\\\/uploads\\\/2018\\\/11\\\/hartico_logo_with_slogan_onecolor.svg\",\"width\":424,\"height\":157,\"caption\":\"Hartico\"},\"image\":{\"@id\":\"https:\\\/\\\/hartico.ee\\\/lt\\\/#\\\/schema\\\/logo\\\/image\\\/\"},\"sameAs\":[\"https:\\\/\\\/www.facebook.com\\\/SANOTransportgeraeteBaltics\\\/\"]}]}<\/script>\n<!-- \/ Yoast SEO plugin. -->","yoast_head_json":{"title":"EXPRESSO kokkuklapitav alumiiniumk\u00e4ru 27185121 - Hartico","robots":{"index":"index","follow":"follow","max-snippet":"max-snippet:-1","max-image-preview":"max-image-preview:large","max-video-preview":"max-video-preview:-1"},"canonical":"https:\/\/hartico.ee\/lt\/product\/expresso-kokkuklapitav-alumiiniumkaru-27185121\/","og_locale":"lt_LT","og_type":"article","og_title":"EXPRESSO kokkuklapitav alumiiniumk\u00e4ru 27185121 - Hartico","og_description":"Raami kokkuklapitavus &#8230; on tehtud v\u00f5imalikult turvaliseks ja kasutajas\u00f5bralikuks, et anda v\u00f5imalus k\u00e4ru kaasa v\u00f5tta ja hoiustada ka v\u00e4iksema transpordivahendiga. Raami stabiilsus ja suur kandev\u00f5ime Tugevast, spetsiaalsest sulamist alumiiniumraam on valmistatud ainulaadsest ellipsprofiiliga torust, mis on 50% kergem kui teras, kuid tagab raami eriti suure kandev\u00f5ime, stabiilsuse ja k\u00e4ru pika eluea. Ergonoomilised k\u00e4epidemed Ergonoomilise kujuga [&hellip;]","og_url":"https:\/\/hartico.ee\/lt\/product\/expresso-kokkuklapitav-alumiiniumkaru-27185121\/","og_site_name":"Hartico","article_publisher":"https:\/\/www.facebook.com\/SANOTransportgeraeteBaltics\/","og_image":[{"width":150,"height":42,"url":"https:\/\/hartico.ee\/wp-content\/uploads\/2017\/02\/hartico_logo_main.png","type":"image\/png"}],"twitter_card":"summary_large_image","twitter_misc":{"Est. reading time":"1 minut\u0117"},"schema":{"@context":"https:\/\/schema.org","@graph":[{"@type":"WebPage","@id":"https:\/\/hartico.ee\/lt\/product\/expresso-kokkuklapitav-alumiiniumkaru-27185121\/","url":"https:\/\/hartico.ee\/lt\/product\/expresso-kokkuklapitav-alumiiniumkaru-27185121\/","name":"EXPRESSO kokkuklapitav alumiiniumk\u00e4ru 27185121 - Hartico","isPartOf":{"@id":"https:\/\/hartico.ee\/lt\/#website"},"primaryImageOfPage":{"@id":"https:\/\/hartico.ee\/lt\/product\/expresso-kokkuklapitav-alumiiniumkaru-27185121\/#primaryimage"},"image":{"@id":"https:\/\/hartico.ee\/lt\/product\/expresso-kokkuklapitav-alumiiniumkaru-27185121\/#primaryimage"},"thumbnailUrl":"https:\/\/hartico.ee\/wp-content\/uploads\/2019\/11\/27185121.png","datePublished":"2019-11-05T11:41:11+00:00","breadcrumb":{"@id":"https:\/\/hartico.ee\/lt\/product\/expresso-kokkuklapitav-alumiiniumkaru-27185121\/#breadcrumb"},"inLanguage":"lt-LT","potentialAction":[{"@type":"ReadAction","target":["https:\/\/hartico.ee\/lt\/product\/expresso-kokkuklapitav-alumiiniumkaru-27185121\/"]}]},{"@type":"ImageObject","inLanguage":"lt-LT","@id":"https:\/\/hartico.ee\/lt\/product\/expresso-kokkuklapitav-alumiiniumkaru-27185121\/#primaryimage","url":"https:\/\/hartico.ee\/wp-content\/uploads\/2019\/11\/27185121.png","contentUrl":"https:\/\/hartico.ee\/wp-content\/uploads\/2019\/11\/27185121.png","width":782,"height":1500,"caption":"EXPRESSO kokkuklapitav alumiiniumk\u00e4ru 27185121"},{"@type":"BreadcrumbList","@id":"https:\/\/hartico.ee\/lt\/product\/expresso-kokkuklapitav-alumiiniumkaru-27185121\/#breadcrumb","itemListElement":[{"@type":"ListItem","position":1,"name":"Esileht","item":"https:\/\/hartico.ee\/lt\/"},{"@type":"ListItem","position":2,"name":"Prek\u0117s","item":"https:\/\/hartico.ee\/lt\/shop\/"},{"@type":"ListItem","position":3,"name":"EXPRESSO kokkuklapitav alumiiniumk\u00e4ru 27185121"}]},{"@type":"WebSite","@id":"https:\/\/hartico.ee\/lt\/#website","url":"https:\/\/hartico.ee\/lt\/","name":"Hartico","description":"Lifting and moving systems LIFTKAR, Xetto, Expresso","publisher":{"@id":"https:\/\/hartico.ee\/lt\/#organization"},"potentialAction":[{"@type":"SearchAction","target":{"@type":"EntryPoint","urlTemplate":"https:\/\/hartico.ee\/lt\/?s={search_term_string}"},"query-input":{"@type":"PropertyValueSpecification","valueRequired":true,"valueName":"search_term_string"}}],"inLanguage":"lt-LT"},{"@type":"Organization","@id":"https:\/\/hartico.ee\/lt\/#organization","name":"Hartico","url":"https:\/\/hartico.ee\/lt\/","logo":{"@type":"ImageObject","inLanguage":"lt-LT","@id":"https:\/\/hartico.ee\/lt\/#\/schema\/logo\/image\/","url":"https:\/\/hartico.ee\/wp-content\/uploads\/2018\/11\/hartico_logo_with_slogan_onecolor.svg","contentUrl":"https:\/\/hartico.ee\/wp-content\/uploads\/2018\/11\/hartico_logo_with_slogan_onecolor.svg","width":424,"height":157,"caption":"Hartico"},"image":{"@id":"https:\/\/hartico.ee\/lt\/#\/schema\/logo\/image\/"},"sameAs":["https:\/\/www.facebook.com\/SANOTransportgeraeteBaltics\/"]}]}},"_links":{"self":[{"href":"https:\/\/hartico.ee\/lt\/wp-json\/wp\/v2\/product\/20807","targetHints":{"allow":["GET"]}}],"collection":[{"href":"https:\/\/hartico.ee\/lt\/wp-json\/wp\/v2\/product"}],"about":[{"href":"https:\/\/hartico.ee\/lt\/wp-json\/wp\/v2\/types\/product"}],"wp:featuredmedia":[{"embeddable":true,"href":"https:\/\/hartico.ee\/lt\/wp-json\/wp\/v2\/media\/9207"}],"wp:attachment":[{"href":"https:\/\/hartico.ee\/lt\/wp-json\/wp\/v2\/media?parent=20807"}],"wp:term":[{"taxonomy":"product_brand","embeddable":true,"href":"https:\/\/hartico.ee\/lt\/wp-json\/wp\/v2\/product_brand?post=20807"},{"taxonomy":"product_cat","embeddable":true,"href":"https:\/\/hartico.ee\/lt\/wp-json\/wp\/v2\/product_cat?post=20807"},{"taxonomy":"product_tag","embeddable":true,"href":"https:\/\/hartico.ee\/lt\/wp-json\/wp\/v2\/product_tag?post=20807"}],"curies":[{"name":"wp","href":"https:\/\/api.w.org\/{rel}","templated":true}]}}