{"id":20719,"date":"2023-10-09T16:04:14","date_gmt":"2023-10-09T14:04:14","guid":{"rendered":"https:\/\/hartico.ee\/product\/exoskeleton-auxivo-omnisuit\/"},"modified":"2023-12-07T12:07:08","modified_gmt":"2023-12-07T10:07:08","slug":"egzoskeletas-auxivo-omnisuit","status":"publish","type":"product","link":"https:\/\/hartico.ee\/lt\/product\/egzoskeletas-auxivo-omnisuit\/","title":{"rendered":"Egzoskeletas Auxivo OmniSuit"},"content":{"rendered":"<h2>OmniSuit, 2 viename egzoskeletas pe\u010diams ir nugarai<\/h2>\n<p>\u201eOmniSuit\u201c yra universalus egzoskeletas, suteikiantis atram\u0105 pe\u010diams ir nugarai, taip pat pakreipus \u012f priek\u012f.<\/p>\n<p>Kurdama OmniSuit, Auxivo komanda r\u0117m\u0117si ilgamete vartotoj\u0173 patirtimi ir naujausiais Ciuricho universiteto in\u017eineriniais sprendimais.<\/p>\n<p>\u201eOmniSuit\u201c u\u017etikrina pastovi\u0105 atram\u0105 visoje vertikalioje judesio diapazone.<\/p>\n<p>Nesvarbu, ar esate logistikos darbuotojas, statybininkas, surink\u0117jas ar gamybos darbuotojas, \u201eOmniSuit\u201c si\u016blo lankst\u0173 sprendim\u0105, tinkant\u012f \u012fvairiai veiklai.<\/p>\n<p>Svoris: 2,7 kg (S\/M), 3 kg (L\/XL)<\/p>\n<p>&nbsp;<\/p>\n<p>Kad suteikt\u0173 ger\u0105 palaikym\u0105, \u201eOmniSuit\u201c naudoja integruot\u0105 elastin\u0119 energijos kaupimo sistem\u0105 (EES), kuri naudoja gravitacijos kompensavim\u0105 ir energijos atk\u016brim\u0105 nugarai ir pe\u010diams, tod\u0117l tai yra labai efektyvus pasyvus egzoskeletas.<\/p>\n<p>&nbsp;<\/p>\n<figure class=\"wp-block-embed wp-block-embed-youtube is-type-video is-provider-youtube epyt-figure\"><div class=\"wp-block-embed__wrapper\"><iframe loading=\"lazy\"  id=\"_ytid_87759\"  width=\"500\" height=\"300\"  data-origwidth=\"500\" data-origheight=\"300\" src=\"https:\/\/www.youtube.com\/embed\/USJItv95xjM?enablejsapi=1&autoplay=0&cc_load_policy=0&cc_lang_pref=&iv_load_policy=1&loop=0&rel=1&fs=1&playsinline=0&autohide=2&theme=dark&color=red&controls=1&disablekb=0&\" class=\"__youtube_prefs__  no-lazyload\" title=\"YouTube player\"  allow=\"fullscreen; accelerometer; autoplay; clipboard-write; encrypted-media; gyroscope; picture-in-picture; web-share\" referrerpolicy=\"strict-origin-when-cross-origin\" allowfullscreen data-no-lazy=\"1\" data-skipgform_ajax_framebjll=\"\"><\/iframe><\/div><\/figure>\n<p>&nbsp;<\/p>\n<p>&nbsp;<\/p>\n<p>Per vis\u0105 k\u016brimo proces\u0105 \u201eAuxivo\u201c komanda atliko i\u0161samius biomechaninius vertinimus ir lauko bandymus.<\/p>\n<p>Rezultatai rodo, kad d\u0117vint OmniSuit \u017eymiai suma\u017e\u0117ja raumen\u0173 \u012ftampa ir sul\u0117t\u0117ja nuovargio procesas.<\/p>\n<p>Vidutiniai OmniSuit testo rezultatai:<\/p>\n<p>Suma\u017eina pe\u010di\u0173 nuovarg\u012f 75%.<\/p>\n<p>Suma\u017eina nugaros raumen\u0173 nuovarg\u012f 45%.<\/p>\n<p>Pe\u010di\u0173 dir\u017eo atrama vir\u0161uje 40%<\/p>\n<p>Nugaros raumenys sulenkti \u012f priek\u012f 30%.<\/p>\n<div id=\"comp-lkx0mrve11\" class=\"KcpHeO tz5f0K comp-lkx0mrve11 wixui-rich-text\" data-testid=\"richTextElement\">\n<p class=\"font_2 wixui-rich-text__text\">\n<\/div>\n","protected":false},"excerpt":{"rendered":"<p>OmniSuit, 2 viename egzoskeletas pe\u010diams ir nugarai \u201eOmniSuit\u201c yra universalus egzoskeletas, suteikiantis atram\u0105 pe\u010diams ir nugarai, taip pat pakreipus \u012f priek\u012f. Kurdama OmniSuit, Auxivo komanda r\u0117m\u0117si ilgamete vartotoj\u0173 patirtimi ir naujausiais Ciuricho universiteto in\u017eineriniais sprendimais. \u201eOmniSuit\u201c u\u017etikrina pastovi\u0105 atram\u0105 visoje vertikalioje judesio diapazone. Nesvarbu, ar esate logistikos darbuotojas, statybininkas, surink\u0117jas ar gamybos darbuotojas, \u201eOmniSuit\u201c si\u016blo [&hellip;]<\/p>\n","protected":false},"featured_media":20695,"template":"","meta":{"_acf_changed":false,"inline_featured_image":false},"product_brand":[],"product_cat":[408,413,248],"product_tag":[280,259,260,901],"class_list":{"0":"post-20719","1":"product","2":"type-product","3":"status-publish","4":"has-post-thumbnail","6":"product_cat-egzoskeletai-nugarai","7":"product_cat-egzoskeletai-virsutinei-kuno-daliai-ir-rankoms","8":"product_cat-eksoskeletonai-ir-kinetiniai-darbo-apranga","9":"product_tag-auxivo-lt","10":"product_tag-eksoskelett-lt","11":"product_tag-exoskeleton-lt","12":"product_tag-omnisuit-lt","14":"first","15":"instock","16":"taxable","17":"shipping-taxable","18":"purchasable","19":"product-type-simple"},"acf":[],"yoast_head":"<!-- This site is optimized with the Yoast SEO plugin v27.3 - https:\/\/yoast.com\/product\/yoast-seo-wordpress\/ -->\n<title>Egzoskeletas Auxivo OmniSuit - Hartico<\/title>\n<meta name=\"description\" content=\"\u201eOmniSuit\u201c yra universalus egzoskeletas, suteikiantis atram\u0105 pe\u010diams ir nugarai, taip pat pakreipus \u012f priek\u012f.\" \/>\n<meta name=\"robots\" content=\"index, follow, max-snippet:-1, max-image-preview:large, max-video-preview:-1\" \/>\n<link rel=\"canonical\" href=\"https:\/\/hartico.ee\/lt\/product\/egzoskeletas-auxivo-omnisuit\/\" \/>\n<meta property=\"og:locale\" content=\"lt_LT\" \/>\n<meta property=\"og:type\" content=\"article\" \/>\n<meta property=\"og:title\" content=\"Egzoskeletas Auxivo OmniSuit - Hartico\" \/>\n<meta property=\"og:description\" content=\"\u201eOmniSuit\u201c yra universalus egzoskeletas, suteikiantis atram\u0105 pe\u010diams ir nugarai, taip pat pakreipus \u012f priek\u012f.\" \/>\n<meta property=\"og:url\" content=\"https:\/\/hartico.ee\/lt\/product\/egzoskeletas-auxivo-omnisuit\/\" \/>\n<meta property=\"og:site_name\" content=\"Hartico\" \/>\n<meta property=\"article:publisher\" content=\"https:\/\/www.facebook.com\/SANOTransportgeraeteBaltics\/\" \/>\n<meta property=\"article:modified_time\" content=\"2023-12-07T10:07:08+00:00\" \/>\n<meta property=\"og:image\" content=\"https:\/\/hartico.ee\/wp-content\/uploads\/2023\/10\/20230926_AXV_OmniSuit_NB_006.jpg\" \/>\n\t<meta property=\"og:image:width\" content=\"1101\" \/>\n\t<meta property=\"og:image:height\" content=\"1500\" \/>\n\t<meta property=\"og:image:type\" content=\"image\/jpeg\" \/>\n<meta name=\"twitter:card\" content=\"summary_large_image\" \/>\n<meta name=\"twitter:label1\" content=\"Est. reading time\" \/>\n\t<meta name=\"twitter:data1\" content=\"1 minut\u0117\" \/>\n<script type=\"application\/ld+json\" class=\"yoast-schema-graph\">{\"@context\":\"https:\\\/\\\/schema.org\",\"@graph\":[{\"@type\":\"WebPage\",\"@id\":\"https:\\\/\\\/hartico.ee\\\/lt\\\/product\\\/egzoskeletas-auxivo-omnisuit\\\/\",\"url\":\"https:\\\/\\\/hartico.ee\\\/lt\\\/product\\\/egzoskeletas-auxivo-omnisuit\\\/\",\"name\":\"Egzoskeletas Auxivo OmniSuit - Hartico\",\"isPartOf\":{\"@id\":\"https:\\\/\\\/hartico.ee\\\/lt\\\/#website\"},\"primaryImageOfPage\":{\"@id\":\"https:\\\/\\\/hartico.ee\\\/lt\\\/product\\\/egzoskeletas-auxivo-omnisuit\\\/#primaryimage\"},\"image\":{\"@id\":\"https:\\\/\\\/hartico.ee\\\/lt\\\/product\\\/egzoskeletas-auxivo-omnisuit\\\/#primaryimage\"},\"thumbnailUrl\":\"https:\\\/\\\/hartico.ee\\\/wp-content\\\/uploads\\\/2023\\\/10\\\/20230926_AXV_OmniSuit_NB_006.jpg\",\"datePublished\":\"2023-10-09T14:04:14+00:00\",\"dateModified\":\"2023-12-07T10:07:08+00:00\",\"description\":\"\u201eOmniSuit\u201c yra universalus egzoskeletas, suteikiantis atram\u0105 pe\u010diams ir nugarai, taip pat pakreipus \u012f priek\u012f.\",\"breadcrumb\":{\"@id\":\"https:\\\/\\\/hartico.ee\\\/lt\\\/product\\\/egzoskeletas-auxivo-omnisuit\\\/#breadcrumb\"},\"inLanguage\":\"lt-LT\",\"potentialAction\":[{\"@type\":\"ReadAction\",\"target\":[\"https:\\\/\\\/hartico.ee\\\/lt\\\/product\\\/egzoskeletas-auxivo-omnisuit\\\/\"]}]},{\"@type\":\"ImageObject\",\"inLanguage\":\"lt-LT\",\"@id\":\"https:\\\/\\\/hartico.ee\\\/lt\\\/product\\\/egzoskeletas-auxivo-omnisuit\\\/#primaryimage\",\"url\":\"https:\\\/\\\/hartico.ee\\\/wp-content\\\/uploads\\\/2023\\\/10\\\/20230926_AXV_OmniSuit_NB_006.jpg\",\"contentUrl\":\"https:\\\/\\\/hartico.ee\\\/wp-content\\\/uploads\\\/2023\\\/10\\\/20230926_AXV_OmniSuit_NB_006.jpg\",\"width\":1101,\"height\":1500},{\"@type\":\"BreadcrumbList\",\"@id\":\"https:\\\/\\\/hartico.ee\\\/lt\\\/product\\\/egzoskeletas-auxivo-omnisuit\\\/#breadcrumb\",\"itemListElement\":[{\"@type\":\"ListItem\",\"position\":1,\"name\":\"Esileht\",\"item\":\"https:\\\/\\\/hartico.ee\\\/lt\\\/\"},{\"@type\":\"ListItem\",\"position\":2,\"name\":\"Prek\u0117s\",\"item\":\"https:\\\/\\\/hartico.ee\\\/lt\\\/shop\\\/\"},{\"@type\":\"ListItem\",\"position\":3,\"name\":\"Egzoskeletas Auxivo OmniSuit\"}]},{\"@type\":\"WebSite\",\"@id\":\"https:\\\/\\\/hartico.ee\\\/lt\\\/#website\",\"url\":\"https:\\\/\\\/hartico.ee\\\/lt\\\/\",\"name\":\"Hartico\",\"description\":\"Lifting and moving systems LIFTKAR, Xetto, Expresso\",\"publisher\":{\"@id\":\"https:\\\/\\\/hartico.ee\\\/lt\\\/#organization\"},\"potentialAction\":[{\"@type\":\"SearchAction\",\"target\":{\"@type\":\"EntryPoint\",\"urlTemplate\":\"https:\\\/\\\/hartico.ee\\\/lt\\\/?s={search_term_string}\"},\"query-input\":{\"@type\":\"PropertyValueSpecification\",\"valueRequired\":true,\"valueName\":\"search_term_string\"}}],\"inLanguage\":\"lt-LT\"},{\"@type\":\"Organization\",\"@id\":\"https:\\\/\\\/hartico.ee\\\/lt\\\/#organization\",\"name\":\"Hartico\",\"url\":\"https:\\\/\\\/hartico.ee\\\/lt\\\/\",\"logo\":{\"@type\":\"ImageObject\",\"inLanguage\":\"lt-LT\",\"@id\":\"https:\\\/\\\/hartico.ee\\\/lt\\\/#\\\/schema\\\/logo\\\/image\\\/\",\"url\":\"https:\\\/\\\/hartico.ee\\\/wp-content\\\/uploads\\\/2018\\\/11\\\/hartico_logo_with_slogan_onecolor.svg\",\"contentUrl\":\"https:\\\/\\\/hartico.ee\\\/wp-content\\\/uploads\\\/2018\\\/11\\\/hartico_logo_with_slogan_onecolor.svg\",\"width\":424,\"height\":157,\"caption\":\"Hartico\"},\"image\":{\"@id\":\"https:\\\/\\\/hartico.ee\\\/lt\\\/#\\\/schema\\\/logo\\\/image\\\/\"},\"sameAs\":[\"https:\\\/\\\/www.facebook.com\\\/SANOTransportgeraeteBaltics\\\/\"]}]}<\/script>\n<!-- \/ Yoast SEO plugin. -->","yoast_head_json":{"title":"Egzoskeletas Auxivo OmniSuit - Hartico","description":"\u201eOmniSuit\u201c yra universalus egzoskeletas, suteikiantis atram\u0105 pe\u010diams ir nugarai, taip pat pakreipus \u012f priek\u012f.","robots":{"index":"index","follow":"follow","max-snippet":"max-snippet:-1","max-image-preview":"max-image-preview:large","max-video-preview":"max-video-preview:-1"},"canonical":"https:\/\/hartico.ee\/lt\/product\/egzoskeletas-auxivo-omnisuit\/","og_locale":"lt_LT","og_type":"article","og_title":"Egzoskeletas Auxivo OmniSuit - Hartico","og_description":"\u201eOmniSuit\u201c yra universalus egzoskeletas, suteikiantis atram\u0105 pe\u010diams ir nugarai, taip pat pakreipus \u012f priek\u012f.","og_url":"https:\/\/hartico.ee\/lt\/product\/egzoskeletas-auxivo-omnisuit\/","og_site_name":"Hartico","article_publisher":"https:\/\/www.facebook.com\/SANOTransportgeraeteBaltics\/","article_modified_time":"2023-12-07T10:07:08+00:00","og_image":[{"width":1101,"height":1500,"url":"https:\/\/hartico.ee\/wp-content\/uploads\/2023\/10\/20230926_AXV_OmniSuit_NB_006.jpg","type":"image\/jpeg"}],"twitter_card":"summary_large_image","twitter_misc":{"Est. reading time":"1 minut\u0117"},"schema":{"@context":"https:\/\/schema.org","@graph":[{"@type":"WebPage","@id":"https:\/\/hartico.ee\/lt\/product\/egzoskeletas-auxivo-omnisuit\/","url":"https:\/\/hartico.ee\/lt\/product\/egzoskeletas-auxivo-omnisuit\/","name":"Egzoskeletas Auxivo OmniSuit - Hartico","isPartOf":{"@id":"https:\/\/hartico.ee\/lt\/#website"},"primaryImageOfPage":{"@id":"https:\/\/hartico.ee\/lt\/product\/egzoskeletas-auxivo-omnisuit\/#primaryimage"},"image":{"@id":"https:\/\/hartico.ee\/lt\/product\/egzoskeletas-auxivo-omnisuit\/#primaryimage"},"thumbnailUrl":"https:\/\/hartico.ee\/wp-content\/uploads\/2023\/10\/20230926_AXV_OmniSuit_NB_006.jpg","datePublished":"2023-10-09T14:04:14+00:00","dateModified":"2023-12-07T10:07:08+00:00","description":"\u201eOmniSuit\u201c yra universalus egzoskeletas, suteikiantis atram\u0105 pe\u010diams ir nugarai, taip pat pakreipus \u012f priek\u012f.","breadcrumb":{"@id":"https:\/\/hartico.ee\/lt\/product\/egzoskeletas-auxivo-omnisuit\/#breadcrumb"},"inLanguage":"lt-LT","potentialAction":[{"@type":"ReadAction","target":["https:\/\/hartico.ee\/lt\/product\/egzoskeletas-auxivo-omnisuit\/"]}]},{"@type":"ImageObject","inLanguage":"lt-LT","@id":"https:\/\/hartico.ee\/lt\/product\/egzoskeletas-auxivo-omnisuit\/#primaryimage","url":"https:\/\/hartico.ee\/wp-content\/uploads\/2023\/10\/20230926_AXV_OmniSuit_NB_006.jpg","contentUrl":"https:\/\/hartico.ee\/wp-content\/uploads\/2023\/10\/20230926_AXV_OmniSuit_NB_006.jpg","width":1101,"height":1500},{"@type":"BreadcrumbList","@id":"https:\/\/hartico.ee\/lt\/product\/egzoskeletas-auxivo-omnisuit\/#breadcrumb","itemListElement":[{"@type":"ListItem","position":1,"name":"Esileht","item":"https:\/\/hartico.ee\/lt\/"},{"@type":"ListItem","position":2,"name":"Prek\u0117s","item":"https:\/\/hartico.ee\/lt\/shop\/"},{"@type":"ListItem","position":3,"name":"Egzoskeletas Auxivo OmniSuit"}]},{"@type":"WebSite","@id":"https:\/\/hartico.ee\/lt\/#website","url":"https:\/\/hartico.ee\/lt\/","name":"Hartico","description":"Lifting and moving systems LIFTKAR, Xetto, Expresso","publisher":{"@id":"https:\/\/hartico.ee\/lt\/#organization"},"potentialAction":[{"@type":"SearchAction","target":{"@type":"EntryPoint","urlTemplate":"https:\/\/hartico.ee\/lt\/?s={search_term_string}"},"query-input":{"@type":"PropertyValueSpecification","valueRequired":true,"valueName":"search_term_string"}}],"inLanguage":"lt-LT"},{"@type":"Organization","@id":"https:\/\/hartico.ee\/lt\/#organization","name":"Hartico","url":"https:\/\/hartico.ee\/lt\/","logo":{"@type":"ImageObject","inLanguage":"lt-LT","@id":"https:\/\/hartico.ee\/lt\/#\/schema\/logo\/image\/","url":"https:\/\/hartico.ee\/wp-content\/uploads\/2018\/11\/hartico_logo_with_slogan_onecolor.svg","contentUrl":"https:\/\/hartico.ee\/wp-content\/uploads\/2018\/11\/hartico_logo_with_slogan_onecolor.svg","width":424,"height":157,"caption":"Hartico"},"image":{"@id":"https:\/\/hartico.ee\/lt\/#\/schema\/logo\/image\/"},"sameAs":["https:\/\/www.facebook.com\/SANOTransportgeraeteBaltics\/"]}]}},"_links":{"self":[{"href":"https:\/\/hartico.ee\/lt\/wp-json\/wp\/v2\/product\/20719","targetHints":{"allow":["GET"]}}],"collection":[{"href":"https:\/\/hartico.ee\/lt\/wp-json\/wp\/v2\/product"}],"about":[{"href":"https:\/\/hartico.ee\/lt\/wp-json\/wp\/v2\/types\/product"}],"wp:featuredmedia":[{"embeddable":true,"href":"https:\/\/hartico.ee\/lt\/wp-json\/wp\/v2\/media\/20695"}],"wp:attachment":[{"href":"https:\/\/hartico.ee\/lt\/wp-json\/wp\/v2\/media?parent=20719"}],"wp:term":[{"taxonomy":"product_brand","embeddable":true,"href":"https:\/\/hartico.ee\/lt\/wp-json\/wp\/v2\/product_brand?post=20719"},{"taxonomy":"product_cat","embeddable":true,"href":"https:\/\/hartico.ee\/lt\/wp-json\/wp\/v2\/product_cat?post=20719"},{"taxonomy":"product_tag","embeddable":true,"href":"https:\/\/hartico.ee\/lt\/wp-json\/wp\/v2\/product_tag?post=20719"}],"curies":[{"name":"wp","href":"https:\/\/api.w.org\/{rel}","templated":true}]}}