{"id":19976,"date":"2023-10-09T09:13:49","date_gmt":"2023-10-09T07:13:49","guid":{"rendered":"https:\/\/hartico.ee\/product\/glass-lifter-upt150\/"},"modified":"2023-10-09T09:13:49","modified_gmt":"2023-10-09T07:13:49","slug":"glass-lifter-upt150","status":"publish","type":"product","link":"https:\/\/hartico.ee\/lt\/product\/glass-lifter-upt150\/","title":{"rendered":"Glass Lifter UPT150"},"content":{"rendered":"<p>The\u00a0Glass Lifter\u00a0<strong>UPT150<\/strong>\u00a0transport helper is a maneuverable 1-man glass installer for\u00a0<strong>doors, windows, glass, metal and wood<\/strong>\u00a0on the construction site.<\/p>\n<ul>\n<li>Max. load\u00a0150 kg<\/li>\n<li>Silicone-free suction plates\u00a0(no marks)<\/li>\n<li>Manual cable winch for lifting and lowering<\/li>\n<li>Uncomplicated and quick assembly\/disassembly<\/li>\n<li>Total width: 713 mm without vacuum system<\/li>\n<li>Total height 1,972 mm<\/li>\n<li>Solid rubber tyres \u00d8 400 mm<\/li>\n<li>Non-slip handle<\/li>\n<li>Own weight approx. 69 kg<\/li>\n<li>Manual side shift (+\/- 55 mm) optional<\/li>\n<\/ul>\n<p>With this versatile assembly machine, transporting building elements is child&#8217;s play and as a window transporter it is not only popular with glaziers. This one-man operated glazing machine provides a reliable, efficient and safe method of handling smooth, non-porous material of any kind, such as glass, metal, stone, plastic, slate, boards or laminate.<\/p>\n<p>This lift is ideal for transporting through doorways and for glazing in small, confined areas.<\/p>\n<p>One person can lift and lower\u00a0<strong>building elements up to 80 kg<\/strong>\u00a0and two persons even\u00a0<strong>up to 150 kg<\/strong>.<\/p>\n<p>The suction unit\u00a0<strong>with two integrated suction plates (\u00f8 232 mm)<\/strong>\u00a0can be rotated 360\u00b0.<\/p>\n<p>The non-slip handles of this glass handler are adjustable in height and length.<\/p>\n<p>With the solid rubber tyres (\u00f8 400 mm), even rough terrain can be safely negotiated.<\/p>\n<p>The UPT150 glass transport trolley can be dismantled quickly and easily to fit into any car boot. Easy transport and assembly of the lifting device by one person guaranteed! The glass lifting device conserves forces during transport and assembly of medium loads.<\/p>\n<figure class=\"wp-block-embed wp-block-embed-youtube is-type-video is-provider-youtube epyt-figure\"><div class=\"wp-block-embed__wrapper\"><iframe loading=\"lazy\"  id=\"_ytid_56713\"  width=\"500\" height=\"300\"  data-origwidth=\"500\" data-origheight=\"300\" src=\"https:\/\/www.youtube.com\/embed\/7N11PDrnVQA?enablejsapi=1&autoplay=0&cc_load_policy=0&cc_lang_pref=&iv_load_policy=1&loop=0&rel=1&fs=1&playsinline=0&autohide=2&theme=dark&color=red&controls=1&disablekb=0&\" class=\"__youtube_prefs__  no-lazyload\" title=\"YouTube player\"  allow=\"fullscreen; accelerometer; autoplay; clipboard-write; encrypted-media; gyroscope; picture-in-picture; web-share\" referrerpolicy=\"strict-origin-when-cross-origin\" allowfullscreen data-no-lazy=\"1\" data-skipgform_ajax_framebjll=\"\"><\/iframe><\/div><\/figure>\n<p>&nbsp;<\/p>\n","protected":false},"excerpt":{"rendered":"<p>The\u00a0Glass Lifter\u00a0UPT150\u00a0transport helper is a maneuverable 1-man glass installer for\u00a0doors, windows, glass, metal and wood\u00a0on the construction site. Max. load\u00a0150 kg Silicone-free suction plates\u00a0(no marks) Manual cable winch for lifting and lowering Uncomplicated and quick assembly\/disassembly Total width: 713 mm without vacuum system Total height 1,972 mm Solid rubber tyres \u00d8 400 mm Non-slip handle [&hellip;]<\/p>\n","protected":false},"featured_media":19777,"template":"","meta":{"_acf_changed":false,"inline_featured_image":false},"product_brand":[],"product_cat":[369],"product_tag":[795,796,797,798],"class_list":{"0":"post-19976","1":"product","2":"type-product","3":"status-publish","4":"has-post-thumbnail","6":"product_cat-tostmistooriistad","7":"product_tag-klaasitostuk-lt","8":"product_tag-mobiilne-klaasitostuk-lt","9":"product_tag-paneelitostuk-lt","10":"product_tag-uksetostuk-lt","12":"first","13":"instock","14":"taxable","15":"shipping-taxable","16":"purchasable","17":"product-type-simple"},"acf":[],"yoast_head":"<!-- This site is optimized with the Yoast SEO plugin v27.3 - https:\/\/yoast.com\/product\/yoast-seo-wordpress\/ -->\n<title>Glass Lifter UPT150 - Hartico<\/title>\n<meta name=\"robots\" content=\"index, follow, max-snippet:-1, max-image-preview:large, max-video-preview:-1\" \/>\n<link rel=\"canonical\" href=\"https:\/\/hartico.ee\/lt\/product\/glass-lifter-upt150\/\" \/>\n<meta property=\"og:locale\" content=\"lt_LT\" \/>\n<meta property=\"og:type\" content=\"article\" \/>\n<meta property=\"og:title\" content=\"Glass Lifter UPT150 - Hartico\" \/>\n<meta property=\"og:description\" content=\"The\u00a0Glass Lifter\u00a0UPT150\u00a0transport helper is a maneuverable 1-man glass installer for\u00a0doors, windows, glass, metal and wood\u00a0on the construction site. Max. load\u00a0150 kg Silicone-free suction plates\u00a0(no marks) Manual cable winch for lifting and lowering Uncomplicated and quick assembly\/disassembly Total width: 713 mm without vacuum system Total height 1,972 mm Solid rubber tyres \u00d8 400 mm Non-slip handle [&hellip;]\" \/>\n<meta property=\"og:url\" content=\"https:\/\/hartico.ee\/lt\/product\/glass-lifter-upt150\/\" \/>\n<meta property=\"og:site_name\" content=\"Hartico\" \/>\n<meta property=\"article:publisher\" content=\"https:\/\/www.facebook.com\/SANOTransportgeraeteBaltics\/\" \/>\n<meta property=\"og:image\" content=\"https:\/\/hartico.ee\/wp-content\/uploads\/2017\/02\/hartico_logo_main.png\" \/>\n\t<meta property=\"og:image:width\" content=\"150\" \/>\n\t<meta property=\"og:image:height\" content=\"42\" \/>\n\t<meta property=\"og:image:type\" content=\"image\/png\" \/>\n<meta name=\"twitter:card\" content=\"summary_large_image\" \/>\n<meta name=\"twitter:label1\" content=\"Est. reading time\" \/>\n\t<meta name=\"twitter:data1\" content=\"1 minut\u0117\" \/>\n<script type=\"application\/ld+json\" class=\"yoast-schema-graph\">{\"@context\":\"https:\\\/\\\/schema.org\",\"@graph\":[{\"@type\":\"WebPage\",\"@id\":\"https:\\\/\\\/hartico.ee\\\/lt\\\/product\\\/glass-lifter-upt150\\\/\",\"url\":\"https:\\\/\\\/hartico.ee\\\/lt\\\/product\\\/glass-lifter-upt150\\\/\",\"name\":\"Glass Lifter UPT150 - Hartico\",\"isPartOf\":{\"@id\":\"https:\\\/\\\/hartico.ee\\\/lt\\\/#website\"},\"primaryImageOfPage\":{\"@id\":\"https:\\\/\\\/hartico.ee\\\/lt\\\/product\\\/glass-lifter-upt150\\\/#primaryimage\"},\"image\":{\"@id\":\"https:\\\/\\\/hartico.ee\\\/lt\\\/product\\\/glass-lifter-upt150\\\/#primaryimage\"},\"thumbnailUrl\":\"https:\\\/\\\/hartico.ee\\\/wp-content\\\/uploads\\\/2023\\\/08\\\/Glass-Lifter-Uplift-UPT_150.webp\",\"datePublished\":\"2023-10-09T07:13:49+00:00\",\"breadcrumb\":{\"@id\":\"https:\\\/\\\/hartico.ee\\\/lt\\\/product\\\/glass-lifter-upt150\\\/#breadcrumb\"},\"inLanguage\":\"lt-LT\",\"potentialAction\":[{\"@type\":\"ReadAction\",\"target\":[\"https:\\\/\\\/hartico.ee\\\/lt\\\/product\\\/glass-lifter-upt150\\\/\"]}]},{\"@type\":\"ImageObject\",\"inLanguage\":\"lt-LT\",\"@id\":\"https:\\\/\\\/hartico.ee\\\/lt\\\/product\\\/glass-lifter-upt150\\\/#primaryimage\",\"url\":\"https:\\\/\\\/hartico.ee\\\/wp-content\\\/uploads\\\/2023\\\/08\\\/Glass-Lifter-Uplift-UPT_150.webp\",\"contentUrl\":\"https:\\\/\\\/hartico.ee\\\/wp-content\\\/uploads\\\/2023\\\/08\\\/Glass-Lifter-Uplift-UPT_150.webp\",\"width\":2460,\"height\":2460,\"caption\":\"Logu uzst\u0101d\u012b\u0161ana Uplifter GlassWorker\"},{\"@type\":\"BreadcrumbList\",\"@id\":\"https:\\\/\\\/hartico.ee\\\/lt\\\/product\\\/glass-lifter-upt150\\\/#breadcrumb\",\"itemListElement\":[{\"@type\":\"ListItem\",\"position\":1,\"name\":\"Esileht\",\"item\":\"https:\\\/\\\/hartico.ee\\\/lt\\\/\"},{\"@type\":\"ListItem\",\"position\":2,\"name\":\"Prek\u0117s\",\"item\":\"https:\\\/\\\/hartico.ee\\\/lt\\\/shop\\\/\"},{\"@type\":\"ListItem\",\"position\":3,\"name\":\"Glass Lifter UPT150\"}]},{\"@type\":\"WebSite\",\"@id\":\"https:\\\/\\\/hartico.ee\\\/lt\\\/#website\",\"url\":\"https:\\\/\\\/hartico.ee\\\/lt\\\/\",\"name\":\"Hartico\",\"description\":\"Lifting and moving systems LIFTKAR, Xetto, Expresso\",\"publisher\":{\"@id\":\"https:\\\/\\\/hartico.ee\\\/lt\\\/#organization\"},\"potentialAction\":[{\"@type\":\"SearchAction\",\"target\":{\"@type\":\"EntryPoint\",\"urlTemplate\":\"https:\\\/\\\/hartico.ee\\\/lt\\\/?s={search_term_string}\"},\"query-input\":{\"@type\":\"PropertyValueSpecification\",\"valueRequired\":true,\"valueName\":\"search_term_string\"}}],\"inLanguage\":\"lt-LT\"},{\"@type\":\"Organization\",\"@id\":\"https:\\\/\\\/hartico.ee\\\/lt\\\/#organization\",\"name\":\"Hartico\",\"url\":\"https:\\\/\\\/hartico.ee\\\/lt\\\/\",\"logo\":{\"@type\":\"ImageObject\",\"inLanguage\":\"lt-LT\",\"@id\":\"https:\\\/\\\/hartico.ee\\\/lt\\\/#\\\/schema\\\/logo\\\/image\\\/\",\"url\":\"https:\\\/\\\/hartico.ee\\\/wp-content\\\/uploads\\\/2018\\\/11\\\/hartico_logo_with_slogan_onecolor.svg\",\"contentUrl\":\"https:\\\/\\\/hartico.ee\\\/wp-content\\\/uploads\\\/2018\\\/11\\\/hartico_logo_with_slogan_onecolor.svg\",\"width\":424,\"height\":157,\"caption\":\"Hartico\"},\"image\":{\"@id\":\"https:\\\/\\\/hartico.ee\\\/lt\\\/#\\\/schema\\\/logo\\\/image\\\/\"},\"sameAs\":[\"https:\\\/\\\/www.facebook.com\\\/SANOTransportgeraeteBaltics\\\/\"]}]}<\/script>\n<!-- \/ Yoast SEO plugin. -->","yoast_head_json":{"title":"Glass Lifter UPT150 - Hartico","robots":{"index":"index","follow":"follow","max-snippet":"max-snippet:-1","max-image-preview":"max-image-preview:large","max-video-preview":"max-video-preview:-1"},"canonical":"https:\/\/hartico.ee\/lt\/product\/glass-lifter-upt150\/","og_locale":"lt_LT","og_type":"article","og_title":"Glass Lifter UPT150 - Hartico","og_description":"The\u00a0Glass Lifter\u00a0UPT150\u00a0transport helper is a maneuverable 1-man glass installer for\u00a0doors, windows, glass, metal and wood\u00a0on the construction site. Max. load\u00a0150 kg Silicone-free suction plates\u00a0(no marks) Manual cable winch for lifting and lowering Uncomplicated and quick assembly\/disassembly Total width: 713 mm without vacuum system Total height 1,972 mm Solid rubber tyres \u00d8 400 mm Non-slip handle [&hellip;]","og_url":"https:\/\/hartico.ee\/lt\/product\/glass-lifter-upt150\/","og_site_name":"Hartico","article_publisher":"https:\/\/www.facebook.com\/SANOTransportgeraeteBaltics\/","og_image":[{"width":150,"height":42,"url":"https:\/\/hartico.ee\/wp-content\/uploads\/2017\/02\/hartico_logo_main.png","type":"image\/png"}],"twitter_card":"summary_large_image","twitter_misc":{"Est. reading time":"1 minut\u0117"},"schema":{"@context":"https:\/\/schema.org","@graph":[{"@type":"WebPage","@id":"https:\/\/hartico.ee\/lt\/product\/glass-lifter-upt150\/","url":"https:\/\/hartico.ee\/lt\/product\/glass-lifter-upt150\/","name":"Glass Lifter UPT150 - Hartico","isPartOf":{"@id":"https:\/\/hartico.ee\/lt\/#website"},"primaryImageOfPage":{"@id":"https:\/\/hartico.ee\/lt\/product\/glass-lifter-upt150\/#primaryimage"},"image":{"@id":"https:\/\/hartico.ee\/lt\/product\/glass-lifter-upt150\/#primaryimage"},"thumbnailUrl":"https:\/\/hartico.ee\/wp-content\/uploads\/2023\/08\/Glass-Lifter-Uplift-UPT_150.webp","datePublished":"2023-10-09T07:13:49+00:00","breadcrumb":{"@id":"https:\/\/hartico.ee\/lt\/product\/glass-lifter-upt150\/#breadcrumb"},"inLanguage":"lt-LT","potentialAction":[{"@type":"ReadAction","target":["https:\/\/hartico.ee\/lt\/product\/glass-lifter-upt150\/"]}]},{"@type":"ImageObject","inLanguage":"lt-LT","@id":"https:\/\/hartico.ee\/lt\/product\/glass-lifter-upt150\/#primaryimage","url":"https:\/\/hartico.ee\/wp-content\/uploads\/2023\/08\/Glass-Lifter-Uplift-UPT_150.webp","contentUrl":"https:\/\/hartico.ee\/wp-content\/uploads\/2023\/08\/Glass-Lifter-Uplift-UPT_150.webp","width":2460,"height":2460,"caption":"Logu uzst\u0101d\u012b\u0161ana Uplifter GlassWorker"},{"@type":"BreadcrumbList","@id":"https:\/\/hartico.ee\/lt\/product\/glass-lifter-upt150\/#breadcrumb","itemListElement":[{"@type":"ListItem","position":1,"name":"Esileht","item":"https:\/\/hartico.ee\/lt\/"},{"@type":"ListItem","position":2,"name":"Prek\u0117s","item":"https:\/\/hartico.ee\/lt\/shop\/"},{"@type":"ListItem","position":3,"name":"Glass Lifter UPT150"}]},{"@type":"WebSite","@id":"https:\/\/hartico.ee\/lt\/#website","url":"https:\/\/hartico.ee\/lt\/","name":"Hartico","description":"Lifting and moving systems LIFTKAR, Xetto, Expresso","publisher":{"@id":"https:\/\/hartico.ee\/lt\/#organization"},"potentialAction":[{"@type":"SearchAction","target":{"@type":"EntryPoint","urlTemplate":"https:\/\/hartico.ee\/lt\/?s={search_term_string}"},"query-input":{"@type":"PropertyValueSpecification","valueRequired":true,"valueName":"search_term_string"}}],"inLanguage":"lt-LT"},{"@type":"Organization","@id":"https:\/\/hartico.ee\/lt\/#organization","name":"Hartico","url":"https:\/\/hartico.ee\/lt\/","logo":{"@type":"ImageObject","inLanguage":"lt-LT","@id":"https:\/\/hartico.ee\/lt\/#\/schema\/logo\/image\/","url":"https:\/\/hartico.ee\/wp-content\/uploads\/2018\/11\/hartico_logo_with_slogan_onecolor.svg","contentUrl":"https:\/\/hartico.ee\/wp-content\/uploads\/2018\/11\/hartico_logo_with_slogan_onecolor.svg","width":424,"height":157,"caption":"Hartico"},"image":{"@id":"https:\/\/hartico.ee\/lt\/#\/schema\/logo\/image\/"},"sameAs":["https:\/\/www.facebook.com\/SANOTransportgeraeteBaltics\/"]}]}},"_links":{"self":[{"href":"https:\/\/hartico.ee\/lt\/wp-json\/wp\/v2\/product\/19976","targetHints":{"allow":["GET"]}}],"collection":[{"href":"https:\/\/hartico.ee\/lt\/wp-json\/wp\/v2\/product"}],"about":[{"href":"https:\/\/hartico.ee\/lt\/wp-json\/wp\/v2\/types\/product"}],"wp:featuredmedia":[{"embeddable":true,"href":"https:\/\/hartico.ee\/lt\/wp-json\/wp\/v2\/media\/19777"}],"wp:attachment":[{"href":"https:\/\/hartico.ee\/lt\/wp-json\/wp\/v2\/media?parent=19976"}],"wp:term":[{"taxonomy":"product_brand","embeddable":true,"href":"https:\/\/hartico.ee\/lt\/wp-json\/wp\/v2\/product_brand?post=19976"},{"taxonomy":"product_cat","embeddable":true,"href":"https:\/\/hartico.ee\/lt\/wp-json\/wp\/v2\/product_cat?post=19976"},{"taxonomy":"product_tag","embeddable":true,"href":"https:\/\/hartico.ee\/lt\/wp-json\/wp\/v2\/product_tag?post=19976"}],"curies":[{"name":"wp","href":"https:\/\/api.w.org\/{rel}","templated":true}]}}