{"id":19345,"date":"2023-03-10T11:26:07","date_gmt":"2023-03-10T09:26:08","guid":{"rendered":"https:\/\/hartico.ee\/?post_type=product&#038;p=19345"},"modified":"2023-08-23T12:10:56","modified_gmt":"2023-08-23T10:10:56","slug":"rieso-atrama-bort-activecolor-sport-1470sp","status":"publish","type":"product","link":"https:\/\/hartico.ee\/lt\/product\/rieso-atrama-bort-activecolor-sport-1470sp\/","title":{"rendered":"Nyk\u0161\u010dio ir rankos atrama ActiveColor\u00ae Sport 1470SP"},"content":{"rendered":"<h3>Nyk\u0161\u010dio ir rankos atrama ActiveColor\u00ae Sport 1470SP<\/h3>\n<p>Galima naudoti aktyviai prie\u0161 numatom\u0105 perkrov\u0105<br \/>\nStabilizuojantis efektas d\u0117l ver\u017eian\u010dio trikota\u017eo audinio<br \/>\nGalima naudoti darbe, laisvalaikiu ar sportuojant<\/p>\n<h5>Produkto privalumai:<\/h5>\n<p>Anatomini\u0173 kont\u016br\u0173 trikota\u017eas<br \/>\nApsi\u016bta nyk\u0161\u010dio anga<br \/>\nReguliuoja dr\u0117gm\u0119 komforto pluo\u0161tu: AQUARIUS<\/p>\n<p>Spalva: juoda\/\u017ealia<\/p>\n<p>Indikacijos: vengti perkrovos, patempim\u0173, patempim\u0173, sudirgim\u0173 d\u0117l nuovargio<\/p>\n<p>Dyd\u017eiai:<\/p>\n<p>S iki 15cm<br \/>\nM 15-17cm<br \/>\nL 17-19 cm<br \/>\nXL 19-21cm<\/p>\n","protected":false},"excerpt":{"rendered":"<p>Nyk\u0161\u010dio ir rankos atrama ActiveColor\u00ae Sport 1470SP Galima naudoti aktyviai prie\u0161 numatom\u0105 perkrov\u0105 Stabilizuojantis efektas d\u0117l ver\u017eian\u010dio trikota\u017eo audinio Galima naudoti darbe, laisvalaikiu ar sportuojant Produkto privalumai: Anatomini\u0173 kont\u016br\u0173 trikota\u017eas Apsi\u016bta nyk\u0161\u010dio anga Reguliuoja dr\u0117gm\u0119 komforto pluo\u0161tu: AQUARIUS Spalva: juoda\/\u017ealia Indikacijos: vengti perkrovos, patempim\u0173, patempim\u0173, sudirgim\u0173 d\u0117l nuovargio Dyd\u017eiai: S iki 15cm M 15-17cm L [&hellip;]<\/p>\n","protected":false},"featured_media":19351,"template":"","meta":{"_acf_changed":false,"inline_featured_image":false},"product_brand":[],"product_cat":[347],"product_tag":[648,649,650,651,652,653],"class_list":{"0":"post-19345","1":"product","2":"type-product","3":"status-publish","4":"has-post-thumbnail","6":"product_cat-podyemnye-instrumenty-ru","7":"product_tag-bort-activecolor-sport-lt","8":"product_tag-hiirekasi-lt","9":"product_tag-kaetugi-lt","10":"product_tag-karpaalkanali-sundroom-lt","11":"product_tag-randmetugi-lt","12":"product_tag-tootervise-abivahend-lt","14":"first","15":"instock","16":"taxable","17":"shipping-taxable","18":"purchasable","19":"product-type-simple"},"acf":[],"yoast_head":"<!-- This site is optimized with the Yoast SEO plugin v27.3 - https:\/\/yoast.com\/product\/yoast-seo-wordpress\/ -->\n<title>Nyk\u0161\u010dio ir rankos atrama ActiveColor\u00ae Sport 1470SP - Hartico<\/title>\n<meta name=\"description\" content=\"Nyk\u0161\u010dio ir rankos atrama ActiveColor\u00ae Sport 1470SP sukurta palaikyti rie\u0161\u0105 ir pla\u0161tak\u0105.ActiveColor porankis palaiko j\u016bs\u0173 rankas sportuojant ar dirbant.\" \/>\n<meta name=\"robots\" content=\"index, follow, max-snippet:-1, max-image-preview:large, max-video-preview:-1\" \/>\n<link rel=\"canonical\" href=\"https:\/\/hartico.ee\/lt\/product\/rieso-atrama-bort-activecolor-sport-1470sp\/\" \/>\n<meta property=\"og:locale\" content=\"lt_LT\" \/>\n<meta property=\"og:type\" content=\"article\" \/>\n<meta property=\"og:title\" content=\"Nyk\u0161\u010dio ir rankos atrama ActiveColor\u00ae Sport 1470SP - Hartico\" \/>\n<meta property=\"og:description\" content=\"Nyk\u0161\u010dio ir rankos atrama ActiveColor\u00ae Sport 1470SP sukurta palaikyti rie\u0161\u0105 ir pla\u0161tak\u0105.ActiveColor porankis palaiko j\u016bs\u0173 rankas sportuojant ar dirbant.\" \/>\n<meta property=\"og:url\" content=\"https:\/\/hartico.ee\/lt\/product\/rieso-atrama-bort-activecolor-sport-1470sp\/\" \/>\n<meta property=\"og:site_name\" content=\"Hartico\" \/>\n<meta property=\"article:publisher\" content=\"https:\/\/www.facebook.com\/SANOTransportgeraeteBaltics\/\" \/>\n<meta property=\"article:modified_time\" content=\"2023-08-23T10:10:56+00:00\" \/>\n<meta property=\"og:image\" content=\"https:\/\/hartico.ee\/wp-content\/uploads\/2023\/03\/Thumb-and-hand-support-BORT-ActiveColor-1470SP.jpg\" \/>\n\t<meta property=\"og:image:width\" content=\"500\" \/>\n\t<meta property=\"og:image:height\" content=\"500\" \/>\n\t<meta property=\"og:image:type\" content=\"image\/jpeg\" \/>\n<meta name=\"twitter:card\" content=\"summary_large_image\" \/>\n<meta name=\"twitter:label1\" content=\"Est. reading time\" \/>\n\t<meta name=\"twitter:data1\" content=\"1 minut\u0117\" \/>\n<script type=\"application\/ld+json\" class=\"yoast-schema-graph\">{\"@context\":\"https:\\\/\\\/schema.org\",\"@graph\":[{\"@type\":\"WebPage\",\"@id\":\"https:\\\/\\\/hartico.ee\\\/lt\\\/product\\\/rieso-atrama-bort-activecolor-sport-1470sp\\\/\",\"url\":\"https:\\\/\\\/hartico.ee\\\/lt\\\/product\\\/rieso-atrama-bort-activecolor-sport-1470sp\\\/\",\"name\":\"Nyk\u0161\u010dio ir rankos atrama ActiveColor\u00ae Sport 1470SP - Hartico\",\"isPartOf\":{\"@id\":\"https:\\\/\\\/hartico.ee\\\/lt\\\/#website\"},\"primaryImageOfPage\":{\"@id\":\"https:\\\/\\\/hartico.ee\\\/lt\\\/product\\\/rieso-atrama-bort-activecolor-sport-1470sp\\\/#primaryimage\"},\"image\":{\"@id\":\"https:\\\/\\\/hartico.ee\\\/lt\\\/product\\\/rieso-atrama-bort-activecolor-sport-1470sp\\\/#primaryimage\"},\"thumbnailUrl\":\"https:\\\/\\\/hartico.ee\\\/wp-content\\\/uploads\\\/2023\\\/03\\\/Thumb-and-hand-support-BORT-ActiveColor-1470SP.jpg\",\"datePublished\":\"2023-03-10T09:26:08+00:00\",\"dateModified\":\"2023-08-23T10:10:56+00:00\",\"description\":\"Nyk\u0161\u010dio ir rankos atrama ActiveColor\u00ae Sport 1470SP sukurta palaikyti rie\u0161\u0105 ir pla\u0161tak\u0105.ActiveColor porankis palaiko j\u016bs\u0173 rankas sportuojant ar dirbant.\",\"breadcrumb\":{\"@id\":\"https:\\\/\\\/hartico.ee\\\/lt\\\/product\\\/rieso-atrama-bort-activecolor-sport-1470sp\\\/#breadcrumb\"},\"inLanguage\":\"lt-LT\",\"potentialAction\":[{\"@type\":\"ReadAction\",\"target\":[\"https:\\\/\\\/hartico.ee\\\/lt\\\/product\\\/rieso-atrama-bort-activecolor-sport-1470sp\\\/\"]}]},{\"@type\":\"ImageObject\",\"inLanguage\":\"lt-LT\",\"@id\":\"https:\\\/\\\/hartico.ee\\\/lt\\\/product\\\/rieso-atrama-bort-activecolor-sport-1470sp\\\/#primaryimage\",\"url\":\"https:\\\/\\\/hartico.ee\\\/wp-content\\\/uploads\\\/2023\\\/03\\\/Thumb-and-hand-support-BORT-ActiveColor-1470SP.jpg\",\"contentUrl\":\"https:\\\/\\\/hartico.ee\\\/wp-content\\\/uploads\\\/2023\\\/03\\\/Thumb-and-hand-support-BORT-ActiveColor-1470SP.jpg\",\"width\":500,\"height\":500},{\"@type\":\"BreadcrumbList\",\"@id\":\"https:\\\/\\\/hartico.ee\\\/lt\\\/product\\\/rieso-atrama-bort-activecolor-sport-1470sp\\\/#breadcrumb\",\"itemListElement\":[{\"@type\":\"ListItem\",\"position\":1,\"name\":\"Esileht\",\"item\":\"https:\\\/\\\/hartico.ee\\\/lt\\\/\"},{\"@type\":\"ListItem\",\"position\":2,\"name\":\"Prek\u0117s\",\"item\":\"https:\\\/\\\/hartico.ee\\\/lt\\\/shop\\\/\"},{\"@type\":\"ListItem\",\"position\":3,\"name\":\"Nyk\u0161\u010dio ir rankos atrama ActiveColor\u00ae Sport 1470SP\"}]},{\"@type\":\"WebSite\",\"@id\":\"https:\\\/\\\/hartico.ee\\\/lt\\\/#website\",\"url\":\"https:\\\/\\\/hartico.ee\\\/lt\\\/\",\"name\":\"Hartico\",\"description\":\"Lifting and moving systems LIFTKAR, Xetto, Expresso\",\"publisher\":{\"@id\":\"https:\\\/\\\/hartico.ee\\\/lt\\\/#organization\"},\"potentialAction\":[{\"@type\":\"SearchAction\",\"target\":{\"@type\":\"EntryPoint\",\"urlTemplate\":\"https:\\\/\\\/hartico.ee\\\/lt\\\/?s={search_term_string}\"},\"query-input\":{\"@type\":\"PropertyValueSpecification\",\"valueRequired\":true,\"valueName\":\"search_term_string\"}}],\"inLanguage\":\"lt-LT\"},{\"@type\":\"Organization\",\"@id\":\"https:\\\/\\\/hartico.ee\\\/lt\\\/#organization\",\"name\":\"Hartico\",\"url\":\"https:\\\/\\\/hartico.ee\\\/lt\\\/\",\"logo\":{\"@type\":\"ImageObject\",\"inLanguage\":\"lt-LT\",\"@id\":\"https:\\\/\\\/hartico.ee\\\/lt\\\/#\\\/schema\\\/logo\\\/image\\\/\",\"url\":\"https:\\\/\\\/hartico.ee\\\/wp-content\\\/uploads\\\/2018\\\/11\\\/hartico_logo_with_slogan_onecolor.svg\",\"contentUrl\":\"https:\\\/\\\/hartico.ee\\\/wp-content\\\/uploads\\\/2018\\\/11\\\/hartico_logo_with_slogan_onecolor.svg\",\"width\":424,\"height\":157,\"caption\":\"Hartico\"},\"image\":{\"@id\":\"https:\\\/\\\/hartico.ee\\\/lt\\\/#\\\/schema\\\/logo\\\/image\\\/\"},\"sameAs\":[\"https:\\\/\\\/www.facebook.com\\\/SANOTransportgeraeteBaltics\\\/\"]}]}<\/script>\n<!-- \/ Yoast SEO plugin. -->","yoast_head_json":{"title":"Nyk\u0161\u010dio ir rankos atrama ActiveColor\u00ae Sport 1470SP - Hartico","description":"Nyk\u0161\u010dio ir rankos atrama ActiveColor\u00ae Sport 1470SP sukurta palaikyti rie\u0161\u0105 ir pla\u0161tak\u0105.ActiveColor porankis palaiko j\u016bs\u0173 rankas sportuojant ar dirbant.","robots":{"index":"index","follow":"follow","max-snippet":"max-snippet:-1","max-image-preview":"max-image-preview:large","max-video-preview":"max-video-preview:-1"},"canonical":"https:\/\/hartico.ee\/lt\/product\/rieso-atrama-bort-activecolor-sport-1470sp\/","og_locale":"lt_LT","og_type":"article","og_title":"Nyk\u0161\u010dio ir rankos atrama ActiveColor\u00ae Sport 1470SP - Hartico","og_description":"Nyk\u0161\u010dio ir rankos atrama ActiveColor\u00ae Sport 1470SP sukurta palaikyti rie\u0161\u0105 ir pla\u0161tak\u0105.ActiveColor porankis palaiko j\u016bs\u0173 rankas sportuojant ar dirbant.","og_url":"https:\/\/hartico.ee\/lt\/product\/rieso-atrama-bort-activecolor-sport-1470sp\/","og_site_name":"Hartico","article_publisher":"https:\/\/www.facebook.com\/SANOTransportgeraeteBaltics\/","article_modified_time":"2023-08-23T10:10:56+00:00","og_image":[{"width":500,"height":500,"url":"https:\/\/hartico.ee\/wp-content\/uploads\/2023\/03\/Thumb-and-hand-support-BORT-ActiveColor-1470SP.jpg","type":"image\/jpeg"}],"twitter_card":"summary_large_image","twitter_misc":{"Est. reading time":"1 minut\u0117"},"schema":{"@context":"https:\/\/schema.org","@graph":[{"@type":"WebPage","@id":"https:\/\/hartico.ee\/lt\/product\/rieso-atrama-bort-activecolor-sport-1470sp\/","url":"https:\/\/hartico.ee\/lt\/product\/rieso-atrama-bort-activecolor-sport-1470sp\/","name":"Nyk\u0161\u010dio ir rankos atrama ActiveColor\u00ae Sport 1470SP - Hartico","isPartOf":{"@id":"https:\/\/hartico.ee\/lt\/#website"},"primaryImageOfPage":{"@id":"https:\/\/hartico.ee\/lt\/product\/rieso-atrama-bort-activecolor-sport-1470sp\/#primaryimage"},"image":{"@id":"https:\/\/hartico.ee\/lt\/product\/rieso-atrama-bort-activecolor-sport-1470sp\/#primaryimage"},"thumbnailUrl":"https:\/\/hartico.ee\/wp-content\/uploads\/2023\/03\/Thumb-and-hand-support-BORT-ActiveColor-1470SP.jpg","datePublished":"2023-03-10T09:26:08+00:00","dateModified":"2023-08-23T10:10:56+00:00","description":"Nyk\u0161\u010dio ir rankos atrama ActiveColor\u00ae Sport 1470SP sukurta palaikyti rie\u0161\u0105 ir pla\u0161tak\u0105.ActiveColor porankis palaiko j\u016bs\u0173 rankas sportuojant ar dirbant.","breadcrumb":{"@id":"https:\/\/hartico.ee\/lt\/product\/rieso-atrama-bort-activecolor-sport-1470sp\/#breadcrumb"},"inLanguage":"lt-LT","potentialAction":[{"@type":"ReadAction","target":["https:\/\/hartico.ee\/lt\/product\/rieso-atrama-bort-activecolor-sport-1470sp\/"]}]},{"@type":"ImageObject","inLanguage":"lt-LT","@id":"https:\/\/hartico.ee\/lt\/product\/rieso-atrama-bort-activecolor-sport-1470sp\/#primaryimage","url":"https:\/\/hartico.ee\/wp-content\/uploads\/2023\/03\/Thumb-and-hand-support-BORT-ActiveColor-1470SP.jpg","contentUrl":"https:\/\/hartico.ee\/wp-content\/uploads\/2023\/03\/Thumb-and-hand-support-BORT-ActiveColor-1470SP.jpg","width":500,"height":500},{"@type":"BreadcrumbList","@id":"https:\/\/hartico.ee\/lt\/product\/rieso-atrama-bort-activecolor-sport-1470sp\/#breadcrumb","itemListElement":[{"@type":"ListItem","position":1,"name":"Esileht","item":"https:\/\/hartico.ee\/lt\/"},{"@type":"ListItem","position":2,"name":"Prek\u0117s","item":"https:\/\/hartico.ee\/lt\/shop\/"},{"@type":"ListItem","position":3,"name":"Nyk\u0161\u010dio ir rankos atrama ActiveColor\u00ae Sport 1470SP"}]},{"@type":"WebSite","@id":"https:\/\/hartico.ee\/lt\/#website","url":"https:\/\/hartico.ee\/lt\/","name":"Hartico","description":"Lifting and moving systems LIFTKAR, Xetto, Expresso","publisher":{"@id":"https:\/\/hartico.ee\/lt\/#organization"},"potentialAction":[{"@type":"SearchAction","target":{"@type":"EntryPoint","urlTemplate":"https:\/\/hartico.ee\/lt\/?s={search_term_string}"},"query-input":{"@type":"PropertyValueSpecification","valueRequired":true,"valueName":"search_term_string"}}],"inLanguage":"lt-LT"},{"@type":"Organization","@id":"https:\/\/hartico.ee\/lt\/#organization","name":"Hartico","url":"https:\/\/hartico.ee\/lt\/","logo":{"@type":"ImageObject","inLanguage":"lt-LT","@id":"https:\/\/hartico.ee\/lt\/#\/schema\/logo\/image\/","url":"https:\/\/hartico.ee\/wp-content\/uploads\/2018\/11\/hartico_logo_with_slogan_onecolor.svg","contentUrl":"https:\/\/hartico.ee\/wp-content\/uploads\/2018\/11\/hartico_logo_with_slogan_onecolor.svg","width":424,"height":157,"caption":"Hartico"},"image":{"@id":"https:\/\/hartico.ee\/lt\/#\/schema\/logo\/image\/"},"sameAs":["https:\/\/www.facebook.com\/SANOTransportgeraeteBaltics\/"]}]}},"_links":{"self":[{"href":"https:\/\/hartico.ee\/lt\/wp-json\/wp\/v2\/product\/19345","targetHints":{"allow":["GET"]}}],"collection":[{"href":"https:\/\/hartico.ee\/lt\/wp-json\/wp\/v2\/product"}],"about":[{"href":"https:\/\/hartico.ee\/lt\/wp-json\/wp\/v2\/types\/product"}],"wp:featuredmedia":[{"embeddable":true,"href":"https:\/\/hartico.ee\/lt\/wp-json\/wp\/v2\/media\/19351"}],"wp:attachment":[{"href":"https:\/\/hartico.ee\/lt\/wp-json\/wp\/v2\/media?parent=19345"}],"wp:term":[{"taxonomy":"product_brand","embeddable":true,"href":"https:\/\/hartico.ee\/lt\/wp-json\/wp\/v2\/product_brand?post=19345"},{"taxonomy":"product_cat","embeddable":true,"href":"https:\/\/hartico.ee\/lt\/wp-json\/wp\/v2\/product_cat?post=19345"},{"taxonomy":"product_tag","embeddable":true,"href":"https:\/\/hartico.ee\/lt\/wp-json\/wp\/v2\/product_tag?post=19345"}],"curies":[{"name":"wp","href":"https:\/\/api.w.org\/{rel}","templated":true}]}}