{"id":18858,"date":"2023-02-02T10:21:05","date_gmt":"2023-02-02T08:21:06","guid":{"rendered":"https:\/\/hartico.ee\/?post_type=product&#038;p=18858"},"modified":"2023-02-15T17:31:18","modified_gmt":"2023-02-15T15:31:18","slug":"fento-apsauginiai-dangteliai","status":"publish","type":"product","link":"https:\/\/hartico.ee\/lt\/product\/fento-apsauginiai-dangteliai\/","title":{"rendered":"FENTO apsauginiai dangteliai"},"content":{"rendered":"<h4>FENTO apsauginiai dangteliai&#8230;<\/h4>\n<p>&#8230;yra specialiai sukurti FENTO ORIGINAL ir FENTO MAX keli\u0173 pagalv\u0117ms, kad tarp keli\u0173 ir kelio nepatekt\u0173 ne\u0161varum\u0173 ar \u017evyro.<br \/>\n\u0160iuos apsauginius dangtelius galima pritvirtinti prie FENTO ORIGINAL arba FENTO MAX keli\u0173 apsaugos.<\/p>\n<p>Privalumai:<\/p>\n<ul>\n<li>Reguliuojama<\/li>\n<li>Atsparus<\/li>\n<li>Plaunamas<\/li>\n<li>Apsaugo naudotoj\u0105 ir keli\u0173 pagalv\u0117l\u0119 nuo purvo ir akmen\u0173.<\/li>\n<\/ul>\n<p>&nbsp;<\/p>\n<figure class=\"wp-block-embed wp-block-embed-youtube is-type-video is-provider-youtube epyt-figure\"><div class=\"wp-block-embed__wrapper\"><iframe loading=\"lazy\"  id=\"_ytid_12687\"  width=\"500\" height=\"300\"  data-origwidth=\"500\" data-origheight=\"300\" src=\"https:\/\/www.youtube.com\/embed\/pwy0p84Osnk?enablejsapi=1&autoplay=0&cc_load_policy=0&cc_lang_pref=&iv_load_policy=1&loop=0&rel=1&fs=1&playsinline=0&autohide=2&theme=dark&color=red&controls=1&disablekb=0&\" class=\"__youtube_prefs__  no-lazyload\" title=\"YouTube player\"  allow=\"fullscreen; accelerometer; autoplay; clipboard-write; encrypted-media; gyroscope; picture-in-picture; web-share\" referrerpolicy=\"strict-origin-when-cross-origin\" allowfullscreen data-no-lazy=\"1\" data-skipgform_ajax_framebjll=\"\"><\/iframe><\/div><\/figure>\n","protected":false},"excerpt":{"rendered":"<p>FENTO apsauginiai dangteliai&#8230; &#8230;yra specialiai sukurti FENTO ORIGINAL ir FENTO MAX keli\u0173 pagalv\u0117ms, kad tarp keli\u0173 ir kelio nepatekt\u0173 ne\u0161varum\u0173 ar \u017evyro. \u0160iuos apsauginius dangtelius galima pritvirtinti prie FENTO ORIGINAL arba FENTO MAX keli\u0173 apsaugos. Privalumai: Reguliuojama Atsparus Plaunamas Apsaugo naudotoj\u0105 ir keli\u0173 pagalv\u0117l\u0119 nuo purvo ir akmen\u0173. &nbsp;<\/p>\n","protected":false},"featured_media":18990,"template":"","meta":{"_acf_changed":false,"inline_featured_image":false},"product_brand":[],"product_cat":[576],"product_tag":[492,481,493],"class_list":{"0":"post-18858","1":"product","2":"type-product","3":"status-publish","4":"has-post-thumbnail","6":"product_cat-fento-keliu-apsaugos","7":"product_tag-fento-lt","8":"product_tag-fento-max-lt","9":"product_tag-fento-original-lt","11":"first","12":"instock","13":"sale","14":"taxable","15":"shipping-taxable","16":"purchasable","17":"product-type-simple"},"acf":[],"yoast_head":"<!-- This site is optimized with the Yoast SEO plugin v27.3 - https:\/\/yoast.com\/product\/yoast-seo-wordpress\/ -->\n<title>FENTO apsauginiai dangteliai - Hartico<\/title>\n<meta name=\"description\" content=\"FENTO apsauginiai dangteliai yra specialiai sukurti FENTO ORIGINAL ir FENTO MAX keli\u0173 pagalv\u0117ms, kad tarp keli\u0173 ir kelio nepatekt\u0173 ne\u0161varum\u0173 ar \u017evyro.\" \/>\n<meta name=\"robots\" content=\"index, follow, max-snippet:-1, max-image-preview:large, max-video-preview:-1\" \/>\n<link rel=\"canonical\" href=\"https:\/\/hartico.ee\/lt\/product\/fento-apsauginiai-dangteliai\/\" \/>\n<meta property=\"og:locale\" content=\"lt_LT\" \/>\n<meta property=\"og:type\" content=\"article\" \/>\n<meta property=\"og:title\" content=\"FENTO apsauginiai dangteliai - Hartico\" \/>\n<meta property=\"og:description\" content=\"FENTO apsauginiai dangteliai yra specialiai sukurti FENTO ORIGINAL ir FENTO MAX keli\u0173 pagalv\u0117ms, kad tarp keli\u0173 ir kelio nepatekt\u0173 ne\u0161varum\u0173 ar \u017evyro.\" \/>\n<meta property=\"og:url\" content=\"https:\/\/hartico.ee\/lt\/product\/fento-apsauginiai-dangteliai\/\" \/>\n<meta property=\"og:site_name\" content=\"Hartico\" \/>\n<meta property=\"article:publisher\" content=\"https:\/\/www.facebook.com\/SANOTransportgeraeteBaltics\/\" \/>\n<meta property=\"article:modified_time\" content=\"2023-02-15T15:31:18+00:00\" \/>\n<meta property=\"og:image\" content=\"https:\/\/hartico.ee\/wp-content\/uploads\/2023\/02\/FENTO-Original-and-MAX-Covers.jpg\" \/>\n\t<meta property=\"og:image:width\" content=\"1280\" \/>\n\t<meta property=\"og:image:height\" content=\"904\" \/>\n\t<meta property=\"og:image:type\" content=\"image\/jpeg\" \/>\n<meta name=\"twitter:card\" content=\"summary_large_image\" \/>\n<meta name=\"twitter:label1\" content=\"Est. reading time\" \/>\n\t<meta name=\"twitter:data1\" content=\"1 minut\u0117\" \/>\n<script type=\"application\/ld+json\" class=\"yoast-schema-graph\">{\"@context\":\"https:\\\/\\\/schema.org\",\"@graph\":[{\"@type\":\"WebPage\",\"@id\":\"https:\\\/\\\/hartico.ee\\\/lt\\\/product\\\/fento-apsauginiai-dangteliai\\\/\",\"url\":\"https:\\\/\\\/hartico.ee\\\/lt\\\/product\\\/fento-apsauginiai-dangteliai\\\/\",\"name\":\"FENTO apsauginiai dangteliai - Hartico\",\"isPartOf\":{\"@id\":\"https:\\\/\\\/hartico.ee\\\/lt\\\/#website\"},\"primaryImageOfPage\":{\"@id\":\"https:\\\/\\\/hartico.ee\\\/lt\\\/product\\\/fento-apsauginiai-dangteliai\\\/#primaryimage\"},\"image\":{\"@id\":\"https:\\\/\\\/hartico.ee\\\/lt\\\/product\\\/fento-apsauginiai-dangteliai\\\/#primaryimage\"},\"thumbnailUrl\":\"https:\\\/\\\/hartico.ee\\\/wp-content\\\/uploads\\\/2023\\\/02\\\/FENTO-Original-and-MAX-Covers.jpg\",\"datePublished\":\"2023-02-02T08:21:06+00:00\",\"dateModified\":\"2023-02-15T15:31:18+00:00\",\"description\":\"FENTO apsauginiai dangteliai yra specialiai sukurti FENTO ORIGINAL ir FENTO MAX keli\u0173 pagalv\u0117ms, kad tarp keli\u0173 ir kelio nepatekt\u0173 ne\u0161varum\u0173 ar \u017evyro.\",\"breadcrumb\":{\"@id\":\"https:\\\/\\\/hartico.ee\\\/lt\\\/product\\\/fento-apsauginiai-dangteliai\\\/#breadcrumb\"},\"inLanguage\":\"lt-LT\",\"potentialAction\":[{\"@type\":\"ReadAction\",\"target\":[\"https:\\\/\\\/hartico.ee\\\/lt\\\/product\\\/fento-apsauginiai-dangteliai\\\/\"]}]},{\"@type\":\"ImageObject\",\"inLanguage\":\"lt-LT\",\"@id\":\"https:\\\/\\\/hartico.ee\\\/lt\\\/product\\\/fento-apsauginiai-dangteliai\\\/#primaryimage\",\"url\":\"https:\\\/\\\/hartico.ee\\\/wp-content\\\/uploads\\\/2023\\\/02\\\/FENTO-Original-and-MAX-Covers.jpg\",\"contentUrl\":\"https:\\\/\\\/hartico.ee\\\/wp-content\\\/uploads\\\/2023\\\/02\\\/FENTO-Original-and-MAX-Covers.jpg\",\"width\":1280,\"height\":904,\"caption\":\"FENTO apsauginiai dangteliai 3 Hartico\"},{\"@type\":\"BreadcrumbList\",\"@id\":\"https:\\\/\\\/hartico.ee\\\/lt\\\/product\\\/fento-apsauginiai-dangteliai\\\/#breadcrumb\",\"itemListElement\":[{\"@type\":\"ListItem\",\"position\":1,\"name\":\"Esileht\",\"item\":\"https:\\\/\\\/hartico.ee\\\/lt\\\/\"},{\"@type\":\"ListItem\",\"position\":2,\"name\":\"Prek\u0117s\",\"item\":\"https:\\\/\\\/hartico.ee\\\/lt\\\/shop\\\/\"},{\"@type\":\"ListItem\",\"position\":3,\"name\":\"FENTO apsauginiai dangteliai\"}]},{\"@type\":\"WebSite\",\"@id\":\"https:\\\/\\\/hartico.ee\\\/lt\\\/#website\",\"url\":\"https:\\\/\\\/hartico.ee\\\/lt\\\/\",\"name\":\"Hartico\",\"description\":\"Lifting and moving systems LIFTKAR, Xetto, Expresso\",\"publisher\":{\"@id\":\"https:\\\/\\\/hartico.ee\\\/lt\\\/#organization\"},\"potentialAction\":[{\"@type\":\"SearchAction\",\"target\":{\"@type\":\"EntryPoint\",\"urlTemplate\":\"https:\\\/\\\/hartico.ee\\\/lt\\\/?s={search_term_string}\"},\"query-input\":{\"@type\":\"PropertyValueSpecification\",\"valueRequired\":true,\"valueName\":\"search_term_string\"}}],\"inLanguage\":\"lt-LT\"},{\"@type\":\"Organization\",\"@id\":\"https:\\\/\\\/hartico.ee\\\/lt\\\/#organization\",\"name\":\"Hartico\",\"url\":\"https:\\\/\\\/hartico.ee\\\/lt\\\/\",\"logo\":{\"@type\":\"ImageObject\",\"inLanguage\":\"lt-LT\",\"@id\":\"https:\\\/\\\/hartico.ee\\\/lt\\\/#\\\/schema\\\/logo\\\/image\\\/\",\"url\":\"https:\\\/\\\/hartico.ee\\\/wp-content\\\/uploads\\\/2018\\\/11\\\/hartico_logo_with_slogan_onecolor.svg\",\"contentUrl\":\"https:\\\/\\\/hartico.ee\\\/wp-content\\\/uploads\\\/2018\\\/11\\\/hartico_logo_with_slogan_onecolor.svg\",\"width\":424,\"height\":157,\"caption\":\"Hartico\"},\"image\":{\"@id\":\"https:\\\/\\\/hartico.ee\\\/lt\\\/#\\\/schema\\\/logo\\\/image\\\/\"},\"sameAs\":[\"https:\\\/\\\/www.facebook.com\\\/SANOTransportgeraeteBaltics\\\/\"]}]}<\/script>\n<!-- \/ Yoast SEO plugin. -->","yoast_head_json":{"title":"FENTO apsauginiai dangteliai - Hartico","description":"FENTO apsauginiai dangteliai yra specialiai sukurti FENTO ORIGINAL ir FENTO MAX keli\u0173 pagalv\u0117ms, kad tarp keli\u0173 ir kelio nepatekt\u0173 ne\u0161varum\u0173 ar \u017evyro.","robots":{"index":"index","follow":"follow","max-snippet":"max-snippet:-1","max-image-preview":"max-image-preview:large","max-video-preview":"max-video-preview:-1"},"canonical":"https:\/\/hartico.ee\/lt\/product\/fento-apsauginiai-dangteliai\/","og_locale":"lt_LT","og_type":"article","og_title":"FENTO apsauginiai dangteliai - Hartico","og_description":"FENTO apsauginiai dangteliai yra specialiai sukurti FENTO ORIGINAL ir FENTO MAX keli\u0173 pagalv\u0117ms, kad tarp keli\u0173 ir kelio nepatekt\u0173 ne\u0161varum\u0173 ar \u017evyro.","og_url":"https:\/\/hartico.ee\/lt\/product\/fento-apsauginiai-dangteliai\/","og_site_name":"Hartico","article_publisher":"https:\/\/www.facebook.com\/SANOTransportgeraeteBaltics\/","article_modified_time":"2023-02-15T15:31:18+00:00","og_image":[{"width":1280,"height":904,"url":"https:\/\/hartico.ee\/wp-content\/uploads\/2023\/02\/FENTO-Original-and-MAX-Covers.jpg","type":"image\/jpeg"}],"twitter_card":"summary_large_image","twitter_misc":{"Est. reading time":"1 minut\u0117"},"schema":{"@context":"https:\/\/schema.org","@graph":[{"@type":"WebPage","@id":"https:\/\/hartico.ee\/lt\/product\/fento-apsauginiai-dangteliai\/","url":"https:\/\/hartico.ee\/lt\/product\/fento-apsauginiai-dangteliai\/","name":"FENTO apsauginiai dangteliai - Hartico","isPartOf":{"@id":"https:\/\/hartico.ee\/lt\/#website"},"primaryImageOfPage":{"@id":"https:\/\/hartico.ee\/lt\/product\/fento-apsauginiai-dangteliai\/#primaryimage"},"image":{"@id":"https:\/\/hartico.ee\/lt\/product\/fento-apsauginiai-dangteliai\/#primaryimage"},"thumbnailUrl":"https:\/\/hartico.ee\/wp-content\/uploads\/2023\/02\/FENTO-Original-and-MAX-Covers.jpg","datePublished":"2023-02-02T08:21:06+00:00","dateModified":"2023-02-15T15:31:18+00:00","description":"FENTO apsauginiai dangteliai yra specialiai sukurti FENTO ORIGINAL ir FENTO MAX keli\u0173 pagalv\u0117ms, kad tarp keli\u0173 ir kelio nepatekt\u0173 ne\u0161varum\u0173 ar \u017evyro.","breadcrumb":{"@id":"https:\/\/hartico.ee\/lt\/product\/fento-apsauginiai-dangteliai\/#breadcrumb"},"inLanguage":"lt-LT","potentialAction":[{"@type":"ReadAction","target":["https:\/\/hartico.ee\/lt\/product\/fento-apsauginiai-dangteliai\/"]}]},{"@type":"ImageObject","inLanguage":"lt-LT","@id":"https:\/\/hartico.ee\/lt\/product\/fento-apsauginiai-dangteliai\/#primaryimage","url":"https:\/\/hartico.ee\/wp-content\/uploads\/2023\/02\/FENTO-Original-and-MAX-Covers.jpg","contentUrl":"https:\/\/hartico.ee\/wp-content\/uploads\/2023\/02\/FENTO-Original-and-MAX-Covers.jpg","width":1280,"height":904,"caption":"FENTO apsauginiai dangteliai 3 Hartico"},{"@type":"BreadcrumbList","@id":"https:\/\/hartico.ee\/lt\/product\/fento-apsauginiai-dangteliai\/#breadcrumb","itemListElement":[{"@type":"ListItem","position":1,"name":"Esileht","item":"https:\/\/hartico.ee\/lt\/"},{"@type":"ListItem","position":2,"name":"Prek\u0117s","item":"https:\/\/hartico.ee\/lt\/shop\/"},{"@type":"ListItem","position":3,"name":"FENTO apsauginiai dangteliai"}]},{"@type":"WebSite","@id":"https:\/\/hartico.ee\/lt\/#website","url":"https:\/\/hartico.ee\/lt\/","name":"Hartico","description":"Lifting and moving systems LIFTKAR, Xetto, Expresso","publisher":{"@id":"https:\/\/hartico.ee\/lt\/#organization"},"potentialAction":[{"@type":"SearchAction","target":{"@type":"EntryPoint","urlTemplate":"https:\/\/hartico.ee\/lt\/?s={search_term_string}"},"query-input":{"@type":"PropertyValueSpecification","valueRequired":true,"valueName":"search_term_string"}}],"inLanguage":"lt-LT"},{"@type":"Organization","@id":"https:\/\/hartico.ee\/lt\/#organization","name":"Hartico","url":"https:\/\/hartico.ee\/lt\/","logo":{"@type":"ImageObject","inLanguage":"lt-LT","@id":"https:\/\/hartico.ee\/lt\/#\/schema\/logo\/image\/","url":"https:\/\/hartico.ee\/wp-content\/uploads\/2018\/11\/hartico_logo_with_slogan_onecolor.svg","contentUrl":"https:\/\/hartico.ee\/wp-content\/uploads\/2018\/11\/hartico_logo_with_slogan_onecolor.svg","width":424,"height":157,"caption":"Hartico"},"image":{"@id":"https:\/\/hartico.ee\/lt\/#\/schema\/logo\/image\/"},"sameAs":["https:\/\/www.facebook.com\/SANOTransportgeraeteBaltics\/"]}]}},"_links":{"self":[{"href":"https:\/\/hartico.ee\/lt\/wp-json\/wp\/v2\/product\/18858","targetHints":{"allow":["GET"]}}],"collection":[{"href":"https:\/\/hartico.ee\/lt\/wp-json\/wp\/v2\/product"}],"about":[{"href":"https:\/\/hartico.ee\/lt\/wp-json\/wp\/v2\/types\/product"}],"wp:featuredmedia":[{"embeddable":true,"href":"https:\/\/hartico.ee\/lt\/wp-json\/wp\/v2\/media\/18990"}],"wp:attachment":[{"href":"https:\/\/hartico.ee\/lt\/wp-json\/wp\/v2\/media?parent=18858"}],"wp:term":[{"taxonomy":"product_brand","embeddable":true,"href":"https:\/\/hartico.ee\/lt\/wp-json\/wp\/v2\/product_brand?post=18858"},{"taxonomy":"product_cat","embeddable":true,"href":"https:\/\/hartico.ee\/lt\/wp-json\/wp\/v2\/product_cat?post=18858"},{"taxonomy":"product_tag","embeddable":true,"href":"https:\/\/hartico.ee\/lt\/wp-json\/wp\/v2\/product_tag?post=18858"}],"curies":[{"name":"wp","href":"https:\/\/api.w.org\/{rel}","templated":true}]}}